{"id":58252,"date":"2024-10-17T17:26:16","date_gmt":"2024-10-17T14:26:16","guid":{"rendered":"https:\/\/www.biopapa.lt\/?post_type=product&#038;p=58252"},"modified":"2026-02-10T15:49:42","modified_gmt":"2026-02-10T13:49:42","slug":"organicheskiy-tsvetnoy-perets-goroshkom","status":"publish","type":"product","link":"https:\/\/www.biopapa.lt\/ru\/produktas\/organicheskiy-tsvetnoy-perets-goroshkom\/","title":{"rendered":"\u041e\u0440\u0433\u0430\u043d\u0438\u0447\u0435\u0441\u043a\u0438\u0439 \u0446\u0432\u0435\u0442\u043d\u043e\u0439 \u043f\u0435\u0440\u0435\u0446 \u0433\u043e\u0440\u043e\u0448\u043a\u043e\u043c"},"content":{"rendered":"<p>\u0421\u043c\u0435\u0441\u044c \u0447\u0435\u0440\u043d\u043e\u0433\u043e, \u0431\u0435\u043b\u043e\u0433\u043e, \u0440\u043e\u0437\u043e\u0432\u043e\u0433\u043e \u0438 \u0437\u0435\u043b\u0435\u043d\u043e\u0433\u043e \u043f\u0435\u0440\u0446\u0430 \u043f\u0440\u0438\u0434\u0430\u0435\u0442 \u044f\u0440\u043a\u0438\u0439, \u043c\u043d\u043e\u0433\u043e\u0433\u0440\u0430\u043d\u043d\u044b\u0439 \u0432\u043a\u0443\u0441 \u0431\u043b\u044e\u0434\u0430\u043c \u043d\u0430 \u043e\u0441\u043d\u043e\u0432\u0435 \u0440\u0430\u0441\u0442\u0435\u043d\u0438\u0439. \u041a\u0430\u0436\u0434\u044b\u0439 \u0432\u0438\u0434 \u043f\u0435\u0440\u0446\u0430 \u043e\u0431\u043b\u0430\u0434\u0430\u0435\u0442 \u0441\u0432\u043e\u0438\u043c\u0438 \u0443\u043d\u0438\u043a\u0430\u043b\u044c\u043d\u044b\u043c\u0438 \u0441\u0432\u043e\u0439\u0441\u0442\u0432\u0430\u043c\u0438: \u0447\u0435\u0440\u043d\u044b\u0439 \u043f\u0435\u0440\u0435\u0446 &#8212; \u043e\u0441\u0442\u0440\u044b\u0439 \u0438 \u0437\u0435\u043c\u043b\u0438\u0441\u0442\u044b\u0439, \u0431\u0435\u043b\u044b\u0439 \u043f\u0435\u0440\u0435\u0446 &#8212; \u0431\u043e\u043b\u0435\u0435 \u043c\u044f\u0433\u043a\u0438\u0439 \u0438 \u043d\u0435\u0436\u043d\u044b\u0439, \u0440\u043e\u0437\u043e\u0432\u044b\u0439 \u043f\u0435\u0440\u0435\u0446 &#8212; \u0441\u043b\u0435\u0433\u043a\u0430 \u0441\u043b\u0430\u0434\u043a\u043e\u0432\u0430\u0442\u044b\u0439, \u0430 \u0437\u0435\u043b\u0435\u043d\u044b\u0439 \u043f\u0435\u0440\u0435\u0446 \u043e\u0431\u043b\u0430\u0434\u0430\u0435\u0442 \u0441\u0432\u0435\u0436\u0438\u043c\u0438 \u0442\u0440\u0430\u0432\u044f\u043d\u044b\u043c\u0438 \u043d\u043e\u0442\u043a\u0430\u043c\u0438.<\/p>\n<p>\u042d\u0442\u0443 \u0441\u043c\u0435\u0441\u044c \u043c\u043e\u0436\u043d\u043e \u0438\u0441\u043f\u043e\u043b\u044c\u0437\u043e\u0432\u0430\u0442\u044c \u0434\u043b\u044f \u0430\u0440\u043e\u043c\u0430\u0442\u0438\u0437\u0430\u0446\u0438\u0438 \u0441\u0443\u043f\u043e\u0432, \u0442\u0443\u0448\u0435\u043d\u044b\u0445 \u0431\u043b\u044e\u0434, \u0437\u0430\u043f\u0435\u0447\u0435\u043d\u043d\u044b\u0445 \u043e\u0432\u043e\u0449\u0435\u0439, \u0441\u0430\u043b\u0430\u0442\u043d\u044b\u0445 \u0437\u0430\u043f\u0440\u0430\u0432\u043e\u043a \u0438\u043b\u0438 \u0431\u043b\u044e\u0434 \u0432 \u0432\u043e\u043a\u0435. \u041e\u043d \u043e\u0441\u043e\u0431\u0435\u043d\u043d\u043e \u0445\u043e\u0440\u043e\u0448\u043e \u0441\u043e\u0447\u0435\u0442\u0430\u0435\u0442\u0441\u044f \u0441 \u0432\u0435\u0433\u0430\u043d\u0441\u043a\u0438\u043c\u0438 \u0441\u043e\u0443\u0441\u0430\u043c\u0438, \u043d\u0430\u043f\u0440\u0438\u043c\u0435\u0440, \u0441 \u0441\u043e\u0443\u0441\u0430\u043c\u0438 \u0438\u0437 \u043a\u0435\u0448\u044c\u044e \u0438\u043b\u0438 \u043a\u0443\u043d\u0436\u0443\u0442\u043d\u043e\u0439 \u043f\u0430\u0441\u0442\u044b, \u0434\u043e\u0431\u0430\u0432\u043b\u044f\u044f \u0433\u043b\u0443\u0431\u0438\u043d\u0443, \u043d\u043e \u043d\u0435 \u043f\u043e\u0434\u0430\u0432\u043b\u044f\u044f \u043e\u0441\u043d\u043e\u0432\u043d\u043e\u0439 \u0432\u043a\u0443\u0441. \u042d\u0442\u0430 \u0441\u043c\u0435\u0441\u044c \u0442\u0430\u043a\u0436\u0435 \u0438\u0434\u0435\u0430\u043b\u044c\u043d\u043e \u0441\u043e\u0447\u0435\u0442\u0430\u0435\u0442\u0441\u044f \u0441 \u0447\u0435\u0447\u0435\u0432\u0438\u0446\u0435\u0439, \u0442\u043e\u0444\u0443 \u0438 \u0437\u0435\u0440\u043d\u043e\u0432\u044b\u043c\u0438, \u0440\u0430\u0441\u043a\u0440\u044b\u0432\u0430\u044f \u0435\u0441\u0442\u0435\u0441\u0442\u0432\u0435\u043d\u043d\u044b\u0439 \u0432\u043a\u0443\u0441 \u0440\u0430\u0441\u0442\u0438\u0442\u0435\u043b\u044c\u043d\u044b\u0445 \u0438\u043d\u0433\u0440\u0435\u0434\u0438\u0435\u043d\u0442\u043e\u0432 \u0438 \u043f\u0440\u0438\u0434\u0430\u0432\u0430\u044f \u0431\u043b\u044e\u0434\u0430\u043c \u0430\u0440\u043e\u043c\u0430\u0442\u043d\u044b\u0439 \u0438 \u043f\u0440\u0438\u044f\u0442\u043d\u044b\u0439 \u0432\u043a\u0443\u0441.<\/p>\n<p>&nbsp;<\/p>\n","protected":false},"excerpt":{"rendered":"<p>\u0421\u043c\u0435\u0441\u044c \u0447\u0435\u0440\u043d\u043e\u0433\u043e, \u0431\u0435\u043b\u043e\u0433\u043e, \u0440\u043e\u0437\u043e\u0432\u043e\u0433\u043e \u0438 \u0437\u0435\u043b\u0435\u043d\u043e\u0433\u043e \u043f\u0435\u0440\u0446\u0430 \u043f\u0440\u0438\u0434\u0430\u0435\u0442 \u044f\u0440\u043a\u0438\u0439, \u043c\u043d\u043e\u0433\u043e\u0433\u0440\u0430\u043d\u043d\u044b\u0439 \u0432\u043a\u0443\u0441 \u0431\u043b\u044e\u0434\u0430\u043c \u043d\u0430 \u043e\u0441\u043d\u043e\u0432\u0435 \u0440\u0430\u0441\u0442\u0435\u043d\u0438\u0439. \u041a\u0430\u0436\u0434\u044b\u0439 \u0432\u0438\u0434 \u043f\u0435\u0440\u0446\u0430 \u043e\u0431\u043b\u0430\u0434\u0430\u0435\u0442 \u0441\u0432\u043e\u0438\u043c\u0438<\/p>\n","protected":false},"featured_media":58266,"template":"","meta":{"_acf_changed":false},"product_brand":[],"product_cat":[2000],"product_tag":[2506],"class_list":{"0":"post-58252","1":"product","2":"type-product","3":"status-publish","4":"has-post-thumbnail","6":"product_cat-c","7":"product_tag-veganams-ru","8":"pa_svoris-25-g-ru","9":"pa_svoris-50-g-ru","10":"pa_svoris-100-g-ru-2","11":"pa_svoris-200-g-ru","12":"pa_svoris-300-g-ru","13":"pa_svoris-400-g-ru","14":"pa_svoris-500-g-ru-2","15":"pa_svoris-1-kg-ru-2","16":"pa_svoris-5-kg-ru","18":"first","19":"instock","20":"shipping-taxable","21":"purchasable","22":"product-type-variable"},"acf":[],"yoast_head":"<!-- This site is optimized with the Yoast SEO plugin v27.3 - https:\/\/yoast.com\/product\/yoast-seo-wordpress\/ -->\n<title>\u041e\u0440\u0433\u0430\u043d\u0438\u0447\u0435\u0441\u043a\u0438\u0439 \u0446\u0432\u0435\u0442\u043d\u043e\u0439 \u043f\u0435\u0440\u0435\u0446 \u0433\u043e\u0440\u043e\u0448\u043a\u043e\u043c - Biopapa<\/title>\n<meta name=\"description\" content=\"\u0421\u043c\u0435\u0441\u044c \u0447\u0435\u0440\u043d\u043e\u0433\u043e, \u0431\u0435\u043b\u043e\u0433\u043e, \u0440\u043e\u0437\u043e\u0432\u043e\u0433\u043e \u0438 \u0437\u0435\u043b\u0435\u043d\u043e\u0433\u043e \u043f\u0435\u0440\u0446\u0430 \u043f\u0440\u0438\u0434\u0430\u0435\u0442 \u044f\u0440\u043a\u0438\u0439, \u043c\u043d\u043e\u0433\u043e\u0433\u0440\u0430\u043d\u043d\u044b\u0439 \u0432\u043a\u0443\u0441 \u0431\u043b\u044e\u0434\u0430\u043c \u043d\u0430 \u043e\u0441\u043d\u043e\u0432\u0435 \u0440\u0430\u0441\u0442\u0435\u043d\u0438\u0439.\" \/>\n<meta name=\"robots\" content=\"index, follow, max-snippet:-1, max-image-preview:large, max-video-preview:-1\" \/>\n<link rel=\"canonical\" href=\"https:\/\/www.biopapa.lt\/ru\/produktas\/organicheskiy-tsvetnoy-perets-goroshkom\/\" \/>\n<meta property=\"og:locale\" content=\"ru_RU\" \/>\n<meta property=\"og:type\" content=\"article\" \/>\n<meta property=\"og:title\" content=\"\u041e\u0440\u0433\u0430\u043d\u0438\u0447\u0435\u0441\u043a\u0438\u0439 \u0446\u0432\u0435\u0442\u043d\u043e\u0439 \u043f\u0435\u0440\u0435\u0446 \u0433\u043e\u0440\u043e\u0448\u043a\u043e\u043c - Biopapa\" \/>\n<meta property=\"og:description\" content=\"\u0421\u043c\u0435\u0441\u044c \u0447\u0435\u0440\u043d\u043e\u0433\u043e, \u0431\u0435\u043b\u043e\u0433\u043e, \u0440\u043e\u0437\u043e\u0432\u043e\u0433\u043e \u0438 \u0437\u0435\u043b\u0435\u043d\u043e\u0433\u043e \u043f\u0435\u0440\u0446\u0430 \u043f\u0440\u0438\u0434\u0430\u0435\u0442 \u044f\u0440\u043a\u0438\u0439, \u043c\u043d\u043e\u0433\u043e\u0433\u0440\u0430\u043d\u043d\u044b\u0439 \u0432\u043a\u0443\u0441 \u0431\u043b\u044e\u0434\u0430\u043c \u043d\u0430 \u043e\u0441\u043d\u043e\u0432\u0435 \u0440\u0430\u0441\u0442\u0435\u043d\u0438\u0439.\" \/>\n<meta property=\"og:url\" content=\"https:\/\/www.biopapa.lt\/ru\/produktas\/organicheskiy-tsvetnoy-perets-goroshkom\/\" \/>\n<meta property=\"og:site_name\" content=\"Biopapa\" \/>\n<meta property=\"article:publisher\" content=\"https:\/\/www.facebook.com\/biopapa.lt\" \/>\n<meta property=\"article:modified_time\" content=\"2026-02-10T13:49:42+00:00\" \/>\n<meta property=\"og:image\" content=\"https:\/\/www.biopapa.lt\/wp-content\/uploads\/2024\/10\/Ekologiski-spalvoti-pipirai-grudeliais.jpg\" \/>\n\t<meta property=\"og:image:width\" content=\"800\" \/>\n\t<meta property=\"og:image:height\" content=\"640\" \/>\n\t<meta property=\"og:image:type\" content=\"image\/jpeg\" \/>\n<meta name=\"twitter:card\" content=\"summary_large_image\" \/>\n<script type=\"application\/ld+json\" class=\"yoast-schema-graph\">{\"@context\":\"https:\\\/\\\/schema.org\",\"@graph\":[{\"@type\":\"WebPage\",\"@id\":\"https:\\\/\\\/www.biopapa.lt\\\/ru\\\/produktas\\\/organicheskiy-tsvetnoy-perets-goroshkom\\\/\",\"url\":\"https:\\\/\\\/www.biopapa.lt\\\/ru\\\/produktas\\\/organicheskiy-tsvetnoy-perets-goroshkom\\\/\",\"name\":\"\u041e\u0440\u0433\u0430\u043d\u0438\u0447\u0435\u0441\u043a\u0438\u0439 \u0446\u0432\u0435\u0442\u043d\u043e\u0439 \u043f\u0435\u0440\u0435\u0446 \u0433\u043e\u0440\u043e\u0448\u043a\u043e\u043c - Biopapa\",\"isPartOf\":{\"@id\":\"https:\\\/\\\/www.biopapa.lt\\\/#website\"},\"primaryImageOfPage\":{\"@id\":\"https:\\\/\\\/www.biopapa.lt\\\/ru\\\/produktas\\\/organicheskiy-tsvetnoy-perets-goroshkom\\\/#primaryimage\"},\"image\":{\"@id\":\"https:\\\/\\\/www.biopapa.lt\\\/ru\\\/produktas\\\/organicheskiy-tsvetnoy-perets-goroshkom\\\/#primaryimage\"},\"thumbnailUrl\":\"https:\\\/\\\/www.biopapa.lt\\\/wp-content\\\/uploads\\\/2024\\\/10\\\/Ekologiski-spalvoti-pipirai-grudeliais.jpg\",\"datePublished\":\"2024-10-17T14:26:16+00:00\",\"dateModified\":\"2026-02-10T13:49:42+00:00\",\"description\":\"\u0421\u043c\u0435\u0441\u044c \u0447\u0435\u0440\u043d\u043e\u0433\u043e, \u0431\u0435\u043b\u043e\u0433\u043e, \u0440\u043e\u0437\u043e\u0432\u043e\u0433\u043e \u0438 \u0437\u0435\u043b\u0435\u043d\u043e\u0433\u043e \u043f\u0435\u0440\u0446\u0430 \u043f\u0440\u0438\u0434\u0430\u0435\u0442 \u044f\u0440\u043a\u0438\u0439, \u043c\u043d\u043e\u0433\u043e\u0433\u0440\u0430\u043d\u043d\u044b\u0439 \u0432\u043a\u0443\u0441 \u0431\u043b\u044e\u0434\u0430\u043c \u043d\u0430 \u043e\u0441\u043d\u043e\u0432\u0435 \u0440\u0430\u0441\u0442\u0435\u043d\u0438\u0439.\",\"breadcrumb\":{\"@id\":\"https:\\\/\\\/www.biopapa.lt\\\/ru\\\/produktas\\\/organicheskiy-tsvetnoy-perets-goroshkom\\\/#breadcrumb\"},\"inLanguage\":\"ru-RU\",\"potentialAction\":[{\"@type\":\"ReadAction\",\"target\":[\"https:\\\/\\\/www.biopapa.lt\\\/ru\\\/produktas\\\/organicheskiy-tsvetnoy-perets-goroshkom\\\/\"]}]},{\"@type\":\"ImageObject\",\"inLanguage\":\"ru-RU\",\"@id\":\"https:\\\/\\\/www.biopapa.lt\\\/ru\\\/produktas\\\/organicheskiy-tsvetnoy-perets-goroshkom\\\/#primaryimage\",\"url\":\"https:\\\/\\\/www.biopapa.lt\\\/wp-content\\\/uploads\\\/2024\\\/10\\\/Ekologiski-spalvoti-pipirai-grudeliais.jpg\",\"contentUrl\":\"https:\\\/\\\/www.biopapa.lt\\\/wp-content\\\/uploads\\\/2024\\\/10\\\/Ekologiski-spalvoti-pipirai-grudeliais.jpg\",\"width\":800,\"height\":640},{\"@type\":\"BreadcrumbList\",\"@id\":\"https:\\\/\\\/www.biopapa.lt\\\/ru\\\/produktas\\\/organicheskiy-tsvetnoy-perets-goroshkom\\\/#breadcrumb\",\"itemListElement\":[{\"@type\":\"ListItem\",\"position\":1,\"name\":\"Home\",\"item\":\"https:\\\/\\\/www.biopapa.lt\\\/ru\\\/\"},{\"@type\":\"ListItem\",\"position\":2,\"name\":\"\u041c\u0430\u0433\u0430\u0437\u0438\u043d\",\"item\":\"https:\\\/\\\/www.biopapa.lt\\\/ru\\\/%d0%bc%d0%b0%d0%b3%d0%b0%d0%b7%d0%b8%d0%bd\\\/\"},{\"@type\":\"ListItem\",\"position\":3,\"name\":\"\u041e\u0440\u0433\u0430\u043d\u0438\u0447\u0435\u0441\u043a\u0438\u0439 \u0446\u0432\u0435\u0442\u043d\u043e\u0439 \u043f\u0435\u0440\u0435\u0446 \u0433\u043e\u0440\u043e\u0448\u043a\u043e\u043c\"}]},{\"@type\":\"WebSite\",\"@id\":\"https:\\\/\\\/www.biopapa.lt\\\/#website\",\"url\":\"https:\\\/\\\/www.biopapa.lt\\\/\",\"name\":\"Biopapa\",\"description\":\"\u0160var\u016bs ekologi\u0161ki produktai\",\"publisher\":{\"@id\":\"https:\\\/\\\/www.biopapa.lt\\\/#organization\"},\"potentialAction\":[{\"@type\":\"SearchAction\",\"target\":{\"@type\":\"EntryPoint\",\"urlTemplate\":\"https:\\\/\\\/www.biopapa.lt\\\/?s={search_term_string}\"},\"query-input\":{\"@type\":\"PropertyValueSpecification\",\"valueRequired\":true,\"valueName\":\"search_term_string\"}}],\"inLanguage\":\"ru-RU\"},{\"@type\":\"Organization\",\"@id\":\"https:\\\/\\\/www.biopapa.lt\\\/#organization\",\"name\":\"Biopapa\",\"url\":\"https:\\\/\\\/www.biopapa.lt\\\/\",\"logo\":{\"@type\":\"ImageObject\",\"inLanguage\":\"ru-RU\",\"@id\":\"https:\\\/\\\/www.biopapa.lt\\\/#\\\/schema\\\/logo\\\/image\\\/\",\"url\":\"https:\\\/\\\/www.biopapa.lt\\\/wp-content\\\/uploads\\\/2022\\\/04\\\/facebook_biopapa.jpg\",\"contentUrl\":\"https:\\\/\\\/www.biopapa.lt\\\/wp-content\\\/uploads\\\/2022\\\/04\\\/facebook_biopapa.jpg\",\"width\":1733,\"height\":907,\"caption\":\"Biopapa\"},\"image\":{\"@id\":\"https:\\\/\\\/www.biopapa.lt\\\/#\\\/schema\\\/logo\\\/image\\\/\"},\"sameAs\":[\"https:\\\/\\\/www.facebook.com\\\/biopapa.lt\"]}]}<\/script>\n<!-- \/ Yoast SEO plugin. -->","yoast_head_json":{"title":"\u041e\u0440\u0433\u0430\u043d\u0438\u0447\u0435\u0441\u043a\u0438\u0439 \u0446\u0432\u0435\u0442\u043d\u043e\u0439 \u043f\u0435\u0440\u0435\u0446 \u0433\u043e\u0440\u043e\u0448\u043a\u043e\u043c - Biopapa","description":"\u0421\u043c\u0435\u0441\u044c \u0447\u0435\u0440\u043d\u043e\u0433\u043e, \u0431\u0435\u043b\u043e\u0433\u043e, \u0440\u043e\u0437\u043e\u0432\u043e\u0433\u043e \u0438 \u0437\u0435\u043b\u0435\u043d\u043e\u0433\u043e \u043f\u0435\u0440\u0446\u0430 \u043f\u0440\u0438\u0434\u0430\u0435\u0442 \u044f\u0440\u043a\u0438\u0439, \u043c\u043d\u043e\u0433\u043e\u0433\u0440\u0430\u043d\u043d\u044b\u0439 \u0432\u043a\u0443\u0441 \u0431\u043b\u044e\u0434\u0430\u043c \u043d\u0430 \u043e\u0441\u043d\u043e\u0432\u0435 \u0440\u0430\u0441\u0442\u0435\u043d\u0438\u0439.","robots":{"index":"index","follow":"follow","max-snippet":"max-snippet:-1","max-image-preview":"max-image-preview:large","max-video-preview":"max-video-preview:-1"},"canonical":"https:\/\/www.biopapa.lt\/ru\/produktas\/organicheskiy-tsvetnoy-perets-goroshkom\/","og_locale":"ru_RU","og_type":"article","og_title":"\u041e\u0440\u0433\u0430\u043d\u0438\u0447\u0435\u0441\u043a\u0438\u0439 \u0446\u0432\u0435\u0442\u043d\u043e\u0439 \u043f\u0435\u0440\u0435\u0446 \u0433\u043e\u0440\u043e\u0448\u043a\u043e\u043c - Biopapa","og_description":"\u0421\u043c\u0435\u0441\u044c \u0447\u0435\u0440\u043d\u043e\u0433\u043e, \u0431\u0435\u043b\u043e\u0433\u043e, \u0440\u043e\u0437\u043e\u0432\u043e\u0433\u043e \u0438 \u0437\u0435\u043b\u0435\u043d\u043e\u0433\u043e \u043f\u0435\u0440\u0446\u0430 \u043f\u0440\u0438\u0434\u0430\u0435\u0442 \u044f\u0440\u043a\u0438\u0439, \u043c\u043d\u043e\u0433\u043e\u0433\u0440\u0430\u043d\u043d\u044b\u0439 \u0432\u043a\u0443\u0441 \u0431\u043b\u044e\u0434\u0430\u043c \u043d\u0430 \u043e\u0441\u043d\u043e\u0432\u0435 \u0440\u0430\u0441\u0442\u0435\u043d\u0438\u0439.","og_url":"https:\/\/www.biopapa.lt\/ru\/produktas\/organicheskiy-tsvetnoy-perets-goroshkom\/","og_site_name":"Biopapa","article_publisher":"https:\/\/www.facebook.com\/biopapa.lt","article_modified_time":"2026-02-10T13:49:42+00:00","og_image":[{"width":800,"height":640,"url":"https:\/\/www.biopapa.lt\/wp-content\/uploads\/2024\/10\/Ekologiski-spalvoti-pipirai-grudeliais.jpg","type":"image\/jpeg"}],"twitter_card":"summary_large_image","schema":{"@context":"https:\/\/schema.org","@graph":[{"@type":"WebPage","@id":"https:\/\/www.biopapa.lt\/ru\/produktas\/organicheskiy-tsvetnoy-perets-goroshkom\/","url":"https:\/\/www.biopapa.lt\/ru\/produktas\/organicheskiy-tsvetnoy-perets-goroshkom\/","name":"\u041e\u0440\u0433\u0430\u043d\u0438\u0447\u0435\u0441\u043a\u0438\u0439 \u0446\u0432\u0435\u0442\u043d\u043e\u0439 \u043f\u0435\u0440\u0435\u0446 \u0433\u043e\u0440\u043e\u0448\u043a\u043e\u043c - Biopapa","isPartOf":{"@id":"https:\/\/www.biopapa.lt\/#website"},"primaryImageOfPage":{"@id":"https:\/\/www.biopapa.lt\/ru\/produktas\/organicheskiy-tsvetnoy-perets-goroshkom\/#primaryimage"},"image":{"@id":"https:\/\/www.biopapa.lt\/ru\/produktas\/organicheskiy-tsvetnoy-perets-goroshkom\/#primaryimage"},"thumbnailUrl":"https:\/\/www.biopapa.lt\/wp-content\/uploads\/2024\/10\/Ekologiski-spalvoti-pipirai-grudeliais.jpg","datePublished":"2024-10-17T14:26:16+00:00","dateModified":"2026-02-10T13:49:42+00:00","description":"\u0421\u043c\u0435\u0441\u044c \u0447\u0435\u0440\u043d\u043e\u0433\u043e, \u0431\u0435\u043b\u043e\u0433\u043e, \u0440\u043e\u0437\u043e\u0432\u043e\u0433\u043e \u0438 \u0437\u0435\u043b\u0435\u043d\u043e\u0433\u043e \u043f\u0435\u0440\u0446\u0430 \u043f\u0440\u0438\u0434\u0430\u0435\u0442 \u044f\u0440\u043a\u0438\u0439, \u043c\u043d\u043e\u0433\u043e\u0433\u0440\u0430\u043d\u043d\u044b\u0439 \u0432\u043a\u0443\u0441 \u0431\u043b\u044e\u0434\u0430\u043c \u043d\u0430 \u043e\u0441\u043d\u043e\u0432\u0435 \u0440\u0430\u0441\u0442\u0435\u043d\u0438\u0439.","breadcrumb":{"@id":"https:\/\/www.biopapa.lt\/ru\/produktas\/organicheskiy-tsvetnoy-perets-goroshkom\/#breadcrumb"},"inLanguage":"ru-RU","potentialAction":[{"@type":"ReadAction","target":["https:\/\/www.biopapa.lt\/ru\/produktas\/organicheskiy-tsvetnoy-perets-goroshkom\/"]}]},{"@type":"ImageObject","inLanguage":"ru-RU","@id":"https:\/\/www.biopapa.lt\/ru\/produktas\/organicheskiy-tsvetnoy-perets-goroshkom\/#primaryimage","url":"https:\/\/www.biopapa.lt\/wp-content\/uploads\/2024\/10\/Ekologiski-spalvoti-pipirai-grudeliais.jpg","contentUrl":"https:\/\/www.biopapa.lt\/wp-content\/uploads\/2024\/10\/Ekologiski-spalvoti-pipirai-grudeliais.jpg","width":800,"height":640},{"@type":"BreadcrumbList","@id":"https:\/\/www.biopapa.lt\/ru\/produktas\/organicheskiy-tsvetnoy-perets-goroshkom\/#breadcrumb","itemListElement":[{"@type":"ListItem","position":1,"name":"Home","item":"https:\/\/www.biopapa.lt\/ru\/"},{"@type":"ListItem","position":2,"name":"\u041c\u0430\u0433\u0430\u0437\u0438\u043d","item":"https:\/\/www.biopapa.lt\/ru\/%d0%bc%d0%b0%d0%b3%d0%b0%d0%b7%d0%b8%d0%bd\/"},{"@type":"ListItem","position":3,"name":"\u041e\u0440\u0433\u0430\u043d\u0438\u0447\u0435\u0441\u043a\u0438\u0439 \u0446\u0432\u0435\u0442\u043d\u043e\u0439 \u043f\u0435\u0440\u0435\u0446 \u0433\u043e\u0440\u043e\u0448\u043a\u043e\u043c"}]},{"@type":"WebSite","@id":"https:\/\/www.biopapa.lt\/#website","url":"https:\/\/www.biopapa.lt\/","name":"Biopapa","description":"\u0160var\u016bs ekologi\u0161ki produktai","publisher":{"@id":"https:\/\/www.biopapa.lt\/#organization"},"potentialAction":[{"@type":"SearchAction","target":{"@type":"EntryPoint","urlTemplate":"https:\/\/www.biopapa.lt\/?s={search_term_string}"},"query-input":{"@type":"PropertyValueSpecification","valueRequired":true,"valueName":"search_term_string"}}],"inLanguage":"ru-RU"},{"@type":"Organization","@id":"https:\/\/www.biopapa.lt\/#organization","name":"Biopapa","url":"https:\/\/www.biopapa.lt\/","logo":{"@type":"ImageObject","inLanguage":"ru-RU","@id":"https:\/\/www.biopapa.lt\/#\/schema\/logo\/image\/","url":"https:\/\/www.biopapa.lt\/wp-content\/uploads\/2022\/04\/facebook_biopapa.jpg","contentUrl":"https:\/\/www.biopapa.lt\/wp-content\/uploads\/2022\/04\/facebook_biopapa.jpg","width":1733,"height":907,"caption":"Biopapa"},"image":{"@id":"https:\/\/www.biopapa.lt\/#\/schema\/logo\/image\/"},"sameAs":["https:\/\/www.facebook.com\/biopapa.lt"]}]}},"_links":{"self":[{"href":"https:\/\/www.biopapa.lt\/ru\/wp-json\/wp\/v2\/product\/58252","targetHints":{"allow":["GET"]}}],"collection":[{"href":"https:\/\/www.biopapa.lt\/ru\/wp-json\/wp\/v2\/product"}],"about":[{"href":"https:\/\/www.biopapa.lt\/ru\/wp-json\/wp\/v2\/types\/product"}],"wp:featuredmedia":[{"embeddable":true,"href":"https:\/\/www.biopapa.lt\/ru\/wp-json\/wp\/v2\/media\/58266"}],"wp:attachment":[{"href":"https:\/\/www.biopapa.lt\/ru\/wp-json\/wp\/v2\/media?parent=58252"}],"wp:term":[{"taxonomy":"product_brand","embeddable":true,"href":"https:\/\/www.biopapa.lt\/ru\/wp-json\/wp\/v2\/product_brand?post=58252"},{"taxonomy":"product_cat","embeddable":true,"href":"https:\/\/www.biopapa.lt\/ru\/wp-json\/wp\/v2\/product_cat?post=58252"},{"taxonomy":"product_tag","embeddable":true,"href":"https:\/\/www.biopapa.lt\/ru\/wp-json\/wp\/v2\/product_tag?post=58252"}],"curies":[{"name":"wp","href":"https:\/\/api.w.org\/{rel}","templated":true}]}}