{"id":40189,"date":"2022-05-14T16:08:29","date_gmt":"2022-05-14T13:08:29","guid":{"rendered":"https:\/\/www.biopapa.lt\/produktas\/%d0%be%d1%80%d0%b3%d0%b0%d0%bd%d0%b8%d1%87%d0%b5%d1%81%d0%ba%d0%b8%d0%b5-%d0%be%d0%bb%d0%b8%d0%b2%d0%ba%d0%b8-kalamata-%d0%b1%d0%b5%d0%b7-%d0%ba%d0%be%d1%81%d1%82%d0%be%d1%87%d0%b5%d0%ba-295-%d0%b3\/"},"modified":"2025-07-07T14:51:48","modified_gmt":"2025-07-07T11:51:48","slug":"organicheskie-olivki-kalamata-bez-kostochek-295-g-160-g","status":"publish","type":"product","link":"https:\/\/www.biopapa.lt\/ru\/produktas\/organicheskie-olivki-kalamata-bez-kostochek-295-g-160-g\/","title":{"rendered":"\u041e\u0440\u0433\u0430\u043d\u0438\u0447\u0435\u0441\u043a\u0438\u0435 \u043e\u043b\u0438\u0432\u043a\u0438 KALAMATA \u0431\u0435\u0437 \u043a\u043e\u0441\u0442\u043e\u0447\u0435\u043a, 295 \u0433 (160 \u0433)"},"content":{"rendered":"<p>\u041e\u043b\u0438\u0432\u043a\u0438 \u041a\u0430\u043b\u0430\u043c\u0430\u0442\u0430 &#8212; \u044d\u0442\u043e \u0442\u0435\u043c\u043d\u043e-\u0444\u0438\u043e\u043b\u0435\u0442\u043e\u0432\u044b\u0435 \u043c\u0438\u043d\u0434\u0430\u043b\u0435\u0432\u0438\u0434\u043d\u044b\u0435 \u043e\u043b\u0438\u0432\u043a\u0438 \u0438\u0437 \u0440\u0435\u0433\u0438\u043e\u043d\u0430 \u041a\u0430\u043b\u0430\u043c\u0430\u0442\u0430 \u0432 \u0413\u0440\u0435\u0446\u0438\u0438. \u0418\u0437\u0432\u0435\u0441\u0442\u043d\u044b\u0435 \u0441\u0432\u043e\u0438\u043c \u0431\u043e\u0433\u0430\u0442\u044b\u043c, \u0441\u043b\u0435\u0433\u043a\u0430 \u0441\u043b\u0430\u0434\u043a\u043e\u0432\u0430\u0442\u044b\u043c \u0438 \u043d\u0430\u0441\u044b\u0449\u0435\u043d\u043d\u044b\u043c \u0432\u043a\u0443\u0441\u043e\u043c, \u043e\u043d\u0438 \u0447\u0430\u0441\u0442\u043e \u0438\u0441\u043f\u043e\u043b\u044c\u0437\u0443\u044e\u0442\u0441\u044f \u0432 \u0441\u0440\u0435\u0434\u0438\u0437\u0435\u043c\u043d\u043e\u043c\u043e\u0440\u0441\u043a\u043e\u0439 \u043a\u0443\u0445\u043d\u0435 \u0432 \u0441\u0430\u043b\u0430\u0442\u0430\u0445, \u0437\u0430\u043a\u0443\u0441\u043a\u0430\u0445, \u043f\u0430\u0441\u0442\u0435 \u0438 \u0432 \u043a\u0430\u0447\u0435\u0441\u0442\u0432\u0435 \u0433\u0430\u0440\u043d\u0438\u0440\u0430 \u043a \u0441\u044b\u0440\u0430\u043c \u0438 \u0434\u0440\u0443\u0433\u0438\u043c \u0431\u043b\u044e\u0434\u0430\u043c. <\/p>\n","protected":false},"excerpt":{"rendered":"<p>\u041e\u043b\u0438\u0432\u043a\u0438 \u041a\u0430\u043b\u0430\u043c\u0430\u0442\u0430 &#8212; \u044d\u0442\u043e \u0442\u0435\u043c\u043d\u043e-\u0444\u0438\u043e\u043b\u0435\u0442\u043e\u0432\u044b\u0435 \u043c\u0438\u043d\u0434\u0430\u043b\u0435\u0432\u0438\u0434\u043d\u044b\u0435 \u043e\u043b\u0438\u0432\u043a\u0438 \u0438\u0437 \u0440\u0435\u0433\u0438\u043e\u043d\u0430 \u041a\u0430\u043b\u0430\u043c\u0430\u0442\u0430 \u0432 \u0413\u0440\u0435\u0446\u0438\u0438. \u0418\u0437\u0432\u0435\u0441\u0442\u043d\u044b\u0435 \u0441\u0432\u043e\u0438\u043c \u0431\u043e\u0433\u0430\u0442\u044b\u043c, \u0441\u043b\u0435\u0433\u043a\u0430 \u0441\u043b\u0430\u0434\u043a\u043e\u0432\u0430\u0442\u044b\u043c \u0438 \u043d\u0430\u0441\u044b\u0449\u0435\u043d\u043d\u044b\u043c \u0432\u043a\u0443\u0441\u043e\u043c,<\/p>\n","protected":false},"featured_media":38446,"template":"","meta":{"_acf_changed":false},"product_brand":[],"product_cat":[2015,2711,1976],"product_tag":[2039,2057,2506],"class_list":{"0":"post-40189","1":"product","2":"type-product","3":"status-publish","4":"has-post-thumbnail","6":"product_cat-2015","7":"product_cat-2711","8":"product_cat-1976","9":"product_tag-2039","10":"product_tag-2057","11":"product_tag-veganams-ru","13":"first","14":"instock","15":"shipping-taxable","16":"purchasable","17":"product-type-simple"},"acf":[],"yoast_head":"<!-- This site is optimized with the Yoast SEO plugin v27.5 - https:\/\/yoast.com\/product\/yoast-seo-wordpress\/ -->\n<title>\u041e\u0440\u0433\u0430\u043d\u0438\u0447\u0435\u0441\u043a\u0438\u0435 \u043e\u043b\u0438\u0432\u043a\u0438 KALAMATA \u0431\u0435\u0437 \u043a\u043e\u0441\u0442\u043e\u0447\u0435\u043a, 295 \u0433 (160 \u0433) - Biopapa<\/title>\n<meta name=\"description\" content=\"\u041e\u043b\u0438\u0432\u043a\u0438 \u041a\u0430\u043b\u0430\u043c\u0430\u0442\u0430 - \u044d\u0442\u043e \u0442\u0435\u043c\u043d\u043e-\u0444\u0438\u043e\u043b\u0435\u0442\u043e\u0432\u044b\u0435, \u043c\u0438\u043d\u0434\u0430\u043b\u0435\u0432\u0438\u0434\u043d\u044b\u0435 \u043e\u043b\u0438\u0432\u043a\u0438 \u0438\u0437 \u0440\u0435\u0433\u0438\u043e\u043d\u0430 \u041a\u0430\u043b\u0430\u043c\u0430\u0442\u0430 \u0432 \u0413\u0440\u0435\u0446\u0438\u0438.\" \/>\n<meta name=\"robots\" content=\"index, follow, max-snippet:-1, max-image-preview:large, max-video-preview:-1\" \/>\n<link rel=\"canonical\" href=\"https:\/\/www.biopapa.lt\/ru\/produktas\/organicheskie-olivki-kalamata-bez-kostochek-295-g-160-g\/\" \/>\n<meta property=\"og:locale\" content=\"ru_RU\" \/>\n<meta property=\"og:type\" content=\"article\" \/>\n<meta property=\"og:title\" content=\"\u041e\u0440\u0433\u0430\u043d\u0438\u0447\u0435\u0441\u043a\u0438\u0435 \u043e\u043b\u0438\u0432\u043a\u0438 KALAMATA \u0431\u0435\u0437 \u043a\u043e\u0441\u0442\u043e\u0447\u0435\u043a, 295 \u0433 (160 \u0433) - Biopapa\" \/>\n<meta property=\"og:description\" content=\"\u041e\u043b\u0438\u0432\u043a\u0438 \u041a\u0430\u043b\u0430\u043c\u0430\u0442\u0430 - \u044d\u0442\u043e \u0442\u0435\u043c\u043d\u043e-\u0444\u0438\u043e\u043b\u0435\u0442\u043e\u0432\u044b\u0435, \u043c\u0438\u043d\u0434\u0430\u043b\u0435\u0432\u0438\u0434\u043d\u044b\u0435 \u043e\u043b\u0438\u0432\u043a\u0438 \u0438\u0437 \u0440\u0435\u0433\u0438\u043e\u043d\u0430 \u041a\u0430\u043b\u0430\u043c\u0430\u0442\u0430 \u0432 \u0413\u0440\u0435\u0446\u0438\u0438.\" \/>\n<meta property=\"og:url\" content=\"https:\/\/www.biopapa.lt\/ru\/produktas\/organicheskie-olivki-kalamata-bez-kostochek-295-g-160-g\/\" \/>\n<meta property=\"og:site_name\" content=\"Biopapa\" \/>\n<meta property=\"article:publisher\" content=\"https:\/\/www.facebook.com\/biopapa.lt\" \/>\n<meta property=\"article:modified_time\" content=\"2025-07-07T11:51:48+00:00\" \/>\n<meta property=\"og:image\" content=\"https:\/\/www.biopapa.lt\/wp-content\/uploads\/2022\/05\/KALAMATA.png\" \/>\n\t<meta property=\"og:image:width\" content=\"800\" \/>\n\t<meta property=\"og:image:height\" content=\"640\" \/>\n\t<meta property=\"og:image:type\" content=\"image\/png\" \/>\n<meta name=\"twitter:card\" content=\"summary_large_image\" \/>\n<script type=\"application\/ld+json\" class=\"yoast-schema-graph\">{\"@context\":\"https:\\\/\\\/schema.org\",\"@graph\":[{\"@type\":\"WebPage\",\"@id\":\"https:\\\/\\\/www.biopapa.lt\\\/ru\\\/produktas\\\/organicheskie-olivki-kalamata-bez-kostochek-295-g-160-g\\\/\",\"url\":\"https:\\\/\\\/www.biopapa.lt\\\/ru\\\/produktas\\\/organicheskie-olivki-kalamata-bez-kostochek-295-g-160-g\\\/\",\"name\":\"\u041e\u0440\u0433\u0430\u043d\u0438\u0447\u0435\u0441\u043a\u0438\u0435 \u043e\u043b\u0438\u0432\u043a\u0438 KALAMATA \u0431\u0435\u0437 \u043a\u043e\u0441\u0442\u043e\u0447\u0435\u043a, 295 \u0433 (160 \u0433) - Biopapa\",\"isPartOf\":{\"@id\":\"https:\\\/\\\/www.biopapa.lt\\\/#website\"},\"primaryImageOfPage\":{\"@id\":\"https:\\\/\\\/www.biopapa.lt\\\/ru\\\/produktas\\\/organicheskie-olivki-kalamata-bez-kostochek-295-g-160-g\\\/#primaryimage\"},\"image\":{\"@id\":\"https:\\\/\\\/www.biopapa.lt\\\/ru\\\/produktas\\\/organicheskie-olivki-kalamata-bez-kostochek-295-g-160-g\\\/#primaryimage\"},\"thumbnailUrl\":\"https:\\\/\\\/www.biopapa.lt\\\/wp-content\\\/uploads\\\/2022\\\/05\\\/KALAMATA.png\",\"datePublished\":\"2022-05-14T13:08:29+00:00\",\"dateModified\":\"2025-07-07T11:51:48+00:00\",\"description\":\"\u041e\u043b\u0438\u0432\u043a\u0438 \u041a\u0430\u043b\u0430\u043c\u0430\u0442\u0430 - \u044d\u0442\u043e \u0442\u0435\u043c\u043d\u043e-\u0444\u0438\u043e\u043b\u0435\u0442\u043e\u0432\u044b\u0435, \u043c\u0438\u043d\u0434\u0430\u043b\u0435\u0432\u0438\u0434\u043d\u044b\u0435 \u043e\u043b\u0438\u0432\u043a\u0438 \u0438\u0437 \u0440\u0435\u0433\u0438\u043e\u043d\u0430 \u041a\u0430\u043b\u0430\u043c\u0430\u0442\u0430 \u0432 \u0413\u0440\u0435\u0446\u0438\u0438.\",\"breadcrumb\":{\"@id\":\"https:\\\/\\\/www.biopapa.lt\\\/ru\\\/produktas\\\/organicheskie-olivki-kalamata-bez-kostochek-295-g-160-g\\\/#breadcrumb\"},\"inLanguage\":\"ru-RU\",\"potentialAction\":[{\"@type\":\"ReadAction\",\"target\":[\"https:\\\/\\\/www.biopapa.lt\\\/ru\\\/produktas\\\/organicheskie-olivki-kalamata-bez-kostochek-295-g-160-g\\\/\"]}]},{\"@type\":\"ImageObject\",\"inLanguage\":\"ru-RU\",\"@id\":\"https:\\\/\\\/www.biopapa.lt\\\/ru\\\/produktas\\\/organicheskie-olivki-kalamata-bez-kostochek-295-g-160-g\\\/#primaryimage\",\"url\":\"https:\\\/\\\/www.biopapa.lt\\\/wp-content\\\/uploads\\\/2022\\\/05\\\/KALAMATA.png\",\"contentUrl\":\"https:\\\/\\\/www.biopapa.lt\\\/wp-content\\\/uploads\\\/2022\\\/05\\\/KALAMATA.png\",\"width\":800,\"height\":640},{\"@type\":\"BreadcrumbList\",\"@id\":\"https:\\\/\\\/www.biopapa.lt\\\/ru\\\/produktas\\\/organicheskie-olivki-kalamata-bez-kostochek-295-g-160-g\\\/#breadcrumb\",\"itemListElement\":[{\"@type\":\"ListItem\",\"position\":1,\"name\":\"Home\",\"item\":\"https:\\\/\\\/www.biopapa.lt\\\/ru\\\/\"},{\"@type\":\"ListItem\",\"position\":2,\"name\":\"\u041c\u0430\u0433\u0430\u0437\u0438\u043d\",\"item\":\"https:\\\/\\\/www.biopapa.lt\\\/ru\\\/%d0%bc%d0%b0%d0%b3%d0%b0%d0%b7%d0%b8%d0%bd\\\/\"},{\"@type\":\"ListItem\",\"position\":3,\"name\":\"\u041e\u0440\u0433\u0430\u043d\u0438\u0447\u0435\u0441\u043a\u0438\u0435 \u043e\u043b\u0438\u0432\u043a\u0438 KALAMATA \u0431\u0435\u0437 \u043a\u043e\u0441\u0442\u043e\u0447\u0435\u043a, 295 \u0433 (160 \u0433)\"}]},{\"@type\":\"WebSite\",\"@id\":\"https:\\\/\\\/www.biopapa.lt\\\/#website\",\"url\":\"https:\\\/\\\/www.biopapa.lt\\\/\",\"name\":\"Biopapa\",\"description\":\"\u0160var\u016bs ekologi\u0161ki produktai\",\"publisher\":{\"@id\":\"https:\\\/\\\/www.biopapa.lt\\\/#organization\"},\"potentialAction\":[{\"@type\":\"SearchAction\",\"target\":{\"@type\":\"EntryPoint\",\"urlTemplate\":\"https:\\\/\\\/www.biopapa.lt\\\/?s={search_term_string}\"},\"query-input\":{\"@type\":\"PropertyValueSpecification\",\"valueRequired\":true,\"valueName\":\"search_term_string\"}}],\"inLanguage\":\"ru-RU\"},{\"@type\":\"Organization\",\"@id\":\"https:\\\/\\\/www.biopapa.lt\\\/#organization\",\"name\":\"Biopapa\",\"url\":\"https:\\\/\\\/www.biopapa.lt\\\/\",\"logo\":{\"@type\":\"ImageObject\",\"inLanguage\":\"ru-RU\",\"@id\":\"https:\\\/\\\/www.biopapa.lt\\\/#\\\/schema\\\/logo\\\/image\\\/\",\"url\":\"https:\\\/\\\/www.biopapa.lt\\\/wp-content\\\/uploads\\\/2022\\\/04\\\/facebook_biopapa.jpg\",\"contentUrl\":\"https:\\\/\\\/www.biopapa.lt\\\/wp-content\\\/uploads\\\/2022\\\/04\\\/facebook_biopapa.jpg\",\"width\":1733,\"height\":907,\"caption\":\"Biopapa\"},\"image\":{\"@id\":\"https:\\\/\\\/www.biopapa.lt\\\/#\\\/schema\\\/logo\\\/image\\\/\"},\"sameAs\":[\"https:\\\/\\\/www.facebook.com\\\/biopapa.lt\"]}]}<\/script>\n<!-- \/ Yoast SEO plugin. -->","yoast_head_json":{"title":"\u041e\u0440\u0433\u0430\u043d\u0438\u0447\u0435\u0441\u043a\u0438\u0435 \u043e\u043b\u0438\u0432\u043a\u0438 KALAMATA \u0431\u0435\u0437 \u043a\u043e\u0441\u0442\u043e\u0447\u0435\u043a, 295 \u0433 (160 \u0433) - Biopapa","description":"\u041e\u043b\u0438\u0432\u043a\u0438 \u041a\u0430\u043b\u0430\u043c\u0430\u0442\u0430 - \u044d\u0442\u043e \u0442\u0435\u043c\u043d\u043e-\u0444\u0438\u043e\u043b\u0435\u0442\u043e\u0432\u044b\u0435, \u043c\u0438\u043d\u0434\u0430\u043b\u0435\u0432\u0438\u0434\u043d\u044b\u0435 \u043e\u043b\u0438\u0432\u043a\u0438 \u0438\u0437 \u0440\u0435\u0433\u0438\u043e\u043d\u0430 \u041a\u0430\u043b\u0430\u043c\u0430\u0442\u0430 \u0432 \u0413\u0440\u0435\u0446\u0438\u0438.","robots":{"index":"index","follow":"follow","max-snippet":"max-snippet:-1","max-image-preview":"max-image-preview:large","max-video-preview":"max-video-preview:-1"},"canonical":"https:\/\/www.biopapa.lt\/ru\/produktas\/organicheskie-olivki-kalamata-bez-kostochek-295-g-160-g\/","og_locale":"ru_RU","og_type":"article","og_title":"\u041e\u0440\u0433\u0430\u043d\u0438\u0447\u0435\u0441\u043a\u0438\u0435 \u043e\u043b\u0438\u0432\u043a\u0438 KALAMATA \u0431\u0435\u0437 \u043a\u043e\u0441\u0442\u043e\u0447\u0435\u043a, 295 \u0433 (160 \u0433) - Biopapa","og_description":"\u041e\u043b\u0438\u0432\u043a\u0438 \u041a\u0430\u043b\u0430\u043c\u0430\u0442\u0430 - \u044d\u0442\u043e \u0442\u0435\u043c\u043d\u043e-\u0444\u0438\u043e\u043b\u0435\u0442\u043e\u0432\u044b\u0435, \u043c\u0438\u043d\u0434\u0430\u043b\u0435\u0432\u0438\u0434\u043d\u044b\u0435 \u043e\u043b\u0438\u0432\u043a\u0438 \u0438\u0437 \u0440\u0435\u0433\u0438\u043e\u043d\u0430 \u041a\u0430\u043b\u0430\u043c\u0430\u0442\u0430 \u0432 \u0413\u0440\u0435\u0446\u0438\u0438.","og_url":"https:\/\/www.biopapa.lt\/ru\/produktas\/organicheskie-olivki-kalamata-bez-kostochek-295-g-160-g\/","og_site_name":"Biopapa","article_publisher":"https:\/\/www.facebook.com\/biopapa.lt","article_modified_time":"2025-07-07T11:51:48+00:00","og_image":[{"width":800,"height":640,"url":"https:\/\/www.biopapa.lt\/wp-content\/uploads\/2022\/05\/KALAMATA.png","type":"image\/png"}],"twitter_card":"summary_large_image","schema":{"@context":"https:\/\/schema.org","@graph":[{"@type":"WebPage","@id":"https:\/\/www.biopapa.lt\/ru\/produktas\/organicheskie-olivki-kalamata-bez-kostochek-295-g-160-g\/","url":"https:\/\/www.biopapa.lt\/ru\/produktas\/organicheskie-olivki-kalamata-bez-kostochek-295-g-160-g\/","name":"\u041e\u0440\u0433\u0430\u043d\u0438\u0447\u0435\u0441\u043a\u0438\u0435 \u043e\u043b\u0438\u0432\u043a\u0438 KALAMATA \u0431\u0435\u0437 \u043a\u043e\u0441\u0442\u043e\u0447\u0435\u043a, 295 \u0433 (160 \u0433) - Biopapa","isPartOf":{"@id":"https:\/\/www.biopapa.lt\/#website"},"primaryImageOfPage":{"@id":"https:\/\/www.biopapa.lt\/ru\/produktas\/organicheskie-olivki-kalamata-bez-kostochek-295-g-160-g\/#primaryimage"},"image":{"@id":"https:\/\/www.biopapa.lt\/ru\/produktas\/organicheskie-olivki-kalamata-bez-kostochek-295-g-160-g\/#primaryimage"},"thumbnailUrl":"https:\/\/www.biopapa.lt\/wp-content\/uploads\/2022\/05\/KALAMATA.png","datePublished":"2022-05-14T13:08:29+00:00","dateModified":"2025-07-07T11:51:48+00:00","description":"\u041e\u043b\u0438\u0432\u043a\u0438 \u041a\u0430\u043b\u0430\u043c\u0430\u0442\u0430 - \u044d\u0442\u043e \u0442\u0435\u043c\u043d\u043e-\u0444\u0438\u043e\u043b\u0435\u0442\u043e\u0432\u044b\u0435, \u043c\u0438\u043d\u0434\u0430\u043b\u0435\u0432\u0438\u0434\u043d\u044b\u0435 \u043e\u043b\u0438\u0432\u043a\u0438 \u0438\u0437 \u0440\u0435\u0433\u0438\u043e\u043d\u0430 \u041a\u0430\u043b\u0430\u043c\u0430\u0442\u0430 \u0432 \u0413\u0440\u0435\u0446\u0438\u0438.","breadcrumb":{"@id":"https:\/\/www.biopapa.lt\/ru\/produktas\/organicheskie-olivki-kalamata-bez-kostochek-295-g-160-g\/#breadcrumb"},"inLanguage":"ru-RU","potentialAction":[{"@type":"ReadAction","target":["https:\/\/www.biopapa.lt\/ru\/produktas\/organicheskie-olivki-kalamata-bez-kostochek-295-g-160-g\/"]}]},{"@type":"ImageObject","inLanguage":"ru-RU","@id":"https:\/\/www.biopapa.lt\/ru\/produktas\/organicheskie-olivki-kalamata-bez-kostochek-295-g-160-g\/#primaryimage","url":"https:\/\/www.biopapa.lt\/wp-content\/uploads\/2022\/05\/KALAMATA.png","contentUrl":"https:\/\/www.biopapa.lt\/wp-content\/uploads\/2022\/05\/KALAMATA.png","width":800,"height":640},{"@type":"BreadcrumbList","@id":"https:\/\/www.biopapa.lt\/ru\/produktas\/organicheskie-olivki-kalamata-bez-kostochek-295-g-160-g\/#breadcrumb","itemListElement":[{"@type":"ListItem","position":1,"name":"Home","item":"https:\/\/www.biopapa.lt\/ru\/"},{"@type":"ListItem","position":2,"name":"\u041c\u0430\u0433\u0430\u0437\u0438\u043d","item":"https:\/\/www.biopapa.lt\/ru\/%d0%bc%d0%b0%d0%b3%d0%b0%d0%b7%d0%b8%d0%bd\/"},{"@type":"ListItem","position":3,"name":"\u041e\u0440\u0433\u0430\u043d\u0438\u0447\u0435\u0441\u043a\u0438\u0435 \u043e\u043b\u0438\u0432\u043a\u0438 KALAMATA \u0431\u0435\u0437 \u043a\u043e\u0441\u0442\u043e\u0447\u0435\u043a, 295 \u0433 (160 \u0433)"}]},{"@type":"WebSite","@id":"https:\/\/www.biopapa.lt\/#website","url":"https:\/\/www.biopapa.lt\/","name":"Biopapa","description":"\u0160var\u016bs ekologi\u0161ki produktai","publisher":{"@id":"https:\/\/www.biopapa.lt\/#organization"},"potentialAction":[{"@type":"SearchAction","target":{"@type":"EntryPoint","urlTemplate":"https:\/\/www.biopapa.lt\/?s={search_term_string}"},"query-input":{"@type":"PropertyValueSpecification","valueRequired":true,"valueName":"search_term_string"}}],"inLanguage":"ru-RU"},{"@type":"Organization","@id":"https:\/\/www.biopapa.lt\/#organization","name":"Biopapa","url":"https:\/\/www.biopapa.lt\/","logo":{"@type":"ImageObject","inLanguage":"ru-RU","@id":"https:\/\/www.biopapa.lt\/#\/schema\/logo\/image\/","url":"https:\/\/www.biopapa.lt\/wp-content\/uploads\/2022\/04\/facebook_biopapa.jpg","contentUrl":"https:\/\/www.biopapa.lt\/wp-content\/uploads\/2022\/04\/facebook_biopapa.jpg","width":1733,"height":907,"caption":"Biopapa"},"image":{"@id":"https:\/\/www.biopapa.lt\/#\/schema\/logo\/image\/"},"sameAs":["https:\/\/www.facebook.com\/biopapa.lt"]}]}},"_links":{"self":[{"href":"https:\/\/www.biopapa.lt\/ru\/wp-json\/wp\/v2\/product\/40189","targetHints":{"allow":["GET"]}}],"collection":[{"href":"https:\/\/www.biopapa.lt\/ru\/wp-json\/wp\/v2\/product"}],"about":[{"href":"https:\/\/www.biopapa.lt\/ru\/wp-json\/wp\/v2\/types\/product"}],"wp:featuredmedia":[{"embeddable":true,"href":"https:\/\/www.biopapa.lt\/ru\/wp-json\/wp\/v2\/media\/38446"}],"wp:attachment":[{"href":"https:\/\/www.biopapa.lt\/ru\/wp-json\/wp\/v2\/media?parent=40189"}],"wp:term":[{"taxonomy":"product_brand","embeddable":true,"href":"https:\/\/www.biopapa.lt\/ru\/wp-json\/wp\/v2\/product_brand?post=40189"},{"taxonomy":"product_cat","embeddable":true,"href":"https:\/\/www.biopapa.lt\/ru\/wp-json\/wp\/v2\/product_cat?post=40189"},{"taxonomy":"product_tag","embeddable":true,"href":"https:\/\/www.biopapa.lt\/ru\/wp-json\/wp\/v2\/product_tag?post=40189"}],"curies":[{"name":"wp","href":"https:\/\/api.w.org\/{rel}","templated":true}]}}