{"id":40139,"date":"2023-03-21T08:18:35","date_gmt":"2023-03-21T06:18:35","guid":{"rendered":"https:\/\/www.biopapa.lt\/produktas\/%d0%be%d1%80%d0%b3%d0%b0%d0%bd%d0%b8%d1%87%d0%b5%d1%81%d0%ba%d0%b8%d0%b9-%d1%87%d0%b5%d1%80%d0%bd%d1%8b%d0%b9-%d1%88%d0%be%d0%ba%d0%be%d0%bb%d0%b0%d0%b4-raw-70-50-%d0%b3-cocoa\/"},"modified":"2026-02-13T12:31:58","modified_gmt":"2026-02-13T10:31:58","slug":"organicheskiy-chernyy-shokolad-raw-70-50-g-cocoa","status":"publish","type":"product","link":"https:\/\/www.biopapa.lt\/ru\/produktas\/organicheskiy-chernyy-shokolad-raw-70-50-g-cocoa\/","title":{"rendered":"\u041e\u0440\u0433\u0430\u043d\u0438\u0447\u0435\u0441\u043a\u0438\u0439 \u0442\u0435\u043c\u043d\u044b\u0439 \u0448\u043e\u043a\u043e\u043b\u0430\u0434 70% RAW, 40 \u0433, COCOA"},"content":{"rendered":"<p>\u041e\u0440\u0433\u0430\u043d\u0438\u0447\u0435\u0441\u043a\u0438\u0439 \u0447\u0435\u0440\u043d\u044b\u0439 \u0448\u043e\u043a\u043e\u043b\u0430\u0434 \u0438\u0437 \u043d\u0435\u043e\u0431\u0436\u0430\u0440\u0435\u043d\u043d\u044b\u0445 \u043a\u0430\u043a\u0430\u043e-\u0431\u043e\u0431\u043e\u0432, \u043f\u043e\u0434\u0441\u043b\u0430\u0449\u0435\u043d\u043d\u044b\u0439 \u043e\u0440\u0433\u0430\u043d\u0438\u0447\u0435\u0441\u043a\u0438\u043c \u0441\u0430\u0445\u0430\u0440\u043e\u043c \u0438\u0437 \u0446\u0432\u0435\u0442\u043a\u043e\u0432 \u043a\u043e\u043a\u043e\u0441\u0430. \u0421\u043e\u0434\u0435\u0440\u0436\u0430\u043d\u0438\u0435 \u043a\u0430\u043a\u0430\u043e \u043d\u0435 \u043c\u0435\u043d\u0435\u0435 70%. \u041f\u0440\u0435\u043a\u0440\u0430\u0441\u043d\u0430\u044f \u0430\u043b\u044c\u0442\u0435\u0440\u043d\u0430\u0442\u0438\u0432\u0430 \u043e\u0431\u044b\u0447\u043d\u043e\u043c\u0443 \u0448\u043e\u043a\u043e\u043b\u0430\u0434\u0443.<\/p>\n","protected":false},"excerpt":{"rendered":"<p>\u041e\u0440\u0433\u0430\u043d\u0438\u0447\u0435\u0441\u043a\u0438\u0439 \u0447\u0435\u0440\u043d\u044b\u0439 \u0448\u043e\u043a\u043e\u043b\u0430\u0434 \u0438\u0437 \u043d\u0435\u043e\u0431\u0436\u0430\u0440\u0435\u043d\u043d\u044b\u0445 \u043a\u0430\u043a\u0430\u043e-\u0431\u043e\u0431\u043e\u0432, \u043f\u043e\u0434\u0441\u043b\u0430\u0449\u0435\u043d\u043d\u044b\u0439 \u043e\u0440\u0433\u0430\u043d\u0438\u0447\u0435\u0441\u043a\u0438\u043c \u0441\u0430\u0445\u0430\u0440\u043e\u043c \u0438\u0437 \u0446\u0432\u0435\u0442\u043a\u043e\u0432 \u043a\u043e\u043a\u043e\u0441\u0430. \u0421\u043e\u0434\u0435\u0440\u0436\u0430\u043d\u0438\u0435 \u043a\u0430\u043a\u0430\u043e \u043d\u0435 \u043c\u0435\u043d\u0435\u0435 70%. \u041f\u0440\u0435\u043a\u0440\u0430\u0441\u043d\u0430\u044f \u0430\u043b\u044c\u0442\u0435\u0440\u043d\u0430\u0442\u0438\u0432\u0430 \u043e\u0431\u044b\u0447\u043d\u043e\u043c\u0443<\/p>\n","protected":false},"featured_media":52709,"template":"","meta":{"_acf_changed":false},"product_brand":[],"product_cat":[2013],"product_tag":[2093,2506],"class_list":{"0":"post-40139","1":"product","2":"type-product","3":"status-publish","4":"has-post-thumbnail","6":"product_cat-2013","7":"product_tag-2093","8":"product_tag-veganams-ru","10":"first","11":"instock","12":"shipping-taxable","13":"purchasable","14":"product-type-simple"},"acf":[],"yoast_head":"<!-- This site is optimized with the Yoast SEO plugin v27.3 - https:\/\/yoast.com\/product\/yoast-seo-wordpress\/ -->\n<title>\u041e\u0440\u0433\u0430\u043d\u0438\u0447\u0435\u0441\u043a\u0438\u0439 \u0442\u0435\u043c\u043d\u044b\u0439 \u0448\u043e\u043a\u043e\u043b\u0430\u0434 70% RAW, 40 \u0433, COCOA - Biopapa<\/title>\n<meta name=\"description\" content=\"\u041e\u0440\u0433\u0430\u043d\u0438\u0447\u0435\u0441\u043a\u0438\u0439 \u0447\u0435\u0440\u043d\u044b\u0439 \u0448\u043e\u043a\u043e\u043b\u0430\u0434 \u0438\u0437 \u043d\u0435\u043e\u0431\u0436\u0430\u0440\u0435\u043d\u043d\u044b\u0445 \u043a\u0430\u043a\u0430\u043e-\u0431\u043e\u0431\u043e\u0432, \u043f\u043e\u0434\u0441\u043b\u0430\u0449\u0435\u043d\u043d\u044b\u0439 \u043e\u0440\u0433\u0430\u043d\u0438\u0447\u0435\u0441\u043a\u0438\u043c \u0441\u0430\u0445\u0430\u0440\u043e\u043c \u0438\u0437 \u0446\u0432\u0435\u0442\u043a\u043e\u0432 \u043a\u043e\u043a\u043e\u0441\u0430. \u0421\u043e\u0434\u0435\u0440\u0436\u0430\u043d\u0438\u0435 \u043a\u0430\u043a\u0430\u043e \u043d\u0435 \u043c\u0435\u043d\u0435\u0435 70%. \u041f\u0440\u0435\u043a\u0440\u0430\u0441\u043d\u0430\u044f \u0430\u043b\u044c\u0442\u0435\u0440\u043d\u0430\u0442\u0438\u0432\u0430 \u043e\u0431\u044b\u0447\u043d\u043e\u043c\u0443 \u0448\u043e\u043a\u043e\u043b\u0430\u0434\u0443.\" \/>\n<meta name=\"robots\" content=\"index, follow, max-snippet:-1, max-image-preview:large, max-video-preview:-1\" \/>\n<link rel=\"canonical\" href=\"https:\/\/www.biopapa.lt\/ru\/produktas\/organicheskiy-chernyy-shokolad-raw-70-50-g-cocoa\/\" \/>\n<meta property=\"og:locale\" content=\"ru_RU\" \/>\n<meta property=\"og:type\" content=\"article\" \/>\n<meta property=\"og:title\" content=\"\u041e\u0440\u0433\u0430\u043d\u0438\u0447\u0435\u0441\u043a\u0438\u0439 \u0442\u0435\u043c\u043d\u044b\u0439 \u0448\u043e\u043a\u043e\u043b\u0430\u0434 70% RAW, 40 \u0433, COCOA - Biopapa\" \/>\n<meta property=\"og:description\" content=\"\u041e\u0440\u0433\u0430\u043d\u0438\u0447\u0435\u0441\u043a\u0438\u0439 \u0447\u0435\u0440\u043d\u044b\u0439 \u0448\u043e\u043a\u043e\u043b\u0430\u0434 \u0438\u0437 \u043d\u0435\u043e\u0431\u0436\u0430\u0440\u0435\u043d\u043d\u044b\u0445 \u043a\u0430\u043a\u0430\u043e-\u0431\u043e\u0431\u043e\u0432, \u043f\u043e\u0434\u0441\u043b\u0430\u0449\u0435\u043d\u043d\u044b\u0439 \u043e\u0440\u0433\u0430\u043d\u0438\u0447\u0435\u0441\u043a\u0438\u043c \u0441\u0430\u0445\u0430\u0440\u043e\u043c \u0438\u0437 \u0446\u0432\u0435\u0442\u043a\u043e\u0432 \u043a\u043e\u043a\u043e\u0441\u0430. \u0421\u043e\u0434\u0435\u0440\u0436\u0430\u043d\u0438\u0435 \u043a\u0430\u043a\u0430\u043e \u043d\u0435 \u043c\u0435\u043d\u0435\u0435 70%. \u041f\u0440\u0435\u043a\u0440\u0430\u0441\u043d\u0430\u044f \u0430\u043b\u044c\u0442\u0435\u0440\u043d\u0430\u0442\u0438\u0432\u0430 \u043e\u0431\u044b\u0447\u043d\u043e\u043c\u0443 \u0448\u043e\u043a\u043e\u043b\u0430\u0434\u0443.\" \/>\n<meta property=\"og:url\" content=\"https:\/\/www.biopapa.lt\/ru\/produktas\/organicheskiy-chernyy-shokolad-raw-70-50-g-cocoa\/\" \/>\n<meta property=\"og:site_name\" content=\"Biopapa\" \/>\n<meta property=\"article:publisher\" content=\"https:\/\/www.facebook.com\/biopapa.lt\" \/>\n<meta property=\"article:modified_time\" content=\"2026-02-13T10:31:58+00:00\" \/>\n<meta property=\"og:image\" content=\"https:\/\/www.biopapa.lt\/wp-content\/uploads\/2023\/03\/Ekologiskas-juodasis-sokoladas-.jpg\" \/>\n\t<meta property=\"og:image:width\" content=\"800\" \/>\n\t<meta property=\"og:image:height\" content=\"640\" \/>\n\t<meta property=\"og:image:type\" content=\"image\/jpeg\" \/>\n<meta name=\"twitter:card\" content=\"summary_large_image\" \/>\n<script type=\"application\/ld+json\" class=\"yoast-schema-graph\">{\"@context\":\"https:\\\/\\\/schema.org\",\"@graph\":[{\"@type\":\"WebPage\",\"@id\":\"https:\\\/\\\/www.biopapa.lt\\\/ru\\\/produktas\\\/organicheskiy-chernyy-shokolad-raw-70-50-g-cocoa\\\/\",\"url\":\"https:\\\/\\\/www.biopapa.lt\\\/ru\\\/produktas\\\/organicheskiy-chernyy-shokolad-raw-70-50-g-cocoa\\\/\",\"name\":\"\u041e\u0440\u0433\u0430\u043d\u0438\u0447\u0435\u0441\u043a\u0438\u0439 \u0442\u0435\u043c\u043d\u044b\u0439 \u0448\u043e\u043a\u043e\u043b\u0430\u0434 70% RAW, 40 \u0433, COCOA - Biopapa\",\"isPartOf\":{\"@id\":\"https:\\\/\\\/www.biopapa.lt\\\/#website\"},\"primaryImageOfPage\":{\"@id\":\"https:\\\/\\\/www.biopapa.lt\\\/ru\\\/produktas\\\/organicheskiy-chernyy-shokolad-raw-70-50-g-cocoa\\\/#primaryimage\"},\"image\":{\"@id\":\"https:\\\/\\\/www.biopapa.lt\\\/ru\\\/produktas\\\/organicheskiy-chernyy-shokolad-raw-70-50-g-cocoa\\\/#primaryimage\"},\"thumbnailUrl\":\"https:\\\/\\\/www.biopapa.lt\\\/wp-content\\\/uploads\\\/2023\\\/03\\\/Ekologiskas-juodasis-sokoladas-.jpg\",\"datePublished\":\"2023-03-21T06:18:35+00:00\",\"dateModified\":\"2026-02-13T10:31:58+00:00\",\"description\":\"\u041e\u0440\u0433\u0430\u043d\u0438\u0447\u0435\u0441\u043a\u0438\u0439 \u0447\u0435\u0440\u043d\u044b\u0439 \u0448\u043e\u043a\u043e\u043b\u0430\u0434 \u0438\u0437 \u043d\u0435\u043e\u0431\u0436\u0430\u0440\u0435\u043d\u043d\u044b\u0445 \u043a\u0430\u043a\u0430\u043e-\u0431\u043e\u0431\u043e\u0432, \u043f\u043e\u0434\u0441\u043b\u0430\u0449\u0435\u043d\u043d\u044b\u0439 \u043e\u0440\u0433\u0430\u043d\u0438\u0447\u0435\u0441\u043a\u0438\u043c \u0441\u0430\u0445\u0430\u0440\u043e\u043c \u0438\u0437 \u0446\u0432\u0435\u0442\u043a\u043e\u0432 \u043a\u043e\u043a\u043e\u0441\u0430. \u0421\u043e\u0434\u0435\u0440\u0436\u0430\u043d\u0438\u0435 \u043a\u0430\u043a\u0430\u043e \u043d\u0435 \u043c\u0435\u043d\u0435\u0435 70%. \u041f\u0440\u0435\u043a\u0440\u0430\u0441\u043d\u0430\u044f \u0430\u043b\u044c\u0442\u0435\u0440\u043d\u0430\u0442\u0438\u0432\u0430 \u043e\u0431\u044b\u0447\u043d\u043e\u043c\u0443 \u0448\u043e\u043a\u043e\u043b\u0430\u0434\u0443.\",\"breadcrumb\":{\"@id\":\"https:\\\/\\\/www.biopapa.lt\\\/ru\\\/produktas\\\/organicheskiy-chernyy-shokolad-raw-70-50-g-cocoa\\\/#breadcrumb\"},\"inLanguage\":\"ru-RU\",\"potentialAction\":[{\"@type\":\"ReadAction\",\"target\":[\"https:\\\/\\\/www.biopapa.lt\\\/ru\\\/produktas\\\/organicheskiy-chernyy-shokolad-raw-70-50-g-cocoa\\\/\"]}]},{\"@type\":\"ImageObject\",\"inLanguage\":\"ru-RU\",\"@id\":\"https:\\\/\\\/www.biopapa.lt\\\/ru\\\/produktas\\\/organicheskiy-chernyy-shokolad-raw-70-50-g-cocoa\\\/#primaryimage\",\"url\":\"https:\\\/\\\/www.biopapa.lt\\\/wp-content\\\/uploads\\\/2023\\\/03\\\/Ekologiskas-juodasis-sokoladas-.jpg\",\"contentUrl\":\"https:\\\/\\\/www.biopapa.lt\\\/wp-content\\\/uploads\\\/2023\\\/03\\\/Ekologiskas-juodasis-sokoladas-.jpg\",\"width\":800,\"height\":640,\"caption\":\"\u041e\u0440\u0433\u0430\u043d\u0438\u0447\u0435\u0441\u043a\u0438\u0439 \u0442\u0435\u043c\u043d\u044b\u0439 \u0448\u043e\u043a\u043e\u043b\u0430\u0434\"},{\"@type\":\"BreadcrumbList\",\"@id\":\"https:\\\/\\\/www.biopapa.lt\\\/ru\\\/produktas\\\/organicheskiy-chernyy-shokolad-raw-70-50-g-cocoa\\\/#breadcrumb\",\"itemListElement\":[{\"@type\":\"ListItem\",\"position\":1,\"name\":\"Home\",\"item\":\"https:\\\/\\\/www.biopapa.lt\\\/ru\\\/\"},{\"@type\":\"ListItem\",\"position\":2,\"name\":\"\u041c\u0430\u0433\u0430\u0437\u0438\u043d\",\"item\":\"https:\\\/\\\/www.biopapa.lt\\\/ru\\\/%d0%bc%d0%b0%d0%b3%d0%b0%d0%b7%d0%b8%d0%bd\\\/\"},{\"@type\":\"ListItem\",\"position\":3,\"name\":\"\u041e\u0440\u0433\u0430\u043d\u0438\u0447\u0435\u0441\u043a\u0438\u0439 \u0442\u0435\u043c\u043d\u044b\u0439 \u0448\u043e\u043a\u043e\u043b\u0430\u0434 70% RAW, 40 \u0433, COCOA\"}]},{\"@type\":\"WebSite\",\"@id\":\"https:\\\/\\\/www.biopapa.lt\\\/#website\",\"url\":\"https:\\\/\\\/www.biopapa.lt\\\/\",\"name\":\"Biopapa\",\"description\":\"\u0160var\u016bs ekologi\u0161ki produktai\",\"publisher\":{\"@id\":\"https:\\\/\\\/www.biopapa.lt\\\/#organization\"},\"potentialAction\":[{\"@type\":\"SearchAction\",\"target\":{\"@type\":\"EntryPoint\",\"urlTemplate\":\"https:\\\/\\\/www.biopapa.lt\\\/?s={search_term_string}\"},\"query-input\":{\"@type\":\"PropertyValueSpecification\",\"valueRequired\":true,\"valueName\":\"search_term_string\"}}],\"inLanguage\":\"ru-RU\"},{\"@type\":\"Organization\",\"@id\":\"https:\\\/\\\/www.biopapa.lt\\\/#organization\",\"name\":\"Biopapa\",\"url\":\"https:\\\/\\\/www.biopapa.lt\\\/\",\"logo\":{\"@type\":\"ImageObject\",\"inLanguage\":\"ru-RU\",\"@id\":\"https:\\\/\\\/www.biopapa.lt\\\/#\\\/schema\\\/logo\\\/image\\\/\",\"url\":\"https:\\\/\\\/www.biopapa.lt\\\/wp-content\\\/uploads\\\/2022\\\/04\\\/facebook_biopapa.jpg\",\"contentUrl\":\"https:\\\/\\\/www.biopapa.lt\\\/wp-content\\\/uploads\\\/2022\\\/04\\\/facebook_biopapa.jpg\",\"width\":1733,\"height\":907,\"caption\":\"Biopapa\"},\"image\":{\"@id\":\"https:\\\/\\\/www.biopapa.lt\\\/#\\\/schema\\\/logo\\\/image\\\/\"},\"sameAs\":[\"https:\\\/\\\/www.facebook.com\\\/biopapa.lt\"]}]}<\/script>\n<!-- \/ Yoast SEO plugin. -->","yoast_head_json":{"title":"\u041e\u0440\u0433\u0430\u043d\u0438\u0447\u0435\u0441\u043a\u0438\u0439 \u0442\u0435\u043c\u043d\u044b\u0439 \u0448\u043e\u043a\u043e\u043b\u0430\u0434 70% RAW, 40 \u0433, COCOA - Biopapa","description":"\u041e\u0440\u0433\u0430\u043d\u0438\u0447\u0435\u0441\u043a\u0438\u0439 \u0447\u0435\u0440\u043d\u044b\u0439 \u0448\u043e\u043a\u043e\u043b\u0430\u0434 \u0438\u0437 \u043d\u0435\u043e\u0431\u0436\u0430\u0440\u0435\u043d\u043d\u044b\u0445 \u043a\u0430\u043a\u0430\u043e-\u0431\u043e\u0431\u043e\u0432, \u043f\u043e\u0434\u0441\u043b\u0430\u0449\u0435\u043d\u043d\u044b\u0439 \u043e\u0440\u0433\u0430\u043d\u0438\u0447\u0435\u0441\u043a\u0438\u043c \u0441\u0430\u0445\u0430\u0440\u043e\u043c \u0438\u0437 \u0446\u0432\u0435\u0442\u043a\u043e\u0432 \u043a\u043e\u043a\u043e\u0441\u0430. \u0421\u043e\u0434\u0435\u0440\u0436\u0430\u043d\u0438\u0435 \u043a\u0430\u043a\u0430\u043e \u043d\u0435 \u043c\u0435\u043d\u0435\u0435 70%. \u041f\u0440\u0435\u043a\u0440\u0430\u0441\u043d\u0430\u044f \u0430\u043b\u044c\u0442\u0435\u0440\u043d\u0430\u0442\u0438\u0432\u0430 \u043e\u0431\u044b\u0447\u043d\u043e\u043c\u0443 \u0448\u043e\u043a\u043e\u043b\u0430\u0434\u0443.","robots":{"index":"index","follow":"follow","max-snippet":"max-snippet:-1","max-image-preview":"max-image-preview:large","max-video-preview":"max-video-preview:-1"},"canonical":"https:\/\/www.biopapa.lt\/ru\/produktas\/organicheskiy-chernyy-shokolad-raw-70-50-g-cocoa\/","og_locale":"ru_RU","og_type":"article","og_title":"\u041e\u0440\u0433\u0430\u043d\u0438\u0447\u0435\u0441\u043a\u0438\u0439 \u0442\u0435\u043c\u043d\u044b\u0439 \u0448\u043e\u043a\u043e\u043b\u0430\u0434 70% RAW, 40 \u0433, COCOA - Biopapa","og_description":"\u041e\u0440\u0433\u0430\u043d\u0438\u0447\u0435\u0441\u043a\u0438\u0439 \u0447\u0435\u0440\u043d\u044b\u0439 \u0448\u043e\u043a\u043e\u043b\u0430\u0434 \u0438\u0437 \u043d\u0435\u043e\u0431\u0436\u0430\u0440\u0435\u043d\u043d\u044b\u0445 \u043a\u0430\u043a\u0430\u043e-\u0431\u043e\u0431\u043e\u0432, \u043f\u043e\u0434\u0441\u043b\u0430\u0449\u0435\u043d\u043d\u044b\u0439 \u043e\u0440\u0433\u0430\u043d\u0438\u0447\u0435\u0441\u043a\u0438\u043c \u0441\u0430\u0445\u0430\u0440\u043e\u043c \u0438\u0437 \u0446\u0432\u0435\u0442\u043a\u043e\u0432 \u043a\u043e\u043a\u043e\u0441\u0430. \u0421\u043e\u0434\u0435\u0440\u0436\u0430\u043d\u0438\u0435 \u043a\u0430\u043a\u0430\u043e \u043d\u0435 \u043c\u0435\u043d\u0435\u0435 70%. \u041f\u0440\u0435\u043a\u0440\u0430\u0441\u043d\u0430\u044f \u0430\u043b\u044c\u0442\u0435\u0440\u043d\u0430\u0442\u0438\u0432\u0430 \u043e\u0431\u044b\u0447\u043d\u043e\u043c\u0443 \u0448\u043e\u043a\u043e\u043b\u0430\u0434\u0443.","og_url":"https:\/\/www.biopapa.lt\/ru\/produktas\/organicheskiy-chernyy-shokolad-raw-70-50-g-cocoa\/","og_site_name":"Biopapa","article_publisher":"https:\/\/www.facebook.com\/biopapa.lt","article_modified_time":"2026-02-13T10:31:58+00:00","og_image":[{"width":800,"height":640,"url":"https:\/\/www.biopapa.lt\/wp-content\/uploads\/2023\/03\/Ekologiskas-juodasis-sokoladas-.jpg","type":"image\/jpeg"}],"twitter_card":"summary_large_image","schema":{"@context":"https:\/\/schema.org","@graph":[{"@type":"WebPage","@id":"https:\/\/www.biopapa.lt\/ru\/produktas\/organicheskiy-chernyy-shokolad-raw-70-50-g-cocoa\/","url":"https:\/\/www.biopapa.lt\/ru\/produktas\/organicheskiy-chernyy-shokolad-raw-70-50-g-cocoa\/","name":"\u041e\u0440\u0433\u0430\u043d\u0438\u0447\u0435\u0441\u043a\u0438\u0439 \u0442\u0435\u043c\u043d\u044b\u0439 \u0448\u043e\u043a\u043e\u043b\u0430\u0434 70% RAW, 40 \u0433, COCOA - Biopapa","isPartOf":{"@id":"https:\/\/www.biopapa.lt\/#website"},"primaryImageOfPage":{"@id":"https:\/\/www.biopapa.lt\/ru\/produktas\/organicheskiy-chernyy-shokolad-raw-70-50-g-cocoa\/#primaryimage"},"image":{"@id":"https:\/\/www.biopapa.lt\/ru\/produktas\/organicheskiy-chernyy-shokolad-raw-70-50-g-cocoa\/#primaryimage"},"thumbnailUrl":"https:\/\/www.biopapa.lt\/wp-content\/uploads\/2023\/03\/Ekologiskas-juodasis-sokoladas-.jpg","datePublished":"2023-03-21T06:18:35+00:00","dateModified":"2026-02-13T10:31:58+00:00","description":"\u041e\u0440\u0433\u0430\u043d\u0438\u0447\u0435\u0441\u043a\u0438\u0439 \u0447\u0435\u0440\u043d\u044b\u0439 \u0448\u043e\u043a\u043e\u043b\u0430\u0434 \u0438\u0437 \u043d\u0435\u043e\u0431\u0436\u0430\u0440\u0435\u043d\u043d\u044b\u0445 \u043a\u0430\u043a\u0430\u043e-\u0431\u043e\u0431\u043e\u0432, \u043f\u043e\u0434\u0441\u043b\u0430\u0449\u0435\u043d\u043d\u044b\u0439 \u043e\u0440\u0433\u0430\u043d\u0438\u0447\u0435\u0441\u043a\u0438\u043c \u0441\u0430\u0445\u0430\u0440\u043e\u043c \u0438\u0437 \u0446\u0432\u0435\u0442\u043a\u043e\u0432 \u043a\u043e\u043a\u043e\u0441\u0430. \u0421\u043e\u0434\u0435\u0440\u0436\u0430\u043d\u0438\u0435 \u043a\u0430\u043a\u0430\u043e \u043d\u0435 \u043c\u0435\u043d\u0435\u0435 70%. \u041f\u0440\u0435\u043a\u0440\u0430\u0441\u043d\u0430\u044f \u0430\u043b\u044c\u0442\u0435\u0440\u043d\u0430\u0442\u0438\u0432\u0430 \u043e\u0431\u044b\u0447\u043d\u043e\u043c\u0443 \u0448\u043e\u043a\u043e\u043b\u0430\u0434\u0443.","breadcrumb":{"@id":"https:\/\/www.biopapa.lt\/ru\/produktas\/organicheskiy-chernyy-shokolad-raw-70-50-g-cocoa\/#breadcrumb"},"inLanguage":"ru-RU","potentialAction":[{"@type":"ReadAction","target":["https:\/\/www.biopapa.lt\/ru\/produktas\/organicheskiy-chernyy-shokolad-raw-70-50-g-cocoa\/"]}]},{"@type":"ImageObject","inLanguage":"ru-RU","@id":"https:\/\/www.biopapa.lt\/ru\/produktas\/organicheskiy-chernyy-shokolad-raw-70-50-g-cocoa\/#primaryimage","url":"https:\/\/www.biopapa.lt\/wp-content\/uploads\/2023\/03\/Ekologiskas-juodasis-sokoladas-.jpg","contentUrl":"https:\/\/www.biopapa.lt\/wp-content\/uploads\/2023\/03\/Ekologiskas-juodasis-sokoladas-.jpg","width":800,"height":640,"caption":"\u041e\u0440\u0433\u0430\u043d\u0438\u0447\u0435\u0441\u043a\u0438\u0439 \u0442\u0435\u043c\u043d\u044b\u0439 \u0448\u043e\u043a\u043e\u043b\u0430\u0434"},{"@type":"BreadcrumbList","@id":"https:\/\/www.biopapa.lt\/ru\/produktas\/organicheskiy-chernyy-shokolad-raw-70-50-g-cocoa\/#breadcrumb","itemListElement":[{"@type":"ListItem","position":1,"name":"Home","item":"https:\/\/www.biopapa.lt\/ru\/"},{"@type":"ListItem","position":2,"name":"\u041c\u0430\u0433\u0430\u0437\u0438\u043d","item":"https:\/\/www.biopapa.lt\/ru\/%d0%bc%d0%b0%d0%b3%d0%b0%d0%b7%d0%b8%d0%bd\/"},{"@type":"ListItem","position":3,"name":"\u041e\u0440\u0433\u0430\u043d\u0438\u0447\u0435\u0441\u043a\u0438\u0439 \u0442\u0435\u043c\u043d\u044b\u0439 \u0448\u043e\u043a\u043e\u043b\u0430\u0434 70% RAW, 40 \u0433, COCOA"}]},{"@type":"WebSite","@id":"https:\/\/www.biopapa.lt\/#website","url":"https:\/\/www.biopapa.lt\/","name":"Biopapa","description":"\u0160var\u016bs ekologi\u0161ki produktai","publisher":{"@id":"https:\/\/www.biopapa.lt\/#organization"},"potentialAction":[{"@type":"SearchAction","target":{"@type":"EntryPoint","urlTemplate":"https:\/\/www.biopapa.lt\/?s={search_term_string}"},"query-input":{"@type":"PropertyValueSpecification","valueRequired":true,"valueName":"search_term_string"}}],"inLanguage":"ru-RU"},{"@type":"Organization","@id":"https:\/\/www.biopapa.lt\/#organization","name":"Biopapa","url":"https:\/\/www.biopapa.lt\/","logo":{"@type":"ImageObject","inLanguage":"ru-RU","@id":"https:\/\/www.biopapa.lt\/#\/schema\/logo\/image\/","url":"https:\/\/www.biopapa.lt\/wp-content\/uploads\/2022\/04\/facebook_biopapa.jpg","contentUrl":"https:\/\/www.biopapa.lt\/wp-content\/uploads\/2022\/04\/facebook_biopapa.jpg","width":1733,"height":907,"caption":"Biopapa"},"image":{"@id":"https:\/\/www.biopapa.lt\/#\/schema\/logo\/image\/"},"sameAs":["https:\/\/www.facebook.com\/biopapa.lt"]}]}},"_links":{"self":[{"href":"https:\/\/www.biopapa.lt\/ru\/wp-json\/wp\/v2\/product\/40139","targetHints":{"allow":["GET"]}}],"collection":[{"href":"https:\/\/www.biopapa.lt\/ru\/wp-json\/wp\/v2\/product"}],"about":[{"href":"https:\/\/www.biopapa.lt\/ru\/wp-json\/wp\/v2\/types\/product"}],"wp:featuredmedia":[{"embeddable":true,"href":"https:\/\/www.biopapa.lt\/ru\/wp-json\/wp\/v2\/media\/52709"}],"wp:attachment":[{"href":"https:\/\/www.biopapa.lt\/ru\/wp-json\/wp\/v2\/media?parent=40139"}],"wp:term":[{"taxonomy":"product_brand","embeddable":true,"href":"https:\/\/www.biopapa.lt\/ru\/wp-json\/wp\/v2\/product_brand?post=40139"},{"taxonomy":"product_cat","embeddable":true,"href":"https:\/\/www.biopapa.lt\/ru\/wp-json\/wp\/v2\/product_cat?post=40139"},{"taxonomy":"product_tag","embeddable":true,"href":"https:\/\/www.biopapa.lt\/ru\/wp-json\/wp\/v2\/product_tag?post=40139"}],"curies":[{"name":"wp","href":"https:\/\/api.w.org\/{rel}","templated":true}]}}