{"id":40056,"date":"2022-07-14T08:03:50","date_gmt":"2022-07-14T05:03:50","guid":{"rendered":"https:\/\/www.biopapa.lt\/produktas\/%d0%be%d1%80%d0%b3%d0%b0%d0%bd%d0%b8%d1%87%d0%b5%d1%81%d0%ba%d0%b8%d0%b9-%d0%ba%d0%bb%d0%b5%d0%bd%d0%be%d0%b2%d1%8b%d0%b9-%d1%81%d0%b8%d1%80%d0%be%d0%bf-a-250-%d0%bc%d0%bb-330-%d0%b3-%d0%b1%d0%b5\/"},"modified":"2026-02-13T09:13:53","modified_gmt":"2026-02-13T07:13:53","slug":"organicheskiy-klenovyy-sirop-a-250-ml-330-g-bez-glyutena","status":"publish","type":"product","link":"https:\/\/www.biopapa.lt\/ru\/produktas\/organicheskiy-klenovyy-sirop-a-250-ml-330-g-bez-glyutena\/","title":{"rendered":"\u041e\u0440\u0433\u0430\u043d\u0438\u0447\u0435\u0441\u043a\u0438\u0439 \u043a\u043b\u0435\u043d\u043e\u0432\u044b\u0439 \u0441\u0438\u0440\u043e\u043f, \u0431\u0435\u0437 \u0433\u043b\u044e\u0442\u0435\u043d\u0430, 250 \u043c\u043b (330 \u0433), TERRASANA"},"content":{"rendered":"<p><strong>\u041e\u0440\u0433\u0430\u043d\u0438\u0447\u0435\u0441\u043a\u0438\u0439 \u043a\u043b\u0435\u043d\u043e\u0432\u044b\u0439 \u0441\u0438\u0440\u043e\u043f \u0438\u0437 \u043a\u0430\u043d\u0430\u0434\u0441\u043a\u0438\u0445 \u043b\u0435\u0441\u043e\u0432. \u041f\u043e\u043b\u043d\u043e\u0442\u0435\u043b\u044b\u0439, \u043a\u043b\u0430\u0441\u0441 \u0410.<\/strong><br \/>\n\u0414\u043e\u0431\u0430\u0432\u043b\u044f\u0439\u0442\u0435 \u0432 \u0434\u0435\u0441\u0435\u0440\u0442\u044b, \u043a\u0430\u0448\u0438, \u0431\u043b\u0438\u043d\u044b \u0438\u043b\u0438 \u0438\u0441\u043f\u043e\u043b\u044c\u0437\u0443\u0439\u0442\u0435 \u0432 \u043a\u0430\u0447\u0435\u0441\u0442\u0432\u0435 \u043f\u043e\u0434\u0441\u043b\u0430\u0441\u0442\u0438\u0442\u0435\u043b\u044f \u0432 \u0433\u043e\u0440\u044f\u0447\u0438\u0445 \u043d\u0430\u043f\u0438\u0442\u043a\u0430\u0445.<br \/>\n\u041a\u043b\u0435\u043d\u043e\u0432\u044b\u0439 \u0441\u0438\u0440\u043e\u043f &#8212; \u044d\u0442\u043e \u0443\u043d\u0438\u043a\u0430\u043b\u044c\u043d\u044b\u0439 \u043f\u0440\u043e\u0434\u0443\u043a\u0442. \u0414\u043b\u044f \u043f\u0440\u043e\u0438\u0437\u0432\u043e\u0434\u0441\u0442\u0432\u0430 1 \u043b\u0438\u0442\u0440\u0430 \u0441\u0438\u0440\u043e\u043f\u0430 \u0438\u0437 \u043a\u043b\u0435\u043d\u043e\u0432\u043e\u0433\u043e \u0434\u0435\u0440\u0435\u0432\u0430 \u0432\u044b\u043f\u0430\u0440\u0438\u0432\u0430\u0435\u0442\u0441\u044f 40 \u043b\u0438\u0442\u0440\u043e\u0432 \u0447\u0438\u0441\u0442\u043e\u0433\u043e \u0441\u043e\u043a\u0430.<br \/>\n\u0412 \u0441\u0442\u0435\u043a\u043b\u044f\u043d\u043d\u043e\u0439 \u0431\u0443\u0442\u044b\u043b\u043a\u0435. <\/p>\n","protected":false},"excerpt":{"rendered":"<p>\u041e\u0440\u0433\u0430\u043d\u0438\u0447\u0435\u0441\u043a\u0438\u0439 \u043a\u043b\u0435\u043d\u043e\u0432\u044b\u0439 \u0441\u0438\u0440\u043e\u043f \u0438\u0437 \u043a\u0430\u043d\u0430\u0434\u0441\u043a\u0438\u0445 \u043b\u0435\u0441\u043e\u0432. \u041f\u043e\u043b\u043d\u043e\u0442\u0435\u043b\u044b\u0439, \u043a\u043b\u0430\u0441\u0441 \u0410. \u0414\u043e\u0431\u0430\u0432\u043b\u044f\u0439\u0442\u0435 \u0432 \u0434\u0435\u0441\u0435\u0440\u0442\u044b, \u043a\u0430\u0448\u0438, \u0431\u043b\u0438\u043d\u044b \u0438\u043b\u0438 \u0438\u0441\u043f\u043e\u043b\u044c\u0437\u0443\u0439\u0442\u0435 \u0432 \u043a\u0430\u0447\u0435\u0441\u0442\u0432\u0435 \u043f\u043e\u0434\u0441\u043b\u0430\u0441\u0442\u0438\u0442\u0435\u043b\u044f \u0432<\/p>\n","protected":false},"featured_media":30190,"template":"","meta":{"_acf_changed":false},"product_brand":[],"product_cat":[2697,1976,2341,2006],"product_tag":[2039,2506],"class_list":{"0":"post-40056","1":"product","2":"type-product","3":"status-publish","4":"has-post-thumbnail","6":"product_cat-2697","7":"product_cat-1976","8":"product_cat-2341","9":"product_cat-2006","10":"product_tag-2039","11":"product_tag-veganams-ru","13":"first","14":"instock","15":"shipping-taxable","16":"purchasable","17":"product-type-simple"},"acf":[],"yoast_head":"<!-- This site is optimized with the Yoast SEO plugin v27.3 - https:\/\/yoast.com\/product\/yoast-seo-wordpress\/ -->\n<title>\u041e\u0440\u0433\u0430\u043d\u0438\u0447\u0435\u0441\u043a\u0438\u0439 \u043a\u043b\u0435\u043d\u043e\u0432\u044b\u0439 \u0441\u0438\u0440\u043e\u043f, \u0431\u0435\u0437 \u0433\u043b\u044e\u0442\u0435\u043d\u0430, 250 \u043c\u043b (330 \u0433), TERRASANA - Biopapa<\/title>\n<meta name=\"description\" content=\"\u041e\u0440\u0433\u0430\u043d\u0438\u0447\u0435\u0441\u043a\u0438\u0439 \u043a\u043b\u0435\u043d\u043e\u0432\u044b\u0439 \u0441\u0438\u0440\u043e\u043f \u0438\u0437 \u043a\u0430\u043d\u0430\u0434\u0441\u043a\u0438\u0445 \u043b\u0435\u0441\u043e\u0432, \u043d\u0430\u0441\u044b\u0449\u0435\u043d\u043d\u044b\u0439 \u0432\u043a\u0443\u0441, \u043a\u043b\u0430\u0441\u0441 \u0410.\" \/>\n<meta name=\"robots\" content=\"index, follow, max-snippet:-1, max-image-preview:large, max-video-preview:-1\" \/>\n<link rel=\"canonical\" href=\"https:\/\/www.biopapa.lt\/ru\/produktas\/organicheskiy-klenovyy-sirop-a-250-ml-330-g-bez-glyutena\/\" \/>\n<meta property=\"og:locale\" content=\"ru_RU\" \/>\n<meta property=\"og:type\" content=\"article\" \/>\n<meta property=\"og:title\" content=\"\u041e\u0440\u0433\u0430\u043d\u0438\u0447\u0435\u0441\u043a\u0438\u0439 \u043a\u043b\u0435\u043d\u043e\u0432\u044b\u0439 \u0441\u0438\u0440\u043e\u043f, \u0431\u0435\u0437 \u0433\u043b\u044e\u0442\u0435\u043d\u0430, 250 \u043c\u043b (330 \u0433), TERRASANA - Biopapa\" \/>\n<meta property=\"og:description\" content=\"\u041e\u0440\u0433\u0430\u043d\u0438\u0447\u0435\u0441\u043a\u0438\u0439 \u043a\u043b\u0435\u043d\u043e\u0432\u044b\u0439 \u0441\u0438\u0440\u043e\u043f \u0438\u0437 \u043a\u0430\u043d\u0430\u0434\u0441\u043a\u0438\u0445 \u043b\u0435\u0441\u043e\u0432, \u043d\u0430\u0441\u044b\u0449\u0435\u043d\u043d\u044b\u0439 \u0432\u043a\u0443\u0441, \u043a\u043b\u0430\u0441\u0441 \u0410.\" \/>\n<meta property=\"og:url\" content=\"https:\/\/www.biopapa.lt\/ru\/produktas\/organicheskiy-klenovyy-sirop-a-250-ml-330-g-bez-glyutena\/\" \/>\n<meta property=\"og:site_name\" content=\"Biopapa\" \/>\n<meta property=\"article:publisher\" content=\"https:\/\/www.facebook.com\/biopapa.lt\" \/>\n<meta property=\"article:modified_time\" content=\"2026-02-13T07:13:53+00:00\" \/>\n<meta property=\"og:image\" content=\"https:\/\/www.biopapa.lt\/wp-content\/uploads\/2022\/07\/Ekologiskas-klevu-sirupas-A-250-ml-330-g-be-gliuteno-1.png\" \/>\n\t<meta property=\"og:image:width\" content=\"800\" \/>\n\t<meta property=\"og:image:height\" content=\"640\" \/>\n\t<meta property=\"og:image:type\" content=\"image\/png\" \/>\n<meta name=\"twitter:card\" content=\"summary_large_image\" \/>\n<script type=\"application\/ld+json\" class=\"yoast-schema-graph\">{\"@context\":\"https:\\\/\\\/schema.org\",\"@graph\":[{\"@type\":\"WebPage\",\"@id\":\"https:\\\/\\\/www.biopapa.lt\\\/ru\\\/produktas\\\/organicheskiy-klenovyy-sirop-a-250-ml-330-g-bez-glyutena\\\/\",\"url\":\"https:\\\/\\\/www.biopapa.lt\\\/ru\\\/produktas\\\/organicheskiy-klenovyy-sirop-a-250-ml-330-g-bez-glyutena\\\/\",\"name\":\"\u041e\u0440\u0433\u0430\u043d\u0438\u0447\u0435\u0441\u043a\u0438\u0439 \u043a\u043b\u0435\u043d\u043e\u0432\u044b\u0439 \u0441\u0438\u0440\u043e\u043f, \u0431\u0435\u0437 \u0433\u043b\u044e\u0442\u0435\u043d\u0430, 250 \u043c\u043b (330 \u0433), TERRASANA - Biopapa\",\"isPartOf\":{\"@id\":\"https:\\\/\\\/www.biopapa.lt\\\/#website\"},\"primaryImageOfPage\":{\"@id\":\"https:\\\/\\\/www.biopapa.lt\\\/ru\\\/produktas\\\/organicheskiy-klenovyy-sirop-a-250-ml-330-g-bez-glyutena\\\/#primaryimage\"},\"image\":{\"@id\":\"https:\\\/\\\/www.biopapa.lt\\\/ru\\\/produktas\\\/organicheskiy-klenovyy-sirop-a-250-ml-330-g-bez-glyutena\\\/#primaryimage\"},\"thumbnailUrl\":\"https:\\\/\\\/www.biopapa.lt\\\/wp-content\\\/uploads\\\/2022\\\/07\\\/Ekologiskas-klevu-sirupas-A-250-ml-330-g-be-gliuteno-1.png\",\"datePublished\":\"2022-07-14T05:03:50+00:00\",\"dateModified\":\"2026-02-13T07:13:53+00:00\",\"description\":\"\u041e\u0440\u0433\u0430\u043d\u0438\u0447\u0435\u0441\u043a\u0438\u0439 \u043a\u043b\u0435\u043d\u043e\u0432\u044b\u0439 \u0441\u0438\u0440\u043e\u043f \u0438\u0437 \u043a\u0430\u043d\u0430\u0434\u0441\u043a\u0438\u0445 \u043b\u0435\u0441\u043e\u0432, \u043d\u0430\u0441\u044b\u0449\u0435\u043d\u043d\u044b\u0439 \u0432\u043a\u0443\u0441, \u043a\u043b\u0430\u0441\u0441 \u0410.\",\"breadcrumb\":{\"@id\":\"https:\\\/\\\/www.biopapa.lt\\\/ru\\\/produktas\\\/organicheskiy-klenovyy-sirop-a-250-ml-330-g-bez-glyutena\\\/#breadcrumb\"},\"inLanguage\":\"ru-RU\",\"potentialAction\":[{\"@type\":\"ReadAction\",\"target\":[\"https:\\\/\\\/www.biopapa.lt\\\/ru\\\/produktas\\\/organicheskiy-klenovyy-sirop-a-250-ml-330-g-bez-glyutena\\\/\"]}]},{\"@type\":\"ImageObject\",\"inLanguage\":\"ru-RU\",\"@id\":\"https:\\\/\\\/www.biopapa.lt\\\/ru\\\/produktas\\\/organicheskiy-klenovyy-sirop-a-250-ml-330-g-bez-glyutena\\\/#primaryimage\",\"url\":\"https:\\\/\\\/www.biopapa.lt\\\/wp-content\\\/uploads\\\/2022\\\/07\\\/Ekologiskas-klevu-sirupas-A-250-ml-330-g-be-gliuteno-1.png\",\"contentUrl\":\"https:\\\/\\\/www.biopapa.lt\\\/wp-content\\\/uploads\\\/2022\\\/07\\\/Ekologiskas-klevu-sirupas-A-250-ml-330-g-be-gliuteno-1.png\",\"width\":800,\"height\":640,\"caption\":\"\u041e\u0440\u0433\u0430\u043d\u0438\u0447\u0435\u0441\u043a\u0438\u0439 \u043a\u043b\u0435\u043d\u043e\u0432\u044b\u0439 \u0441\u0438\u0440\u043e\u043f A 250 \u043c\u043b (330 \u0433), \u0431\u0435\u0437 \u0433\u043b\u044e\u0442\u0435\u043d\u0430\"},{\"@type\":\"BreadcrumbList\",\"@id\":\"https:\\\/\\\/www.biopapa.lt\\\/ru\\\/produktas\\\/organicheskiy-klenovyy-sirop-a-250-ml-330-g-bez-glyutena\\\/#breadcrumb\",\"itemListElement\":[{\"@type\":\"ListItem\",\"position\":1,\"name\":\"Home\",\"item\":\"https:\\\/\\\/www.biopapa.lt\\\/ru\\\/\"},{\"@type\":\"ListItem\",\"position\":2,\"name\":\"\u041c\u0430\u0433\u0430\u0437\u0438\u043d\",\"item\":\"https:\\\/\\\/www.biopapa.lt\\\/ru\\\/%d0%bc%d0%b0%d0%b3%d0%b0%d0%b7%d0%b8%d0%bd\\\/\"},{\"@type\":\"ListItem\",\"position\":3,\"name\":\"\u041e\u0440\u0433\u0430\u043d\u0438\u0447\u0435\u0441\u043a\u0438\u0439 \u043a\u043b\u0435\u043d\u043e\u0432\u044b\u0439 \u0441\u0438\u0440\u043e\u043f, \u0431\u0435\u0437 \u0433\u043b\u044e\u0442\u0435\u043d\u0430, 250 \u043c\u043b (330 \u0433), TERRASANA\"}]},{\"@type\":\"WebSite\",\"@id\":\"https:\\\/\\\/www.biopapa.lt\\\/#website\",\"url\":\"https:\\\/\\\/www.biopapa.lt\\\/\",\"name\":\"Biopapa\",\"description\":\"\u0160var\u016bs ekologi\u0161ki produktai\",\"publisher\":{\"@id\":\"https:\\\/\\\/www.biopapa.lt\\\/#organization\"},\"potentialAction\":[{\"@type\":\"SearchAction\",\"target\":{\"@type\":\"EntryPoint\",\"urlTemplate\":\"https:\\\/\\\/www.biopapa.lt\\\/?s={search_term_string}\"},\"query-input\":{\"@type\":\"PropertyValueSpecification\",\"valueRequired\":true,\"valueName\":\"search_term_string\"}}],\"inLanguage\":\"ru-RU\"},{\"@type\":\"Organization\",\"@id\":\"https:\\\/\\\/www.biopapa.lt\\\/#organization\",\"name\":\"Biopapa\",\"url\":\"https:\\\/\\\/www.biopapa.lt\\\/\",\"logo\":{\"@type\":\"ImageObject\",\"inLanguage\":\"ru-RU\",\"@id\":\"https:\\\/\\\/www.biopapa.lt\\\/#\\\/schema\\\/logo\\\/image\\\/\",\"url\":\"https:\\\/\\\/www.biopapa.lt\\\/wp-content\\\/uploads\\\/2022\\\/04\\\/facebook_biopapa.jpg\",\"contentUrl\":\"https:\\\/\\\/www.biopapa.lt\\\/wp-content\\\/uploads\\\/2022\\\/04\\\/facebook_biopapa.jpg\",\"width\":1733,\"height\":907,\"caption\":\"Biopapa\"},\"image\":{\"@id\":\"https:\\\/\\\/www.biopapa.lt\\\/#\\\/schema\\\/logo\\\/image\\\/\"},\"sameAs\":[\"https:\\\/\\\/www.facebook.com\\\/biopapa.lt\"]}]}<\/script>\n<!-- \/ Yoast SEO plugin. -->","yoast_head_json":{"title":"\u041e\u0440\u0433\u0430\u043d\u0438\u0447\u0435\u0441\u043a\u0438\u0439 \u043a\u043b\u0435\u043d\u043e\u0432\u044b\u0439 \u0441\u0438\u0440\u043e\u043f, \u0431\u0435\u0437 \u0433\u043b\u044e\u0442\u0435\u043d\u0430, 250 \u043c\u043b (330 \u0433), TERRASANA - Biopapa","description":"\u041e\u0440\u0433\u0430\u043d\u0438\u0447\u0435\u0441\u043a\u0438\u0439 \u043a\u043b\u0435\u043d\u043e\u0432\u044b\u0439 \u0441\u0438\u0440\u043e\u043f \u0438\u0437 \u043a\u0430\u043d\u0430\u0434\u0441\u043a\u0438\u0445 \u043b\u0435\u0441\u043e\u0432, \u043d\u0430\u0441\u044b\u0449\u0435\u043d\u043d\u044b\u0439 \u0432\u043a\u0443\u0441, \u043a\u043b\u0430\u0441\u0441 \u0410.","robots":{"index":"index","follow":"follow","max-snippet":"max-snippet:-1","max-image-preview":"max-image-preview:large","max-video-preview":"max-video-preview:-1"},"canonical":"https:\/\/www.biopapa.lt\/ru\/produktas\/organicheskiy-klenovyy-sirop-a-250-ml-330-g-bez-glyutena\/","og_locale":"ru_RU","og_type":"article","og_title":"\u041e\u0440\u0433\u0430\u043d\u0438\u0447\u0435\u0441\u043a\u0438\u0439 \u043a\u043b\u0435\u043d\u043e\u0432\u044b\u0439 \u0441\u0438\u0440\u043e\u043f, \u0431\u0435\u0437 \u0433\u043b\u044e\u0442\u0435\u043d\u0430, 250 \u043c\u043b (330 \u0433), TERRASANA - Biopapa","og_description":"\u041e\u0440\u0433\u0430\u043d\u0438\u0447\u0435\u0441\u043a\u0438\u0439 \u043a\u043b\u0435\u043d\u043e\u0432\u044b\u0439 \u0441\u0438\u0440\u043e\u043f \u0438\u0437 \u043a\u0430\u043d\u0430\u0434\u0441\u043a\u0438\u0445 \u043b\u0435\u0441\u043e\u0432, \u043d\u0430\u0441\u044b\u0449\u0435\u043d\u043d\u044b\u0439 \u0432\u043a\u0443\u0441, \u043a\u043b\u0430\u0441\u0441 \u0410.","og_url":"https:\/\/www.biopapa.lt\/ru\/produktas\/organicheskiy-klenovyy-sirop-a-250-ml-330-g-bez-glyutena\/","og_site_name":"Biopapa","article_publisher":"https:\/\/www.facebook.com\/biopapa.lt","article_modified_time":"2026-02-13T07:13:53+00:00","og_image":[{"width":800,"height":640,"url":"https:\/\/www.biopapa.lt\/wp-content\/uploads\/2022\/07\/Ekologiskas-klevu-sirupas-A-250-ml-330-g-be-gliuteno-1.png","type":"image\/png"}],"twitter_card":"summary_large_image","schema":{"@context":"https:\/\/schema.org","@graph":[{"@type":"WebPage","@id":"https:\/\/www.biopapa.lt\/ru\/produktas\/organicheskiy-klenovyy-sirop-a-250-ml-330-g-bez-glyutena\/","url":"https:\/\/www.biopapa.lt\/ru\/produktas\/organicheskiy-klenovyy-sirop-a-250-ml-330-g-bez-glyutena\/","name":"\u041e\u0440\u0433\u0430\u043d\u0438\u0447\u0435\u0441\u043a\u0438\u0439 \u043a\u043b\u0435\u043d\u043e\u0432\u044b\u0439 \u0441\u0438\u0440\u043e\u043f, \u0431\u0435\u0437 \u0433\u043b\u044e\u0442\u0435\u043d\u0430, 250 \u043c\u043b (330 \u0433), TERRASANA - Biopapa","isPartOf":{"@id":"https:\/\/www.biopapa.lt\/#website"},"primaryImageOfPage":{"@id":"https:\/\/www.biopapa.lt\/ru\/produktas\/organicheskiy-klenovyy-sirop-a-250-ml-330-g-bez-glyutena\/#primaryimage"},"image":{"@id":"https:\/\/www.biopapa.lt\/ru\/produktas\/organicheskiy-klenovyy-sirop-a-250-ml-330-g-bez-glyutena\/#primaryimage"},"thumbnailUrl":"https:\/\/www.biopapa.lt\/wp-content\/uploads\/2022\/07\/Ekologiskas-klevu-sirupas-A-250-ml-330-g-be-gliuteno-1.png","datePublished":"2022-07-14T05:03:50+00:00","dateModified":"2026-02-13T07:13:53+00:00","description":"\u041e\u0440\u0433\u0430\u043d\u0438\u0447\u0435\u0441\u043a\u0438\u0439 \u043a\u043b\u0435\u043d\u043e\u0432\u044b\u0439 \u0441\u0438\u0440\u043e\u043f \u0438\u0437 \u043a\u0430\u043d\u0430\u0434\u0441\u043a\u0438\u0445 \u043b\u0435\u0441\u043e\u0432, \u043d\u0430\u0441\u044b\u0449\u0435\u043d\u043d\u044b\u0439 \u0432\u043a\u0443\u0441, \u043a\u043b\u0430\u0441\u0441 \u0410.","breadcrumb":{"@id":"https:\/\/www.biopapa.lt\/ru\/produktas\/organicheskiy-klenovyy-sirop-a-250-ml-330-g-bez-glyutena\/#breadcrumb"},"inLanguage":"ru-RU","potentialAction":[{"@type":"ReadAction","target":["https:\/\/www.biopapa.lt\/ru\/produktas\/organicheskiy-klenovyy-sirop-a-250-ml-330-g-bez-glyutena\/"]}]},{"@type":"ImageObject","inLanguage":"ru-RU","@id":"https:\/\/www.biopapa.lt\/ru\/produktas\/organicheskiy-klenovyy-sirop-a-250-ml-330-g-bez-glyutena\/#primaryimage","url":"https:\/\/www.biopapa.lt\/wp-content\/uploads\/2022\/07\/Ekologiskas-klevu-sirupas-A-250-ml-330-g-be-gliuteno-1.png","contentUrl":"https:\/\/www.biopapa.lt\/wp-content\/uploads\/2022\/07\/Ekologiskas-klevu-sirupas-A-250-ml-330-g-be-gliuteno-1.png","width":800,"height":640,"caption":"\u041e\u0440\u0433\u0430\u043d\u0438\u0447\u0435\u0441\u043a\u0438\u0439 \u043a\u043b\u0435\u043d\u043e\u0432\u044b\u0439 \u0441\u0438\u0440\u043e\u043f A 250 \u043c\u043b (330 \u0433), \u0431\u0435\u0437 \u0433\u043b\u044e\u0442\u0435\u043d\u0430"},{"@type":"BreadcrumbList","@id":"https:\/\/www.biopapa.lt\/ru\/produktas\/organicheskiy-klenovyy-sirop-a-250-ml-330-g-bez-glyutena\/#breadcrumb","itemListElement":[{"@type":"ListItem","position":1,"name":"Home","item":"https:\/\/www.biopapa.lt\/ru\/"},{"@type":"ListItem","position":2,"name":"\u041c\u0430\u0433\u0430\u0437\u0438\u043d","item":"https:\/\/www.biopapa.lt\/ru\/%d0%bc%d0%b0%d0%b3%d0%b0%d0%b7%d0%b8%d0%bd\/"},{"@type":"ListItem","position":3,"name":"\u041e\u0440\u0433\u0430\u043d\u0438\u0447\u0435\u0441\u043a\u0438\u0439 \u043a\u043b\u0435\u043d\u043e\u0432\u044b\u0439 \u0441\u0438\u0440\u043e\u043f, \u0431\u0435\u0437 \u0433\u043b\u044e\u0442\u0435\u043d\u0430, 250 \u043c\u043b (330 \u0433), TERRASANA"}]},{"@type":"WebSite","@id":"https:\/\/www.biopapa.lt\/#website","url":"https:\/\/www.biopapa.lt\/","name":"Biopapa","description":"\u0160var\u016bs ekologi\u0161ki produktai","publisher":{"@id":"https:\/\/www.biopapa.lt\/#organization"},"potentialAction":[{"@type":"SearchAction","target":{"@type":"EntryPoint","urlTemplate":"https:\/\/www.biopapa.lt\/?s={search_term_string}"},"query-input":{"@type":"PropertyValueSpecification","valueRequired":true,"valueName":"search_term_string"}}],"inLanguage":"ru-RU"},{"@type":"Organization","@id":"https:\/\/www.biopapa.lt\/#organization","name":"Biopapa","url":"https:\/\/www.biopapa.lt\/","logo":{"@type":"ImageObject","inLanguage":"ru-RU","@id":"https:\/\/www.biopapa.lt\/#\/schema\/logo\/image\/","url":"https:\/\/www.biopapa.lt\/wp-content\/uploads\/2022\/04\/facebook_biopapa.jpg","contentUrl":"https:\/\/www.biopapa.lt\/wp-content\/uploads\/2022\/04\/facebook_biopapa.jpg","width":1733,"height":907,"caption":"Biopapa"},"image":{"@id":"https:\/\/www.biopapa.lt\/#\/schema\/logo\/image\/"},"sameAs":["https:\/\/www.facebook.com\/biopapa.lt"]}]}},"_links":{"self":[{"href":"https:\/\/www.biopapa.lt\/ru\/wp-json\/wp\/v2\/product\/40056","targetHints":{"allow":["GET"]}}],"collection":[{"href":"https:\/\/www.biopapa.lt\/ru\/wp-json\/wp\/v2\/product"}],"about":[{"href":"https:\/\/www.biopapa.lt\/ru\/wp-json\/wp\/v2\/types\/product"}],"wp:featuredmedia":[{"embeddable":true,"href":"https:\/\/www.biopapa.lt\/ru\/wp-json\/wp\/v2\/media\/30190"}],"wp:attachment":[{"href":"https:\/\/www.biopapa.lt\/ru\/wp-json\/wp\/v2\/media?parent=40056"}],"wp:term":[{"taxonomy":"product_brand","embeddable":true,"href":"https:\/\/www.biopapa.lt\/ru\/wp-json\/wp\/v2\/product_brand?post=40056"},{"taxonomy":"product_cat","embeddable":true,"href":"https:\/\/www.biopapa.lt\/ru\/wp-json\/wp\/v2\/product_cat?post=40056"},{"taxonomy":"product_tag","embeddable":true,"href":"https:\/\/www.biopapa.lt\/ru\/wp-json\/wp\/v2\/product_tag?post=40056"}],"curies":[{"name":"wp","href":"https:\/\/api.w.org\/{rel}","templated":true}]}}