{"id":37036,"date":"2023-02-22T12:57:47","date_gmt":"2023-02-22T10:57:47","guid":{"rendered":"https:\/\/www.biopapa.lt\/produktas\/%d0%be%d1%80%d0%b3%d0%b0%d0%bd%d0%b8%d1%87%d0%b5%d1%81%d0%ba%d0%b0%d1%8f-%d1%81%d0%bc%d0%b5%d1%81%d1%8c-%d0%b4%d0%bb%d1%8f-%d0%bf%d0%be%d1%85%d1%83%d0%b4%d0%b5%d0%bd%d0%b8%d1%8f-%d0%b8-%d1%83%d0%bb\/"},"modified":"2025-09-19T12:21:34","modified_gmt":"2025-09-19T09:21:34","slug":"organicheskaya-smes-dlya-pokhudeniya-i-uluchsheniya-obmena-veshchestv","status":"publish","type":"product","link":"https:\/\/www.biopapa.lt\/ru\/produktas\/organicheskaya-smes-dlya-pokhudeniya-i-uluchsheniya-obmena-veshchestv\/","title":{"rendered":"\u041e\u0440\u0433\u0430\u043d\u0438\u0447\u0435\u0441\u043a\u0430\u044f \u0441\u043c\u0435\u0441\u044c \u0434\u043b\u044f \u043f\u043e\u0445\u0443\u0434\u0435\u043d\u0438\u044f \u0438 \u0443\u043b\u0443\u0447\u0448\u0435\u043d\u0438\u044f \u043e\u0431\u043c\u0435\u043d\u0430 \u0432\u0435\u0449\u0435\u0441\u0442\u0432"},"content":{"rendered":"<p><strong>Organic Slimming &amp; Metabolism Blend<\/strong> &#8212; \u044d\u0442\u043e \u0438\u0434\u0435\u0430\u043b\u044c\u043d\u043e \u0441\u0431\u0430\u043b\u0430\u043d\u0441\u0438\u0440\u043e\u0432\u0430\u043d\u043d\u0430\u044f \u0441\u043c\u0435\u0441\u044c \u0441\u0443\u043f\u0435\u0440\u043f\u0440\u043e\u0434\u0443\u043a\u0442\u043e\u0432, \u043a\u043e\u0442\u043e\u0440\u0430\u044f \u043f\u043e\u0434\u0434\u0435\u0440\u0436\u0438\u0432\u0430\u0435\u0442 \u043f\u0440\u043e\u0446\u0435\u0441\u0441\u044b \u0434\u0435\u0442\u043e\u043a\u0441\u0438\u043a\u0430\u0446\u0438\u0438 \u0438 \u0443\u0441\u043a\u043e\u0440\u044f\u0435\u0442 \u043c\u0435\u0442\u0430\u0431\u043e\u043b\u0438\u0437\u043c.<\/p>\n<p>&#8212; \u043f\u043e\u043c\u043e\u0433\u0430\u0435\u0442 \u043e\u0440\u0433\u0430\u043d\u0438\u0437\u043c\u0443 \u043e\u0447\u0438\u0441\u0442\u0438\u0442\u044c\u0441\u044f<br \/>\n&#8212; \u0437\u0435\u043b\u0435\u043d\u044b\u0439 \u0447\u0430\u0439 \u043c\u0430\u0442\u0447\u0430<br \/>\n&#8212; \u043a\u043b\u0435\u0442\u0447\u0430\u0442\u043a\u0430 \u0434\u043b\u044f \u0445\u043e\u0440\u043e\u0448\u0435\u0433\u043e \u043f\u0438\u0449\u0435\u0432\u0430\u0440\u0435\u043d\u0438\u044f<br \/>\n&#8212; \u043a\u0440\u0430\u043f\u0438\u0432\u0430 \u0434\u043b\u044f \u0438\u0437\u0431\u0430\u0432\u043b\u0435\u043d\u0438\u044f \u043e\u0442 \u043b\u0438\u0448\u043d\u0435\u0439 \u0432\u043e\u0434\u044b \u0432 \u043e\u0440\u0433\u0430\u043d\u0438\u0437\u043c\u0435<br \/>\n&#8212; \u0438\u043c\u0431\u0438\u0440\u044c \u0438 \u043a\u043e\u0440\u0438\u0446\u0430 \u0434\u043b\u044f \u043e\u0431\u043c\u0435\u043d\u0430 \u0432\u0435\u0449\u0435\u0441\u0442\u0432<br \/>\n&#8212; \u0441\u0443\u043f\u0435\u0440\u0444\u0443\u0434<br \/>\n&#8212; \u0431\u0435\u0437 \u0434\u043e\u0431\u0430\u0432\u043b\u0435\u043d\u0438\u044f \u0441\u0430\u0445\u0430\u0440\u0430<br \/>\n&#8212; 100% \u043e\u0440\u0433\u0430\u043d\u0438\u043a\u0430<\/p>\n<p>\u042d\u0442\u0430 \u043e\u0440\u0433\u0430\u043d\u0438\u0447\u0435\u0441\u043a\u0430\u044f \u0441\u043c\u0435\u0441\u044c \u0434\u043b\u044f \u043f\u043e\u0445\u0443\u0434\u0435\u043d\u0438\u044f \u0438 \u0443\u043b\u0443\u0447\u0448\u0435\u043d\u0438\u044f \u043e\u0431\u043c\u0435\u043d\u0430 \u0432\u0435\u0449\u0435\u0441\u0442\u0432 \u043f\u0440\u0435\u0434\u0441\u0442\u0430\u0432\u043b\u044f\u0435\u0442 \u0441\u043e\u0431\u043e\u0439 \u0431\u043e\u0433\u0430\u0442\u0443\u044e \u043a\u043b\u0435\u0442\u0447\u0430\u0442\u043a\u043e\u0439 \u0441\u043c\u0435\u0441\u044c \u0441\u0443\u043f\u0435\u0440\u043f\u0440\u043e\u0434\u0443\u043a\u0442\u043e\u0432. \u0421\u043e\u0447\u0435\u0442\u0430\u043d\u0438\u0435 \u0438\u043c\u0431\u0438\u0440\u044f, \u043a\u0440\u0430\u043f\u0438\u0432\u044b, \u043c\u043e\u0440\u0438\u043d\u0433\u0438 \u0438 \u043c\u0430\u0442\u0447\u0430 \u0443\u0441\u043a\u043e\u0440\u044f\u0435\u0442 \u043c\u0435\u0442\u0430\u0431\u043e\u043b\u0438\u0437\u043c \u0438 \u0441\u043f\u043e\u0441\u043e\u0431\u0441\u0442\u0432\u0443\u0435\u0442 \u0434\u0435\u0442\u043e\u043a\u0441\u0438\u043a\u0430\u0446\u0438\u0438 \u043e\u0440\u0433\u0430\u043d\u0438\u0437\u043c\u0430, \u0430 \u0449\u0435\u043f\u043e\u0442\u043a\u0430 \u043f\u0440\u044f\u043d\u043e\u0439 \u043a\u043e\u0440\u0438\u0446\u044b \u043f\u0440\u043e\u0431\u0443\u0436\u0434\u0430\u0435\u0442 \u0447\u0443\u0432\u0441\u0442\u0432\u0430. \u041c\u044b \u043f\u0440\u0435\u0434\u043b\u0430\u0433\u0430\u0435\u043c \u0435\u0433\u043e \u0432 \u043a\u0430\u0447\u0435\u0441\u0442\u0432\u0435 \u0434\u043e\u043f\u043e\u043b\u043d\u0435\u043d\u0438\u044f \u043a \u0432\u0430\u0448\u0438\u043c \u043b\u044e\u0431\u0438\u043c\u044b\u043c \u043a\u043e\u043a\u0442\u0435\u0439\u043b\u044f\u043c.<\/p>\n<p><strong>\u0420\u0435\u043a\u043e\u043c\u0435\u043d\u0434\u0430\u0446\u0438\u0438 \u043f\u043e \u043f\u0440\u0438\u043c\u0435\u043d\u0435\u043d\u0438\u044e:<\/strong> 2 \u0441\u0442\u043e\u043b\u043e\u0432\u044b\u0435 \u043b\u043e\u0436\u043a\u0438 (15 \u0433) \u0432 \u0434\u0435\u043d\u044c.<\/p>\n<p><em>\u041f\u0420\u0418\u041c\u0415\u0427\u0410\u041d\u0418\u0415. \u041f\u0440\u0435\u0434\u043e\u0441\u0442\u0430\u0432\u043b\u0435\u043d\u043d\u0430\u044f \u0438\u043d\u0444\u043e\u0440\u043c\u0430\u0446\u0438\u044f \u043d\u0435 \u0434\u043e\u043b\u0436\u043d\u0430 \u0440\u0430\u0441\u0441\u043c\u0430\u0442\u0440\u0438\u0432\u0430\u0442\u044c\u0441\u044f \u043a\u0430\u043a \u0440\u0435\u043a\u043e\u043c\u0435\u043d\u0434\u0430\u0446\u0438\u044f \u043f\u043e \u043b\u0435\u0447\u0435\u043d\u0438\u044e. \u041c\u044b \u043f\u0440\u0438\u0437\u044b\u0432\u0430\u0435\u043c \u0432\u0430\u0441 \u0441\u0430\u043c\u043e\u0441\u0442\u043e\u044f\u0442\u0435\u043b\u044c\u043d\u043e \u043f\u0440\u0438\u043d\u0438\u043c\u0430\u0442\u044c \u0440\u0435\u0448\u0435\u043d\u0438\u044f \u043e\u0442\u043d\u043e\u0441\u0438\u0442\u0435\u043b\u044c\u043d\u043e \u0441\u0432\u043e\u0435\u0433\u043e \u0437\u0434\u043e\u0440\u043e\u0432\u044c\u044f, \u043f\u0440\u0438\u043d\u0438\u043c\u0430\u044f \u0432\u043e \u0432\u043d\u0438\u043c\u0430\u043d\u0438\u0435 \u0448\u0438\u0440\u043e\u043a\u0438\u0439 \u0441\u043f\u0435\u043a\u0442\u0440 \u0438\u0441\u0442\u043e\u0447\u043d\u0438\u043a\u043e\u0432 \u0438\u043d\u0444\u043e\u0440\u043c\u0430\u0446\u0438\u0438.<\/em><\/p>\n","protected":false},"excerpt":{"rendered":"<p>Organic Slimming &amp; Metabolism Blend &#8212; \u044d\u0442\u043e \u0438\u0434\u0435\u0430\u043b\u044c\u043d\u043e \u0441\u0431\u0430\u043b\u0430\u043d\u0441\u0438\u0440\u043e\u0432\u0430\u043d\u043d\u0430\u044f \u0441\u043c\u0435\u0441\u044c \u0441\u0443\u043f\u0435\u0440\u043f\u0440\u043e\u0434\u0443\u043a\u0442\u043e\u0432, \u043a\u043e\u0442\u043e\u0440\u0430\u044f \u043f\u043e\u0434\u0434\u0435\u0440\u0436\u0438\u0432\u0430\u0435\u0442 \u043f\u0440\u043e\u0446\u0435\u0441\u0441\u044b \u0434\u0435\u0442\u043e\u043a\u0441\u0438\u043a\u0430\u0446\u0438\u0438 \u0438 \u0443\u0441\u043a\u043e\u0440\u044f\u0435\u0442 \u043c\u0435\u0442\u0430\u0431\u043e\u043b\u0438\u0437\u043c. &#8212; \u043f\u043e\u043c\u043e\u0433\u0430\u0435\u0442<\/p>\n","protected":false},"featured_media":30374,"template":"","meta":{"_acf_changed":false},"product_brand":[],"product_cat":[2354,1956],"product_tag":[2383,2506],"class_list":{"0":"post-37036","1":"product","2":"type-product","3":"status-publish","4":"has-post-thumbnail","6":"product_cat-2354","7":"product_cat-1956","8":"product_tag--ru","9":"product_tag-veganams-ru","10":"pa_svoris-1-kg-ru-2","11":"pa_svoris-100-g-ru-2","12":"pa_svoris-20-kg-ru","13":"pa_svoris-200-g-ru","14":"pa_svoris-300-g-ru","15":"pa_svoris-400-g-ru","16":"pa_svoris-50-g-ru","17":"pa_svoris-500-g-ru-2","19":"first","20":"instock","21":"shipping-taxable","22":"purchasable","23":"product-type-variable"},"acf":[],"yoast_head":"<!-- This site is optimized with the Yoast SEO plugin v27.3 - https:\/\/yoast.com\/product\/yoast-seo-wordpress\/ -->\n<title>\u041e\u0440\u0433\u0430\u043d\u0438\u0447\u0435\u0441\u043a\u0430\u044f \u0441\u043c\u0435\u0441\u044c \u0434\u043b\u044f \u043f\u043e\u0445\u0443\u0434\u0435\u043d\u0438\u044f \u0438 \u0443\u043b\u0443\u0447\u0448\u0435\u043d\u0438\u044f \u043e\u0431\u043c\u0435\u043d\u0430 \u0432\u0435\u0449\u0435\u0441\u0442\u0432 - Biopapa<\/title>\n<meta name=\"description\" content=\"\u041e\u0440\u0433\u0430\u043d\u0438\u0447\u0435\u0441\u043a\u0430\u044f \u0441\u043c\u0435\u0441\u044c \u0434\u043b\u044f \u043f\u043e\u0445\u0443\u0434\u0435\u043d\u0438\u044f \u0438 \u043c\u0435\u0442\u0430\u0431\u043e\u043b\u0438\u0437\u043c\u0430 - \u044d\u0442\u043e \u0438\u0434\u0435\u0430\u043b\u044c\u043d\u043e \u0441\u0431\u0430\u043b\u0430\u043d\u0441\u0438\u0440\u043e\u0432\u0430\u043d\u043d\u0430\u044f \u0441\u043c\u0435\u0441\u044c \u0441\u0443\u043f\u0435\u0440\u043f\u0440\u043e\u0434\u0443\u043a\u0442\u043e\u0432, \u043a\u043e\u0442\u043e\u0440\u0430\u044f \u0441\u043f\u043e\u0441\u043e\u0431\u0441\u0442\u0432\u0443\u0435\u0442 \u0434\u0435\u0442\u043e\u043a\u0441\u0438\u043a\u0430\u0446\u0438\u0438 \u043e\u0440\u0433\u0430\u043d\u0438\u0437\u043c\u0430, \u0443\u0441\u043a\u043e\u0440\u044f\u0435\u0442 \u043c\u0435\u0442\u0430\u0431\u043e\u043b\u0438\u0437\u043c\" \/>\n<meta name=\"robots\" content=\"index, follow, max-snippet:-1, max-image-preview:large, max-video-preview:-1\" \/>\n<link rel=\"canonical\" href=\"https:\/\/www.biopapa.lt\/ru\/produktas\/organicheskaya-smes-dlya-pokhudeniya-i-uluchsheniya-obmena-veshchestv\/\" \/>\n<meta property=\"og:locale\" content=\"ru_RU\" \/>\n<meta property=\"og:type\" content=\"article\" \/>\n<meta property=\"og:title\" content=\"\u041e\u0440\u0433\u0430\u043d\u0438\u0447\u0435\u0441\u043a\u0430\u044f \u0441\u043c\u0435\u0441\u044c \u0434\u043b\u044f \u043f\u043e\u0445\u0443\u0434\u0435\u043d\u0438\u044f \u0438 \u0443\u043b\u0443\u0447\u0448\u0435\u043d\u0438\u044f \u043e\u0431\u043c\u0435\u043d\u0430 \u0432\u0435\u0449\u0435\u0441\u0442\u0432 - Biopapa\" \/>\n<meta property=\"og:description\" content=\"\u041e\u0440\u0433\u0430\u043d\u0438\u0447\u0435\u0441\u043a\u0430\u044f \u0441\u043c\u0435\u0441\u044c \u0434\u043b\u044f \u043f\u043e\u0445\u0443\u0434\u0435\u043d\u0438\u044f \u0438 \u043c\u0435\u0442\u0430\u0431\u043e\u043b\u0438\u0437\u043c\u0430 - \u044d\u0442\u043e \u0438\u0434\u0435\u0430\u043b\u044c\u043d\u043e \u0441\u0431\u0430\u043b\u0430\u043d\u0441\u0438\u0440\u043e\u0432\u0430\u043d\u043d\u0430\u044f \u0441\u043c\u0435\u0441\u044c \u0441\u0443\u043f\u0435\u0440\u043f\u0440\u043e\u0434\u0443\u043a\u0442\u043e\u0432, \u043a\u043e\u0442\u043e\u0440\u0430\u044f \u0441\u043f\u043e\u0441\u043e\u0431\u0441\u0442\u0432\u0443\u0435\u0442 \u0434\u0435\u0442\u043e\u043a\u0441\u0438\u043a\u0430\u0446\u0438\u0438 \u043e\u0440\u0433\u0430\u043d\u0438\u0437\u043c\u0430, \u0443\u0441\u043a\u043e\u0440\u044f\u0435\u0442 \u043c\u0435\u0442\u0430\u0431\u043e\u043b\u0438\u0437\u043c\" \/>\n<meta property=\"og:url\" content=\"https:\/\/www.biopapa.lt\/ru\/produktas\/organicheskaya-smes-dlya-pokhudeniya-i-uluchsheniya-obmena-veshchestv\/\" \/>\n<meta property=\"og:site_name\" content=\"Biopapa\" \/>\n<meta property=\"article:publisher\" content=\"https:\/\/www.facebook.com\/biopapa.lt\" \/>\n<meta property=\"article:modified_time\" content=\"2025-09-19T09:21:34+00:00\" \/>\n<meta property=\"og:image\" content=\"https:\/\/www.biopapa.lt\/wp-content\/uploads\/2023\/02\/Ekologiskas-misinys-lieknejimui-ir-medziagu-apykaitai-gerinti.png\" \/>\n\t<meta property=\"og:image:width\" content=\"800\" \/>\n\t<meta property=\"og:image:height\" content=\"640\" \/>\n\t<meta property=\"og:image:type\" content=\"image\/png\" \/>\n<meta name=\"twitter:card\" content=\"summary_large_image\" \/>\n<script type=\"application\/ld+json\" class=\"yoast-schema-graph\">{\"@context\":\"https:\\\/\\\/schema.org\",\"@graph\":[{\"@type\":\"WebPage\",\"@id\":\"https:\\\/\\\/www.biopapa.lt\\\/ru\\\/produktas\\\/organicheskaya-smes-dlya-pokhudeniya-i-uluchsheniya-obmena-veshchestv\\\/\",\"url\":\"https:\\\/\\\/www.biopapa.lt\\\/ru\\\/produktas\\\/organicheskaya-smes-dlya-pokhudeniya-i-uluchsheniya-obmena-veshchestv\\\/\",\"name\":\"\u041e\u0440\u0433\u0430\u043d\u0438\u0447\u0435\u0441\u043a\u0430\u044f \u0441\u043c\u0435\u0441\u044c \u0434\u043b\u044f \u043f\u043e\u0445\u0443\u0434\u0435\u043d\u0438\u044f \u0438 \u0443\u043b\u0443\u0447\u0448\u0435\u043d\u0438\u044f \u043e\u0431\u043c\u0435\u043d\u0430 \u0432\u0435\u0449\u0435\u0441\u0442\u0432 - Biopapa\",\"isPartOf\":{\"@id\":\"https:\\\/\\\/www.biopapa.lt\\\/#website\"},\"primaryImageOfPage\":{\"@id\":\"https:\\\/\\\/www.biopapa.lt\\\/ru\\\/produktas\\\/organicheskaya-smes-dlya-pokhudeniya-i-uluchsheniya-obmena-veshchestv\\\/#primaryimage\"},\"image\":{\"@id\":\"https:\\\/\\\/www.biopapa.lt\\\/ru\\\/produktas\\\/organicheskaya-smes-dlya-pokhudeniya-i-uluchsheniya-obmena-veshchestv\\\/#primaryimage\"},\"thumbnailUrl\":\"https:\\\/\\\/www.biopapa.lt\\\/wp-content\\\/uploads\\\/2023\\\/02\\\/Ekologiskas-misinys-lieknejimui-ir-medziagu-apykaitai-gerinti.png\",\"datePublished\":\"2023-02-22T10:57:47+00:00\",\"dateModified\":\"2025-09-19T09:21:34+00:00\",\"description\":\"\u041e\u0440\u0433\u0430\u043d\u0438\u0447\u0435\u0441\u043a\u0430\u044f \u0441\u043c\u0435\u0441\u044c \u0434\u043b\u044f \u043f\u043e\u0445\u0443\u0434\u0435\u043d\u0438\u044f \u0438 \u043c\u0435\u0442\u0430\u0431\u043e\u043b\u0438\u0437\u043c\u0430 - \u044d\u0442\u043e \u0438\u0434\u0435\u0430\u043b\u044c\u043d\u043e \u0441\u0431\u0430\u043b\u0430\u043d\u0441\u0438\u0440\u043e\u0432\u0430\u043d\u043d\u0430\u044f \u0441\u043c\u0435\u0441\u044c \u0441\u0443\u043f\u0435\u0440\u043f\u0440\u043e\u0434\u0443\u043a\u0442\u043e\u0432, \u043a\u043e\u0442\u043e\u0440\u0430\u044f \u0441\u043f\u043e\u0441\u043e\u0431\u0441\u0442\u0432\u0443\u0435\u0442 \u0434\u0435\u0442\u043e\u043a\u0441\u0438\u043a\u0430\u0446\u0438\u0438 \u043e\u0440\u0433\u0430\u043d\u0438\u0437\u043c\u0430, \u0443\u0441\u043a\u043e\u0440\u044f\u0435\u0442 \u043c\u0435\u0442\u0430\u0431\u043e\u043b\u0438\u0437\u043c\",\"breadcrumb\":{\"@id\":\"https:\\\/\\\/www.biopapa.lt\\\/ru\\\/produktas\\\/organicheskaya-smes-dlya-pokhudeniya-i-uluchsheniya-obmena-veshchestv\\\/#breadcrumb\"},\"inLanguage\":\"ru-RU\",\"potentialAction\":[{\"@type\":\"ReadAction\",\"target\":[\"https:\\\/\\\/www.biopapa.lt\\\/ru\\\/produktas\\\/organicheskaya-smes-dlya-pokhudeniya-i-uluchsheniya-obmena-veshchestv\\\/\"]}]},{\"@type\":\"ImageObject\",\"inLanguage\":\"ru-RU\",\"@id\":\"https:\\\/\\\/www.biopapa.lt\\\/ru\\\/produktas\\\/organicheskaya-smes-dlya-pokhudeniya-i-uluchsheniya-obmena-veshchestv\\\/#primaryimage\",\"url\":\"https:\\\/\\\/www.biopapa.lt\\\/wp-content\\\/uploads\\\/2023\\\/02\\\/Ekologiskas-misinys-lieknejimui-ir-medziagu-apykaitai-gerinti.png\",\"contentUrl\":\"https:\\\/\\\/www.biopapa.lt\\\/wp-content\\\/uploads\\\/2023\\\/02\\\/Ekologiskas-misinys-lieknejimui-ir-medziagu-apykaitai-gerinti.png\",\"width\":800,\"height\":640},{\"@type\":\"BreadcrumbList\",\"@id\":\"https:\\\/\\\/www.biopapa.lt\\\/ru\\\/produktas\\\/organicheskaya-smes-dlya-pokhudeniya-i-uluchsheniya-obmena-veshchestv\\\/#breadcrumb\",\"itemListElement\":[{\"@type\":\"ListItem\",\"position\":1,\"name\":\"Home\",\"item\":\"https:\\\/\\\/www.biopapa.lt\\\/ru\\\/\"},{\"@type\":\"ListItem\",\"position\":2,\"name\":\"\u041c\u0430\u0433\u0430\u0437\u0438\u043d\",\"item\":\"https:\\\/\\\/www.biopapa.lt\\\/ru\\\/%d0%bc%d0%b0%d0%b3%d0%b0%d0%b7%d0%b8%d0%bd\\\/\"},{\"@type\":\"ListItem\",\"position\":3,\"name\":\"\u041e\u0440\u0433\u0430\u043d\u0438\u0447\u0435\u0441\u043a\u0430\u044f \u0441\u043c\u0435\u0441\u044c \u0434\u043b\u044f \u043f\u043e\u0445\u0443\u0434\u0435\u043d\u0438\u044f \u0438 \u0443\u043b\u0443\u0447\u0448\u0435\u043d\u0438\u044f \u043e\u0431\u043c\u0435\u043d\u0430 \u0432\u0435\u0449\u0435\u0441\u0442\u0432\"}]},{\"@type\":\"WebSite\",\"@id\":\"https:\\\/\\\/www.biopapa.lt\\\/#website\",\"url\":\"https:\\\/\\\/www.biopapa.lt\\\/\",\"name\":\"Biopapa\",\"description\":\"\u0160var\u016bs ekologi\u0161ki produktai\",\"publisher\":{\"@id\":\"https:\\\/\\\/www.biopapa.lt\\\/#organization\"},\"potentialAction\":[{\"@type\":\"SearchAction\",\"target\":{\"@type\":\"EntryPoint\",\"urlTemplate\":\"https:\\\/\\\/www.biopapa.lt\\\/?s={search_term_string}\"},\"query-input\":{\"@type\":\"PropertyValueSpecification\",\"valueRequired\":true,\"valueName\":\"search_term_string\"}}],\"inLanguage\":\"ru-RU\"},{\"@type\":\"Organization\",\"@id\":\"https:\\\/\\\/www.biopapa.lt\\\/#organization\",\"name\":\"Biopapa\",\"url\":\"https:\\\/\\\/www.biopapa.lt\\\/\",\"logo\":{\"@type\":\"ImageObject\",\"inLanguage\":\"ru-RU\",\"@id\":\"https:\\\/\\\/www.biopapa.lt\\\/#\\\/schema\\\/logo\\\/image\\\/\",\"url\":\"https:\\\/\\\/www.biopapa.lt\\\/wp-content\\\/uploads\\\/2022\\\/04\\\/facebook_biopapa.jpg\",\"contentUrl\":\"https:\\\/\\\/www.biopapa.lt\\\/wp-content\\\/uploads\\\/2022\\\/04\\\/facebook_biopapa.jpg\",\"width\":1733,\"height\":907,\"caption\":\"Biopapa\"},\"image\":{\"@id\":\"https:\\\/\\\/www.biopapa.lt\\\/#\\\/schema\\\/logo\\\/image\\\/\"},\"sameAs\":[\"https:\\\/\\\/www.facebook.com\\\/biopapa.lt\"]}]}<\/script>\n<!-- \/ Yoast SEO plugin. -->","yoast_head_json":{"title":"\u041e\u0440\u0433\u0430\u043d\u0438\u0447\u0435\u0441\u043a\u0430\u044f \u0441\u043c\u0435\u0441\u044c \u0434\u043b\u044f \u043f\u043e\u0445\u0443\u0434\u0435\u043d\u0438\u044f \u0438 \u0443\u043b\u0443\u0447\u0448\u0435\u043d\u0438\u044f \u043e\u0431\u043c\u0435\u043d\u0430 \u0432\u0435\u0449\u0435\u0441\u0442\u0432 - Biopapa","description":"\u041e\u0440\u0433\u0430\u043d\u0438\u0447\u0435\u0441\u043a\u0430\u044f \u0441\u043c\u0435\u0441\u044c \u0434\u043b\u044f \u043f\u043e\u0445\u0443\u0434\u0435\u043d\u0438\u044f \u0438 \u043c\u0435\u0442\u0430\u0431\u043e\u043b\u0438\u0437\u043c\u0430 - \u044d\u0442\u043e \u0438\u0434\u0435\u0430\u043b\u044c\u043d\u043e \u0441\u0431\u0430\u043b\u0430\u043d\u0441\u0438\u0440\u043e\u0432\u0430\u043d\u043d\u0430\u044f \u0441\u043c\u0435\u0441\u044c \u0441\u0443\u043f\u0435\u0440\u043f\u0440\u043e\u0434\u0443\u043a\u0442\u043e\u0432, \u043a\u043e\u0442\u043e\u0440\u0430\u044f \u0441\u043f\u043e\u0441\u043e\u0431\u0441\u0442\u0432\u0443\u0435\u0442 \u0434\u0435\u0442\u043e\u043a\u0441\u0438\u043a\u0430\u0446\u0438\u0438 \u043e\u0440\u0433\u0430\u043d\u0438\u0437\u043c\u0430, \u0443\u0441\u043a\u043e\u0440\u044f\u0435\u0442 \u043c\u0435\u0442\u0430\u0431\u043e\u043b\u0438\u0437\u043c","robots":{"index":"index","follow":"follow","max-snippet":"max-snippet:-1","max-image-preview":"max-image-preview:large","max-video-preview":"max-video-preview:-1"},"canonical":"https:\/\/www.biopapa.lt\/ru\/produktas\/organicheskaya-smes-dlya-pokhudeniya-i-uluchsheniya-obmena-veshchestv\/","og_locale":"ru_RU","og_type":"article","og_title":"\u041e\u0440\u0433\u0430\u043d\u0438\u0447\u0435\u0441\u043a\u0430\u044f \u0441\u043c\u0435\u0441\u044c \u0434\u043b\u044f \u043f\u043e\u0445\u0443\u0434\u0435\u043d\u0438\u044f \u0438 \u0443\u043b\u0443\u0447\u0448\u0435\u043d\u0438\u044f \u043e\u0431\u043c\u0435\u043d\u0430 \u0432\u0435\u0449\u0435\u0441\u0442\u0432 - Biopapa","og_description":"\u041e\u0440\u0433\u0430\u043d\u0438\u0447\u0435\u0441\u043a\u0430\u044f \u0441\u043c\u0435\u0441\u044c \u0434\u043b\u044f \u043f\u043e\u0445\u0443\u0434\u0435\u043d\u0438\u044f \u0438 \u043c\u0435\u0442\u0430\u0431\u043e\u043b\u0438\u0437\u043c\u0430 - \u044d\u0442\u043e \u0438\u0434\u0435\u0430\u043b\u044c\u043d\u043e \u0441\u0431\u0430\u043b\u0430\u043d\u0441\u0438\u0440\u043e\u0432\u0430\u043d\u043d\u0430\u044f \u0441\u043c\u0435\u0441\u044c \u0441\u0443\u043f\u0435\u0440\u043f\u0440\u043e\u0434\u0443\u043a\u0442\u043e\u0432, \u043a\u043e\u0442\u043e\u0440\u0430\u044f \u0441\u043f\u043e\u0441\u043e\u0431\u0441\u0442\u0432\u0443\u0435\u0442 \u0434\u0435\u0442\u043e\u043a\u0441\u0438\u043a\u0430\u0446\u0438\u0438 \u043e\u0440\u0433\u0430\u043d\u0438\u0437\u043c\u0430, \u0443\u0441\u043a\u043e\u0440\u044f\u0435\u0442 \u043c\u0435\u0442\u0430\u0431\u043e\u043b\u0438\u0437\u043c","og_url":"https:\/\/www.biopapa.lt\/ru\/produktas\/organicheskaya-smes-dlya-pokhudeniya-i-uluchsheniya-obmena-veshchestv\/","og_site_name":"Biopapa","article_publisher":"https:\/\/www.facebook.com\/biopapa.lt","article_modified_time":"2025-09-19T09:21:34+00:00","og_image":[{"width":800,"height":640,"url":"https:\/\/www.biopapa.lt\/wp-content\/uploads\/2023\/02\/Ekologiskas-misinys-lieknejimui-ir-medziagu-apykaitai-gerinti.png","type":"image\/png"}],"twitter_card":"summary_large_image","schema":{"@context":"https:\/\/schema.org","@graph":[{"@type":"WebPage","@id":"https:\/\/www.biopapa.lt\/ru\/produktas\/organicheskaya-smes-dlya-pokhudeniya-i-uluchsheniya-obmena-veshchestv\/","url":"https:\/\/www.biopapa.lt\/ru\/produktas\/organicheskaya-smes-dlya-pokhudeniya-i-uluchsheniya-obmena-veshchestv\/","name":"\u041e\u0440\u0433\u0430\u043d\u0438\u0447\u0435\u0441\u043a\u0430\u044f \u0441\u043c\u0435\u0441\u044c \u0434\u043b\u044f \u043f\u043e\u0445\u0443\u0434\u0435\u043d\u0438\u044f \u0438 \u0443\u043b\u0443\u0447\u0448\u0435\u043d\u0438\u044f \u043e\u0431\u043c\u0435\u043d\u0430 \u0432\u0435\u0449\u0435\u0441\u0442\u0432 - Biopapa","isPartOf":{"@id":"https:\/\/www.biopapa.lt\/#website"},"primaryImageOfPage":{"@id":"https:\/\/www.biopapa.lt\/ru\/produktas\/organicheskaya-smes-dlya-pokhudeniya-i-uluchsheniya-obmena-veshchestv\/#primaryimage"},"image":{"@id":"https:\/\/www.biopapa.lt\/ru\/produktas\/organicheskaya-smes-dlya-pokhudeniya-i-uluchsheniya-obmena-veshchestv\/#primaryimage"},"thumbnailUrl":"https:\/\/www.biopapa.lt\/wp-content\/uploads\/2023\/02\/Ekologiskas-misinys-lieknejimui-ir-medziagu-apykaitai-gerinti.png","datePublished":"2023-02-22T10:57:47+00:00","dateModified":"2025-09-19T09:21:34+00:00","description":"\u041e\u0440\u0433\u0430\u043d\u0438\u0447\u0435\u0441\u043a\u0430\u044f \u0441\u043c\u0435\u0441\u044c \u0434\u043b\u044f \u043f\u043e\u0445\u0443\u0434\u0435\u043d\u0438\u044f \u0438 \u043c\u0435\u0442\u0430\u0431\u043e\u043b\u0438\u0437\u043c\u0430 - \u044d\u0442\u043e \u0438\u0434\u0435\u0430\u043b\u044c\u043d\u043e \u0441\u0431\u0430\u043b\u0430\u043d\u0441\u0438\u0440\u043e\u0432\u0430\u043d\u043d\u0430\u044f \u0441\u043c\u0435\u0441\u044c \u0441\u0443\u043f\u0435\u0440\u043f\u0440\u043e\u0434\u0443\u043a\u0442\u043e\u0432, \u043a\u043e\u0442\u043e\u0440\u0430\u044f \u0441\u043f\u043e\u0441\u043e\u0431\u0441\u0442\u0432\u0443\u0435\u0442 \u0434\u0435\u0442\u043e\u043a\u0441\u0438\u043a\u0430\u0446\u0438\u0438 \u043e\u0440\u0433\u0430\u043d\u0438\u0437\u043c\u0430, \u0443\u0441\u043a\u043e\u0440\u044f\u0435\u0442 \u043c\u0435\u0442\u0430\u0431\u043e\u043b\u0438\u0437\u043c","breadcrumb":{"@id":"https:\/\/www.biopapa.lt\/ru\/produktas\/organicheskaya-smes-dlya-pokhudeniya-i-uluchsheniya-obmena-veshchestv\/#breadcrumb"},"inLanguage":"ru-RU","potentialAction":[{"@type":"ReadAction","target":["https:\/\/www.biopapa.lt\/ru\/produktas\/organicheskaya-smes-dlya-pokhudeniya-i-uluchsheniya-obmena-veshchestv\/"]}]},{"@type":"ImageObject","inLanguage":"ru-RU","@id":"https:\/\/www.biopapa.lt\/ru\/produktas\/organicheskaya-smes-dlya-pokhudeniya-i-uluchsheniya-obmena-veshchestv\/#primaryimage","url":"https:\/\/www.biopapa.lt\/wp-content\/uploads\/2023\/02\/Ekologiskas-misinys-lieknejimui-ir-medziagu-apykaitai-gerinti.png","contentUrl":"https:\/\/www.biopapa.lt\/wp-content\/uploads\/2023\/02\/Ekologiskas-misinys-lieknejimui-ir-medziagu-apykaitai-gerinti.png","width":800,"height":640},{"@type":"BreadcrumbList","@id":"https:\/\/www.biopapa.lt\/ru\/produktas\/organicheskaya-smes-dlya-pokhudeniya-i-uluchsheniya-obmena-veshchestv\/#breadcrumb","itemListElement":[{"@type":"ListItem","position":1,"name":"Home","item":"https:\/\/www.biopapa.lt\/ru\/"},{"@type":"ListItem","position":2,"name":"\u041c\u0430\u0433\u0430\u0437\u0438\u043d","item":"https:\/\/www.biopapa.lt\/ru\/%d0%bc%d0%b0%d0%b3%d0%b0%d0%b7%d0%b8%d0%bd\/"},{"@type":"ListItem","position":3,"name":"\u041e\u0440\u0433\u0430\u043d\u0438\u0447\u0435\u0441\u043a\u0430\u044f \u0441\u043c\u0435\u0441\u044c \u0434\u043b\u044f \u043f\u043e\u0445\u0443\u0434\u0435\u043d\u0438\u044f \u0438 \u0443\u043b\u0443\u0447\u0448\u0435\u043d\u0438\u044f \u043e\u0431\u043c\u0435\u043d\u0430 \u0432\u0435\u0449\u0435\u0441\u0442\u0432"}]},{"@type":"WebSite","@id":"https:\/\/www.biopapa.lt\/#website","url":"https:\/\/www.biopapa.lt\/","name":"Biopapa","description":"\u0160var\u016bs ekologi\u0161ki produktai","publisher":{"@id":"https:\/\/www.biopapa.lt\/#organization"},"potentialAction":[{"@type":"SearchAction","target":{"@type":"EntryPoint","urlTemplate":"https:\/\/www.biopapa.lt\/?s={search_term_string}"},"query-input":{"@type":"PropertyValueSpecification","valueRequired":true,"valueName":"search_term_string"}}],"inLanguage":"ru-RU"},{"@type":"Organization","@id":"https:\/\/www.biopapa.lt\/#organization","name":"Biopapa","url":"https:\/\/www.biopapa.lt\/","logo":{"@type":"ImageObject","inLanguage":"ru-RU","@id":"https:\/\/www.biopapa.lt\/#\/schema\/logo\/image\/","url":"https:\/\/www.biopapa.lt\/wp-content\/uploads\/2022\/04\/facebook_biopapa.jpg","contentUrl":"https:\/\/www.biopapa.lt\/wp-content\/uploads\/2022\/04\/facebook_biopapa.jpg","width":1733,"height":907,"caption":"Biopapa"},"image":{"@id":"https:\/\/www.biopapa.lt\/#\/schema\/logo\/image\/"},"sameAs":["https:\/\/www.facebook.com\/biopapa.lt"]}]}},"_links":{"self":[{"href":"https:\/\/www.biopapa.lt\/ru\/wp-json\/wp\/v2\/product\/37036","targetHints":{"allow":["GET"]}}],"collection":[{"href":"https:\/\/www.biopapa.lt\/ru\/wp-json\/wp\/v2\/product"}],"about":[{"href":"https:\/\/www.biopapa.lt\/ru\/wp-json\/wp\/v2\/types\/product"}],"wp:featuredmedia":[{"embeddable":true,"href":"https:\/\/www.biopapa.lt\/ru\/wp-json\/wp\/v2\/media\/30374"}],"wp:attachment":[{"href":"https:\/\/www.biopapa.lt\/ru\/wp-json\/wp\/v2\/media?parent=37036"}],"wp:term":[{"taxonomy":"product_brand","embeddable":true,"href":"https:\/\/www.biopapa.lt\/ru\/wp-json\/wp\/v2\/product_brand?post=37036"},{"taxonomy":"product_cat","embeddable":true,"href":"https:\/\/www.biopapa.lt\/ru\/wp-json\/wp\/v2\/product_cat?post=37036"},{"taxonomy":"product_tag","embeddable":true,"href":"https:\/\/www.biopapa.lt\/ru\/wp-json\/wp\/v2\/product_tag?post=37036"}],"curies":[{"name":"wp","href":"https:\/\/api.w.org\/{rel}","templated":true}]}}