{"id":142093,"date":"2025-07-03T09:42:42","date_gmt":"2025-07-03T06:42:42","guid":{"rendered":"https:\/\/www.biopapa.lt\/?post_type=product&#038;p=142093"},"modified":"2025-12-16T13:49:52","modified_gmt":"2025-12-16T11:49:52","slug":"instant-pot-vortex-plus-duhovka-13l","status":"publish","type":"product","link":"https:\/\/www.biopapa.lt\/ru\/produktas\/instant-pot-vortex-plus-duhovka-13l\/","title":{"rendered":"Instant Pot\u00ae Vortex\u00ae Plus &#8212; \u0434\u0443\u0445\u043e\u0432\u043a\u0430 13 \u043b"},"content":{"rendered":"<p><strong>\u0414\u043e\u0441\u0442\u0430\u0432\u043a\u0430 \u0442\u043e\u043b\u044c\u043a\u043e \u043a\u0443\u0440\u044c\u0435\u0440\u043e\u043c Venipak.<br \/>\nInstant Pot\u00ae Vortex\u00ae Plus &#8212; \u0414\u0443\u0445\u043e\u0432\u043a\u0430 13 \u043b<br \/>\n<\/strong>Instant Vortex Plus &#8212; \u043c\u043d\u043e\u0433\u043e\u0444\u0443\u043d\u043a\u0446\u0438\u043e\u043d\u0430\u043b\u044c\u043d\u0430\u044f 13-\u043b\u0438\u0442\u0440\u043e\u0432\u0430\u044f \u0430\u044d\u0440\u043e\u0444\u0440\u0438\u0442\u044e\u0440\u043d\u0438\u0446\u0430, \u0441\u043e\u0447\u0435\u0442\u0430\u044e\u0449\u0430\u044f \u0432 \u0441\u0435\u0431\u0435 \u0444\u0443\u043d\u043a\u0446\u0438\u0438 \u0432\u043e\u0437\u0434\u0443\u0448\u043d\u043e\u0439 \u0436\u0430\u0440\u043a\u0438, \u0444\u0440\u0438\u0442\u044e\u0440\u0430, \u0437\u0430\u043f\u0435\u043a\u0430\u043d\u0438\u044f, \u0433\u0440\u0438\u043b\u044f, \u0440\u0430\u0437\u043e\u0433\u0440\u0435\u0432\u0430, \u0434\u0435\u0433\u0438\u0434\u0440\u0430\u0442\u0430\u0446\u0438\u0438 \u0438 \u043f\u043e\u0434\u043e\u0433\u0440\u0435\u0432\u0430. \u041e\u043d\u0430 \u0442\u0430\u043a\u0436\u0435 \u043e\u0441\u043d\u0430\u0449\u0435\u043d\u0430 \u0444\u0443\u043d\u043a\u0446\u0438\u0435\u0439 \u0432\u0435\u0440\u0442\u0435\u043b\u0430 \u0434\u043b\u044f \u043b\u0435\u0433\u043a\u043e\u0433\u043e \u043f\u0440\u0438\u0433\u043e\u0442\u043e\u0432\u043b\u0435\u043d\u0438\u044f \u0441\u043e\u0447\u043d\u044b\u0445 \u0438 \u0440\u0430\u0432\u043d\u043e\u043c\u0435\u0440\u043d\u043e \u043f\u043e\u0434\u0440\u0443\u043c\u044f\u043d\u0435\u043d\u043d\u044b\u0445 \u0431\u043b\u044e\u0434. \u042d\u0442\u043e\u0442 \u043f\u0440\u0438\u0431\u043e\u0440 \u0446\u0435\u043d\u044f\u0442 \u0437\u0430 \u0435\u0433\u043e \u0443\u043d\u0438\u0432\u0435\u0440\u0441\u0430\u043b\u044c\u043d\u043e\u0441\u0442\u044c \u0438 \u0443\u0434\u043e\u0431\u0441\u0442\u0432\u043e, \u043e\u0441\u043e\u0431\u0435\u043d\u043d\u043e \u0437\u0430 \u0444\u0443\u043d\u043a\u0446\u0438\u044e \u0432\u0435\u0440\u0442\u0435\u043b\u0430, \u043a\u043e\u0442\u043e\u0440\u0430\u044f \u043e\u0431\u0435\u0441\u043f\u0435\u0447\u0438\u0432\u0430\u0435\u0442 \u0440\u0435\u0437\u0443\u043b\u044c\u0442\u0430\u0442\u044b \u0440\u0435\u0441\u0442\u043e\u0440\u0430\u043d\u043d\u043e\u0433\u043e \u043a\u0430\u0447\u0435\u0441\u0442\u0432\u0430 \u043f\u0440\u044f\u043c\u043e \u0443 \u0412\u0430\u0441 \u0434\u043e\u043c\u0430.<br \/>\u041f\u0440\u0438\u0433\u043e\u0442\u043e\u0432\u043b\u0435\u043d\u0438\u0435 \u043f\u0438\u0449\u0438 \u0441 \u043f\u043e\u043c\u043e\u0449\u044c\u044e Instant\u00ae &#8212; \u044d\u0442\u043e \u044d\u043d\u0435\u0440\u0433\u043e\u0441\u0431\u0435\u0440\u0435\u0433\u0430\u044e\u0449\u0435\u0435 \u0440\u0435\u0448\u0435\u043d\u0438\u0435, \u043a\u043e\u0442\u043e\u0440\u043e\u0435 \u043f\u043e\u0442\u0440\u0435\u0431\u043b\u044f\u0435\u0442 \u0434\u043e 80% \u043c\u0435\u043d\u044c\u0448\u0435 \u044d\u043d\u0435\u0440\u0433\u0438\u0438 \u0438 \u0437\u0430\u0442\u0440\u0430\u0442 \u043f\u043e \u0441\u0440\u0430\u0432\u043d\u0435\u043d\u0438\u044e \u0441 \u043f\u0440\u0438\u0433\u043e\u0442\u043e\u0432\u043b\u0435\u043d\u0438\u0435\u043c \u0432 \u044d\u043b\u0435\u043a\u0442\u0440\u0438\u0447\u0435\u0441\u043a\u043e\u0439 \u0434\u0443\u0445\u043e\u0432\u043a\u0435.<br \/>\u0420\u0430\u0437\u043e\u0433\u0440\u0435\u0432 \u0437\u0430 \u0441\u0447\u0438\u0442\u0430\u043d\u043d\u044b\u0435 \u043c\u0438\u043d\u0443\u0442\u044b, \u0438 \u0412\u044b \u0431\u0443\u0434\u0435\u0442\u0435 \u0433\u043e\u0442\u043e\u0432\u0438\u0442\u044c \u043d\u0430 50% \u0431\u044b\u0441\u0442\u0440\u0435\u0435, \u0447\u0435\u043c \u0432 \u043e\u0431\u044b\u0447\u043d\u043e\u0439 \u0434\u0443\u0445\u043e\u0432\u043a\u0435. \u0423\u0434\u043e\u0431\u043d\u043e \u0434\u043b\u044f \u0432\u0441\u0435\u0439 \u0441\u0435\u043c\u044c\u0438: \u0432\u043c\u0435\u0441\u0442\u0438\u0442\u0435\u043b\u044c\u043d\u044b\u0439 13-\u043b\u0438\u0442\u0440\u043e\u0432\u044b\u0439 \u043e\u0431\u044a\u0435\u043c \u0441 \u043c\u043d\u043e\u0433\u043e\u0443\u0440\u043e\u0432\u043d\u0435\u0432\u044b\u043c\u0438 \u043f\u0440\u043e\u0442\u0438\u0432\u043d\u044f\u043c\u0438 \u0434\u043b\u044f \u043e\u0434\u043d\u043e\u0432\u0440\u0435\u043c\u0435\u043d\u043d\u043e\u0433\u043e \u043f\u0440\u0438\u0433\u043e\u0442\u043e\u0432\u043b\u0435\u043d\u0438\u044f \u0440\u0430\u0437\u043d\u044b\u0445 \u0432\u0438\u0434\u043e\u0432 \u043f\u0438\u0449\u0438.<br \/>\n\u0418\u043d\u0434\u0438\u043a\u0430\u0442\u043e\u0440 \u0445\u043e\u0434\u0430 \u043f\u0440\u0438\u0433\u043e\u0442\u043e\u0432\u043b\u0435\u043d\u0438\u044f: \u043f\u0440\u043e\u0441\u0442\u043e \u0432\u044b\u0431\u0435\u0440\u0438\u0442\u0435 \u0444\u0443\u043d\u043a\u0446\u0438\u044e, \u0443\u0441\u0442\u0430\u043d\u043e\u0432\u0438\u0442\u0435 \u0432\u0440\u0435\u043c\u044f \u0438 \u0442\u0435\u043c\u043f\u0435\u0440\u0430\u0442\u0443\u0440\u0443 \u0438 \u043d\u0430\u0436\u043c\u0438\u0442\u0435 &#171;\u0421\u0442\u0430\u0440\u0442&#187; &#8212; \u0438\u043d\u0434\u0438\u043a\u0430\u0442\u043e\u0440 \u0445\u043e\u0434\u0430 \u043f\u0440\u0438\u0433\u043e\u0442\u043e\u0432\u043b\u0435\u043d\u0438\u044f \u0441\u043e\u043e\u0431\u0449\u0438\u0442 \u0412\u0430\u043c, \u0441\u043a\u043e\u043b\u044c\u043a\u043e \u0432\u0440\u0435\u043c\u0435\u043d\u0438 \u043f\u043e\u0442\u0440\u0435\u0431\u0443\u0435\u0442\u0441\u044f \u0434\u043b\u044f \u0442\u043e\u0433\u043e, \u0447\u0442\u043e\u0431\u044b \u0412\u0430\u0448\u0435 \u0431\u043b\u044e\u0434\u043e \u0431\u044b\u043b\u043e \u0433\u043e\u0442\u043e\u0432\u043e!<br \/>\n\u0428\u0430\u043c\u043f\u0443\u0440\u044b \u0434\u043b\u044f \u0432\u0435\u0440\u0442\u0435\u043b\u0430 &#8212; \u0438\u0434\u0435\u0430\u043b\u044c\u043d\u043e\u0435 \u0440\u0435\u0448\u0435\u043d\u0438\u0435 \u0434\u043b\u044f \u043f\u0440\u0438\u0433\u043e\u0442\u043e\u0432\u043b\u0435\u043d\u0438\u044f \u0438\u0434\u0435\u0430\u043b\u044c\u043d\u043e\u0433\u043e \u0436\u0430\u0440\u043a\u043e\u0433\u043e: \u044d\u0442\u0438 \u0448\u0430\u043c\u043f\u0443\u0440\u044b \u0434\u043b\u044f \u0432\u044b\u043f\u0435\u0447\u043a\u0438 \u043f\u0435\u0440\u0435\u0432\u043e\u0440\u0430\u0447\u0438\u0432\u0430\u044e\u0442 \u0436\u0430\u0440\u043a\u043e\u0435 \u0434\u043b\u044f \u0440\u0430\u0432\u043d\u043e\u043c\u0435\u0440\u043d\u043e\u0433\u043e \u043f\u0440\u0438\u0433\u043e\u0442\u043e\u0432\u043b\u0435\u043d\u0438\u044f.<br \/>\n\u0426\u0438\u0440\u043a\u0443\u043b\u044f\u0446\u0438\u044f \u0433\u043e\u0440\u044f\u0447\u0435\u0433\u043e \u0432\u043e\u0437\u0434\u0443\u0445\u0430 \u043d\u0430 360\u00b0 \u0438 \u043f\u0435\u0440\u0444\u043e\u0440\u0438\u0440\u043e\u0432\u0430\u043d\u043d\u044b\u0435 \u0432\u0430\u0440\u043e\u0447\u043d\u044b\u0435 \u043f\u0430\u043d\u0435\u043b\u0438 \u043e\u0431\u0435\u0441\u043f\u0435\u0447\u0438\u0432\u0430\u044e\u0442 \u043c\u0430\u043a\u0441\u0438\u043c\u0430\u043b\u044c\u043d\u044b\u0439 \u043f\u043e\u0442\u043e\u043a \u0432\u043e\u0437\u0434\u0443\u0445\u0430, \u043a\u043e\u0442\u043e\u0440\u044b\u0439 \u0440\u0430\u0432\u043d\u043e\u043c\u0435\u0440\u043d\u043e \u0440\u0430\u0441\u043f\u0440\u0435\u0434\u0435\u043b\u044f\u0435\u0442\u0441\u044f, \u0432 \u0440\u0435\u0437\u0443\u043b\u044c\u0442\u0430\u0442\u0435 \u0447\u0435\u0433\u043e \u043a\u0430\u0436\u0434\u044b\u0439 \u0440\u0430\u0437 \u043f\u043e\u043b\u0443\u0447\u0430\u044e\u0442\u0441\u044f \u0445\u0440\u0443\u0441\u0442\u044f\u0449\u0438\u0435 \u0438 \u0432\u043a\u0443\u0441\u043d\u044b\u0435 \u0431\u043b\u044e\u0434\u0430.<br \/>\n\u0424\u0440\u0438\u0442\u044e\u0440\u043d\u0438\u0446\u0430 \u0441 9 \u043f\u0440\u043e\u0433\u0440\u0430\u043c\u043c\u0430\u043c\u0438 \u043f\u0440\u0438\u0433\u043e\u0442\u043e\u0432\u043b\u0435\u043d\u0438\u044f \u043e\u0434\u043d\u0438\u043c \u043d\u0430\u0436\u0430\u0442\u0438\u0435\u043c \u043a\u043d\u043e\u043f\u043a\u0438:<br \/>\n\u0416\u0430\u0440\u043a\u0430 \u043d\u0430 \u0432\u043e\u0437\u0434\u0443\u0445\u0435: \u0434\u043b\u044f \u0445\u0440\u0443\u0441\u0442\u044f\u0449\u0438\u0445 \u043a\u0443\u0440\u0438\u043d\u044b\u0445 \u043a\u0440\u044b\u043b\u044b\u0448\u0435\u043a, \u043a\u0430\u0440\u0442\u043e\u0444\u0435\u043b\u044f \u0444\u0440\u0438 \u0438 \u0432\u0441\u0435\u0445 \u0434\u0440\u0443\u0433\u0438\u0445 \u0412\u0430\u0448\u0438\u0445 \u043b\u044e\u0431\u0438\u043c\u044b\u0445 \u0431\u043b\u044e\u0434.<br \/>\n\u0412\u0440\u0430\u0449\u0435\u043d\u0438\u0435: \u0443 \u0412\u0430\u0441 \u043f\u043e\u043b\u0443\u0447\u0438\u0442\u0441\u044f \u043b\u0435\u0433\u043a\u0430\u044f \u0438 \u0440\u0430\u0432\u043d\u043e\u043c\u0435\u0440\u043d\u0430\u044f \u0432\u044b\u043f\u0435\u0447\u043a\u0430.<br \/>\n\u041e\u0431\u0436\u0430\u0440\u0438\u0432\u0430\u043d\u0438\u0435: \u0432\u043a\u0443\u0441\u043d\u043e \u043f\u0440\u043e\u043f\u0435\u043a\u0430\u0435\u0442\u0441\u044f \u0438 \u043f\u0440\u0438\u0434\u0430\u0435\u0442 \u0447\u0443\u0434\u0435\u0441\u043d\u044b\u0439 \u0430\u0440\u043e\u043c\u0430\u0442.<br \/>\n\u0413\u0440\u0438\u043b\u044c: \u0432\u0435\u043b\u0438\u043a\u043e\u043b\u0435\u043f\u043d\u044b\u0439 \u0432\u043a\u0443\u0441 \u0434\u043b\u044f \u043e\u0432\u043e\u0449\u0435\u0439 \u0438 \u0434\u0440\u0443\u0433\u0438\u0445 \u0431\u043b\u044e\u0434, \u043f\u0440\u0438\u0433\u043e\u0442\u043e\u0432\u043b\u0435\u043d\u043d\u044b\u0445 \u043d\u0430 \u0433\u0440\u0438\u043b\u0435.<br \/>\n\u041f\u043e\u0434\u0436\u0430\u0440\u0438\u0432\u0430\u043d\u0438\u0435: \u0445\u0440\u0443\u0441\u0442\u044f\u0449\u0438\u0439 \u043f\u043e\u0434\u0436\u0430\u0440\u0435\u043d\u043d\u044b\u0439 \u0445\u043b\u0435\u0431 \u0438 \u0434\u0440\u0443\u0433\u0438\u0435 \u043b\u0430\u043a\u043e\u043c\u0441\u0442\u0432\u0430.<br \/>\n\u0412\u044b\u043f\u0435\u0447\u043a\u0430: \u043f\u043e\u043f\u0440\u043e\u0431\u0443\u0439\u0442\u0435 \u043f\u0440\u0438\u0433\u043e\u0442\u043e\u0432\u0438\u0442\u044c \u0431\u0443\u043b\u043e\u0447\u043a\u0438, \u043f\u0438\u0440\u043e\u0436\u043d\u044b\u0435 \u0438\u043b\u0438 \u0434\u0430\u0436\u0435 \u0445\u043b\u0435\u0431 \u0441 \u0438\u0434\u0435\u0430\u043b\u044c\u043d\u044b\u043c \u0436\u0430\u0440\u043e\u043c.<br \/>\n\u0417\u0430\u043c\u0435\u043d\u0430: \u043b\u0435\u0433\u043a\u043e \u0440\u0430\u0437\u043e\u0433\u0440\u0435\u0432\u0430\u0439\u0442\u0435 \u043e\u0441\u0442\u0430\u0432\u0448\u0438\u0435\u0441\u044f \u043f\u0440\u043e\u0434\u0443\u043a\u0442\u044b, \u0441\u043e\u0445\u0440\u0430\u043d\u044f\u044f \u0438\u0445 \u0441\u0432\u0435\u0436\u0438\u043c\u0438.<br \/>\n\u0421\u0443\u0448\u043a\u0430: \u0441\u0443\u0448\u0438\u0442\u0435 \u0444\u0440\u0443\u043a\u0442\u044b, \u043e\u0432\u043e\u0449\u0438 \u0438 \u0437\u0430\u043a\u0443\u0441\u043a\u0438 \u043f\u0440\u044f\u043c\u043e \u0432 \u0432\u043e\u0437\u0434\u0443\u0445\u0435 \u0432\u043e \u0444\u0440\u0438\u0442\u044e\u0440\u043d\u0438\u0446\u0435.<br \/>\n\u041f\u043e\u0434\u044a\u0435\u043c: \u0438\u0434\u0435\u0430\u043b\u044c\u043d\u043e \u043f\u043e\u0434\u0445\u043e\u0434\u0438\u0442 \u0434\u043b\u044f \u043f\u043e\u0434\u044a\u0435\u043c\u0430 \u0442\u0435\u0441\u0442\u0430 \u043f\u0435\u0440\u0435\u0434 \u0432\u044b\u043f\u0435\u0447\u043a\u043e\u0439 \u0445\u043b\u0435\u0431\u0430.<\/p>\n<p>\u041d\u0430\u043f\u0440\u044f\u0436\u0435\u043d\u0438\u0435: 220-240 \u0412 ~ 50-60 \u0413\u0446<br \/>\n\u041c\u043e\u0449\u043d\u043e\u0441\u0442\u044c: 1450 &#8212; 1700 \u0412\u0442<br \/>\n\u0420\u0430\u0437\u043c\u0435\u0440\u044b: (\u0412) 35 x (\u0428) 34,5 x (\u0410) 37,5 \u0441\u043c<br \/>\n\u041e\u0431\u044a\u0435\u043c: 13 \u043b\u0438\u0442\u0440\u043e\u0432<br \/>\n\u0412\u0435\u0441: 8,2 \u043a\u0433<br \/>\n\u0413\u0430\u0440\u0430\u043d\u0442\u0438\u044f: 12 \u043c\u0435\u0441\u044f\u0446\u0435\u0432<\/p>\n<p><a href=\"https:\/\/91.lt\/instant-vortex-plus-orkaite-13l-9-in-1-2\/\">\u0417\u0430\u0433\u0440\u0443\u0437\u0438\u0442\u0435 \u0440\u0443\u043a\u043e\u0432\u043e\u0434\u0441\u0442\u0432\u043e \u043f\u043e\u043b\u044c\u0437\u043e\u0432\u0430\u0442\u0435\u043b\u044f \u21d2<\/a><\/p>\n","protected":false},"excerpt":{"rendered":"<p>\u0414\u043e\u0441\u0442\u0430\u0432\u043a\u0430 \u0442\u043e\u043b\u044c\u043a\u043e \u043a\u0443\u0440\u044c\u0435\u0440\u043e\u043c Venipak. Instant Pot\u00ae Vortex\u00ae Plus &#8212; \u0414\u0443\u0445\u043e\u0432\u043a\u0430 13 \u043b Instant Vortex Plus &#8212; \u043c\u043d\u043e\u0433\u043e\u0444\u0443\u043d\u043a\u0446\u0438\u043e\u043d\u0430\u043b\u044c\u043d\u0430\u044f 13-\u043b\u0438\u0442\u0440\u043e\u0432\u0430\u044f \u0430\u044d\u0440\u043e\u0444\u0440\u0438\u0442\u044e\u0440\u043d\u0438\u0446\u0430, \u0441\u043e\u0447\u0435\u0442\u0430\u044e\u0449\u0430\u044f<\/p>\n","protected":false},"featured_media":142108,"template":"","meta":{"_acf_changed":false},"product_brand":[],"product_cat":[2411,1989],"product_tag":[],"class_list":{"0":"post-142093","1":"product","2":"type-product","3":"status-publish","4":"has-post-thumbnail","6":"product_cat-2411","7":"product_cat-1989","9":"first","10":"outofstock","11":"shipping-taxable","12":"purchasable","13":"product-type-simple"},"acf":[],"yoast_head":"<!-- This site is optimized with the Yoast SEO plugin v27.3 - https:\/\/yoast.com\/product\/yoast-seo-wordpress\/ -->\n<title>Instant Pot\u00ae Vortex\u00ae Plus - \u0434\u0443\u0445\u043e\u0432\u043a\u0430 13 \u043b - Biopapa<\/title>\n<meta name=\"description\" content=\"Instant Pot\u00ae Vortex\u00ae Plus - Instant Pot\u00ae 13L\" \/>\n<meta name=\"robots\" content=\"index, follow, max-snippet:-1, max-image-preview:large, max-video-preview:-1\" \/>\n<link rel=\"canonical\" href=\"https:\/\/www.biopapa.lt\/ru\/produktas\/instant-pot-vortex-plus-duhovka-13l\/\" \/>\n<meta property=\"og:locale\" content=\"ru_RU\" \/>\n<meta property=\"og:type\" content=\"article\" \/>\n<meta property=\"og:title\" content=\"Instant Pot\u00ae Vortex\u00ae Plus - \u0434\u0443\u0445\u043e\u0432\u043a\u0430 13 \u043b - Biopapa\" \/>\n<meta property=\"og:description\" content=\"Instant Pot\u00ae Vortex\u00ae Plus - Instant Pot\u00ae 13L\" \/>\n<meta property=\"og:url\" content=\"https:\/\/www.biopapa.lt\/ru\/produktas\/instant-pot-vortex-plus-duhovka-13l\/\" \/>\n<meta property=\"og:site_name\" content=\"Biopapa\" \/>\n<meta property=\"article:publisher\" content=\"https:\/\/www.facebook.com\/biopapa.lt\" \/>\n<meta property=\"article:modified_time\" content=\"2025-12-16T11:49:52+00:00\" \/>\n<meta property=\"og:image\" content=\"https:\/\/www.biopapa.lt\/wp-content\/uploads\/2025\/07\/Greitpuodis-Instant-Pot\u00ae-Vortex\u00ae-Plus-orkaite-13L.png\" \/>\n\t<meta property=\"og:image:width\" content=\"800\" \/>\n\t<meta property=\"og:image:height\" content=\"640\" \/>\n\t<meta property=\"og:image:type\" content=\"image\/png\" \/>\n<meta name=\"twitter:card\" content=\"summary_large_image\" \/>\n<script type=\"application\/ld+json\" class=\"yoast-schema-graph\">{\"@context\":\"https:\\\/\\\/schema.org\",\"@graph\":[{\"@type\":\"WebPage\",\"@id\":\"https:\\\/\\\/www.biopapa.lt\\\/ru\\\/produktas\\\/instant-pot-vortex-plus-duhovka-13l\\\/\",\"url\":\"https:\\\/\\\/www.biopapa.lt\\\/ru\\\/produktas\\\/instant-pot-vortex-plus-duhovka-13l\\\/\",\"name\":\"Instant Pot\u00ae Vortex\u00ae Plus - \u0434\u0443\u0445\u043e\u0432\u043a\u0430 13 \u043b - Biopapa\",\"isPartOf\":{\"@id\":\"https:\\\/\\\/www.biopapa.lt\\\/#website\"},\"primaryImageOfPage\":{\"@id\":\"https:\\\/\\\/www.biopapa.lt\\\/ru\\\/produktas\\\/instant-pot-vortex-plus-duhovka-13l\\\/#primaryimage\"},\"image\":{\"@id\":\"https:\\\/\\\/www.biopapa.lt\\\/ru\\\/produktas\\\/instant-pot-vortex-plus-duhovka-13l\\\/#primaryimage\"},\"thumbnailUrl\":\"https:\\\/\\\/www.biopapa.lt\\\/wp-content\\\/uploads\\\/2025\\\/07\\\/Greitpuodis-Instant-Pot\u00ae-Vortex\u00ae-Plus-orkaite-13L.png\",\"datePublished\":\"2025-07-03T06:42:42+00:00\",\"dateModified\":\"2025-12-16T11:49:52+00:00\",\"description\":\"Instant Pot\u00ae Vortex\u00ae Plus - Instant Pot\u00ae 13L\",\"breadcrumb\":{\"@id\":\"https:\\\/\\\/www.biopapa.lt\\\/ru\\\/produktas\\\/instant-pot-vortex-plus-duhovka-13l\\\/#breadcrumb\"},\"inLanguage\":\"ru-RU\",\"potentialAction\":[{\"@type\":\"ReadAction\",\"target\":[\"https:\\\/\\\/www.biopapa.lt\\\/ru\\\/produktas\\\/instant-pot-vortex-plus-duhovka-13l\\\/\"]}]},{\"@type\":\"ImageObject\",\"inLanguage\":\"ru-RU\",\"@id\":\"https:\\\/\\\/www.biopapa.lt\\\/ru\\\/produktas\\\/instant-pot-vortex-plus-duhovka-13l\\\/#primaryimage\",\"url\":\"https:\\\/\\\/www.biopapa.lt\\\/wp-content\\\/uploads\\\/2025\\\/07\\\/Greitpuodis-Instant-Pot\u00ae-Vortex\u00ae-Plus-orkaite-13L.png\",\"contentUrl\":\"https:\\\/\\\/www.biopapa.lt\\\/wp-content\\\/uploads\\\/2025\\\/07\\\/Greitpuodis-Instant-Pot\u00ae-Vortex\u00ae-Plus-orkaite-13L.png\",\"width\":800,\"height\":640},{\"@type\":\"BreadcrumbList\",\"@id\":\"https:\\\/\\\/www.biopapa.lt\\\/ru\\\/produktas\\\/instant-pot-vortex-plus-duhovka-13l\\\/#breadcrumb\",\"itemListElement\":[{\"@type\":\"ListItem\",\"position\":1,\"name\":\"Home\",\"item\":\"https:\\\/\\\/www.biopapa.lt\\\/ru\\\/\"},{\"@type\":\"ListItem\",\"position\":2,\"name\":\"\u041c\u0430\u0433\u0430\u0437\u0438\u043d\",\"item\":\"https:\\\/\\\/www.biopapa.lt\\\/ru\\\/%d0%bc%d0%b0%d0%b3%d0%b0%d0%b7%d0%b8%d0%bd\\\/\"},{\"@type\":\"ListItem\",\"position\":3,\"name\":\"Instant Pot\u00ae Vortex\u00ae Plus &#8212; \u0434\u0443\u0445\u043e\u0432\u043a\u0430 13 \u043b\"}]},{\"@type\":\"WebSite\",\"@id\":\"https:\\\/\\\/www.biopapa.lt\\\/#website\",\"url\":\"https:\\\/\\\/www.biopapa.lt\\\/\",\"name\":\"Biopapa\",\"description\":\"\u0160var\u016bs ekologi\u0161ki produktai\",\"publisher\":{\"@id\":\"https:\\\/\\\/www.biopapa.lt\\\/#organization\"},\"potentialAction\":[{\"@type\":\"SearchAction\",\"target\":{\"@type\":\"EntryPoint\",\"urlTemplate\":\"https:\\\/\\\/www.biopapa.lt\\\/?s={search_term_string}\"},\"query-input\":{\"@type\":\"PropertyValueSpecification\",\"valueRequired\":true,\"valueName\":\"search_term_string\"}}],\"inLanguage\":\"ru-RU\"},{\"@type\":\"Organization\",\"@id\":\"https:\\\/\\\/www.biopapa.lt\\\/#organization\",\"name\":\"Biopapa\",\"url\":\"https:\\\/\\\/www.biopapa.lt\\\/\",\"logo\":{\"@type\":\"ImageObject\",\"inLanguage\":\"ru-RU\",\"@id\":\"https:\\\/\\\/www.biopapa.lt\\\/#\\\/schema\\\/logo\\\/image\\\/\",\"url\":\"https:\\\/\\\/www.biopapa.lt\\\/wp-content\\\/uploads\\\/2022\\\/04\\\/facebook_biopapa.jpg\",\"contentUrl\":\"https:\\\/\\\/www.biopapa.lt\\\/wp-content\\\/uploads\\\/2022\\\/04\\\/facebook_biopapa.jpg\",\"width\":1733,\"height\":907,\"caption\":\"Biopapa\"},\"image\":{\"@id\":\"https:\\\/\\\/www.biopapa.lt\\\/#\\\/schema\\\/logo\\\/image\\\/\"},\"sameAs\":[\"https:\\\/\\\/www.facebook.com\\\/biopapa.lt\"]}]}<\/script>\n<!-- \/ Yoast SEO plugin. -->","yoast_head_json":{"title":"Instant Pot\u00ae Vortex\u00ae Plus - \u0434\u0443\u0445\u043e\u0432\u043a\u0430 13 \u043b - Biopapa","description":"Instant Pot\u00ae Vortex\u00ae Plus - Instant Pot\u00ae 13L","robots":{"index":"index","follow":"follow","max-snippet":"max-snippet:-1","max-image-preview":"max-image-preview:large","max-video-preview":"max-video-preview:-1"},"canonical":"https:\/\/www.biopapa.lt\/ru\/produktas\/instant-pot-vortex-plus-duhovka-13l\/","og_locale":"ru_RU","og_type":"article","og_title":"Instant Pot\u00ae Vortex\u00ae Plus - \u0434\u0443\u0445\u043e\u0432\u043a\u0430 13 \u043b - Biopapa","og_description":"Instant Pot\u00ae Vortex\u00ae Plus - Instant Pot\u00ae 13L","og_url":"https:\/\/www.biopapa.lt\/ru\/produktas\/instant-pot-vortex-plus-duhovka-13l\/","og_site_name":"Biopapa","article_publisher":"https:\/\/www.facebook.com\/biopapa.lt","article_modified_time":"2025-12-16T11:49:52+00:00","og_image":[{"width":800,"height":640,"url":"https:\/\/www.biopapa.lt\/wp-content\/uploads\/2025\/07\/Greitpuodis-Instant-Pot\u00ae-Vortex\u00ae-Plus-orkaite-13L.png","type":"image\/png"}],"twitter_card":"summary_large_image","schema":{"@context":"https:\/\/schema.org","@graph":[{"@type":"WebPage","@id":"https:\/\/www.biopapa.lt\/ru\/produktas\/instant-pot-vortex-plus-duhovka-13l\/","url":"https:\/\/www.biopapa.lt\/ru\/produktas\/instant-pot-vortex-plus-duhovka-13l\/","name":"Instant Pot\u00ae Vortex\u00ae Plus - \u0434\u0443\u0445\u043e\u0432\u043a\u0430 13 \u043b - Biopapa","isPartOf":{"@id":"https:\/\/www.biopapa.lt\/#website"},"primaryImageOfPage":{"@id":"https:\/\/www.biopapa.lt\/ru\/produktas\/instant-pot-vortex-plus-duhovka-13l\/#primaryimage"},"image":{"@id":"https:\/\/www.biopapa.lt\/ru\/produktas\/instant-pot-vortex-plus-duhovka-13l\/#primaryimage"},"thumbnailUrl":"https:\/\/www.biopapa.lt\/wp-content\/uploads\/2025\/07\/Greitpuodis-Instant-Pot\u00ae-Vortex\u00ae-Plus-orkaite-13L.png","datePublished":"2025-07-03T06:42:42+00:00","dateModified":"2025-12-16T11:49:52+00:00","description":"Instant Pot\u00ae Vortex\u00ae Plus - Instant Pot\u00ae 13L","breadcrumb":{"@id":"https:\/\/www.biopapa.lt\/ru\/produktas\/instant-pot-vortex-plus-duhovka-13l\/#breadcrumb"},"inLanguage":"ru-RU","potentialAction":[{"@type":"ReadAction","target":["https:\/\/www.biopapa.lt\/ru\/produktas\/instant-pot-vortex-plus-duhovka-13l\/"]}]},{"@type":"ImageObject","inLanguage":"ru-RU","@id":"https:\/\/www.biopapa.lt\/ru\/produktas\/instant-pot-vortex-plus-duhovka-13l\/#primaryimage","url":"https:\/\/www.biopapa.lt\/wp-content\/uploads\/2025\/07\/Greitpuodis-Instant-Pot\u00ae-Vortex\u00ae-Plus-orkaite-13L.png","contentUrl":"https:\/\/www.biopapa.lt\/wp-content\/uploads\/2025\/07\/Greitpuodis-Instant-Pot\u00ae-Vortex\u00ae-Plus-orkaite-13L.png","width":800,"height":640},{"@type":"BreadcrumbList","@id":"https:\/\/www.biopapa.lt\/ru\/produktas\/instant-pot-vortex-plus-duhovka-13l\/#breadcrumb","itemListElement":[{"@type":"ListItem","position":1,"name":"Home","item":"https:\/\/www.biopapa.lt\/ru\/"},{"@type":"ListItem","position":2,"name":"\u041c\u0430\u0433\u0430\u0437\u0438\u043d","item":"https:\/\/www.biopapa.lt\/ru\/%d0%bc%d0%b0%d0%b3%d0%b0%d0%b7%d0%b8%d0%bd\/"},{"@type":"ListItem","position":3,"name":"Instant Pot\u00ae Vortex\u00ae Plus &#8212; \u0434\u0443\u0445\u043e\u0432\u043a\u0430 13 \u043b"}]},{"@type":"WebSite","@id":"https:\/\/www.biopapa.lt\/#website","url":"https:\/\/www.biopapa.lt\/","name":"Biopapa","description":"\u0160var\u016bs ekologi\u0161ki produktai","publisher":{"@id":"https:\/\/www.biopapa.lt\/#organization"},"potentialAction":[{"@type":"SearchAction","target":{"@type":"EntryPoint","urlTemplate":"https:\/\/www.biopapa.lt\/?s={search_term_string}"},"query-input":{"@type":"PropertyValueSpecification","valueRequired":true,"valueName":"search_term_string"}}],"inLanguage":"ru-RU"},{"@type":"Organization","@id":"https:\/\/www.biopapa.lt\/#organization","name":"Biopapa","url":"https:\/\/www.biopapa.lt\/","logo":{"@type":"ImageObject","inLanguage":"ru-RU","@id":"https:\/\/www.biopapa.lt\/#\/schema\/logo\/image\/","url":"https:\/\/www.biopapa.lt\/wp-content\/uploads\/2022\/04\/facebook_biopapa.jpg","contentUrl":"https:\/\/www.biopapa.lt\/wp-content\/uploads\/2022\/04\/facebook_biopapa.jpg","width":1733,"height":907,"caption":"Biopapa"},"image":{"@id":"https:\/\/www.biopapa.lt\/#\/schema\/logo\/image\/"},"sameAs":["https:\/\/www.facebook.com\/biopapa.lt"]}]}},"_links":{"self":[{"href":"https:\/\/www.biopapa.lt\/ru\/wp-json\/wp\/v2\/product\/142093","targetHints":{"allow":["GET"]}}],"collection":[{"href":"https:\/\/www.biopapa.lt\/ru\/wp-json\/wp\/v2\/product"}],"about":[{"href":"https:\/\/www.biopapa.lt\/ru\/wp-json\/wp\/v2\/types\/product"}],"wp:featuredmedia":[{"embeddable":true,"href":"https:\/\/www.biopapa.lt\/ru\/wp-json\/wp\/v2\/media\/142108"}],"wp:attachment":[{"href":"https:\/\/www.biopapa.lt\/ru\/wp-json\/wp\/v2\/media?parent=142093"}],"wp:term":[{"taxonomy":"product_brand","embeddable":true,"href":"https:\/\/www.biopapa.lt\/ru\/wp-json\/wp\/v2\/product_brand?post=142093"},{"taxonomy":"product_cat","embeddable":true,"href":"https:\/\/www.biopapa.lt\/ru\/wp-json\/wp\/v2\/product_cat?post=142093"},{"taxonomy":"product_tag","embeddable":true,"href":"https:\/\/www.biopapa.lt\/ru\/wp-json\/wp\/v2\/product_tag?post=142093"}],"curies":[{"name":"wp","href":"https:\/\/api.w.org\/{rel}","templated":true}]}}