{"id":42559,"date":"2014-06-03T09:14:28","date_gmt":"2014-06-03T06:14:28","guid":{"rendered":"https:\/\/www.biopapa.lt\/%d0%bf%d1%80%d0%be%d0%b3%d1%80%d0%b0%d0%bc%d0%bc%d0%b0-%d0%bb%d0%be%d1%8f%d0%bb%d1%8c%d0%bd%d0%be%d1%81%d1%82%d0%b8-%d0%b8-%d0%b3%d0%b0%d1%80%d0%b0%d0%bd%d1%82%d0%b8%d1%8f\/"},"modified":"2025-12-10T17:02:44","modified_gmt":"2025-12-10T15:02:44","slug":"vozvrat-tovarov","status":"publish","type":"page","link":"https:\/\/www.biopapa.lt\/ru\/vozvrat-tovarov\/","title":{"rendered":"\u0412\u043e\u0437\u0432\u0440\u0430\u0442 \u0442\u043e\u0432\u0430\u0440\u043e\u0432"},"content":{"rendered":"<p class=\"p1\"><strong>\u0412\u043e\u0437\u0432\u0440\u0430\u0442<br \/>\n<\/strong>\u0412 \u0441\u043e\u043e\u0442\u0432\u0435\u0442\u0441\u0442\u0432\u0438\u0438 \u0441 \u043f\u043e\u043b\u043e\u0436\u0435\u043d\u0438\u044f\u043c\u0438 \u0441\u0442\u0430\u0442\u044c\u0438 6.228 \u0413\u0440\u0430\u0436\u0434\u0430\u043d\u0441\u043a\u043e\u0433\u043e \u043a\u043e\u0434\u0435\u043a\u0441\u0430 \u041b\u0438\u0442\u043e\u0432\u0441\u043a\u043e\u0439 \u0420\u0435\u0441\u043f\u0443\u0431\u043b\u0438\u043a\u0438 \u043e\u0431\u043c\u0435\u043d\u0443 \u0438\u043b\u0438 \u0432\u043e\u0437\u0432\u0440\u0430\u0442\u0443 \u043d\u0435 \u043f\u043e\u0434\u043b\u0435\u0436\u0430\u0442 \u0442\u043e\u0432\u0430\u0440\u044b \u0441\u043b\u0435\u0434\u0443\u044e\u0449\u0435\u0433\u043e \u043a\u0430\u0447\u0435\u0441\u0442\u0432\u0430:<br \/>\n\u0421\u044b\u043f\u0443\u0447\u0438\u0435 \u043f\u0438\u0449\u0435\u0432\u044b\u0435 \u043f\u0440\u043e\u0434\u0443\u043a\u0442\u044b, \u0440\u0430\u0441\u0444\u0430\u0441\u043e\u0432\u0430\u043d\u043d\u044b\u0435 \u043f\u043e \u0437\u0430\u043a\u0430\u0437\u0443 \u043f\u043e\u043a\u0443\u043f\u0430\u0442\u0435\u043b\u044f (\u043a\u0440\u0443\u043f\u044b, \u0447\u0430\u0439, \u043f\u043e\u0440\u043e\u0448\u043e\u043a \u0438 \u0442.\u0434.), \u0435\u0441\u043b\u0438 \u0442\u043e\u043b\u044c\u043a\u043e \u043e\u043d\u0438 \u043d\u0435 \u044f\u0432\u043b\u044f\u044e\u0442\u0441\u044f \u043d\u0435\u043a\u0430\u0447\u0435\u0441\u0442\u0432\u0435\u043d\u043d\u044b\u043c\u0438.<br \/>\n\u041f\u0440\u043e\u0434\u0443\u043a\u0442\u044b \u043f\u0438\u0442\u0430\u043d\u0438\u044f \u0432 \u0437\u0430\u0432\u043e\u0434\u0441\u043a\u043e\u0439 \u0443\u043f\u0430\u043a\u043e\u0432\u043a\u0435, \u043a\u043e\u0442\u043e\u0440\u044b\u0435 \u043d\u0435 \u043f\u043e\u0434\u043b\u0435\u0436\u0430\u0442 \u0432\u043e\u0437\u0432\u0440\u0430\u0442\u0443, \u0435\u0441\u043b\u0438:<br \/>\n&#8212; \u0441\u043a\u043e\u0440\u043e\u043f\u043e\u0440\u0442\u044f\u0449\u0438\u0435\u0441\u044f;<br \/>\n&#8212; \u043d\u0435\u043f\u0440\u0438\u0433\u043e\u0434\u043d\u044b\u0435 \u0434\u043b\u044f \u0432\u043e\u0437\u0432\u0440\u0430\u0442\u0430 \u043f\u043e \u0441\u043e\u043e\u0431\u0440\u0430\u0436\u0435\u043d\u0438\u044f\u043c \u0433\u0438\u0433\u0438\u0435\u043d\u044b \u0438\u043b\u0438 \u0431\u0435\u0437\u043e\u043f\u0430\u0441\u043d\u043e\u0441\u0442\u0438 \u043f\u0440\u043e\u0434\u0443\u043a\u0442\u043e\u0432 \u043f\u0438\u0442\u0430\u043d\u0438\u044f, \u0435\u0441\u043b\u0438 \u0443\u043f\u0430\u043a\u043e\u0432\u043a\u0430 \u0431\u044b\u043b\u0430 \u0432\u0441\u043a\u0440\u044b\u0442\u0430 \u0438\u043b\u0438 \u043f\u043e\u0432\u0440\u0435\u0436\u0434\u0435\u043d\u0430;<br \/>\n&#8212; \u0443\u043f\u0430\u043a\u043e\u0432\u0430\u043d\u043d\u044b\u0435 \u0442\u043e\u0432\u0430\u0440\u044b \u0431\u044b\u043b\u0438 \u0440\u0430\u0441\u043f\u0430\u043a\u043e\u0432\u0430\u043d\u044b \u043f\u043e\u0441\u043b\u0435 \u0434\u043e\u0441\u0442\u0430\u0432\u043a\u0438;<br \/>\n&#8212; \u043f\u043e\u0434\u0430\u0440\u043e\u0447\u043d\u044b\u0435 \u0441\u0435\u0440\u0442\u0438\u0444\u0438\u043a\u0430\u0442\u044b \u043e\u0442\u043d\u043e\u0441\u044f\u0442\u0441\u044f \u043a \u043a\u0430\u0442\u0435\u0433\u043e\u0440\u0438\u0438 \u0442\u043e\u0432\u0430\u0440\u043e\u0432, \u043d\u0435 \u043f\u043e\u0434\u043b\u0435\u0436\u0430\u0449\u0438\u0445 \u043e\u0431\u043c\u0435\u043d\u0443 \u0438 \u0432\u043e\u0437\u0432\u0440\u0430\u0442\u0443. <\/p>\n<p class=\"p3\"><strong>\u0412\u043e\u0437\u0432\u0440\u0430\u0442 \u043d\u0435\u0438\u0441\u043f\u0440\u0430\u0432\u043d\u044b\u0445 \u0442\u043e\u0432\u0430\u0440\u043e\u0432<br \/>\n<\/strong>\u041f\u0440\u0438\u043e\u0431\u0440\u0435\u0442\u0435\u043d\u043d\u044b\u0435 \u0442\u043e\u0432\u0430\u0440\u044b \u043c\u043e\u0436\u043d\u043e \u043e\u0431\u043c\u0435\u043d\u044f\u0442\u044c \u0438\u043b\u0438 \u0432\u0435\u0440\u043d\u0443\u0442\u044c \u0442\u043e\u043b\u044c\u043a\u043e \u0432 \u0442\u043e\u043c \u0441\u043b\u0443\u0447\u0430\u0435, \u0435\u0441\u043b\u0438 \u0443\u0441\u043b\u043e\u0432\u0438\u044f \u0432\u043e\u0437\u0432\u0440\u0430\u0442\u0430 \u0431\u044b\u043b\u0438 \u043e\u0433\u043e\u0432\u043e\u0440\u0435\u043d\u044b \u0437\u0430\u0440\u0430\u043d\u0435\u0435.<strong><br \/>\n<\/strong>\u0415\u0441\u043b\u0438 \u0434\u043e\u0441\u0442\u0430\u0432\u043b\u0435\u043d\u043d\u044b\u0439 \u043f\u0440\u043e\u0434\u0443\u043a\u0442 \u043f\u0438\u0442\u0430\u043d\u0438\u044f \u043f\u043e\u0432\u0440\u0435\u0436\u0434\u0435\u043d, \u043d\u0435\u043a\u0430\u0447\u0435\u0441\u0442\u0432\u0435\u043d\u043d\u044b\u0439, \u0438\u043b\u0438 \u0435\u0441\u043b\u0438 \u0434\u043e\u0441\u0442\u0430\u0432\u043b\u0435\u043d\u044b \u043d\u0435 \u0432\u0441\u0435 \u0438\u043b\u0438 \u043d\u0435 \u0442\u0435 \u043f\u0440\u043e\u0434\u0443\u043a\u0442\u044b, \u043f\u043e\u0436\u0430\u043b\u0443\u0439\u0441\u0442\u0430, \u0441\u0432\u044f\u0436\u0438\u0442\u0435\u0441\u044c \u0441 \u043d\u0430\u043c\u0438 \u043d\u0435 \u043f\u043e\u0437\u0434\u043d\u0435\u0435 \u0447\u0435\u043c \u0447\u0435\u0440\u0435\u0437 72 \u0447\u0430\u0441\u0430 \u043f\u043e\u0441\u043b\u0435 \u0434\u043e\u0441\u0442\u0430\u0432\u043a\u0438:<br \/>\n&#8212; \u043f\u043e \u044d\u043b\u0435\u043a\u0442\u0440\u043e\u043d\u043d\u043e\u0439 \u043f\u043e\u0447\u0442\u0435: info@biopapa.lt<br \/>\n&#8212; \u043f\u043e \u0442\u0435\u043b\u0435\u0444\u043e\u043d\u0443: +370 686 15177.  <\/p>\n<p class=\"p2\">\u041e\u0431\u044f\u0437\u0430\u0442\u0435\u043b\u044c\u043d\u043e \u043f\u0440\u0438\u043b\u043e\u0436\u0438\u0442\u0435 \u0444\u043e\u0442\u043e\u0433\u0440\u0430\u0444\u0438\u044e \u043d\u0435\u0438\u0441\u043f\u0440\u0430\u0432\u043d\u043e\u0433\u043e \u0442\u043e\u0432\u0430\u0440\u0430.<br \/>\n\u0412\u043e\u0437\u0432\u0440\u0430\u0449\u0430\u0435\u043c\u044b\u0439 \u0438\u043b\u0438 \u043e\u0431\u043c\u0435\u043d\u0438\u0432\u0430\u0435\u043c\u044b\u0439 \u0442\u043e\u0432\u0430\u0440 \u0434\u043e\u043b\u0436\u0435\u043d \u0431\u044b\u0442\u044c:<br \/>\n&#8212; \u0432\u043e\u0437\u0432\u0440\u0430\u0449\u0435\u043d \u0432 \u043e\u0440\u0438\u0433\u0438\u043d\u0430\u043b\u044c\u043d\u043e\u0439 \u0443\u043f\u0430\u043a\u043e\u0432\u043a\u0435, \u043f\u043e\u043b\u0443\u0447\u0435\u043d\u043d\u043e\u0439 \u043f\u043e\u043a\u0443\u043f\u0430\u0442\u0435\u043b\u0435\u043c, \u0441 \u0434\u043e\u043a\u0430\u0437\u0430\u0442\u0435\u043b\u044c\u0441\u0442\u0432\u043e\u043c \u043f\u043e\u043a\u0443\u043f\u043a\u0438;<br \/>\n&#8212; \u0432 \u0445\u043e\u0440\u043e\u0448\u0435\u043c \u0441\u043e\u0441\u0442\u043e\u044f\u043d\u0438\u0438, \u043d\u0435 \u043f\u043e\u0432\u0440\u0435\u0436\u0434\u0435\u043d, \u0431\u0435\u0437 \u043f\u043e\u0442\u0435\u0440\u0438 \u0442\u043e\u0432\u0430\u0440\u043d\u043e\u0433\u043e \u0432\u0438\u0434\u0430 (\u044d\u0442\u0438\u043a\u0435\u0442\u043a\u0438 \u0446\u0435\u043b\u044b, \u0437\u0430\u0449\u0438\u0442\u043d\u0430\u044f \u043f\u043b\u0435\u043d\u043a\u0430 \u043d\u0435 \u043e\u0442\u043e\u0440\u0432\u0430\u043d\u0430 \u0438 \u0442.\u0434.);<br \/>\n&#8212; \u043d\u0435\u0438\u0441\u043f\u043e\u043b\u044c\u0437\u043e\u0432\u0430\u043d\u043d\u044b\u043c.<\/p>\n<p class=\"p1\">\u0415\u0441\u043b\u0438 \u0442\u043e\u0432\u0430\u0440 \u043f\u043e\u0432\u0440\u0435\u0436\u0434\u0435\u043d, \u043d\u0435\u0438\u0441\u043f\u0440\u0430\u0432\u0435\u043d \u0438\u043b\u0438 \u043d\u0435\u043f\u0440\u0430\u0432\u0438\u043b\u044c\u043d\u043e \u0443\u043f\u0430\u043a\u043e\u0432\u0430\u043d, \u043f\u0440\u043e\u0434\u0430\u0432\u0435\u0446 \u0438\u043c\u0435\u0435\u0442 \u043f\u0440\u0430\u0432\u043e \u043d\u0435 \u043f\u0440\u0438\u043d\u0438\u043c\u0430\u0442\u044c \u0442\u043e\u0432\u0430\u0440, \u043d\u0435 \u0437\u0430\u043c\u0435\u043d\u044f\u0442\u044c \u0435\u0433\u043e \u0438 \u043d\u0435 \u0432\u043e\u0437\u0432\u0440\u0430\u0449\u0430\u0442\u044c \u0434\u0435\u043d\u044c\u0433\u0438, \u0443\u043f\u043b\u0430\u0447\u0435\u043d\u043d\u044b\u0435 \u043f\u043e\u043a\u0443\u043f\u0430\u0442\u0435\u043b\u0435\u043c.<br \/>\n\u0415\u0441\u043b\u0438 \u043f\u043e\u043a\u0443\u043f\u0430\u0442\u0435\u043b\u044c \u043f\u043e\u0434\u0430\u043b \u0437\u0430\u044f\u0432\u043b\u0435\u043d\u0438\u0435 \u043f\u043e\u0441\u043b\u0435 \u0438\u0441\u0442\u0435\u0447\u0435\u043d\u0438\u044f \u0441\u0440\u043e\u043a\u0430 \u0438\u043b\u0438 \u043d\u0435 \u043f\u0440\u0435\u0434\u043e\u0441\u0442\u0430\u0432\u0438\u043b \u0444\u043e\u0442\u043e\u0433\u0440\u0430\u0444\u0438\u044e \u0442\u043e\u0432\u0430\u0440\u0430, \u043f\u0440\u043e\u0434\u0430\u0432\u0435\u0446 \u043d\u0435 \u043e\u0431\u044f\u0437\u0430\u043d \u0440\u0430\u0441\u0441\u043c\u0430\u0442\u0440\u0438\u0432\u0430\u0442\u044c \u043f\u0440\u0435\u0442\u0435\u043d\u0437\u0438\u044e \u0432 \u043f\u043e\u043b\u044c\u0437\u0443 \u043f\u043e\u043a\u0443\u043f\u0430\u0442\u0435\u043b\u044f.<\/p>\n<p>\u041f\u0440\u043e\u0434\u0430\u0432\u0435\u0446 \u043d\u0435\u0441\u0435\u0442 \u043e\u0442\u0432\u0435\u0442\u0441\u0442\u0432\u0435\u043d\u043d\u043e\u0441\u0442\u044c \u0437\u0430 \u043a\u0430\u0447\u0435\u0441\u0442\u0432\u043e \u0441\u0432\u043e\u0438\u0445 \u0442\u043e\u0432\u0430\u0440\u043e\u0432. \u0414\u0435\u043d\u044c\u0433\u0438, \u0443\u043f\u043b\u0430\u0447\u0435\u043d\u043d\u044b\u0435 \u0437\u0430 \u0432\u043e\u0437\u0432\u0440\u0430\u0449\u0435\u043d\u043d\u044b\u0439 \u0442\u043e\u0432\u0430\u0440, \u0431\u0443\u0434\u0443\u0442 \u043f\u0435\u0440\u0435\u0432\u0435\u0434\u0435\u043d\u044b \u043d\u0430 \u0431\u0430\u043d\u043a\u043e\u0432\u0441\u043a\u0438\u0439 \u0441\u0447\u0435\u0442 (\u0441 \u043a\u043e\u0442\u043e\u0440\u043e\u0433\u043e \u0431\u044b\u043b\u0430 \u043f\u0440\u043e\u0438\u0437\u0432\u0435\u0434\u0435\u043d\u0430 \u043e\u043f\u043b\u0430\u0442\u0430) \u0432 \u0442\u0435\u0447\u0435\u043d\u0438\u0435 3-5 \u0440\u0430\u0431\u043e\u0447\u0438\u0445 \u0434\u043d\u0435\u0439 \u043f\u043e\u0441\u043b\u0435 \u0432\u043e\u0437\u0432\u0440\u0430\u0442\u0430 \u0442\u043e\u0432\u0430\u0440\u0430. <\/p>\n<p class=\"p3\"><strong>\u041d\u0435\u0432\u044b\u043f\u043e\u043b\u043d\u0435\u043d\u043d\u044b\u0435 \u0437\u0430\u043a\u0430\u0437\u044b<\/strong><br \/>\n\u041f\u043e\u043a\u0443\u043f\u0430\u0442\u0435\u043b\u044c \u043e\u0431\u044f\u0437\u0430\u043d \u0437\u0430\u0431\u0440\u0430\u0442\u044c \u0437\u0430\u043a\u0430\u0437\u0430\u043d\u043d\u044b\u0439 \u0442\u043e\u0432\u0430\u0440 \u0432 \u0442\u0435\u0447\u0435\u043d\u0438\u0435 \u0441\u043e\u0433\u043b\u0430\u0441\u043e\u0432\u0430\u043d\u043d\u043e\u0433\u043e \u0438\u043b\u0438 \u0440\u0430\u0437\u0443\u043c\u043d\u043e\u0433\u043e \u0441\u0440\u043e\u043a\u0430 (\u0441\u0442. 6.205 \u0413\u0440\u0430\u0436\u0434\u0430\u043d\u0441\u043a\u043e\u0433\u043e \u043a\u043e\u0434\u0435\u043a\u0441\u0430 \u041b\u0438\u0442\u043e\u0432\u0441\u043a\u043e\u0439 \u0420\u0435\u0441\u043f\u0443\u0431\u043b\u0438\u043a\u0438).<br \/>\n\u0415\u0441\u043b\u0438 \u043f\u043e\u043a\u0443\u043f\u0430\u0442\u0435\u043b\u044c \u043d\u0435 \u0437\u0430\u0431\u0438\u0440\u0430\u0435\u0442 \u0437\u0430\u043a\u0430\u0437 \u0431\u0435\u0437 \u0443\u0432\u0430\u0436\u0438\u0442\u0435\u043b\u044c\u043d\u043e\u0439 \u043f\u0440\u0438\u0447\u0438\u043d\u044b, \u043f\u0440\u043e\u0434\u0430\u0432\u0435\u0446 \u0438\u043c\u0435\u0435\u0442 \u043f\u0440\u0430\u0432\u043e:<br \/>\n&#8212; \u043e\u0442\u043a\u0430\u0437\u0430\u0442\u044c\u0441\u044f \u043e\u0442 \u0445\u0440\u0430\u043d\u0435\u043d\u0438\u044f \u0442\u043e\u0432\u0430\u0440\u0430;<br \/>\n&#8212; \u043d\u0435 \u0432\u043e\u0437\u0432\u0440\u0430\u0449\u0430\u0442\u044c \u043e\u043f\u043b\u0430\u0442\u0443 \u0437\u0430 \u0437\u0430\u043a\u0430\u0437.<\/p>\n<p class=\"p1\"><strong>\u041f\u0440\u0430\u0432\u0430 \u043f\u043e\u0442\u0440\u0435\u0431\u0438\u0442\u0435\u043b\u0435\u0439 \u0438 \u0436\u0430\u043b\u043e\u0431\u044b<br \/>\n<\/strong>\u0412\u044b \u043c\u043e\u0436\u0435\u0442\u0435 \u043f\u043e\u0434\u0430\u0442\u044c \u0437\u0430\u043f\u0440\u043e\u0441 \u0438\u043b\u0438 \u0436\u0430\u043b\u043e\u0431\u0443 \u043d\u0430 \u0442\u043e\u0432\u0430\u0440 \u0438\u043b\u0438 \u0443\u0441\u043b\u0443\u0433\u0443, \u043f\u0440\u0438\u043e\u0431\u0440\u0435\u0442\u0435\u043d\u043d\u044b\u0435 \u0432 \u043d\u0430\u0448\u0435\u043c \u0438\u043d\u0442\u0435\u0440\u043d\u0435\u0442-\u043c\u0430\u0433\u0430\u0437\u0438\u043d\u0435:<br \/>\n&#8212; \u043f\u043e \u044d\u043b\u0435\u043a\u0442\u0440\u043e\u043d\u043d\u043e\u0439 \u043f\u043e\u0447\u0442\u0435. p. tarnyba@vvtat.lt<br \/>\n&#8212; \u0422\u0435\u043b: (8 5) 262 67 51<br \/>\n&#8212; \u0412\u0435\u0431-\u0441\u0430\u0439\u0442: <a href=\"http:\/\/www.vvtat.lt\/\"><span class=\"s1\">www.vvtat.lt<\/span><\/a><br \/>\n&#8212; \u0438\u043b\u0438 \u0437\u0430\u043f\u043e\u043b\u043d\u0438\u0442\u0435 \u0444\u043e\u0440\u043c\u0443 \u0437\u0430\u044f\u0432\u043a\u0438 \u043d\u0430 \u043f\u043b\u0430\u0442\u0444\u043e\u0440\u043c\u0435 EGS.<\/p>\n<p><img decoding=\"async\" class=\"aligncenter wp-image-2745 size-full\" src=\"https:\/\/www.biopapa.lt\/wp-content\/uploads\/garantija-lt-1.png\" alt=\"\u0413\u0430\u0440\u0430\u043d\u0442\u0438\u044f \u0432\u043e\u0437\u0432\u0440\u0430\u0442\u0430 \u0434\u0435\u043d\u0435\u0433\" width=\"130\" height=\"130\"><\/p>\n","protected":false},"excerpt":{"rendered":"<p>\u0412\u043e\u0437\u0432\u0440\u0430\u0442 \u0412 \u0441\u043e\u043e\u0442\u0432\u0435\u0442\u0441\u0442\u0432\u0438\u0438 \u0441 \u043f\u043e\u043b\u043e\u0436\u0435\u043d\u0438\u044f\u043c\u0438 \u0441\u0442\u0430\u0442\u044c\u0438 6.228 \u0413\u0440\u0430\u0436\u0434\u0430\u043d\u0441\u043a\u043e\u0433\u043e \u043a\u043e\u0434\u0435\u043a\u0441\u0430 \u041b\u0438\u0442\u043e\u0432\u0441\u043a\u043e\u0439 \u0420\u0435\u0441\u043f\u0443\u0431\u043b\u0438\u043a\u0438 \u043e\u0431\u043c\u0435\u043d\u0443 \u0438\u043b\u0438 \u0432\u043e\u0437\u0432\u0440\u0430\u0442\u0443 \u043d\u0435 \u043f\u043e\u0434\u043b\u0435\u0436\u0430\u0442 \u0442\u043e\u0432\u0430\u0440\u044b \u0441\u043b\u0435\u0434\u0443\u044e\u0449\u0435\u0433\u043e \u043a\u0430\u0447\u0435\u0441\u0442\u0432\u0430: \u0421\u044b\u043f\u0443\u0447\u0438\u0435<\/p>\n","protected":false},"author":1852,"featured_media":0,"parent":0,"menu_order":0,"comment_status":"closed","ping_status":"closed","template":"","meta":{"_acf_changed":false,"footnotes":""},"class_list":["post-42559","page","type-page","status-publish","hentry"],"acf":[],"yoast_head":"<!-- This site is optimized with the Yoast SEO plugin v27.3 - https:\/\/yoast.com\/product\/yoast-seo-wordpress\/ -->\n<title>\u0412\u043e\u0437\u0432\u0440\u0430\u0442 \u0442\u043e\u0432\u0430\u0440\u043e\u0432 - Biopapa<\/title>\n<meta name=\"robots\" content=\"index, follow, max-snippet:-1, max-image-preview:large, max-video-preview:-1\" \/>\n<link rel=\"canonical\" href=\"https:\/\/www.biopapa.lt\/ru\/vozvrat-tovarov\/\" \/>\n<meta property=\"og:locale\" content=\"ru_RU\" \/>\n<meta property=\"og:type\" content=\"article\" \/>\n<meta property=\"og:title\" content=\"\u0412\u043e\u0437\u0432\u0440\u0430\u0442 \u0442\u043e\u0432\u0430\u0440\u043e\u0432 - Biopapa\" \/>\n<meta property=\"og:description\" content=\"\u0412\u043e\u0437\u0432\u0440\u0430\u0442 \u0412 \u0441\u043e\u043e\u0442\u0432\u0435\u0442\u0441\u0442\u0432\u0438\u0438 \u0441 \u043f\u043e\u043b\u043e\u0436\u0435\u043d\u0438\u044f\u043c\u0438 \u0441\u0442\u0430\u0442\u044c\u0438 6.228 \u0413\u0440\u0430\u0436\u0434\u0430\u043d\u0441\u043a\u043e\u0433\u043e \u043a\u043e\u0434\u0435\u043a\u0441\u0430 \u041b\u0438\u0442\u043e\u0432\u0441\u043a\u043e\u0439 \u0420\u0435\u0441\u043f\u0443\u0431\u043b\u0438\u043a\u0438 \u043e\u0431\u043c\u0435\u043d\u0443 \u0438\u043b\u0438 \u0432\u043e\u0437\u0432\u0440\u0430\u0442\u0443 \u043d\u0435 \u043f\u043e\u0434\u043b\u0435\u0436\u0430\u0442 \u0442\u043e\u0432\u0430\u0440\u044b \u0441\u043b\u0435\u0434\u0443\u044e\u0449\u0435\u0433\u043e \u043a\u0430\u0447\u0435\u0441\u0442\u0432\u0430: \u0421\u044b\u043f\u0443\u0447\u0438\u0435\" \/>\n<meta property=\"og:url\" content=\"https:\/\/www.biopapa.lt\/ru\/vozvrat-tovarov\/\" \/>\n<meta property=\"og:site_name\" content=\"Biopapa\" \/>\n<meta property=\"article:publisher\" content=\"https:\/\/www.facebook.com\/biopapa.lt\" \/>\n<meta property=\"article:modified_time\" content=\"2025-12-10T15:02:44+00:00\" \/>\n<meta property=\"og:image\" content=\"https:\/\/www.biopapa.lt\/wp-content\/uploads\/2022\/04\/facebook_biopapa.jpg\" \/>\n\t<meta property=\"og:image:width\" content=\"1733\" \/>\n\t<meta property=\"og:image:height\" content=\"907\" \/>\n\t<meta property=\"og:image:type\" content=\"image\/jpeg\" \/>\n<meta name=\"twitter:card\" content=\"summary_large_image\" \/>\n<script type=\"application\/ld+json\" class=\"yoast-schema-graph\">{\"@context\":\"https:\\\/\\\/schema.org\",\"@graph\":[{\"@type\":\"WebPage\",\"@id\":\"https:\\\/\\\/www.biopapa.lt\\\/ru\\\/vozvrat-tovarov\\\/\",\"url\":\"https:\\\/\\\/www.biopapa.lt\\\/ru\\\/vozvrat-tovarov\\\/\",\"name\":\"\u0412\u043e\u0437\u0432\u0440\u0430\u0442 \u0442\u043e\u0432\u0430\u0440\u043e\u0432 - Biopapa\",\"isPartOf\":{\"@id\":\"https:\\\/\\\/www.biopapa.lt\\\/#website\"},\"primaryImageOfPage\":{\"@id\":\"https:\\\/\\\/www.biopapa.lt\\\/ru\\\/vozvrat-tovarov\\\/#primaryimage\"},\"image\":{\"@id\":\"https:\\\/\\\/www.biopapa.lt\\\/ru\\\/vozvrat-tovarov\\\/#primaryimage\"},\"thumbnailUrl\":\"https:\\\/\\\/www.biopapa.lt\\\/wp-content\\\/uploads\\\/garantija-lt-1.png\",\"datePublished\":\"2014-06-03T06:14:28+00:00\",\"dateModified\":\"2025-12-10T15:02:44+00:00\",\"breadcrumb\":{\"@id\":\"https:\\\/\\\/www.biopapa.lt\\\/ru\\\/vozvrat-tovarov\\\/#breadcrumb\"},\"inLanguage\":\"ru-RU\",\"potentialAction\":[{\"@type\":\"ReadAction\",\"target\":[\"https:\\\/\\\/www.biopapa.lt\\\/ru\\\/vozvrat-tovarov\\\/\"]}]},{\"@type\":\"ImageObject\",\"inLanguage\":\"ru-RU\",\"@id\":\"https:\\\/\\\/www.biopapa.lt\\\/ru\\\/vozvrat-tovarov\\\/#primaryimage\",\"url\":\"https:\\\/\\\/www.biopapa.lt\\\/wp-content\\\/uploads\\\/garantija-lt-1.png\",\"contentUrl\":\"https:\\\/\\\/www.biopapa.lt\\\/wp-content\\\/uploads\\\/garantija-lt-1.png\"},{\"@type\":\"BreadcrumbList\",\"@id\":\"https:\\\/\\\/www.biopapa.lt\\\/ru\\\/vozvrat-tovarov\\\/#breadcrumb\",\"itemListElement\":[{\"@type\":\"ListItem\",\"position\":1,\"name\":\"Home\",\"item\":\"https:\\\/\\\/www.biopapa.lt\\\/ru\\\/\"},{\"@type\":\"ListItem\",\"position\":2,\"name\":\"\u0412\u043e\u0437\u0432\u0440\u0430\u0442 \u0442\u043e\u0432\u0430\u0440\u043e\u0432\"}]},{\"@type\":\"WebSite\",\"@id\":\"https:\\\/\\\/www.biopapa.lt\\\/#website\",\"url\":\"https:\\\/\\\/www.biopapa.lt\\\/\",\"name\":\"Biopapa\",\"description\":\"\u0160var\u016bs ekologi\u0161ki produktai\",\"publisher\":{\"@id\":\"https:\\\/\\\/www.biopapa.lt\\\/#organization\"},\"potentialAction\":[{\"@type\":\"SearchAction\",\"target\":{\"@type\":\"EntryPoint\",\"urlTemplate\":\"https:\\\/\\\/www.biopapa.lt\\\/?s={search_term_string}\"},\"query-input\":{\"@type\":\"PropertyValueSpecification\",\"valueRequired\":true,\"valueName\":\"search_term_string\"}}],\"inLanguage\":\"ru-RU\"},{\"@type\":\"Organization\",\"@id\":\"https:\\\/\\\/www.biopapa.lt\\\/#organization\",\"name\":\"Biopapa\",\"url\":\"https:\\\/\\\/www.biopapa.lt\\\/\",\"logo\":{\"@type\":\"ImageObject\",\"inLanguage\":\"ru-RU\",\"@id\":\"https:\\\/\\\/www.biopapa.lt\\\/#\\\/schema\\\/logo\\\/image\\\/\",\"url\":\"https:\\\/\\\/www.biopapa.lt\\\/wp-content\\\/uploads\\\/2022\\\/04\\\/facebook_biopapa.jpg\",\"contentUrl\":\"https:\\\/\\\/www.biopapa.lt\\\/wp-content\\\/uploads\\\/2022\\\/04\\\/facebook_biopapa.jpg\",\"width\":1733,\"height\":907,\"caption\":\"Biopapa\"},\"image\":{\"@id\":\"https:\\\/\\\/www.biopapa.lt\\\/#\\\/schema\\\/logo\\\/image\\\/\"},\"sameAs\":[\"https:\\\/\\\/www.facebook.com\\\/biopapa.lt\"]}]}<\/script>\n<!-- \/ Yoast SEO plugin. -->","yoast_head_json":{"title":"\u0412\u043e\u0437\u0432\u0440\u0430\u0442 \u0442\u043e\u0432\u0430\u0440\u043e\u0432 - Biopapa","robots":{"index":"index","follow":"follow","max-snippet":"max-snippet:-1","max-image-preview":"max-image-preview:large","max-video-preview":"max-video-preview:-1"},"canonical":"https:\/\/www.biopapa.lt\/ru\/vozvrat-tovarov\/","og_locale":"ru_RU","og_type":"article","og_title":"\u0412\u043e\u0437\u0432\u0440\u0430\u0442 \u0442\u043e\u0432\u0430\u0440\u043e\u0432 - Biopapa","og_description":"\u0412\u043e\u0437\u0432\u0440\u0430\u0442 \u0412 \u0441\u043e\u043e\u0442\u0432\u0435\u0442\u0441\u0442\u0432\u0438\u0438 \u0441 \u043f\u043e\u043b\u043e\u0436\u0435\u043d\u0438\u044f\u043c\u0438 \u0441\u0442\u0430\u0442\u044c\u0438 6.228 \u0413\u0440\u0430\u0436\u0434\u0430\u043d\u0441\u043a\u043e\u0433\u043e \u043a\u043e\u0434\u0435\u043a\u0441\u0430 \u041b\u0438\u0442\u043e\u0432\u0441\u043a\u043e\u0439 \u0420\u0435\u0441\u043f\u0443\u0431\u043b\u0438\u043a\u0438 \u043e\u0431\u043c\u0435\u043d\u0443 \u0438\u043b\u0438 \u0432\u043e\u0437\u0432\u0440\u0430\u0442\u0443 \u043d\u0435 \u043f\u043e\u0434\u043b\u0435\u0436\u0430\u0442 \u0442\u043e\u0432\u0430\u0440\u044b \u0441\u043b\u0435\u0434\u0443\u044e\u0449\u0435\u0433\u043e \u043a\u0430\u0447\u0435\u0441\u0442\u0432\u0430: \u0421\u044b\u043f\u0443\u0447\u0438\u0435","og_url":"https:\/\/www.biopapa.lt\/ru\/vozvrat-tovarov\/","og_site_name":"Biopapa","article_publisher":"https:\/\/www.facebook.com\/biopapa.lt","article_modified_time":"2025-12-10T15:02:44+00:00","og_image":[{"width":1733,"height":907,"url":"https:\/\/www.biopapa.lt\/wp-content\/uploads\/2022\/04\/facebook_biopapa.jpg","type":"image\/jpeg"}],"twitter_card":"summary_large_image","schema":{"@context":"https:\/\/schema.org","@graph":[{"@type":"WebPage","@id":"https:\/\/www.biopapa.lt\/ru\/vozvrat-tovarov\/","url":"https:\/\/www.biopapa.lt\/ru\/vozvrat-tovarov\/","name":"\u0412\u043e\u0437\u0432\u0440\u0430\u0442 \u0442\u043e\u0432\u0430\u0440\u043e\u0432 - Biopapa","isPartOf":{"@id":"https:\/\/www.biopapa.lt\/#website"},"primaryImageOfPage":{"@id":"https:\/\/www.biopapa.lt\/ru\/vozvrat-tovarov\/#primaryimage"},"image":{"@id":"https:\/\/www.biopapa.lt\/ru\/vozvrat-tovarov\/#primaryimage"},"thumbnailUrl":"https:\/\/www.biopapa.lt\/wp-content\/uploads\/garantija-lt-1.png","datePublished":"2014-06-03T06:14:28+00:00","dateModified":"2025-12-10T15:02:44+00:00","breadcrumb":{"@id":"https:\/\/www.biopapa.lt\/ru\/vozvrat-tovarov\/#breadcrumb"},"inLanguage":"ru-RU","potentialAction":[{"@type":"ReadAction","target":["https:\/\/www.biopapa.lt\/ru\/vozvrat-tovarov\/"]}]},{"@type":"ImageObject","inLanguage":"ru-RU","@id":"https:\/\/www.biopapa.lt\/ru\/vozvrat-tovarov\/#primaryimage","url":"https:\/\/www.biopapa.lt\/wp-content\/uploads\/garantija-lt-1.png","contentUrl":"https:\/\/www.biopapa.lt\/wp-content\/uploads\/garantija-lt-1.png"},{"@type":"BreadcrumbList","@id":"https:\/\/www.biopapa.lt\/ru\/vozvrat-tovarov\/#breadcrumb","itemListElement":[{"@type":"ListItem","position":1,"name":"Home","item":"https:\/\/www.biopapa.lt\/ru\/"},{"@type":"ListItem","position":2,"name":"\u0412\u043e\u0437\u0432\u0440\u0430\u0442 \u0442\u043e\u0432\u0430\u0440\u043e\u0432"}]},{"@type":"WebSite","@id":"https:\/\/www.biopapa.lt\/#website","url":"https:\/\/www.biopapa.lt\/","name":"Biopapa","description":"\u0160var\u016bs ekologi\u0161ki produktai","publisher":{"@id":"https:\/\/www.biopapa.lt\/#organization"},"potentialAction":[{"@type":"SearchAction","target":{"@type":"EntryPoint","urlTemplate":"https:\/\/www.biopapa.lt\/?s={search_term_string}"},"query-input":{"@type":"PropertyValueSpecification","valueRequired":true,"valueName":"search_term_string"}}],"inLanguage":"ru-RU"},{"@type":"Organization","@id":"https:\/\/www.biopapa.lt\/#organization","name":"Biopapa","url":"https:\/\/www.biopapa.lt\/","logo":{"@type":"ImageObject","inLanguage":"ru-RU","@id":"https:\/\/www.biopapa.lt\/#\/schema\/logo\/image\/","url":"https:\/\/www.biopapa.lt\/wp-content\/uploads\/2022\/04\/facebook_biopapa.jpg","contentUrl":"https:\/\/www.biopapa.lt\/wp-content\/uploads\/2022\/04\/facebook_biopapa.jpg","width":1733,"height":907,"caption":"Biopapa"},"image":{"@id":"https:\/\/www.biopapa.lt\/#\/schema\/logo\/image\/"},"sameAs":["https:\/\/www.facebook.com\/biopapa.lt"]}]}},"_links":{"self":[{"href":"https:\/\/www.biopapa.lt\/ru\/wp-json\/wp\/v2\/pages\/42559","targetHints":{"allow":["GET"]}}],"collection":[{"href":"https:\/\/www.biopapa.lt\/ru\/wp-json\/wp\/v2\/pages"}],"about":[{"href":"https:\/\/www.biopapa.lt\/ru\/wp-json\/wp\/v2\/types\/page"}],"author":[{"embeddable":true,"href":"https:\/\/www.biopapa.lt\/ru\/wp-json\/wp\/v2\/users\/1852"}],"replies":[{"embeddable":true,"href":"https:\/\/www.biopapa.lt\/ru\/wp-json\/wp\/v2\/comments?post=42559"}],"version-history":[{"count":0,"href":"https:\/\/www.biopapa.lt\/ru\/wp-json\/wp\/v2\/pages\/42559\/revisions"}],"wp:attachment":[{"href":"https:\/\/www.biopapa.lt\/ru\/wp-json\/wp\/v2\/media?parent=42559"}],"curies":[{"name":"wp","href":"https:\/\/api.w.org\/{rel}","templated":true}]}}