{"id":38116,"date":"2021-09-02T09:55:04","date_gmt":"2021-09-02T06:55:04","guid":{"rendered":"https:\/\/www.biopapa.lt\/%d1%81%d0%bf%d0%be%d1%81%d0%be%d0%b1%d1%8b-%d0%be%d0%bf%d0%bb%d0%b0%d1%82%d1%8b\/"},"modified":"2025-08-05T16:29:26","modified_gmt":"2025-08-05T13:29:26","slug":"%d1%81%d0%bf%d0%be%d1%81%d0%be%d0%b1%d1%8b-%d0%be%d0%bf%d0%bb%d0%b0%d1%82%d1%8b","status":"publish","type":"page","link":"https:\/\/www.biopapa.lt\/ru\/%d1%81%d0%bf%d0%be%d1%81%d0%be%d0%b1%d1%8b-%d0%be%d0%bf%d0%bb%d0%b0%d1%82%d1%8b\/","title":{"rendered":"\u0421\u043f\u043e\u0441\u043e\u0431\u044b \u043e\u043f\u043b\u0430\u0442\u044b"},"content":{"rendered":"<h4><strong>\u042d\u041b\u0415\u041a\u0422\u0420\u041e\u041d\u041d\u042b\u0419 \u0411\u0410\u041d\u041a\u0418\u041d\u0413:<\/strong><\/h4>\n<p><img decoding=\"async\" class=\"alignnone wp-image-14795 size-full\" style=\"margin-right: 5px; margin-bottom: 30px;\" src=\"https:\/\/www.biopapa.lt\/wp-content\/uploads\/2021\/09\/Paysera_logo-e1630574194875.png\" alt=\"\" width=\"150\" height=\"35\">   <img decoding=\"async\" class=\"alignnone wp-image-14800 size-full\" style=\"margin-right: 5px; margin-bottom: 30px;\" src=\"https:\/\/www.biopapa.lt\/wp-content\/uploads\/2021\/09\/Swedbank_logo-e1630573217716.gif\" alt=\"\" width=\"150\" height=\"44\">   <img decoding=\"async\" class=\"alignnone wp-image-14797 size-full\" style=\"margin-right: 5px; margin-bottom: 30px;\" src=\"https:\/\/www.biopapa.lt\/wp-content\/uploads\/2021\/09\/SEB_logo-e1630573117438.png\" alt=\"\" width=\"150\" height=\"62\">   <img decoding=\"async\" class=\"alignnone wp-image-14794 size-full\" style=\"margin-right: 5px; margin-bottom: 30px;\" src=\"https:\/\/www.biopapa.lt\/wp-content\/uploads\/2021\/09\/Medicinos_bankas_logo-e1630573352922.png\" alt=\"\" width=\"150\" height=\"49\">   <img decoding=\"async\" class=\"alignnone wp-image-14799 size-full\" style=\"margin-right: 5px; margin-bottom: 30px;\" src=\"https:\/\/www.biopapa.lt\/wp-content\/uploads\/2021\/09\/Siauliu_Bankas_logo-e1630573180838.png\" alt=\"\" width=\"150\" height=\"56\">   <img decoding=\"async\" class=\"alignnone wp-image-14791 size-full\" style=\"margin-right: 5px; margin-bottom: 30px;\" src=\"https:\/\/www.biopapa.lt\/wp-content\/uploads\/2021\/09\/Citadele-logo-e1630573420644.png\" alt=\"\" width=\"150\" height=\"23\">   <img decoding=\"async\" class=\"alignnone wp-image-14796 size-full\" style=\"margin-right: 5px; margin-bottom: 30px;\" src=\"https:\/\/www.biopapa.lt\/wp-content\/uploads\/2021\/09\/Revolut_logo-e1630572701820.png\" alt=\"\" width=\"150\" height=\"34\">   <img decoding=\"async\" class=\"alignnone wp-image-14792 size-full\" src=\"https:\/\/www.biopapa.lt\/wp-content\/uploads\/2021\/09\/LKU_logo-e1630573531988.png\" alt=\"\" width=\"150\" height=\"64\"><\/p>\n<h4><strong>\u042d\u041b\u0415\u041a\u0422\u0420\u041e\u041d\u041d\u042b\u0415 \u0414\u0415\u041d\u042c\u0413\u0418:<\/strong><\/h4>\n<p><img decoding=\"async\" class=\"alignnone wp-image-14801 size-full\" src=\"https:\/\/www.biopapa.lt\/wp-content\/uploads\/2021\/09\/WebMoney_logo-e1630573796765.png\" alt=\"\" width=\"150\" height=\"45\"><\/p>\n","protected":false},"excerpt":{"rendered":"<p>\u042d\u041b\u0415\u041a\u0422\u0420\u041e\u041d\u041d\u042b\u0419 \u0411\u0410\u041d\u041a\u0418\u041d\u0413: \u042d\u041b\u0415\u041a\u0422\u0420\u041e\u041d\u041d\u042b\u0415 \u0414\u0415\u041d\u042c\u0413\u0418:<\/p>\n","protected":false},"author":265,"featured_media":0,"parent":0,"menu_order":0,"comment_status":"closed","ping_status":"closed","template":"","meta":{"_acf_changed":false,"footnotes":""},"class_list":["post-38116","page","type-page","status-publish","hentry"],"acf":[],"yoast_head":"<!-- This site is optimized with the Yoast SEO plugin v27.3 - https:\/\/yoast.com\/product\/yoast-seo-wordpress\/ -->\n<title>\u0421\u043f\u043e\u0441\u043e\u0431\u044b \u043e\u043f\u043b\u0430\u0442\u044b - Biopapa<\/title>\n<meta name=\"description\" content=\"\u041e\u043f\u043b\u0430\u0447\u0438\u0432\u0430\u0442\u044c \u043f\u043e\u043a\u0443\u043f\u043a\u0438 \u0443\u0434\u043e\u0431\u043d\u043e: \u0432 \u0418\u043d\u0442\u0435\u0440\u043d\u0435\u0442\u0435 \u0441 \u043f\u043e\u043c\u043e\u0449\u044c\u044e \u0434\u0438\u0441\u0442\u0430\u043d\u0446\u0438\u043e\u043d\u043d\u043e\u0433\u043e \u0431\u0430\u043d\u043a\u043e\u0432\u0441\u043a\u043e\u0433\u043e \u043e\u0431\u0441\u043b\u0443\u0436\u0438\u0432\u0430\u043d\u0438\u044f \u043f\u0440\u0438 \u0441\u043e\u0432\u0435\u0440\u0448\u0435\u043d\u0438\u0438 \u043f\u043e\u043a\u0443\u043f\u043a\u0438, \u0430 \u0442\u0430\u043a\u0436\u0435 \u0432 \u043c\u0430\u0433\u0430\u0437\u0438\u043d\u0435 \u0441 \u043f\u043e\u043c\u043e\u0449\u044c\u044e \u0431\u0430\u043d\u043a\u043e\u0432\u0441\u043a\u043e\u0439 \u043a\u0430\u0440\u0442\u044b \u0438\u043b\u0438 \u043d\u0430\u043b\u0438\u0447\u043d\u044b\u043c\u0438.\" \/>\n<meta name=\"robots\" content=\"index, follow, max-snippet:-1, max-image-preview:large, max-video-preview:-1\" \/>\n<link rel=\"canonical\" href=\"https:\/\/www.biopapa.lt\/ru\/\u0441\u043f\u043e\u0441\u043e\u0431\u044b-\u043e\u043f\u043b\u0430\u0442\u044b\/\" \/>\n<meta property=\"og:locale\" content=\"ru_RU\" \/>\n<meta property=\"og:type\" content=\"article\" \/>\n<meta property=\"og:title\" content=\"\u0421\u043f\u043e\u0441\u043e\u0431\u044b \u043e\u043f\u043b\u0430\u0442\u044b - Biopapa\" \/>\n<meta property=\"og:description\" content=\"\u041e\u043f\u043b\u0430\u0447\u0438\u0432\u0430\u0442\u044c \u043f\u043e\u043a\u0443\u043f\u043a\u0438 \u0443\u0434\u043e\u0431\u043d\u043e: \u0432 \u0418\u043d\u0442\u0435\u0440\u043d\u0435\u0442\u0435 \u0441 \u043f\u043e\u043c\u043e\u0449\u044c\u044e \u0434\u0438\u0441\u0442\u0430\u043d\u0446\u0438\u043e\u043d\u043d\u043e\u0433\u043e \u0431\u0430\u043d\u043a\u043e\u0432\u0441\u043a\u043e\u0433\u043e \u043e\u0431\u0441\u043b\u0443\u0436\u0438\u0432\u0430\u043d\u0438\u044f \u043f\u0440\u0438 \u0441\u043e\u0432\u0435\u0440\u0448\u0435\u043d\u0438\u0438 \u043f\u043e\u043a\u0443\u043f\u043a\u0438, \u0430 \u0442\u0430\u043a\u0436\u0435 \u0432 \u043c\u0430\u0433\u0430\u0437\u0438\u043d\u0435 \u0441 \u043f\u043e\u043c\u043e\u0449\u044c\u044e \u0431\u0430\u043d\u043a\u043e\u0432\u0441\u043a\u043e\u0439 \u043a\u0430\u0440\u0442\u044b \u0438\u043b\u0438 \u043d\u0430\u043b\u0438\u0447\u043d\u044b\u043c\u0438.\" \/>\n<meta property=\"og:url\" content=\"https:\/\/www.biopapa.lt\/ru\/\u0441\u043f\u043e\u0441\u043e\u0431\u044b-\u043e\u043f\u043b\u0430\u0442\u044b\/\" \/>\n<meta property=\"og:site_name\" content=\"Biopapa\" \/>\n<meta property=\"article:publisher\" content=\"https:\/\/www.facebook.com\/biopapa.lt\" \/>\n<meta property=\"article:modified_time\" content=\"2025-08-05T13:29:26+00:00\" \/>\n<meta property=\"og:image\" content=\"https:\/\/www.biopapa.lt\/wp-content\/uploads\/2021\/09\/Paysera_logo-e1630574194875.png\" \/>\n\t<meta property=\"og:image:width\" content=\"150\" \/>\n\t<meta property=\"og:image:height\" content=\"35\" \/>\n\t<meta property=\"og:image:type\" content=\"image\/png\" \/>\n<meta name=\"twitter:card\" content=\"summary_large_image\" \/>\n<script type=\"application\/ld+json\" class=\"yoast-schema-graph\">{\"@context\":\"https:\\\/\\\/schema.org\",\"@graph\":[{\"@type\":\"WebPage\",\"@id\":\"https:\\\/\\\/www.biopapa.lt\\\/ru\\\/%d1%81%d0%bf%d0%be%d1%81%d0%be%d0%b1%d1%8b-%d0%be%d0%bf%d0%bb%d0%b0%d1%82%d1%8b\\\/\",\"url\":\"https:\\\/\\\/www.biopapa.lt\\\/ru\\\/%d1%81%d0%bf%d0%be%d1%81%d0%be%d0%b1%d1%8b-%d0%be%d0%bf%d0%bb%d0%b0%d1%82%d1%8b\\\/\",\"name\":\"\u0421\u043f\u043e\u0441\u043e\u0431\u044b \u043e\u043f\u043b\u0430\u0442\u044b - Biopapa\",\"isPartOf\":{\"@id\":\"https:\\\/\\\/www.biopapa.lt\\\/#website\"},\"primaryImageOfPage\":{\"@id\":\"https:\\\/\\\/www.biopapa.lt\\\/ru\\\/%d1%81%d0%bf%d0%be%d1%81%d0%be%d0%b1%d1%8b-%d0%be%d0%bf%d0%bb%d0%b0%d1%82%d1%8b\\\/#primaryimage\"},\"image\":{\"@id\":\"https:\\\/\\\/www.biopapa.lt\\\/ru\\\/%d1%81%d0%bf%d0%be%d1%81%d0%be%d0%b1%d1%8b-%d0%be%d0%bf%d0%bb%d0%b0%d1%82%d1%8b\\\/#primaryimage\"},\"thumbnailUrl\":\"https:\\\/\\\/www.biopapa.lt\\\/wp-content\\\/uploads\\\/2021\\\/09\\\/Paysera_logo-e1630574194875.png\",\"datePublished\":\"2021-09-02T06:55:04+00:00\",\"dateModified\":\"2025-08-05T13:29:26+00:00\",\"description\":\"\u041e\u043f\u043b\u0430\u0447\u0438\u0432\u0430\u0442\u044c \u043f\u043e\u043a\u0443\u043f\u043a\u0438 \u0443\u0434\u043e\u0431\u043d\u043e: \u0432 \u0418\u043d\u0442\u0435\u0440\u043d\u0435\u0442\u0435 \u0441 \u043f\u043e\u043c\u043e\u0449\u044c\u044e \u0434\u0438\u0441\u0442\u0430\u043d\u0446\u0438\u043e\u043d\u043d\u043e\u0433\u043e \u0431\u0430\u043d\u043a\u043e\u0432\u0441\u043a\u043e\u0433\u043e \u043e\u0431\u0441\u043b\u0443\u0436\u0438\u0432\u0430\u043d\u0438\u044f \u043f\u0440\u0438 \u0441\u043e\u0432\u0435\u0440\u0448\u0435\u043d\u0438\u0438 \u043f\u043e\u043a\u0443\u043f\u043a\u0438, \u0430 \u0442\u0430\u043a\u0436\u0435 \u0432 \u043c\u0430\u0433\u0430\u0437\u0438\u043d\u0435 \u0441 \u043f\u043e\u043c\u043e\u0449\u044c\u044e \u0431\u0430\u043d\u043a\u043e\u0432\u0441\u043a\u043e\u0439 \u043a\u0430\u0440\u0442\u044b \u0438\u043b\u0438 \u043d\u0430\u043b\u0438\u0447\u043d\u044b\u043c\u0438.\",\"breadcrumb\":{\"@id\":\"https:\\\/\\\/www.biopapa.lt\\\/ru\\\/%d1%81%d0%bf%d0%be%d1%81%d0%be%d0%b1%d1%8b-%d0%be%d0%bf%d0%bb%d0%b0%d1%82%d1%8b\\\/#breadcrumb\"},\"inLanguage\":\"ru-RU\",\"potentialAction\":[{\"@type\":\"ReadAction\",\"target\":[\"https:\\\/\\\/www.biopapa.lt\\\/ru\\\/%d1%81%d0%bf%d0%be%d1%81%d0%be%d0%b1%d1%8b-%d0%be%d0%bf%d0%bb%d0%b0%d1%82%d1%8b\\\/\"]}]},{\"@type\":\"ImageObject\",\"inLanguage\":\"ru-RU\",\"@id\":\"https:\\\/\\\/www.biopapa.lt\\\/ru\\\/%d1%81%d0%bf%d0%be%d1%81%d0%be%d0%b1%d1%8b-%d0%be%d0%bf%d0%bb%d0%b0%d1%82%d1%8b\\\/#primaryimage\",\"url\":\"https:\\\/\\\/www.biopapa.lt\\\/wp-content\\\/uploads\\\/2021\\\/09\\\/Paysera_logo-e1630574194875.png\",\"contentUrl\":\"https:\\\/\\\/www.biopapa.lt\\\/wp-content\\\/uploads\\\/2021\\\/09\\\/Paysera_logo-e1630574194875.png\"},{\"@type\":\"BreadcrumbList\",\"@id\":\"https:\\\/\\\/www.biopapa.lt\\\/ru\\\/%d1%81%d0%bf%d0%be%d1%81%d0%be%d0%b1%d1%8b-%d0%be%d0%bf%d0%bb%d0%b0%d1%82%d1%8b\\\/#breadcrumb\",\"itemListElement\":[{\"@type\":\"ListItem\",\"position\":1,\"name\":\"Home\",\"item\":\"https:\\\/\\\/www.biopapa.lt\\\/ru\\\/\"},{\"@type\":\"ListItem\",\"position\":2,\"name\":\"\u0421\u043f\u043e\u0441\u043e\u0431\u044b \u043e\u043f\u043b\u0430\u0442\u044b\"}]},{\"@type\":\"WebSite\",\"@id\":\"https:\\\/\\\/www.biopapa.lt\\\/#website\",\"url\":\"https:\\\/\\\/www.biopapa.lt\\\/\",\"name\":\"Biopapa\",\"description\":\"\u0160var\u016bs ekologi\u0161ki produktai\",\"publisher\":{\"@id\":\"https:\\\/\\\/www.biopapa.lt\\\/#organization\"},\"potentialAction\":[{\"@type\":\"SearchAction\",\"target\":{\"@type\":\"EntryPoint\",\"urlTemplate\":\"https:\\\/\\\/www.biopapa.lt\\\/?s={search_term_string}\"},\"query-input\":{\"@type\":\"PropertyValueSpecification\",\"valueRequired\":true,\"valueName\":\"search_term_string\"}}],\"inLanguage\":\"ru-RU\"},{\"@type\":\"Organization\",\"@id\":\"https:\\\/\\\/www.biopapa.lt\\\/#organization\",\"name\":\"Biopapa\",\"url\":\"https:\\\/\\\/www.biopapa.lt\\\/\",\"logo\":{\"@type\":\"ImageObject\",\"inLanguage\":\"ru-RU\",\"@id\":\"https:\\\/\\\/www.biopapa.lt\\\/#\\\/schema\\\/logo\\\/image\\\/\",\"url\":\"https:\\\/\\\/www.biopapa.lt\\\/wp-content\\\/uploads\\\/2022\\\/04\\\/facebook_biopapa.jpg\",\"contentUrl\":\"https:\\\/\\\/www.biopapa.lt\\\/wp-content\\\/uploads\\\/2022\\\/04\\\/facebook_biopapa.jpg\",\"width\":1733,\"height\":907,\"caption\":\"Biopapa\"},\"image\":{\"@id\":\"https:\\\/\\\/www.biopapa.lt\\\/#\\\/schema\\\/logo\\\/image\\\/\"},\"sameAs\":[\"https:\\\/\\\/www.facebook.com\\\/biopapa.lt\"]}]}<\/script>\n<!-- \/ Yoast SEO plugin. -->","yoast_head_json":{"title":"\u0421\u043f\u043e\u0441\u043e\u0431\u044b \u043e\u043f\u043b\u0430\u0442\u044b - Biopapa","description":"\u041e\u043f\u043b\u0430\u0447\u0438\u0432\u0430\u0442\u044c \u043f\u043e\u043a\u0443\u043f\u043a\u0438 \u0443\u0434\u043e\u0431\u043d\u043e: \u0432 \u0418\u043d\u0442\u0435\u0440\u043d\u0435\u0442\u0435 \u0441 \u043f\u043e\u043c\u043e\u0449\u044c\u044e \u0434\u0438\u0441\u0442\u0430\u043d\u0446\u0438\u043e\u043d\u043d\u043e\u0433\u043e \u0431\u0430\u043d\u043a\u043e\u0432\u0441\u043a\u043e\u0433\u043e \u043e\u0431\u0441\u043b\u0443\u0436\u0438\u0432\u0430\u043d\u0438\u044f \u043f\u0440\u0438 \u0441\u043e\u0432\u0435\u0440\u0448\u0435\u043d\u0438\u0438 \u043f\u043e\u043a\u0443\u043f\u043a\u0438, \u0430 \u0442\u0430\u043a\u0436\u0435 \u0432 \u043c\u0430\u0433\u0430\u0437\u0438\u043d\u0435 \u0441 \u043f\u043e\u043c\u043e\u0449\u044c\u044e \u0431\u0430\u043d\u043a\u043e\u0432\u0441\u043a\u043e\u0439 \u043a\u0430\u0440\u0442\u044b \u0438\u043b\u0438 \u043d\u0430\u043b\u0438\u0447\u043d\u044b\u043c\u0438.","robots":{"index":"index","follow":"follow","max-snippet":"max-snippet:-1","max-image-preview":"max-image-preview:large","max-video-preview":"max-video-preview:-1"},"canonical":"https:\/\/www.biopapa.lt\/ru\/\u0441\u043f\u043e\u0441\u043e\u0431\u044b-\u043e\u043f\u043b\u0430\u0442\u044b\/","og_locale":"ru_RU","og_type":"article","og_title":"\u0421\u043f\u043e\u0441\u043e\u0431\u044b \u043e\u043f\u043b\u0430\u0442\u044b - Biopapa","og_description":"\u041e\u043f\u043b\u0430\u0447\u0438\u0432\u0430\u0442\u044c \u043f\u043e\u043a\u0443\u043f\u043a\u0438 \u0443\u0434\u043e\u0431\u043d\u043e: \u0432 \u0418\u043d\u0442\u0435\u0440\u043d\u0435\u0442\u0435 \u0441 \u043f\u043e\u043c\u043e\u0449\u044c\u044e \u0434\u0438\u0441\u0442\u0430\u043d\u0446\u0438\u043e\u043d\u043d\u043e\u0433\u043e \u0431\u0430\u043d\u043a\u043e\u0432\u0441\u043a\u043e\u0433\u043e \u043e\u0431\u0441\u043b\u0443\u0436\u0438\u0432\u0430\u043d\u0438\u044f \u043f\u0440\u0438 \u0441\u043e\u0432\u0435\u0440\u0448\u0435\u043d\u0438\u0438 \u043f\u043e\u043a\u0443\u043f\u043a\u0438, \u0430 \u0442\u0430\u043a\u0436\u0435 \u0432 \u043c\u0430\u0433\u0430\u0437\u0438\u043d\u0435 \u0441 \u043f\u043e\u043c\u043e\u0449\u044c\u044e \u0431\u0430\u043d\u043a\u043e\u0432\u0441\u043a\u043e\u0439 \u043a\u0430\u0440\u0442\u044b \u0438\u043b\u0438 \u043d\u0430\u043b\u0438\u0447\u043d\u044b\u043c\u0438.","og_url":"https:\/\/www.biopapa.lt\/ru\/\u0441\u043f\u043e\u0441\u043e\u0431\u044b-\u043e\u043f\u043b\u0430\u0442\u044b\/","og_site_name":"Biopapa","article_publisher":"https:\/\/www.facebook.com\/biopapa.lt","article_modified_time":"2025-08-05T13:29:26+00:00","og_image":[{"width":150,"height":35,"url":"https:\/\/www.biopapa.lt\/wp-content\/uploads\/2021\/09\/Paysera_logo-e1630574194875.png","type":"image\/png"}],"twitter_card":"summary_large_image","schema":{"@context":"https:\/\/schema.org","@graph":[{"@type":"WebPage","@id":"https:\/\/www.biopapa.lt\/ru\/%d1%81%d0%bf%d0%be%d1%81%d0%be%d0%b1%d1%8b-%d0%be%d0%bf%d0%bb%d0%b0%d1%82%d1%8b\/","url":"https:\/\/www.biopapa.lt\/ru\/%d1%81%d0%bf%d0%be%d1%81%d0%be%d0%b1%d1%8b-%d0%be%d0%bf%d0%bb%d0%b0%d1%82%d1%8b\/","name":"\u0421\u043f\u043e\u0441\u043e\u0431\u044b \u043e\u043f\u043b\u0430\u0442\u044b - Biopapa","isPartOf":{"@id":"https:\/\/www.biopapa.lt\/#website"},"primaryImageOfPage":{"@id":"https:\/\/www.biopapa.lt\/ru\/%d1%81%d0%bf%d0%be%d1%81%d0%be%d0%b1%d1%8b-%d0%be%d0%bf%d0%bb%d0%b0%d1%82%d1%8b\/#primaryimage"},"image":{"@id":"https:\/\/www.biopapa.lt\/ru\/%d1%81%d0%bf%d0%be%d1%81%d0%be%d0%b1%d1%8b-%d0%be%d0%bf%d0%bb%d0%b0%d1%82%d1%8b\/#primaryimage"},"thumbnailUrl":"https:\/\/www.biopapa.lt\/wp-content\/uploads\/2021\/09\/Paysera_logo-e1630574194875.png","datePublished":"2021-09-02T06:55:04+00:00","dateModified":"2025-08-05T13:29:26+00:00","description":"\u041e\u043f\u043b\u0430\u0447\u0438\u0432\u0430\u0442\u044c \u043f\u043e\u043a\u0443\u043f\u043a\u0438 \u0443\u0434\u043e\u0431\u043d\u043e: \u0432 \u0418\u043d\u0442\u0435\u0440\u043d\u0435\u0442\u0435 \u0441 \u043f\u043e\u043c\u043e\u0449\u044c\u044e \u0434\u0438\u0441\u0442\u0430\u043d\u0446\u0438\u043e\u043d\u043d\u043e\u0433\u043e \u0431\u0430\u043d\u043a\u043e\u0432\u0441\u043a\u043e\u0433\u043e \u043e\u0431\u0441\u043b\u0443\u0436\u0438\u0432\u0430\u043d\u0438\u044f \u043f\u0440\u0438 \u0441\u043e\u0432\u0435\u0440\u0448\u0435\u043d\u0438\u0438 \u043f\u043e\u043a\u0443\u043f\u043a\u0438, \u0430 \u0442\u0430\u043a\u0436\u0435 \u0432 \u043c\u0430\u0433\u0430\u0437\u0438\u043d\u0435 \u0441 \u043f\u043e\u043c\u043e\u0449\u044c\u044e \u0431\u0430\u043d\u043a\u043e\u0432\u0441\u043a\u043e\u0439 \u043a\u0430\u0440\u0442\u044b \u0438\u043b\u0438 \u043d\u0430\u043b\u0438\u0447\u043d\u044b\u043c\u0438.","breadcrumb":{"@id":"https:\/\/www.biopapa.lt\/ru\/%d1%81%d0%bf%d0%be%d1%81%d0%be%d0%b1%d1%8b-%d0%be%d0%bf%d0%bb%d0%b0%d1%82%d1%8b\/#breadcrumb"},"inLanguage":"ru-RU","potentialAction":[{"@type":"ReadAction","target":["https:\/\/www.biopapa.lt\/ru\/%d1%81%d0%bf%d0%be%d1%81%d0%be%d0%b1%d1%8b-%d0%be%d0%bf%d0%bb%d0%b0%d1%82%d1%8b\/"]}]},{"@type":"ImageObject","inLanguage":"ru-RU","@id":"https:\/\/www.biopapa.lt\/ru\/%d1%81%d0%bf%d0%be%d1%81%d0%be%d0%b1%d1%8b-%d0%be%d0%bf%d0%bb%d0%b0%d1%82%d1%8b\/#primaryimage","url":"https:\/\/www.biopapa.lt\/wp-content\/uploads\/2021\/09\/Paysera_logo-e1630574194875.png","contentUrl":"https:\/\/www.biopapa.lt\/wp-content\/uploads\/2021\/09\/Paysera_logo-e1630574194875.png"},{"@type":"BreadcrumbList","@id":"https:\/\/www.biopapa.lt\/ru\/%d1%81%d0%bf%d0%be%d1%81%d0%be%d0%b1%d1%8b-%d0%be%d0%bf%d0%bb%d0%b0%d1%82%d1%8b\/#breadcrumb","itemListElement":[{"@type":"ListItem","position":1,"name":"Home","item":"https:\/\/www.biopapa.lt\/ru\/"},{"@type":"ListItem","position":2,"name":"\u0421\u043f\u043e\u0441\u043e\u0431\u044b \u043e\u043f\u043b\u0430\u0442\u044b"}]},{"@type":"WebSite","@id":"https:\/\/www.biopapa.lt\/#website","url":"https:\/\/www.biopapa.lt\/","name":"Biopapa","description":"\u0160var\u016bs ekologi\u0161ki produktai","publisher":{"@id":"https:\/\/www.biopapa.lt\/#organization"},"potentialAction":[{"@type":"SearchAction","target":{"@type":"EntryPoint","urlTemplate":"https:\/\/www.biopapa.lt\/?s={search_term_string}"},"query-input":{"@type":"PropertyValueSpecification","valueRequired":true,"valueName":"search_term_string"}}],"inLanguage":"ru-RU"},{"@type":"Organization","@id":"https:\/\/www.biopapa.lt\/#organization","name":"Biopapa","url":"https:\/\/www.biopapa.lt\/","logo":{"@type":"ImageObject","inLanguage":"ru-RU","@id":"https:\/\/www.biopapa.lt\/#\/schema\/logo\/image\/","url":"https:\/\/www.biopapa.lt\/wp-content\/uploads\/2022\/04\/facebook_biopapa.jpg","contentUrl":"https:\/\/www.biopapa.lt\/wp-content\/uploads\/2022\/04\/facebook_biopapa.jpg","width":1733,"height":907,"caption":"Biopapa"},"image":{"@id":"https:\/\/www.biopapa.lt\/#\/schema\/logo\/image\/"},"sameAs":["https:\/\/www.facebook.com\/biopapa.lt"]}]}},"_links":{"self":[{"href":"https:\/\/www.biopapa.lt\/ru\/wp-json\/wp\/v2\/pages\/38116","targetHints":{"allow":["GET"]}}],"collection":[{"href":"https:\/\/www.biopapa.lt\/ru\/wp-json\/wp\/v2\/pages"}],"about":[{"href":"https:\/\/www.biopapa.lt\/ru\/wp-json\/wp\/v2\/types\/page"}],"author":[{"embeddable":true,"href":"https:\/\/www.biopapa.lt\/ru\/wp-json\/wp\/v2\/users\/265"}],"replies":[{"embeddable":true,"href":"https:\/\/www.biopapa.lt\/ru\/wp-json\/wp\/v2\/comments?post=38116"}],"version-history":[{"count":0,"href":"https:\/\/www.biopapa.lt\/ru\/wp-json\/wp\/v2\/pages\/38116\/revisions"}],"wp:attachment":[{"href":"https:\/\/www.biopapa.lt\/ru\/wp-json\/wp\/v2\/media?parent=38116"}],"curies":[{"name":"wp","href":"https:\/\/api.w.org\/{rel}","templated":true}]}}