{"id":98867,"date":"2025-04-02T15:17:36","date_gmt":"2025-04-02T12:17:36","guid":{"rendered":"https:\/\/www.biopapa.lt\/?post_type=product&#038;p=98867"},"modified":"2025-04-09T13:57:46","modified_gmt":"2025-04-09T10:57:46","slug":"organic-konjac-flour-gluten-free-385g-diet-noodles","status":"publish","type":"product","link":"https:\/\/www.biopapa.lt\/en\/produktas\/organic-konjac-flour-gluten-free-385g-diet-noodles\/","title":{"rendered":"Organic konjac flour, gluten-free, 385 g, Diet Noodles"},"content":{"rendered":"<p><strong>Organic konjac flour rice, gluten-free, 385 g, Diet Noodles<\/strong><br \/>\nThe main ingredient in Diet Noodles is konjac, a water-soluble fibre extracted from the root of the konjac plant. It originates from Asia and the foods made from it are also called Shirataki or Konjac noodles.<br \/>\nKonjac noodles are a natural product rich in soluble fibre, free of fat, sugar, starch and protein, free of WHEAT and gluten, tasteless, easily absorb the aroma of spices and other additives, quick to prepare, tasty and healthy.<br \/>\nThe main advantage of this pasta is that its ingredients are sourced only from certified and controlled plantations and suppliers.<br \/>\nNo added sugar, no carbohydrates, no fat. <\/p>\n<p>Preparation<br \/>\nRinse the pasta thoroughly under warm running water. Boil or bake for 2-3 minutes. Add directly to the dish.  <\/p>\n","protected":false},"excerpt":{"rendered":"<p>This flour is ideal for baking wholemeal bread, pasta, pancakes and other baked goods.<\/p>\n","protected":false},"featured_media":98873,"template":"","meta":{"_acf_changed":false},"product_brand":[],"product_cat":[1855,1980,1851,2644],"product_tag":[2034,2088],"class_list":{"0":"post-98867","1":"product","2":"type-product","3":"status-publish","4":"has-post-thumbnail","6":"product_cat-grains-and-legumes","7":"product_cat-groats","8":"product_cat-organic-pasta","9":"product_cat-without-gluten","10":"product_tag-gluten-free","11":"product_tag-vegan","12":"pa_svoris-1-kg-en-2","13":"pa_svoris-100-g-en-2","14":"pa_svoris-200-g-en","15":"pa_svoris-25-kg-en","16":"pa_svoris-300-g-en","17":"pa_svoris-400-g-en","18":"pa_svoris-500-g-en-2","20":"first","21":"instock","22":"shipping-taxable","23":"purchasable","24":"product-type-simple"},"acf":[],"yoast_head":"<!-- This site is optimized with the Yoast SEO plugin v27.5 - https:\/\/yoast.com\/product\/yoast-seo-wordpress\/ -->\n<title>Organic konjac flour, gluten-free, 385 g, Diet Noodles - Biopapa<\/title>\n<meta name=\"description\" content=\"Organic spelt flour can be used on its own or in combination with other flours to make breads, cakes, biscuits, pancakes, scones and dumplings.\" \/>\n<meta name=\"robots\" content=\"index, follow, max-snippet:-1, max-image-preview:large, max-video-preview:-1\" \/>\n<link rel=\"canonical\" href=\"https:\/\/www.biopapa.lt\/en\/produktas\/organic-konjac-flour-gluten-free-385g-diet-noodles\/\" \/>\n<meta property=\"og:locale\" content=\"en_US\" \/>\n<meta property=\"og:type\" content=\"article\" \/>\n<meta property=\"og:title\" content=\"Organic konjac flour, gluten-free, 385 g, Diet Noodles - Biopapa\" \/>\n<meta property=\"og:description\" content=\"Organic spelt flour can be used on its own or in combination with other flours to make breads, cakes, biscuits, pancakes, scones and dumplings.\" \/>\n<meta property=\"og:url\" content=\"https:\/\/www.biopapa.lt\/en\/produktas\/organic-konjac-flour-gluten-free-385g-diet-noodles\/\" \/>\n<meta property=\"og:site_name\" content=\"Biopapa\" \/>\n<meta property=\"article:publisher\" content=\"https:\/\/www.facebook.com\/biopapa.lt\" \/>\n<meta property=\"article:modified_time\" content=\"2025-04-09T10:57:46+00:00\" \/>\n<meta property=\"og:image\" content=\"https:\/\/www.biopapa.lt\/wp-content\/uploads\/2025\/04\/Ekologiski-makaronai-is-gliukomanano-konjac-miltu.png\" \/>\n\t<meta property=\"og:image:width\" content=\"800\" \/>\n\t<meta property=\"og:image:height\" content=\"640\" \/>\n\t<meta property=\"og:image:type\" content=\"image\/png\" \/>\n<meta name=\"twitter:card\" content=\"summary_large_image\" \/>\n<script type=\"application\/ld+json\" class=\"yoast-schema-graph\">{\"@context\":\"https:\\\/\\\/schema.org\",\"@graph\":[{\"@type\":\"WebPage\",\"@id\":\"https:\\\/\\\/www.biopapa.lt\\\/en\\\/produktas\\\/organic-konjac-flour-gluten-free-385g-diet-noodles\\\/\",\"url\":\"https:\\\/\\\/www.biopapa.lt\\\/en\\\/produktas\\\/organic-konjac-flour-gluten-free-385g-diet-noodles\\\/\",\"name\":\"Organic konjac flour, gluten-free, 385 g, Diet Noodles - Biopapa\",\"isPartOf\":{\"@id\":\"https:\\\/\\\/www.biopapa.lt\\\/#website\"},\"primaryImageOfPage\":{\"@id\":\"https:\\\/\\\/www.biopapa.lt\\\/en\\\/produktas\\\/organic-konjac-flour-gluten-free-385g-diet-noodles\\\/#primaryimage\"},\"image\":{\"@id\":\"https:\\\/\\\/www.biopapa.lt\\\/en\\\/produktas\\\/organic-konjac-flour-gluten-free-385g-diet-noodles\\\/#primaryimage\"},\"thumbnailUrl\":\"https:\\\/\\\/www.biopapa.lt\\\/wp-content\\\/uploads\\\/2025\\\/04\\\/Ekologiski-makaronai-is-gliukomanano-konjac-miltu.png\",\"datePublished\":\"2025-04-02T12:17:36+00:00\",\"dateModified\":\"2025-04-09T10:57:46+00:00\",\"description\":\"Organic spelt flour can be used on its own or in combination with other flours to make breads, cakes, biscuits, pancakes, scones and dumplings.\",\"breadcrumb\":{\"@id\":\"https:\\\/\\\/www.biopapa.lt\\\/en\\\/produktas\\\/organic-konjac-flour-gluten-free-385g-diet-noodles\\\/#breadcrumb\"},\"inLanguage\":\"en-US\",\"potentialAction\":[{\"@type\":\"ReadAction\",\"target\":[\"https:\\\/\\\/www.biopapa.lt\\\/en\\\/produktas\\\/organic-konjac-flour-gluten-free-385g-diet-noodles\\\/\"]}]},{\"@type\":\"ImageObject\",\"inLanguage\":\"en-US\",\"@id\":\"https:\\\/\\\/www.biopapa.lt\\\/en\\\/produktas\\\/organic-konjac-flour-gluten-free-385g-diet-noodles\\\/#primaryimage\",\"url\":\"https:\\\/\\\/www.biopapa.lt\\\/wp-content\\\/uploads\\\/2025\\\/04\\\/Ekologiski-makaronai-is-gliukomanano-konjac-miltu.png\",\"contentUrl\":\"https:\\\/\\\/www.biopapa.lt\\\/wp-content\\\/uploads\\\/2025\\\/04\\\/Ekologiski-makaronai-is-gliukomanano-konjac-miltu.png\",\"width\":800,\"height\":640},{\"@type\":\"BreadcrumbList\",\"@id\":\"https:\\\/\\\/www.biopapa.lt\\\/en\\\/produktas\\\/organic-konjac-flour-gluten-free-385g-diet-noodles\\\/#breadcrumb\",\"itemListElement\":[{\"@type\":\"ListItem\",\"position\":1,\"name\":\"Home\",\"item\":\"https:\\\/\\\/www.biopapa.lt\\\/en\\\/\"},{\"@type\":\"ListItem\",\"position\":2,\"name\":\"Shop\",\"item\":\"https:\\\/\\\/www.biopapa.lt\\\/en\\\/shop\\\/\"},{\"@type\":\"ListItem\",\"position\":3,\"name\":\"Organic konjac flour, gluten-free, 385 g, Diet Noodles\"}]},{\"@type\":\"WebSite\",\"@id\":\"https:\\\/\\\/www.biopapa.lt\\\/#website\",\"url\":\"https:\\\/\\\/www.biopapa.lt\\\/\",\"name\":\"Biopapa\",\"description\":\"\u0160var\u016bs ekologi\u0161ki produktai\",\"publisher\":{\"@id\":\"https:\\\/\\\/www.biopapa.lt\\\/#organization\"},\"potentialAction\":[{\"@type\":\"SearchAction\",\"target\":{\"@type\":\"EntryPoint\",\"urlTemplate\":\"https:\\\/\\\/www.biopapa.lt\\\/?s={search_term_string}\"},\"query-input\":{\"@type\":\"PropertyValueSpecification\",\"valueRequired\":true,\"valueName\":\"search_term_string\"}}],\"inLanguage\":\"en-US\"},{\"@type\":\"Organization\",\"@id\":\"https:\\\/\\\/www.biopapa.lt\\\/#organization\",\"name\":\"Biopapa\",\"url\":\"https:\\\/\\\/www.biopapa.lt\\\/\",\"logo\":{\"@type\":\"ImageObject\",\"inLanguage\":\"en-US\",\"@id\":\"https:\\\/\\\/www.biopapa.lt\\\/#\\\/schema\\\/logo\\\/image\\\/\",\"url\":\"https:\\\/\\\/www.biopapa.lt\\\/wp-content\\\/uploads\\\/2022\\\/04\\\/facebook_biopapa.jpg\",\"contentUrl\":\"https:\\\/\\\/www.biopapa.lt\\\/wp-content\\\/uploads\\\/2022\\\/04\\\/facebook_biopapa.jpg\",\"width\":1733,\"height\":907,\"caption\":\"Biopapa\"},\"image\":{\"@id\":\"https:\\\/\\\/www.biopapa.lt\\\/#\\\/schema\\\/logo\\\/image\\\/\"},\"sameAs\":[\"https:\\\/\\\/www.facebook.com\\\/biopapa.lt\"]}]}<\/script>\n<!-- \/ Yoast SEO plugin. -->","yoast_head_json":{"title":"Organic konjac flour, gluten-free, 385 g, Diet Noodles - Biopapa","description":"Organic spelt flour can be used on its own or in combination with other flours to make breads, cakes, biscuits, pancakes, scones and dumplings.","robots":{"index":"index","follow":"follow","max-snippet":"max-snippet:-1","max-image-preview":"max-image-preview:large","max-video-preview":"max-video-preview:-1"},"canonical":"https:\/\/www.biopapa.lt\/en\/produktas\/organic-konjac-flour-gluten-free-385g-diet-noodles\/","og_locale":"en_US","og_type":"article","og_title":"Organic konjac flour, gluten-free, 385 g, Diet Noodles - Biopapa","og_description":"Organic spelt flour can be used on its own or in combination with other flours to make breads, cakes, biscuits, pancakes, scones and dumplings.","og_url":"https:\/\/www.biopapa.lt\/en\/produktas\/organic-konjac-flour-gluten-free-385g-diet-noodles\/","og_site_name":"Biopapa","article_publisher":"https:\/\/www.facebook.com\/biopapa.lt","article_modified_time":"2025-04-09T10:57:46+00:00","og_image":[{"width":800,"height":640,"url":"https:\/\/www.biopapa.lt\/wp-content\/uploads\/2025\/04\/Ekologiski-makaronai-is-gliukomanano-konjac-miltu.png","type":"image\/png"}],"twitter_card":"summary_large_image","schema":{"@context":"https:\/\/schema.org","@graph":[{"@type":"WebPage","@id":"https:\/\/www.biopapa.lt\/en\/produktas\/organic-konjac-flour-gluten-free-385g-diet-noodles\/","url":"https:\/\/www.biopapa.lt\/en\/produktas\/organic-konjac-flour-gluten-free-385g-diet-noodles\/","name":"Organic konjac flour, gluten-free, 385 g, Diet Noodles - Biopapa","isPartOf":{"@id":"https:\/\/www.biopapa.lt\/#website"},"primaryImageOfPage":{"@id":"https:\/\/www.biopapa.lt\/en\/produktas\/organic-konjac-flour-gluten-free-385g-diet-noodles\/#primaryimage"},"image":{"@id":"https:\/\/www.biopapa.lt\/en\/produktas\/organic-konjac-flour-gluten-free-385g-diet-noodles\/#primaryimage"},"thumbnailUrl":"https:\/\/www.biopapa.lt\/wp-content\/uploads\/2025\/04\/Ekologiski-makaronai-is-gliukomanano-konjac-miltu.png","datePublished":"2025-04-02T12:17:36+00:00","dateModified":"2025-04-09T10:57:46+00:00","description":"Organic spelt flour can be used on its own or in combination with other flours to make breads, cakes, biscuits, pancakes, scones and dumplings.","breadcrumb":{"@id":"https:\/\/www.biopapa.lt\/en\/produktas\/organic-konjac-flour-gluten-free-385g-diet-noodles\/#breadcrumb"},"inLanguage":"en-US","potentialAction":[{"@type":"ReadAction","target":["https:\/\/www.biopapa.lt\/en\/produktas\/organic-konjac-flour-gluten-free-385g-diet-noodles\/"]}]},{"@type":"ImageObject","inLanguage":"en-US","@id":"https:\/\/www.biopapa.lt\/en\/produktas\/organic-konjac-flour-gluten-free-385g-diet-noodles\/#primaryimage","url":"https:\/\/www.biopapa.lt\/wp-content\/uploads\/2025\/04\/Ekologiski-makaronai-is-gliukomanano-konjac-miltu.png","contentUrl":"https:\/\/www.biopapa.lt\/wp-content\/uploads\/2025\/04\/Ekologiski-makaronai-is-gliukomanano-konjac-miltu.png","width":800,"height":640},{"@type":"BreadcrumbList","@id":"https:\/\/www.biopapa.lt\/en\/produktas\/organic-konjac-flour-gluten-free-385g-diet-noodles\/#breadcrumb","itemListElement":[{"@type":"ListItem","position":1,"name":"Home","item":"https:\/\/www.biopapa.lt\/en\/"},{"@type":"ListItem","position":2,"name":"Shop","item":"https:\/\/www.biopapa.lt\/en\/shop\/"},{"@type":"ListItem","position":3,"name":"Organic konjac flour, gluten-free, 385 g, Diet Noodles"}]},{"@type":"WebSite","@id":"https:\/\/www.biopapa.lt\/#website","url":"https:\/\/www.biopapa.lt\/","name":"Biopapa","description":"\u0160var\u016bs ekologi\u0161ki produktai","publisher":{"@id":"https:\/\/www.biopapa.lt\/#organization"},"potentialAction":[{"@type":"SearchAction","target":{"@type":"EntryPoint","urlTemplate":"https:\/\/www.biopapa.lt\/?s={search_term_string}"},"query-input":{"@type":"PropertyValueSpecification","valueRequired":true,"valueName":"search_term_string"}}],"inLanguage":"en-US"},{"@type":"Organization","@id":"https:\/\/www.biopapa.lt\/#organization","name":"Biopapa","url":"https:\/\/www.biopapa.lt\/","logo":{"@type":"ImageObject","inLanguage":"en-US","@id":"https:\/\/www.biopapa.lt\/#\/schema\/logo\/image\/","url":"https:\/\/www.biopapa.lt\/wp-content\/uploads\/2022\/04\/facebook_biopapa.jpg","contentUrl":"https:\/\/www.biopapa.lt\/wp-content\/uploads\/2022\/04\/facebook_biopapa.jpg","width":1733,"height":907,"caption":"Biopapa"},"image":{"@id":"https:\/\/www.biopapa.lt\/#\/schema\/logo\/image\/"},"sameAs":["https:\/\/www.facebook.com\/biopapa.lt"]}]}},"_links":{"self":[{"href":"https:\/\/www.biopapa.lt\/en\/wp-json\/wp\/v2\/product\/98867","targetHints":{"allow":["GET"]}}],"collection":[{"href":"https:\/\/www.biopapa.lt\/en\/wp-json\/wp\/v2\/product"}],"about":[{"href":"https:\/\/www.biopapa.lt\/en\/wp-json\/wp\/v2\/types\/product"}],"wp:featuredmedia":[{"embeddable":true,"href":"https:\/\/www.biopapa.lt\/en\/wp-json\/wp\/v2\/media\/98873"}],"wp:attachment":[{"href":"https:\/\/www.biopapa.lt\/en\/wp-json\/wp\/v2\/media?parent=98867"}],"wp:term":[{"taxonomy":"product_brand","embeddable":true,"href":"https:\/\/www.biopapa.lt\/en\/wp-json\/wp\/v2\/product_brand?post=98867"},{"taxonomy":"product_cat","embeddable":true,"href":"https:\/\/www.biopapa.lt\/en\/wp-json\/wp\/v2\/product_cat?post=98867"},{"taxonomy":"product_tag","embeddable":true,"href":"https:\/\/www.biopapa.lt\/en\/wp-json\/wp\/v2\/product_tag?post=98867"}],"curies":[{"name":"wp","href":"https:\/\/api.w.org\/{rel}","templated":true}]}}