{"id":98449,"date":"2025-04-01T17:28:28","date_gmt":"2025-04-01T14:28:28","guid":{"rendered":"https:\/\/www.biopapa.lt\/?post_type=product&#038;p=98449"},"modified":"2025-12-16T17:50:06","modified_gmt":"2025-12-16T15:50:06","slug":"organic-mild-soy-sauce-tamari-gluten-free-250ml-terrasana","status":"publish","type":"product","link":"https:\/\/www.biopapa.lt\/en\/produktas\/organic-mild-soy-sauce-tamari-gluten-free-250ml-terrasana\/","title":{"rendered":"Organic mild soy sauce TAMARI, gluten-free, 250 ml, TERRASANA"},"content":{"rendered":"<p> <strong> Organic mild soy sauce TAMARI, gluten-free, 250 ml, TERRASANA<br \/>\n<\/strong>This soy sauce is made from soya beans, koji, shochu and sea salt. Its main objective is to balance the flavour of the sauce so that all five flavour elements are revealed. This is achieved through a 9-month fermentation process.  <\/p>\n<p>It is a great and affordable gluten-free sauce that takes both oriental and European dishes to a new level. Use it in marinades, dressings, (miso) soups and sauces. <\/p>\n","protected":false},"excerpt":{"rendered":"<p>Organic mild soy sauce TAMARI, gluten-free, 250 ml, TERRASANA This soy sauce is made from soya beans, koji, shochu and<\/p>\n","protected":false},"featured_media":98455,"template":"","meta":{"_acf_changed":false},"product_brand":[],"product_cat":[2686,1954,2644],"product_tag":[2034,2038,2088],"class_list":{"0":"post-98449","1":"product","2":"type-product","3":"status-publish","4":"has-post-thumbnail","6":"product_cat-oriental-cuisine","7":"product_cat-sauces-and-spreads","8":"product_cat-without-gluten","9":"product_tag-gluten-free","10":"product_tag-no-added-sugar","11":"product_tag-vegan","13":"first","14":"instock","15":"shipping-taxable","16":"purchasable","17":"product-type-simple"},"acf":[],"yoast_head":"<!-- This site is optimized with the Yoast SEO plugin v27.5 - https:\/\/yoast.com\/product\/yoast-seo-wordpress\/ -->\n<title>Organic mild soy sauce TAMARI, gluten-free, 250 ml, TERRASANA - Biopapa<\/title>\n<meta name=\"description\" content=\"TAMARI Organic Mild Soy Sauce, a great and affordable sauce that takes both oriental and European dishes to a new level.\" \/>\n<meta name=\"robots\" content=\"index, follow, max-snippet:-1, max-image-preview:large, max-video-preview:-1\" \/>\n<link rel=\"canonical\" href=\"https:\/\/www.biopapa.lt\/en\/produktas\/organic-mild-soy-sauce-tamari-gluten-free-250ml-terrasana\/\" \/>\n<meta property=\"og:locale\" content=\"en_US\" \/>\n<meta property=\"og:type\" content=\"article\" \/>\n<meta property=\"og:title\" content=\"Organic mild soy sauce TAMARI, gluten-free, 250 ml, TERRASANA - Biopapa\" \/>\n<meta property=\"og:description\" content=\"TAMARI Organic Mild Soy Sauce, a great and affordable sauce that takes both oriental and European dishes to a new level.\" \/>\n<meta property=\"og:url\" content=\"https:\/\/www.biopapa.lt\/en\/produktas\/organic-mild-soy-sauce-tamari-gluten-free-250ml-terrasana\/\" \/>\n<meta property=\"og:site_name\" content=\"Biopapa\" \/>\n<meta property=\"article:publisher\" content=\"https:\/\/www.facebook.com\/biopapa.lt\" \/>\n<meta property=\"article:modified_time\" content=\"2025-12-16T15:50:06+00:00\" \/>\n<meta property=\"og:image\" content=\"https:\/\/www.biopapa.lt\/wp-content\/uploads\/2025\/04\/Ekologiskas-svelnus-soju-padazas-TAMARI-be-glitimo.png\" \/>\n\t<meta property=\"og:image:width\" content=\"800\" \/>\n\t<meta property=\"og:image:height\" content=\"640\" \/>\n\t<meta property=\"og:image:type\" content=\"image\/png\" \/>\n<meta name=\"twitter:card\" content=\"summary_large_image\" \/>\n<script type=\"application\/ld+json\" class=\"yoast-schema-graph\">{\"@context\":\"https:\\\/\\\/schema.org\",\"@graph\":[{\"@type\":\"WebPage\",\"@id\":\"https:\\\/\\\/www.biopapa.lt\\\/en\\\/produktas\\\/organic-mild-soy-sauce-tamari-gluten-free-250ml-terrasana\\\/\",\"url\":\"https:\\\/\\\/www.biopapa.lt\\\/en\\\/produktas\\\/organic-mild-soy-sauce-tamari-gluten-free-250ml-terrasana\\\/\",\"name\":\"Organic mild soy sauce TAMARI, gluten-free, 250 ml, TERRASANA - Biopapa\",\"isPartOf\":{\"@id\":\"https:\\\/\\\/www.biopapa.lt\\\/#website\"},\"primaryImageOfPage\":{\"@id\":\"https:\\\/\\\/www.biopapa.lt\\\/en\\\/produktas\\\/organic-mild-soy-sauce-tamari-gluten-free-250ml-terrasana\\\/#primaryimage\"},\"image\":{\"@id\":\"https:\\\/\\\/www.biopapa.lt\\\/en\\\/produktas\\\/organic-mild-soy-sauce-tamari-gluten-free-250ml-terrasana\\\/#primaryimage\"},\"thumbnailUrl\":\"https:\\\/\\\/www.biopapa.lt\\\/wp-content\\\/uploads\\\/2025\\\/04\\\/Ekologiskas-svelnus-soju-padazas-TAMARI-be-glitimo.png\",\"datePublished\":\"2025-04-01T14:28:28+00:00\",\"dateModified\":\"2025-12-16T15:50:06+00:00\",\"description\":\"TAMARI Organic Mild Soy Sauce, a great and affordable sauce that takes both oriental and European dishes to a new level.\",\"breadcrumb\":{\"@id\":\"https:\\\/\\\/www.biopapa.lt\\\/en\\\/produktas\\\/organic-mild-soy-sauce-tamari-gluten-free-250ml-terrasana\\\/#breadcrumb\"},\"inLanguage\":\"en-US\",\"potentialAction\":[{\"@type\":\"ReadAction\",\"target\":[\"https:\\\/\\\/www.biopapa.lt\\\/en\\\/produktas\\\/organic-mild-soy-sauce-tamari-gluten-free-250ml-terrasana\\\/\"]}]},{\"@type\":\"ImageObject\",\"inLanguage\":\"en-US\",\"@id\":\"https:\\\/\\\/www.biopapa.lt\\\/en\\\/produktas\\\/organic-mild-soy-sauce-tamari-gluten-free-250ml-terrasana\\\/#primaryimage\",\"url\":\"https:\\\/\\\/www.biopapa.lt\\\/wp-content\\\/uploads\\\/2025\\\/04\\\/Ekologiskas-svelnus-soju-padazas-TAMARI-be-glitimo.png\",\"contentUrl\":\"https:\\\/\\\/www.biopapa.lt\\\/wp-content\\\/uploads\\\/2025\\\/04\\\/Ekologiskas-svelnus-soju-padazas-TAMARI-be-glitimo.png\",\"width\":800,\"height\":640},{\"@type\":\"BreadcrumbList\",\"@id\":\"https:\\\/\\\/www.biopapa.lt\\\/en\\\/produktas\\\/organic-mild-soy-sauce-tamari-gluten-free-250ml-terrasana\\\/#breadcrumb\",\"itemListElement\":[{\"@type\":\"ListItem\",\"position\":1,\"name\":\"Home\",\"item\":\"https:\\\/\\\/www.biopapa.lt\\\/en\\\/\"},{\"@type\":\"ListItem\",\"position\":2,\"name\":\"Shop\",\"item\":\"https:\\\/\\\/www.biopapa.lt\\\/en\\\/shop\\\/\"},{\"@type\":\"ListItem\",\"position\":3,\"name\":\"Organic mild soy sauce TAMARI, gluten-free, 250 ml, TERRASANA\"}]},{\"@type\":\"WebSite\",\"@id\":\"https:\\\/\\\/www.biopapa.lt\\\/#website\",\"url\":\"https:\\\/\\\/www.biopapa.lt\\\/\",\"name\":\"Biopapa\",\"description\":\"\u0160var\u016bs ekologi\u0161ki produktai\",\"publisher\":{\"@id\":\"https:\\\/\\\/www.biopapa.lt\\\/#organization\"},\"potentialAction\":[{\"@type\":\"SearchAction\",\"target\":{\"@type\":\"EntryPoint\",\"urlTemplate\":\"https:\\\/\\\/www.biopapa.lt\\\/?s={search_term_string}\"},\"query-input\":{\"@type\":\"PropertyValueSpecification\",\"valueRequired\":true,\"valueName\":\"search_term_string\"}}],\"inLanguage\":\"en-US\"},{\"@type\":\"Organization\",\"@id\":\"https:\\\/\\\/www.biopapa.lt\\\/#organization\",\"name\":\"Biopapa\",\"url\":\"https:\\\/\\\/www.biopapa.lt\\\/\",\"logo\":{\"@type\":\"ImageObject\",\"inLanguage\":\"en-US\",\"@id\":\"https:\\\/\\\/www.biopapa.lt\\\/#\\\/schema\\\/logo\\\/image\\\/\",\"url\":\"https:\\\/\\\/www.biopapa.lt\\\/wp-content\\\/uploads\\\/2022\\\/04\\\/facebook_biopapa.jpg\",\"contentUrl\":\"https:\\\/\\\/www.biopapa.lt\\\/wp-content\\\/uploads\\\/2022\\\/04\\\/facebook_biopapa.jpg\",\"width\":1733,\"height\":907,\"caption\":\"Biopapa\"},\"image\":{\"@id\":\"https:\\\/\\\/www.biopapa.lt\\\/#\\\/schema\\\/logo\\\/image\\\/\"},\"sameAs\":[\"https:\\\/\\\/www.facebook.com\\\/biopapa.lt\"]}]}<\/script>\n<!-- \/ Yoast SEO plugin. -->","yoast_head_json":{"title":"Organic mild soy sauce TAMARI, gluten-free, 250 ml, TERRASANA - Biopapa","description":"TAMARI Organic Mild Soy Sauce, a great and affordable sauce that takes both oriental and European dishes to a new level.","robots":{"index":"index","follow":"follow","max-snippet":"max-snippet:-1","max-image-preview":"max-image-preview:large","max-video-preview":"max-video-preview:-1"},"canonical":"https:\/\/www.biopapa.lt\/en\/produktas\/organic-mild-soy-sauce-tamari-gluten-free-250ml-terrasana\/","og_locale":"en_US","og_type":"article","og_title":"Organic mild soy sauce TAMARI, gluten-free, 250 ml, TERRASANA - Biopapa","og_description":"TAMARI Organic Mild Soy Sauce, a great and affordable sauce that takes both oriental and European dishes to a new level.","og_url":"https:\/\/www.biopapa.lt\/en\/produktas\/organic-mild-soy-sauce-tamari-gluten-free-250ml-terrasana\/","og_site_name":"Biopapa","article_publisher":"https:\/\/www.facebook.com\/biopapa.lt","article_modified_time":"2025-12-16T15:50:06+00:00","og_image":[{"width":800,"height":640,"url":"https:\/\/www.biopapa.lt\/wp-content\/uploads\/2025\/04\/Ekologiskas-svelnus-soju-padazas-TAMARI-be-glitimo.png","type":"image\/png"}],"twitter_card":"summary_large_image","schema":{"@context":"https:\/\/schema.org","@graph":[{"@type":"WebPage","@id":"https:\/\/www.biopapa.lt\/en\/produktas\/organic-mild-soy-sauce-tamari-gluten-free-250ml-terrasana\/","url":"https:\/\/www.biopapa.lt\/en\/produktas\/organic-mild-soy-sauce-tamari-gluten-free-250ml-terrasana\/","name":"Organic mild soy sauce TAMARI, gluten-free, 250 ml, TERRASANA - Biopapa","isPartOf":{"@id":"https:\/\/www.biopapa.lt\/#website"},"primaryImageOfPage":{"@id":"https:\/\/www.biopapa.lt\/en\/produktas\/organic-mild-soy-sauce-tamari-gluten-free-250ml-terrasana\/#primaryimage"},"image":{"@id":"https:\/\/www.biopapa.lt\/en\/produktas\/organic-mild-soy-sauce-tamari-gluten-free-250ml-terrasana\/#primaryimage"},"thumbnailUrl":"https:\/\/www.biopapa.lt\/wp-content\/uploads\/2025\/04\/Ekologiskas-svelnus-soju-padazas-TAMARI-be-glitimo.png","datePublished":"2025-04-01T14:28:28+00:00","dateModified":"2025-12-16T15:50:06+00:00","description":"TAMARI Organic Mild Soy Sauce, a great and affordable sauce that takes both oriental and European dishes to a new level.","breadcrumb":{"@id":"https:\/\/www.biopapa.lt\/en\/produktas\/organic-mild-soy-sauce-tamari-gluten-free-250ml-terrasana\/#breadcrumb"},"inLanguage":"en-US","potentialAction":[{"@type":"ReadAction","target":["https:\/\/www.biopapa.lt\/en\/produktas\/organic-mild-soy-sauce-tamari-gluten-free-250ml-terrasana\/"]}]},{"@type":"ImageObject","inLanguage":"en-US","@id":"https:\/\/www.biopapa.lt\/en\/produktas\/organic-mild-soy-sauce-tamari-gluten-free-250ml-terrasana\/#primaryimage","url":"https:\/\/www.biopapa.lt\/wp-content\/uploads\/2025\/04\/Ekologiskas-svelnus-soju-padazas-TAMARI-be-glitimo.png","contentUrl":"https:\/\/www.biopapa.lt\/wp-content\/uploads\/2025\/04\/Ekologiskas-svelnus-soju-padazas-TAMARI-be-glitimo.png","width":800,"height":640},{"@type":"BreadcrumbList","@id":"https:\/\/www.biopapa.lt\/en\/produktas\/organic-mild-soy-sauce-tamari-gluten-free-250ml-terrasana\/#breadcrumb","itemListElement":[{"@type":"ListItem","position":1,"name":"Home","item":"https:\/\/www.biopapa.lt\/en\/"},{"@type":"ListItem","position":2,"name":"Shop","item":"https:\/\/www.biopapa.lt\/en\/shop\/"},{"@type":"ListItem","position":3,"name":"Organic mild soy sauce TAMARI, gluten-free, 250 ml, TERRASANA"}]},{"@type":"WebSite","@id":"https:\/\/www.biopapa.lt\/#website","url":"https:\/\/www.biopapa.lt\/","name":"Biopapa","description":"\u0160var\u016bs ekologi\u0161ki produktai","publisher":{"@id":"https:\/\/www.biopapa.lt\/#organization"},"potentialAction":[{"@type":"SearchAction","target":{"@type":"EntryPoint","urlTemplate":"https:\/\/www.biopapa.lt\/?s={search_term_string}"},"query-input":{"@type":"PropertyValueSpecification","valueRequired":true,"valueName":"search_term_string"}}],"inLanguage":"en-US"},{"@type":"Organization","@id":"https:\/\/www.biopapa.lt\/#organization","name":"Biopapa","url":"https:\/\/www.biopapa.lt\/","logo":{"@type":"ImageObject","inLanguage":"en-US","@id":"https:\/\/www.biopapa.lt\/#\/schema\/logo\/image\/","url":"https:\/\/www.biopapa.lt\/wp-content\/uploads\/2022\/04\/facebook_biopapa.jpg","contentUrl":"https:\/\/www.biopapa.lt\/wp-content\/uploads\/2022\/04\/facebook_biopapa.jpg","width":1733,"height":907,"caption":"Biopapa"},"image":{"@id":"https:\/\/www.biopapa.lt\/#\/schema\/logo\/image\/"},"sameAs":["https:\/\/www.facebook.com\/biopapa.lt"]}]}},"_links":{"self":[{"href":"https:\/\/www.biopapa.lt\/en\/wp-json\/wp\/v2\/product\/98449","targetHints":{"allow":["GET"]}}],"collection":[{"href":"https:\/\/www.biopapa.lt\/en\/wp-json\/wp\/v2\/product"}],"about":[{"href":"https:\/\/www.biopapa.lt\/en\/wp-json\/wp\/v2\/types\/product"}],"wp:featuredmedia":[{"embeddable":true,"href":"https:\/\/www.biopapa.lt\/en\/wp-json\/wp\/v2\/media\/98455"}],"wp:attachment":[{"href":"https:\/\/www.biopapa.lt\/en\/wp-json\/wp\/v2\/media?parent=98449"}],"wp:term":[{"taxonomy":"product_brand","embeddable":true,"href":"https:\/\/www.biopapa.lt\/en\/wp-json\/wp\/v2\/product_brand?post=98449"},{"taxonomy":"product_cat","embeddable":true,"href":"https:\/\/www.biopapa.lt\/en\/wp-json\/wp\/v2\/product_cat?post=98449"},{"taxonomy":"product_tag","embeddable":true,"href":"https:\/\/www.biopapa.lt\/en\/wp-json\/wp\/v2\/product_tag?post=98449"}],"curies":[{"name":"wp","href":"https:\/\/api.w.org\/{rel}","templated":true}]}}