{"id":77119,"date":"2025-02-14T19:38:14","date_gmt":"2025-02-14T17:38:14","guid":{"rendered":"https:\/\/www.biopapa.lt\/?post_type=product&#038;p=77119"},"modified":"2025-02-24T15:33:35","modified_gmt":"2025-02-24T13:33:35","slug":"ekologiski-zirniu-makaronai-fusilli-su-juros-dumbliais-wakame","status":"publish","type":"product","link":"https:\/\/www.biopapa.lt\/en\/produktas\/ekologiski-zirniu-makaronai-fusilli-su-juros-dumbliais-wakame\/","title":{"rendered":"Organic pea pasta FUSILLI with seaweed Wakame"},"content":{"rendered":"<p><strong>Organic Pea Pasta Fusilli with Wakame Seaweed<br \/>\n<\/strong>Helix-shaped pasta made from ground pea pulp and dehydrated wakame seaweed powder dried at low temperature.<br \/>\nSource of fibre<br \/>\nHigh protein<br \/>\nHigh iodine<br \/>\nSource of Iron, Magnesium and Zinc.<\/p>\n<p>Use<br \/>\nPre-preparation required: cook in boiling water with a pinch of salt for 6-7 minutes. Drain and cool in cold water.<br \/>\nSurprise your guests and the little ones at home with a fun and healthy taste of the sea! <\/p>\n<p>For<br \/>\nGeneral public.<\/p>\n<p>Important: Seaweed is a naturally iodine-rich vegetable. Excessive iodine intake can cause thyroid problems.<br \/>\nRecommendation for consumption: according to Regulation 1169\/2011 of the European Union Health Authorities, the recommended daily intake of iodine is 150 \u00b5g and 37 g of this product meets this amount.<\/p>\n","protected":false},"excerpt":{"rendered":"<p>Organic Pea Pasta Fusilli with Wakame Seaweed Helix-shaped pasta made from ground pea pulp and dehydrated wakame seaweed powder dried<\/p>\n","protected":false},"featured_media":128513,"template":"","meta":{"_acf_changed":false},"product_brand":[],"product_cat":[1851],"product_tag":[2046,2088],"class_list":{"0":"post-77119","1":"product","2":"type-product","3":"status-publish","4":"has-post-thumbnail","6":"product_cat-organic-pasta","7":"product_tag-gluten-alternative","8":"product_tag-vegan","9":"pa_svoris-1-kg-en-2","10":"pa_svoris-100-g-en-2","11":"pa_svoris-200-g-en","12":"pa_svoris-300-g-en","13":"pa_svoris-400-g-en","14":"pa_svoris-500-g-en-2","16":"first","17":"instock","18":"shipping-taxable","19":"purchasable","20":"product-type-variable"},"acf":[],"yoast_head":"<!-- This site is optimized with the Yoast SEO plugin v27.5 - https:\/\/yoast.com\/product\/yoast-seo-wordpress\/ -->\n<title>Organic pea pasta FUSILLI with seaweed Wakame - Biopapa<\/title>\n<meta name=\"description\" content=\"Organic pea pasta Fusilli with Wakame seaweed, made from ground pea pulp and dehydrated wakame seaweed powder, dried at low temperature.\" \/>\n<meta name=\"robots\" content=\"index, follow, max-snippet:-1, max-image-preview:large, max-video-preview:-1\" \/>\n<link rel=\"canonical\" href=\"https:\/\/www.biopapa.lt\/en\/produktas\/ekologiski-zirniu-makaronai-fusilli-su-juros-dumbliais-wakame\/\" \/>\n<meta property=\"og:locale\" content=\"en_US\" \/>\n<meta property=\"og:type\" content=\"article\" \/>\n<meta property=\"og:title\" content=\"Organic pea pasta FUSILLI with seaweed Wakame - Biopapa\" \/>\n<meta property=\"og:description\" content=\"Organic pea pasta Fusilli with Wakame seaweed, made from ground pea pulp and dehydrated wakame seaweed powder, dried at low temperature.\" \/>\n<meta property=\"og:url\" content=\"https:\/\/www.biopapa.lt\/en\/produktas\/ekologiski-zirniu-makaronai-fusilli-su-juros-dumbliais-wakame\/\" \/>\n<meta property=\"og:site_name\" content=\"Biopapa\" \/>\n<meta property=\"article:publisher\" content=\"https:\/\/www.facebook.com\/biopapa.lt\" \/>\n<meta property=\"article:modified_time\" content=\"2025-02-24T13:33:35+00:00\" \/>\n<meta property=\"og:image\" content=\"https:\/\/www.biopapa.lt\/wp-content\/uploads\/2022\/04\/facebook_biopapa.jpg\" \/>\n\t<meta property=\"og:image:width\" content=\"1733\" \/>\n\t<meta property=\"og:image:height\" content=\"907\" \/>\n\t<meta property=\"og:image:type\" content=\"image\/jpeg\" \/>\n<meta name=\"twitter:card\" content=\"summary_large_image\" \/>\n<script type=\"application\/ld+json\" class=\"yoast-schema-graph\">{\"@context\":\"https:\\\/\\\/schema.org\",\"@graph\":[{\"@type\":\"WebPage\",\"@id\":\"https:\\\/\\\/www.biopapa.lt\\\/en\\\/produktas\\\/ekologiski-zirniu-makaronai-fusilli-su-juros-dumbliais-wakame\\\/\",\"url\":\"https:\\\/\\\/www.biopapa.lt\\\/en\\\/produktas\\\/ekologiski-zirniu-makaronai-fusilli-su-juros-dumbliais-wakame\\\/\",\"name\":\"Organic pea pasta FUSILLI with seaweed Wakame - Biopapa\",\"isPartOf\":{\"@id\":\"https:\\\/\\\/www.biopapa.lt\\\/#website\"},\"primaryImageOfPage\":{\"@id\":\"https:\\\/\\\/www.biopapa.lt\\\/en\\\/produktas\\\/ekologiski-zirniu-makaronai-fusilli-su-juros-dumbliais-wakame\\\/#primaryimage\"},\"image\":{\"@id\":\"https:\\\/\\\/www.biopapa.lt\\\/en\\\/produktas\\\/ekologiski-zirniu-makaronai-fusilli-su-juros-dumbliais-wakame\\\/#primaryimage\"},\"thumbnailUrl\":\"https:\\\/\\\/www.biopapa.lt\\\/wp-content\\\/uploads\\\/2025\\\/02\\\/Ekologiski-zirniu-makaronai-FUSILLI-su-juros-dumbliais-Wakame-2.png\",\"datePublished\":\"2025-02-14T17:38:14+00:00\",\"dateModified\":\"2025-02-24T13:33:35+00:00\",\"description\":\"Organic pea pasta Fusilli with Wakame seaweed, made from ground pea pulp and dehydrated wakame seaweed powder, dried at low temperature.\",\"breadcrumb\":{\"@id\":\"https:\\\/\\\/www.biopapa.lt\\\/en\\\/produktas\\\/ekologiski-zirniu-makaronai-fusilli-su-juros-dumbliais-wakame\\\/#breadcrumb\"},\"inLanguage\":\"en-US\",\"potentialAction\":[{\"@type\":\"ReadAction\",\"target\":[\"https:\\\/\\\/www.biopapa.lt\\\/en\\\/produktas\\\/ekologiski-zirniu-makaronai-fusilli-su-juros-dumbliais-wakame\\\/\"]}]},{\"@type\":\"ImageObject\",\"inLanguage\":\"en-US\",\"@id\":\"https:\\\/\\\/www.biopapa.lt\\\/en\\\/produktas\\\/ekologiski-zirniu-makaronai-fusilli-su-juros-dumbliais-wakame\\\/#primaryimage\",\"url\":\"https:\\\/\\\/www.biopapa.lt\\\/wp-content\\\/uploads\\\/2025\\\/02\\\/Ekologiski-zirniu-makaronai-FUSILLI-su-juros-dumbliais-Wakame-2.png\",\"contentUrl\":\"https:\\\/\\\/www.biopapa.lt\\\/wp-content\\\/uploads\\\/2025\\\/02\\\/Ekologiski-zirniu-makaronai-FUSILLI-su-juros-dumbliais-Wakame-2.png\",\"width\":800,\"height\":640},{\"@type\":\"BreadcrumbList\",\"@id\":\"https:\\\/\\\/www.biopapa.lt\\\/en\\\/produktas\\\/ekologiski-zirniu-makaronai-fusilli-su-juros-dumbliais-wakame\\\/#breadcrumb\",\"itemListElement\":[{\"@type\":\"ListItem\",\"position\":1,\"name\":\"Home\",\"item\":\"https:\\\/\\\/www.biopapa.lt\\\/en\\\/\"},{\"@type\":\"ListItem\",\"position\":2,\"name\":\"Shop\",\"item\":\"https:\\\/\\\/www.biopapa.lt\\\/en\\\/shop\\\/\"},{\"@type\":\"ListItem\",\"position\":3,\"name\":\"Organic pea pasta FUSILLI with seaweed Wakame\"}]},{\"@type\":\"WebSite\",\"@id\":\"https:\\\/\\\/www.biopapa.lt\\\/#website\",\"url\":\"https:\\\/\\\/www.biopapa.lt\\\/\",\"name\":\"Biopapa\",\"description\":\"\u0160var\u016bs ekologi\u0161ki produktai\",\"publisher\":{\"@id\":\"https:\\\/\\\/www.biopapa.lt\\\/#organization\"},\"potentialAction\":[{\"@type\":\"SearchAction\",\"target\":{\"@type\":\"EntryPoint\",\"urlTemplate\":\"https:\\\/\\\/www.biopapa.lt\\\/?s={search_term_string}\"},\"query-input\":{\"@type\":\"PropertyValueSpecification\",\"valueRequired\":true,\"valueName\":\"search_term_string\"}}],\"inLanguage\":\"en-US\"},{\"@type\":\"Organization\",\"@id\":\"https:\\\/\\\/www.biopapa.lt\\\/#organization\",\"name\":\"Biopapa\",\"url\":\"https:\\\/\\\/www.biopapa.lt\\\/\",\"logo\":{\"@type\":\"ImageObject\",\"inLanguage\":\"en-US\",\"@id\":\"https:\\\/\\\/www.biopapa.lt\\\/#\\\/schema\\\/logo\\\/image\\\/\",\"url\":\"https:\\\/\\\/www.biopapa.lt\\\/wp-content\\\/uploads\\\/2022\\\/04\\\/facebook_biopapa.jpg\",\"contentUrl\":\"https:\\\/\\\/www.biopapa.lt\\\/wp-content\\\/uploads\\\/2022\\\/04\\\/facebook_biopapa.jpg\",\"width\":1733,\"height\":907,\"caption\":\"Biopapa\"},\"image\":{\"@id\":\"https:\\\/\\\/www.biopapa.lt\\\/#\\\/schema\\\/logo\\\/image\\\/\"},\"sameAs\":[\"https:\\\/\\\/www.facebook.com\\\/biopapa.lt\"]}]}<\/script>\n<!-- \/ Yoast SEO plugin. -->","yoast_head_json":{"title":"Organic pea pasta FUSILLI with seaweed Wakame - Biopapa","description":"Organic pea pasta Fusilli with Wakame seaweed, made from ground pea pulp and dehydrated wakame seaweed powder, dried at low temperature.","robots":{"index":"index","follow":"follow","max-snippet":"max-snippet:-1","max-image-preview":"max-image-preview:large","max-video-preview":"max-video-preview:-1"},"canonical":"https:\/\/www.biopapa.lt\/en\/produktas\/ekologiski-zirniu-makaronai-fusilli-su-juros-dumbliais-wakame\/","og_locale":"en_US","og_type":"article","og_title":"Organic pea pasta FUSILLI with seaweed Wakame - Biopapa","og_description":"Organic pea pasta Fusilli with Wakame seaweed, made from ground pea pulp and dehydrated wakame seaweed powder, dried at low temperature.","og_url":"https:\/\/www.biopapa.lt\/en\/produktas\/ekologiski-zirniu-makaronai-fusilli-su-juros-dumbliais-wakame\/","og_site_name":"Biopapa","article_publisher":"https:\/\/www.facebook.com\/biopapa.lt","article_modified_time":"2025-02-24T13:33:35+00:00","og_image":[{"width":1733,"height":907,"url":"https:\/\/www.biopapa.lt\/wp-content\/uploads\/2022\/04\/facebook_biopapa.jpg","type":"image\/jpeg"}],"twitter_card":"summary_large_image","schema":{"@context":"https:\/\/schema.org","@graph":[{"@type":"WebPage","@id":"https:\/\/www.biopapa.lt\/en\/produktas\/ekologiski-zirniu-makaronai-fusilli-su-juros-dumbliais-wakame\/","url":"https:\/\/www.biopapa.lt\/en\/produktas\/ekologiski-zirniu-makaronai-fusilli-su-juros-dumbliais-wakame\/","name":"Organic pea pasta FUSILLI with seaweed Wakame - Biopapa","isPartOf":{"@id":"https:\/\/www.biopapa.lt\/#website"},"primaryImageOfPage":{"@id":"https:\/\/www.biopapa.lt\/en\/produktas\/ekologiski-zirniu-makaronai-fusilli-su-juros-dumbliais-wakame\/#primaryimage"},"image":{"@id":"https:\/\/www.biopapa.lt\/en\/produktas\/ekologiski-zirniu-makaronai-fusilli-su-juros-dumbliais-wakame\/#primaryimage"},"thumbnailUrl":"https:\/\/www.biopapa.lt\/wp-content\/uploads\/2025\/02\/Ekologiski-zirniu-makaronai-FUSILLI-su-juros-dumbliais-Wakame-2.png","datePublished":"2025-02-14T17:38:14+00:00","dateModified":"2025-02-24T13:33:35+00:00","description":"Organic pea pasta Fusilli with Wakame seaweed, made from ground pea pulp and dehydrated wakame seaweed powder, dried at low temperature.","breadcrumb":{"@id":"https:\/\/www.biopapa.lt\/en\/produktas\/ekologiski-zirniu-makaronai-fusilli-su-juros-dumbliais-wakame\/#breadcrumb"},"inLanguage":"en-US","potentialAction":[{"@type":"ReadAction","target":["https:\/\/www.biopapa.lt\/en\/produktas\/ekologiski-zirniu-makaronai-fusilli-su-juros-dumbliais-wakame\/"]}]},{"@type":"ImageObject","inLanguage":"en-US","@id":"https:\/\/www.biopapa.lt\/en\/produktas\/ekologiski-zirniu-makaronai-fusilli-su-juros-dumbliais-wakame\/#primaryimage","url":"https:\/\/www.biopapa.lt\/wp-content\/uploads\/2025\/02\/Ekologiski-zirniu-makaronai-FUSILLI-su-juros-dumbliais-Wakame-2.png","contentUrl":"https:\/\/www.biopapa.lt\/wp-content\/uploads\/2025\/02\/Ekologiski-zirniu-makaronai-FUSILLI-su-juros-dumbliais-Wakame-2.png","width":800,"height":640},{"@type":"BreadcrumbList","@id":"https:\/\/www.biopapa.lt\/en\/produktas\/ekologiski-zirniu-makaronai-fusilli-su-juros-dumbliais-wakame\/#breadcrumb","itemListElement":[{"@type":"ListItem","position":1,"name":"Home","item":"https:\/\/www.biopapa.lt\/en\/"},{"@type":"ListItem","position":2,"name":"Shop","item":"https:\/\/www.biopapa.lt\/en\/shop\/"},{"@type":"ListItem","position":3,"name":"Organic pea pasta FUSILLI with seaweed Wakame"}]},{"@type":"WebSite","@id":"https:\/\/www.biopapa.lt\/#website","url":"https:\/\/www.biopapa.lt\/","name":"Biopapa","description":"\u0160var\u016bs ekologi\u0161ki produktai","publisher":{"@id":"https:\/\/www.biopapa.lt\/#organization"},"potentialAction":[{"@type":"SearchAction","target":{"@type":"EntryPoint","urlTemplate":"https:\/\/www.biopapa.lt\/?s={search_term_string}"},"query-input":{"@type":"PropertyValueSpecification","valueRequired":true,"valueName":"search_term_string"}}],"inLanguage":"en-US"},{"@type":"Organization","@id":"https:\/\/www.biopapa.lt\/#organization","name":"Biopapa","url":"https:\/\/www.biopapa.lt\/","logo":{"@type":"ImageObject","inLanguage":"en-US","@id":"https:\/\/www.biopapa.lt\/#\/schema\/logo\/image\/","url":"https:\/\/www.biopapa.lt\/wp-content\/uploads\/2022\/04\/facebook_biopapa.jpg","contentUrl":"https:\/\/www.biopapa.lt\/wp-content\/uploads\/2022\/04\/facebook_biopapa.jpg","width":1733,"height":907,"caption":"Biopapa"},"image":{"@id":"https:\/\/www.biopapa.lt\/#\/schema\/logo\/image\/"},"sameAs":["https:\/\/www.facebook.com\/biopapa.lt"]}]}},"_links":{"self":[{"href":"https:\/\/www.biopapa.lt\/en\/wp-json\/wp\/v2\/product\/77119","targetHints":{"allow":["GET"]}}],"collection":[{"href":"https:\/\/www.biopapa.lt\/en\/wp-json\/wp\/v2\/product"}],"about":[{"href":"https:\/\/www.biopapa.lt\/en\/wp-json\/wp\/v2\/types\/product"}],"wp:featuredmedia":[{"embeddable":true,"href":"https:\/\/www.biopapa.lt\/en\/wp-json\/wp\/v2\/media\/128513"}],"wp:attachment":[{"href":"https:\/\/www.biopapa.lt\/en\/wp-json\/wp\/v2\/media?parent=77119"}],"wp:term":[{"taxonomy":"product_brand","embeddable":true,"href":"https:\/\/www.biopapa.lt\/en\/wp-json\/wp\/v2\/product_brand?post=77119"},{"taxonomy":"product_cat","embeddable":true,"href":"https:\/\/www.biopapa.lt\/en\/wp-json\/wp\/v2\/product_cat?post=77119"},{"taxonomy":"product_tag","embeddable":true,"href":"https:\/\/www.biopapa.lt\/en\/wp-json\/wp\/v2\/product_tag?post=77119"}],"curies":[{"name":"wp","href":"https:\/\/api.w.org\/{rel}","templated":true}]}}