{"id":67144,"date":"2025-01-22T10:11:41","date_gmt":"2025-01-22T08:11:41","guid":{"rendered":"https:\/\/www.biopapa.lt\/?post_type=product&#038;p=67144"},"modified":"2026-03-08T01:05:13","modified_gmt":"2026-03-07T23:05:13","slug":"lupus-balm-orange-and-melynes-officina-dei-saponi","status":"publish","type":"product","link":"https:\/\/www.biopapa.lt\/en\/produktas\/lupus-balm-orange-and-melynes-officina-dei-saponi\/","title":{"rendered":"Lip balm Orange and Blueberry, Officina dei Saponi"},"content":{"rendered":"<p><strong>Orange and Blueberry Lip Balm, Officina dei Saponi<br \/>\n<\/strong>Orange and Blueberry Lip Balm is rich in natural antioxidants with moisturising and repairing properties. Orange is rich in vitamin C, which is essential for the production of collagen, an important process in tissue formation. In addition, lutein, folic acid and potassium, which are naturally present in oranges, are particularly beneficial for the skin, reducing UV damage and making the skin more elastic.<br \/>\nBlueberry extract, meanwhile, is a lifesaver for fragile and sensitive skin. It has a soothing effect on skin prone to redness, protects its balance, strengthens its natural protective functions and improves its appearance. This lip balm is also AIAB certified organic, so it does not contain any potentially harmful ingredients for the environment or the user. Recommended for: protecting and moisturising lips. PRODUCT QUANTITY: 5 ML   <\/p>\n","protected":false},"excerpt":{"rendered":"<p>Orange and Blueberry Lip Balm, Officina dei Saponi Orange and Blueberry Lip Balm is rich in natural antioxidants with moisturising<\/p>\n","protected":false},"featured_media":214290,"template":"","meta":{"_acf_changed":false},"product_brand":[],"product_cat":[1962,1971],"product_tag":[2090,2088],"class_list":{"0":"post-67144","1":"product","2":"type-product","3":"status-publish","4":"has-post-thumbnail","6":"product_cat-beauty-and-hygiene","7":"product_cat-facial-care","8":"product_tag-facial-care","9":"product_tag-vegan","11":"first","12":"instock","13":"shipping-taxable","14":"purchasable","15":"product-type-simple"},"acf":[],"yoast_head":"<!-- This site is optimized with the Yoast SEO plugin v27.5 - https:\/\/yoast.com\/product\/yoast-seo-wordpress\/ -->\n<title>Lip balm Orange and Blueberry, Officina dei Saponi - Biopapa<\/title>\n<meta name=\"description\" content=\"Orange &amp; Blueberry Balm is rich in natural antioxidants with moisturising and repairing properties.\" \/>\n<meta name=\"robots\" content=\"index, follow, max-snippet:-1, max-image-preview:large, max-video-preview:-1\" \/>\n<link rel=\"canonical\" href=\"https:\/\/www.biopapa.lt\/en\/produktas\/lupus-balm-orange-and-melynes-officina-dei-saponi\/\" \/>\n<meta property=\"og:locale\" content=\"en_US\" \/>\n<meta property=\"og:type\" content=\"article\" \/>\n<meta property=\"og:title\" content=\"Lip balm Orange and Blueberry, Officina dei Saponi - Biopapa\" \/>\n<meta property=\"og:description\" content=\"Orange &amp; Blueberry Balm is rich in natural antioxidants with moisturising and repairing properties.\" \/>\n<meta property=\"og:url\" content=\"https:\/\/www.biopapa.lt\/en\/produktas\/lupus-balm-orange-and-melynes-officina-dei-saponi\/\" \/>\n<meta property=\"og:site_name\" content=\"Biopapa\" \/>\n<meta property=\"article:publisher\" content=\"https:\/\/www.facebook.com\/biopapa.lt\" \/>\n<meta property=\"article:modified_time\" content=\"2026-03-07T23:05:13+00:00\" \/>\n<meta property=\"og:image\" content=\"https:\/\/www.biopapa.lt\/wp-content\/uploads\/2025\/01\/Lupu-balzamas-Apelsinas-ir-Melynes.png\" \/>\n\t<meta property=\"og:image:width\" content=\"800\" \/>\n\t<meta property=\"og:image:height\" content=\"640\" \/>\n\t<meta property=\"og:image:type\" content=\"image\/png\" \/>\n<meta name=\"twitter:card\" content=\"summary_large_image\" \/>\n<script type=\"application\/ld+json\" class=\"yoast-schema-graph\">{\"@context\":\"https:\\\/\\\/schema.org\",\"@graph\":[{\"@type\":\"WebPage\",\"@id\":\"https:\\\/\\\/www.biopapa.lt\\\/en\\\/produktas\\\/lupus-balm-orange-and-melynes-officina-dei-saponi\\\/\",\"url\":\"https:\\\/\\\/www.biopapa.lt\\\/en\\\/produktas\\\/lupus-balm-orange-and-melynes-officina-dei-saponi\\\/\",\"name\":\"Lip balm Orange and Blueberry, Officina dei Saponi - Biopapa\",\"isPartOf\":{\"@id\":\"https:\\\/\\\/www.biopapa.lt\\\/#website\"},\"primaryImageOfPage\":{\"@id\":\"https:\\\/\\\/www.biopapa.lt\\\/en\\\/produktas\\\/lupus-balm-orange-and-melynes-officina-dei-saponi\\\/#primaryimage\"},\"image\":{\"@id\":\"https:\\\/\\\/www.biopapa.lt\\\/en\\\/produktas\\\/lupus-balm-orange-and-melynes-officina-dei-saponi\\\/#primaryimage\"},\"thumbnailUrl\":\"https:\\\/\\\/www.biopapa.lt\\\/wp-content\\\/uploads\\\/2025\\\/01\\\/Lupu-balzamas-Apelsinas-ir-Melynes-Officina-dei-Saponi.png\",\"datePublished\":\"2025-01-22T08:11:41+00:00\",\"dateModified\":\"2026-03-07T23:05:13+00:00\",\"description\":\"Orange & Blueberry Balm is rich in natural antioxidants with moisturising and repairing properties.\",\"breadcrumb\":{\"@id\":\"https:\\\/\\\/www.biopapa.lt\\\/en\\\/produktas\\\/lupus-balm-orange-and-melynes-officina-dei-saponi\\\/#breadcrumb\"},\"inLanguage\":\"en-US\",\"potentialAction\":[{\"@type\":\"ReadAction\",\"target\":[\"https:\\\/\\\/www.biopapa.lt\\\/en\\\/produktas\\\/lupus-balm-orange-and-melynes-officina-dei-saponi\\\/\"]}]},{\"@type\":\"ImageObject\",\"inLanguage\":\"en-US\",\"@id\":\"https:\\\/\\\/www.biopapa.lt\\\/en\\\/produktas\\\/lupus-balm-orange-and-melynes-officina-dei-saponi\\\/#primaryimage\",\"url\":\"https:\\\/\\\/www.biopapa.lt\\\/wp-content\\\/uploads\\\/2025\\\/01\\\/Lupu-balzamas-Apelsinas-ir-Melynes-Officina-dei-Saponi.png\",\"contentUrl\":\"https:\\\/\\\/www.biopapa.lt\\\/wp-content\\\/uploads\\\/2025\\\/01\\\/Lupu-balzamas-Apelsinas-ir-Melynes-Officina-dei-Saponi.png\",\"width\":800,\"height\":640},{\"@type\":\"BreadcrumbList\",\"@id\":\"https:\\\/\\\/www.biopapa.lt\\\/en\\\/produktas\\\/lupus-balm-orange-and-melynes-officina-dei-saponi\\\/#breadcrumb\",\"itemListElement\":[{\"@type\":\"ListItem\",\"position\":1,\"name\":\"Home\",\"item\":\"https:\\\/\\\/www.biopapa.lt\\\/en\\\/\"},{\"@type\":\"ListItem\",\"position\":2,\"name\":\"Shop\",\"item\":\"https:\\\/\\\/www.biopapa.lt\\\/en\\\/shop\\\/\"},{\"@type\":\"ListItem\",\"position\":3,\"name\":\"Lip balm Orange and Blueberry, Officina dei Saponi\"}]},{\"@type\":\"WebSite\",\"@id\":\"https:\\\/\\\/www.biopapa.lt\\\/#website\",\"url\":\"https:\\\/\\\/www.biopapa.lt\\\/\",\"name\":\"Biopapa\",\"description\":\"\u0160var\u016bs ekologi\u0161ki produktai\",\"publisher\":{\"@id\":\"https:\\\/\\\/www.biopapa.lt\\\/#organization\"},\"potentialAction\":[{\"@type\":\"SearchAction\",\"target\":{\"@type\":\"EntryPoint\",\"urlTemplate\":\"https:\\\/\\\/www.biopapa.lt\\\/?s={search_term_string}\"},\"query-input\":{\"@type\":\"PropertyValueSpecification\",\"valueRequired\":true,\"valueName\":\"search_term_string\"}}],\"inLanguage\":\"en-US\"},{\"@type\":\"Organization\",\"@id\":\"https:\\\/\\\/www.biopapa.lt\\\/#organization\",\"name\":\"Biopapa\",\"url\":\"https:\\\/\\\/www.biopapa.lt\\\/\",\"logo\":{\"@type\":\"ImageObject\",\"inLanguage\":\"en-US\",\"@id\":\"https:\\\/\\\/www.biopapa.lt\\\/#\\\/schema\\\/logo\\\/image\\\/\",\"url\":\"https:\\\/\\\/www.biopapa.lt\\\/wp-content\\\/uploads\\\/2022\\\/04\\\/facebook_biopapa.jpg\",\"contentUrl\":\"https:\\\/\\\/www.biopapa.lt\\\/wp-content\\\/uploads\\\/2022\\\/04\\\/facebook_biopapa.jpg\",\"width\":1733,\"height\":907,\"caption\":\"Biopapa\"},\"image\":{\"@id\":\"https:\\\/\\\/www.biopapa.lt\\\/#\\\/schema\\\/logo\\\/image\\\/\"},\"sameAs\":[\"https:\\\/\\\/www.facebook.com\\\/biopapa.lt\"]}]}<\/script>\n<!-- \/ Yoast SEO plugin. -->","yoast_head_json":{"title":"Lip balm Orange and Blueberry, Officina dei Saponi - Biopapa","description":"Orange & Blueberry Balm is rich in natural antioxidants with moisturising and repairing properties.","robots":{"index":"index","follow":"follow","max-snippet":"max-snippet:-1","max-image-preview":"max-image-preview:large","max-video-preview":"max-video-preview:-1"},"canonical":"https:\/\/www.biopapa.lt\/en\/produktas\/lupus-balm-orange-and-melynes-officina-dei-saponi\/","og_locale":"en_US","og_type":"article","og_title":"Lip balm Orange and Blueberry, Officina dei Saponi - Biopapa","og_description":"Orange & Blueberry Balm is rich in natural antioxidants with moisturising and repairing properties.","og_url":"https:\/\/www.biopapa.lt\/en\/produktas\/lupus-balm-orange-and-melynes-officina-dei-saponi\/","og_site_name":"Biopapa","article_publisher":"https:\/\/www.facebook.com\/biopapa.lt","article_modified_time":"2026-03-07T23:05:13+00:00","og_image":[{"width":800,"height":640,"url":"https:\/\/www.biopapa.lt\/wp-content\/uploads\/2025\/01\/Lupu-balzamas-Apelsinas-ir-Melynes.png","type":"image\/png"}],"twitter_card":"summary_large_image","schema":{"@context":"https:\/\/schema.org","@graph":[{"@type":"WebPage","@id":"https:\/\/www.biopapa.lt\/en\/produktas\/lupus-balm-orange-and-melynes-officina-dei-saponi\/","url":"https:\/\/www.biopapa.lt\/en\/produktas\/lupus-balm-orange-and-melynes-officina-dei-saponi\/","name":"Lip balm Orange and Blueberry, Officina dei Saponi - Biopapa","isPartOf":{"@id":"https:\/\/www.biopapa.lt\/#website"},"primaryImageOfPage":{"@id":"https:\/\/www.biopapa.lt\/en\/produktas\/lupus-balm-orange-and-melynes-officina-dei-saponi\/#primaryimage"},"image":{"@id":"https:\/\/www.biopapa.lt\/en\/produktas\/lupus-balm-orange-and-melynes-officina-dei-saponi\/#primaryimage"},"thumbnailUrl":"https:\/\/www.biopapa.lt\/wp-content\/uploads\/2025\/01\/Lupu-balzamas-Apelsinas-ir-Melynes-Officina-dei-Saponi.png","datePublished":"2025-01-22T08:11:41+00:00","dateModified":"2026-03-07T23:05:13+00:00","description":"Orange & Blueberry Balm is rich in natural antioxidants with moisturising and repairing properties.","breadcrumb":{"@id":"https:\/\/www.biopapa.lt\/en\/produktas\/lupus-balm-orange-and-melynes-officina-dei-saponi\/#breadcrumb"},"inLanguage":"en-US","potentialAction":[{"@type":"ReadAction","target":["https:\/\/www.biopapa.lt\/en\/produktas\/lupus-balm-orange-and-melynes-officina-dei-saponi\/"]}]},{"@type":"ImageObject","inLanguage":"en-US","@id":"https:\/\/www.biopapa.lt\/en\/produktas\/lupus-balm-orange-and-melynes-officina-dei-saponi\/#primaryimage","url":"https:\/\/www.biopapa.lt\/wp-content\/uploads\/2025\/01\/Lupu-balzamas-Apelsinas-ir-Melynes-Officina-dei-Saponi.png","contentUrl":"https:\/\/www.biopapa.lt\/wp-content\/uploads\/2025\/01\/Lupu-balzamas-Apelsinas-ir-Melynes-Officina-dei-Saponi.png","width":800,"height":640},{"@type":"BreadcrumbList","@id":"https:\/\/www.biopapa.lt\/en\/produktas\/lupus-balm-orange-and-melynes-officina-dei-saponi\/#breadcrumb","itemListElement":[{"@type":"ListItem","position":1,"name":"Home","item":"https:\/\/www.biopapa.lt\/en\/"},{"@type":"ListItem","position":2,"name":"Shop","item":"https:\/\/www.biopapa.lt\/en\/shop\/"},{"@type":"ListItem","position":3,"name":"Lip balm Orange and Blueberry, Officina dei Saponi"}]},{"@type":"WebSite","@id":"https:\/\/www.biopapa.lt\/#website","url":"https:\/\/www.biopapa.lt\/","name":"Biopapa","description":"\u0160var\u016bs ekologi\u0161ki produktai","publisher":{"@id":"https:\/\/www.biopapa.lt\/#organization"},"potentialAction":[{"@type":"SearchAction","target":{"@type":"EntryPoint","urlTemplate":"https:\/\/www.biopapa.lt\/?s={search_term_string}"},"query-input":{"@type":"PropertyValueSpecification","valueRequired":true,"valueName":"search_term_string"}}],"inLanguage":"en-US"},{"@type":"Organization","@id":"https:\/\/www.biopapa.lt\/#organization","name":"Biopapa","url":"https:\/\/www.biopapa.lt\/","logo":{"@type":"ImageObject","inLanguage":"en-US","@id":"https:\/\/www.biopapa.lt\/#\/schema\/logo\/image\/","url":"https:\/\/www.biopapa.lt\/wp-content\/uploads\/2022\/04\/facebook_biopapa.jpg","contentUrl":"https:\/\/www.biopapa.lt\/wp-content\/uploads\/2022\/04\/facebook_biopapa.jpg","width":1733,"height":907,"caption":"Biopapa"},"image":{"@id":"https:\/\/www.biopapa.lt\/#\/schema\/logo\/image\/"},"sameAs":["https:\/\/www.facebook.com\/biopapa.lt"]}]}},"_links":{"self":[{"href":"https:\/\/www.biopapa.lt\/en\/wp-json\/wp\/v2\/product\/67144","targetHints":{"allow":["GET"]}}],"collection":[{"href":"https:\/\/www.biopapa.lt\/en\/wp-json\/wp\/v2\/product"}],"about":[{"href":"https:\/\/www.biopapa.lt\/en\/wp-json\/wp\/v2\/types\/product"}],"wp:featuredmedia":[{"embeddable":true,"href":"https:\/\/www.biopapa.lt\/en\/wp-json\/wp\/v2\/media\/214290"}],"wp:attachment":[{"href":"https:\/\/www.biopapa.lt\/en\/wp-json\/wp\/v2\/media?parent=67144"}],"wp:term":[{"taxonomy":"product_brand","embeddable":true,"href":"https:\/\/www.biopapa.lt\/en\/wp-json\/wp\/v2\/product_brand?post=67144"},{"taxonomy":"product_cat","embeddable":true,"href":"https:\/\/www.biopapa.lt\/en\/wp-json\/wp\/v2\/product_cat?post=67144"},{"taxonomy":"product_tag","embeddable":true,"href":"https:\/\/www.biopapa.lt\/en\/wp-json\/wp\/v2\/product_tag?post=67144"}],"curies":[{"name":"wp","href":"https:\/\/api.w.org\/{rel}","templated":true}]}}