{"id":66789,"date":"2025-01-21T16:53:24","date_gmt":"2025-01-21T14:53:24","guid":{"rendered":"https:\/\/www.biopapa.lt\/?post_type=product&#038;p=66789"},"modified":"2025-01-23T11:55:55","modified_gmt":"2025-01-23T09:55:55","slug":"organic-chocolate-with-coconut-milk-and-cane-sugar-strawberry-flavour-80-g-super-fudgio","status":"publish","type":"product","link":"https:\/\/www.biopapa.lt\/en\/produktas\/organic-chocolate-with-coconut-milk-and-cane-sugar-strawberry-flavour-80-g-super-fudgio\/","title":{"rendered":"Organic chocolate with coconut milk and cane sugar, strawberry flavour, 80 g, SUPER FUDGIO"},"content":{"rendered":"<p><strong>Organic chocolate with coconut milk and cane sugar, strawberry flavour, 80 g, SUPER FUDGIO<\/strong><br \/>\nVegan Strawberry Chocolate &#8211; for the conscious gourmand.<br \/>\nIts unique composition based on unrefined cane sugar and nutritious cocoa with a hint of strawberry, gives it a unique taste and makes it a great alternative to traditional sweets.<br \/>\nWith no artificial additives and long lists of ingredients, this vegan strawberry chocolate is simple and natural in every bite.<\/p>\n<p>A great choice for vegans and anyone looking for a delicious and healthier sweet!<\/p>\n","protected":false},"excerpt":{"rendered":"<p>Organic chocolate with coconut milk and cane sugar, strawberry flavour, 80 g, SUPER FUDGIO Vegan Strawberry Chocolate &#8211; for the<\/p>\n","protected":false},"featured_media":66792,"template":"","meta":{"_acf_changed":false},"product_brand":[],"product_cat":[2012],"product_tag":[2078,2088],"class_list":{"0":"post-66789","1":"product","2":"type-product","3":"status-publish","4":"has-post-thumbnail","6":"product_cat-sweets","7":"product_tag-a-source-of-fiber","8":"product_tag-vegan","10":"first","11":"instock","12":"shipping-taxable","13":"purchasable","14":"product-type-simple"},"acf":[],"yoast_head":"<!-- This site is optimized with the Yoast SEO plugin v27.5 - https:\/\/yoast.com\/product\/yoast-seo-wordpress\/ -->\n<title>Organic chocolate with coconut milk and cane sugar, strawberry flavour, 80 g, SUPER FUDGIO - Biopapa<\/title>\n<meta name=\"description\" content=\"Organic chocolate with coconut milk and cane sugar, strawberry flavour.\" \/>\n<meta name=\"robots\" content=\"index, follow, max-snippet:-1, max-image-preview:large, max-video-preview:-1\" \/>\n<link rel=\"canonical\" href=\"https:\/\/www.biopapa.lt\/produktas\/ekologiskas-sokoladas-su-kokosu-pienu-ir-cukranendriu-cukrumi-braskiu-skonio-80-g-super-fudgio\/\" \/>\n<meta property=\"og:locale\" content=\"en_US\" \/>\n<meta property=\"og:type\" content=\"article\" \/>\n<meta property=\"og:title\" content=\"Organic chocolate with coconut milk and cane sugar, strawberry flavour, 80 g, SUPER FUDGIO - Biopapa\" \/>\n<meta property=\"og:description\" content=\"Organic chocolate with coconut milk and cane sugar, strawberry flavour.\" \/>\n<meta property=\"og:url\" content=\"https:\/\/www.biopapa.lt\/produktas\/ekologiskas-sokoladas-su-kokosu-pienu-ir-cukranendriu-cukrumi-braskiu-skonio-80-g-super-fudgio\/\" \/>\n<meta property=\"og:site_name\" content=\"Biopapa\" \/>\n<meta property=\"article:publisher\" content=\"https:\/\/www.facebook.com\/biopapa.lt\" \/>\n<meta property=\"article:modified_time\" content=\"2025-01-23T09:55:55+00:00\" \/>\n<meta property=\"og:image\" content=\"https:\/\/www.biopapa.lt\/wp-content\/uploads\/2025\/01\/Ekologiskas-sokoladas-su-kokosu-pienu-ir-cukranendriu-cukrumi-braskiu-skonio.png\" \/>\n\t<meta property=\"og:image:width\" content=\"800\" \/>\n\t<meta property=\"og:image:height\" content=\"640\" \/>\n\t<meta property=\"og:image:type\" content=\"image\/png\" \/>\n<meta name=\"twitter:card\" content=\"summary_large_image\" \/>\n<script type=\"application\/ld+json\" class=\"yoast-schema-graph\">{\"@context\":\"https:\\\/\\\/schema.org\",\"@graph\":[{\"@type\":\"WebPage\",\"@id\":\"https:\\\/\\\/www.biopapa.lt\\\/produktas\\\/ekologiskas-sokoladas-su-kokosu-pienu-ir-cukranendriu-cukrumi-braskiu-skonio-80-g-super-fudgio\\\/\",\"url\":\"https:\\\/\\\/www.biopapa.lt\\\/produktas\\\/ekologiskas-sokoladas-su-kokosu-pienu-ir-cukranendriu-cukrumi-braskiu-skonio-80-g-super-fudgio\\\/\",\"name\":\"Organic chocolate with coconut milk and cane sugar, strawberry flavour, 80 g, SUPER FUDGIO - Biopapa\",\"isPartOf\":{\"@id\":\"https:\\\/\\\/www.biopapa.lt\\\/#website\"},\"primaryImageOfPage\":{\"@id\":\"https:\\\/\\\/www.biopapa.lt\\\/produktas\\\/ekologiskas-sokoladas-su-kokosu-pienu-ir-cukranendriu-cukrumi-braskiu-skonio-80-g-super-fudgio\\\/#primaryimage\"},\"image\":{\"@id\":\"https:\\\/\\\/www.biopapa.lt\\\/produktas\\\/ekologiskas-sokoladas-su-kokosu-pienu-ir-cukranendriu-cukrumi-braskiu-skonio-80-g-super-fudgio\\\/#primaryimage\"},\"thumbnailUrl\":\"https:\\\/\\\/www.biopapa.lt\\\/wp-content\\\/uploads\\\/2025\\\/01\\\/Ekologiskas-sokoladas-su-kokosu-pienu-ir-cukranendriu-cukrumi-braskiu-skonio.png\",\"datePublished\":\"2025-01-21T14:53:24+00:00\",\"dateModified\":\"2025-01-23T09:55:55+00:00\",\"description\":\"Organic chocolate with coconut milk and cane sugar, strawberry flavour.\",\"breadcrumb\":{\"@id\":\"https:\\\/\\\/www.biopapa.lt\\\/produktas\\\/ekologiskas-sokoladas-su-kokosu-pienu-ir-cukranendriu-cukrumi-braskiu-skonio-80-g-super-fudgio\\\/#breadcrumb\"},\"inLanguage\":\"en-US\",\"potentialAction\":[{\"@type\":\"ReadAction\",\"target\":[\"https:\\\/\\\/www.biopapa.lt\\\/produktas\\\/ekologiskas-sokoladas-su-kokosu-pienu-ir-cukranendriu-cukrumi-braskiu-skonio-80-g-super-fudgio\\\/\"]}]},{\"@type\":\"ImageObject\",\"inLanguage\":\"en-US\",\"@id\":\"https:\\\/\\\/www.biopapa.lt\\\/produktas\\\/ekologiskas-sokoladas-su-kokosu-pienu-ir-cukranendriu-cukrumi-braskiu-skonio-80-g-super-fudgio\\\/#primaryimage\",\"url\":\"https:\\\/\\\/www.biopapa.lt\\\/wp-content\\\/uploads\\\/2025\\\/01\\\/Ekologiskas-sokoladas-su-kokosu-pienu-ir-cukranendriu-cukrumi-braskiu-skonio.png\",\"contentUrl\":\"https:\\\/\\\/www.biopapa.lt\\\/wp-content\\\/uploads\\\/2025\\\/01\\\/Ekologiskas-sokoladas-su-kokosu-pienu-ir-cukranendriu-cukrumi-braskiu-skonio.png\",\"width\":800,\"height\":640},{\"@type\":\"BreadcrumbList\",\"@id\":\"https:\\\/\\\/www.biopapa.lt\\\/produktas\\\/ekologiskas-sokoladas-su-kokosu-pienu-ir-cukranendriu-cukrumi-braskiu-skonio-80-g-super-fudgio\\\/#breadcrumb\",\"itemListElement\":[{\"@type\":\"ListItem\",\"position\":1,\"name\":\"Home\",\"item\":\"https:\\\/\\\/www.biopapa.lt\\\/en\\\/\"},{\"@type\":\"ListItem\",\"position\":2,\"name\":\"Shop\",\"item\":\"https:\\\/\\\/www.biopapa.lt\\\/en\\\/shop\\\/\"},{\"@type\":\"ListItem\",\"position\":3,\"name\":\"Organic chocolate with coconut milk and cane sugar, strawberry flavour, 80 g, SUPER FUDGIO\"}]},{\"@type\":\"WebSite\",\"@id\":\"https:\\\/\\\/www.biopapa.lt\\\/#website\",\"url\":\"https:\\\/\\\/www.biopapa.lt\\\/\",\"name\":\"Biopapa\",\"description\":\"\u0160var\u016bs ekologi\u0161ki produktai\",\"publisher\":{\"@id\":\"https:\\\/\\\/www.biopapa.lt\\\/#organization\"},\"potentialAction\":[{\"@type\":\"SearchAction\",\"target\":{\"@type\":\"EntryPoint\",\"urlTemplate\":\"https:\\\/\\\/www.biopapa.lt\\\/?s={search_term_string}\"},\"query-input\":{\"@type\":\"PropertyValueSpecification\",\"valueRequired\":true,\"valueName\":\"search_term_string\"}}],\"inLanguage\":\"en-US\"},{\"@type\":\"Organization\",\"@id\":\"https:\\\/\\\/www.biopapa.lt\\\/#organization\",\"name\":\"Biopapa\",\"url\":\"https:\\\/\\\/www.biopapa.lt\\\/\",\"logo\":{\"@type\":\"ImageObject\",\"inLanguage\":\"en-US\",\"@id\":\"https:\\\/\\\/www.biopapa.lt\\\/#\\\/schema\\\/logo\\\/image\\\/\",\"url\":\"https:\\\/\\\/www.biopapa.lt\\\/wp-content\\\/uploads\\\/2022\\\/04\\\/facebook_biopapa.jpg\",\"contentUrl\":\"https:\\\/\\\/www.biopapa.lt\\\/wp-content\\\/uploads\\\/2022\\\/04\\\/facebook_biopapa.jpg\",\"width\":1733,\"height\":907,\"caption\":\"Biopapa\"},\"image\":{\"@id\":\"https:\\\/\\\/www.biopapa.lt\\\/#\\\/schema\\\/logo\\\/image\\\/\"},\"sameAs\":[\"https:\\\/\\\/www.facebook.com\\\/biopapa.lt\"]}]}<\/script>\n<!-- \/ Yoast SEO plugin. -->","yoast_head_json":{"title":"Organic chocolate with coconut milk and cane sugar, strawberry flavour, 80 g, SUPER FUDGIO - Biopapa","description":"Organic chocolate with coconut milk and cane sugar, strawberry flavour.","robots":{"index":"index","follow":"follow","max-snippet":"max-snippet:-1","max-image-preview":"max-image-preview:large","max-video-preview":"max-video-preview:-1"},"canonical":"https:\/\/www.biopapa.lt\/produktas\/ekologiskas-sokoladas-su-kokosu-pienu-ir-cukranendriu-cukrumi-braskiu-skonio-80-g-super-fudgio\/","og_locale":"en_US","og_type":"article","og_title":"Organic chocolate with coconut milk and cane sugar, strawberry flavour, 80 g, SUPER FUDGIO - Biopapa","og_description":"Organic chocolate with coconut milk and cane sugar, strawberry flavour.","og_url":"https:\/\/www.biopapa.lt\/produktas\/ekologiskas-sokoladas-su-kokosu-pienu-ir-cukranendriu-cukrumi-braskiu-skonio-80-g-super-fudgio\/","og_site_name":"Biopapa","article_publisher":"https:\/\/www.facebook.com\/biopapa.lt","article_modified_time":"2025-01-23T09:55:55+00:00","og_image":[{"width":800,"height":640,"url":"https:\/\/www.biopapa.lt\/wp-content\/uploads\/2025\/01\/Ekologiskas-sokoladas-su-kokosu-pienu-ir-cukranendriu-cukrumi-braskiu-skonio.png","type":"image\/png"}],"twitter_card":"summary_large_image","schema":{"@context":"https:\/\/schema.org","@graph":[{"@type":"WebPage","@id":"https:\/\/www.biopapa.lt\/produktas\/ekologiskas-sokoladas-su-kokosu-pienu-ir-cukranendriu-cukrumi-braskiu-skonio-80-g-super-fudgio\/","url":"https:\/\/www.biopapa.lt\/produktas\/ekologiskas-sokoladas-su-kokosu-pienu-ir-cukranendriu-cukrumi-braskiu-skonio-80-g-super-fudgio\/","name":"Organic chocolate with coconut milk and cane sugar, strawberry flavour, 80 g, SUPER FUDGIO - Biopapa","isPartOf":{"@id":"https:\/\/www.biopapa.lt\/#website"},"primaryImageOfPage":{"@id":"https:\/\/www.biopapa.lt\/produktas\/ekologiskas-sokoladas-su-kokosu-pienu-ir-cukranendriu-cukrumi-braskiu-skonio-80-g-super-fudgio\/#primaryimage"},"image":{"@id":"https:\/\/www.biopapa.lt\/produktas\/ekologiskas-sokoladas-su-kokosu-pienu-ir-cukranendriu-cukrumi-braskiu-skonio-80-g-super-fudgio\/#primaryimage"},"thumbnailUrl":"https:\/\/www.biopapa.lt\/wp-content\/uploads\/2025\/01\/Ekologiskas-sokoladas-su-kokosu-pienu-ir-cukranendriu-cukrumi-braskiu-skonio.png","datePublished":"2025-01-21T14:53:24+00:00","dateModified":"2025-01-23T09:55:55+00:00","description":"Organic chocolate with coconut milk and cane sugar, strawberry flavour.","breadcrumb":{"@id":"https:\/\/www.biopapa.lt\/produktas\/ekologiskas-sokoladas-su-kokosu-pienu-ir-cukranendriu-cukrumi-braskiu-skonio-80-g-super-fudgio\/#breadcrumb"},"inLanguage":"en-US","potentialAction":[{"@type":"ReadAction","target":["https:\/\/www.biopapa.lt\/produktas\/ekologiskas-sokoladas-su-kokosu-pienu-ir-cukranendriu-cukrumi-braskiu-skonio-80-g-super-fudgio\/"]}]},{"@type":"ImageObject","inLanguage":"en-US","@id":"https:\/\/www.biopapa.lt\/produktas\/ekologiskas-sokoladas-su-kokosu-pienu-ir-cukranendriu-cukrumi-braskiu-skonio-80-g-super-fudgio\/#primaryimage","url":"https:\/\/www.biopapa.lt\/wp-content\/uploads\/2025\/01\/Ekologiskas-sokoladas-su-kokosu-pienu-ir-cukranendriu-cukrumi-braskiu-skonio.png","contentUrl":"https:\/\/www.biopapa.lt\/wp-content\/uploads\/2025\/01\/Ekologiskas-sokoladas-su-kokosu-pienu-ir-cukranendriu-cukrumi-braskiu-skonio.png","width":800,"height":640},{"@type":"BreadcrumbList","@id":"https:\/\/www.biopapa.lt\/produktas\/ekologiskas-sokoladas-su-kokosu-pienu-ir-cukranendriu-cukrumi-braskiu-skonio-80-g-super-fudgio\/#breadcrumb","itemListElement":[{"@type":"ListItem","position":1,"name":"Home","item":"https:\/\/www.biopapa.lt\/en\/"},{"@type":"ListItem","position":2,"name":"Shop","item":"https:\/\/www.biopapa.lt\/en\/shop\/"},{"@type":"ListItem","position":3,"name":"Organic chocolate with coconut milk and cane sugar, strawberry flavour, 80 g, SUPER FUDGIO"}]},{"@type":"WebSite","@id":"https:\/\/www.biopapa.lt\/#website","url":"https:\/\/www.biopapa.lt\/","name":"Biopapa","description":"\u0160var\u016bs ekologi\u0161ki produktai","publisher":{"@id":"https:\/\/www.biopapa.lt\/#organization"},"potentialAction":[{"@type":"SearchAction","target":{"@type":"EntryPoint","urlTemplate":"https:\/\/www.biopapa.lt\/?s={search_term_string}"},"query-input":{"@type":"PropertyValueSpecification","valueRequired":true,"valueName":"search_term_string"}}],"inLanguage":"en-US"},{"@type":"Organization","@id":"https:\/\/www.biopapa.lt\/#organization","name":"Biopapa","url":"https:\/\/www.biopapa.lt\/","logo":{"@type":"ImageObject","inLanguage":"en-US","@id":"https:\/\/www.biopapa.lt\/#\/schema\/logo\/image\/","url":"https:\/\/www.biopapa.lt\/wp-content\/uploads\/2022\/04\/facebook_biopapa.jpg","contentUrl":"https:\/\/www.biopapa.lt\/wp-content\/uploads\/2022\/04\/facebook_biopapa.jpg","width":1733,"height":907,"caption":"Biopapa"},"image":{"@id":"https:\/\/www.biopapa.lt\/#\/schema\/logo\/image\/"},"sameAs":["https:\/\/www.facebook.com\/biopapa.lt"]}]}},"_links":{"self":[{"href":"https:\/\/www.biopapa.lt\/en\/wp-json\/wp\/v2\/product\/66789","targetHints":{"allow":["GET"]}}],"collection":[{"href":"https:\/\/www.biopapa.lt\/en\/wp-json\/wp\/v2\/product"}],"about":[{"href":"https:\/\/www.biopapa.lt\/en\/wp-json\/wp\/v2\/types\/product"}],"wp:featuredmedia":[{"embeddable":true,"href":"https:\/\/www.biopapa.lt\/en\/wp-json\/wp\/v2\/media\/66792"}],"wp:attachment":[{"href":"https:\/\/www.biopapa.lt\/en\/wp-json\/wp\/v2\/media?parent=66789"}],"wp:term":[{"taxonomy":"product_brand","embeddable":true,"href":"https:\/\/www.biopapa.lt\/en\/wp-json\/wp\/v2\/product_brand?post=66789"},{"taxonomy":"product_cat","embeddable":true,"href":"https:\/\/www.biopapa.lt\/en\/wp-json\/wp\/v2\/product_cat?post=66789"},{"taxonomy":"product_tag","embeddable":true,"href":"https:\/\/www.biopapa.lt\/en\/wp-json\/wp\/v2\/product_tag?post=66789"}],"curies":[{"name":"wp","href":"https:\/\/api.w.org\/{rel}","templated":true}]}}