{"id":65850,"date":"2025-01-20T12:43:48","date_gmt":"2025-01-20T10:43:48","guid":{"rendered":"https:\/\/www.biopapa.lt\/?post_type=product&#038;p=65850"},"modified":"2026-03-08T01:06:31","modified_gmt":"2026-03-07T23:06:31","slug":"organic-soap-ginger-and-lemon-100g-officina-dei-saponi","status":"publish","type":"product","link":"https:\/\/www.biopapa.lt\/en\/produktas\/organic-soap-ginger-and-lemon-100g-officina-dei-saponi\/","title":{"rendered":"Organic soap Ginger and Lemon, 100 g, Officina dei Saponi"},"content":{"rendered":"<p><strong>Organic soap Ginger and Lemon, 100 g, Officina dei Saponi<br \/>\n<\/strong>This handmade soap, made with organic extra virgin olive oil, is enriched with the emollient properties of organic cotton seed oil and sunflower oil.<br \/>\nGinger, with its revitalising, stimulating and antioxidant properties, combined with the cleansing power of lemon, gives your skin an intense sensation of toning freshness and deep cleansing.<br \/>\nIdeal for normal and acne-prone skin.<\/p>\n<p>Active ingredients<br \/>\n&#8211; Ginger &#8211; revitalising, stimulating and with antioxidant properties.<br \/>\n&#8211; Lemon &#8211; with strong cleansing properties.<br \/>\n&#8211; Extra virgin olive oil, cottonseed oil and sunflower oil &#8211; with emollient properties, rich in antioxidants and Vitamins A, B, C and E.<\/p>\n<p>Recommended for: giving your skin a feeling of freshness and purity.<\/p>\n","protected":false},"excerpt":{"rendered":"<p>Organic soap Ginger and Lemon, 100 g, Officina dei Saponi This handmade soap, made with organic extra virgin olive oil,<\/p>\n","protected":false},"featured_media":65867,"template":"","meta":{"_acf_changed":false},"product_brand":[],"product_cat":[1962,1967,2544],"product_tag":[2058,2088],"class_list":{"0":"post-65850","1":"product","2":"type-product","3":"status-publish","4":"has-post-thumbnail","6":"product_cat-beauty-and-hygiene","7":"product_cat-body-care","8":"product_cat-soap","9":"product_tag-body-care","10":"product_tag-vegan","12":"first","13":"instock","14":"shipping-taxable","15":"purchasable","16":"product-type-simple"},"acf":[],"yoast_head":"<!-- This site is optimized with the Yoast SEO plugin v27.5 - https:\/\/yoast.com\/product\/yoast-seo-wordpress\/ -->\n<title>Organic soap Ginger and Lemon, 100 g, Officina dei Saponi - Biopapa<\/title>\n<meta name=\"description\" content=\"Organic Ginger &amp; Lemon Soap is made from organic extra virgin olive oil and is enriched with the emollient properties of organic cotton seed oil and sunflower oil.\" \/>\n<meta name=\"robots\" content=\"index, follow, max-snippet:-1, max-image-preview:large, max-video-preview:-1\" \/>\n<link rel=\"canonical\" href=\"https:\/\/www.biopapa.lt\/en\/produktas\/organic-soap-ginger-and-lemon-100g-officina-dei-saponi\/\" \/>\n<meta property=\"og:locale\" content=\"en_US\" \/>\n<meta property=\"og:type\" content=\"article\" \/>\n<meta property=\"og:title\" content=\"Organic soap Ginger and Lemon, 100 g, Officina dei Saponi - Biopapa\" \/>\n<meta property=\"og:description\" content=\"Organic Ginger &amp; Lemon Soap is made from organic extra virgin olive oil and is enriched with the emollient properties of organic cotton seed oil and sunflower oil.\" \/>\n<meta property=\"og:url\" content=\"https:\/\/www.biopapa.lt\/en\/produktas\/organic-soap-ginger-and-lemon-100g-officina-dei-saponi\/\" \/>\n<meta property=\"og:site_name\" content=\"Biopapa\" \/>\n<meta property=\"article:publisher\" content=\"https:\/\/www.facebook.com\/biopapa.lt\" \/>\n<meta property=\"article:modified_time\" content=\"2026-03-07T23:06:31+00:00\" \/>\n<meta property=\"og:image\" content=\"https:\/\/www.biopapa.lt\/wp-content\/uploads\/2025\/01\/Ekologiskas-muilas-Imbieras-ir-Citrina-100-g-Officina-dei-Saponi.png\" \/>\n\t<meta property=\"og:image:width\" content=\"800\" \/>\n\t<meta property=\"og:image:height\" content=\"640\" \/>\n\t<meta property=\"og:image:type\" content=\"image\/png\" \/>\n<meta name=\"twitter:card\" content=\"summary_large_image\" \/>\n<script type=\"application\/ld+json\" class=\"yoast-schema-graph\">{\"@context\":\"https:\\\/\\\/schema.org\",\"@graph\":[{\"@type\":\"WebPage\",\"@id\":\"https:\\\/\\\/www.biopapa.lt\\\/en\\\/produktas\\\/organic-soap-ginger-and-lemon-100g-officina-dei-saponi\\\/\",\"url\":\"https:\\\/\\\/www.biopapa.lt\\\/en\\\/produktas\\\/organic-soap-ginger-and-lemon-100g-officina-dei-saponi\\\/\",\"name\":\"Organic soap Ginger and Lemon, 100 g, Officina dei Saponi - Biopapa\",\"isPartOf\":{\"@id\":\"https:\\\/\\\/www.biopapa.lt\\\/#website\"},\"primaryImageOfPage\":{\"@id\":\"https:\\\/\\\/www.biopapa.lt\\\/en\\\/produktas\\\/organic-soap-ginger-and-lemon-100g-officina-dei-saponi\\\/#primaryimage\"},\"image\":{\"@id\":\"https:\\\/\\\/www.biopapa.lt\\\/en\\\/produktas\\\/organic-soap-ginger-and-lemon-100g-officina-dei-saponi\\\/#primaryimage\"},\"thumbnailUrl\":\"https:\\\/\\\/www.biopapa.lt\\\/wp-content\\\/uploads\\\/2025\\\/01\\\/Ekologiskas-muilas-Imbieras-ir-Citrina-100-g-Officina-dei-Saponi.png\",\"datePublished\":\"2025-01-20T10:43:48+00:00\",\"dateModified\":\"2026-03-07T23:06:31+00:00\",\"description\":\"Organic Ginger & Lemon Soap is made from organic extra virgin olive oil and is enriched with the emollient properties of organic cotton seed oil and sunflower oil.\",\"breadcrumb\":{\"@id\":\"https:\\\/\\\/www.biopapa.lt\\\/en\\\/produktas\\\/organic-soap-ginger-and-lemon-100g-officina-dei-saponi\\\/#breadcrumb\"},\"inLanguage\":\"en-US\",\"potentialAction\":[{\"@type\":\"ReadAction\",\"target\":[\"https:\\\/\\\/www.biopapa.lt\\\/en\\\/produktas\\\/organic-soap-ginger-and-lemon-100g-officina-dei-saponi\\\/\"]}]},{\"@type\":\"ImageObject\",\"inLanguage\":\"en-US\",\"@id\":\"https:\\\/\\\/www.biopapa.lt\\\/en\\\/produktas\\\/organic-soap-ginger-and-lemon-100g-officina-dei-saponi\\\/#primaryimage\",\"url\":\"https:\\\/\\\/www.biopapa.lt\\\/wp-content\\\/uploads\\\/2025\\\/01\\\/Ekologiskas-muilas-Imbieras-ir-Citrina-100-g-Officina-dei-Saponi.png\",\"contentUrl\":\"https:\\\/\\\/www.biopapa.lt\\\/wp-content\\\/uploads\\\/2025\\\/01\\\/Ekologiskas-muilas-Imbieras-ir-Citrina-100-g-Officina-dei-Saponi.png\",\"width\":800,\"height\":640},{\"@type\":\"BreadcrumbList\",\"@id\":\"https:\\\/\\\/www.biopapa.lt\\\/en\\\/produktas\\\/organic-soap-ginger-and-lemon-100g-officina-dei-saponi\\\/#breadcrumb\",\"itemListElement\":[{\"@type\":\"ListItem\",\"position\":1,\"name\":\"Home\",\"item\":\"https:\\\/\\\/www.biopapa.lt\\\/en\\\/\"},{\"@type\":\"ListItem\",\"position\":2,\"name\":\"Shop\",\"item\":\"https:\\\/\\\/www.biopapa.lt\\\/en\\\/shop\\\/\"},{\"@type\":\"ListItem\",\"position\":3,\"name\":\"Organic soap Ginger and Lemon, 100 g, Officina dei Saponi\"}]},{\"@type\":\"WebSite\",\"@id\":\"https:\\\/\\\/www.biopapa.lt\\\/#website\",\"url\":\"https:\\\/\\\/www.biopapa.lt\\\/\",\"name\":\"Biopapa\",\"description\":\"\u0160var\u016bs ekologi\u0161ki produktai\",\"publisher\":{\"@id\":\"https:\\\/\\\/www.biopapa.lt\\\/#organization\"},\"potentialAction\":[{\"@type\":\"SearchAction\",\"target\":{\"@type\":\"EntryPoint\",\"urlTemplate\":\"https:\\\/\\\/www.biopapa.lt\\\/?s={search_term_string}\"},\"query-input\":{\"@type\":\"PropertyValueSpecification\",\"valueRequired\":true,\"valueName\":\"search_term_string\"}}],\"inLanguage\":\"en-US\"},{\"@type\":\"Organization\",\"@id\":\"https:\\\/\\\/www.biopapa.lt\\\/#organization\",\"name\":\"Biopapa\",\"url\":\"https:\\\/\\\/www.biopapa.lt\\\/\",\"logo\":{\"@type\":\"ImageObject\",\"inLanguage\":\"en-US\",\"@id\":\"https:\\\/\\\/www.biopapa.lt\\\/#\\\/schema\\\/logo\\\/image\\\/\",\"url\":\"https:\\\/\\\/www.biopapa.lt\\\/wp-content\\\/uploads\\\/2022\\\/04\\\/facebook_biopapa.jpg\",\"contentUrl\":\"https:\\\/\\\/www.biopapa.lt\\\/wp-content\\\/uploads\\\/2022\\\/04\\\/facebook_biopapa.jpg\",\"width\":1733,\"height\":907,\"caption\":\"Biopapa\"},\"image\":{\"@id\":\"https:\\\/\\\/www.biopapa.lt\\\/#\\\/schema\\\/logo\\\/image\\\/\"},\"sameAs\":[\"https:\\\/\\\/www.facebook.com\\\/biopapa.lt\"]}]}<\/script>\n<!-- \/ Yoast SEO plugin. -->","yoast_head_json":{"title":"Organic soap Ginger and Lemon, 100 g, Officina dei Saponi - Biopapa","description":"Organic Ginger & Lemon Soap is made from organic extra virgin olive oil and is enriched with the emollient properties of organic cotton seed oil and sunflower oil.","robots":{"index":"index","follow":"follow","max-snippet":"max-snippet:-1","max-image-preview":"max-image-preview:large","max-video-preview":"max-video-preview:-1"},"canonical":"https:\/\/www.biopapa.lt\/en\/produktas\/organic-soap-ginger-and-lemon-100g-officina-dei-saponi\/","og_locale":"en_US","og_type":"article","og_title":"Organic soap Ginger and Lemon, 100 g, Officina dei Saponi - Biopapa","og_description":"Organic Ginger & Lemon Soap is made from organic extra virgin olive oil and is enriched with the emollient properties of organic cotton seed oil and sunflower oil.","og_url":"https:\/\/www.biopapa.lt\/en\/produktas\/organic-soap-ginger-and-lemon-100g-officina-dei-saponi\/","og_site_name":"Biopapa","article_publisher":"https:\/\/www.facebook.com\/biopapa.lt","article_modified_time":"2026-03-07T23:06:31+00:00","og_image":[{"width":800,"height":640,"url":"https:\/\/www.biopapa.lt\/wp-content\/uploads\/2025\/01\/Ekologiskas-muilas-Imbieras-ir-Citrina-100-g-Officina-dei-Saponi.png","type":"image\/png"}],"twitter_card":"summary_large_image","schema":{"@context":"https:\/\/schema.org","@graph":[{"@type":"WebPage","@id":"https:\/\/www.biopapa.lt\/en\/produktas\/organic-soap-ginger-and-lemon-100g-officina-dei-saponi\/","url":"https:\/\/www.biopapa.lt\/en\/produktas\/organic-soap-ginger-and-lemon-100g-officina-dei-saponi\/","name":"Organic soap Ginger and Lemon, 100 g, Officina dei Saponi - Biopapa","isPartOf":{"@id":"https:\/\/www.biopapa.lt\/#website"},"primaryImageOfPage":{"@id":"https:\/\/www.biopapa.lt\/en\/produktas\/organic-soap-ginger-and-lemon-100g-officina-dei-saponi\/#primaryimage"},"image":{"@id":"https:\/\/www.biopapa.lt\/en\/produktas\/organic-soap-ginger-and-lemon-100g-officina-dei-saponi\/#primaryimage"},"thumbnailUrl":"https:\/\/www.biopapa.lt\/wp-content\/uploads\/2025\/01\/Ekologiskas-muilas-Imbieras-ir-Citrina-100-g-Officina-dei-Saponi.png","datePublished":"2025-01-20T10:43:48+00:00","dateModified":"2026-03-07T23:06:31+00:00","description":"Organic Ginger & Lemon Soap is made from organic extra virgin olive oil and is enriched with the emollient properties of organic cotton seed oil and sunflower oil.","breadcrumb":{"@id":"https:\/\/www.biopapa.lt\/en\/produktas\/organic-soap-ginger-and-lemon-100g-officina-dei-saponi\/#breadcrumb"},"inLanguage":"en-US","potentialAction":[{"@type":"ReadAction","target":["https:\/\/www.biopapa.lt\/en\/produktas\/organic-soap-ginger-and-lemon-100g-officina-dei-saponi\/"]}]},{"@type":"ImageObject","inLanguage":"en-US","@id":"https:\/\/www.biopapa.lt\/en\/produktas\/organic-soap-ginger-and-lemon-100g-officina-dei-saponi\/#primaryimage","url":"https:\/\/www.biopapa.lt\/wp-content\/uploads\/2025\/01\/Ekologiskas-muilas-Imbieras-ir-Citrina-100-g-Officina-dei-Saponi.png","contentUrl":"https:\/\/www.biopapa.lt\/wp-content\/uploads\/2025\/01\/Ekologiskas-muilas-Imbieras-ir-Citrina-100-g-Officina-dei-Saponi.png","width":800,"height":640},{"@type":"BreadcrumbList","@id":"https:\/\/www.biopapa.lt\/en\/produktas\/organic-soap-ginger-and-lemon-100g-officina-dei-saponi\/#breadcrumb","itemListElement":[{"@type":"ListItem","position":1,"name":"Home","item":"https:\/\/www.biopapa.lt\/en\/"},{"@type":"ListItem","position":2,"name":"Shop","item":"https:\/\/www.biopapa.lt\/en\/shop\/"},{"@type":"ListItem","position":3,"name":"Organic soap Ginger and Lemon, 100 g, Officina dei Saponi"}]},{"@type":"WebSite","@id":"https:\/\/www.biopapa.lt\/#website","url":"https:\/\/www.biopapa.lt\/","name":"Biopapa","description":"\u0160var\u016bs ekologi\u0161ki produktai","publisher":{"@id":"https:\/\/www.biopapa.lt\/#organization"},"potentialAction":[{"@type":"SearchAction","target":{"@type":"EntryPoint","urlTemplate":"https:\/\/www.biopapa.lt\/?s={search_term_string}"},"query-input":{"@type":"PropertyValueSpecification","valueRequired":true,"valueName":"search_term_string"}}],"inLanguage":"en-US"},{"@type":"Organization","@id":"https:\/\/www.biopapa.lt\/#organization","name":"Biopapa","url":"https:\/\/www.biopapa.lt\/","logo":{"@type":"ImageObject","inLanguage":"en-US","@id":"https:\/\/www.biopapa.lt\/#\/schema\/logo\/image\/","url":"https:\/\/www.biopapa.lt\/wp-content\/uploads\/2022\/04\/facebook_biopapa.jpg","contentUrl":"https:\/\/www.biopapa.lt\/wp-content\/uploads\/2022\/04\/facebook_biopapa.jpg","width":1733,"height":907,"caption":"Biopapa"},"image":{"@id":"https:\/\/www.biopapa.lt\/#\/schema\/logo\/image\/"},"sameAs":["https:\/\/www.facebook.com\/biopapa.lt"]}]}},"_links":{"self":[{"href":"https:\/\/www.biopapa.lt\/en\/wp-json\/wp\/v2\/product\/65850","targetHints":{"allow":["GET"]}}],"collection":[{"href":"https:\/\/www.biopapa.lt\/en\/wp-json\/wp\/v2\/product"}],"about":[{"href":"https:\/\/www.biopapa.lt\/en\/wp-json\/wp\/v2\/types\/product"}],"wp:featuredmedia":[{"embeddable":true,"href":"https:\/\/www.biopapa.lt\/en\/wp-json\/wp\/v2\/media\/65867"}],"wp:attachment":[{"href":"https:\/\/www.biopapa.lt\/en\/wp-json\/wp\/v2\/media?parent=65850"}],"wp:term":[{"taxonomy":"product_brand","embeddable":true,"href":"https:\/\/www.biopapa.lt\/en\/wp-json\/wp\/v2\/product_brand?post=65850"},{"taxonomy":"product_cat","embeddable":true,"href":"https:\/\/www.biopapa.lt\/en\/wp-json\/wp\/v2\/product_cat?post=65850"},{"taxonomy":"product_tag","embeddable":true,"href":"https:\/\/www.biopapa.lt\/en\/wp-json\/wp\/v2\/product_tag?post=65850"}],"curies":[{"name":"wp","href":"https:\/\/api.w.org\/{rel}","templated":true}]}}