{"id":64146,"date":"2025-01-16T12:27:16","date_gmt":"2025-01-16T10:27:16","guid":{"rendered":"https:\/\/www.biopapa.lt\/?post_type=product&#038;p=64146"},"modified":"2026-03-09T15:28:24","modified_gmt":"2026-03-09T13:28:24","slug":"pencil-deodorant-for-sensitive-skin-lemon-and-lime-40g-ben-and-anna","status":"publish","type":"product","link":"https:\/\/www.biopapa.lt\/en\/produktas\/pencil-deodorant-for-sensitive-skin-lemon-and-lime-40g-ben-and-anna\/","title":{"rendered":"Pencil deodorant for sensitive skin Lemon &amp; Lime, 40 g, BEN &amp; ANNA"},"content":{"rendered":"<p>A deodorant for sensitive skin, naturally effective and sustainably packaged!<br \/>\nRefreshing and light, Lemon &amp; Lime is the perfect way to start your day! This popular fragrance energises and refreshes with fruity, fresh citrus notes.<br \/>\nYou won&#8217;t find a gentler deodorant that really works! Instead of baking soda, our deodorants for sensitive skin use magnesium complex as an odour-absorbing ingredient.<br \/>\nReliably protects against moisture and odours<br \/>\nFree from palm oil, microplastics and aluminium<br \/>\nCertified Natural Cosmetics<br \/>\nNon-greasy and non-sticky<br \/>\nVegan<\/p>\n<p>Unique combinations of 100% natural essential oil fragrances provide a refreshing feeling of freshness that lasts all day. Instead of baking soda, the Sensitive Skin range uses magnesium complex as an odour-absorbing ingredient. This ingredient reliably protects against moisture and odours, while being extremely gentle on sensitive skin.<br \/>\nTogether with nourishing shea butter and valuable plant oils, you can pamper your underarms with a deodorant with a soft, creamy texture that is not greasy or sticky. The fully sustainable and recyclable paper tube ensures that our deodorants for sensitive skin are not only vegan and natural, but also a plastic-free alternative to conventional deodorants.   <\/p>\n","protected":false},"excerpt":{"rendered":"<p>A deodorant for sensitive skin, naturally effective and sustainably packaged! Refreshing and light, Lemon &amp; Lime is the perfect way<\/p>\n","protected":false},"featured_media":64619,"template":"","meta":{"_acf_changed":false},"product_brand":[],"product_cat":[1962,1967,2540],"product_tag":[2058,2088],"class_list":{"0":"post-64146","1":"product","2":"type-product","3":"status-publish","4":"has-post-thumbnail","6":"product_cat-beauty-and-hygiene","7":"product_cat-body-care","8":"product_cat-deodorants","9":"product_tag-body-care","10":"product_tag-vegan","12":"first","13":"instock","14":"shipping-taxable","15":"purchasable","16":"product-type-simple"},"acf":[],"yoast_head":"<!-- This site is optimized with the Yoast SEO plugin v27.4 - https:\/\/yoast.com\/product\/yoast-seo-wordpress\/ -->\n<title>Pencil deodorant for sensitive skin Lemon &amp; Lime, 40 g, BEN &amp; ANNA - Biopapa<\/title>\n<meta name=\"description\" content=\"A deodorant for sensitive skin that is naturally effective and sustainably packaged!Refreshing and light - Lemon &amp; Lime is the ideal choice to start your day! This popular fragrance energises and refreshes with fruity, fresh citrus notes.\" \/>\n<meta name=\"robots\" content=\"index, follow, max-snippet:-1, max-image-preview:large, max-video-preview:-1\" \/>\n<link rel=\"canonical\" href=\"https:\/\/www.biopapa.lt\/en\/produktas\/pencil-deodorant-for-sensitive-skin-lemon-and-lime-40g-ben-and-anna\/\" \/>\n<meta property=\"og:locale\" content=\"en_US\" \/>\n<meta property=\"og:type\" content=\"article\" \/>\n<meta property=\"og:title\" content=\"Pencil deodorant for sensitive skin Lemon &amp; Lime, 40 g, BEN &amp; ANNA - Biopapa\" \/>\n<meta property=\"og:description\" content=\"A deodorant for sensitive skin that is naturally effective and sustainably packaged!Refreshing and light - Lemon &amp; Lime is the ideal choice to start your day! This popular fragrance energises and refreshes with fruity, fresh citrus notes.\" \/>\n<meta property=\"og:url\" content=\"https:\/\/www.biopapa.lt\/en\/produktas\/pencil-deodorant-for-sensitive-skin-lemon-and-lime-40g-ben-and-anna\/\" \/>\n<meta property=\"og:site_name\" content=\"Biopapa\" \/>\n<meta property=\"article:publisher\" content=\"https:\/\/www.facebook.com\/biopapa.lt\" \/>\n<meta property=\"article:modified_time\" content=\"2026-03-09T13:28:24+00:00\" \/>\n<meta property=\"og:image\" content=\"https:\/\/www.biopapa.lt\/wp-content\/uploads\/2025\/01\/Piestukinis-dezodorantas-jautriai-odai-Lemon-Lime-1.png\" \/>\n\t<meta property=\"og:image:width\" content=\"800\" \/>\n\t<meta property=\"og:image:height\" content=\"640\" \/>\n\t<meta property=\"og:image:type\" content=\"image\/png\" \/>\n<meta name=\"twitter:card\" content=\"summary_large_image\" \/>\n<script type=\"application\/ld+json\" class=\"yoast-schema-graph\">{\"@context\":\"https:\\\/\\\/schema.org\",\"@graph\":[{\"@type\":\"WebPage\",\"@id\":\"https:\\\/\\\/www.biopapa.lt\\\/en\\\/produktas\\\/pencil-deodorant-for-sensitive-skin-lemon-and-lime-40g-ben-and-anna\\\/\",\"url\":\"https:\\\/\\\/www.biopapa.lt\\\/en\\\/produktas\\\/pencil-deodorant-for-sensitive-skin-lemon-and-lime-40g-ben-and-anna\\\/\",\"name\":\"Pencil deodorant for sensitive skin Lemon &amp; Lime, 40 g, BEN &amp; ANNA - Biopapa\",\"isPartOf\":{\"@id\":\"https:\\\/\\\/www.biopapa.lt\\\/#website\"},\"primaryImageOfPage\":{\"@id\":\"https:\\\/\\\/www.biopapa.lt\\\/en\\\/produktas\\\/pencil-deodorant-for-sensitive-skin-lemon-and-lime-40g-ben-and-anna\\\/#primaryimage\"},\"image\":{\"@id\":\"https:\\\/\\\/www.biopapa.lt\\\/en\\\/produktas\\\/pencil-deodorant-for-sensitive-skin-lemon-and-lime-40g-ben-and-anna\\\/#primaryimage\"},\"thumbnailUrl\":\"https:\\\/\\\/www.biopapa.lt\\\/wp-content\\\/uploads\\\/2025\\\/01\\\/Piestukinis-dezodorantas-jautriai-odai-Lemon-Lime-1.png\",\"datePublished\":\"2025-01-16T10:27:16+00:00\",\"dateModified\":\"2026-03-09T13:28:24+00:00\",\"description\":\"A deodorant for sensitive skin that is naturally effective and sustainably packaged!Refreshing and light - Lemon & Lime is the ideal choice to start your day! This popular fragrance energises and refreshes with fruity, fresh citrus notes.\",\"breadcrumb\":{\"@id\":\"https:\\\/\\\/www.biopapa.lt\\\/en\\\/produktas\\\/pencil-deodorant-for-sensitive-skin-lemon-and-lime-40g-ben-and-anna\\\/#breadcrumb\"},\"inLanguage\":\"en-US\",\"potentialAction\":[{\"@type\":\"ReadAction\",\"target\":[\"https:\\\/\\\/www.biopapa.lt\\\/en\\\/produktas\\\/pencil-deodorant-for-sensitive-skin-lemon-and-lime-40g-ben-and-anna\\\/\"]}]},{\"@type\":\"ImageObject\",\"inLanguage\":\"en-US\",\"@id\":\"https:\\\/\\\/www.biopapa.lt\\\/en\\\/produktas\\\/pencil-deodorant-for-sensitive-skin-lemon-and-lime-40g-ben-and-anna\\\/#primaryimage\",\"url\":\"https:\\\/\\\/www.biopapa.lt\\\/wp-content\\\/uploads\\\/2025\\\/01\\\/Piestukinis-dezodorantas-jautriai-odai-Lemon-Lime-1.png\",\"contentUrl\":\"https:\\\/\\\/www.biopapa.lt\\\/wp-content\\\/uploads\\\/2025\\\/01\\\/Piestukinis-dezodorantas-jautriai-odai-Lemon-Lime-1.png\",\"width\":800,\"height\":640},{\"@type\":\"BreadcrumbList\",\"@id\":\"https:\\\/\\\/www.biopapa.lt\\\/en\\\/produktas\\\/pencil-deodorant-for-sensitive-skin-lemon-and-lime-40g-ben-and-anna\\\/#breadcrumb\",\"itemListElement\":[{\"@type\":\"ListItem\",\"position\":1,\"name\":\"Home\",\"item\":\"https:\\\/\\\/www.biopapa.lt\\\/en\\\/\"},{\"@type\":\"ListItem\",\"position\":2,\"name\":\"Shop\",\"item\":\"https:\\\/\\\/www.biopapa.lt\\\/en\\\/shop\\\/\"},{\"@type\":\"ListItem\",\"position\":3,\"name\":\"Pencil deodorant for sensitive skin Lemon &amp; Lime, 40 g, BEN &amp; ANNA\"}]},{\"@type\":\"WebSite\",\"@id\":\"https:\\\/\\\/www.biopapa.lt\\\/#website\",\"url\":\"https:\\\/\\\/www.biopapa.lt\\\/\",\"name\":\"Biopapa\",\"description\":\"\u0160var\u016bs ekologi\u0161ki produktai\",\"publisher\":{\"@id\":\"https:\\\/\\\/www.biopapa.lt\\\/#organization\"},\"potentialAction\":[{\"@type\":\"SearchAction\",\"target\":{\"@type\":\"EntryPoint\",\"urlTemplate\":\"https:\\\/\\\/www.biopapa.lt\\\/?s={search_term_string}\"},\"query-input\":{\"@type\":\"PropertyValueSpecification\",\"valueRequired\":true,\"valueName\":\"search_term_string\"}}],\"inLanguage\":\"en-US\"},{\"@type\":\"Organization\",\"@id\":\"https:\\\/\\\/www.biopapa.lt\\\/#organization\",\"name\":\"Biopapa\",\"url\":\"https:\\\/\\\/www.biopapa.lt\\\/\",\"logo\":{\"@type\":\"ImageObject\",\"inLanguage\":\"en-US\",\"@id\":\"https:\\\/\\\/www.biopapa.lt\\\/#\\\/schema\\\/logo\\\/image\\\/\",\"url\":\"https:\\\/\\\/www.biopapa.lt\\\/wp-content\\\/uploads\\\/2022\\\/04\\\/facebook_biopapa.jpg\",\"contentUrl\":\"https:\\\/\\\/www.biopapa.lt\\\/wp-content\\\/uploads\\\/2022\\\/04\\\/facebook_biopapa.jpg\",\"width\":1733,\"height\":907,\"caption\":\"Biopapa\"},\"image\":{\"@id\":\"https:\\\/\\\/www.biopapa.lt\\\/#\\\/schema\\\/logo\\\/image\\\/\"},\"sameAs\":[\"https:\\\/\\\/www.facebook.com\\\/biopapa.lt\"]}]}<\/script>\n<!-- \/ Yoast SEO plugin. -->","yoast_head_json":{"title":"Pencil deodorant for sensitive skin Lemon &amp; Lime, 40 g, BEN &amp; ANNA - Biopapa","description":"A deodorant for sensitive skin that is naturally effective and sustainably packaged!Refreshing and light - Lemon & Lime is the ideal choice to start your day! This popular fragrance energises and refreshes with fruity, fresh citrus notes.","robots":{"index":"index","follow":"follow","max-snippet":"max-snippet:-1","max-image-preview":"max-image-preview:large","max-video-preview":"max-video-preview:-1"},"canonical":"https:\/\/www.biopapa.lt\/en\/produktas\/pencil-deodorant-for-sensitive-skin-lemon-and-lime-40g-ben-and-anna\/","og_locale":"en_US","og_type":"article","og_title":"Pencil deodorant for sensitive skin Lemon &amp; Lime, 40 g, BEN &amp; ANNA - Biopapa","og_description":"A deodorant for sensitive skin that is naturally effective and sustainably packaged!Refreshing and light - Lemon & Lime is the ideal choice to start your day! This popular fragrance energises and refreshes with fruity, fresh citrus notes.","og_url":"https:\/\/www.biopapa.lt\/en\/produktas\/pencil-deodorant-for-sensitive-skin-lemon-and-lime-40g-ben-and-anna\/","og_site_name":"Biopapa","article_publisher":"https:\/\/www.facebook.com\/biopapa.lt","article_modified_time":"2026-03-09T13:28:24+00:00","og_image":[{"width":800,"height":640,"url":"https:\/\/www.biopapa.lt\/wp-content\/uploads\/2025\/01\/Piestukinis-dezodorantas-jautriai-odai-Lemon-Lime-1.png","type":"image\/png"}],"twitter_card":"summary_large_image","schema":{"@context":"https:\/\/schema.org","@graph":[{"@type":"WebPage","@id":"https:\/\/www.biopapa.lt\/en\/produktas\/pencil-deodorant-for-sensitive-skin-lemon-and-lime-40g-ben-and-anna\/","url":"https:\/\/www.biopapa.lt\/en\/produktas\/pencil-deodorant-for-sensitive-skin-lemon-and-lime-40g-ben-and-anna\/","name":"Pencil deodorant for sensitive skin Lemon &amp; Lime, 40 g, BEN &amp; ANNA - Biopapa","isPartOf":{"@id":"https:\/\/www.biopapa.lt\/#website"},"primaryImageOfPage":{"@id":"https:\/\/www.biopapa.lt\/en\/produktas\/pencil-deodorant-for-sensitive-skin-lemon-and-lime-40g-ben-and-anna\/#primaryimage"},"image":{"@id":"https:\/\/www.biopapa.lt\/en\/produktas\/pencil-deodorant-for-sensitive-skin-lemon-and-lime-40g-ben-and-anna\/#primaryimage"},"thumbnailUrl":"https:\/\/www.biopapa.lt\/wp-content\/uploads\/2025\/01\/Piestukinis-dezodorantas-jautriai-odai-Lemon-Lime-1.png","datePublished":"2025-01-16T10:27:16+00:00","dateModified":"2026-03-09T13:28:24+00:00","description":"A deodorant for sensitive skin that is naturally effective and sustainably packaged!Refreshing and light - Lemon & Lime is the ideal choice to start your day! This popular fragrance energises and refreshes with fruity, fresh citrus notes.","breadcrumb":{"@id":"https:\/\/www.biopapa.lt\/en\/produktas\/pencil-deodorant-for-sensitive-skin-lemon-and-lime-40g-ben-and-anna\/#breadcrumb"},"inLanguage":"en-US","potentialAction":[{"@type":"ReadAction","target":["https:\/\/www.biopapa.lt\/en\/produktas\/pencil-deodorant-for-sensitive-skin-lemon-and-lime-40g-ben-and-anna\/"]}]},{"@type":"ImageObject","inLanguage":"en-US","@id":"https:\/\/www.biopapa.lt\/en\/produktas\/pencil-deodorant-for-sensitive-skin-lemon-and-lime-40g-ben-and-anna\/#primaryimage","url":"https:\/\/www.biopapa.lt\/wp-content\/uploads\/2025\/01\/Piestukinis-dezodorantas-jautriai-odai-Lemon-Lime-1.png","contentUrl":"https:\/\/www.biopapa.lt\/wp-content\/uploads\/2025\/01\/Piestukinis-dezodorantas-jautriai-odai-Lemon-Lime-1.png","width":800,"height":640},{"@type":"BreadcrumbList","@id":"https:\/\/www.biopapa.lt\/en\/produktas\/pencil-deodorant-for-sensitive-skin-lemon-and-lime-40g-ben-and-anna\/#breadcrumb","itemListElement":[{"@type":"ListItem","position":1,"name":"Home","item":"https:\/\/www.biopapa.lt\/en\/"},{"@type":"ListItem","position":2,"name":"Shop","item":"https:\/\/www.biopapa.lt\/en\/shop\/"},{"@type":"ListItem","position":3,"name":"Pencil deodorant for sensitive skin Lemon &amp; Lime, 40 g, BEN &amp; ANNA"}]},{"@type":"WebSite","@id":"https:\/\/www.biopapa.lt\/#website","url":"https:\/\/www.biopapa.lt\/","name":"Biopapa","description":"\u0160var\u016bs ekologi\u0161ki produktai","publisher":{"@id":"https:\/\/www.biopapa.lt\/#organization"},"potentialAction":[{"@type":"SearchAction","target":{"@type":"EntryPoint","urlTemplate":"https:\/\/www.biopapa.lt\/?s={search_term_string}"},"query-input":{"@type":"PropertyValueSpecification","valueRequired":true,"valueName":"search_term_string"}}],"inLanguage":"en-US"},{"@type":"Organization","@id":"https:\/\/www.biopapa.lt\/#organization","name":"Biopapa","url":"https:\/\/www.biopapa.lt\/","logo":{"@type":"ImageObject","inLanguage":"en-US","@id":"https:\/\/www.biopapa.lt\/#\/schema\/logo\/image\/","url":"https:\/\/www.biopapa.lt\/wp-content\/uploads\/2022\/04\/facebook_biopapa.jpg","contentUrl":"https:\/\/www.biopapa.lt\/wp-content\/uploads\/2022\/04\/facebook_biopapa.jpg","width":1733,"height":907,"caption":"Biopapa"},"image":{"@id":"https:\/\/www.biopapa.lt\/#\/schema\/logo\/image\/"},"sameAs":["https:\/\/www.facebook.com\/biopapa.lt"]}]}},"_links":{"self":[{"href":"https:\/\/www.biopapa.lt\/en\/wp-json\/wp\/v2\/product\/64146","targetHints":{"allow":["GET"]}}],"collection":[{"href":"https:\/\/www.biopapa.lt\/en\/wp-json\/wp\/v2\/product"}],"about":[{"href":"https:\/\/www.biopapa.lt\/en\/wp-json\/wp\/v2\/types\/product"}],"wp:featuredmedia":[{"embeddable":true,"href":"https:\/\/www.biopapa.lt\/en\/wp-json\/wp\/v2\/media\/64619"}],"wp:attachment":[{"href":"https:\/\/www.biopapa.lt\/en\/wp-json\/wp\/v2\/media?parent=64146"}],"wp:term":[{"taxonomy":"product_brand","embeddable":true,"href":"https:\/\/www.biopapa.lt\/en\/wp-json\/wp\/v2\/product_brand?post=64146"},{"taxonomy":"product_cat","embeddable":true,"href":"https:\/\/www.biopapa.lt\/en\/wp-json\/wp\/v2\/product_cat?post=64146"},{"taxonomy":"product_tag","embeddable":true,"href":"https:\/\/www.biopapa.lt\/en\/wp-json\/wp\/v2\/product_tag?post=64146"}],"curies":[{"name":"wp","href":"https:\/\/api.w.org\/{rel}","templated":true}]}}