{"id":63208,"date":"2025-01-14T14:12:58","date_gmt":"2025-01-14T12:12:58","guid":{"rendered":"https:\/\/www.biopapa.lt\/?post_type=product&#038;p=63208"},"modified":"2026-01-08T16:56:50","modified_gmt":"2026-01-08T14:56:50","slug":"reuteri-oat-drink-good-bacteria-concentrate-750ml","status":"publish","type":"product","link":"https:\/\/www.biopapa.lt\/en\/produktas\/reuteri-oat-drink-good-bacteria-concentrate-750ml\/","title":{"rendered":"Reuteri Oat Drink, good bacteria concentrate, 750ml"},"content":{"rendered":"<p><strong>Reuteri Fermented Oat Drink <\/strong> &#8211; made with the Lactobacillus reuteri strain of good bacteria, like all fermented products it is acidic. This concentrated drink can supplement the diet with good bacteria, enzymes and organic acids. GOOD BACTERIA COUNT: &gt; 1 \u00d7 10\u2079 CFU\/g.  <\/p>\n<p>Reuteri Fermented Oat Drink is fortified with lactobacillus reuteri good bacteria, enzymes, organic acids, unpasteurised, concentrated, vegan, non-GMO and lactose free.<br \/>\nWhen poured over food or diluted with water, it will feel acidic and the strength will vary depending on the amount of product used.<\/p>\n<p><strong>How to use?<br \/>\n<\/strong>Open the bottle before use.<br \/>\nWe recommend about 50 ml per day, but the amount can be adjusted according to personal need. If the drink seems too acidic, we recommend diluting it with water to the desired taste and consuming it with or after a meal.<br \/>\nRemember that this is not an ordinary drink, so don&#8217;t overdo it.<br \/>\nWe recommend that you add the undiluted product to taste to dishes such as vegetables, salads, porridges or fruit desserts. To preserve the good bacteria, it is important to add the product only to food that has cooled to a temperature of no more than 40 \u00b0C.  <\/p>\n","protected":false},"excerpt":{"rendered":"<p>Reuteri Fermented Oat Drink &#8211; made with the Lactobacillus reuteri strain of good bacteria, like all fermented products it is<\/p>\n","protected":false},"featured_media":234309,"template":"","meta":{"_acf_changed":false},"product_brand":[],"product_cat":[2378],"product_tag":[2088],"class_list":{"0":"post-63208","1":"product","2":"type-product","3":"status-publish","4":"has-post-thumbnail","6":"product_cat-drinks","7":"product_tag-vegan","9":"first","10":"instock","11":"shipping-taxable","12":"purchasable","13":"product-type-simple"},"acf":[],"yoast_head":"<!-- This site is optimized with the Yoast SEO plugin v27.4 - https:\/\/yoast.com\/product\/yoast-seo-wordpress\/ -->\n<title>Reuteri Oat Drink, good bacteria concentrate, 750ml - Biopapa<\/title>\n<meta name=\"description\" content=\"Reuteri Fermented Oat Drink is fortified with lactobacillus reuteri good bacteria, enzymes, organic acids, unpasteurised, concentrated, vegan, non-GMO and lactose-free.\" \/>\n<meta name=\"robots\" content=\"index, follow, max-snippet:-1, max-image-preview:large, max-video-preview:-1\" \/>\n<link rel=\"canonical\" href=\"https:\/\/www.biopapa.lt\/en\/produktas\/reuteri-oat-drink-good-bacteria-concentrate-750ml\/\" \/>\n<meta property=\"og:locale\" content=\"en_US\" \/>\n<meta property=\"og:type\" content=\"article\" \/>\n<meta property=\"og:title\" content=\"Reuteri Oat Drink, good bacteria concentrate, 750ml - Biopapa\" \/>\n<meta property=\"og:description\" content=\"Reuteri Fermented Oat Drink is fortified with lactobacillus reuteri good bacteria, enzymes, organic acids, unpasteurised, concentrated, vegan, non-GMO and lactose-free.\" \/>\n<meta property=\"og:url\" content=\"https:\/\/www.biopapa.lt\/en\/produktas\/reuteri-oat-drink-good-bacteria-concentrate-750ml\/\" \/>\n<meta property=\"og:site_name\" content=\"Biopapa\" \/>\n<meta property=\"article:publisher\" content=\"https:\/\/www.facebook.com\/biopapa.lt\" \/>\n<meta property=\"article:modified_time\" content=\"2026-01-08T14:56:50+00:00\" \/>\n<meta property=\"og:image\" content=\"https:\/\/www.biopapa.lt\/wp-content\/uploads\/2025\/01\/Reuteri-avizu-gerimas-geruju-bakteriju-koncentratas-750ml.png\" \/>\n\t<meta property=\"og:image:width\" content=\"800\" \/>\n\t<meta property=\"og:image:height\" content=\"640\" \/>\n\t<meta property=\"og:image:type\" content=\"image\/png\" \/>\n<meta name=\"twitter:card\" content=\"summary_large_image\" \/>\n<script type=\"application\/ld+json\" class=\"yoast-schema-graph\">{\"@context\":\"https:\\\/\\\/schema.org\",\"@graph\":[{\"@type\":\"WebPage\",\"@id\":\"https:\\\/\\\/www.biopapa.lt\\\/en\\\/produktas\\\/reuteri-oat-drink-good-bacteria-concentrate-750ml\\\/\",\"url\":\"https:\\\/\\\/www.biopapa.lt\\\/en\\\/produktas\\\/reuteri-oat-drink-good-bacteria-concentrate-750ml\\\/\",\"name\":\"Reuteri Oat Drink, good bacteria concentrate, 750ml - Biopapa\",\"isPartOf\":{\"@id\":\"https:\\\/\\\/www.biopapa.lt\\\/#website\"},\"primaryImageOfPage\":{\"@id\":\"https:\\\/\\\/www.biopapa.lt\\\/en\\\/produktas\\\/reuteri-oat-drink-good-bacteria-concentrate-750ml\\\/#primaryimage\"},\"image\":{\"@id\":\"https:\\\/\\\/www.biopapa.lt\\\/en\\\/produktas\\\/reuteri-oat-drink-good-bacteria-concentrate-750ml\\\/#primaryimage\"},\"thumbnailUrl\":\"https:\\\/\\\/www.biopapa.lt\\\/wp-content\\\/uploads\\\/2025\\\/01\\\/Reuteri-avizu-gerimas-geruju-bakteriju-koncentratas-750ml.png\",\"datePublished\":\"2025-01-14T12:12:58+00:00\",\"dateModified\":\"2026-01-08T14:56:50+00:00\",\"description\":\"Reuteri Fermented Oat Drink is fortified with lactobacillus reuteri good bacteria, enzymes, organic acids, unpasteurised, concentrated, vegan, non-GMO and lactose-free.\",\"breadcrumb\":{\"@id\":\"https:\\\/\\\/www.biopapa.lt\\\/en\\\/produktas\\\/reuteri-oat-drink-good-bacteria-concentrate-750ml\\\/#breadcrumb\"},\"inLanguage\":\"en-US\",\"potentialAction\":[{\"@type\":\"ReadAction\",\"target\":[\"https:\\\/\\\/www.biopapa.lt\\\/en\\\/produktas\\\/reuteri-oat-drink-good-bacteria-concentrate-750ml\\\/\"]}]},{\"@type\":\"ImageObject\",\"inLanguage\":\"en-US\",\"@id\":\"https:\\\/\\\/www.biopapa.lt\\\/en\\\/produktas\\\/reuteri-oat-drink-good-bacteria-concentrate-750ml\\\/#primaryimage\",\"url\":\"https:\\\/\\\/www.biopapa.lt\\\/wp-content\\\/uploads\\\/2025\\\/01\\\/Reuteri-avizu-gerimas-geruju-bakteriju-koncentratas-750ml.png\",\"contentUrl\":\"https:\\\/\\\/www.biopapa.lt\\\/wp-content\\\/uploads\\\/2025\\\/01\\\/Reuteri-avizu-gerimas-geruju-bakteriju-koncentratas-750ml.png\",\"width\":800,\"height\":640},{\"@type\":\"BreadcrumbList\",\"@id\":\"https:\\\/\\\/www.biopapa.lt\\\/en\\\/produktas\\\/reuteri-oat-drink-good-bacteria-concentrate-750ml\\\/#breadcrumb\",\"itemListElement\":[{\"@type\":\"ListItem\",\"position\":1,\"name\":\"Home\",\"item\":\"https:\\\/\\\/www.biopapa.lt\\\/en\\\/\"},{\"@type\":\"ListItem\",\"position\":2,\"name\":\"Shop\",\"item\":\"https:\\\/\\\/www.biopapa.lt\\\/en\\\/shop\\\/\"},{\"@type\":\"ListItem\",\"position\":3,\"name\":\"Reuteri Oat Drink, good bacteria concentrate, 750ml\"}]},{\"@type\":\"WebSite\",\"@id\":\"https:\\\/\\\/www.biopapa.lt\\\/#website\",\"url\":\"https:\\\/\\\/www.biopapa.lt\\\/\",\"name\":\"Biopapa\",\"description\":\"\u0160var\u016bs ekologi\u0161ki produktai\",\"publisher\":{\"@id\":\"https:\\\/\\\/www.biopapa.lt\\\/#organization\"},\"potentialAction\":[{\"@type\":\"SearchAction\",\"target\":{\"@type\":\"EntryPoint\",\"urlTemplate\":\"https:\\\/\\\/www.biopapa.lt\\\/?s={search_term_string}\"},\"query-input\":{\"@type\":\"PropertyValueSpecification\",\"valueRequired\":true,\"valueName\":\"search_term_string\"}}],\"inLanguage\":\"en-US\"},{\"@type\":\"Organization\",\"@id\":\"https:\\\/\\\/www.biopapa.lt\\\/#organization\",\"name\":\"Biopapa\",\"url\":\"https:\\\/\\\/www.biopapa.lt\\\/\",\"logo\":{\"@type\":\"ImageObject\",\"inLanguage\":\"en-US\",\"@id\":\"https:\\\/\\\/www.biopapa.lt\\\/#\\\/schema\\\/logo\\\/image\\\/\",\"url\":\"https:\\\/\\\/www.biopapa.lt\\\/wp-content\\\/uploads\\\/2022\\\/04\\\/facebook_biopapa.jpg\",\"contentUrl\":\"https:\\\/\\\/www.biopapa.lt\\\/wp-content\\\/uploads\\\/2022\\\/04\\\/facebook_biopapa.jpg\",\"width\":1733,\"height\":907,\"caption\":\"Biopapa\"},\"image\":{\"@id\":\"https:\\\/\\\/www.biopapa.lt\\\/#\\\/schema\\\/logo\\\/image\\\/\"},\"sameAs\":[\"https:\\\/\\\/www.facebook.com\\\/biopapa.lt\"]}]}<\/script>\n<!-- \/ Yoast SEO plugin. -->","yoast_head_json":{"title":"Reuteri Oat Drink, good bacteria concentrate, 750ml - Biopapa","description":"Reuteri Fermented Oat Drink is fortified with lactobacillus reuteri good bacteria, enzymes, organic acids, unpasteurised, concentrated, vegan, non-GMO and lactose-free.","robots":{"index":"index","follow":"follow","max-snippet":"max-snippet:-1","max-image-preview":"max-image-preview:large","max-video-preview":"max-video-preview:-1"},"canonical":"https:\/\/www.biopapa.lt\/en\/produktas\/reuteri-oat-drink-good-bacteria-concentrate-750ml\/","og_locale":"en_US","og_type":"article","og_title":"Reuteri Oat Drink, good bacteria concentrate, 750ml - Biopapa","og_description":"Reuteri Fermented Oat Drink is fortified with lactobacillus reuteri good bacteria, enzymes, organic acids, unpasteurised, concentrated, vegan, non-GMO and lactose-free.","og_url":"https:\/\/www.biopapa.lt\/en\/produktas\/reuteri-oat-drink-good-bacteria-concentrate-750ml\/","og_site_name":"Biopapa","article_publisher":"https:\/\/www.facebook.com\/biopapa.lt","article_modified_time":"2026-01-08T14:56:50+00:00","og_image":[{"width":800,"height":640,"url":"https:\/\/www.biopapa.lt\/wp-content\/uploads\/2025\/01\/Reuteri-avizu-gerimas-geruju-bakteriju-koncentratas-750ml.png","type":"image\/png"}],"twitter_card":"summary_large_image","schema":{"@context":"https:\/\/schema.org","@graph":[{"@type":"WebPage","@id":"https:\/\/www.biopapa.lt\/en\/produktas\/reuteri-oat-drink-good-bacteria-concentrate-750ml\/","url":"https:\/\/www.biopapa.lt\/en\/produktas\/reuteri-oat-drink-good-bacteria-concentrate-750ml\/","name":"Reuteri Oat Drink, good bacteria concentrate, 750ml - Biopapa","isPartOf":{"@id":"https:\/\/www.biopapa.lt\/#website"},"primaryImageOfPage":{"@id":"https:\/\/www.biopapa.lt\/en\/produktas\/reuteri-oat-drink-good-bacteria-concentrate-750ml\/#primaryimage"},"image":{"@id":"https:\/\/www.biopapa.lt\/en\/produktas\/reuteri-oat-drink-good-bacteria-concentrate-750ml\/#primaryimage"},"thumbnailUrl":"https:\/\/www.biopapa.lt\/wp-content\/uploads\/2025\/01\/Reuteri-avizu-gerimas-geruju-bakteriju-koncentratas-750ml.png","datePublished":"2025-01-14T12:12:58+00:00","dateModified":"2026-01-08T14:56:50+00:00","description":"Reuteri Fermented Oat Drink is fortified with lactobacillus reuteri good bacteria, enzymes, organic acids, unpasteurised, concentrated, vegan, non-GMO and lactose-free.","breadcrumb":{"@id":"https:\/\/www.biopapa.lt\/en\/produktas\/reuteri-oat-drink-good-bacteria-concentrate-750ml\/#breadcrumb"},"inLanguage":"en-US","potentialAction":[{"@type":"ReadAction","target":["https:\/\/www.biopapa.lt\/en\/produktas\/reuteri-oat-drink-good-bacteria-concentrate-750ml\/"]}]},{"@type":"ImageObject","inLanguage":"en-US","@id":"https:\/\/www.biopapa.lt\/en\/produktas\/reuteri-oat-drink-good-bacteria-concentrate-750ml\/#primaryimage","url":"https:\/\/www.biopapa.lt\/wp-content\/uploads\/2025\/01\/Reuteri-avizu-gerimas-geruju-bakteriju-koncentratas-750ml.png","contentUrl":"https:\/\/www.biopapa.lt\/wp-content\/uploads\/2025\/01\/Reuteri-avizu-gerimas-geruju-bakteriju-koncentratas-750ml.png","width":800,"height":640},{"@type":"BreadcrumbList","@id":"https:\/\/www.biopapa.lt\/en\/produktas\/reuteri-oat-drink-good-bacteria-concentrate-750ml\/#breadcrumb","itemListElement":[{"@type":"ListItem","position":1,"name":"Home","item":"https:\/\/www.biopapa.lt\/en\/"},{"@type":"ListItem","position":2,"name":"Shop","item":"https:\/\/www.biopapa.lt\/en\/shop\/"},{"@type":"ListItem","position":3,"name":"Reuteri Oat Drink, good bacteria concentrate, 750ml"}]},{"@type":"WebSite","@id":"https:\/\/www.biopapa.lt\/#website","url":"https:\/\/www.biopapa.lt\/","name":"Biopapa","description":"\u0160var\u016bs ekologi\u0161ki produktai","publisher":{"@id":"https:\/\/www.biopapa.lt\/#organization"},"potentialAction":[{"@type":"SearchAction","target":{"@type":"EntryPoint","urlTemplate":"https:\/\/www.biopapa.lt\/?s={search_term_string}"},"query-input":{"@type":"PropertyValueSpecification","valueRequired":true,"valueName":"search_term_string"}}],"inLanguage":"en-US"},{"@type":"Organization","@id":"https:\/\/www.biopapa.lt\/#organization","name":"Biopapa","url":"https:\/\/www.biopapa.lt\/","logo":{"@type":"ImageObject","inLanguage":"en-US","@id":"https:\/\/www.biopapa.lt\/#\/schema\/logo\/image\/","url":"https:\/\/www.biopapa.lt\/wp-content\/uploads\/2022\/04\/facebook_biopapa.jpg","contentUrl":"https:\/\/www.biopapa.lt\/wp-content\/uploads\/2022\/04\/facebook_biopapa.jpg","width":1733,"height":907,"caption":"Biopapa"},"image":{"@id":"https:\/\/www.biopapa.lt\/#\/schema\/logo\/image\/"},"sameAs":["https:\/\/www.facebook.com\/biopapa.lt"]}]}},"_links":{"self":[{"href":"https:\/\/www.biopapa.lt\/en\/wp-json\/wp\/v2\/product\/63208","targetHints":{"allow":["GET"]}}],"collection":[{"href":"https:\/\/www.biopapa.lt\/en\/wp-json\/wp\/v2\/product"}],"about":[{"href":"https:\/\/www.biopapa.lt\/en\/wp-json\/wp\/v2\/types\/product"}],"wp:featuredmedia":[{"embeddable":true,"href":"https:\/\/www.biopapa.lt\/en\/wp-json\/wp\/v2\/media\/234309"}],"wp:attachment":[{"href":"https:\/\/www.biopapa.lt\/en\/wp-json\/wp\/v2\/media?parent=63208"}],"wp:term":[{"taxonomy":"product_brand","embeddable":true,"href":"https:\/\/www.biopapa.lt\/en\/wp-json\/wp\/v2\/product_brand?post=63208"},{"taxonomy":"product_cat","embeddable":true,"href":"https:\/\/www.biopapa.lt\/en\/wp-json\/wp\/v2\/product_cat?post=63208"},{"taxonomy":"product_tag","embeddable":true,"href":"https:\/\/www.biopapa.lt\/en\/wp-json\/wp\/v2\/product_tag?post=63208"}],"curies":[{"name":"wp","href":"https:\/\/api.w.org\/{rel}","templated":true}]}}