{"id":62160,"date":"2024-12-20T14:29:53","date_gmt":"2024-12-20T12:29:53","guid":{"rendered":"https:\/\/www.biopapa.lt\/?post_type=product&#038;p=62160"},"modified":"2026-03-06T23:58:10","modified_gmt":"2026-03-06T21:58:10","slug":"organic-lip-balm-rose-alteya","status":"publish","type":"product","link":"https:\/\/www.biopapa.lt\/en\/produktas\/organic-lip-balm-rose-alteya\/","title":{"rendered":"Organic lip balm Rose, ALTEYA"},"content":{"rendered":"<p><strong>Organic Lip Balm Rose, ALTEYA<\/strong> intensively moisturises, nourishes and repairs sensitive skin, revealing soft, beautiful and youthful lips. Sweetly scented Rose Oil immediately softens the skin while restoring its texture and revealing extraordinarily soft, kissable lips. Benefits:<br \/>\n&#8211; Provides hydration<br \/>\n&#8211; Softens and soothes<br \/>\n&#8211; Helps care for chapped lips<br \/>\n&#8211; Protects against bad weather Use as needed. Apply regularly for best results.<br \/>\nBest for: protecting, softening, soothing<br \/>\nRecommended for: dry, dehydrated lips.<br \/>\nCapacity 4.5 g \/ <\/p>\n","protected":false},"excerpt":{"rendered":"<p>Organic Lip Balm Rose, ALTEYA intensively moisturises, nourishes and repairs sensitive skin, revealing soft, beautiful and youthful lips. Sweetly scented<\/p>\n","protected":false},"featured_media":62163,"template":"","meta":{"_acf_changed":false},"product_brand":[],"product_cat":[2492,1962,1971],"product_tag":[2090],"class_list":{"0":"post-62160","1":"product","2":"type-product","3":"status-publish","4":"has-post-thumbnail","6":"product_cat-alteya-en","7":"product_cat-beauty-and-hygiene","8":"product_cat-facial-care","9":"product_tag-facial-care","11":"first","12":"instock","13":"shipping-taxable","14":"purchasable","15":"product-type-simple"},"acf":[],"yoast_head":"<!-- This site is optimized with the Yoast SEO plugin v27.5 - https:\/\/yoast.com\/product\/yoast-seo-wordpress\/ -->\n<title>Organic lip balm Rose, ALTEYA - Biopapa<\/title>\n<meta name=\"description\" content=\"Organic Lip Balm Rose, ALTEYA intensively moisturises, nourishes and repairs sensitive skin, revealing soft, beautiful and youthful lips.\" \/>\n<meta name=\"robots\" content=\"index, follow, max-snippet:-1, max-image-preview:large, max-video-preview:-1\" \/>\n<link rel=\"canonical\" href=\"https:\/\/www.biopapa.lt\/en\/produktas\/organic-lip-balm-rose-alteya\/\" \/>\n<meta property=\"og:locale\" content=\"en_US\" \/>\n<meta property=\"og:type\" content=\"article\" \/>\n<meta property=\"og:title\" content=\"Organic lip balm Rose, ALTEYA - Biopapa\" \/>\n<meta property=\"og:description\" content=\"Organic Lip Balm Rose, ALTEYA intensively moisturises, nourishes and repairs sensitive skin, revealing soft, beautiful and youthful lips.\" \/>\n<meta property=\"og:url\" content=\"https:\/\/www.biopapa.lt\/en\/produktas\/organic-lip-balm-rose-alteya\/\" \/>\n<meta property=\"og:site_name\" content=\"Biopapa\" \/>\n<meta property=\"article:publisher\" content=\"https:\/\/www.facebook.com\/biopapa.lt\" \/>\n<meta property=\"article:modified_time\" content=\"2026-03-06T21:58:10+00:00\" \/>\n<meta property=\"og:image\" content=\"https:\/\/www.biopapa.lt\/wp-content\/uploads\/2024\/12\/Ekologiskas-lupu-balzamas-Roze-ALTEYA.png\" \/>\n\t<meta property=\"og:image:width\" content=\"800\" \/>\n\t<meta property=\"og:image:height\" content=\"640\" \/>\n\t<meta property=\"og:image:type\" content=\"image\/png\" \/>\n<meta name=\"twitter:card\" content=\"summary_large_image\" \/>\n<script type=\"application\/ld+json\" class=\"yoast-schema-graph\">{\"@context\":\"https:\\\/\\\/schema.org\",\"@graph\":[{\"@type\":\"WebPage\",\"@id\":\"https:\\\/\\\/www.biopapa.lt\\\/en\\\/produktas\\\/organic-lip-balm-rose-alteya\\\/\",\"url\":\"https:\\\/\\\/www.biopapa.lt\\\/en\\\/produktas\\\/organic-lip-balm-rose-alteya\\\/\",\"name\":\"Organic lip balm Rose, ALTEYA - Biopapa\",\"isPartOf\":{\"@id\":\"https:\\\/\\\/www.biopapa.lt\\\/#website\"},\"primaryImageOfPage\":{\"@id\":\"https:\\\/\\\/www.biopapa.lt\\\/en\\\/produktas\\\/organic-lip-balm-rose-alteya\\\/#primaryimage\"},\"image\":{\"@id\":\"https:\\\/\\\/www.biopapa.lt\\\/en\\\/produktas\\\/organic-lip-balm-rose-alteya\\\/#primaryimage\"},\"thumbnailUrl\":\"https:\\\/\\\/www.biopapa.lt\\\/wp-content\\\/uploads\\\/2024\\\/12\\\/Ekologiskas-lupu-balzamas-Roze-ALTEYA.png\",\"datePublished\":\"2024-12-20T12:29:53+00:00\",\"dateModified\":\"2026-03-06T21:58:10+00:00\",\"description\":\"Organic Lip Balm Rose, ALTEYA intensively moisturises, nourishes and repairs sensitive skin, revealing soft, beautiful and youthful lips.\",\"breadcrumb\":{\"@id\":\"https:\\\/\\\/www.biopapa.lt\\\/en\\\/produktas\\\/organic-lip-balm-rose-alteya\\\/#breadcrumb\"},\"inLanguage\":\"en-US\",\"potentialAction\":[{\"@type\":\"ReadAction\",\"target\":[\"https:\\\/\\\/www.biopapa.lt\\\/en\\\/produktas\\\/organic-lip-balm-rose-alteya\\\/\"]}]},{\"@type\":\"ImageObject\",\"inLanguage\":\"en-US\",\"@id\":\"https:\\\/\\\/www.biopapa.lt\\\/en\\\/produktas\\\/organic-lip-balm-rose-alteya\\\/#primaryimage\",\"url\":\"https:\\\/\\\/www.biopapa.lt\\\/wp-content\\\/uploads\\\/2024\\\/12\\\/Ekologiskas-lupu-balzamas-Roze-ALTEYA.png\",\"contentUrl\":\"https:\\\/\\\/www.biopapa.lt\\\/wp-content\\\/uploads\\\/2024\\\/12\\\/Ekologiskas-lupu-balzamas-Roze-ALTEYA.png\",\"width\":800,\"height\":640},{\"@type\":\"BreadcrumbList\",\"@id\":\"https:\\\/\\\/www.biopapa.lt\\\/en\\\/produktas\\\/organic-lip-balm-rose-alteya\\\/#breadcrumb\",\"itemListElement\":[{\"@type\":\"ListItem\",\"position\":1,\"name\":\"Home\",\"item\":\"https:\\\/\\\/www.biopapa.lt\\\/en\\\/\"},{\"@type\":\"ListItem\",\"position\":2,\"name\":\"Shop\",\"item\":\"https:\\\/\\\/www.biopapa.lt\\\/en\\\/shop\\\/\"},{\"@type\":\"ListItem\",\"position\":3,\"name\":\"Organic lip balm Rose, ALTEYA\"}]},{\"@type\":\"WebSite\",\"@id\":\"https:\\\/\\\/www.biopapa.lt\\\/#website\",\"url\":\"https:\\\/\\\/www.biopapa.lt\\\/\",\"name\":\"Biopapa\",\"description\":\"\u0160var\u016bs ekologi\u0161ki produktai\",\"publisher\":{\"@id\":\"https:\\\/\\\/www.biopapa.lt\\\/#organization\"},\"potentialAction\":[{\"@type\":\"SearchAction\",\"target\":{\"@type\":\"EntryPoint\",\"urlTemplate\":\"https:\\\/\\\/www.biopapa.lt\\\/?s={search_term_string}\"},\"query-input\":{\"@type\":\"PropertyValueSpecification\",\"valueRequired\":true,\"valueName\":\"search_term_string\"}}],\"inLanguage\":\"en-US\"},{\"@type\":\"Organization\",\"@id\":\"https:\\\/\\\/www.biopapa.lt\\\/#organization\",\"name\":\"Biopapa\",\"url\":\"https:\\\/\\\/www.biopapa.lt\\\/\",\"logo\":{\"@type\":\"ImageObject\",\"inLanguage\":\"en-US\",\"@id\":\"https:\\\/\\\/www.biopapa.lt\\\/#\\\/schema\\\/logo\\\/image\\\/\",\"url\":\"https:\\\/\\\/www.biopapa.lt\\\/wp-content\\\/uploads\\\/2022\\\/04\\\/facebook_biopapa.jpg\",\"contentUrl\":\"https:\\\/\\\/www.biopapa.lt\\\/wp-content\\\/uploads\\\/2022\\\/04\\\/facebook_biopapa.jpg\",\"width\":1733,\"height\":907,\"caption\":\"Biopapa\"},\"image\":{\"@id\":\"https:\\\/\\\/www.biopapa.lt\\\/#\\\/schema\\\/logo\\\/image\\\/\"},\"sameAs\":[\"https:\\\/\\\/www.facebook.com\\\/biopapa.lt\"]}]}<\/script>\n<!-- \/ Yoast SEO plugin. -->","yoast_head_json":{"title":"Organic lip balm Rose, ALTEYA - Biopapa","description":"Organic Lip Balm Rose, ALTEYA intensively moisturises, nourishes and repairs sensitive skin, revealing soft, beautiful and youthful lips.","robots":{"index":"index","follow":"follow","max-snippet":"max-snippet:-1","max-image-preview":"max-image-preview:large","max-video-preview":"max-video-preview:-1"},"canonical":"https:\/\/www.biopapa.lt\/en\/produktas\/organic-lip-balm-rose-alteya\/","og_locale":"en_US","og_type":"article","og_title":"Organic lip balm Rose, ALTEYA - Biopapa","og_description":"Organic Lip Balm Rose, ALTEYA intensively moisturises, nourishes and repairs sensitive skin, revealing soft, beautiful and youthful lips.","og_url":"https:\/\/www.biopapa.lt\/en\/produktas\/organic-lip-balm-rose-alteya\/","og_site_name":"Biopapa","article_publisher":"https:\/\/www.facebook.com\/biopapa.lt","article_modified_time":"2026-03-06T21:58:10+00:00","og_image":[{"width":800,"height":640,"url":"https:\/\/www.biopapa.lt\/wp-content\/uploads\/2024\/12\/Ekologiskas-lupu-balzamas-Roze-ALTEYA.png","type":"image\/png"}],"twitter_card":"summary_large_image","schema":{"@context":"https:\/\/schema.org","@graph":[{"@type":"WebPage","@id":"https:\/\/www.biopapa.lt\/en\/produktas\/organic-lip-balm-rose-alteya\/","url":"https:\/\/www.biopapa.lt\/en\/produktas\/organic-lip-balm-rose-alteya\/","name":"Organic lip balm Rose, ALTEYA - Biopapa","isPartOf":{"@id":"https:\/\/www.biopapa.lt\/#website"},"primaryImageOfPage":{"@id":"https:\/\/www.biopapa.lt\/en\/produktas\/organic-lip-balm-rose-alteya\/#primaryimage"},"image":{"@id":"https:\/\/www.biopapa.lt\/en\/produktas\/organic-lip-balm-rose-alteya\/#primaryimage"},"thumbnailUrl":"https:\/\/www.biopapa.lt\/wp-content\/uploads\/2024\/12\/Ekologiskas-lupu-balzamas-Roze-ALTEYA.png","datePublished":"2024-12-20T12:29:53+00:00","dateModified":"2026-03-06T21:58:10+00:00","description":"Organic Lip Balm Rose, ALTEYA intensively moisturises, nourishes and repairs sensitive skin, revealing soft, beautiful and youthful lips.","breadcrumb":{"@id":"https:\/\/www.biopapa.lt\/en\/produktas\/organic-lip-balm-rose-alteya\/#breadcrumb"},"inLanguage":"en-US","potentialAction":[{"@type":"ReadAction","target":["https:\/\/www.biopapa.lt\/en\/produktas\/organic-lip-balm-rose-alteya\/"]}]},{"@type":"ImageObject","inLanguage":"en-US","@id":"https:\/\/www.biopapa.lt\/en\/produktas\/organic-lip-balm-rose-alteya\/#primaryimage","url":"https:\/\/www.biopapa.lt\/wp-content\/uploads\/2024\/12\/Ekologiskas-lupu-balzamas-Roze-ALTEYA.png","contentUrl":"https:\/\/www.biopapa.lt\/wp-content\/uploads\/2024\/12\/Ekologiskas-lupu-balzamas-Roze-ALTEYA.png","width":800,"height":640},{"@type":"BreadcrumbList","@id":"https:\/\/www.biopapa.lt\/en\/produktas\/organic-lip-balm-rose-alteya\/#breadcrumb","itemListElement":[{"@type":"ListItem","position":1,"name":"Home","item":"https:\/\/www.biopapa.lt\/en\/"},{"@type":"ListItem","position":2,"name":"Shop","item":"https:\/\/www.biopapa.lt\/en\/shop\/"},{"@type":"ListItem","position":3,"name":"Organic lip balm Rose, ALTEYA"}]},{"@type":"WebSite","@id":"https:\/\/www.biopapa.lt\/#website","url":"https:\/\/www.biopapa.lt\/","name":"Biopapa","description":"\u0160var\u016bs ekologi\u0161ki produktai","publisher":{"@id":"https:\/\/www.biopapa.lt\/#organization"},"potentialAction":[{"@type":"SearchAction","target":{"@type":"EntryPoint","urlTemplate":"https:\/\/www.biopapa.lt\/?s={search_term_string}"},"query-input":{"@type":"PropertyValueSpecification","valueRequired":true,"valueName":"search_term_string"}}],"inLanguage":"en-US"},{"@type":"Organization","@id":"https:\/\/www.biopapa.lt\/#organization","name":"Biopapa","url":"https:\/\/www.biopapa.lt\/","logo":{"@type":"ImageObject","inLanguage":"en-US","@id":"https:\/\/www.biopapa.lt\/#\/schema\/logo\/image\/","url":"https:\/\/www.biopapa.lt\/wp-content\/uploads\/2022\/04\/facebook_biopapa.jpg","contentUrl":"https:\/\/www.biopapa.lt\/wp-content\/uploads\/2022\/04\/facebook_biopapa.jpg","width":1733,"height":907,"caption":"Biopapa"},"image":{"@id":"https:\/\/www.biopapa.lt\/#\/schema\/logo\/image\/"},"sameAs":["https:\/\/www.facebook.com\/biopapa.lt"]}]}},"_links":{"self":[{"href":"https:\/\/www.biopapa.lt\/en\/wp-json\/wp\/v2\/product\/62160","targetHints":{"allow":["GET"]}}],"collection":[{"href":"https:\/\/www.biopapa.lt\/en\/wp-json\/wp\/v2\/product"}],"about":[{"href":"https:\/\/www.biopapa.lt\/en\/wp-json\/wp\/v2\/types\/product"}],"wp:featuredmedia":[{"embeddable":true,"href":"https:\/\/www.biopapa.lt\/en\/wp-json\/wp\/v2\/media\/62163"}],"wp:attachment":[{"href":"https:\/\/www.biopapa.lt\/en\/wp-json\/wp\/v2\/media?parent=62160"}],"wp:term":[{"taxonomy":"product_brand","embeddable":true,"href":"https:\/\/www.biopapa.lt\/en\/wp-json\/wp\/v2\/product_brand?post=62160"},{"taxonomy":"product_cat","embeddable":true,"href":"https:\/\/www.biopapa.lt\/en\/wp-json\/wp\/v2\/product_cat?post=62160"},{"taxonomy":"product_tag","embeddable":true,"href":"https:\/\/www.biopapa.lt\/en\/wp-json\/wp\/v2\/product_tag?post=62160"}],"curies":[{"name":"wp","href":"https:\/\/api.w.org\/{rel}","templated":true}]}}