{"id":62154,"date":"2024-12-20T14:13:57","date_gmt":"2024-12-20T12:13:57","guid":{"rendered":"https:\/\/www.biopapa.lt\/?post_type=product&#038;p=62154"},"modified":"2026-03-06T23:57:46","modified_gmt":"2026-03-06T21:57:46","slug":"organic-lip-balm-grapefruit-and-zdravetz-alteya","status":"publish","type":"product","link":"https:\/\/www.biopapa.lt\/en\/produktas\/organic-lip-balm-grapefruit-and-zdravetz-alteya\/","title":{"rendered":"Organic lip balm Grapefruit and Zdravetz, ALTEYA"},"content":{"rendered":"<p><strong>Organic Lip Balm Grapefruit and Snapple, ALTEYA<\/strong> is a natural formulation rich in nutrients that will help moisturise and soothe, eliminating dullness and dryness, revealing soft and healthy lips. It helps to heal and repair dry, cracked or chapped skin damaged by harsh environmental conditions. Benefits:<br \/>\n&#8211; Provides hydration<br \/>\n&#8211; Softens and soothes<br \/>\n&#8211; Helps care for chapped lips<br \/>\n&#8211; Protects against harsh weather conditions Use as needed. Apply regularly for best results.<br \/>\nBest for: protecting, softening, soothing<br \/>\nRecommended for: dry, dehydrated lips.<br \/>\nCapacity 4.5 g \/ <\/p>\n","protected":false},"excerpt":{"rendered":"<p>Organic Lip Balm Grapefruit and Snapple, ALTEYA is a natural formulation rich in nutrients that will help moisturise and soothe,<\/p>\n","protected":false},"featured_media":62157,"template":"","meta":{"_acf_changed":false},"product_brand":[],"product_cat":[2492,1962,1971],"product_tag":[2090],"class_list":{"0":"post-62154","1":"product","2":"type-product","3":"status-publish","4":"has-post-thumbnail","6":"product_cat-alteya-en","7":"product_cat-beauty-and-hygiene","8":"product_cat-facial-care","9":"product_tag-facial-care","11":"first","12":"instock","13":"shipping-taxable","14":"purchasable","15":"product-type-simple"},"acf":[],"yoast_head":"<!-- This site is optimized with the Yoast SEO plugin v27.5 - https:\/\/yoast.com\/product\/yoast-seo-wordpress\/ -->\n<title>Organic lip balm Grapefruit and Zdravetz, ALTEYA - Biopapa<\/title>\n<meta name=\"description\" content=\"Organic Lip Balm Grapefruit and Zdravetz, ALTEYA is a natural formulation rich in nutrients that will help moisturise and soothe, eliminating dullness and dryness, revealing soft and healthy lips.\" \/>\n<meta name=\"robots\" content=\"index, follow, max-snippet:-1, max-image-preview:large, max-video-preview:-1\" \/>\n<link rel=\"canonical\" href=\"https:\/\/www.biopapa.lt\/en\/produktas\/organic-lip-balm-grapefruit-and-zdravetz-alteya\/\" \/>\n<meta property=\"og:locale\" content=\"en_US\" \/>\n<meta property=\"og:type\" content=\"article\" \/>\n<meta property=\"og:title\" content=\"Organic lip balm Grapefruit and Zdravetz, ALTEYA - Biopapa\" \/>\n<meta property=\"og:description\" content=\"Organic Lip Balm Grapefruit and Zdravetz, ALTEYA is a natural formulation rich in nutrients that will help moisturise and soothe, eliminating dullness and dryness, revealing soft and healthy lips.\" \/>\n<meta property=\"og:url\" content=\"https:\/\/www.biopapa.lt\/en\/produktas\/organic-lip-balm-grapefruit-and-zdravetz-alteya\/\" \/>\n<meta property=\"og:site_name\" content=\"Biopapa\" \/>\n<meta property=\"article:publisher\" content=\"https:\/\/www.facebook.com\/biopapa.lt\" \/>\n<meta property=\"article:modified_time\" content=\"2026-03-06T21:57:46+00:00\" \/>\n<meta property=\"og:image\" content=\"https:\/\/www.biopapa.lt\/wp-content\/uploads\/2024\/12\/Ekologiskas-lupu-balzamas-Greipfrutas-ir-Snaputis-ALTEYA.png\" \/>\n\t<meta property=\"og:image:width\" content=\"800\" \/>\n\t<meta property=\"og:image:height\" content=\"640\" \/>\n\t<meta property=\"og:image:type\" content=\"image\/png\" \/>\n<meta name=\"twitter:card\" content=\"summary_large_image\" \/>\n<script type=\"application\/ld+json\" class=\"yoast-schema-graph\">{\"@context\":\"https:\\\/\\\/schema.org\",\"@graph\":[{\"@type\":\"WebPage\",\"@id\":\"https:\\\/\\\/www.biopapa.lt\\\/en\\\/produktas\\\/organic-lip-balm-grapefruit-and-zdravetz-alteya\\\/\",\"url\":\"https:\\\/\\\/www.biopapa.lt\\\/en\\\/produktas\\\/organic-lip-balm-grapefruit-and-zdravetz-alteya\\\/\",\"name\":\"Organic lip balm Grapefruit and Zdravetz, ALTEYA - Biopapa\",\"isPartOf\":{\"@id\":\"https:\\\/\\\/www.biopapa.lt\\\/#website\"},\"primaryImageOfPage\":{\"@id\":\"https:\\\/\\\/www.biopapa.lt\\\/en\\\/produktas\\\/organic-lip-balm-grapefruit-and-zdravetz-alteya\\\/#primaryimage\"},\"image\":{\"@id\":\"https:\\\/\\\/www.biopapa.lt\\\/en\\\/produktas\\\/organic-lip-balm-grapefruit-and-zdravetz-alteya\\\/#primaryimage\"},\"thumbnailUrl\":\"https:\\\/\\\/www.biopapa.lt\\\/wp-content\\\/uploads\\\/2024\\\/12\\\/Ekologiskas-lupu-balzamas-Greipfrutas-ir-Snaputis-ALTEYA.png\",\"datePublished\":\"2024-12-20T12:13:57+00:00\",\"dateModified\":\"2026-03-06T21:57:46+00:00\",\"description\":\"Organic Lip Balm Grapefruit and Zdravetz, ALTEYA is a natural formulation rich in nutrients that will help moisturise and soothe, eliminating dullness and dryness, revealing soft and healthy lips.\",\"breadcrumb\":{\"@id\":\"https:\\\/\\\/www.biopapa.lt\\\/en\\\/produktas\\\/organic-lip-balm-grapefruit-and-zdravetz-alteya\\\/#breadcrumb\"},\"inLanguage\":\"en-US\",\"potentialAction\":[{\"@type\":\"ReadAction\",\"target\":[\"https:\\\/\\\/www.biopapa.lt\\\/en\\\/produktas\\\/organic-lip-balm-grapefruit-and-zdravetz-alteya\\\/\"]}]},{\"@type\":\"ImageObject\",\"inLanguage\":\"en-US\",\"@id\":\"https:\\\/\\\/www.biopapa.lt\\\/en\\\/produktas\\\/organic-lip-balm-grapefruit-and-zdravetz-alteya\\\/#primaryimage\",\"url\":\"https:\\\/\\\/www.biopapa.lt\\\/wp-content\\\/uploads\\\/2024\\\/12\\\/Ekologiskas-lupu-balzamas-Greipfrutas-ir-Snaputis-ALTEYA.png\",\"contentUrl\":\"https:\\\/\\\/www.biopapa.lt\\\/wp-content\\\/uploads\\\/2024\\\/12\\\/Ekologiskas-lupu-balzamas-Greipfrutas-ir-Snaputis-ALTEYA.png\",\"width\":800,\"height\":640},{\"@type\":\"BreadcrumbList\",\"@id\":\"https:\\\/\\\/www.biopapa.lt\\\/en\\\/produktas\\\/organic-lip-balm-grapefruit-and-zdravetz-alteya\\\/#breadcrumb\",\"itemListElement\":[{\"@type\":\"ListItem\",\"position\":1,\"name\":\"Home\",\"item\":\"https:\\\/\\\/www.biopapa.lt\\\/en\\\/\"},{\"@type\":\"ListItem\",\"position\":2,\"name\":\"Shop\",\"item\":\"https:\\\/\\\/www.biopapa.lt\\\/en\\\/shop\\\/\"},{\"@type\":\"ListItem\",\"position\":3,\"name\":\"Organic lip balm Grapefruit and Zdravetz, ALTEYA\"}]},{\"@type\":\"WebSite\",\"@id\":\"https:\\\/\\\/www.biopapa.lt\\\/#website\",\"url\":\"https:\\\/\\\/www.biopapa.lt\\\/\",\"name\":\"Biopapa\",\"description\":\"\u0160var\u016bs ekologi\u0161ki produktai\",\"publisher\":{\"@id\":\"https:\\\/\\\/www.biopapa.lt\\\/#organization\"},\"potentialAction\":[{\"@type\":\"SearchAction\",\"target\":{\"@type\":\"EntryPoint\",\"urlTemplate\":\"https:\\\/\\\/www.biopapa.lt\\\/?s={search_term_string}\"},\"query-input\":{\"@type\":\"PropertyValueSpecification\",\"valueRequired\":true,\"valueName\":\"search_term_string\"}}],\"inLanguage\":\"en-US\"},{\"@type\":\"Organization\",\"@id\":\"https:\\\/\\\/www.biopapa.lt\\\/#organization\",\"name\":\"Biopapa\",\"url\":\"https:\\\/\\\/www.biopapa.lt\\\/\",\"logo\":{\"@type\":\"ImageObject\",\"inLanguage\":\"en-US\",\"@id\":\"https:\\\/\\\/www.biopapa.lt\\\/#\\\/schema\\\/logo\\\/image\\\/\",\"url\":\"https:\\\/\\\/www.biopapa.lt\\\/wp-content\\\/uploads\\\/2022\\\/04\\\/facebook_biopapa.jpg\",\"contentUrl\":\"https:\\\/\\\/www.biopapa.lt\\\/wp-content\\\/uploads\\\/2022\\\/04\\\/facebook_biopapa.jpg\",\"width\":1733,\"height\":907,\"caption\":\"Biopapa\"},\"image\":{\"@id\":\"https:\\\/\\\/www.biopapa.lt\\\/#\\\/schema\\\/logo\\\/image\\\/\"},\"sameAs\":[\"https:\\\/\\\/www.facebook.com\\\/biopapa.lt\"]}]}<\/script>\n<!-- \/ Yoast SEO plugin. -->","yoast_head_json":{"title":"Organic lip balm Grapefruit and Zdravetz, ALTEYA - Biopapa","description":"Organic Lip Balm Grapefruit and Zdravetz, ALTEYA is a natural formulation rich in nutrients that will help moisturise and soothe, eliminating dullness and dryness, revealing soft and healthy lips.","robots":{"index":"index","follow":"follow","max-snippet":"max-snippet:-1","max-image-preview":"max-image-preview:large","max-video-preview":"max-video-preview:-1"},"canonical":"https:\/\/www.biopapa.lt\/en\/produktas\/organic-lip-balm-grapefruit-and-zdravetz-alteya\/","og_locale":"en_US","og_type":"article","og_title":"Organic lip balm Grapefruit and Zdravetz, ALTEYA - Biopapa","og_description":"Organic Lip Balm Grapefruit and Zdravetz, ALTEYA is a natural formulation rich in nutrients that will help moisturise and soothe, eliminating dullness and dryness, revealing soft and healthy lips.","og_url":"https:\/\/www.biopapa.lt\/en\/produktas\/organic-lip-balm-grapefruit-and-zdravetz-alteya\/","og_site_name":"Biopapa","article_publisher":"https:\/\/www.facebook.com\/biopapa.lt","article_modified_time":"2026-03-06T21:57:46+00:00","og_image":[{"width":800,"height":640,"url":"https:\/\/www.biopapa.lt\/wp-content\/uploads\/2024\/12\/Ekologiskas-lupu-balzamas-Greipfrutas-ir-Snaputis-ALTEYA.png","type":"image\/png"}],"twitter_card":"summary_large_image","schema":{"@context":"https:\/\/schema.org","@graph":[{"@type":"WebPage","@id":"https:\/\/www.biopapa.lt\/en\/produktas\/organic-lip-balm-grapefruit-and-zdravetz-alteya\/","url":"https:\/\/www.biopapa.lt\/en\/produktas\/organic-lip-balm-grapefruit-and-zdravetz-alteya\/","name":"Organic lip balm Grapefruit and Zdravetz, ALTEYA - Biopapa","isPartOf":{"@id":"https:\/\/www.biopapa.lt\/#website"},"primaryImageOfPage":{"@id":"https:\/\/www.biopapa.lt\/en\/produktas\/organic-lip-balm-grapefruit-and-zdravetz-alteya\/#primaryimage"},"image":{"@id":"https:\/\/www.biopapa.lt\/en\/produktas\/organic-lip-balm-grapefruit-and-zdravetz-alteya\/#primaryimage"},"thumbnailUrl":"https:\/\/www.biopapa.lt\/wp-content\/uploads\/2024\/12\/Ekologiskas-lupu-balzamas-Greipfrutas-ir-Snaputis-ALTEYA.png","datePublished":"2024-12-20T12:13:57+00:00","dateModified":"2026-03-06T21:57:46+00:00","description":"Organic Lip Balm Grapefruit and Zdravetz, ALTEYA is a natural formulation rich in nutrients that will help moisturise and soothe, eliminating dullness and dryness, revealing soft and healthy lips.","breadcrumb":{"@id":"https:\/\/www.biopapa.lt\/en\/produktas\/organic-lip-balm-grapefruit-and-zdravetz-alteya\/#breadcrumb"},"inLanguage":"en-US","potentialAction":[{"@type":"ReadAction","target":["https:\/\/www.biopapa.lt\/en\/produktas\/organic-lip-balm-grapefruit-and-zdravetz-alteya\/"]}]},{"@type":"ImageObject","inLanguage":"en-US","@id":"https:\/\/www.biopapa.lt\/en\/produktas\/organic-lip-balm-grapefruit-and-zdravetz-alteya\/#primaryimage","url":"https:\/\/www.biopapa.lt\/wp-content\/uploads\/2024\/12\/Ekologiskas-lupu-balzamas-Greipfrutas-ir-Snaputis-ALTEYA.png","contentUrl":"https:\/\/www.biopapa.lt\/wp-content\/uploads\/2024\/12\/Ekologiskas-lupu-balzamas-Greipfrutas-ir-Snaputis-ALTEYA.png","width":800,"height":640},{"@type":"BreadcrumbList","@id":"https:\/\/www.biopapa.lt\/en\/produktas\/organic-lip-balm-grapefruit-and-zdravetz-alteya\/#breadcrumb","itemListElement":[{"@type":"ListItem","position":1,"name":"Home","item":"https:\/\/www.biopapa.lt\/en\/"},{"@type":"ListItem","position":2,"name":"Shop","item":"https:\/\/www.biopapa.lt\/en\/shop\/"},{"@type":"ListItem","position":3,"name":"Organic lip balm Grapefruit and Zdravetz, ALTEYA"}]},{"@type":"WebSite","@id":"https:\/\/www.biopapa.lt\/#website","url":"https:\/\/www.biopapa.lt\/","name":"Biopapa","description":"\u0160var\u016bs ekologi\u0161ki produktai","publisher":{"@id":"https:\/\/www.biopapa.lt\/#organization"},"potentialAction":[{"@type":"SearchAction","target":{"@type":"EntryPoint","urlTemplate":"https:\/\/www.biopapa.lt\/?s={search_term_string}"},"query-input":{"@type":"PropertyValueSpecification","valueRequired":true,"valueName":"search_term_string"}}],"inLanguage":"en-US"},{"@type":"Organization","@id":"https:\/\/www.biopapa.lt\/#organization","name":"Biopapa","url":"https:\/\/www.biopapa.lt\/","logo":{"@type":"ImageObject","inLanguage":"en-US","@id":"https:\/\/www.biopapa.lt\/#\/schema\/logo\/image\/","url":"https:\/\/www.biopapa.lt\/wp-content\/uploads\/2022\/04\/facebook_biopapa.jpg","contentUrl":"https:\/\/www.biopapa.lt\/wp-content\/uploads\/2022\/04\/facebook_biopapa.jpg","width":1733,"height":907,"caption":"Biopapa"},"image":{"@id":"https:\/\/www.biopapa.lt\/#\/schema\/logo\/image\/"},"sameAs":["https:\/\/www.facebook.com\/biopapa.lt"]}]}},"_links":{"self":[{"href":"https:\/\/www.biopapa.lt\/en\/wp-json\/wp\/v2\/product\/62154","targetHints":{"allow":["GET"]}}],"collection":[{"href":"https:\/\/www.biopapa.lt\/en\/wp-json\/wp\/v2\/product"}],"about":[{"href":"https:\/\/www.biopapa.lt\/en\/wp-json\/wp\/v2\/types\/product"}],"wp:featuredmedia":[{"embeddable":true,"href":"https:\/\/www.biopapa.lt\/en\/wp-json\/wp\/v2\/media\/62157"}],"wp:attachment":[{"href":"https:\/\/www.biopapa.lt\/en\/wp-json\/wp\/v2\/media?parent=62154"}],"wp:term":[{"taxonomy":"product_brand","embeddable":true,"href":"https:\/\/www.biopapa.lt\/en\/wp-json\/wp\/v2\/product_brand?post=62154"},{"taxonomy":"product_cat","embeddable":true,"href":"https:\/\/www.biopapa.lt\/en\/wp-json\/wp\/v2\/product_cat?post=62154"},{"taxonomy":"product_tag","embeddable":true,"href":"https:\/\/www.biopapa.lt\/en\/wp-json\/wp\/v2\/product_tag?post=62154"}],"curies":[{"name":"wp","href":"https:\/\/api.w.org\/{rel}","templated":true}]}}