{"id":62147,"date":"2024-12-20T13:43:11","date_gmt":"2024-12-20T11:43:11","guid":{"rendered":"https:\/\/www.biopapa.lt\/?post_type=product&#038;p=62147"},"modified":"2026-03-08T01:05:39","modified_gmt":"2026-03-07T23:05:39","slug":"organic-essential-oil-set-indulgence-3x5-ml-alteya","status":"publish","type":"product","link":"https:\/\/www.biopapa.lt\/en\/produktas\/organic-essential-oil-set-indulgence-3x5-ml-alteya\/","title":{"rendered":"Organic essential oil set INDULGENCE (3&#215;5 ml) ALTEYA"},"content":{"rendered":"<p><strong>Organic Essential Oil Set Pleasure (3&#215;5 ml) ALTEYA<\/strong><br \/>\nEssential oils, with their wonderful scent and skin-loving properties, have proven positive effects on the body and mind. They are plant essences &#8211; highly concentrated liquids that we have made safe for direct use on the skin and hair &#8211; on the basis of vegetable oil. The ALTEYA Grace Essential Oil Set combines a powerful blend of three organic essential oils to inspire, uplift and restore inner balance, promoting feelings of harmony and well-being.<br \/>\nThe essential oil set consists of: Lavender Oil, Mandarin Oil, Lemongrass Oil.<br \/>\nBest for use in: aromatherapy, personalised scents, massage, hair and body perfumes. Lavender oil (Lavandula Angustifolia)<br \/>\nOur high quality organic lavender oil has strong therapeutic properties due to the specific geographical, climatic and environmental conditions of the area. Lavender oil is one of our favourite essential oils because it has special properties and is very effective. Lavender oil is one of the most useful and beneficial of all essential oils. Lemongrass oil (Cymbopogon citratus)<br \/>\nThis organic oil refreshes the body and relieves symptoms of fatigue. It relieves headaches, helps to cope with exhaustion and stress, tones the whole body and strengthens the sympathetic nervous system, which is very useful for recovering from illnesses, to provide secretory stimuli. Tangerine oil (Citrus Reticulata)<br \/>\nEssential oil extracted from the rind of a fully ripe tangerine fruit has a sweeter aroma than oil extracted from yellow or green tangerines. Its refreshing and light aroma makes tangerine essential oil appealing to both adults and children. <\/p>\n<p><em>NOTE. The information contained herein should not be construed as a recommendation for treatment or other health issues.<\/em><br \/>\n<em>We encourage you to make personal decisions about your personal health, taking into account a wide range of sources of information.<\/em><\/p>\n","protected":false},"excerpt":{"rendered":"<p>Organic Essential Oil Set Pleasure (3&#215;5 ml) ALTEYA Essential oils, with their wonderful scent and skin-loving properties, have proven positive<\/p>\n","protected":false},"featured_media":62150,"template":"","meta":{"_acf_changed":false},"product_brand":[],"product_cat":[2503,1962,1850,1859,2374,1988,1992],"product_tag":[2026,2044,2088],"class_list":{"0":"post-62147","1":"product","2":"type-product","3":"status-publish","4":"has-post-thumbnail","6":"product_cat-aromatherapy","7":"product_cat-beauty-and-hygiene","8":"product_cat-essential-oils","9":"product_cat-gift-sets","10":"product_cat-gifts-en","11":"product_cat-home","12":"product_cat-home-scent","13":"product_tag-aromatherapy","14":"product_tag-essential-oil","15":"product_tag-vegan","17":"first","18":"instock","19":"shipping-taxable","20":"purchasable","21":"product-type-simple"},"acf":[],"yoast_head":"<!-- This site is optimized with the Yoast SEO plugin v27.5 - https:\/\/yoast.com\/product\/yoast-seo-wordpress\/ -->\n<title>Organic essential oil set INDULGENCE (3x5 ml) ALTEYA - Biopapa<\/title>\n<meta name=\"description\" content=\"Essential oils, with their wonderful scent and skin-loving properties, have proven positive effects on the body and mind.\" \/>\n<meta name=\"robots\" content=\"index, follow, max-snippet:-1, max-image-preview:large, max-video-preview:-1\" \/>\n<link rel=\"canonical\" href=\"https:\/\/www.biopapa.lt\/en\/produktas\/organic-essential-oil-set-indulgence-3x5-ml-alteya\/\" \/>\n<meta property=\"og:locale\" content=\"en_US\" \/>\n<meta property=\"og:type\" content=\"article\" \/>\n<meta property=\"og:title\" content=\"Organic essential oil set INDULGENCE (3x5 ml) ALTEYA - Biopapa\" \/>\n<meta property=\"og:description\" content=\"Essential oils, with their wonderful scent and skin-loving properties, have proven positive effects on the body and mind.\" \/>\n<meta property=\"og:url\" content=\"https:\/\/www.biopapa.lt\/en\/produktas\/organic-essential-oil-set-indulgence-3x5-ml-alteya\/\" \/>\n<meta property=\"og:site_name\" content=\"Biopapa\" \/>\n<meta property=\"article:publisher\" content=\"https:\/\/www.facebook.com\/biopapa.lt\" \/>\n<meta property=\"article:modified_time\" content=\"2026-03-07T23:05:39+00:00\" \/>\n<meta property=\"og:image\" content=\"https:\/\/www.biopapa.lt\/wp-content\/uploads\/2024\/12\/Ekologiskas-eteriniu-alieju-rinkinys-Malonumas-3x5-ml-ALTEYA.png\" \/>\n\t<meta property=\"og:image:width\" content=\"800\" \/>\n\t<meta property=\"og:image:height\" content=\"640\" \/>\n\t<meta property=\"og:image:type\" content=\"image\/png\" \/>\n<meta name=\"twitter:card\" content=\"summary_large_image\" \/>\n<script type=\"application\/ld+json\" class=\"yoast-schema-graph\">{\"@context\":\"https:\\\/\\\/schema.org\",\"@graph\":[{\"@type\":\"WebPage\",\"@id\":\"https:\\\/\\\/www.biopapa.lt\\\/en\\\/produktas\\\/organic-essential-oil-set-indulgence-3x5-ml-alteya\\\/\",\"url\":\"https:\\\/\\\/www.biopapa.lt\\\/en\\\/produktas\\\/organic-essential-oil-set-indulgence-3x5-ml-alteya\\\/\",\"name\":\"Organic essential oil set INDULGENCE (3x5 ml) ALTEYA - Biopapa\",\"isPartOf\":{\"@id\":\"https:\\\/\\\/www.biopapa.lt\\\/#website\"},\"primaryImageOfPage\":{\"@id\":\"https:\\\/\\\/www.biopapa.lt\\\/en\\\/produktas\\\/organic-essential-oil-set-indulgence-3x5-ml-alteya\\\/#primaryimage\"},\"image\":{\"@id\":\"https:\\\/\\\/www.biopapa.lt\\\/en\\\/produktas\\\/organic-essential-oil-set-indulgence-3x5-ml-alteya\\\/#primaryimage\"},\"thumbnailUrl\":\"https:\\\/\\\/www.biopapa.lt\\\/wp-content\\\/uploads\\\/2024\\\/12\\\/Ekologiskas-eteriniu-alieju-rinkinys-Malonumas-3x5-ml-ALTEYA.png\",\"datePublished\":\"2024-12-20T11:43:11+00:00\",\"dateModified\":\"2026-03-07T23:05:39+00:00\",\"description\":\"Essential oils, with their wonderful scent and skin-loving properties, have proven positive effects on the body and mind.\",\"breadcrumb\":{\"@id\":\"https:\\\/\\\/www.biopapa.lt\\\/en\\\/produktas\\\/organic-essential-oil-set-indulgence-3x5-ml-alteya\\\/#breadcrumb\"},\"inLanguage\":\"en-US\",\"potentialAction\":[{\"@type\":\"ReadAction\",\"target\":[\"https:\\\/\\\/www.biopapa.lt\\\/en\\\/produktas\\\/organic-essential-oil-set-indulgence-3x5-ml-alteya\\\/\"]}]},{\"@type\":\"ImageObject\",\"inLanguage\":\"en-US\",\"@id\":\"https:\\\/\\\/www.biopapa.lt\\\/en\\\/produktas\\\/organic-essential-oil-set-indulgence-3x5-ml-alteya\\\/#primaryimage\",\"url\":\"https:\\\/\\\/www.biopapa.lt\\\/wp-content\\\/uploads\\\/2024\\\/12\\\/Ekologiskas-eteriniu-alieju-rinkinys-Malonumas-3x5-ml-ALTEYA.png\",\"contentUrl\":\"https:\\\/\\\/www.biopapa.lt\\\/wp-content\\\/uploads\\\/2024\\\/12\\\/Ekologiskas-eteriniu-alieju-rinkinys-Malonumas-3x5-ml-ALTEYA.png\",\"width\":800,\"height\":640},{\"@type\":\"BreadcrumbList\",\"@id\":\"https:\\\/\\\/www.biopapa.lt\\\/en\\\/produktas\\\/organic-essential-oil-set-indulgence-3x5-ml-alteya\\\/#breadcrumb\",\"itemListElement\":[{\"@type\":\"ListItem\",\"position\":1,\"name\":\"Home\",\"item\":\"https:\\\/\\\/www.biopapa.lt\\\/en\\\/\"},{\"@type\":\"ListItem\",\"position\":2,\"name\":\"Shop\",\"item\":\"https:\\\/\\\/www.biopapa.lt\\\/en\\\/shop\\\/\"},{\"@type\":\"ListItem\",\"position\":3,\"name\":\"Organic essential oil set INDULGENCE (3&#215;5 ml) ALTEYA\"}]},{\"@type\":\"WebSite\",\"@id\":\"https:\\\/\\\/www.biopapa.lt\\\/#website\",\"url\":\"https:\\\/\\\/www.biopapa.lt\\\/\",\"name\":\"Biopapa\",\"description\":\"\u0160var\u016bs ekologi\u0161ki produktai\",\"publisher\":{\"@id\":\"https:\\\/\\\/www.biopapa.lt\\\/#organization\"},\"potentialAction\":[{\"@type\":\"SearchAction\",\"target\":{\"@type\":\"EntryPoint\",\"urlTemplate\":\"https:\\\/\\\/www.biopapa.lt\\\/?s={search_term_string}\"},\"query-input\":{\"@type\":\"PropertyValueSpecification\",\"valueRequired\":true,\"valueName\":\"search_term_string\"}}],\"inLanguage\":\"en-US\"},{\"@type\":\"Organization\",\"@id\":\"https:\\\/\\\/www.biopapa.lt\\\/#organization\",\"name\":\"Biopapa\",\"url\":\"https:\\\/\\\/www.biopapa.lt\\\/\",\"logo\":{\"@type\":\"ImageObject\",\"inLanguage\":\"en-US\",\"@id\":\"https:\\\/\\\/www.biopapa.lt\\\/#\\\/schema\\\/logo\\\/image\\\/\",\"url\":\"https:\\\/\\\/www.biopapa.lt\\\/wp-content\\\/uploads\\\/2022\\\/04\\\/facebook_biopapa.jpg\",\"contentUrl\":\"https:\\\/\\\/www.biopapa.lt\\\/wp-content\\\/uploads\\\/2022\\\/04\\\/facebook_biopapa.jpg\",\"width\":1733,\"height\":907,\"caption\":\"Biopapa\"},\"image\":{\"@id\":\"https:\\\/\\\/www.biopapa.lt\\\/#\\\/schema\\\/logo\\\/image\\\/\"},\"sameAs\":[\"https:\\\/\\\/www.facebook.com\\\/biopapa.lt\"]}]}<\/script>\n<!-- \/ Yoast SEO plugin. -->","yoast_head_json":{"title":"Organic essential oil set INDULGENCE (3x5 ml) ALTEYA - Biopapa","description":"Essential oils, with their wonderful scent and skin-loving properties, have proven positive effects on the body and mind.","robots":{"index":"index","follow":"follow","max-snippet":"max-snippet:-1","max-image-preview":"max-image-preview:large","max-video-preview":"max-video-preview:-1"},"canonical":"https:\/\/www.biopapa.lt\/en\/produktas\/organic-essential-oil-set-indulgence-3x5-ml-alteya\/","og_locale":"en_US","og_type":"article","og_title":"Organic essential oil set INDULGENCE (3x5 ml) ALTEYA - Biopapa","og_description":"Essential oils, with their wonderful scent and skin-loving properties, have proven positive effects on the body and mind.","og_url":"https:\/\/www.biopapa.lt\/en\/produktas\/organic-essential-oil-set-indulgence-3x5-ml-alteya\/","og_site_name":"Biopapa","article_publisher":"https:\/\/www.facebook.com\/biopapa.lt","article_modified_time":"2026-03-07T23:05:39+00:00","og_image":[{"width":800,"height":640,"url":"https:\/\/www.biopapa.lt\/wp-content\/uploads\/2024\/12\/Ekologiskas-eteriniu-alieju-rinkinys-Malonumas-3x5-ml-ALTEYA.png","type":"image\/png"}],"twitter_card":"summary_large_image","schema":{"@context":"https:\/\/schema.org","@graph":[{"@type":"WebPage","@id":"https:\/\/www.biopapa.lt\/en\/produktas\/organic-essential-oil-set-indulgence-3x5-ml-alteya\/","url":"https:\/\/www.biopapa.lt\/en\/produktas\/organic-essential-oil-set-indulgence-3x5-ml-alteya\/","name":"Organic essential oil set INDULGENCE (3x5 ml) ALTEYA - Biopapa","isPartOf":{"@id":"https:\/\/www.biopapa.lt\/#website"},"primaryImageOfPage":{"@id":"https:\/\/www.biopapa.lt\/en\/produktas\/organic-essential-oil-set-indulgence-3x5-ml-alteya\/#primaryimage"},"image":{"@id":"https:\/\/www.biopapa.lt\/en\/produktas\/organic-essential-oil-set-indulgence-3x5-ml-alteya\/#primaryimage"},"thumbnailUrl":"https:\/\/www.biopapa.lt\/wp-content\/uploads\/2024\/12\/Ekologiskas-eteriniu-alieju-rinkinys-Malonumas-3x5-ml-ALTEYA.png","datePublished":"2024-12-20T11:43:11+00:00","dateModified":"2026-03-07T23:05:39+00:00","description":"Essential oils, with their wonderful scent and skin-loving properties, have proven positive effects on the body and mind.","breadcrumb":{"@id":"https:\/\/www.biopapa.lt\/en\/produktas\/organic-essential-oil-set-indulgence-3x5-ml-alteya\/#breadcrumb"},"inLanguage":"en-US","potentialAction":[{"@type":"ReadAction","target":["https:\/\/www.biopapa.lt\/en\/produktas\/organic-essential-oil-set-indulgence-3x5-ml-alteya\/"]}]},{"@type":"ImageObject","inLanguage":"en-US","@id":"https:\/\/www.biopapa.lt\/en\/produktas\/organic-essential-oil-set-indulgence-3x5-ml-alteya\/#primaryimage","url":"https:\/\/www.biopapa.lt\/wp-content\/uploads\/2024\/12\/Ekologiskas-eteriniu-alieju-rinkinys-Malonumas-3x5-ml-ALTEYA.png","contentUrl":"https:\/\/www.biopapa.lt\/wp-content\/uploads\/2024\/12\/Ekologiskas-eteriniu-alieju-rinkinys-Malonumas-3x5-ml-ALTEYA.png","width":800,"height":640},{"@type":"BreadcrumbList","@id":"https:\/\/www.biopapa.lt\/en\/produktas\/organic-essential-oil-set-indulgence-3x5-ml-alteya\/#breadcrumb","itemListElement":[{"@type":"ListItem","position":1,"name":"Home","item":"https:\/\/www.biopapa.lt\/en\/"},{"@type":"ListItem","position":2,"name":"Shop","item":"https:\/\/www.biopapa.lt\/en\/shop\/"},{"@type":"ListItem","position":3,"name":"Organic essential oil set INDULGENCE (3&#215;5 ml) ALTEYA"}]},{"@type":"WebSite","@id":"https:\/\/www.biopapa.lt\/#website","url":"https:\/\/www.biopapa.lt\/","name":"Biopapa","description":"\u0160var\u016bs ekologi\u0161ki produktai","publisher":{"@id":"https:\/\/www.biopapa.lt\/#organization"},"potentialAction":[{"@type":"SearchAction","target":{"@type":"EntryPoint","urlTemplate":"https:\/\/www.biopapa.lt\/?s={search_term_string}"},"query-input":{"@type":"PropertyValueSpecification","valueRequired":true,"valueName":"search_term_string"}}],"inLanguage":"en-US"},{"@type":"Organization","@id":"https:\/\/www.biopapa.lt\/#organization","name":"Biopapa","url":"https:\/\/www.biopapa.lt\/","logo":{"@type":"ImageObject","inLanguage":"en-US","@id":"https:\/\/www.biopapa.lt\/#\/schema\/logo\/image\/","url":"https:\/\/www.biopapa.lt\/wp-content\/uploads\/2022\/04\/facebook_biopapa.jpg","contentUrl":"https:\/\/www.biopapa.lt\/wp-content\/uploads\/2022\/04\/facebook_biopapa.jpg","width":1733,"height":907,"caption":"Biopapa"},"image":{"@id":"https:\/\/www.biopapa.lt\/#\/schema\/logo\/image\/"},"sameAs":["https:\/\/www.facebook.com\/biopapa.lt"]}]}},"_links":{"self":[{"href":"https:\/\/www.biopapa.lt\/en\/wp-json\/wp\/v2\/product\/62147","targetHints":{"allow":["GET"]}}],"collection":[{"href":"https:\/\/www.biopapa.lt\/en\/wp-json\/wp\/v2\/product"}],"about":[{"href":"https:\/\/www.biopapa.lt\/en\/wp-json\/wp\/v2\/types\/product"}],"wp:featuredmedia":[{"embeddable":true,"href":"https:\/\/www.biopapa.lt\/en\/wp-json\/wp\/v2\/media\/62150"}],"wp:attachment":[{"href":"https:\/\/www.biopapa.lt\/en\/wp-json\/wp\/v2\/media?parent=62147"}],"wp:term":[{"taxonomy":"product_brand","embeddable":true,"href":"https:\/\/www.biopapa.lt\/en\/wp-json\/wp\/v2\/product_brand?post=62147"},{"taxonomy":"product_cat","embeddable":true,"href":"https:\/\/www.biopapa.lt\/en\/wp-json\/wp\/v2\/product_cat?post=62147"},{"taxonomy":"product_tag","embeddable":true,"href":"https:\/\/www.biopapa.lt\/en\/wp-json\/wp\/v2\/product_tag?post=62147"}],"curies":[{"name":"wp","href":"https:\/\/api.w.org\/{rel}","templated":true}]}}