{"id":62116,"date":"2024-12-20T12:19:29","date_gmt":"2024-12-20T10:19:29","guid":{"rendered":"https:\/\/www.biopapa.lt\/?post_type=product&#038;p=62116"},"modified":"2026-03-08T01:06:05","modified_gmt":"2026-03-07T23:06:05","slug":"organic-frankincense-bosvellia-carterii-essential-oil-10-ml-alteya","status":"publish","type":"product","link":"https:\/\/www.biopapa.lt\/en\/produktas\/organic-frankincense-bosvellia-carterii-essential-oil-10-ml-alteya\/","title":{"rendered":"Organic Frankincense (Bosvellia Carterii) essential oil, 10 ml, ALTEYA"},"content":{"rendered":"<p><strong>Organic Frankincense (Bosvellia Carterii) essential oil, 10 ml<\/strong><br \/>\n<em>Boswellia Carterii<\/em> (also known as African frankincense) essential oil is extracted from the resinous dried resin of the <em>Boswellia Carterii<\/em> tree, which grows mainly in north-east Africa. This essential oil has a wide range of uses, from enhancing spiritual and meditative practices to daily beauty and skin care routines. Frankincense <em>Carterii<\/em> oil has an earthy, fresh and woody aroma that is perfect for grounding, self-connection and spiritual health.<br \/>\nThis essential oil is renowned for its ability to promote skin elasticity and to improve the appearance of ageing skin, scars and other imperfections. It can also help reduce the appearance of uneven and tired skin.<br \/>\nIn aromatherapy, the stimulating aroma of Frankincense Carterii is thought to help achieve a sense of wholeness, encouraging the body and mind to move towards a better sense of well-being.<\/p>\n<p>Method of extraction: hydrodistillation<br \/>\nIngredient: resin<br \/>\nAroma profile: Smoky top notes are harmoniously balanced with sweet woody-resinous middle notes and clean, musky and soft balsamic bottom notes.<br \/>\nBottom note, an excellent scent-fixer<br \/>\nBlends well with: bergamot, cedar, myrrh, sweet orange, pine, sandalwood, lemongrass, lavender.<\/p>\n<p>How to use<br \/>\nAdd a few drops to the base oil and gently massage into the skin. This mixture can help relax tense muscles and relieve joint pain.<br \/>\nAdd a few drops to your favourite moisturiser or handmade skincare products to stimulate skin renewal and support overall skin health.<br \/>\nUse the diffuser when you feel anxious, nervous or overtired.<\/p>\n<p>ATTENTION<br \/>\nFor external use only. Always dilute. Possible skin sensitivity.   Keep out of the reach of children. If you are pregnant, breastfeeding or undergoing medical treatment, consult your doctor. Avoid contact with eyes, inner ears, mucous membranes and sensitive areas. <\/p>\n<p><em>NOTE. The information contained herein should not be construed as a recommendation for treatment or other health issues.<\/em><br \/>\n<em>We encourage you to make personal decisions about your personal health, taking into account a wide range of sources of information.<\/em><\/p>\n","protected":false},"excerpt":{"rendered":"<p>Organic Frankincense (Bosvellia Carterii) essential oil, 10 ml Boswellia Carterii (also known as African frankincense) essential oil is extracted from<\/p>\n","protected":false},"featured_media":62119,"template":"","meta":{"_acf_changed":false},"product_brand":[],"product_cat":[2503,1962,1850,1988,1992],"product_tag":[2026,2044,2088],"class_list":{"0":"post-62116","1":"product","2":"type-product","3":"status-publish","4":"has-post-thumbnail","6":"product_cat-aromatherapy","7":"product_cat-beauty-and-hygiene","8":"product_cat-essential-oils","9":"product_cat-home","10":"product_cat-home-scent","11":"product_tag-aromatherapy","12":"product_tag-essential-oil","13":"product_tag-vegan","15":"first","16":"instock","17":"shipping-taxable","18":"purchasable","19":"product-type-simple"},"acf":[],"yoast_head":"<!-- This site is optimized with the Yoast SEO plugin v27.5 - https:\/\/yoast.com\/product\/yoast-seo-wordpress\/ -->\n<title>Organic Frankincense (Bosvellia Carterii) essential oil, 10 ml, ALTEYA - Biopapa<\/title>\n<meta name=\"description\" content=\"Organic Frankincense (Boswellia Carterii) essential oil, also known as African Frankincense, is extracted from the resinous dried resin of the Boswellia Carterii tree, which grows mainly in north-east Africa.\" \/>\n<meta name=\"robots\" content=\"index, follow, max-snippet:-1, max-image-preview:large, max-video-preview:-1\" \/>\n<link rel=\"canonical\" href=\"https:\/\/www.biopapa.lt\/en\/produktas\/organic-frankincense-bosvellia-carterii-essential-oil-10-ml-alteya\/\" \/>\n<meta property=\"og:locale\" content=\"en_US\" \/>\n<meta property=\"og:type\" content=\"article\" \/>\n<meta property=\"og:title\" content=\"Organic Frankincense (Bosvellia Carterii) essential oil, 10 ml, ALTEYA - Biopapa\" \/>\n<meta property=\"og:description\" content=\"Organic Frankincense (Boswellia Carterii) essential oil, also known as African Frankincense, is extracted from the resinous dried resin of the Boswellia Carterii tree, which grows mainly in north-east Africa.\" \/>\n<meta property=\"og:url\" content=\"https:\/\/www.biopapa.lt\/en\/produktas\/organic-frankincense-bosvellia-carterii-essential-oil-10-ml-alteya\/\" \/>\n<meta property=\"og:site_name\" content=\"Biopapa\" \/>\n<meta property=\"article:publisher\" content=\"https:\/\/www.facebook.com\/biopapa.lt\" \/>\n<meta property=\"article:modified_time\" content=\"2026-03-07T23:06:05+00:00\" \/>\n<meta property=\"og:image\" content=\"https:\/\/www.biopapa.lt\/wp-content\/uploads\/2024\/12\/Ekologiskas-Frankincenso-Bosvellia-Carterii-eterinis-aliejus-10-ml-ALTEYA.png\" \/>\n\t<meta property=\"og:image:width\" content=\"800\" \/>\n\t<meta property=\"og:image:height\" content=\"640\" \/>\n\t<meta property=\"og:image:type\" content=\"image\/png\" \/>\n<meta name=\"twitter:card\" content=\"summary_large_image\" \/>\n<script type=\"application\/ld+json\" class=\"yoast-schema-graph\">{\"@context\":\"https:\\\/\\\/schema.org\",\"@graph\":[{\"@type\":\"WebPage\",\"@id\":\"https:\\\/\\\/www.biopapa.lt\\\/en\\\/produktas\\\/organic-frankincense-bosvellia-carterii-essential-oil-10-ml-alteya\\\/\",\"url\":\"https:\\\/\\\/www.biopapa.lt\\\/en\\\/produktas\\\/organic-frankincense-bosvellia-carterii-essential-oil-10-ml-alteya\\\/\",\"name\":\"Organic Frankincense (Bosvellia Carterii) essential oil, 10 ml, ALTEYA - Biopapa\",\"isPartOf\":{\"@id\":\"https:\\\/\\\/www.biopapa.lt\\\/#website\"},\"primaryImageOfPage\":{\"@id\":\"https:\\\/\\\/www.biopapa.lt\\\/en\\\/produktas\\\/organic-frankincense-bosvellia-carterii-essential-oil-10-ml-alteya\\\/#primaryimage\"},\"image\":{\"@id\":\"https:\\\/\\\/www.biopapa.lt\\\/en\\\/produktas\\\/organic-frankincense-bosvellia-carterii-essential-oil-10-ml-alteya\\\/#primaryimage\"},\"thumbnailUrl\":\"https:\\\/\\\/www.biopapa.lt\\\/wp-content\\\/uploads\\\/2024\\\/12\\\/Ekologiskas-Frankincenso-Bosvellia-Carterii-eterinis-aliejus-10-ml-ALTEYA.png\",\"datePublished\":\"2024-12-20T10:19:29+00:00\",\"dateModified\":\"2026-03-07T23:06:05+00:00\",\"description\":\"Organic Frankincense (Boswellia Carterii) essential oil, also known as African Frankincense, is extracted from the resinous dried resin of the Boswellia Carterii tree, which grows mainly in north-east Africa.\",\"breadcrumb\":{\"@id\":\"https:\\\/\\\/www.biopapa.lt\\\/en\\\/produktas\\\/organic-frankincense-bosvellia-carterii-essential-oil-10-ml-alteya\\\/#breadcrumb\"},\"inLanguage\":\"en-US\",\"potentialAction\":[{\"@type\":\"ReadAction\",\"target\":[\"https:\\\/\\\/www.biopapa.lt\\\/en\\\/produktas\\\/organic-frankincense-bosvellia-carterii-essential-oil-10-ml-alteya\\\/\"]}]},{\"@type\":\"ImageObject\",\"inLanguage\":\"en-US\",\"@id\":\"https:\\\/\\\/www.biopapa.lt\\\/en\\\/produktas\\\/organic-frankincense-bosvellia-carterii-essential-oil-10-ml-alteya\\\/#primaryimage\",\"url\":\"https:\\\/\\\/www.biopapa.lt\\\/wp-content\\\/uploads\\\/2024\\\/12\\\/Ekologiskas-Frankincenso-Bosvellia-Carterii-eterinis-aliejus-10-ml-ALTEYA.png\",\"contentUrl\":\"https:\\\/\\\/www.biopapa.lt\\\/wp-content\\\/uploads\\\/2024\\\/12\\\/Ekologiskas-Frankincenso-Bosvellia-Carterii-eterinis-aliejus-10-ml-ALTEYA.png\",\"width\":800,\"height\":640},{\"@type\":\"BreadcrumbList\",\"@id\":\"https:\\\/\\\/www.biopapa.lt\\\/en\\\/produktas\\\/organic-frankincense-bosvellia-carterii-essential-oil-10-ml-alteya\\\/#breadcrumb\",\"itemListElement\":[{\"@type\":\"ListItem\",\"position\":1,\"name\":\"Home\",\"item\":\"https:\\\/\\\/www.biopapa.lt\\\/en\\\/\"},{\"@type\":\"ListItem\",\"position\":2,\"name\":\"Shop\",\"item\":\"https:\\\/\\\/www.biopapa.lt\\\/en\\\/shop\\\/\"},{\"@type\":\"ListItem\",\"position\":3,\"name\":\"Organic Frankincense (Bosvellia Carterii) essential oil, 10 ml, ALTEYA\"}]},{\"@type\":\"WebSite\",\"@id\":\"https:\\\/\\\/www.biopapa.lt\\\/#website\",\"url\":\"https:\\\/\\\/www.biopapa.lt\\\/\",\"name\":\"Biopapa\",\"description\":\"\u0160var\u016bs ekologi\u0161ki produktai\",\"publisher\":{\"@id\":\"https:\\\/\\\/www.biopapa.lt\\\/#organization\"},\"potentialAction\":[{\"@type\":\"SearchAction\",\"target\":{\"@type\":\"EntryPoint\",\"urlTemplate\":\"https:\\\/\\\/www.biopapa.lt\\\/?s={search_term_string}\"},\"query-input\":{\"@type\":\"PropertyValueSpecification\",\"valueRequired\":true,\"valueName\":\"search_term_string\"}}],\"inLanguage\":\"en-US\"},{\"@type\":\"Organization\",\"@id\":\"https:\\\/\\\/www.biopapa.lt\\\/#organization\",\"name\":\"Biopapa\",\"url\":\"https:\\\/\\\/www.biopapa.lt\\\/\",\"logo\":{\"@type\":\"ImageObject\",\"inLanguage\":\"en-US\",\"@id\":\"https:\\\/\\\/www.biopapa.lt\\\/#\\\/schema\\\/logo\\\/image\\\/\",\"url\":\"https:\\\/\\\/www.biopapa.lt\\\/wp-content\\\/uploads\\\/2022\\\/04\\\/facebook_biopapa.jpg\",\"contentUrl\":\"https:\\\/\\\/www.biopapa.lt\\\/wp-content\\\/uploads\\\/2022\\\/04\\\/facebook_biopapa.jpg\",\"width\":1733,\"height\":907,\"caption\":\"Biopapa\"},\"image\":{\"@id\":\"https:\\\/\\\/www.biopapa.lt\\\/#\\\/schema\\\/logo\\\/image\\\/\"},\"sameAs\":[\"https:\\\/\\\/www.facebook.com\\\/biopapa.lt\"]}]}<\/script>\n<!-- \/ Yoast SEO plugin. -->","yoast_head_json":{"title":"Organic Frankincense (Bosvellia Carterii) essential oil, 10 ml, ALTEYA - Biopapa","description":"Organic Frankincense (Boswellia Carterii) essential oil, also known as African Frankincense, is extracted from the resinous dried resin of the Boswellia Carterii tree, which grows mainly in north-east Africa.","robots":{"index":"index","follow":"follow","max-snippet":"max-snippet:-1","max-image-preview":"max-image-preview:large","max-video-preview":"max-video-preview:-1"},"canonical":"https:\/\/www.biopapa.lt\/en\/produktas\/organic-frankincense-bosvellia-carterii-essential-oil-10-ml-alteya\/","og_locale":"en_US","og_type":"article","og_title":"Organic Frankincense (Bosvellia Carterii) essential oil, 10 ml, ALTEYA - Biopapa","og_description":"Organic Frankincense (Boswellia Carterii) essential oil, also known as African Frankincense, is extracted from the resinous dried resin of the Boswellia Carterii tree, which grows mainly in north-east Africa.","og_url":"https:\/\/www.biopapa.lt\/en\/produktas\/organic-frankincense-bosvellia-carterii-essential-oil-10-ml-alteya\/","og_site_name":"Biopapa","article_publisher":"https:\/\/www.facebook.com\/biopapa.lt","article_modified_time":"2026-03-07T23:06:05+00:00","og_image":[{"width":800,"height":640,"url":"https:\/\/www.biopapa.lt\/wp-content\/uploads\/2024\/12\/Ekologiskas-Frankincenso-Bosvellia-Carterii-eterinis-aliejus-10-ml-ALTEYA.png","type":"image\/png"}],"twitter_card":"summary_large_image","schema":{"@context":"https:\/\/schema.org","@graph":[{"@type":"WebPage","@id":"https:\/\/www.biopapa.lt\/en\/produktas\/organic-frankincense-bosvellia-carterii-essential-oil-10-ml-alteya\/","url":"https:\/\/www.biopapa.lt\/en\/produktas\/organic-frankincense-bosvellia-carterii-essential-oil-10-ml-alteya\/","name":"Organic Frankincense (Bosvellia Carterii) essential oil, 10 ml, ALTEYA - Biopapa","isPartOf":{"@id":"https:\/\/www.biopapa.lt\/#website"},"primaryImageOfPage":{"@id":"https:\/\/www.biopapa.lt\/en\/produktas\/organic-frankincense-bosvellia-carterii-essential-oil-10-ml-alteya\/#primaryimage"},"image":{"@id":"https:\/\/www.biopapa.lt\/en\/produktas\/organic-frankincense-bosvellia-carterii-essential-oil-10-ml-alteya\/#primaryimage"},"thumbnailUrl":"https:\/\/www.biopapa.lt\/wp-content\/uploads\/2024\/12\/Ekologiskas-Frankincenso-Bosvellia-Carterii-eterinis-aliejus-10-ml-ALTEYA.png","datePublished":"2024-12-20T10:19:29+00:00","dateModified":"2026-03-07T23:06:05+00:00","description":"Organic Frankincense (Boswellia Carterii) essential oil, also known as African Frankincense, is extracted from the resinous dried resin of the Boswellia Carterii tree, which grows mainly in north-east Africa.","breadcrumb":{"@id":"https:\/\/www.biopapa.lt\/en\/produktas\/organic-frankincense-bosvellia-carterii-essential-oil-10-ml-alteya\/#breadcrumb"},"inLanguage":"en-US","potentialAction":[{"@type":"ReadAction","target":["https:\/\/www.biopapa.lt\/en\/produktas\/organic-frankincense-bosvellia-carterii-essential-oil-10-ml-alteya\/"]}]},{"@type":"ImageObject","inLanguage":"en-US","@id":"https:\/\/www.biopapa.lt\/en\/produktas\/organic-frankincense-bosvellia-carterii-essential-oil-10-ml-alteya\/#primaryimage","url":"https:\/\/www.biopapa.lt\/wp-content\/uploads\/2024\/12\/Ekologiskas-Frankincenso-Bosvellia-Carterii-eterinis-aliejus-10-ml-ALTEYA.png","contentUrl":"https:\/\/www.biopapa.lt\/wp-content\/uploads\/2024\/12\/Ekologiskas-Frankincenso-Bosvellia-Carterii-eterinis-aliejus-10-ml-ALTEYA.png","width":800,"height":640},{"@type":"BreadcrumbList","@id":"https:\/\/www.biopapa.lt\/en\/produktas\/organic-frankincense-bosvellia-carterii-essential-oil-10-ml-alteya\/#breadcrumb","itemListElement":[{"@type":"ListItem","position":1,"name":"Home","item":"https:\/\/www.biopapa.lt\/en\/"},{"@type":"ListItem","position":2,"name":"Shop","item":"https:\/\/www.biopapa.lt\/en\/shop\/"},{"@type":"ListItem","position":3,"name":"Organic Frankincense (Bosvellia Carterii) essential oil, 10 ml, ALTEYA"}]},{"@type":"WebSite","@id":"https:\/\/www.biopapa.lt\/#website","url":"https:\/\/www.biopapa.lt\/","name":"Biopapa","description":"\u0160var\u016bs ekologi\u0161ki produktai","publisher":{"@id":"https:\/\/www.biopapa.lt\/#organization"},"potentialAction":[{"@type":"SearchAction","target":{"@type":"EntryPoint","urlTemplate":"https:\/\/www.biopapa.lt\/?s={search_term_string}"},"query-input":{"@type":"PropertyValueSpecification","valueRequired":true,"valueName":"search_term_string"}}],"inLanguage":"en-US"},{"@type":"Organization","@id":"https:\/\/www.biopapa.lt\/#organization","name":"Biopapa","url":"https:\/\/www.biopapa.lt\/","logo":{"@type":"ImageObject","inLanguage":"en-US","@id":"https:\/\/www.biopapa.lt\/#\/schema\/logo\/image\/","url":"https:\/\/www.biopapa.lt\/wp-content\/uploads\/2022\/04\/facebook_biopapa.jpg","contentUrl":"https:\/\/www.biopapa.lt\/wp-content\/uploads\/2022\/04\/facebook_biopapa.jpg","width":1733,"height":907,"caption":"Biopapa"},"image":{"@id":"https:\/\/www.biopapa.lt\/#\/schema\/logo\/image\/"},"sameAs":["https:\/\/www.facebook.com\/biopapa.lt"]}]}},"_links":{"self":[{"href":"https:\/\/www.biopapa.lt\/en\/wp-json\/wp\/v2\/product\/62116","targetHints":{"allow":["GET"]}}],"collection":[{"href":"https:\/\/www.biopapa.lt\/en\/wp-json\/wp\/v2\/product"}],"about":[{"href":"https:\/\/www.biopapa.lt\/en\/wp-json\/wp\/v2\/types\/product"}],"wp:featuredmedia":[{"embeddable":true,"href":"https:\/\/www.biopapa.lt\/en\/wp-json\/wp\/v2\/media\/62119"}],"wp:attachment":[{"href":"https:\/\/www.biopapa.lt\/en\/wp-json\/wp\/v2\/media?parent=62116"}],"wp:term":[{"taxonomy":"product_brand","embeddable":true,"href":"https:\/\/www.biopapa.lt\/en\/wp-json\/wp\/v2\/product_brand?post=62116"},{"taxonomy":"product_cat","embeddable":true,"href":"https:\/\/www.biopapa.lt\/en\/wp-json\/wp\/v2\/product_cat?post=62116"},{"taxonomy":"product_tag","embeddable":true,"href":"https:\/\/www.biopapa.lt\/en\/wp-json\/wp\/v2\/product_tag?post=62116"}],"curies":[{"name":"wp","href":"https:\/\/api.w.org\/{rel}","templated":true}]}}