{"id":61136,"date":"2024-12-04T11:15:10","date_gmt":"2024-12-04T09:15:10","guid":{"rendered":"https:\/\/www.biopapa.lt\/?post_type=product&#038;p=61136"},"modified":"2025-11-17T02:16:53","modified_gmt":"2025-11-17T00:16:53","slug":"organic-apotheke-chamomile-tea-for-children-from-4-months-20-x-1-g-20g","status":"publish","type":"product","link":"https:\/\/www.biopapa.lt\/en\/produktas\/organic-apotheke-chamomile-tea-for-children-from-4-months-20-x-1-g-20g\/","title":{"rendered":"Organic APOTHEKE chamomile tea for children from 4 months (20 x 1 g) 20 g"},"content":{"rendered":"<p>Chamomile helps to maintain proper functioning of the digestive system, promotes relaxation and better sleep.<br \/>\nIt is important to live a healthy lifestyle and to follow a balanced diet.<br \/>\nIf you sweeten tea, do not give it to babies in a bottle with a teat, use a cup.<br \/>\nThe maximum dose of sugar for one cup (250 ml of water) is 12.5 g (max. 5 g\/100 ml). Preparation:<br \/>\nPour 1 packet over 250 ml of boiling water, leave for 10 minutes to soak. Drink 2-3 cups per day.<\/p>\n","protected":false},"excerpt":{"rendered":"<p>Chamomile helps to maintain proper functioning of the digestive system, promotes relaxation and better sleep. It is important to live<\/p>\n","protected":false},"featured_media":201502,"template":"","meta":{"_acf_changed":false},"product_brand":[],"product_cat":[2691,2016,1945,1847],"product_tag":[2086,2088],"class_list":{"0":"post-61136","1":"product","2":"type-product","3":"status-publish","4":"has-post-thumbnail","6":"product_cat-children-baby-food","7":"product_cat-for-children","8":"product_cat-tea","9":"product_cat-tea-coffee-cocoa-en","10":"product_tag-for-children","11":"product_tag-vegan","12":"pa_svoris-1-kg-en-2","13":"pa_svoris-100-g-en-2","14":"pa_svoris-200-g-en","15":"pa_svoris-300-g-en","16":"pa_svoris-400-g-en","17":"pa_svoris-50-g-en","18":"pa_svoris-500-g-en-2","20":"first","21":"instock","22":"shipping-taxable","23":"purchasable","24":"product-type-simple"},"acf":[],"yoast_head":"<!-- This site is optimized with the Yoast SEO plugin v27.5 - https:\/\/yoast.com\/product\/yoast-seo-wordpress\/ -->\n<title>Organic APOTHEKE chamomile tea for children from 4 months (20 x 1 g) 20 g - Biopapa<\/title>\n<meta name=\"description\" content=\"Chamomile helps to maintain a healthy digestive system, promotes relaxation and better sleep.\" \/>\n<meta name=\"robots\" content=\"index, follow, max-snippet:-1, max-image-preview:large, max-video-preview:-1\" \/>\n<link rel=\"canonical\" href=\"https:\/\/www.biopapa.lt\/en\/produktas\/organic-apotheke-chamomile-tea-for-children-from-4-months-20-x-1-g-20g\/\" \/>\n<meta property=\"og:locale\" content=\"en_US\" \/>\n<meta property=\"og:type\" content=\"article\" \/>\n<meta property=\"og:title\" content=\"Organic APOTHEKE chamomile tea for children from 4 months (20 x 1 g) 20 g - Biopapa\" \/>\n<meta property=\"og:description\" content=\"Chamomile helps to maintain a healthy digestive system, promotes relaxation and better sleep.\" \/>\n<meta property=\"og:url\" content=\"https:\/\/www.biopapa.lt\/en\/produktas\/organic-apotheke-chamomile-tea-for-children-from-4-months-20-x-1-g-20g\/\" \/>\n<meta property=\"og:site_name\" content=\"Biopapa\" \/>\n<meta property=\"article:publisher\" content=\"https:\/\/www.facebook.com\/biopapa.lt\" \/>\n<meta property=\"article:modified_time\" content=\"2025-11-17T00:16:53+00:00\" \/>\n<meta property=\"og:image\" content=\"https:\/\/www.biopapa.lt\/wp-content\/uploads\/2024\/12\/Ekologiska-APOTHEKE-ramuneliu-arbata-vaikams-nuo-4-men.-20-x-1-g-20-g.png\" \/>\n\t<meta property=\"og:image:width\" content=\"800\" \/>\n\t<meta property=\"og:image:height\" content=\"640\" \/>\n\t<meta property=\"og:image:type\" content=\"image\/png\" \/>\n<meta name=\"twitter:card\" content=\"summary_large_image\" \/>\n<script type=\"application\/ld+json\" class=\"yoast-schema-graph\">{\"@context\":\"https:\\\/\\\/schema.org\",\"@graph\":[{\"@type\":\"WebPage\",\"@id\":\"https:\\\/\\\/www.biopapa.lt\\\/en\\\/produktas\\\/organic-apotheke-chamomile-tea-for-children-from-4-months-20-x-1-g-20g\\\/\",\"url\":\"https:\\\/\\\/www.biopapa.lt\\\/en\\\/produktas\\\/organic-apotheke-chamomile-tea-for-children-from-4-months-20-x-1-g-20g\\\/\",\"name\":\"Organic APOTHEKE chamomile tea for children from 4 months (20 x 1 g) 20 g - Biopapa\",\"isPartOf\":{\"@id\":\"https:\\\/\\\/www.biopapa.lt\\\/#website\"},\"primaryImageOfPage\":{\"@id\":\"https:\\\/\\\/www.biopapa.lt\\\/en\\\/produktas\\\/organic-apotheke-chamomile-tea-for-children-from-4-months-20-x-1-g-20g\\\/#primaryimage\"},\"image\":{\"@id\":\"https:\\\/\\\/www.biopapa.lt\\\/en\\\/produktas\\\/organic-apotheke-chamomile-tea-for-children-from-4-months-20-x-1-g-20g\\\/#primaryimage\"},\"thumbnailUrl\":\"https:\\\/\\\/www.biopapa.lt\\\/wp-content\\\/uploads\\\/2024\\\/12\\\/Ekologiska-APOTHEKE-ramuneliu-arbata-vaikams.png\",\"datePublished\":\"2024-12-04T09:15:10+00:00\",\"dateModified\":\"2025-11-17T00:16:53+00:00\",\"description\":\"Chamomile helps to maintain a healthy digestive system, promotes relaxation and better sleep.\",\"breadcrumb\":{\"@id\":\"https:\\\/\\\/www.biopapa.lt\\\/en\\\/produktas\\\/organic-apotheke-chamomile-tea-for-children-from-4-months-20-x-1-g-20g\\\/#breadcrumb\"},\"inLanguage\":\"en-US\",\"potentialAction\":[{\"@type\":\"ReadAction\",\"target\":[\"https:\\\/\\\/www.biopapa.lt\\\/en\\\/produktas\\\/organic-apotheke-chamomile-tea-for-children-from-4-months-20-x-1-g-20g\\\/\"]}]},{\"@type\":\"ImageObject\",\"inLanguage\":\"en-US\",\"@id\":\"https:\\\/\\\/www.biopapa.lt\\\/en\\\/produktas\\\/organic-apotheke-chamomile-tea-for-children-from-4-months-20-x-1-g-20g\\\/#primaryimage\",\"url\":\"https:\\\/\\\/www.biopapa.lt\\\/wp-content\\\/uploads\\\/2024\\\/12\\\/Ekologiska-APOTHEKE-ramuneliu-arbata-vaikams.png\",\"contentUrl\":\"https:\\\/\\\/www.biopapa.lt\\\/wp-content\\\/uploads\\\/2024\\\/12\\\/Ekologiska-APOTHEKE-ramuneliu-arbata-vaikams.png\",\"width\":800,\"height\":640},{\"@type\":\"BreadcrumbList\",\"@id\":\"https:\\\/\\\/www.biopapa.lt\\\/en\\\/produktas\\\/organic-apotheke-chamomile-tea-for-children-from-4-months-20-x-1-g-20g\\\/#breadcrumb\",\"itemListElement\":[{\"@type\":\"ListItem\",\"position\":1,\"name\":\"Home\",\"item\":\"https:\\\/\\\/www.biopapa.lt\\\/en\\\/\"},{\"@type\":\"ListItem\",\"position\":2,\"name\":\"Shop\",\"item\":\"https:\\\/\\\/www.biopapa.lt\\\/en\\\/shop\\\/\"},{\"@type\":\"ListItem\",\"position\":3,\"name\":\"Organic APOTHEKE chamomile tea for children from 4 months (20 x 1 g) 20 g\"}]},{\"@type\":\"WebSite\",\"@id\":\"https:\\\/\\\/www.biopapa.lt\\\/#website\",\"url\":\"https:\\\/\\\/www.biopapa.lt\\\/\",\"name\":\"Biopapa\",\"description\":\"\u0160var\u016bs ekologi\u0161ki produktai\",\"publisher\":{\"@id\":\"https:\\\/\\\/www.biopapa.lt\\\/#organization\"},\"potentialAction\":[{\"@type\":\"SearchAction\",\"target\":{\"@type\":\"EntryPoint\",\"urlTemplate\":\"https:\\\/\\\/www.biopapa.lt\\\/?s={search_term_string}\"},\"query-input\":{\"@type\":\"PropertyValueSpecification\",\"valueRequired\":true,\"valueName\":\"search_term_string\"}}],\"inLanguage\":\"en-US\"},{\"@type\":\"Organization\",\"@id\":\"https:\\\/\\\/www.biopapa.lt\\\/#organization\",\"name\":\"Biopapa\",\"url\":\"https:\\\/\\\/www.biopapa.lt\\\/\",\"logo\":{\"@type\":\"ImageObject\",\"inLanguage\":\"en-US\",\"@id\":\"https:\\\/\\\/www.biopapa.lt\\\/#\\\/schema\\\/logo\\\/image\\\/\",\"url\":\"https:\\\/\\\/www.biopapa.lt\\\/wp-content\\\/uploads\\\/2022\\\/04\\\/facebook_biopapa.jpg\",\"contentUrl\":\"https:\\\/\\\/www.biopapa.lt\\\/wp-content\\\/uploads\\\/2022\\\/04\\\/facebook_biopapa.jpg\",\"width\":1733,\"height\":907,\"caption\":\"Biopapa\"},\"image\":{\"@id\":\"https:\\\/\\\/www.biopapa.lt\\\/#\\\/schema\\\/logo\\\/image\\\/\"},\"sameAs\":[\"https:\\\/\\\/www.facebook.com\\\/biopapa.lt\"]}]}<\/script>\n<!-- \/ Yoast SEO plugin. -->","yoast_head_json":{"title":"Organic APOTHEKE chamomile tea for children from 4 months (20 x 1 g) 20 g - Biopapa","description":"Chamomile helps to maintain a healthy digestive system, promotes relaxation and better sleep.","robots":{"index":"index","follow":"follow","max-snippet":"max-snippet:-1","max-image-preview":"max-image-preview:large","max-video-preview":"max-video-preview:-1"},"canonical":"https:\/\/www.biopapa.lt\/en\/produktas\/organic-apotheke-chamomile-tea-for-children-from-4-months-20-x-1-g-20g\/","og_locale":"en_US","og_type":"article","og_title":"Organic APOTHEKE chamomile tea for children from 4 months (20 x 1 g) 20 g - Biopapa","og_description":"Chamomile helps to maintain a healthy digestive system, promotes relaxation and better sleep.","og_url":"https:\/\/www.biopapa.lt\/en\/produktas\/organic-apotheke-chamomile-tea-for-children-from-4-months-20-x-1-g-20g\/","og_site_name":"Biopapa","article_publisher":"https:\/\/www.facebook.com\/biopapa.lt","article_modified_time":"2025-11-17T00:16:53+00:00","og_image":[{"width":800,"height":640,"url":"https:\/\/www.biopapa.lt\/wp-content\/uploads\/2024\/12\/Ekologiska-APOTHEKE-ramuneliu-arbata-vaikams-nuo-4-men.-20-x-1-g-20-g.png","type":"image\/png"}],"twitter_card":"summary_large_image","schema":{"@context":"https:\/\/schema.org","@graph":[{"@type":"WebPage","@id":"https:\/\/www.biopapa.lt\/en\/produktas\/organic-apotheke-chamomile-tea-for-children-from-4-months-20-x-1-g-20g\/","url":"https:\/\/www.biopapa.lt\/en\/produktas\/organic-apotheke-chamomile-tea-for-children-from-4-months-20-x-1-g-20g\/","name":"Organic APOTHEKE chamomile tea for children from 4 months (20 x 1 g) 20 g - Biopapa","isPartOf":{"@id":"https:\/\/www.biopapa.lt\/#website"},"primaryImageOfPage":{"@id":"https:\/\/www.biopapa.lt\/en\/produktas\/organic-apotheke-chamomile-tea-for-children-from-4-months-20-x-1-g-20g\/#primaryimage"},"image":{"@id":"https:\/\/www.biopapa.lt\/en\/produktas\/organic-apotheke-chamomile-tea-for-children-from-4-months-20-x-1-g-20g\/#primaryimage"},"thumbnailUrl":"https:\/\/www.biopapa.lt\/wp-content\/uploads\/2024\/12\/Ekologiska-APOTHEKE-ramuneliu-arbata-vaikams.png","datePublished":"2024-12-04T09:15:10+00:00","dateModified":"2025-11-17T00:16:53+00:00","description":"Chamomile helps to maintain a healthy digestive system, promotes relaxation and better sleep.","breadcrumb":{"@id":"https:\/\/www.biopapa.lt\/en\/produktas\/organic-apotheke-chamomile-tea-for-children-from-4-months-20-x-1-g-20g\/#breadcrumb"},"inLanguage":"en-US","potentialAction":[{"@type":"ReadAction","target":["https:\/\/www.biopapa.lt\/en\/produktas\/organic-apotheke-chamomile-tea-for-children-from-4-months-20-x-1-g-20g\/"]}]},{"@type":"ImageObject","inLanguage":"en-US","@id":"https:\/\/www.biopapa.lt\/en\/produktas\/organic-apotheke-chamomile-tea-for-children-from-4-months-20-x-1-g-20g\/#primaryimage","url":"https:\/\/www.biopapa.lt\/wp-content\/uploads\/2024\/12\/Ekologiska-APOTHEKE-ramuneliu-arbata-vaikams.png","contentUrl":"https:\/\/www.biopapa.lt\/wp-content\/uploads\/2024\/12\/Ekologiska-APOTHEKE-ramuneliu-arbata-vaikams.png","width":800,"height":640},{"@type":"BreadcrumbList","@id":"https:\/\/www.biopapa.lt\/en\/produktas\/organic-apotheke-chamomile-tea-for-children-from-4-months-20-x-1-g-20g\/#breadcrumb","itemListElement":[{"@type":"ListItem","position":1,"name":"Home","item":"https:\/\/www.biopapa.lt\/en\/"},{"@type":"ListItem","position":2,"name":"Shop","item":"https:\/\/www.biopapa.lt\/en\/shop\/"},{"@type":"ListItem","position":3,"name":"Organic APOTHEKE chamomile tea for children from 4 months (20 x 1 g) 20 g"}]},{"@type":"WebSite","@id":"https:\/\/www.biopapa.lt\/#website","url":"https:\/\/www.biopapa.lt\/","name":"Biopapa","description":"\u0160var\u016bs ekologi\u0161ki produktai","publisher":{"@id":"https:\/\/www.biopapa.lt\/#organization"},"potentialAction":[{"@type":"SearchAction","target":{"@type":"EntryPoint","urlTemplate":"https:\/\/www.biopapa.lt\/?s={search_term_string}"},"query-input":{"@type":"PropertyValueSpecification","valueRequired":true,"valueName":"search_term_string"}}],"inLanguage":"en-US"},{"@type":"Organization","@id":"https:\/\/www.biopapa.lt\/#organization","name":"Biopapa","url":"https:\/\/www.biopapa.lt\/","logo":{"@type":"ImageObject","inLanguage":"en-US","@id":"https:\/\/www.biopapa.lt\/#\/schema\/logo\/image\/","url":"https:\/\/www.biopapa.lt\/wp-content\/uploads\/2022\/04\/facebook_biopapa.jpg","contentUrl":"https:\/\/www.biopapa.lt\/wp-content\/uploads\/2022\/04\/facebook_biopapa.jpg","width":1733,"height":907,"caption":"Biopapa"},"image":{"@id":"https:\/\/www.biopapa.lt\/#\/schema\/logo\/image\/"},"sameAs":["https:\/\/www.facebook.com\/biopapa.lt"]}]}},"_links":{"self":[{"href":"https:\/\/www.biopapa.lt\/en\/wp-json\/wp\/v2\/product\/61136","targetHints":{"allow":["GET"]}}],"collection":[{"href":"https:\/\/www.biopapa.lt\/en\/wp-json\/wp\/v2\/product"}],"about":[{"href":"https:\/\/www.biopapa.lt\/en\/wp-json\/wp\/v2\/types\/product"}],"wp:featuredmedia":[{"embeddable":true,"href":"https:\/\/www.biopapa.lt\/en\/wp-json\/wp\/v2\/media\/201502"}],"wp:attachment":[{"href":"https:\/\/www.biopapa.lt\/en\/wp-json\/wp\/v2\/media?parent=61136"}],"wp:term":[{"taxonomy":"product_brand","embeddable":true,"href":"https:\/\/www.biopapa.lt\/en\/wp-json\/wp\/v2\/product_brand?post=61136"},{"taxonomy":"product_cat","embeddable":true,"href":"https:\/\/www.biopapa.lt\/en\/wp-json\/wp\/v2\/product_cat?post=61136"},{"taxonomy":"product_tag","embeddable":true,"href":"https:\/\/www.biopapa.lt\/en\/wp-json\/wp\/v2\/product_tag?post=61136"}],"curies":[{"name":"wp","href":"https:\/\/api.w.org\/{rel}","templated":true}]}}