{"id":61008,"date":"2024-12-02T15:04:51","date_gmt":"2024-12-02T13:04:51","guid":{"rendered":"https:\/\/www.biopapa.lt\/?post_type=product&#038;p=61008"},"modified":"2026-03-03T09:15:17","modified_gmt":"2026-03-03T07:15:17","slug":"organic-almond-drink-barista-without-added-sugar-1l-natumi","status":"publish","type":"product","link":"https:\/\/www.biopapa.lt\/en\/produktas\/organic-almond-drink-barista-without-added-sugar-1l-natumi\/","title":{"rendered":"Organic almond drink BARISTA, without added sugar, 1 L, Natumi"},"content":{"rendered":"<p><strong>Organic almond drink BARISTA, without added sugar, 1 L, Natumi<\/strong><br \/>\nThe perfect choice for both professional baristas and those who like to enjoy coffee at home. With this product you will get a smooth, velvety foam that will make drinking coffee an even more enjoyable ritual. This drink will help you make a latte or cappuccino, just like from your favourite caf\u00e9.<br \/>\nThis product is naturally lactose-free.<br \/>\nNot suitable for babies.<br \/>\nShake before use.<br \/>\nUHT product.  <\/p>\n","protected":false},"excerpt":{"rendered":"<p>&nbsp;<\/p>\n<p>&nbsp;<\/p>\n","protected":false},"featured_media":247509,"template":"","meta":{"_acf_changed":false},"product_brand":[],"product_cat":[2378],"product_tag":[2038,2088],"class_list":{"0":"post-61008","1":"product","2":"type-product","3":"status-publish","4":"has-post-thumbnail","6":"product_cat-drinks","7":"product_tag-no-added-sugar","8":"product_tag-vegan","10":"first","11":"instock","12":"shipping-taxable","13":"purchasable","14":"product-type-simple"},"acf":[],"yoast_head":"<!-- This site is optimized with the Yoast SEO plugin v27.4 - https:\/\/yoast.com\/product\/yoast-seo-wordpress\/ -->\n<title>Organic almond drink BARISTA, without added sugar, 1 L, Natumi - Biopapa<\/title>\n<meta name=\"description\" content=\"Organic almond drink with no added sugar. This drink will help you make a latte or cappuccino, just like from your favourite caf\u00e9.\" \/>\n<meta name=\"robots\" content=\"index, follow, max-snippet:-1, max-image-preview:large, max-video-preview:-1\" \/>\n<link rel=\"canonical\" href=\"https:\/\/www.biopapa.lt\/en\/produktas\/organic-almond-drink-barista-without-added-sugar-1l-natumi\/\" \/>\n<meta property=\"og:locale\" content=\"en_US\" \/>\n<meta property=\"og:type\" content=\"article\" \/>\n<meta property=\"og:title\" content=\"Organic almond drink BARISTA, without added sugar, 1 L, Natumi - Biopapa\" \/>\n<meta property=\"og:description\" content=\"Organic almond drink with no added sugar. This drink will help you make a latte or cappuccino, just like from your favourite caf\u00e9.\" \/>\n<meta property=\"og:url\" content=\"https:\/\/www.biopapa.lt\/en\/produktas\/organic-almond-drink-barista-without-added-sugar-1l-natumi\/\" \/>\n<meta property=\"og:site_name\" content=\"Biopapa\" \/>\n<meta property=\"article:publisher\" content=\"https:\/\/www.facebook.com\/biopapa.lt\" \/>\n<meta property=\"article:modified_time\" content=\"2026-03-03T07:15:17+00:00\" \/>\n<meta property=\"og:image\" content=\"https:\/\/www.biopapa.lt\/wp-content\/uploads\/2024\/12\/Ekologiskas-migdolu-gerimas-BARISTA-be-pridetinio-cukraus-1-L-Natumi.png\" \/>\n\t<meta property=\"og:image:width\" content=\"800\" \/>\n\t<meta property=\"og:image:height\" content=\"640\" \/>\n\t<meta property=\"og:image:type\" content=\"image\/png\" \/>\n<meta name=\"twitter:card\" content=\"summary_large_image\" \/>\n<script type=\"application\/ld+json\" class=\"yoast-schema-graph\">{\"@context\":\"https:\\\/\\\/schema.org\",\"@graph\":[{\"@type\":\"WebPage\",\"@id\":\"https:\\\/\\\/www.biopapa.lt\\\/en\\\/produktas\\\/organic-almond-drink-barista-without-added-sugar-1l-natumi\\\/\",\"url\":\"https:\\\/\\\/www.biopapa.lt\\\/en\\\/produktas\\\/organic-almond-drink-barista-without-added-sugar-1l-natumi\\\/\",\"name\":\"Organic almond drink BARISTA, without added sugar, 1 L, Natumi - Biopapa\",\"isPartOf\":{\"@id\":\"https:\\\/\\\/www.biopapa.lt\\\/#website\"},\"primaryImageOfPage\":{\"@id\":\"https:\\\/\\\/www.biopapa.lt\\\/en\\\/produktas\\\/organic-almond-drink-barista-without-added-sugar-1l-natumi\\\/#primaryimage\"},\"image\":{\"@id\":\"https:\\\/\\\/www.biopapa.lt\\\/en\\\/produktas\\\/organic-almond-drink-barista-without-added-sugar-1l-natumi\\\/#primaryimage\"},\"thumbnailUrl\":\"https:\\\/\\\/www.biopapa.lt\\\/wp-content\\\/uploads\\\/2024\\\/12\\\/Ekologiskas-migdolu-gerimas-BARISTA.png\",\"datePublished\":\"2024-12-02T13:04:51+00:00\",\"dateModified\":\"2026-03-03T07:15:17+00:00\",\"description\":\"Organic almond drink with no added sugar. This drink will help you make a latte or cappuccino, just like from your favourite caf\u00e9.\",\"breadcrumb\":{\"@id\":\"https:\\\/\\\/www.biopapa.lt\\\/en\\\/produktas\\\/organic-almond-drink-barista-without-added-sugar-1l-natumi\\\/#breadcrumb\"},\"inLanguage\":\"en-US\",\"potentialAction\":[{\"@type\":\"ReadAction\",\"target\":[\"https:\\\/\\\/www.biopapa.lt\\\/en\\\/produktas\\\/organic-almond-drink-barista-without-added-sugar-1l-natumi\\\/\"]}]},{\"@type\":\"ImageObject\",\"inLanguage\":\"en-US\",\"@id\":\"https:\\\/\\\/www.biopapa.lt\\\/en\\\/produktas\\\/organic-almond-drink-barista-without-added-sugar-1l-natumi\\\/#primaryimage\",\"url\":\"https:\\\/\\\/www.biopapa.lt\\\/wp-content\\\/uploads\\\/2024\\\/12\\\/Ekologiskas-migdolu-gerimas-BARISTA.png\",\"contentUrl\":\"https:\\\/\\\/www.biopapa.lt\\\/wp-content\\\/uploads\\\/2024\\\/12\\\/Ekologiskas-migdolu-gerimas-BARISTA.png\",\"width\":800,\"height\":640},{\"@type\":\"BreadcrumbList\",\"@id\":\"https:\\\/\\\/www.biopapa.lt\\\/en\\\/produktas\\\/organic-almond-drink-barista-without-added-sugar-1l-natumi\\\/#breadcrumb\",\"itemListElement\":[{\"@type\":\"ListItem\",\"position\":1,\"name\":\"Home\",\"item\":\"https:\\\/\\\/www.biopapa.lt\\\/en\\\/\"},{\"@type\":\"ListItem\",\"position\":2,\"name\":\"Shop\",\"item\":\"https:\\\/\\\/www.biopapa.lt\\\/en\\\/shop\\\/\"},{\"@type\":\"ListItem\",\"position\":3,\"name\":\"Organic almond drink BARISTA, without added sugar, 1 L, Natumi\"}]},{\"@type\":\"WebSite\",\"@id\":\"https:\\\/\\\/www.biopapa.lt\\\/#website\",\"url\":\"https:\\\/\\\/www.biopapa.lt\\\/\",\"name\":\"Biopapa\",\"description\":\"\u0160var\u016bs ekologi\u0161ki produktai\",\"publisher\":{\"@id\":\"https:\\\/\\\/www.biopapa.lt\\\/#organization\"},\"potentialAction\":[{\"@type\":\"SearchAction\",\"target\":{\"@type\":\"EntryPoint\",\"urlTemplate\":\"https:\\\/\\\/www.biopapa.lt\\\/?s={search_term_string}\"},\"query-input\":{\"@type\":\"PropertyValueSpecification\",\"valueRequired\":true,\"valueName\":\"search_term_string\"}}],\"inLanguage\":\"en-US\"},{\"@type\":\"Organization\",\"@id\":\"https:\\\/\\\/www.biopapa.lt\\\/#organization\",\"name\":\"Biopapa\",\"url\":\"https:\\\/\\\/www.biopapa.lt\\\/\",\"logo\":{\"@type\":\"ImageObject\",\"inLanguage\":\"en-US\",\"@id\":\"https:\\\/\\\/www.biopapa.lt\\\/#\\\/schema\\\/logo\\\/image\\\/\",\"url\":\"https:\\\/\\\/www.biopapa.lt\\\/wp-content\\\/uploads\\\/2022\\\/04\\\/facebook_biopapa.jpg\",\"contentUrl\":\"https:\\\/\\\/www.biopapa.lt\\\/wp-content\\\/uploads\\\/2022\\\/04\\\/facebook_biopapa.jpg\",\"width\":1733,\"height\":907,\"caption\":\"Biopapa\"},\"image\":{\"@id\":\"https:\\\/\\\/www.biopapa.lt\\\/#\\\/schema\\\/logo\\\/image\\\/\"},\"sameAs\":[\"https:\\\/\\\/www.facebook.com\\\/biopapa.lt\"]}]}<\/script>\n<!-- \/ Yoast SEO plugin. -->","yoast_head_json":{"title":"Organic almond drink BARISTA, without added sugar, 1 L, Natumi - Biopapa","description":"Organic almond drink with no added sugar. This drink will help you make a latte or cappuccino, just like from your favourite caf\u00e9.","robots":{"index":"index","follow":"follow","max-snippet":"max-snippet:-1","max-image-preview":"max-image-preview:large","max-video-preview":"max-video-preview:-1"},"canonical":"https:\/\/www.biopapa.lt\/en\/produktas\/organic-almond-drink-barista-without-added-sugar-1l-natumi\/","og_locale":"en_US","og_type":"article","og_title":"Organic almond drink BARISTA, without added sugar, 1 L, Natumi - Biopapa","og_description":"Organic almond drink with no added sugar. This drink will help you make a latte or cappuccino, just like from your favourite caf\u00e9.","og_url":"https:\/\/www.biopapa.lt\/en\/produktas\/organic-almond-drink-barista-without-added-sugar-1l-natumi\/","og_site_name":"Biopapa","article_publisher":"https:\/\/www.facebook.com\/biopapa.lt","article_modified_time":"2026-03-03T07:15:17+00:00","og_image":[{"width":800,"height":640,"url":"https:\/\/www.biopapa.lt\/wp-content\/uploads\/2024\/12\/Ekologiskas-migdolu-gerimas-BARISTA-be-pridetinio-cukraus-1-L-Natumi.png","type":"image\/png"}],"twitter_card":"summary_large_image","schema":{"@context":"https:\/\/schema.org","@graph":[{"@type":"WebPage","@id":"https:\/\/www.biopapa.lt\/en\/produktas\/organic-almond-drink-barista-without-added-sugar-1l-natumi\/","url":"https:\/\/www.biopapa.lt\/en\/produktas\/organic-almond-drink-barista-without-added-sugar-1l-natumi\/","name":"Organic almond drink BARISTA, without added sugar, 1 L, Natumi - Biopapa","isPartOf":{"@id":"https:\/\/www.biopapa.lt\/#website"},"primaryImageOfPage":{"@id":"https:\/\/www.biopapa.lt\/en\/produktas\/organic-almond-drink-barista-without-added-sugar-1l-natumi\/#primaryimage"},"image":{"@id":"https:\/\/www.biopapa.lt\/en\/produktas\/organic-almond-drink-barista-without-added-sugar-1l-natumi\/#primaryimage"},"thumbnailUrl":"https:\/\/www.biopapa.lt\/wp-content\/uploads\/2024\/12\/Ekologiskas-migdolu-gerimas-BARISTA.png","datePublished":"2024-12-02T13:04:51+00:00","dateModified":"2026-03-03T07:15:17+00:00","description":"Organic almond drink with no added sugar. This drink will help you make a latte or cappuccino, just like from your favourite caf\u00e9.","breadcrumb":{"@id":"https:\/\/www.biopapa.lt\/en\/produktas\/organic-almond-drink-barista-without-added-sugar-1l-natumi\/#breadcrumb"},"inLanguage":"en-US","potentialAction":[{"@type":"ReadAction","target":["https:\/\/www.biopapa.lt\/en\/produktas\/organic-almond-drink-barista-without-added-sugar-1l-natumi\/"]}]},{"@type":"ImageObject","inLanguage":"en-US","@id":"https:\/\/www.biopapa.lt\/en\/produktas\/organic-almond-drink-barista-without-added-sugar-1l-natumi\/#primaryimage","url":"https:\/\/www.biopapa.lt\/wp-content\/uploads\/2024\/12\/Ekologiskas-migdolu-gerimas-BARISTA.png","contentUrl":"https:\/\/www.biopapa.lt\/wp-content\/uploads\/2024\/12\/Ekologiskas-migdolu-gerimas-BARISTA.png","width":800,"height":640},{"@type":"BreadcrumbList","@id":"https:\/\/www.biopapa.lt\/en\/produktas\/organic-almond-drink-barista-without-added-sugar-1l-natumi\/#breadcrumb","itemListElement":[{"@type":"ListItem","position":1,"name":"Home","item":"https:\/\/www.biopapa.lt\/en\/"},{"@type":"ListItem","position":2,"name":"Shop","item":"https:\/\/www.biopapa.lt\/en\/shop\/"},{"@type":"ListItem","position":3,"name":"Organic almond drink BARISTA, without added sugar, 1 L, Natumi"}]},{"@type":"WebSite","@id":"https:\/\/www.biopapa.lt\/#website","url":"https:\/\/www.biopapa.lt\/","name":"Biopapa","description":"\u0160var\u016bs ekologi\u0161ki produktai","publisher":{"@id":"https:\/\/www.biopapa.lt\/#organization"},"potentialAction":[{"@type":"SearchAction","target":{"@type":"EntryPoint","urlTemplate":"https:\/\/www.biopapa.lt\/?s={search_term_string}"},"query-input":{"@type":"PropertyValueSpecification","valueRequired":true,"valueName":"search_term_string"}}],"inLanguage":"en-US"},{"@type":"Organization","@id":"https:\/\/www.biopapa.lt\/#organization","name":"Biopapa","url":"https:\/\/www.biopapa.lt\/","logo":{"@type":"ImageObject","inLanguage":"en-US","@id":"https:\/\/www.biopapa.lt\/#\/schema\/logo\/image\/","url":"https:\/\/www.biopapa.lt\/wp-content\/uploads\/2022\/04\/facebook_biopapa.jpg","contentUrl":"https:\/\/www.biopapa.lt\/wp-content\/uploads\/2022\/04\/facebook_biopapa.jpg","width":1733,"height":907,"caption":"Biopapa"},"image":{"@id":"https:\/\/www.biopapa.lt\/#\/schema\/logo\/image\/"},"sameAs":["https:\/\/www.facebook.com\/biopapa.lt"]}]}},"_links":{"self":[{"href":"https:\/\/www.biopapa.lt\/en\/wp-json\/wp\/v2\/product\/61008","targetHints":{"allow":["GET"]}}],"collection":[{"href":"https:\/\/www.biopapa.lt\/en\/wp-json\/wp\/v2\/product"}],"about":[{"href":"https:\/\/www.biopapa.lt\/en\/wp-json\/wp\/v2\/types\/product"}],"wp:featuredmedia":[{"embeddable":true,"href":"https:\/\/www.biopapa.lt\/en\/wp-json\/wp\/v2\/media\/247509"}],"wp:attachment":[{"href":"https:\/\/www.biopapa.lt\/en\/wp-json\/wp\/v2\/media?parent=61008"}],"wp:term":[{"taxonomy":"product_brand","embeddable":true,"href":"https:\/\/www.biopapa.lt\/en\/wp-json\/wp\/v2\/product_brand?post=61008"},{"taxonomy":"product_cat","embeddable":true,"href":"https:\/\/www.biopapa.lt\/en\/wp-json\/wp\/v2\/product_cat?post=61008"},{"taxonomy":"product_tag","embeddable":true,"href":"https:\/\/www.biopapa.lt\/en\/wp-json\/wp\/v2\/product_tag?post=61008"}],"curies":[{"name":"wp","href":"https:\/\/api.w.org\/{rel}","templated":true}]}}