{"id":60946,"date":"2024-12-02T09:36:08","date_gmt":"2024-12-02T07:36:08","guid":{"rendered":"https:\/\/www.biopapa.lt\/?post_type=product&#038;p=60946"},"modified":"2026-03-05T09:07:13","modified_gmt":"2026-03-05T07:07:13","slug":"organic-einkorn-single-grain-wheat","status":"publish","type":"product","link":"https:\/\/www.biopapa.lt\/en\/produktas\/organic-einkorn-single-grain-wheat\/","title":{"rendered":"Organic Einkorn wheat grains"},"content":{"rendered":"<p class=\"p1\"><strong>Eikorn wheat<\/strong><em>(Triticum monococcum<\/em>), one of the oldest wheat varieties in cultivation, is valued for its high nutritional value &#8211; rich in protein, essential amino acids and antioxidants such as lutein, which supports eye health.<br \/>\nIt contains less gluten than modern wheat, making it easier to digest for some people, but is not suitable for coeliacs.<br \/>\nIts high fibre content aids digestion and supports intestinal health, while its minerals, such as magnesium, zinc and iron, promote the overall well-being of the body.<br \/>\nEinkorn flour is often used in baked goods such as bread, pancakes, pasta and cakes, giving a nutty flavour and a soft texture.<br \/>\nHowever, einkorn may not be suitable for people with gluten sensitivities or allergies and, like all cereals, should be consumed in moderation to avoid excessive carbohydrate intake.<\/p>\n<p><strong>Eikorn wheat hulled and dried<\/strong> <strong>single-grain wheat<\/strong> &#8211; the hard, &#8216;straw-like&#8217; outer husk is mechanically removed, leaving intact, light brown, cleaned kernels. The kernels are green and have not been subjected to any heat treatment (roasting, steaming or boiling). They are therefore generally suitable for sprouting if they have been stored properly and have retained their natural germination. Please note that the product is marketed as food grade grain and is not certified as seed, so germination rates are not verified.   <strong><br \/>\n<\/strong><\/p>\n<p><em>NOTE. The information contained herein should not be construed as a recommendation for treatment or other health issues. <\/em><em>We encourage you to make personal decisions about your personal health, taking into account a wide range of sources of information.<\/em><\/p>\n","protected":false},"excerpt":{"rendered":"<p>Eikorn wheat(Triticum monococcum), one of the oldest wheat varieties in cultivation, is valued for its high nutritional value &#8211; rich<\/p>\n","protected":false},"featured_media":60966,"template":"","meta":{"_acf_changed":false},"product_brand":[],"product_cat":[1855,1980],"product_tag":[2092,2088],"class_list":{"0":"post-60946","1":"product","2":"type-product","3":"status-publish","4":"has-post-thumbnail","6":"product_cat-grains-and-legumes","7":"product_cat-groats","8":"product_tag-raw-diet","9":"product_tag-vegan","10":"pa_svoris-1-kg-en-2","11":"pa_svoris-100-g-en-2","12":"pa_svoris-200-g-en","13":"pa_svoris-25-kg-en","14":"pa_svoris-300-g-en","15":"pa_svoris-400-g-en","16":"pa_svoris-500-g-en-2","18":"first","19":"instock","20":"shipping-taxable","21":"purchasable","22":"product-type-variable"},"acf":[],"yoast_head":"<!-- This site is optimized with the Yoast SEO plugin v27.4 - https:\/\/yoast.com\/product\/yoast-seo-wordpress\/ -->\n<title>Organic Einkorn wheat grains - Biopapa<\/title>\n<meta name=\"description\" content=\"Eikorn wheat (Triticum monococcum), one of the oldest wheat varieties in cultivation, is valued for its high nutritional value, rich in protein, essential amino acids and antioxidants.\" \/>\n<meta name=\"robots\" content=\"index, follow, max-snippet:-1, max-image-preview:large, max-video-preview:-1\" \/>\n<link rel=\"canonical\" href=\"https:\/\/www.biopapa.lt\/en\/produktas\/organic-einkorn-single-grain-wheat\/\" \/>\n<meta property=\"og:locale\" content=\"en_US\" \/>\n<meta property=\"og:type\" content=\"article\" \/>\n<meta property=\"og:title\" content=\"Organic Einkorn wheat grains - Biopapa\" \/>\n<meta property=\"og:description\" content=\"Eikorn wheat (Triticum monococcum), one of the oldest wheat varieties in cultivation, is valued for its high nutritional value, rich in protein, essential amino acids and antioxidants.\" \/>\n<meta property=\"og:url\" content=\"https:\/\/www.biopapa.lt\/en\/produktas\/organic-einkorn-single-grain-wheat\/\" \/>\n<meta property=\"og:site_name\" content=\"Biopapa\" \/>\n<meta property=\"article:publisher\" content=\"https:\/\/www.facebook.com\/biopapa.lt\" \/>\n<meta property=\"article:modified_time\" content=\"2026-03-05T07:07:13+00:00\" \/>\n<meta property=\"og:image\" content=\"https:\/\/www.biopapa.lt\/wp-content\/uploads\/2024\/12\/Ekologiski-Einkorn-vienagrudziai-kvieciai.png\" \/>\n\t<meta property=\"og:image:width\" content=\"800\" \/>\n\t<meta property=\"og:image:height\" content=\"640\" \/>\n\t<meta property=\"og:image:type\" content=\"image\/png\" \/>\n<meta name=\"twitter:card\" content=\"summary_large_image\" \/>\n<script type=\"application\/ld+json\" class=\"yoast-schema-graph\">{\"@context\":\"https:\\\/\\\/schema.org\",\"@graph\":[{\"@type\":\"WebPage\",\"@id\":\"https:\\\/\\\/www.biopapa.lt\\\/en\\\/produktas\\\/organic-einkorn-single-grain-wheat\\\/\",\"url\":\"https:\\\/\\\/www.biopapa.lt\\\/en\\\/produktas\\\/organic-einkorn-single-grain-wheat\\\/\",\"name\":\"Organic Einkorn wheat grains - Biopapa\",\"isPartOf\":{\"@id\":\"https:\\\/\\\/www.biopapa.lt\\\/#website\"},\"primaryImageOfPage\":{\"@id\":\"https:\\\/\\\/www.biopapa.lt\\\/en\\\/produktas\\\/organic-einkorn-single-grain-wheat\\\/#primaryimage\"},\"image\":{\"@id\":\"https:\\\/\\\/www.biopapa.lt\\\/en\\\/produktas\\\/organic-einkorn-single-grain-wheat\\\/#primaryimage\"},\"thumbnailUrl\":\"https:\\\/\\\/www.biopapa.lt\\\/wp-content\\\/uploads\\\/2024\\\/12\\\/Ekologiski-Einkorn-vienagrudziai-kvieciai.png\",\"datePublished\":\"2024-12-02T07:36:08+00:00\",\"dateModified\":\"2026-03-05T07:07:13+00:00\",\"description\":\"Eikorn wheat (Triticum monococcum), one of the oldest wheat varieties in cultivation, is valued for its high nutritional value, rich in protein, essential amino acids and antioxidants.\",\"breadcrumb\":{\"@id\":\"https:\\\/\\\/www.biopapa.lt\\\/en\\\/produktas\\\/organic-einkorn-single-grain-wheat\\\/#breadcrumb\"},\"inLanguage\":\"en-US\",\"potentialAction\":[{\"@type\":\"ReadAction\",\"target\":[\"https:\\\/\\\/www.biopapa.lt\\\/en\\\/produktas\\\/organic-einkorn-single-grain-wheat\\\/\"]}]},{\"@type\":\"ImageObject\",\"inLanguage\":\"en-US\",\"@id\":\"https:\\\/\\\/www.biopapa.lt\\\/en\\\/produktas\\\/organic-einkorn-single-grain-wheat\\\/#primaryimage\",\"url\":\"https:\\\/\\\/www.biopapa.lt\\\/wp-content\\\/uploads\\\/2024\\\/12\\\/Ekologiski-Einkorn-vienagrudziai-kvieciai.png\",\"contentUrl\":\"https:\\\/\\\/www.biopapa.lt\\\/wp-content\\\/uploads\\\/2024\\\/12\\\/Ekologiski-Einkorn-vienagrudziai-kvieciai.png\",\"width\":800,\"height\":640},{\"@type\":\"BreadcrumbList\",\"@id\":\"https:\\\/\\\/www.biopapa.lt\\\/en\\\/produktas\\\/organic-einkorn-single-grain-wheat\\\/#breadcrumb\",\"itemListElement\":[{\"@type\":\"ListItem\",\"position\":1,\"name\":\"Home\",\"item\":\"https:\\\/\\\/www.biopapa.lt\\\/en\\\/\"},{\"@type\":\"ListItem\",\"position\":2,\"name\":\"Shop\",\"item\":\"https:\\\/\\\/www.biopapa.lt\\\/en\\\/shop\\\/\"},{\"@type\":\"ListItem\",\"position\":3,\"name\":\"Organic Einkorn wheat grains\"}]},{\"@type\":\"WebSite\",\"@id\":\"https:\\\/\\\/www.biopapa.lt\\\/#website\",\"url\":\"https:\\\/\\\/www.biopapa.lt\\\/\",\"name\":\"Biopapa\",\"description\":\"\u0160var\u016bs ekologi\u0161ki produktai\",\"publisher\":{\"@id\":\"https:\\\/\\\/www.biopapa.lt\\\/#organization\"},\"potentialAction\":[{\"@type\":\"SearchAction\",\"target\":{\"@type\":\"EntryPoint\",\"urlTemplate\":\"https:\\\/\\\/www.biopapa.lt\\\/?s={search_term_string}\"},\"query-input\":{\"@type\":\"PropertyValueSpecification\",\"valueRequired\":true,\"valueName\":\"search_term_string\"}}],\"inLanguage\":\"en-US\"},{\"@type\":\"Organization\",\"@id\":\"https:\\\/\\\/www.biopapa.lt\\\/#organization\",\"name\":\"Biopapa\",\"url\":\"https:\\\/\\\/www.biopapa.lt\\\/\",\"logo\":{\"@type\":\"ImageObject\",\"inLanguage\":\"en-US\",\"@id\":\"https:\\\/\\\/www.biopapa.lt\\\/#\\\/schema\\\/logo\\\/image\\\/\",\"url\":\"https:\\\/\\\/www.biopapa.lt\\\/wp-content\\\/uploads\\\/2022\\\/04\\\/facebook_biopapa.jpg\",\"contentUrl\":\"https:\\\/\\\/www.biopapa.lt\\\/wp-content\\\/uploads\\\/2022\\\/04\\\/facebook_biopapa.jpg\",\"width\":1733,\"height\":907,\"caption\":\"Biopapa\"},\"image\":{\"@id\":\"https:\\\/\\\/www.biopapa.lt\\\/#\\\/schema\\\/logo\\\/image\\\/\"},\"sameAs\":[\"https:\\\/\\\/www.facebook.com\\\/biopapa.lt\"]}]}<\/script>\n<!-- \/ Yoast SEO plugin. -->","yoast_head_json":{"title":"Organic Einkorn wheat grains - Biopapa","description":"Eikorn wheat (Triticum monococcum), one of the oldest wheat varieties in cultivation, is valued for its high nutritional value, rich in protein, essential amino acids and antioxidants.","robots":{"index":"index","follow":"follow","max-snippet":"max-snippet:-1","max-image-preview":"max-image-preview:large","max-video-preview":"max-video-preview:-1"},"canonical":"https:\/\/www.biopapa.lt\/en\/produktas\/organic-einkorn-single-grain-wheat\/","og_locale":"en_US","og_type":"article","og_title":"Organic Einkorn wheat grains - Biopapa","og_description":"Eikorn wheat (Triticum monococcum), one of the oldest wheat varieties in cultivation, is valued for its high nutritional value, rich in protein, essential amino acids and antioxidants.","og_url":"https:\/\/www.biopapa.lt\/en\/produktas\/organic-einkorn-single-grain-wheat\/","og_site_name":"Biopapa","article_publisher":"https:\/\/www.facebook.com\/biopapa.lt","article_modified_time":"2026-03-05T07:07:13+00:00","og_image":[{"width":800,"height":640,"url":"https:\/\/www.biopapa.lt\/wp-content\/uploads\/2024\/12\/Ekologiski-Einkorn-vienagrudziai-kvieciai.png","type":"image\/png"}],"twitter_card":"summary_large_image","schema":{"@context":"https:\/\/schema.org","@graph":[{"@type":"WebPage","@id":"https:\/\/www.biopapa.lt\/en\/produktas\/organic-einkorn-single-grain-wheat\/","url":"https:\/\/www.biopapa.lt\/en\/produktas\/organic-einkorn-single-grain-wheat\/","name":"Organic Einkorn wheat grains - Biopapa","isPartOf":{"@id":"https:\/\/www.biopapa.lt\/#website"},"primaryImageOfPage":{"@id":"https:\/\/www.biopapa.lt\/en\/produktas\/organic-einkorn-single-grain-wheat\/#primaryimage"},"image":{"@id":"https:\/\/www.biopapa.lt\/en\/produktas\/organic-einkorn-single-grain-wheat\/#primaryimage"},"thumbnailUrl":"https:\/\/www.biopapa.lt\/wp-content\/uploads\/2024\/12\/Ekologiski-Einkorn-vienagrudziai-kvieciai.png","datePublished":"2024-12-02T07:36:08+00:00","dateModified":"2026-03-05T07:07:13+00:00","description":"Eikorn wheat (Triticum monococcum), one of the oldest wheat varieties in cultivation, is valued for its high nutritional value, rich in protein, essential amino acids and antioxidants.","breadcrumb":{"@id":"https:\/\/www.biopapa.lt\/en\/produktas\/organic-einkorn-single-grain-wheat\/#breadcrumb"},"inLanguage":"en-US","potentialAction":[{"@type":"ReadAction","target":["https:\/\/www.biopapa.lt\/en\/produktas\/organic-einkorn-single-grain-wheat\/"]}]},{"@type":"ImageObject","inLanguage":"en-US","@id":"https:\/\/www.biopapa.lt\/en\/produktas\/organic-einkorn-single-grain-wheat\/#primaryimage","url":"https:\/\/www.biopapa.lt\/wp-content\/uploads\/2024\/12\/Ekologiski-Einkorn-vienagrudziai-kvieciai.png","contentUrl":"https:\/\/www.biopapa.lt\/wp-content\/uploads\/2024\/12\/Ekologiski-Einkorn-vienagrudziai-kvieciai.png","width":800,"height":640},{"@type":"BreadcrumbList","@id":"https:\/\/www.biopapa.lt\/en\/produktas\/organic-einkorn-single-grain-wheat\/#breadcrumb","itemListElement":[{"@type":"ListItem","position":1,"name":"Home","item":"https:\/\/www.biopapa.lt\/en\/"},{"@type":"ListItem","position":2,"name":"Shop","item":"https:\/\/www.biopapa.lt\/en\/shop\/"},{"@type":"ListItem","position":3,"name":"Organic Einkorn wheat grains"}]},{"@type":"WebSite","@id":"https:\/\/www.biopapa.lt\/#website","url":"https:\/\/www.biopapa.lt\/","name":"Biopapa","description":"\u0160var\u016bs ekologi\u0161ki produktai","publisher":{"@id":"https:\/\/www.biopapa.lt\/#organization"},"potentialAction":[{"@type":"SearchAction","target":{"@type":"EntryPoint","urlTemplate":"https:\/\/www.biopapa.lt\/?s={search_term_string}"},"query-input":{"@type":"PropertyValueSpecification","valueRequired":true,"valueName":"search_term_string"}}],"inLanguage":"en-US"},{"@type":"Organization","@id":"https:\/\/www.biopapa.lt\/#organization","name":"Biopapa","url":"https:\/\/www.biopapa.lt\/","logo":{"@type":"ImageObject","inLanguage":"en-US","@id":"https:\/\/www.biopapa.lt\/#\/schema\/logo\/image\/","url":"https:\/\/www.biopapa.lt\/wp-content\/uploads\/2022\/04\/facebook_biopapa.jpg","contentUrl":"https:\/\/www.biopapa.lt\/wp-content\/uploads\/2022\/04\/facebook_biopapa.jpg","width":1733,"height":907,"caption":"Biopapa"},"image":{"@id":"https:\/\/www.biopapa.lt\/#\/schema\/logo\/image\/"},"sameAs":["https:\/\/www.facebook.com\/biopapa.lt"]}]}},"_links":{"self":[{"href":"https:\/\/www.biopapa.lt\/en\/wp-json\/wp\/v2\/product\/60946","targetHints":{"allow":["GET"]}}],"collection":[{"href":"https:\/\/www.biopapa.lt\/en\/wp-json\/wp\/v2\/product"}],"about":[{"href":"https:\/\/www.biopapa.lt\/en\/wp-json\/wp\/v2\/types\/product"}],"wp:featuredmedia":[{"embeddable":true,"href":"https:\/\/www.biopapa.lt\/en\/wp-json\/wp\/v2\/media\/60966"}],"wp:attachment":[{"href":"https:\/\/www.biopapa.lt\/en\/wp-json\/wp\/v2\/media?parent=60946"}],"wp:term":[{"taxonomy":"product_brand","embeddable":true,"href":"https:\/\/www.biopapa.lt\/en\/wp-json\/wp\/v2\/product_brand?post=60946"},{"taxonomy":"product_cat","embeddable":true,"href":"https:\/\/www.biopapa.lt\/en\/wp-json\/wp\/v2\/product_cat?post=60946"},{"taxonomy":"product_tag","embeddable":true,"href":"https:\/\/www.biopapa.lt\/en\/wp-json\/wp\/v2\/product_tag?post=60946"}],"curies":[{"name":"wp","href":"https:\/\/api.w.org\/{rel}","templated":true}]}}