{"id":60458,"date":"2024-11-21T14:36:57","date_gmt":"2024-11-21T12:36:57","guid":{"rendered":"https:\/\/www.biopapa.lt\/?post_type=product&#038;p=60458"},"modified":"2026-03-09T15:15:34","modified_gmt":"2026-03-09T13:15:34","slug":"urban-black-pencil-deodorant-40g-ben-and-anna","status":"publish","type":"product","link":"https:\/\/www.biopapa.lt\/en\/produktas\/urban-black-pencil-deodorant-40g-ben-and-anna\/","title":{"rendered":"URBAN BLACK pencil deodorant, 40 g, BEN&amp;ANNA"},"content":{"rendered":"<div>\n<p>A modern aroma of cedarwood, coniferous woods and fresh wild herbs &#8211; grounding and lively at the same time! Soda prevents odour, shea butter and vegetable oils care for the skin. The new creamy, crumb-free, non-greasy and non-sticky consistency. Reliable protection against moisture and odour.   <\/p>\n<ul>\n<li>Reliable protection against moisture and odour<\/li>\n<li>Free of palm oil, microplastics and aluminium.<\/li>\n<li>Vegan and not tested on animals<\/li>\n<li>Non-greasy and non-sticky<\/li>\n<li>Certified natural cosmetics<\/li>\n<\/ul>\n<\/div>\n<div>\n<p><strong>To use: <\/strong>gently press the bottom of the tube with your finger and apply to the underarm skin.<\/p>\n<\/div>\n<div>Please note that the composition of products is subject to change. The most up-to-date list of ingredients is on the packaging of the product you bought. If the ingredients listed on the internet are different from those on the packaging, please refer to the list on the product you purchased.<\/div>\n","protected":false},"excerpt":{"rendered":"<p>A modern aroma of cedarwood, coniferous woods and fresh wild herbs &#8211; grounding and lively at the same time! Soda<\/p>\n","protected":false},"featured_media":60461,"template":"","meta":{"_acf_changed":false},"product_brand":[],"product_cat":[1962,1967,2540],"product_tag":[2058,2088],"class_list":{"0":"post-60458","1":"product","2":"type-product","3":"status-publish","4":"has-post-thumbnail","6":"product_cat-beauty-and-hygiene","7":"product_cat-body-care","8":"product_cat-deodorants","9":"product_tag-body-care","10":"product_tag-vegan","12":"first","13":"outofstock","14":"shipping-taxable","15":"purchasable","16":"product-type-simple"},"acf":[],"yoast_head":"<!-- This site is optimized with the Yoast SEO plugin v27.5 - https:\/\/yoast.com\/product\/yoast-seo-wordpress\/ -->\n<title>URBAN BLACK pencil deodorant, 40 g, BEN&amp;ANNA - Biopapa<\/title>\n<meta name=\"description\" content=\"A modern aroma of cedarwood, coniferous woods and fresh wild herbs - grounding and lively at the same time!\" \/>\n<meta name=\"robots\" content=\"index, follow, max-snippet:-1, max-image-preview:large, max-video-preview:-1\" \/>\n<link rel=\"canonical\" href=\"https:\/\/www.biopapa.lt\/en\/produktas\/urban-black-pencil-deodorant-40g-ben-and-anna\/\" \/>\n<meta property=\"og:locale\" content=\"en_US\" \/>\n<meta property=\"og:type\" content=\"article\" \/>\n<meta property=\"og:title\" content=\"URBAN BLACK pencil deodorant, 40 g, BEN&amp;ANNA - Biopapa\" \/>\n<meta property=\"og:description\" content=\"A modern aroma of cedarwood, coniferous woods and fresh wild herbs - grounding and lively at the same time!\" \/>\n<meta property=\"og:url\" content=\"https:\/\/www.biopapa.lt\/en\/produktas\/urban-black-pencil-deodorant-40g-ben-and-anna\/\" \/>\n<meta property=\"og:site_name\" content=\"Biopapa\" \/>\n<meta property=\"article:publisher\" content=\"https:\/\/www.facebook.com\/biopapa.lt\" \/>\n<meta property=\"article:modified_time\" content=\"2026-03-09T13:15:34+00:00\" \/>\n<meta property=\"og:image\" content=\"https:\/\/www.biopapa.lt\/wp-content\/uploads\/2024\/11\/Piestukinis-dezodorantas-URBAN-BLACK-40-g-BEN-ANNA-.png\" \/>\n\t<meta property=\"og:image:width\" content=\"800\" \/>\n\t<meta property=\"og:image:height\" content=\"640\" \/>\n\t<meta property=\"og:image:type\" content=\"image\/png\" \/>\n<meta name=\"twitter:card\" content=\"summary_large_image\" \/>\n<script type=\"application\/ld+json\" class=\"yoast-schema-graph\">{\"@context\":\"https:\\\/\\\/schema.org\",\"@graph\":[{\"@type\":\"WebPage\",\"@id\":\"https:\\\/\\\/www.biopapa.lt\\\/en\\\/produktas\\\/urban-black-pencil-deodorant-40g-ben-and-anna\\\/\",\"url\":\"https:\\\/\\\/www.biopapa.lt\\\/en\\\/produktas\\\/urban-black-pencil-deodorant-40g-ben-and-anna\\\/\",\"name\":\"URBAN BLACK pencil deodorant, 40 g, BEN&amp;ANNA - Biopapa\",\"isPartOf\":{\"@id\":\"https:\\\/\\\/www.biopapa.lt\\\/#website\"},\"primaryImageOfPage\":{\"@id\":\"https:\\\/\\\/www.biopapa.lt\\\/en\\\/produktas\\\/urban-black-pencil-deodorant-40g-ben-and-anna\\\/#primaryimage\"},\"image\":{\"@id\":\"https:\\\/\\\/www.biopapa.lt\\\/en\\\/produktas\\\/urban-black-pencil-deodorant-40g-ben-and-anna\\\/#primaryimage\"},\"thumbnailUrl\":\"https:\\\/\\\/www.biopapa.lt\\\/wp-content\\\/uploads\\\/2024\\\/11\\\/Piestukinis-dezodorantas-URBAN-BLACK-40-g-BEN-ANNA-.png\",\"datePublished\":\"2024-11-21T12:36:57+00:00\",\"dateModified\":\"2026-03-09T13:15:34+00:00\",\"description\":\"A modern aroma of cedarwood, coniferous woods and fresh wild herbs - grounding and lively at the same time!\",\"breadcrumb\":{\"@id\":\"https:\\\/\\\/www.biopapa.lt\\\/en\\\/produktas\\\/urban-black-pencil-deodorant-40g-ben-and-anna\\\/#breadcrumb\"},\"inLanguage\":\"en-US\",\"potentialAction\":[{\"@type\":\"ReadAction\",\"target\":[\"https:\\\/\\\/www.biopapa.lt\\\/en\\\/produktas\\\/urban-black-pencil-deodorant-40g-ben-and-anna\\\/\"]}]},{\"@type\":\"ImageObject\",\"inLanguage\":\"en-US\",\"@id\":\"https:\\\/\\\/www.biopapa.lt\\\/en\\\/produktas\\\/urban-black-pencil-deodorant-40g-ben-and-anna\\\/#primaryimage\",\"url\":\"https:\\\/\\\/www.biopapa.lt\\\/wp-content\\\/uploads\\\/2024\\\/11\\\/Piestukinis-dezodorantas-URBAN-BLACK-40-g-BEN-ANNA-.png\",\"contentUrl\":\"https:\\\/\\\/www.biopapa.lt\\\/wp-content\\\/uploads\\\/2024\\\/11\\\/Piestukinis-dezodorantas-URBAN-BLACK-40-g-BEN-ANNA-.png\",\"width\":800,\"height\":640},{\"@type\":\"BreadcrumbList\",\"@id\":\"https:\\\/\\\/www.biopapa.lt\\\/en\\\/produktas\\\/urban-black-pencil-deodorant-40g-ben-and-anna\\\/#breadcrumb\",\"itemListElement\":[{\"@type\":\"ListItem\",\"position\":1,\"name\":\"Home\",\"item\":\"https:\\\/\\\/www.biopapa.lt\\\/en\\\/\"},{\"@type\":\"ListItem\",\"position\":2,\"name\":\"Shop\",\"item\":\"https:\\\/\\\/www.biopapa.lt\\\/en\\\/shop\\\/\"},{\"@type\":\"ListItem\",\"position\":3,\"name\":\"URBAN BLACK pencil deodorant, 40 g, BEN&amp;ANNA\"}]},{\"@type\":\"WebSite\",\"@id\":\"https:\\\/\\\/www.biopapa.lt\\\/#website\",\"url\":\"https:\\\/\\\/www.biopapa.lt\\\/\",\"name\":\"Biopapa\",\"description\":\"\u0160var\u016bs ekologi\u0161ki produktai\",\"publisher\":{\"@id\":\"https:\\\/\\\/www.biopapa.lt\\\/#organization\"},\"potentialAction\":[{\"@type\":\"SearchAction\",\"target\":{\"@type\":\"EntryPoint\",\"urlTemplate\":\"https:\\\/\\\/www.biopapa.lt\\\/?s={search_term_string}\"},\"query-input\":{\"@type\":\"PropertyValueSpecification\",\"valueRequired\":true,\"valueName\":\"search_term_string\"}}],\"inLanguage\":\"en-US\"},{\"@type\":\"Organization\",\"@id\":\"https:\\\/\\\/www.biopapa.lt\\\/#organization\",\"name\":\"Biopapa\",\"url\":\"https:\\\/\\\/www.biopapa.lt\\\/\",\"logo\":{\"@type\":\"ImageObject\",\"inLanguage\":\"en-US\",\"@id\":\"https:\\\/\\\/www.biopapa.lt\\\/#\\\/schema\\\/logo\\\/image\\\/\",\"url\":\"https:\\\/\\\/www.biopapa.lt\\\/wp-content\\\/uploads\\\/2022\\\/04\\\/facebook_biopapa.jpg\",\"contentUrl\":\"https:\\\/\\\/www.biopapa.lt\\\/wp-content\\\/uploads\\\/2022\\\/04\\\/facebook_biopapa.jpg\",\"width\":1733,\"height\":907,\"caption\":\"Biopapa\"},\"image\":{\"@id\":\"https:\\\/\\\/www.biopapa.lt\\\/#\\\/schema\\\/logo\\\/image\\\/\"},\"sameAs\":[\"https:\\\/\\\/www.facebook.com\\\/biopapa.lt\"]}]}<\/script>\n<!-- \/ Yoast SEO plugin. -->","yoast_head_json":{"title":"URBAN BLACK pencil deodorant, 40 g, BEN&amp;ANNA - Biopapa","description":"A modern aroma of cedarwood, coniferous woods and fresh wild herbs - grounding and lively at the same time!","robots":{"index":"index","follow":"follow","max-snippet":"max-snippet:-1","max-image-preview":"max-image-preview:large","max-video-preview":"max-video-preview:-1"},"canonical":"https:\/\/www.biopapa.lt\/en\/produktas\/urban-black-pencil-deodorant-40g-ben-and-anna\/","og_locale":"en_US","og_type":"article","og_title":"URBAN BLACK pencil deodorant, 40 g, BEN&amp;ANNA - Biopapa","og_description":"A modern aroma of cedarwood, coniferous woods and fresh wild herbs - grounding and lively at the same time!","og_url":"https:\/\/www.biopapa.lt\/en\/produktas\/urban-black-pencil-deodorant-40g-ben-and-anna\/","og_site_name":"Biopapa","article_publisher":"https:\/\/www.facebook.com\/biopapa.lt","article_modified_time":"2026-03-09T13:15:34+00:00","og_image":[{"width":800,"height":640,"url":"https:\/\/www.biopapa.lt\/wp-content\/uploads\/2024\/11\/Piestukinis-dezodorantas-URBAN-BLACK-40-g-BEN-ANNA-.png","type":"image\/png"}],"twitter_card":"summary_large_image","schema":{"@context":"https:\/\/schema.org","@graph":[{"@type":"WebPage","@id":"https:\/\/www.biopapa.lt\/en\/produktas\/urban-black-pencil-deodorant-40g-ben-and-anna\/","url":"https:\/\/www.biopapa.lt\/en\/produktas\/urban-black-pencil-deodorant-40g-ben-and-anna\/","name":"URBAN BLACK pencil deodorant, 40 g, BEN&amp;ANNA - Biopapa","isPartOf":{"@id":"https:\/\/www.biopapa.lt\/#website"},"primaryImageOfPage":{"@id":"https:\/\/www.biopapa.lt\/en\/produktas\/urban-black-pencil-deodorant-40g-ben-and-anna\/#primaryimage"},"image":{"@id":"https:\/\/www.biopapa.lt\/en\/produktas\/urban-black-pencil-deodorant-40g-ben-and-anna\/#primaryimage"},"thumbnailUrl":"https:\/\/www.biopapa.lt\/wp-content\/uploads\/2024\/11\/Piestukinis-dezodorantas-URBAN-BLACK-40-g-BEN-ANNA-.png","datePublished":"2024-11-21T12:36:57+00:00","dateModified":"2026-03-09T13:15:34+00:00","description":"A modern aroma of cedarwood, coniferous woods and fresh wild herbs - grounding and lively at the same time!","breadcrumb":{"@id":"https:\/\/www.biopapa.lt\/en\/produktas\/urban-black-pencil-deodorant-40g-ben-and-anna\/#breadcrumb"},"inLanguage":"en-US","potentialAction":[{"@type":"ReadAction","target":["https:\/\/www.biopapa.lt\/en\/produktas\/urban-black-pencil-deodorant-40g-ben-and-anna\/"]}]},{"@type":"ImageObject","inLanguage":"en-US","@id":"https:\/\/www.biopapa.lt\/en\/produktas\/urban-black-pencil-deodorant-40g-ben-and-anna\/#primaryimage","url":"https:\/\/www.biopapa.lt\/wp-content\/uploads\/2024\/11\/Piestukinis-dezodorantas-URBAN-BLACK-40-g-BEN-ANNA-.png","contentUrl":"https:\/\/www.biopapa.lt\/wp-content\/uploads\/2024\/11\/Piestukinis-dezodorantas-URBAN-BLACK-40-g-BEN-ANNA-.png","width":800,"height":640},{"@type":"BreadcrumbList","@id":"https:\/\/www.biopapa.lt\/en\/produktas\/urban-black-pencil-deodorant-40g-ben-and-anna\/#breadcrumb","itemListElement":[{"@type":"ListItem","position":1,"name":"Home","item":"https:\/\/www.biopapa.lt\/en\/"},{"@type":"ListItem","position":2,"name":"Shop","item":"https:\/\/www.biopapa.lt\/en\/shop\/"},{"@type":"ListItem","position":3,"name":"URBAN BLACK pencil deodorant, 40 g, BEN&amp;ANNA"}]},{"@type":"WebSite","@id":"https:\/\/www.biopapa.lt\/#website","url":"https:\/\/www.biopapa.lt\/","name":"Biopapa","description":"\u0160var\u016bs ekologi\u0161ki produktai","publisher":{"@id":"https:\/\/www.biopapa.lt\/#organization"},"potentialAction":[{"@type":"SearchAction","target":{"@type":"EntryPoint","urlTemplate":"https:\/\/www.biopapa.lt\/?s={search_term_string}"},"query-input":{"@type":"PropertyValueSpecification","valueRequired":true,"valueName":"search_term_string"}}],"inLanguage":"en-US"},{"@type":"Organization","@id":"https:\/\/www.biopapa.lt\/#organization","name":"Biopapa","url":"https:\/\/www.biopapa.lt\/","logo":{"@type":"ImageObject","inLanguage":"en-US","@id":"https:\/\/www.biopapa.lt\/#\/schema\/logo\/image\/","url":"https:\/\/www.biopapa.lt\/wp-content\/uploads\/2022\/04\/facebook_biopapa.jpg","contentUrl":"https:\/\/www.biopapa.lt\/wp-content\/uploads\/2022\/04\/facebook_biopapa.jpg","width":1733,"height":907,"caption":"Biopapa"},"image":{"@id":"https:\/\/www.biopapa.lt\/#\/schema\/logo\/image\/"},"sameAs":["https:\/\/www.facebook.com\/biopapa.lt"]}]}},"_links":{"self":[{"href":"https:\/\/www.biopapa.lt\/en\/wp-json\/wp\/v2\/product\/60458","targetHints":{"allow":["GET"]}}],"collection":[{"href":"https:\/\/www.biopapa.lt\/en\/wp-json\/wp\/v2\/product"}],"about":[{"href":"https:\/\/www.biopapa.lt\/en\/wp-json\/wp\/v2\/types\/product"}],"wp:featuredmedia":[{"embeddable":true,"href":"https:\/\/www.biopapa.lt\/en\/wp-json\/wp\/v2\/media\/60461"}],"wp:attachment":[{"href":"https:\/\/www.biopapa.lt\/en\/wp-json\/wp\/v2\/media?parent=60458"}],"wp:term":[{"taxonomy":"product_brand","embeddable":true,"href":"https:\/\/www.biopapa.lt\/en\/wp-json\/wp\/v2\/product_brand?post=60458"},{"taxonomy":"product_cat","embeddable":true,"href":"https:\/\/www.biopapa.lt\/en\/wp-json\/wp\/v2\/product_cat?post=60458"},{"taxonomy":"product_tag","embeddable":true,"href":"https:\/\/www.biopapa.lt\/en\/wp-json\/wp\/v2\/product_tag?post=60458"}],"curies":[{"name":"wp","href":"https:\/\/api.w.org\/{rel}","templated":true}]}}