{"id":59400,"date":"2024-11-06T14:47:24","date_gmt":"2024-11-06T12:47:24","guid":{"rendered":"https:\/\/www.biopapa.lt\/?post_type=product&#038;p=59400"},"modified":"2026-03-08T01:06:31","modified_gmt":"2026-03-07T23:06:31","slug":"organic-shea-butter-160g-alteya","status":"publish","type":"product","link":"https:\/\/www.biopapa.lt\/en\/produktas\/organic-shea-butter-160g-alteya\/","title":{"rendered":"Organic shea butter 160 g, ALTEYA"},"content":{"rendered":"<p>Organic shea butter 160 g, ALTEYA<br \/>\nShea butter has been used for centuries for its beauty-enhancing properties. It is known as an excellent skin moisturiser and protector against dehydration, especially when skin is exposed to extreme environmental conditions. Naturally enriched with vitamins A and E, essential fatty acids and other vitamins and minerals, shea butter also provides a small amount of UV protection. It can be used as a moisturiser before and after sun exposure to keep your skin glowing, even in challenging conditions.<br \/>\nThis organic shea butter is refined and naturally deodorised, so it doesn&#8217;t have the characteristic smell of unrefined shea butter, making it more suitable for cosmetic formulas.<\/p>\n<p>How to use:<br \/>\nTake a pea-sized amount of shea butter in the palm of your hand and massage it into the skin until the butter begins to melt. Once melted, it glides easily over the skin like a body oil and is absorbed in minutes.<br \/>\nUse shea butter as a deep conditioner for your hair before washing &#8211; massage it into your hair from root to tip and leave it in for an hour. Rinse well and wash your hair as usual.<br \/>\nMelt a small amount of shea butter in the palm of your hand, then gently apply to the ends of your hair to moisturise and nourish.<\/p>\n<p>Attention:<br \/>\nFor external use only. Keep away from children. Avoid contact with eyes. If irritation occurs, discontinue use. Store in a cool, dry place away from direct sunlight.<\/p>\n<p>Absorption Rate: Slow<br \/>\nAromatic Profile: Light<br \/>\nExtraction Method: Mechanically Pressed<br \/>\nRefining Technique: Physically refined by removing mucilaginous compounds, bleached and deodorized.<\/p>\n","protected":false},"excerpt":{"rendered":"<p>Organic shea butter 160 g, ALTEYA Shea butter has been used for centuries for its beauty-enhancing properties. It is known<\/p>\n","protected":false},"featured_media":59404,"template":"","meta":{"_acf_changed":false},"product_brand":[],"product_cat":[1962,2492,1971,1967],"product_tag":[2058,2090],"class_list":{"0":"post-59400","1":"product","2":"type-product","3":"status-publish","4":"has-post-thumbnail","6":"product_cat-beauty-and-hygiene","7":"product_cat-alteya-en","8":"product_cat-facial-care","9":"product_cat-body-care","10":"product_tag-body-care","11":"product_tag-facial-care","13":"first","14":"instock","15":"shipping-taxable","16":"purchasable","17":"product-type-simple"},"acf":[],"yoast_head":"<!-- This site is optimized with the Yoast SEO plugin v27.5 - https:\/\/yoast.com\/product\/yoast-seo-wordpress\/ -->\n<title>Organic shea butter 160 g, ALTEYA - Biopapa<\/title>\n<meta name=\"description\" content=\"Shea butter has been used for centuries for its beauty-enhancing properties. It is known as an excellent skin moisturiser and protector against dehydration, especially when skin is exposed to extreme environmental conditions.\" \/>\n<meta name=\"robots\" content=\"index, follow, max-snippet:-1, max-image-preview:large, max-video-preview:-1\" \/>\n<link rel=\"canonical\" href=\"https:\/\/www.biopapa.lt\/en\/produktas\/organic-shea-butter-160g-alteya\/\" \/>\n<meta property=\"og:locale\" content=\"en_US\" \/>\n<meta property=\"og:type\" content=\"article\" \/>\n<meta property=\"og:title\" content=\"Organic shea butter 160 g, ALTEYA - Biopapa\" \/>\n<meta property=\"og:description\" content=\"Shea butter has been used for centuries for its beauty-enhancing properties. It is known as an excellent skin moisturiser and protector against dehydration, especially when skin is exposed to extreme environmental conditions.\" \/>\n<meta property=\"og:url\" content=\"https:\/\/www.biopapa.lt\/en\/produktas\/organic-shea-butter-160g-alteya\/\" \/>\n<meta property=\"og:site_name\" content=\"Biopapa\" \/>\n<meta property=\"article:publisher\" content=\"https:\/\/www.facebook.com\/biopapa.lt\" \/>\n<meta property=\"article:modified_time\" content=\"2026-03-07T23:06:31+00:00\" \/>\n<meta property=\"og:image\" content=\"https:\/\/www.biopapa.lt\/wp-content\/uploads\/2024\/11\/Ekologiskas-taukmedzio-sviestas-160-g-ALTEYA.png\" \/>\n\t<meta property=\"og:image:width\" content=\"800\" \/>\n\t<meta property=\"og:image:height\" content=\"640\" \/>\n\t<meta property=\"og:image:type\" content=\"image\/png\" \/>\n<meta name=\"twitter:card\" content=\"summary_large_image\" \/>\n<script type=\"application\/ld+json\" class=\"yoast-schema-graph\">{\"@context\":\"https:\\\/\\\/schema.org\",\"@graph\":[{\"@type\":\"WebPage\",\"@id\":\"https:\\\/\\\/www.biopapa.lt\\\/en\\\/produktas\\\/organic-shea-butter-160g-alteya\\\/\",\"url\":\"https:\\\/\\\/www.biopapa.lt\\\/en\\\/produktas\\\/organic-shea-butter-160g-alteya\\\/\",\"name\":\"Organic shea butter 160 g, ALTEYA - Biopapa\",\"isPartOf\":{\"@id\":\"https:\\\/\\\/www.biopapa.lt\\\/#website\"},\"primaryImageOfPage\":{\"@id\":\"https:\\\/\\\/www.biopapa.lt\\\/en\\\/produktas\\\/organic-shea-butter-160g-alteya\\\/#primaryimage\"},\"image\":{\"@id\":\"https:\\\/\\\/www.biopapa.lt\\\/en\\\/produktas\\\/organic-shea-butter-160g-alteya\\\/#primaryimage\"},\"thumbnailUrl\":\"https:\\\/\\\/www.biopapa.lt\\\/wp-content\\\/uploads\\\/2024\\\/11\\\/Ekologiskas-taukmedzio-sviestas-160-g-ALTEYA.png\",\"datePublished\":\"2024-11-06T12:47:24+00:00\",\"dateModified\":\"2026-03-07T23:06:31+00:00\",\"description\":\"Shea butter has been used for centuries for its beauty-enhancing properties. It is known as an excellent skin moisturiser and protector against dehydration, especially when skin is exposed to extreme environmental conditions.\",\"breadcrumb\":{\"@id\":\"https:\\\/\\\/www.biopapa.lt\\\/en\\\/produktas\\\/organic-shea-butter-160g-alteya\\\/#breadcrumb\"},\"inLanguage\":\"en-US\",\"potentialAction\":[{\"@type\":\"ReadAction\",\"target\":[\"https:\\\/\\\/www.biopapa.lt\\\/en\\\/produktas\\\/organic-shea-butter-160g-alteya\\\/\"]}]},{\"@type\":\"ImageObject\",\"inLanguage\":\"en-US\",\"@id\":\"https:\\\/\\\/www.biopapa.lt\\\/en\\\/produktas\\\/organic-shea-butter-160g-alteya\\\/#primaryimage\",\"url\":\"https:\\\/\\\/www.biopapa.lt\\\/wp-content\\\/uploads\\\/2024\\\/11\\\/Ekologiskas-taukmedzio-sviestas-160-g-ALTEYA.png\",\"contentUrl\":\"https:\\\/\\\/www.biopapa.lt\\\/wp-content\\\/uploads\\\/2024\\\/11\\\/Ekologiskas-taukmedzio-sviestas-160-g-ALTEYA.png\",\"width\":800,\"height\":640},{\"@type\":\"BreadcrumbList\",\"@id\":\"https:\\\/\\\/www.biopapa.lt\\\/en\\\/produktas\\\/organic-shea-butter-160g-alteya\\\/#breadcrumb\",\"itemListElement\":[{\"@type\":\"ListItem\",\"position\":1,\"name\":\"Home\",\"item\":\"https:\\\/\\\/www.biopapa.lt\\\/en\\\/\"},{\"@type\":\"ListItem\",\"position\":2,\"name\":\"Shop\",\"item\":\"https:\\\/\\\/www.biopapa.lt\\\/en\\\/shop\\\/\"},{\"@type\":\"ListItem\",\"position\":3,\"name\":\"Organic shea butter 160 g, ALTEYA\"}]},{\"@type\":\"WebSite\",\"@id\":\"https:\\\/\\\/www.biopapa.lt\\\/#website\",\"url\":\"https:\\\/\\\/www.biopapa.lt\\\/\",\"name\":\"Biopapa\",\"description\":\"\u0160var\u016bs ekologi\u0161ki produktai\",\"publisher\":{\"@id\":\"https:\\\/\\\/www.biopapa.lt\\\/#organization\"},\"potentialAction\":[{\"@type\":\"SearchAction\",\"target\":{\"@type\":\"EntryPoint\",\"urlTemplate\":\"https:\\\/\\\/www.biopapa.lt\\\/?s={search_term_string}\"},\"query-input\":{\"@type\":\"PropertyValueSpecification\",\"valueRequired\":true,\"valueName\":\"search_term_string\"}}],\"inLanguage\":\"en-US\"},{\"@type\":\"Organization\",\"@id\":\"https:\\\/\\\/www.biopapa.lt\\\/#organization\",\"name\":\"Biopapa\",\"url\":\"https:\\\/\\\/www.biopapa.lt\\\/\",\"logo\":{\"@type\":\"ImageObject\",\"inLanguage\":\"en-US\",\"@id\":\"https:\\\/\\\/www.biopapa.lt\\\/#\\\/schema\\\/logo\\\/image\\\/\",\"url\":\"https:\\\/\\\/www.biopapa.lt\\\/wp-content\\\/uploads\\\/2022\\\/04\\\/facebook_biopapa.jpg\",\"contentUrl\":\"https:\\\/\\\/www.biopapa.lt\\\/wp-content\\\/uploads\\\/2022\\\/04\\\/facebook_biopapa.jpg\",\"width\":1733,\"height\":907,\"caption\":\"Biopapa\"},\"image\":{\"@id\":\"https:\\\/\\\/www.biopapa.lt\\\/#\\\/schema\\\/logo\\\/image\\\/\"},\"sameAs\":[\"https:\\\/\\\/www.facebook.com\\\/biopapa.lt\"]}]}<\/script>\n<!-- \/ Yoast SEO plugin. -->","yoast_head_json":{"title":"Organic shea butter 160 g, ALTEYA - Biopapa","description":"Shea butter has been used for centuries for its beauty-enhancing properties. It is known as an excellent skin moisturiser and protector against dehydration, especially when skin is exposed to extreme environmental conditions.","robots":{"index":"index","follow":"follow","max-snippet":"max-snippet:-1","max-image-preview":"max-image-preview:large","max-video-preview":"max-video-preview:-1"},"canonical":"https:\/\/www.biopapa.lt\/en\/produktas\/organic-shea-butter-160g-alteya\/","og_locale":"en_US","og_type":"article","og_title":"Organic shea butter 160 g, ALTEYA - Biopapa","og_description":"Shea butter has been used for centuries for its beauty-enhancing properties. It is known as an excellent skin moisturiser and protector against dehydration, especially when skin is exposed to extreme environmental conditions.","og_url":"https:\/\/www.biopapa.lt\/en\/produktas\/organic-shea-butter-160g-alteya\/","og_site_name":"Biopapa","article_publisher":"https:\/\/www.facebook.com\/biopapa.lt","article_modified_time":"2026-03-07T23:06:31+00:00","og_image":[{"width":800,"height":640,"url":"https:\/\/www.biopapa.lt\/wp-content\/uploads\/2024\/11\/Ekologiskas-taukmedzio-sviestas-160-g-ALTEYA.png","type":"image\/png"}],"twitter_card":"summary_large_image","schema":{"@context":"https:\/\/schema.org","@graph":[{"@type":"WebPage","@id":"https:\/\/www.biopapa.lt\/en\/produktas\/organic-shea-butter-160g-alteya\/","url":"https:\/\/www.biopapa.lt\/en\/produktas\/organic-shea-butter-160g-alteya\/","name":"Organic shea butter 160 g, ALTEYA - Biopapa","isPartOf":{"@id":"https:\/\/www.biopapa.lt\/#website"},"primaryImageOfPage":{"@id":"https:\/\/www.biopapa.lt\/en\/produktas\/organic-shea-butter-160g-alteya\/#primaryimage"},"image":{"@id":"https:\/\/www.biopapa.lt\/en\/produktas\/organic-shea-butter-160g-alteya\/#primaryimage"},"thumbnailUrl":"https:\/\/www.biopapa.lt\/wp-content\/uploads\/2024\/11\/Ekologiskas-taukmedzio-sviestas-160-g-ALTEYA.png","datePublished":"2024-11-06T12:47:24+00:00","dateModified":"2026-03-07T23:06:31+00:00","description":"Shea butter has been used for centuries for its beauty-enhancing properties. It is known as an excellent skin moisturiser and protector against dehydration, especially when skin is exposed to extreme environmental conditions.","breadcrumb":{"@id":"https:\/\/www.biopapa.lt\/en\/produktas\/organic-shea-butter-160g-alteya\/#breadcrumb"},"inLanguage":"en-US","potentialAction":[{"@type":"ReadAction","target":["https:\/\/www.biopapa.lt\/en\/produktas\/organic-shea-butter-160g-alteya\/"]}]},{"@type":"ImageObject","inLanguage":"en-US","@id":"https:\/\/www.biopapa.lt\/en\/produktas\/organic-shea-butter-160g-alteya\/#primaryimage","url":"https:\/\/www.biopapa.lt\/wp-content\/uploads\/2024\/11\/Ekologiskas-taukmedzio-sviestas-160-g-ALTEYA.png","contentUrl":"https:\/\/www.biopapa.lt\/wp-content\/uploads\/2024\/11\/Ekologiskas-taukmedzio-sviestas-160-g-ALTEYA.png","width":800,"height":640},{"@type":"BreadcrumbList","@id":"https:\/\/www.biopapa.lt\/en\/produktas\/organic-shea-butter-160g-alteya\/#breadcrumb","itemListElement":[{"@type":"ListItem","position":1,"name":"Home","item":"https:\/\/www.biopapa.lt\/en\/"},{"@type":"ListItem","position":2,"name":"Shop","item":"https:\/\/www.biopapa.lt\/en\/shop\/"},{"@type":"ListItem","position":3,"name":"Organic shea butter 160 g, ALTEYA"}]},{"@type":"WebSite","@id":"https:\/\/www.biopapa.lt\/#website","url":"https:\/\/www.biopapa.lt\/","name":"Biopapa","description":"\u0160var\u016bs ekologi\u0161ki produktai","publisher":{"@id":"https:\/\/www.biopapa.lt\/#organization"},"potentialAction":[{"@type":"SearchAction","target":{"@type":"EntryPoint","urlTemplate":"https:\/\/www.biopapa.lt\/?s={search_term_string}"},"query-input":{"@type":"PropertyValueSpecification","valueRequired":true,"valueName":"search_term_string"}}],"inLanguage":"en-US"},{"@type":"Organization","@id":"https:\/\/www.biopapa.lt\/#organization","name":"Biopapa","url":"https:\/\/www.biopapa.lt\/","logo":{"@type":"ImageObject","inLanguage":"en-US","@id":"https:\/\/www.biopapa.lt\/#\/schema\/logo\/image\/","url":"https:\/\/www.biopapa.lt\/wp-content\/uploads\/2022\/04\/facebook_biopapa.jpg","contentUrl":"https:\/\/www.biopapa.lt\/wp-content\/uploads\/2022\/04\/facebook_biopapa.jpg","width":1733,"height":907,"caption":"Biopapa"},"image":{"@id":"https:\/\/www.biopapa.lt\/#\/schema\/logo\/image\/"},"sameAs":["https:\/\/www.facebook.com\/biopapa.lt"]}]}},"_links":{"self":[{"href":"https:\/\/www.biopapa.lt\/en\/wp-json\/wp\/v2\/product\/59400","targetHints":{"allow":["GET"]}}],"collection":[{"href":"https:\/\/www.biopapa.lt\/en\/wp-json\/wp\/v2\/product"}],"about":[{"href":"https:\/\/www.biopapa.lt\/en\/wp-json\/wp\/v2\/types\/product"}],"wp:featuredmedia":[{"embeddable":true,"href":"https:\/\/www.biopapa.lt\/en\/wp-json\/wp\/v2\/media\/59404"}],"wp:attachment":[{"href":"https:\/\/www.biopapa.lt\/en\/wp-json\/wp\/v2\/media?parent=59400"}],"wp:term":[{"taxonomy":"product_brand","embeddable":true,"href":"https:\/\/www.biopapa.lt\/en\/wp-json\/wp\/v2\/product_brand?post=59400"},{"taxonomy":"product_cat","embeddable":true,"href":"https:\/\/www.biopapa.lt\/en\/wp-json\/wp\/v2\/product_cat?post=59400"},{"taxonomy":"product_tag","embeddable":true,"href":"https:\/\/www.biopapa.lt\/en\/wp-json\/wp\/v2\/product_tag?post=59400"}],"curies":[{"name":"wp","href":"https:\/\/api.w.org\/{rel}","templated":true}]}}