{"id":58940,"date":"2024-10-31T14:28:08","date_gmt":"2024-10-31T12:28:08","guid":{"rendered":"https:\/\/www.biopapa.lt\/?post_type=product&#038;p=58940"},"modified":"2026-03-17T11:33:15","modified_gmt":"2026-03-17T09:33:15","slug":"organic-ground-cloves","status":"publish","type":"product","link":"https:\/\/www.biopapa.lt\/en\/produktas\/organic-ground-cloves\/","title":{"rendered":"Organic ground cloves"},"content":{"rendered":"<p>Clove powder is a versatile spice that can be used not only in cooking, but also for health and beauty care. Their strong, warm and slightly spicy flavour complements baked goods, stews and hot drinks, giving them a distinctive aroma.<br \/>\nCloves are also renowned for their health benefits and are often used in natural medicine.<br \/>\nIn the beauty field, clove powder is used as an ingredient in face masks.<br \/>\nThis spice is not only delicious but also has health benefits, making clove powder a good addition to every kitchen and home medicine cabinet.<\/p>\n<p>&nbsp;<\/p>\n","protected":false},"excerpt":{"rendered":"<p>Clove powder is a versatile spice that can be used not only in cooking, but also for health and beauty<\/p>\n","protected":false},"featured_media":59204,"template":"","meta":{"_acf_changed":false},"product_brand":[],"product_cat":[1853],"product_tag":[2088],"class_list":{"0":"post-58940","1":"product","2":"type-product","3":"status-publish","4":"has-post-thumbnail","6":"product_cat-spices","7":"product_tag-vegan","8":"pa_svoris-1-kg-en-2","9":"pa_svoris-100-g-en-2","10":"pa_svoris-15-kg-en","11":"pa_svoris-200-g-en","12":"pa_svoris-25-g-en","13":"pa_svoris-300-g-en","14":"pa_svoris-400-g-en","15":"pa_svoris-5-kg-en-2","16":"pa_svoris-50-g-en","17":"pa_svoris-500-g-en-2","19":"first","20":"outofstock","21":"shipping-taxable","22":"purchasable","23":"product-type-variable","24":"has-default-attributes"},"acf":[],"yoast_head":"<!-- This site is optimized with the Yoast SEO plugin v27.5 - https:\/\/yoast.com\/product\/yoast-seo-wordpress\/ -->\n<title>Organic ground cloves - Biopapa<\/title>\n<meta name=\"description\" content=\"Clove powder is a versatile spice that can be used not only in cooking, but also for health and beauty care.\" \/>\n<meta name=\"robots\" content=\"index, follow, max-snippet:-1, max-image-preview:large, max-video-preview:-1\" \/>\n<link rel=\"canonical\" href=\"https:\/\/www.biopapa.lt\/en\/produktas\/organic-ground-cloves\/\" \/>\n<meta property=\"og:locale\" content=\"en_US\" \/>\n<meta property=\"og:type\" content=\"article\" \/>\n<meta property=\"og:title\" content=\"Organic ground cloves - Biopapa\" \/>\n<meta property=\"og:description\" content=\"Clove powder is a versatile spice that can be used not only in cooking, but also for health and beauty care.\" \/>\n<meta property=\"og:url\" content=\"https:\/\/www.biopapa.lt\/en\/produktas\/organic-ground-cloves\/\" \/>\n<meta property=\"og:site_name\" content=\"Biopapa\" \/>\n<meta property=\"article:publisher\" content=\"https:\/\/www.facebook.com\/biopapa.lt\" \/>\n<meta property=\"article:modified_time\" content=\"2026-03-17T09:33:15+00:00\" \/>\n<meta property=\"og:image\" content=\"https:\/\/www.biopapa.lt\/wp-content\/uploads\/2024\/10\/Ekologiski-malti-gvazdikeliai.png\" \/>\n\t<meta property=\"og:image:width\" content=\"800\" \/>\n\t<meta property=\"og:image:height\" content=\"640\" \/>\n\t<meta property=\"og:image:type\" content=\"image\/png\" \/>\n<meta name=\"twitter:card\" content=\"summary_large_image\" \/>\n<script type=\"application\/ld+json\" class=\"yoast-schema-graph\">{\"@context\":\"https:\\\/\\\/schema.org\",\"@graph\":[{\"@type\":\"WebPage\",\"@id\":\"https:\\\/\\\/www.biopapa.lt\\\/en\\\/produktas\\\/organic-ground-cloves\\\/\",\"url\":\"https:\\\/\\\/www.biopapa.lt\\\/en\\\/produktas\\\/organic-ground-cloves\\\/\",\"name\":\"Organic ground cloves - Biopapa\",\"isPartOf\":{\"@id\":\"https:\\\/\\\/www.biopapa.lt\\\/#website\"},\"primaryImageOfPage\":{\"@id\":\"https:\\\/\\\/www.biopapa.lt\\\/en\\\/produktas\\\/organic-ground-cloves\\\/#primaryimage\"},\"image\":{\"@id\":\"https:\\\/\\\/www.biopapa.lt\\\/en\\\/produktas\\\/organic-ground-cloves\\\/#primaryimage\"},\"thumbnailUrl\":\"https:\\\/\\\/www.biopapa.lt\\\/wp-content\\\/uploads\\\/2024\\\/10\\\/Ekologiski-malti-gvazdikeliai.png\",\"datePublished\":\"2024-10-31T12:28:08+00:00\",\"dateModified\":\"2026-03-17T09:33:15+00:00\",\"description\":\"Clove powder is a versatile spice that can be used not only in cooking, but also for health and beauty care.\",\"breadcrumb\":{\"@id\":\"https:\\\/\\\/www.biopapa.lt\\\/en\\\/produktas\\\/organic-ground-cloves\\\/#breadcrumb\"},\"inLanguage\":\"en-US\",\"potentialAction\":[{\"@type\":\"ReadAction\",\"target\":[\"https:\\\/\\\/www.biopapa.lt\\\/en\\\/produktas\\\/organic-ground-cloves\\\/\"]}]},{\"@type\":\"ImageObject\",\"inLanguage\":\"en-US\",\"@id\":\"https:\\\/\\\/www.biopapa.lt\\\/en\\\/produktas\\\/organic-ground-cloves\\\/#primaryimage\",\"url\":\"https:\\\/\\\/www.biopapa.lt\\\/wp-content\\\/uploads\\\/2024\\\/10\\\/Ekologiski-malti-gvazdikeliai.png\",\"contentUrl\":\"https:\\\/\\\/www.biopapa.lt\\\/wp-content\\\/uploads\\\/2024\\\/10\\\/Ekologiski-malti-gvazdikeliai.png\",\"width\":800,\"height\":640},{\"@type\":\"BreadcrumbList\",\"@id\":\"https:\\\/\\\/www.biopapa.lt\\\/en\\\/produktas\\\/organic-ground-cloves\\\/#breadcrumb\",\"itemListElement\":[{\"@type\":\"ListItem\",\"position\":1,\"name\":\"Home\",\"item\":\"https:\\\/\\\/www.biopapa.lt\\\/en\\\/\"},{\"@type\":\"ListItem\",\"position\":2,\"name\":\"Shop\",\"item\":\"https:\\\/\\\/www.biopapa.lt\\\/en\\\/shop\\\/\"},{\"@type\":\"ListItem\",\"position\":3,\"name\":\"Organic ground cloves\"}]},{\"@type\":\"WebSite\",\"@id\":\"https:\\\/\\\/www.biopapa.lt\\\/#website\",\"url\":\"https:\\\/\\\/www.biopapa.lt\\\/\",\"name\":\"Biopapa\",\"description\":\"\u0160var\u016bs ekologi\u0161ki produktai\",\"publisher\":{\"@id\":\"https:\\\/\\\/www.biopapa.lt\\\/#organization\"},\"potentialAction\":[{\"@type\":\"SearchAction\",\"target\":{\"@type\":\"EntryPoint\",\"urlTemplate\":\"https:\\\/\\\/www.biopapa.lt\\\/?s={search_term_string}\"},\"query-input\":{\"@type\":\"PropertyValueSpecification\",\"valueRequired\":true,\"valueName\":\"search_term_string\"}}],\"inLanguage\":\"en-US\"},{\"@type\":\"Organization\",\"@id\":\"https:\\\/\\\/www.biopapa.lt\\\/#organization\",\"name\":\"Biopapa\",\"url\":\"https:\\\/\\\/www.biopapa.lt\\\/\",\"logo\":{\"@type\":\"ImageObject\",\"inLanguage\":\"en-US\",\"@id\":\"https:\\\/\\\/www.biopapa.lt\\\/#\\\/schema\\\/logo\\\/image\\\/\",\"url\":\"https:\\\/\\\/www.biopapa.lt\\\/wp-content\\\/uploads\\\/2022\\\/04\\\/facebook_biopapa.jpg\",\"contentUrl\":\"https:\\\/\\\/www.biopapa.lt\\\/wp-content\\\/uploads\\\/2022\\\/04\\\/facebook_biopapa.jpg\",\"width\":1733,\"height\":907,\"caption\":\"Biopapa\"},\"image\":{\"@id\":\"https:\\\/\\\/www.biopapa.lt\\\/#\\\/schema\\\/logo\\\/image\\\/\"},\"sameAs\":[\"https:\\\/\\\/www.facebook.com\\\/biopapa.lt\"]}]}<\/script>\n<!-- \/ Yoast SEO plugin. -->","yoast_head_json":{"title":"Organic ground cloves - Biopapa","description":"Clove powder is a versatile spice that can be used not only in cooking, but also for health and beauty care.","robots":{"index":"index","follow":"follow","max-snippet":"max-snippet:-1","max-image-preview":"max-image-preview:large","max-video-preview":"max-video-preview:-1"},"canonical":"https:\/\/www.biopapa.lt\/en\/produktas\/organic-ground-cloves\/","og_locale":"en_US","og_type":"article","og_title":"Organic ground cloves - Biopapa","og_description":"Clove powder is a versatile spice that can be used not only in cooking, but also for health and beauty care.","og_url":"https:\/\/www.biopapa.lt\/en\/produktas\/organic-ground-cloves\/","og_site_name":"Biopapa","article_publisher":"https:\/\/www.facebook.com\/biopapa.lt","article_modified_time":"2026-03-17T09:33:15+00:00","og_image":[{"width":800,"height":640,"url":"https:\/\/www.biopapa.lt\/wp-content\/uploads\/2024\/10\/Ekologiski-malti-gvazdikeliai.png","type":"image\/png"}],"twitter_card":"summary_large_image","schema":{"@context":"https:\/\/schema.org","@graph":[{"@type":"WebPage","@id":"https:\/\/www.biopapa.lt\/en\/produktas\/organic-ground-cloves\/","url":"https:\/\/www.biopapa.lt\/en\/produktas\/organic-ground-cloves\/","name":"Organic ground cloves - Biopapa","isPartOf":{"@id":"https:\/\/www.biopapa.lt\/#website"},"primaryImageOfPage":{"@id":"https:\/\/www.biopapa.lt\/en\/produktas\/organic-ground-cloves\/#primaryimage"},"image":{"@id":"https:\/\/www.biopapa.lt\/en\/produktas\/organic-ground-cloves\/#primaryimage"},"thumbnailUrl":"https:\/\/www.biopapa.lt\/wp-content\/uploads\/2024\/10\/Ekologiski-malti-gvazdikeliai.png","datePublished":"2024-10-31T12:28:08+00:00","dateModified":"2026-03-17T09:33:15+00:00","description":"Clove powder is a versatile spice that can be used not only in cooking, but also for health and beauty care.","breadcrumb":{"@id":"https:\/\/www.biopapa.lt\/en\/produktas\/organic-ground-cloves\/#breadcrumb"},"inLanguage":"en-US","potentialAction":[{"@type":"ReadAction","target":["https:\/\/www.biopapa.lt\/en\/produktas\/organic-ground-cloves\/"]}]},{"@type":"ImageObject","inLanguage":"en-US","@id":"https:\/\/www.biopapa.lt\/en\/produktas\/organic-ground-cloves\/#primaryimage","url":"https:\/\/www.biopapa.lt\/wp-content\/uploads\/2024\/10\/Ekologiski-malti-gvazdikeliai.png","contentUrl":"https:\/\/www.biopapa.lt\/wp-content\/uploads\/2024\/10\/Ekologiski-malti-gvazdikeliai.png","width":800,"height":640},{"@type":"BreadcrumbList","@id":"https:\/\/www.biopapa.lt\/en\/produktas\/organic-ground-cloves\/#breadcrumb","itemListElement":[{"@type":"ListItem","position":1,"name":"Home","item":"https:\/\/www.biopapa.lt\/en\/"},{"@type":"ListItem","position":2,"name":"Shop","item":"https:\/\/www.biopapa.lt\/en\/shop\/"},{"@type":"ListItem","position":3,"name":"Organic ground cloves"}]},{"@type":"WebSite","@id":"https:\/\/www.biopapa.lt\/#website","url":"https:\/\/www.biopapa.lt\/","name":"Biopapa","description":"\u0160var\u016bs ekologi\u0161ki produktai","publisher":{"@id":"https:\/\/www.biopapa.lt\/#organization"},"potentialAction":[{"@type":"SearchAction","target":{"@type":"EntryPoint","urlTemplate":"https:\/\/www.biopapa.lt\/?s={search_term_string}"},"query-input":{"@type":"PropertyValueSpecification","valueRequired":true,"valueName":"search_term_string"}}],"inLanguage":"en-US"},{"@type":"Organization","@id":"https:\/\/www.biopapa.lt\/#organization","name":"Biopapa","url":"https:\/\/www.biopapa.lt\/","logo":{"@type":"ImageObject","inLanguage":"en-US","@id":"https:\/\/www.biopapa.lt\/#\/schema\/logo\/image\/","url":"https:\/\/www.biopapa.lt\/wp-content\/uploads\/2022\/04\/facebook_biopapa.jpg","contentUrl":"https:\/\/www.biopapa.lt\/wp-content\/uploads\/2022\/04\/facebook_biopapa.jpg","width":1733,"height":907,"caption":"Biopapa"},"image":{"@id":"https:\/\/www.biopapa.lt\/#\/schema\/logo\/image\/"},"sameAs":["https:\/\/www.facebook.com\/biopapa.lt"]}]}},"_links":{"self":[{"href":"https:\/\/www.biopapa.lt\/en\/wp-json\/wp\/v2\/product\/58940","targetHints":{"allow":["GET"]}}],"collection":[{"href":"https:\/\/www.biopapa.lt\/en\/wp-json\/wp\/v2\/product"}],"about":[{"href":"https:\/\/www.biopapa.lt\/en\/wp-json\/wp\/v2\/types\/product"}],"wp:featuredmedia":[{"embeddable":true,"href":"https:\/\/www.biopapa.lt\/en\/wp-json\/wp\/v2\/media\/59204"}],"wp:attachment":[{"href":"https:\/\/www.biopapa.lt\/en\/wp-json\/wp\/v2\/media?parent=58940"}],"wp:term":[{"taxonomy":"product_brand","embeddable":true,"href":"https:\/\/www.biopapa.lt\/en\/wp-json\/wp\/v2\/product_brand?post=58940"},{"taxonomy":"product_cat","embeddable":true,"href":"https:\/\/www.biopapa.lt\/en\/wp-json\/wp\/v2\/product_cat?post=58940"},{"taxonomy":"product_tag","embeddable":true,"href":"https:\/\/www.biopapa.lt\/en\/wp-json\/wp\/v2\/product_tag?post=58940"}],"curies":[{"name":"wp","href":"https:\/\/api.w.org\/{rel}","templated":true}]}}