{"id":58878,"date":"2024-10-30T13:47:27","date_gmt":"2024-10-30T11:47:27","guid":{"rendered":"https:\/\/www.biopapa.lt\/?post_type=product&#038;p=58878"},"modified":"2026-01-13T15:39:21","modified_gmt":"2026-01-13T13:39:21","slug":"organic-kombucha-with-ginger-and-lime-bukcia-1l","status":"publish","type":"product","link":"https:\/\/www.biopapa.lt\/en\/produktas\/organic-kombucha-with-ginger-and-lime-bukcia-1l\/","title":{"rendered":"Organic kombucha with ginger and lime B\u016aK\u010cIA, 1L"},"content":{"rendered":"<p>This type of kombucha will remind you a little of ginger beer and tickle your palate. It is perfect for colder autumn days or mornings when it is hard to get out of bed and you want to get back in again when you get out of bed.<br \/>\nThe mild lime flavour rounds off the sharp edges of the ginger, making it refreshing and &#8216;Mohitic&#8217; in all situations.<br \/>\nAs the ginger kombucha spends more time in the bottle, the ginger flavour intensifies and the bubbles start to tickle the nose.<br \/>\nNon-alcoholic fermented tea drink. <\/p>\n","protected":false},"excerpt":{"rendered":"<p>This type of kombucha will remind you a little of ginger beer and tickle your palate. It is perfect for<\/p>\n","protected":false},"featured_media":58881,"template":"","meta":{"_acf_changed":false},"product_brand":[],"product_cat":[2378],"product_tag":[2088],"class_list":{"0":"post-58878","1":"product","2":"type-product","3":"status-publish","4":"has-post-thumbnail","6":"product_cat-drinks","7":"product_tag-vegan","9":"first","10":"outofstock","11":"shipping-taxable","12":"purchasable","13":"product-type-simple"},"acf":[],"yoast_head":"<!-- This site is optimized with the Yoast SEO plugin v27.5 - https:\/\/yoast.com\/product\/yoast-seo-wordpress\/ -->\n<title>Organic kombucha with ginger and lime B\u016aK\u010cIA, 1L - Biopapa<\/title>\n<meta name=\"description\" content=\"The mild flavour of lime will round off the sharp edges of the ginger and make it refreshing.\" \/>\n<meta name=\"robots\" content=\"index, follow, max-snippet:-1, max-image-preview:large, max-video-preview:-1\" \/>\n<link rel=\"canonical\" href=\"https:\/\/www.biopapa.lt\/en\/produktas\/organic-kombucha-with-ginger-and-lime-bukcia-1l\/\" \/>\n<meta property=\"og:locale\" content=\"en_US\" \/>\n<meta property=\"og:type\" content=\"article\" \/>\n<meta property=\"og:title\" content=\"Organic kombucha with ginger and lime B\u016aK\u010cIA, 1L - Biopapa\" \/>\n<meta property=\"og:description\" content=\"The mild flavour of lime will round off the sharp edges of the ginger and make it refreshing.\" \/>\n<meta property=\"og:url\" content=\"https:\/\/www.biopapa.lt\/en\/produktas\/organic-kombucha-with-ginger-and-lime-bukcia-1l\/\" \/>\n<meta property=\"og:site_name\" content=\"Biopapa\" \/>\n<meta property=\"article:publisher\" content=\"https:\/\/www.facebook.com\/biopapa.lt\" \/>\n<meta property=\"article:modified_time\" content=\"2026-01-13T13:39:21+00:00\" \/>\n<meta property=\"og:image\" content=\"https:\/\/www.biopapa.lt\/wp-content\/uploads\/2024\/10\/Ekologiska-kombucia-su-imbieru-ir-laimu-BUKCIA-1L-.jpg\" \/>\n\t<meta property=\"og:image:width\" content=\"800\" \/>\n\t<meta property=\"og:image:height\" content=\"640\" \/>\n\t<meta property=\"og:image:type\" content=\"image\/jpeg\" \/>\n<meta name=\"twitter:card\" content=\"summary_large_image\" \/>\n<script type=\"application\/ld+json\" class=\"yoast-schema-graph\">{\"@context\":\"https:\\\/\\\/schema.org\",\"@graph\":[{\"@type\":\"WebPage\",\"@id\":\"https:\\\/\\\/www.biopapa.lt\\\/en\\\/produktas\\\/organic-kombucha-with-ginger-and-lime-bukcia-1l\\\/\",\"url\":\"https:\\\/\\\/www.biopapa.lt\\\/en\\\/produktas\\\/organic-kombucha-with-ginger-and-lime-bukcia-1l\\\/\",\"name\":\"Organic kombucha with ginger and lime B\u016aK\u010cIA, 1L - Biopapa\",\"isPartOf\":{\"@id\":\"https:\\\/\\\/www.biopapa.lt\\\/#website\"},\"primaryImageOfPage\":{\"@id\":\"https:\\\/\\\/www.biopapa.lt\\\/en\\\/produktas\\\/organic-kombucha-with-ginger-and-lime-bukcia-1l\\\/#primaryimage\"},\"image\":{\"@id\":\"https:\\\/\\\/www.biopapa.lt\\\/en\\\/produktas\\\/organic-kombucha-with-ginger-and-lime-bukcia-1l\\\/#primaryimage\"},\"thumbnailUrl\":\"https:\\\/\\\/www.biopapa.lt\\\/wp-content\\\/uploads\\\/2024\\\/10\\\/Ekologiska-kombucia-su-imbieru-ir-laimu-BUKCIA-1L-.jpg\",\"datePublished\":\"2024-10-30T11:47:27+00:00\",\"dateModified\":\"2026-01-13T13:39:21+00:00\",\"description\":\"The mild flavour of lime will round off the sharp edges of the ginger and make it refreshing.\",\"breadcrumb\":{\"@id\":\"https:\\\/\\\/www.biopapa.lt\\\/en\\\/produktas\\\/organic-kombucha-with-ginger-and-lime-bukcia-1l\\\/#breadcrumb\"},\"inLanguage\":\"en-US\",\"potentialAction\":[{\"@type\":\"ReadAction\",\"target\":[\"https:\\\/\\\/www.biopapa.lt\\\/en\\\/produktas\\\/organic-kombucha-with-ginger-and-lime-bukcia-1l\\\/\"]}]},{\"@type\":\"ImageObject\",\"inLanguage\":\"en-US\",\"@id\":\"https:\\\/\\\/www.biopapa.lt\\\/en\\\/produktas\\\/organic-kombucha-with-ginger-and-lime-bukcia-1l\\\/#primaryimage\",\"url\":\"https:\\\/\\\/www.biopapa.lt\\\/wp-content\\\/uploads\\\/2024\\\/10\\\/Ekologiska-kombucia-su-imbieru-ir-laimu-BUKCIA-1L-.jpg\",\"contentUrl\":\"https:\\\/\\\/www.biopapa.lt\\\/wp-content\\\/uploads\\\/2024\\\/10\\\/Ekologiska-kombucia-su-imbieru-ir-laimu-BUKCIA-1L-.jpg\",\"width\":800,\"height\":640},{\"@type\":\"BreadcrumbList\",\"@id\":\"https:\\\/\\\/www.biopapa.lt\\\/en\\\/produktas\\\/organic-kombucha-with-ginger-and-lime-bukcia-1l\\\/#breadcrumb\",\"itemListElement\":[{\"@type\":\"ListItem\",\"position\":1,\"name\":\"Home\",\"item\":\"https:\\\/\\\/www.biopapa.lt\\\/en\\\/\"},{\"@type\":\"ListItem\",\"position\":2,\"name\":\"Shop\",\"item\":\"https:\\\/\\\/www.biopapa.lt\\\/en\\\/shop\\\/\"},{\"@type\":\"ListItem\",\"position\":3,\"name\":\"Organic kombucha with ginger and lime B\u016aK\u010cIA, 1L\"}]},{\"@type\":\"WebSite\",\"@id\":\"https:\\\/\\\/www.biopapa.lt\\\/#website\",\"url\":\"https:\\\/\\\/www.biopapa.lt\\\/\",\"name\":\"Biopapa\",\"description\":\"\u0160var\u016bs ekologi\u0161ki produktai\",\"publisher\":{\"@id\":\"https:\\\/\\\/www.biopapa.lt\\\/#organization\"},\"potentialAction\":[{\"@type\":\"SearchAction\",\"target\":{\"@type\":\"EntryPoint\",\"urlTemplate\":\"https:\\\/\\\/www.biopapa.lt\\\/?s={search_term_string}\"},\"query-input\":{\"@type\":\"PropertyValueSpecification\",\"valueRequired\":true,\"valueName\":\"search_term_string\"}}],\"inLanguage\":\"en-US\"},{\"@type\":\"Organization\",\"@id\":\"https:\\\/\\\/www.biopapa.lt\\\/#organization\",\"name\":\"Biopapa\",\"url\":\"https:\\\/\\\/www.biopapa.lt\\\/\",\"logo\":{\"@type\":\"ImageObject\",\"inLanguage\":\"en-US\",\"@id\":\"https:\\\/\\\/www.biopapa.lt\\\/#\\\/schema\\\/logo\\\/image\\\/\",\"url\":\"https:\\\/\\\/www.biopapa.lt\\\/wp-content\\\/uploads\\\/2022\\\/04\\\/facebook_biopapa.jpg\",\"contentUrl\":\"https:\\\/\\\/www.biopapa.lt\\\/wp-content\\\/uploads\\\/2022\\\/04\\\/facebook_biopapa.jpg\",\"width\":1733,\"height\":907,\"caption\":\"Biopapa\"},\"image\":{\"@id\":\"https:\\\/\\\/www.biopapa.lt\\\/#\\\/schema\\\/logo\\\/image\\\/\"},\"sameAs\":[\"https:\\\/\\\/www.facebook.com\\\/biopapa.lt\"]}]}<\/script>\n<!-- \/ Yoast SEO plugin. -->","yoast_head_json":{"title":"Organic kombucha with ginger and lime B\u016aK\u010cIA, 1L - Biopapa","description":"The mild flavour of lime will round off the sharp edges of the ginger and make it refreshing.","robots":{"index":"index","follow":"follow","max-snippet":"max-snippet:-1","max-image-preview":"max-image-preview:large","max-video-preview":"max-video-preview:-1"},"canonical":"https:\/\/www.biopapa.lt\/en\/produktas\/organic-kombucha-with-ginger-and-lime-bukcia-1l\/","og_locale":"en_US","og_type":"article","og_title":"Organic kombucha with ginger and lime B\u016aK\u010cIA, 1L - Biopapa","og_description":"The mild flavour of lime will round off the sharp edges of the ginger and make it refreshing.","og_url":"https:\/\/www.biopapa.lt\/en\/produktas\/organic-kombucha-with-ginger-and-lime-bukcia-1l\/","og_site_name":"Biopapa","article_publisher":"https:\/\/www.facebook.com\/biopapa.lt","article_modified_time":"2026-01-13T13:39:21+00:00","og_image":[{"width":800,"height":640,"url":"https:\/\/www.biopapa.lt\/wp-content\/uploads\/2024\/10\/Ekologiska-kombucia-su-imbieru-ir-laimu-BUKCIA-1L-.jpg","type":"image\/jpeg"}],"twitter_card":"summary_large_image","schema":{"@context":"https:\/\/schema.org","@graph":[{"@type":"WebPage","@id":"https:\/\/www.biopapa.lt\/en\/produktas\/organic-kombucha-with-ginger-and-lime-bukcia-1l\/","url":"https:\/\/www.biopapa.lt\/en\/produktas\/organic-kombucha-with-ginger-and-lime-bukcia-1l\/","name":"Organic kombucha with ginger and lime B\u016aK\u010cIA, 1L - Biopapa","isPartOf":{"@id":"https:\/\/www.biopapa.lt\/#website"},"primaryImageOfPage":{"@id":"https:\/\/www.biopapa.lt\/en\/produktas\/organic-kombucha-with-ginger-and-lime-bukcia-1l\/#primaryimage"},"image":{"@id":"https:\/\/www.biopapa.lt\/en\/produktas\/organic-kombucha-with-ginger-and-lime-bukcia-1l\/#primaryimage"},"thumbnailUrl":"https:\/\/www.biopapa.lt\/wp-content\/uploads\/2024\/10\/Ekologiska-kombucia-su-imbieru-ir-laimu-BUKCIA-1L-.jpg","datePublished":"2024-10-30T11:47:27+00:00","dateModified":"2026-01-13T13:39:21+00:00","description":"The mild flavour of lime will round off the sharp edges of the ginger and make it refreshing.","breadcrumb":{"@id":"https:\/\/www.biopapa.lt\/en\/produktas\/organic-kombucha-with-ginger-and-lime-bukcia-1l\/#breadcrumb"},"inLanguage":"en-US","potentialAction":[{"@type":"ReadAction","target":["https:\/\/www.biopapa.lt\/en\/produktas\/organic-kombucha-with-ginger-and-lime-bukcia-1l\/"]}]},{"@type":"ImageObject","inLanguage":"en-US","@id":"https:\/\/www.biopapa.lt\/en\/produktas\/organic-kombucha-with-ginger-and-lime-bukcia-1l\/#primaryimage","url":"https:\/\/www.biopapa.lt\/wp-content\/uploads\/2024\/10\/Ekologiska-kombucia-su-imbieru-ir-laimu-BUKCIA-1L-.jpg","contentUrl":"https:\/\/www.biopapa.lt\/wp-content\/uploads\/2024\/10\/Ekologiska-kombucia-su-imbieru-ir-laimu-BUKCIA-1L-.jpg","width":800,"height":640},{"@type":"BreadcrumbList","@id":"https:\/\/www.biopapa.lt\/en\/produktas\/organic-kombucha-with-ginger-and-lime-bukcia-1l\/#breadcrumb","itemListElement":[{"@type":"ListItem","position":1,"name":"Home","item":"https:\/\/www.biopapa.lt\/en\/"},{"@type":"ListItem","position":2,"name":"Shop","item":"https:\/\/www.biopapa.lt\/en\/shop\/"},{"@type":"ListItem","position":3,"name":"Organic kombucha with ginger and lime B\u016aK\u010cIA, 1L"}]},{"@type":"WebSite","@id":"https:\/\/www.biopapa.lt\/#website","url":"https:\/\/www.biopapa.lt\/","name":"Biopapa","description":"\u0160var\u016bs ekologi\u0161ki produktai","publisher":{"@id":"https:\/\/www.biopapa.lt\/#organization"},"potentialAction":[{"@type":"SearchAction","target":{"@type":"EntryPoint","urlTemplate":"https:\/\/www.biopapa.lt\/?s={search_term_string}"},"query-input":{"@type":"PropertyValueSpecification","valueRequired":true,"valueName":"search_term_string"}}],"inLanguage":"en-US"},{"@type":"Organization","@id":"https:\/\/www.biopapa.lt\/#organization","name":"Biopapa","url":"https:\/\/www.biopapa.lt\/","logo":{"@type":"ImageObject","inLanguage":"en-US","@id":"https:\/\/www.biopapa.lt\/#\/schema\/logo\/image\/","url":"https:\/\/www.biopapa.lt\/wp-content\/uploads\/2022\/04\/facebook_biopapa.jpg","contentUrl":"https:\/\/www.biopapa.lt\/wp-content\/uploads\/2022\/04\/facebook_biopapa.jpg","width":1733,"height":907,"caption":"Biopapa"},"image":{"@id":"https:\/\/www.biopapa.lt\/#\/schema\/logo\/image\/"},"sameAs":["https:\/\/www.facebook.com\/biopapa.lt"]}]}},"_links":{"self":[{"href":"https:\/\/www.biopapa.lt\/en\/wp-json\/wp\/v2\/product\/58878","targetHints":{"allow":["GET"]}}],"collection":[{"href":"https:\/\/www.biopapa.lt\/en\/wp-json\/wp\/v2\/product"}],"about":[{"href":"https:\/\/www.biopapa.lt\/en\/wp-json\/wp\/v2\/types\/product"}],"wp:featuredmedia":[{"embeddable":true,"href":"https:\/\/www.biopapa.lt\/en\/wp-json\/wp\/v2\/media\/58881"}],"wp:attachment":[{"href":"https:\/\/www.biopapa.lt\/en\/wp-json\/wp\/v2\/media?parent=58878"}],"wp:term":[{"taxonomy":"product_brand","embeddable":true,"href":"https:\/\/www.biopapa.lt\/en\/wp-json\/wp\/v2\/product_brand?post=58878"},{"taxonomy":"product_cat","embeddable":true,"href":"https:\/\/www.biopapa.lt\/en\/wp-json\/wp\/v2\/product_cat?post=58878"},{"taxonomy":"product_tag","embeddable":true,"href":"https:\/\/www.biopapa.lt\/en\/wp-json\/wp\/v2\/product_tag?post=58878"}],"curies":[{"name":"wp","href":"https:\/\/api.w.org\/{rel}","templated":true}]}}