{"id":56302,"date":"2024-09-09T16:10:10","date_gmt":"2024-09-09T13:10:10","guid":{"rendered":"https:\/\/www.biopapa.lt\/?post_type=product&#038;p=56302"},"modified":"2026-03-08T01:05:13","modified_gmt":"2026-03-07T23:05:13","slug":"natural-strengthening-shampoo-250-ml-sante","status":"publish","type":"product","link":"https:\/\/www.biopapa.lt\/en\/produktas\/natural-strengthening-shampoo-250-ml-sante\/","title":{"rendered":"Natural strengthening shampoo, 250 ml, SANTE"},"content":{"rendered":"<p><strong>The Natural Strengthening Shampoo<\/strong> has a particularly strong effect thanks to the bamboo extract and the triple protein complex, which gives maximum intensity to strengthen the hair structure and follicles. As a result, it can strengthen hair from root to tip and prevent or reduce breakage. Bamboo extract stimulates blood circulation to the scalp. This stimulates hair growth to make it denser. The Moisturising Care Complex provides extra support for denser hair, while the Triple Protein formula protects hair from damaging external environmental factors. &#8220;Super Strong Shampoo from Sante Naturkosmetik provides dermatologically tested hair care, gently cleanses and leaves your hair supple, healthy without weighing it down. The natural fragrance complements the shampoo and takes you to the rainforest. NOTE If the product gets into your eyes, rinse thoroughly with water.       <\/p>\n","protected":false},"excerpt":{"rendered":"<p>The Natural Strengthening Shampoo has a particularly strong effect thanks to the bamboo extract and the triple protein complex, which<\/p>\n","protected":false},"featured_media":56305,"template":"","meta":{"_acf_changed":false},"product_brand":[],"product_cat":[1962,1969],"product_tag":[2070,2088],"class_list":{"0":"post-56302","1":"product","2":"type-product","3":"status-publish","4":"has-post-thumbnail","6":"product_cat-beauty-and-hygiene","7":"product_cat-hair-care","8":"product_tag-hair-care","9":"product_tag-vegan","11":"first","12":"instock","13":"shipping-taxable","14":"purchasable","15":"product-type-simple"},"acf":[],"yoast_head":"<!-- This site is optimized with the Yoast SEO plugin v27.5 - https:\/\/yoast.com\/product\/yoast-seo-wordpress\/ -->\n<title>Natural strengthening shampoo, 250 ml, SANTE - Biopapa<\/title>\n<meta name=\"description\" content=\"The Natural Strengthening Shampoo has a particularly strong effect thanks to the bamboo extract and the triple protein complex, which gives maximum intensity in strengthening the hair.\" \/>\n<meta name=\"robots\" content=\"index, follow, max-snippet:-1, max-image-preview:large, max-video-preview:-1\" \/>\n<link rel=\"canonical\" href=\"https:\/\/www.biopapa.lt\/en\/product\/natural-strengthening-shampoo-250-ml-sante\/\" \/>\n<meta property=\"og:locale\" content=\"en_US\" \/>\n<meta property=\"og:type\" content=\"article\" \/>\n<meta property=\"og:title\" content=\"Natural strengthening shampoo, 250 ml, SANTE - Biopapa\" \/>\n<meta property=\"og:description\" content=\"The Natural Strengthening Shampoo has a particularly strong effect thanks to the bamboo extract and the triple protein complex, which gives maximum intensity in strengthening the hair.\" \/>\n<meta property=\"og:url\" content=\"https:\/\/www.biopapa.lt\/en\/product\/natural-strengthening-shampoo-250-ml-sante\/\" \/>\n<meta property=\"og:site_name\" content=\"Biopapa\" \/>\n<meta property=\"article:publisher\" content=\"https:\/\/www.facebook.com\/biopapa.lt\" \/>\n<meta property=\"article:modified_time\" content=\"2026-03-07T23:05:13+00:00\" \/>\n<meta property=\"og:image\" content=\"https:\/\/www.biopapa.lt\/wp-content\/uploads\/2024\/09\/Naturalus-stiprinantis-sampunas.jpg\" \/>\n\t<meta property=\"og:image:width\" content=\"800\" \/>\n\t<meta property=\"og:image:height\" content=\"640\" \/>\n\t<meta property=\"og:image:type\" content=\"image\/jpeg\" \/>\n<meta name=\"twitter:card\" content=\"summary_large_image\" \/>\n<script type=\"application\/ld+json\" class=\"yoast-schema-graph\">{\"@context\":\"https:\\\/\\\/schema.org\",\"@graph\":[{\"@type\":\"WebPage\",\"@id\":\"https:\\\/\\\/www.biopapa.lt\\\/en\\\/product\\\/natural-strengthening-shampoo-250-ml-sante\\\/\",\"url\":\"https:\\\/\\\/www.biopapa.lt\\\/en\\\/product\\\/natural-strengthening-shampoo-250-ml-sante\\\/\",\"name\":\"Natural strengthening shampoo, 250 ml, SANTE - Biopapa\",\"isPartOf\":{\"@id\":\"https:\\\/\\\/www.biopapa.lt\\\/#website\"},\"primaryImageOfPage\":{\"@id\":\"https:\\\/\\\/www.biopapa.lt\\\/en\\\/product\\\/natural-strengthening-shampoo-250-ml-sante\\\/#primaryimage\"},\"image\":{\"@id\":\"https:\\\/\\\/www.biopapa.lt\\\/en\\\/product\\\/natural-strengthening-shampoo-250-ml-sante\\\/#primaryimage\"},\"thumbnailUrl\":\"https:\\\/\\\/www.biopapa.lt\\\/wp-content\\\/uploads\\\/2024\\\/09\\\/Naturalus-stiprinantis-sampunas.jpg\",\"datePublished\":\"2024-09-09T13:10:10+00:00\",\"dateModified\":\"2026-03-07T23:05:13+00:00\",\"description\":\"The Natural Strengthening Shampoo has a particularly strong effect thanks to the bamboo extract and the triple protein complex, which gives maximum intensity in strengthening the hair.\",\"breadcrumb\":{\"@id\":\"https:\\\/\\\/www.biopapa.lt\\\/en\\\/product\\\/natural-strengthening-shampoo-250-ml-sante\\\/#breadcrumb\"},\"inLanguage\":\"en-US\",\"potentialAction\":[{\"@type\":\"ReadAction\",\"target\":[\"https:\\\/\\\/www.biopapa.lt\\\/en\\\/product\\\/natural-strengthening-shampoo-250-ml-sante\\\/\"]}]},{\"@type\":\"ImageObject\",\"inLanguage\":\"en-US\",\"@id\":\"https:\\\/\\\/www.biopapa.lt\\\/en\\\/product\\\/natural-strengthening-shampoo-250-ml-sante\\\/#primaryimage\",\"url\":\"https:\\\/\\\/www.biopapa.lt\\\/wp-content\\\/uploads\\\/2024\\\/09\\\/Naturalus-stiprinantis-sampunas.jpg\",\"contentUrl\":\"https:\\\/\\\/www.biopapa.lt\\\/wp-content\\\/uploads\\\/2024\\\/09\\\/Naturalus-stiprinantis-sampunas.jpg\",\"width\":800,\"height\":640},{\"@type\":\"BreadcrumbList\",\"@id\":\"https:\\\/\\\/www.biopapa.lt\\\/en\\\/product\\\/natural-strengthening-shampoo-250-ml-sante\\\/#breadcrumb\",\"itemListElement\":[{\"@type\":\"ListItem\",\"position\":1,\"name\":\"Home\",\"item\":\"https:\\\/\\\/www.biopapa.lt\\\/en\\\/\"},{\"@type\":\"ListItem\",\"position\":2,\"name\":\"Shop\",\"item\":\"https:\\\/\\\/www.biopapa.lt\\\/en\\\/shop\\\/\"},{\"@type\":\"ListItem\",\"position\":3,\"name\":\"Natural strengthening shampoo, 250 ml, SANTE\"}]},{\"@type\":\"WebSite\",\"@id\":\"https:\\\/\\\/www.biopapa.lt\\\/#website\",\"url\":\"https:\\\/\\\/www.biopapa.lt\\\/\",\"name\":\"Biopapa\",\"description\":\"\u0160var\u016bs ekologi\u0161ki produktai\",\"publisher\":{\"@id\":\"https:\\\/\\\/www.biopapa.lt\\\/#organization\"},\"potentialAction\":[{\"@type\":\"SearchAction\",\"target\":{\"@type\":\"EntryPoint\",\"urlTemplate\":\"https:\\\/\\\/www.biopapa.lt\\\/?s={search_term_string}\"},\"query-input\":{\"@type\":\"PropertyValueSpecification\",\"valueRequired\":true,\"valueName\":\"search_term_string\"}}],\"inLanguage\":\"en-US\"},{\"@type\":\"Organization\",\"@id\":\"https:\\\/\\\/www.biopapa.lt\\\/#organization\",\"name\":\"Biopapa\",\"url\":\"https:\\\/\\\/www.biopapa.lt\\\/\",\"logo\":{\"@type\":\"ImageObject\",\"inLanguage\":\"en-US\",\"@id\":\"https:\\\/\\\/www.biopapa.lt\\\/#\\\/schema\\\/logo\\\/image\\\/\",\"url\":\"https:\\\/\\\/www.biopapa.lt\\\/wp-content\\\/uploads\\\/2022\\\/04\\\/facebook_biopapa.jpg\",\"contentUrl\":\"https:\\\/\\\/www.biopapa.lt\\\/wp-content\\\/uploads\\\/2022\\\/04\\\/facebook_biopapa.jpg\",\"width\":1733,\"height\":907,\"caption\":\"Biopapa\"},\"image\":{\"@id\":\"https:\\\/\\\/www.biopapa.lt\\\/#\\\/schema\\\/logo\\\/image\\\/\"},\"sameAs\":[\"https:\\\/\\\/www.facebook.com\\\/biopapa.lt\"]}]}<\/script>\n<!-- \/ Yoast SEO plugin. -->","yoast_head_json":{"title":"Natural strengthening shampoo, 250 ml, SANTE - Biopapa","description":"The Natural Strengthening Shampoo has a particularly strong effect thanks to the bamboo extract and the triple protein complex, which gives maximum intensity in strengthening the hair.","robots":{"index":"index","follow":"follow","max-snippet":"max-snippet:-1","max-image-preview":"max-image-preview:large","max-video-preview":"max-video-preview:-1"},"canonical":"https:\/\/www.biopapa.lt\/en\/product\/natural-strengthening-shampoo-250-ml-sante\/","og_locale":"en_US","og_type":"article","og_title":"Natural strengthening shampoo, 250 ml, SANTE - Biopapa","og_description":"The Natural Strengthening Shampoo has a particularly strong effect thanks to the bamboo extract and the triple protein complex, which gives maximum intensity in strengthening the hair.","og_url":"https:\/\/www.biopapa.lt\/en\/product\/natural-strengthening-shampoo-250-ml-sante\/","og_site_name":"Biopapa","article_publisher":"https:\/\/www.facebook.com\/biopapa.lt","article_modified_time":"2026-03-07T23:05:13+00:00","og_image":[{"width":800,"height":640,"url":"https:\/\/www.biopapa.lt\/wp-content\/uploads\/2024\/09\/Naturalus-stiprinantis-sampunas.jpg","type":"image\/jpeg"}],"twitter_card":"summary_large_image","schema":{"@context":"https:\/\/schema.org","@graph":[{"@type":"WebPage","@id":"https:\/\/www.biopapa.lt\/en\/product\/natural-strengthening-shampoo-250-ml-sante\/","url":"https:\/\/www.biopapa.lt\/en\/product\/natural-strengthening-shampoo-250-ml-sante\/","name":"Natural strengthening shampoo, 250 ml, SANTE - Biopapa","isPartOf":{"@id":"https:\/\/www.biopapa.lt\/#website"},"primaryImageOfPage":{"@id":"https:\/\/www.biopapa.lt\/en\/product\/natural-strengthening-shampoo-250-ml-sante\/#primaryimage"},"image":{"@id":"https:\/\/www.biopapa.lt\/en\/product\/natural-strengthening-shampoo-250-ml-sante\/#primaryimage"},"thumbnailUrl":"https:\/\/www.biopapa.lt\/wp-content\/uploads\/2024\/09\/Naturalus-stiprinantis-sampunas.jpg","datePublished":"2024-09-09T13:10:10+00:00","dateModified":"2026-03-07T23:05:13+00:00","description":"The Natural Strengthening Shampoo has a particularly strong effect thanks to the bamboo extract and the triple protein complex, which gives maximum intensity in strengthening the hair.","breadcrumb":{"@id":"https:\/\/www.biopapa.lt\/en\/product\/natural-strengthening-shampoo-250-ml-sante\/#breadcrumb"},"inLanguage":"en-US","potentialAction":[{"@type":"ReadAction","target":["https:\/\/www.biopapa.lt\/en\/product\/natural-strengthening-shampoo-250-ml-sante\/"]}]},{"@type":"ImageObject","inLanguage":"en-US","@id":"https:\/\/www.biopapa.lt\/en\/product\/natural-strengthening-shampoo-250-ml-sante\/#primaryimage","url":"https:\/\/www.biopapa.lt\/wp-content\/uploads\/2024\/09\/Naturalus-stiprinantis-sampunas.jpg","contentUrl":"https:\/\/www.biopapa.lt\/wp-content\/uploads\/2024\/09\/Naturalus-stiprinantis-sampunas.jpg","width":800,"height":640},{"@type":"BreadcrumbList","@id":"https:\/\/www.biopapa.lt\/en\/product\/natural-strengthening-shampoo-250-ml-sante\/#breadcrumb","itemListElement":[{"@type":"ListItem","position":1,"name":"Home","item":"https:\/\/www.biopapa.lt\/en\/"},{"@type":"ListItem","position":2,"name":"Shop","item":"https:\/\/www.biopapa.lt\/en\/shop\/"},{"@type":"ListItem","position":3,"name":"Natural strengthening shampoo, 250 ml, SANTE"}]},{"@type":"WebSite","@id":"https:\/\/www.biopapa.lt\/#website","url":"https:\/\/www.biopapa.lt\/","name":"Biopapa","description":"\u0160var\u016bs ekologi\u0161ki produktai","publisher":{"@id":"https:\/\/www.biopapa.lt\/#organization"},"potentialAction":[{"@type":"SearchAction","target":{"@type":"EntryPoint","urlTemplate":"https:\/\/www.biopapa.lt\/?s={search_term_string}"},"query-input":{"@type":"PropertyValueSpecification","valueRequired":true,"valueName":"search_term_string"}}],"inLanguage":"en-US"},{"@type":"Organization","@id":"https:\/\/www.biopapa.lt\/#organization","name":"Biopapa","url":"https:\/\/www.biopapa.lt\/","logo":{"@type":"ImageObject","inLanguage":"en-US","@id":"https:\/\/www.biopapa.lt\/#\/schema\/logo\/image\/","url":"https:\/\/www.biopapa.lt\/wp-content\/uploads\/2022\/04\/facebook_biopapa.jpg","contentUrl":"https:\/\/www.biopapa.lt\/wp-content\/uploads\/2022\/04\/facebook_biopapa.jpg","width":1733,"height":907,"caption":"Biopapa"},"image":{"@id":"https:\/\/www.biopapa.lt\/#\/schema\/logo\/image\/"},"sameAs":["https:\/\/www.facebook.com\/biopapa.lt"]}]}},"_links":{"self":[{"href":"https:\/\/www.biopapa.lt\/en\/wp-json\/wp\/v2\/product\/56302","targetHints":{"allow":["GET"]}}],"collection":[{"href":"https:\/\/www.biopapa.lt\/en\/wp-json\/wp\/v2\/product"}],"about":[{"href":"https:\/\/www.biopapa.lt\/en\/wp-json\/wp\/v2\/types\/product"}],"wp:featuredmedia":[{"embeddable":true,"href":"https:\/\/www.biopapa.lt\/en\/wp-json\/wp\/v2\/media\/56305"}],"wp:attachment":[{"href":"https:\/\/www.biopapa.lt\/en\/wp-json\/wp\/v2\/media?parent=56302"}],"wp:term":[{"taxonomy":"product_brand","embeddable":true,"href":"https:\/\/www.biopapa.lt\/en\/wp-json\/wp\/v2\/product_brand?post=56302"},{"taxonomy":"product_cat","embeddable":true,"href":"https:\/\/www.biopapa.lt\/en\/wp-json\/wp\/v2\/product_cat?post=56302"},{"taxonomy":"product_tag","embeddable":true,"href":"https:\/\/www.biopapa.lt\/en\/wp-json\/wp\/v2\/product_tag?post=56302"}],"curies":[{"name":"wp","href":"https:\/\/api.w.org\/{rel}","templated":true}]}}