{"id":56282,"date":"2024-09-09T15:07:13","date_gmt":"2024-09-09T12:07:13","guid":{"rendered":"https:\/\/www.biopapa.lt\/?post_type=product&#038;p=56282"},"modified":"2026-03-08T01:05:39","modified_gmt":"2026-03-07T23:05:39","slug":"organic-body-oil-with-bergamot-50ml-ancient-wisdom","status":"publish","type":"product","link":"https:\/\/www.biopapa.lt\/en\/produktas\/organic-body-oil-with-bergamot-50ml-ancient-wisdom\/","title":{"rendered":"Organic body oil with bergamot, 50 ml, ANCIENT WISDOM"},"content":{"rendered":"<p><strong>Organic body oil with bergamot, 50 ml<\/strong><br \/>\nDesigned to nourish the skin. Enriched with the refreshing essence of bergamot essential oil, this body oil provides a pleasant burst of citrus fragrance that awakens the mind and lifts the mood.<\/p>\n<p>Benefits:<br \/>\nDeep hydration &#8211; a blend of castor and blackstrap oils provides intense hydration, leaving skin nourished.<br \/>\nSkin revitalisation &#8211; blackstrap oil helps to revitalise the skin, promoting a youthful and radiant appearance.<br \/>\nEnergising aromatherapy &#8211; Enriched with the refreshing aroma of bergamot, this body oil offers aromatherapy benefits, boosting energy levels and lifting the mood.<br \/>\nOrganic &#8211; Made from certified organic ingredients, with no harmful chemicals or synthetic fragrances.<\/p>\n<p>Apply to clean skin and massage in well.<\/p>\n","protected":false},"excerpt":{"rendered":"<p>Organic body oil with bergamot, 50 ml Designed to nourish the skin. Enriched with the refreshing essence of bergamot essential<\/p>\n","protected":false},"featured_media":56287,"template":"","meta":{"_acf_changed":false},"product_brand":[],"product_cat":[1962,1967,2539],"product_tag":[2058],"class_list":{"0":"post-56282","1":"product","2":"type-product","3":"status-publish","4":"has-post-thumbnail","6":"product_cat-beauty-and-hygiene","7":"product_cat-body-care","8":"product_cat-oils","9":"product_tag-body-care","11":"first","12":"instock","13":"shipping-taxable","14":"purchasable","15":"product-type-simple"},"acf":[],"yoast_head":"<!-- This site is optimized with the Yoast SEO plugin v27.5 - https:\/\/yoast.com\/product\/yoast-seo-wordpress\/ -->\n<title>Organic body oil with bergamot, 50 ml, ANCIENT WISDOM - Biopapa<\/title>\n<meta name=\"description\" content=\"Organic body oil with bergamot is designed to nourish the skin. Enriched with the refreshing essence of bergamot essential oil, this body oil provides a pleasant burst of citrus fragrance that awakens the mind and lifts the spirits.\" \/>\n<meta name=\"robots\" content=\"index, follow, max-snippet:-1, max-image-preview:large, max-video-preview:-1\" \/>\n<link rel=\"canonical\" href=\"https:\/\/www.biopapa.lt\/en\/produktas\/organic-body-oil-with-bergamot-50ml-ancient-wisdom\/\" \/>\n<meta property=\"og:locale\" content=\"en_US\" \/>\n<meta property=\"og:type\" content=\"article\" \/>\n<meta property=\"og:title\" content=\"Organic body oil with bergamot, 50 ml, ANCIENT WISDOM - Biopapa\" \/>\n<meta property=\"og:description\" content=\"Organic body oil with bergamot is designed to nourish the skin. Enriched with the refreshing essence of bergamot essential oil, this body oil provides a pleasant burst of citrus fragrance that awakens the mind and lifts the spirits.\" \/>\n<meta property=\"og:url\" content=\"https:\/\/www.biopapa.lt\/en\/produktas\/organic-body-oil-with-bergamot-50ml-ancient-wisdom\/\" \/>\n<meta property=\"og:site_name\" content=\"Biopapa\" \/>\n<meta property=\"article:publisher\" content=\"https:\/\/www.facebook.com\/biopapa.lt\" \/>\n<meta property=\"article:modified_time\" content=\"2026-03-07T23:05:39+00:00\" \/>\n<meta property=\"og:image\" content=\"https:\/\/www.biopapa.lt\/wp-content\/uploads\/2024\/09\/Ekologiskas-kuno-aliejus-bergamote.jpg\" \/>\n\t<meta property=\"og:image:width\" content=\"800\" \/>\n\t<meta property=\"og:image:height\" content=\"640\" \/>\n\t<meta property=\"og:image:type\" content=\"image\/jpeg\" \/>\n<meta name=\"twitter:card\" content=\"summary_large_image\" \/>\n<script type=\"application\/ld+json\" class=\"yoast-schema-graph\">{\"@context\":\"https:\\\/\\\/schema.org\",\"@graph\":[{\"@type\":\"WebPage\",\"@id\":\"https:\\\/\\\/www.biopapa.lt\\\/en\\\/produktas\\\/organic-body-oil-with-bergamot-50ml-ancient-wisdom\\\/\",\"url\":\"https:\\\/\\\/www.biopapa.lt\\\/en\\\/produktas\\\/organic-body-oil-with-bergamot-50ml-ancient-wisdom\\\/\",\"name\":\"Organic body oil with bergamot, 50 ml, ANCIENT WISDOM - Biopapa\",\"isPartOf\":{\"@id\":\"https:\\\/\\\/www.biopapa.lt\\\/#website\"},\"primaryImageOfPage\":{\"@id\":\"https:\\\/\\\/www.biopapa.lt\\\/en\\\/produktas\\\/organic-body-oil-with-bergamot-50ml-ancient-wisdom\\\/#primaryimage\"},\"image\":{\"@id\":\"https:\\\/\\\/www.biopapa.lt\\\/en\\\/produktas\\\/organic-body-oil-with-bergamot-50ml-ancient-wisdom\\\/#primaryimage\"},\"thumbnailUrl\":\"https:\\\/\\\/www.biopapa.lt\\\/wp-content\\\/uploads\\\/2024\\\/09\\\/Ekologiskas-kuno-aliejus-bergamote.jpg\",\"datePublished\":\"2024-09-09T12:07:13+00:00\",\"dateModified\":\"2026-03-07T23:05:39+00:00\",\"description\":\"Organic body oil with bergamot is designed to nourish the skin. Enriched with the refreshing essence of bergamot essential oil, this body oil provides a pleasant burst of citrus fragrance that awakens the mind and lifts the spirits.\",\"breadcrumb\":{\"@id\":\"https:\\\/\\\/www.biopapa.lt\\\/en\\\/produktas\\\/organic-body-oil-with-bergamot-50ml-ancient-wisdom\\\/#breadcrumb\"},\"inLanguage\":\"en-US\",\"potentialAction\":[{\"@type\":\"ReadAction\",\"target\":[\"https:\\\/\\\/www.biopapa.lt\\\/en\\\/produktas\\\/organic-body-oil-with-bergamot-50ml-ancient-wisdom\\\/\"]}]},{\"@type\":\"ImageObject\",\"inLanguage\":\"en-US\",\"@id\":\"https:\\\/\\\/www.biopapa.lt\\\/en\\\/produktas\\\/organic-body-oil-with-bergamot-50ml-ancient-wisdom\\\/#primaryimage\",\"url\":\"https:\\\/\\\/www.biopapa.lt\\\/wp-content\\\/uploads\\\/2024\\\/09\\\/Ekologiskas-kuno-aliejus-bergamote.jpg\",\"contentUrl\":\"https:\\\/\\\/www.biopapa.lt\\\/wp-content\\\/uploads\\\/2024\\\/09\\\/Ekologiskas-kuno-aliejus-bergamote.jpg\",\"width\":800,\"height\":640},{\"@type\":\"BreadcrumbList\",\"@id\":\"https:\\\/\\\/www.biopapa.lt\\\/en\\\/produktas\\\/organic-body-oil-with-bergamot-50ml-ancient-wisdom\\\/#breadcrumb\",\"itemListElement\":[{\"@type\":\"ListItem\",\"position\":1,\"name\":\"Home\",\"item\":\"https:\\\/\\\/www.biopapa.lt\\\/en\\\/\"},{\"@type\":\"ListItem\",\"position\":2,\"name\":\"Shop\",\"item\":\"https:\\\/\\\/www.biopapa.lt\\\/en\\\/shop\\\/\"},{\"@type\":\"ListItem\",\"position\":3,\"name\":\"Organic body oil with bergamot, 50 ml, ANCIENT WISDOM\"}]},{\"@type\":\"WebSite\",\"@id\":\"https:\\\/\\\/www.biopapa.lt\\\/#website\",\"url\":\"https:\\\/\\\/www.biopapa.lt\\\/\",\"name\":\"Biopapa\",\"description\":\"\u0160var\u016bs ekologi\u0161ki produktai\",\"publisher\":{\"@id\":\"https:\\\/\\\/www.biopapa.lt\\\/#organization\"},\"potentialAction\":[{\"@type\":\"SearchAction\",\"target\":{\"@type\":\"EntryPoint\",\"urlTemplate\":\"https:\\\/\\\/www.biopapa.lt\\\/?s={search_term_string}\"},\"query-input\":{\"@type\":\"PropertyValueSpecification\",\"valueRequired\":true,\"valueName\":\"search_term_string\"}}],\"inLanguage\":\"en-US\"},{\"@type\":\"Organization\",\"@id\":\"https:\\\/\\\/www.biopapa.lt\\\/#organization\",\"name\":\"Biopapa\",\"url\":\"https:\\\/\\\/www.biopapa.lt\\\/\",\"logo\":{\"@type\":\"ImageObject\",\"inLanguage\":\"en-US\",\"@id\":\"https:\\\/\\\/www.biopapa.lt\\\/#\\\/schema\\\/logo\\\/image\\\/\",\"url\":\"https:\\\/\\\/www.biopapa.lt\\\/wp-content\\\/uploads\\\/2022\\\/04\\\/facebook_biopapa.jpg\",\"contentUrl\":\"https:\\\/\\\/www.biopapa.lt\\\/wp-content\\\/uploads\\\/2022\\\/04\\\/facebook_biopapa.jpg\",\"width\":1733,\"height\":907,\"caption\":\"Biopapa\"},\"image\":{\"@id\":\"https:\\\/\\\/www.biopapa.lt\\\/#\\\/schema\\\/logo\\\/image\\\/\"},\"sameAs\":[\"https:\\\/\\\/www.facebook.com\\\/biopapa.lt\"]}]}<\/script>\n<!-- \/ Yoast SEO plugin. -->","yoast_head_json":{"title":"Organic body oil with bergamot, 50 ml, ANCIENT WISDOM - Biopapa","description":"Organic body oil with bergamot is designed to nourish the skin. Enriched with the refreshing essence of bergamot essential oil, this body oil provides a pleasant burst of citrus fragrance that awakens the mind and lifts the spirits.","robots":{"index":"index","follow":"follow","max-snippet":"max-snippet:-1","max-image-preview":"max-image-preview:large","max-video-preview":"max-video-preview:-1"},"canonical":"https:\/\/www.biopapa.lt\/en\/produktas\/organic-body-oil-with-bergamot-50ml-ancient-wisdom\/","og_locale":"en_US","og_type":"article","og_title":"Organic body oil with bergamot, 50 ml, ANCIENT WISDOM - Biopapa","og_description":"Organic body oil with bergamot is designed to nourish the skin. Enriched with the refreshing essence of bergamot essential oil, this body oil provides a pleasant burst of citrus fragrance that awakens the mind and lifts the spirits.","og_url":"https:\/\/www.biopapa.lt\/en\/produktas\/organic-body-oil-with-bergamot-50ml-ancient-wisdom\/","og_site_name":"Biopapa","article_publisher":"https:\/\/www.facebook.com\/biopapa.lt","article_modified_time":"2026-03-07T23:05:39+00:00","og_image":[{"width":800,"height":640,"url":"https:\/\/www.biopapa.lt\/wp-content\/uploads\/2024\/09\/Ekologiskas-kuno-aliejus-bergamote.jpg","type":"image\/jpeg"}],"twitter_card":"summary_large_image","schema":{"@context":"https:\/\/schema.org","@graph":[{"@type":"WebPage","@id":"https:\/\/www.biopapa.lt\/en\/produktas\/organic-body-oil-with-bergamot-50ml-ancient-wisdom\/","url":"https:\/\/www.biopapa.lt\/en\/produktas\/organic-body-oil-with-bergamot-50ml-ancient-wisdom\/","name":"Organic body oil with bergamot, 50 ml, ANCIENT WISDOM - Biopapa","isPartOf":{"@id":"https:\/\/www.biopapa.lt\/#website"},"primaryImageOfPage":{"@id":"https:\/\/www.biopapa.lt\/en\/produktas\/organic-body-oil-with-bergamot-50ml-ancient-wisdom\/#primaryimage"},"image":{"@id":"https:\/\/www.biopapa.lt\/en\/produktas\/organic-body-oil-with-bergamot-50ml-ancient-wisdom\/#primaryimage"},"thumbnailUrl":"https:\/\/www.biopapa.lt\/wp-content\/uploads\/2024\/09\/Ekologiskas-kuno-aliejus-bergamote.jpg","datePublished":"2024-09-09T12:07:13+00:00","dateModified":"2026-03-07T23:05:39+00:00","description":"Organic body oil with bergamot is designed to nourish the skin. Enriched with the refreshing essence of bergamot essential oil, this body oil provides a pleasant burst of citrus fragrance that awakens the mind and lifts the spirits.","breadcrumb":{"@id":"https:\/\/www.biopapa.lt\/en\/produktas\/organic-body-oil-with-bergamot-50ml-ancient-wisdom\/#breadcrumb"},"inLanguage":"en-US","potentialAction":[{"@type":"ReadAction","target":["https:\/\/www.biopapa.lt\/en\/produktas\/organic-body-oil-with-bergamot-50ml-ancient-wisdom\/"]}]},{"@type":"ImageObject","inLanguage":"en-US","@id":"https:\/\/www.biopapa.lt\/en\/produktas\/organic-body-oil-with-bergamot-50ml-ancient-wisdom\/#primaryimage","url":"https:\/\/www.biopapa.lt\/wp-content\/uploads\/2024\/09\/Ekologiskas-kuno-aliejus-bergamote.jpg","contentUrl":"https:\/\/www.biopapa.lt\/wp-content\/uploads\/2024\/09\/Ekologiskas-kuno-aliejus-bergamote.jpg","width":800,"height":640},{"@type":"BreadcrumbList","@id":"https:\/\/www.biopapa.lt\/en\/produktas\/organic-body-oil-with-bergamot-50ml-ancient-wisdom\/#breadcrumb","itemListElement":[{"@type":"ListItem","position":1,"name":"Home","item":"https:\/\/www.biopapa.lt\/en\/"},{"@type":"ListItem","position":2,"name":"Shop","item":"https:\/\/www.biopapa.lt\/en\/shop\/"},{"@type":"ListItem","position":3,"name":"Organic body oil with bergamot, 50 ml, ANCIENT WISDOM"}]},{"@type":"WebSite","@id":"https:\/\/www.biopapa.lt\/#website","url":"https:\/\/www.biopapa.lt\/","name":"Biopapa","description":"\u0160var\u016bs ekologi\u0161ki produktai","publisher":{"@id":"https:\/\/www.biopapa.lt\/#organization"},"potentialAction":[{"@type":"SearchAction","target":{"@type":"EntryPoint","urlTemplate":"https:\/\/www.biopapa.lt\/?s={search_term_string}"},"query-input":{"@type":"PropertyValueSpecification","valueRequired":true,"valueName":"search_term_string"}}],"inLanguage":"en-US"},{"@type":"Organization","@id":"https:\/\/www.biopapa.lt\/#organization","name":"Biopapa","url":"https:\/\/www.biopapa.lt\/","logo":{"@type":"ImageObject","inLanguage":"en-US","@id":"https:\/\/www.biopapa.lt\/#\/schema\/logo\/image\/","url":"https:\/\/www.biopapa.lt\/wp-content\/uploads\/2022\/04\/facebook_biopapa.jpg","contentUrl":"https:\/\/www.biopapa.lt\/wp-content\/uploads\/2022\/04\/facebook_biopapa.jpg","width":1733,"height":907,"caption":"Biopapa"},"image":{"@id":"https:\/\/www.biopapa.lt\/#\/schema\/logo\/image\/"},"sameAs":["https:\/\/www.facebook.com\/biopapa.lt"]}]}},"_links":{"self":[{"href":"https:\/\/www.biopapa.lt\/en\/wp-json\/wp\/v2\/product\/56282","targetHints":{"allow":["GET"]}}],"collection":[{"href":"https:\/\/www.biopapa.lt\/en\/wp-json\/wp\/v2\/product"}],"about":[{"href":"https:\/\/www.biopapa.lt\/en\/wp-json\/wp\/v2\/types\/product"}],"wp:featuredmedia":[{"embeddable":true,"href":"https:\/\/www.biopapa.lt\/en\/wp-json\/wp\/v2\/media\/56287"}],"wp:attachment":[{"href":"https:\/\/www.biopapa.lt\/en\/wp-json\/wp\/v2\/media?parent=56282"}],"wp:term":[{"taxonomy":"product_brand","embeddable":true,"href":"https:\/\/www.biopapa.lt\/en\/wp-json\/wp\/v2\/product_brand?post=56282"},{"taxonomy":"product_cat","embeddable":true,"href":"https:\/\/www.biopapa.lt\/en\/wp-json\/wp\/v2\/product_cat?post=56282"},{"taxonomy":"product_tag","embeddable":true,"href":"https:\/\/www.biopapa.lt\/en\/wp-json\/wp\/v2\/product_tag?post=56282"}],"curies":[{"name":"wp","href":"https:\/\/api.w.org\/{rel}","templated":true}]}}