{"id":54749,"date":"2024-08-08T10:34:27","date_gmt":"2024-08-08T07:34:27","guid":{"rendered":"https:\/\/www.biopapa.lt\/?post_type=product&#038;p=54749"},"modified":"2025-05-22T13:51:53","modified_gmt":"2025-05-22T10:51:53","slug":"organic-red-rice","status":"publish","type":"product","link":"https:\/\/www.biopapa.lt\/en\/produktas\/organic-red-rice\/","title":{"rendered":"Organic red rice"},"content":{"rendered":"<p><strong>Organic red rice<br \/>\n<\/strong>Traditionally grown and consumed in parts of Asia, including India, Bhutan and Thailand, red rice has long been appreciated for its health benefits and earthy, nutty flavour. It has been used in Ayurvedic and traditional Chinese medicine for its purported digestive and cardiovascular benefits.<br \/>\nFrom an Ayurvedic perspective, red rice is considered to be highly beneficial to health due to its natural, unprocessed form and its nutrient-rich profile. It is considered tridoshic, meaning that when properly prepared it can help balance all three doshas (Vata, Pita and Kapha). Red rice is particularly valued for its high fibre content and its ability to support digestion and remove toxins.   <\/p>\n<p>Recently, red rice has been gaining popularity for its potential health benefits.<br \/>\nRed rice is a whole grain rice. The high fibre content potentially aids digestion and helps maintain a healthy weight by keeping you fuller for longer.<br \/>\nRed rice is a treasure trove of nutrients and vitamins that are important for energy production and brain health.<\/p>\n<p><em>Preparation<br \/>\n<\/em>Red rice is cooked in a similar way to other types of rice:<br \/>\nRinse 1 cup of red rice under cold water until the water is clear;<br \/>\nSoak the rice for 3 hours. (or overnight), which can help to reduce the cooking time and give a better result (softer rice);<br \/>\nAdd the washed rice to cold water in a ratio of 1:2.5 or 1:3, depending on the texture you want (if you want porridge, you can add more water);<br \/>\nOnce it boils, reduce the heat, cover the pot and let it simmer for 40 to 50 minutes, or until the rice is soft. The cooking time is shorter in the pressure cooker, about 20 minutes;<br \/>\nWhen the rice is cooked, leave the pot covered for 10 minutes, then shake with a fork before serving.  <\/p>\n<p><strong>Recipes<\/strong><\/p>\n<p><strong>Red rice salad<\/strong><br \/>\nIngredients:<br \/>\n&#8211; 1 cup cooked red rice<br \/>\n&#8211; 1 cup halved cherry tomatoes<br \/>\n&#8211; 1 cucumber, Diced<br \/>\n&#8211; 1\/4 cup finely chopped red onion<br \/>\n&#8211; 1\/4 cup cheese to taste (chopped)<br \/>\n&#8211; 2 tbsp olive oil<br \/>\n&#8211; 1 tbsp lemon juice<br \/>\n&#8211; 1 tsp dried oregano<br \/>\n&#8211; Salt and pepper to taste<br \/>\nIn a large bowl, mix together the cooked red rice, Cherry tomatoes, cucumber, onion and cheese.<br \/>\nIn a small bowl, combine the olive oil, lemon juice, oregano, salt and pepper.<br \/>\nPour the dressing on top of the salad and stir.<br \/>\nServe chilled or at room temperature.<\/p>\n<p><strong>Red rice porridge<\/strong><br \/>\nIngredients:<br \/>\n&#8211; 1 cup cooked red rice<br \/>\n&#8211; 1\/2 cup water<br \/>\n&#8211; 1\/2 cup coconut drink\/cream<br \/>\n&#8211; 1 tbsp. 1 cup of raisins or your favourite sweetener to taste<br \/>\n&#8211; Vanilla extract or powder to taste (optional)<br \/>\n&#8211; Ceylon cinnamon powder to taste (optional)<br \/>\n&#8211; Pinch of salt<br \/>\nNuts for decoration.<br \/>\nIn a saucepan, combine the cooked red rice, coconut milk, sweetener, vanilla powder, cinnamon powder, salt.<br \/>\nBring to the boil, then reduce the heat and cook for 20-25 minutes, stirring until the mixture thickens to a pudding consistency.<br \/>\nServe warm or chilled, garnished with nuts. <\/p>\n<p>Let food be medicine!<\/p>\n<p><em>NOTE. The information contained herein should not be construed as a recommendation for treatment or other health issues. We encourage you to make personal decisions about your personal health, taking into account a wide range of sources of information.<\/em><\/p>\n","protected":false},"excerpt":{"rendered":"<p>Organic red rice Traditionally grown and consumed in parts of Asia, including India, Bhutan and Thailand, red rice has long<\/p>\n","protected":false},"featured_media":54787,"template":"","meta":{"_acf_changed":false},"product_brand":[],"product_cat":[1855,1980],"product_tag":[2384,2088],"class_list":{"0":"post-54749","1":"product","2":"type-product","3":"status-publish","4":"has-post-thumbnail","6":"product_cat-grains-and-legumes","7":"product_cat-groats","8":"product_tag-organic","9":"product_tag-vegan","10":"pa_svoris-1-kg-en-2","11":"pa_svoris-100-g-en-2","12":"pa_svoris-200-g-en","13":"pa_svoris-25-kg-en","14":"pa_svoris-300-g-en","15":"pa_svoris-400-g-en","16":"pa_svoris-500-g-en-2","18":"first","19":"instock","20":"shipping-taxable","21":"purchasable","22":"product-type-variable"},"acf":[],"yoast_head":"<!-- This site is optimized with the Yoast SEO plugin v27.5 - https:\/\/yoast.com\/product\/yoast-seo-wordpress\/ -->\n<title>Organic red rice - Biopapa<\/title>\n<meta name=\"description\" content=\"Red rice is considered to be very beneficial for health due to its natural, unprocessed form and its rich nutrient profile.\" \/>\n<meta name=\"robots\" content=\"index, follow, max-snippet:-1, max-image-preview:large, max-video-preview:-1\" \/>\n<link rel=\"canonical\" href=\"https:\/\/www.biopapa.lt\/en\/produktas\/organic-red-rice\/\" \/>\n<meta property=\"og:locale\" content=\"en_US\" \/>\n<meta property=\"og:type\" content=\"article\" \/>\n<meta property=\"og:title\" content=\"Organic red rice - Biopapa\" \/>\n<meta property=\"og:description\" content=\"Red rice is considered to be very beneficial for health due to its natural, unprocessed form and its rich nutrient profile.\" \/>\n<meta property=\"og:url\" content=\"https:\/\/www.biopapa.lt\/en\/produktas\/organic-red-rice\/\" \/>\n<meta property=\"og:site_name\" content=\"Biopapa\" \/>\n<meta property=\"article:publisher\" content=\"https:\/\/www.facebook.com\/biopapa.lt\" \/>\n<meta property=\"article:modified_time\" content=\"2025-05-22T10:51:53+00:00\" \/>\n<meta property=\"og:image\" content=\"https:\/\/www.biopapa.lt\/wp-content\/uploads\/2024\/08\/Ekologiski-raudonieji-ryziai.jpg\" \/>\n\t<meta property=\"og:image:width\" content=\"800\" \/>\n\t<meta property=\"og:image:height\" content=\"640\" \/>\n\t<meta property=\"og:image:type\" content=\"image\/jpeg\" \/>\n<meta name=\"twitter:card\" content=\"summary_large_image\" \/>\n<script type=\"application\/ld+json\" class=\"yoast-schema-graph\">{\"@context\":\"https:\\\/\\\/schema.org\",\"@graph\":[{\"@type\":\"WebPage\",\"@id\":\"https:\\\/\\\/www.biopapa.lt\\\/en\\\/produktas\\\/organic-red-rice\\\/\",\"url\":\"https:\\\/\\\/www.biopapa.lt\\\/en\\\/produktas\\\/organic-red-rice\\\/\",\"name\":\"Organic red rice - Biopapa\",\"isPartOf\":{\"@id\":\"https:\\\/\\\/www.biopapa.lt\\\/#website\"},\"primaryImageOfPage\":{\"@id\":\"https:\\\/\\\/www.biopapa.lt\\\/en\\\/produktas\\\/organic-red-rice\\\/#primaryimage\"},\"image\":{\"@id\":\"https:\\\/\\\/www.biopapa.lt\\\/en\\\/produktas\\\/organic-red-rice\\\/#primaryimage\"},\"thumbnailUrl\":\"https:\\\/\\\/www.biopapa.lt\\\/wp-content\\\/uploads\\\/2024\\\/08\\\/Ekologiski-raudonieji-ryziai.jpg\",\"datePublished\":\"2024-08-08T07:34:27+00:00\",\"dateModified\":\"2025-05-22T10:51:53+00:00\",\"description\":\"Red rice is considered to be very beneficial for health due to its natural, unprocessed form and its rich nutrient profile.\",\"breadcrumb\":{\"@id\":\"https:\\\/\\\/www.biopapa.lt\\\/en\\\/produktas\\\/organic-red-rice\\\/#breadcrumb\"},\"inLanguage\":\"en-US\",\"potentialAction\":[{\"@type\":\"ReadAction\",\"target\":[\"https:\\\/\\\/www.biopapa.lt\\\/en\\\/produktas\\\/organic-red-rice\\\/\"]}]},{\"@type\":\"ImageObject\",\"inLanguage\":\"en-US\",\"@id\":\"https:\\\/\\\/www.biopapa.lt\\\/en\\\/produktas\\\/organic-red-rice\\\/#primaryimage\",\"url\":\"https:\\\/\\\/www.biopapa.lt\\\/wp-content\\\/uploads\\\/2024\\\/08\\\/Ekologiski-raudonieji-ryziai.jpg\",\"contentUrl\":\"https:\\\/\\\/www.biopapa.lt\\\/wp-content\\\/uploads\\\/2024\\\/08\\\/Ekologiski-raudonieji-ryziai.jpg\",\"width\":800,\"height\":640},{\"@type\":\"BreadcrumbList\",\"@id\":\"https:\\\/\\\/www.biopapa.lt\\\/en\\\/produktas\\\/organic-red-rice\\\/#breadcrumb\",\"itemListElement\":[{\"@type\":\"ListItem\",\"position\":1,\"name\":\"Home\",\"item\":\"https:\\\/\\\/www.biopapa.lt\\\/en\\\/\"},{\"@type\":\"ListItem\",\"position\":2,\"name\":\"Shop\",\"item\":\"https:\\\/\\\/www.biopapa.lt\\\/en\\\/shop\\\/\"},{\"@type\":\"ListItem\",\"position\":3,\"name\":\"Organic red rice\"}]},{\"@type\":\"WebSite\",\"@id\":\"https:\\\/\\\/www.biopapa.lt\\\/#website\",\"url\":\"https:\\\/\\\/www.biopapa.lt\\\/\",\"name\":\"Biopapa\",\"description\":\"\u0160var\u016bs ekologi\u0161ki produktai\",\"publisher\":{\"@id\":\"https:\\\/\\\/www.biopapa.lt\\\/#organization\"},\"potentialAction\":[{\"@type\":\"SearchAction\",\"target\":{\"@type\":\"EntryPoint\",\"urlTemplate\":\"https:\\\/\\\/www.biopapa.lt\\\/?s={search_term_string}\"},\"query-input\":{\"@type\":\"PropertyValueSpecification\",\"valueRequired\":true,\"valueName\":\"search_term_string\"}}],\"inLanguage\":\"en-US\"},{\"@type\":\"Organization\",\"@id\":\"https:\\\/\\\/www.biopapa.lt\\\/#organization\",\"name\":\"Biopapa\",\"url\":\"https:\\\/\\\/www.biopapa.lt\\\/\",\"logo\":{\"@type\":\"ImageObject\",\"inLanguage\":\"en-US\",\"@id\":\"https:\\\/\\\/www.biopapa.lt\\\/#\\\/schema\\\/logo\\\/image\\\/\",\"url\":\"https:\\\/\\\/www.biopapa.lt\\\/wp-content\\\/uploads\\\/2022\\\/04\\\/facebook_biopapa.jpg\",\"contentUrl\":\"https:\\\/\\\/www.biopapa.lt\\\/wp-content\\\/uploads\\\/2022\\\/04\\\/facebook_biopapa.jpg\",\"width\":1733,\"height\":907,\"caption\":\"Biopapa\"},\"image\":{\"@id\":\"https:\\\/\\\/www.biopapa.lt\\\/#\\\/schema\\\/logo\\\/image\\\/\"},\"sameAs\":[\"https:\\\/\\\/www.facebook.com\\\/biopapa.lt\"]}]}<\/script>\n<!-- \/ Yoast SEO plugin. -->","yoast_head_json":{"title":"Organic red rice - Biopapa","description":"Red rice is considered to be very beneficial for health due to its natural, unprocessed form and its rich nutrient profile.","robots":{"index":"index","follow":"follow","max-snippet":"max-snippet:-1","max-image-preview":"max-image-preview:large","max-video-preview":"max-video-preview:-1"},"canonical":"https:\/\/www.biopapa.lt\/en\/produktas\/organic-red-rice\/","og_locale":"en_US","og_type":"article","og_title":"Organic red rice - Biopapa","og_description":"Red rice is considered to be very beneficial for health due to its natural, unprocessed form and its rich nutrient profile.","og_url":"https:\/\/www.biopapa.lt\/en\/produktas\/organic-red-rice\/","og_site_name":"Biopapa","article_publisher":"https:\/\/www.facebook.com\/biopapa.lt","article_modified_time":"2025-05-22T10:51:53+00:00","og_image":[{"width":800,"height":640,"url":"https:\/\/www.biopapa.lt\/wp-content\/uploads\/2024\/08\/Ekologiski-raudonieji-ryziai.jpg","type":"image\/jpeg"}],"twitter_card":"summary_large_image","schema":{"@context":"https:\/\/schema.org","@graph":[{"@type":"WebPage","@id":"https:\/\/www.biopapa.lt\/en\/produktas\/organic-red-rice\/","url":"https:\/\/www.biopapa.lt\/en\/produktas\/organic-red-rice\/","name":"Organic red rice - Biopapa","isPartOf":{"@id":"https:\/\/www.biopapa.lt\/#website"},"primaryImageOfPage":{"@id":"https:\/\/www.biopapa.lt\/en\/produktas\/organic-red-rice\/#primaryimage"},"image":{"@id":"https:\/\/www.biopapa.lt\/en\/produktas\/organic-red-rice\/#primaryimage"},"thumbnailUrl":"https:\/\/www.biopapa.lt\/wp-content\/uploads\/2024\/08\/Ekologiski-raudonieji-ryziai.jpg","datePublished":"2024-08-08T07:34:27+00:00","dateModified":"2025-05-22T10:51:53+00:00","description":"Red rice is considered to be very beneficial for health due to its natural, unprocessed form and its rich nutrient profile.","breadcrumb":{"@id":"https:\/\/www.biopapa.lt\/en\/produktas\/organic-red-rice\/#breadcrumb"},"inLanguage":"en-US","potentialAction":[{"@type":"ReadAction","target":["https:\/\/www.biopapa.lt\/en\/produktas\/organic-red-rice\/"]}]},{"@type":"ImageObject","inLanguage":"en-US","@id":"https:\/\/www.biopapa.lt\/en\/produktas\/organic-red-rice\/#primaryimage","url":"https:\/\/www.biopapa.lt\/wp-content\/uploads\/2024\/08\/Ekologiski-raudonieji-ryziai.jpg","contentUrl":"https:\/\/www.biopapa.lt\/wp-content\/uploads\/2024\/08\/Ekologiski-raudonieji-ryziai.jpg","width":800,"height":640},{"@type":"BreadcrumbList","@id":"https:\/\/www.biopapa.lt\/en\/produktas\/organic-red-rice\/#breadcrumb","itemListElement":[{"@type":"ListItem","position":1,"name":"Home","item":"https:\/\/www.biopapa.lt\/en\/"},{"@type":"ListItem","position":2,"name":"Shop","item":"https:\/\/www.biopapa.lt\/en\/shop\/"},{"@type":"ListItem","position":3,"name":"Organic red rice"}]},{"@type":"WebSite","@id":"https:\/\/www.biopapa.lt\/#website","url":"https:\/\/www.biopapa.lt\/","name":"Biopapa","description":"\u0160var\u016bs ekologi\u0161ki produktai","publisher":{"@id":"https:\/\/www.biopapa.lt\/#organization"},"potentialAction":[{"@type":"SearchAction","target":{"@type":"EntryPoint","urlTemplate":"https:\/\/www.biopapa.lt\/?s={search_term_string}"},"query-input":{"@type":"PropertyValueSpecification","valueRequired":true,"valueName":"search_term_string"}}],"inLanguage":"en-US"},{"@type":"Organization","@id":"https:\/\/www.biopapa.lt\/#organization","name":"Biopapa","url":"https:\/\/www.biopapa.lt\/","logo":{"@type":"ImageObject","inLanguage":"en-US","@id":"https:\/\/www.biopapa.lt\/#\/schema\/logo\/image\/","url":"https:\/\/www.biopapa.lt\/wp-content\/uploads\/2022\/04\/facebook_biopapa.jpg","contentUrl":"https:\/\/www.biopapa.lt\/wp-content\/uploads\/2022\/04\/facebook_biopapa.jpg","width":1733,"height":907,"caption":"Biopapa"},"image":{"@id":"https:\/\/www.biopapa.lt\/#\/schema\/logo\/image\/"},"sameAs":["https:\/\/www.facebook.com\/biopapa.lt"]}]}},"_links":{"self":[{"href":"https:\/\/www.biopapa.lt\/en\/wp-json\/wp\/v2\/product\/54749","targetHints":{"allow":["GET"]}}],"collection":[{"href":"https:\/\/www.biopapa.lt\/en\/wp-json\/wp\/v2\/product"}],"about":[{"href":"https:\/\/www.biopapa.lt\/en\/wp-json\/wp\/v2\/types\/product"}],"wp:featuredmedia":[{"embeddable":true,"href":"https:\/\/www.biopapa.lt\/en\/wp-json\/wp\/v2\/media\/54787"}],"wp:attachment":[{"href":"https:\/\/www.biopapa.lt\/en\/wp-json\/wp\/v2\/media?parent=54749"}],"wp:term":[{"taxonomy":"product_brand","embeddable":true,"href":"https:\/\/www.biopapa.lt\/en\/wp-json\/wp\/v2\/product_brand?post=54749"},{"taxonomy":"product_cat","embeddable":true,"href":"https:\/\/www.biopapa.lt\/en\/wp-json\/wp\/v2\/product_cat?post=54749"},{"taxonomy":"product_tag","embeddable":true,"href":"https:\/\/www.biopapa.lt\/en\/wp-json\/wp\/v2\/product_tag?post=54749"}],"curies":[{"name":"wp","href":"https:\/\/api.w.org\/{rel}","templated":true}]}}