{"id":54648,"date":"2024-08-07T16:13:45","date_gmt":"2024-08-07T13:13:45","guid":{"rendered":"https:\/\/www.biopapa.lt\/?post_type=product&#038;p=54648"},"modified":"2025-11-17T02:17:40","modified_gmt":"2025-11-17T00:17:40","slug":"organic-tea-autumn-feelings","status":"publish","type":"product","link":"https:\/\/www.biopapa.lt\/en\/produktas\/organic-tea-autumn-feelings\/","title":{"rendered":"Organic tea Autumn feelings"},"content":{"rendered":"<p><strong>Organic Autumn Feelings Tea<\/strong><br \/>\nWith autumn knocking at your door, it&#8217;s time to welcome the arrival of the season with a cup of Autumn Feelings Tea! Immerse yourself in the cosy flavours of autumn tea with our autumn tea blend. This delicious blend is made with organic apple, ginger, cinnamon, rosehip, cinnamon and other sweet and sour ingredients. As you drink this tea, you will feel the cosy warmth of ginger and cinnamon, reminiscent of autumn&#8217;s warming spices. This combination of flavours makes this tea one of the best autumn teas. Rosehips and cinnamon provide a mild acidity balanced by the soothing properties of liquorice root. This blend also has a citrus zest that is complemented by the refreshing taste of mint.<br \/>\nEnjoy the taste of autumn with every sip of this organic fruit blend.  <\/p>\n","protected":false},"excerpt":{"rendered":"<p>Organic Autumn Feelings Tea With autumn knocking at your door, it&#8217;s time to welcome the arrival of the season with<\/p>\n","protected":false},"featured_media":58317,"template":"","meta":{"_acf_changed":false},"product_brand":[],"product_cat":[1945,1847],"product_tag":[2024,2088],"class_list":{"0":"post-54648","1":"product","2":"type-product","3":"status-publish","4":"has-post-thumbnail","6":"product_cat-tea","7":"product_cat-tea-coffee-cocoa-en","8":"product_tag-tea","9":"product_tag-vegan","10":"pa_svoris-1-kg-en-2","11":"pa_svoris-100-g-en-2","12":"pa_svoris-200-g-en","13":"pa_svoris-25-g-en","14":"pa_svoris-300-g-en","15":"pa_svoris-400-g-en","16":"pa_svoris-50-g-en","17":"pa_svoris-500-g-en-2","19":"first","20":"instock","21":"shipping-taxable","22":"purchasable","23":"product-type-variable"},"acf":[],"yoast_head":"<!-- This site is optimized with the Yoast SEO plugin v27.5 - https:\/\/yoast.com\/product\/yoast-seo-wordpress\/ -->\n<title>Organic tea Autumn feelings - Biopapa<\/title>\n<meta name=\"description\" content=\"Immerse yourself in the cosy flavours of autumn tea with our autumn tea blend. This delicious blend is made with organic apple, ginger, cinnamon, rosehip, cinnamon and other sweet and sour ingredients.\" \/>\n<meta name=\"robots\" content=\"index, follow, max-snippet:-1, max-image-preview:large, max-video-preview:-1\" \/>\n<link rel=\"canonical\" href=\"https:\/\/www.biopapa.lt\/en\/produktas\/organic-tea-autumn-feelings\/\" \/>\n<meta property=\"og:locale\" content=\"en_US\" \/>\n<meta property=\"og:type\" content=\"article\" \/>\n<meta property=\"og:title\" content=\"Organic tea Autumn feelings - Biopapa\" \/>\n<meta property=\"og:description\" content=\"Immerse yourself in the cosy flavours of autumn tea with our autumn tea blend. This delicious blend is made with organic apple, ginger, cinnamon, rosehip, cinnamon and other sweet and sour ingredients.\" \/>\n<meta property=\"og:url\" content=\"https:\/\/www.biopapa.lt\/en\/produktas\/organic-tea-autumn-feelings\/\" \/>\n<meta property=\"og:site_name\" content=\"Biopapa\" \/>\n<meta property=\"article:publisher\" content=\"https:\/\/www.facebook.com\/biopapa.lt\" \/>\n<meta property=\"article:modified_time\" content=\"2025-11-17T00:17:40+00:00\" \/>\n<meta property=\"og:image\" content=\"https:\/\/www.biopapa.lt\/wp-content\/uploads\/2024\/08\/Ekologiska-arbata-Rudens-jausmai.jpg\" \/>\n\t<meta property=\"og:image:width\" content=\"800\" \/>\n\t<meta property=\"og:image:height\" content=\"640\" \/>\n\t<meta property=\"og:image:type\" content=\"image\/jpeg\" \/>\n<meta name=\"twitter:card\" content=\"summary_large_image\" \/>\n<script type=\"application\/ld+json\" class=\"yoast-schema-graph\">{\"@context\":\"https:\\\/\\\/schema.org\",\"@graph\":[{\"@type\":\"WebPage\",\"@id\":\"https:\\\/\\\/www.biopapa.lt\\\/en\\\/produktas\\\/organic-tea-autumn-feelings\\\/\",\"url\":\"https:\\\/\\\/www.biopapa.lt\\\/en\\\/produktas\\\/organic-tea-autumn-feelings\\\/\",\"name\":\"Organic tea Autumn feelings - Biopapa\",\"isPartOf\":{\"@id\":\"https:\\\/\\\/www.biopapa.lt\\\/#website\"},\"primaryImageOfPage\":{\"@id\":\"https:\\\/\\\/www.biopapa.lt\\\/en\\\/produktas\\\/organic-tea-autumn-feelings\\\/#primaryimage\"},\"image\":{\"@id\":\"https:\\\/\\\/www.biopapa.lt\\\/en\\\/produktas\\\/organic-tea-autumn-feelings\\\/#primaryimage\"},\"thumbnailUrl\":\"https:\\\/\\\/www.biopapa.lt\\\/wp-content\\\/uploads\\\/2024\\\/08\\\/Ekologiska-arbata-Rudens-jausmai.jpg\",\"datePublished\":\"2024-08-07T13:13:45+00:00\",\"dateModified\":\"2025-11-17T00:17:40+00:00\",\"description\":\"Immerse yourself in the cosy flavours of autumn tea with our autumn tea blend. This delicious blend is made with organic apple, ginger, cinnamon, rosehip, cinnamon and other sweet and sour ingredients.\",\"breadcrumb\":{\"@id\":\"https:\\\/\\\/www.biopapa.lt\\\/en\\\/produktas\\\/organic-tea-autumn-feelings\\\/#breadcrumb\"},\"inLanguage\":\"en-US\",\"potentialAction\":[{\"@type\":\"ReadAction\",\"target\":[\"https:\\\/\\\/www.biopapa.lt\\\/en\\\/produktas\\\/organic-tea-autumn-feelings\\\/\"]}]},{\"@type\":\"ImageObject\",\"inLanguage\":\"en-US\",\"@id\":\"https:\\\/\\\/www.biopapa.lt\\\/en\\\/produktas\\\/organic-tea-autumn-feelings\\\/#primaryimage\",\"url\":\"https:\\\/\\\/www.biopapa.lt\\\/wp-content\\\/uploads\\\/2024\\\/08\\\/Ekologiska-arbata-Rudens-jausmai.jpg\",\"contentUrl\":\"https:\\\/\\\/www.biopapa.lt\\\/wp-content\\\/uploads\\\/2024\\\/08\\\/Ekologiska-arbata-Rudens-jausmai.jpg\",\"width\":800,\"height\":640},{\"@type\":\"BreadcrumbList\",\"@id\":\"https:\\\/\\\/www.biopapa.lt\\\/en\\\/produktas\\\/organic-tea-autumn-feelings\\\/#breadcrumb\",\"itemListElement\":[{\"@type\":\"ListItem\",\"position\":1,\"name\":\"Home\",\"item\":\"https:\\\/\\\/www.biopapa.lt\\\/en\\\/\"},{\"@type\":\"ListItem\",\"position\":2,\"name\":\"Shop\",\"item\":\"https:\\\/\\\/www.biopapa.lt\\\/en\\\/shop\\\/\"},{\"@type\":\"ListItem\",\"position\":3,\"name\":\"Organic tea Autumn feelings\"}]},{\"@type\":\"WebSite\",\"@id\":\"https:\\\/\\\/www.biopapa.lt\\\/#website\",\"url\":\"https:\\\/\\\/www.biopapa.lt\\\/\",\"name\":\"Biopapa\",\"description\":\"\u0160var\u016bs ekologi\u0161ki produktai\",\"publisher\":{\"@id\":\"https:\\\/\\\/www.biopapa.lt\\\/#organization\"},\"potentialAction\":[{\"@type\":\"SearchAction\",\"target\":{\"@type\":\"EntryPoint\",\"urlTemplate\":\"https:\\\/\\\/www.biopapa.lt\\\/?s={search_term_string}\"},\"query-input\":{\"@type\":\"PropertyValueSpecification\",\"valueRequired\":true,\"valueName\":\"search_term_string\"}}],\"inLanguage\":\"en-US\"},{\"@type\":\"Organization\",\"@id\":\"https:\\\/\\\/www.biopapa.lt\\\/#organization\",\"name\":\"Biopapa\",\"url\":\"https:\\\/\\\/www.biopapa.lt\\\/\",\"logo\":{\"@type\":\"ImageObject\",\"inLanguage\":\"en-US\",\"@id\":\"https:\\\/\\\/www.biopapa.lt\\\/#\\\/schema\\\/logo\\\/image\\\/\",\"url\":\"https:\\\/\\\/www.biopapa.lt\\\/wp-content\\\/uploads\\\/2022\\\/04\\\/facebook_biopapa.jpg\",\"contentUrl\":\"https:\\\/\\\/www.biopapa.lt\\\/wp-content\\\/uploads\\\/2022\\\/04\\\/facebook_biopapa.jpg\",\"width\":1733,\"height\":907,\"caption\":\"Biopapa\"},\"image\":{\"@id\":\"https:\\\/\\\/www.biopapa.lt\\\/#\\\/schema\\\/logo\\\/image\\\/\"},\"sameAs\":[\"https:\\\/\\\/www.facebook.com\\\/biopapa.lt\"]}]}<\/script>\n<!-- \/ Yoast SEO plugin. -->","yoast_head_json":{"title":"Organic tea Autumn feelings - Biopapa","description":"Immerse yourself in the cosy flavours of autumn tea with our autumn tea blend. This delicious blend is made with organic apple, ginger, cinnamon, rosehip, cinnamon and other sweet and sour ingredients.","robots":{"index":"index","follow":"follow","max-snippet":"max-snippet:-1","max-image-preview":"max-image-preview:large","max-video-preview":"max-video-preview:-1"},"canonical":"https:\/\/www.biopapa.lt\/en\/produktas\/organic-tea-autumn-feelings\/","og_locale":"en_US","og_type":"article","og_title":"Organic tea Autumn feelings - Biopapa","og_description":"Immerse yourself in the cosy flavours of autumn tea with our autumn tea blend. This delicious blend is made with organic apple, ginger, cinnamon, rosehip, cinnamon and other sweet and sour ingredients.","og_url":"https:\/\/www.biopapa.lt\/en\/produktas\/organic-tea-autumn-feelings\/","og_site_name":"Biopapa","article_publisher":"https:\/\/www.facebook.com\/biopapa.lt","article_modified_time":"2025-11-17T00:17:40+00:00","og_image":[{"width":800,"height":640,"url":"https:\/\/www.biopapa.lt\/wp-content\/uploads\/2024\/08\/Ekologiska-arbata-Rudens-jausmai.jpg","type":"image\/jpeg"}],"twitter_card":"summary_large_image","schema":{"@context":"https:\/\/schema.org","@graph":[{"@type":"WebPage","@id":"https:\/\/www.biopapa.lt\/en\/produktas\/organic-tea-autumn-feelings\/","url":"https:\/\/www.biopapa.lt\/en\/produktas\/organic-tea-autumn-feelings\/","name":"Organic tea Autumn feelings - Biopapa","isPartOf":{"@id":"https:\/\/www.biopapa.lt\/#website"},"primaryImageOfPage":{"@id":"https:\/\/www.biopapa.lt\/en\/produktas\/organic-tea-autumn-feelings\/#primaryimage"},"image":{"@id":"https:\/\/www.biopapa.lt\/en\/produktas\/organic-tea-autumn-feelings\/#primaryimage"},"thumbnailUrl":"https:\/\/www.biopapa.lt\/wp-content\/uploads\/2024\/08\/Ekologiska-arbata-Rudens-jausmai.jpg","datePublished":"2024-08-07T13:13:45+00:00","dateModified":"2025-11-17T00:17:40+00:00","description":"Immerse yourself in the cosy flavours of autumn tea with our autumn tea blend. This delicious blend is made with organic apple, ginger, cinnamon, rosehip, cinnamon and other sweet and sour ingredients.","breadcrumb":{"@id":"https:\/\/www.biopapa.lt\/en\/produktas\/organic-tea-autumn-feelings\/#breadcrumb"},"inLanguage":"en-US","potentialAction":[{"@type":"ReadAction","target":["https:\/\/www.biopapa.lt\/en\/produktas\/organic-tea-autumn-feelings\/"]}]},{"@type":"ImageObject","inLanguage":"en-US","@id":"https:\/\/www.biopapa.lt\/en\/produktas\/organic-tea-autumn-feelings\/#primaryimage","url":"https:\/\/www.biopapa.lt\/wp-content\/uploads\/2024\/08\/Ekologiska-arbata-Rudens-jausmai.jpg","contentUrl":"https:\/\/www.biopapa.lt\/wp-content\/uploads\/2024\/08\/Ekologiska-arbata-Rudens-jausmai.jpg","width":800,"height":640},{"@type":"BreadcrumbList","@id":"https:\/\/www.biopapa.lt\/en\/produktas\/organic-tea-autumn-feelings\/#breadcrumb","itemListElement":[{"@type":"ListItem","position":1,"name":"Home","item":"https:\/\/www.biopapa.lt\/en\/"},{"@type":"ListItem","position":2,"name":"Shop","item":"https:\/\/www.biopapa.lt\/en\/shop\/"},{"@type":"ListItem","position":3,"name":"Organic tea Autumn feelings"}]},{"@type":"WebSite","@id":"https:\/\/www.biopapa.lt\/#website","url":"https:\/\/www.biopapa.lt\/","name":"Biopapa","description":"\u0160var\u016bs ekologi\u0161ki produktai","publisher":{"@id":"https:\/\/www.biopapa.lt\/#organization"},"potentialAction":[{"@type":"SearchAction","target":{"@type":"EntryPoint","urlTemplate":"https:\/\/www.biopapa.lt\/?s={search_term_string}"},"query-input":{"@type":"PropertyValueSpecification","valueRequired":true,"valueName":"search_term_string"}}],"inLanguage":"en-US"},{"@type":"Organization","@id":"https:\/\/www.biopapa.lt\/#organization","name":"Biopapa","url":"https:\/\/www.biopapa.lt\/","logo":{"@type":"ImageObject","inLanguage":"en-US","@id":"https:\/\/www.biopapa.lt\/#\/schema\/logo\/image\/","url":"https:\/\/www.biopapa.lt\/wp-content\/uploads\/2022\/04\/facebook_biopapa.jpg","contentUrl":"https:\/\/www.biopapa.lt\/wp-content\/uploads\/2022\/04\/facebook_biopapa.jpg","width":1733,"height":907,"caption":"Biopapa"},"image":{"@id":"https:\/\/www.biopapa.lt\/#\/schema\/logo\/image\/"},"sameAs":["https:\/\/www.facebook.com\/biopapa.lt"]}]}},"_links":{"self":[{"href":"https:\/\/www.biopapa.lt\/en\/wp-json\/wp\/v2\/product\/54648","targetHints":{"allow":["GET"]}}],"collection":[{"href":"https:\/\/www.biopapa.lt\/en\/wp-json\/wp\/v2\/product"}],"about":[{"href":"https:\/\/www.biopapa.lt\/en\/wp-json\/wp\/v2\/types\/product"}],"wp:featuredmedia":[{"embeddable":true,"href":"https:\/\/www.biopapa.lt\/en\/wp-json\/wp\/v2\/media\/58317"}],"wp:attachment":[{"href":"https:\/\/www.biopapa.lt\/en\/wp-json\/wp\/v2\/media?parent=54648"}],"wp:term":[{"taxonomy":"product_brand","embeddable":true,"href":"https:\/\/www.biopapa.lt\/en\/wp-json\/wp\/v2\/product_brand?post=54648"},{"taxonomy":"product_cat","embeddable":true,"href":"https:\/\/www.biopapa.lt\/en\/wp-json\/wp\/v2\/product_cat?post=54648"},{"taxonomy":"product_tag","embeddable":true,"href":"https:\/\/www.biopapa.lt\/en\/wp-json\/wp\/v2\/product_tag?post=54648"}],"curies":[{"name":"wp","href":"https:\/\/api.w.org\/{rel}","templated":true}]}}