{"id":54571,"date":"2024-08-06T15:05:13","date_gmt":"2024-08-06T12:05:13","guid":{"rendered":"https:\/\/www.biopapa.lt\/?post_type=product&#038;p=54571"},"modified":"2026-03-08T01:06:05","modified_gmt":"2026-03-07T23:06:05","slug":"organic-hair-serum-fragrance-free-30-ml-ancient-wisdom","status":"publish","type":"product","link":"https:\/\/www.biopapa.lt\/en\/produktas\/organic-hair-serum-fragrance-free-30-ml-ancient-wisdom\/","title":{"rendered":"Organic hair serum, Fragrance free, 30 ml, Ancient Wisdom"},"content":{"rendered":"<p><strong>Organic hair serum, unscented, 30 ml, Ancient Wisdom<\/strong> Made with the nourishing powers of argan and castor oils, it is designed for those who prefer an unscented beauty routine. Argan oil, rich in vitamin E and fatty acids, leaves hair soft and shiny, while castor oil promotes hair growth and scalp health. Together they create a powerful blend that strengthens hair from root to tip, bringing out its natural beauty without the addition of essential oils. Suitable for all hair types, perfect for curly, straight or wavy hair.   <\/p>\n","protected":false},"excerpt":{"rendered":"<p>Organic hair serum, unscented, 30 ml, Ancient Wisdom Made with the nourishing powers of argan and castor oils, it is<\/p>\n","protected":false},"featured_media":54583,"template":"","meta":{"_acf_changed":false},"product_brand":[],"product_cat":[1962,1969],"product_tag":[2070],"class_list":{"0":"post-54571","1":"product","2":"type-product","3":"status-publish","4":"has-post-thumbnail","6":"product_cat-beauty-and-hygiene","7":"product_cat-hair-care","8":"product_tag-hair-care","10":"first","11":"instock","12":"shipping-taxable","13":"purchasable","14":"product-type-simple"},"acf":[],"yoast_head":"<!-- This site is optimized with the Yoast SEO plugin v27.6 - https:\/\/yoast.com\/product\/yoast-seo-wordpress\/ -->\n<title>Organic hair serum, Fragrance free, 30 ml, Ancient Wisdom - Biopapa<\/title>\n<meta name=\"description\" content=\"Enriched with the deeply moisturizing and strengthening effects of Argan and Castor Oils, this organic hair serum will nourish your hair, reduce hair loss, and leave your hair soft and shiny.\" \/>\n<meta name=\"robots\" content=\"index, follow, max-snippet:-1, max-image-preview:large, max-video-preview:-1\" \/>\n<link rel=\"canonical\" href=\"https:\/\/www.biopapa.lt\/en\/product\/organic-hair-serum-fragrance-free-30-ml-ancient-wisdom\/\" \/>\n<meta property=\"og:locale\" content=\"en_US\" \/>\n<meta property=\"og:type\" content=\"article\" \/>\n<meta property=\"og:title\" content=\"Organic hair serum, Fragrance free, 30 ml, Ancient Wisdom - Biopapa\" \/>\n<meta property=\"og:description\" content=\"Enriched with the deeply moisturizing and strengthening effects of Argan and Castor Oils, this organic hair serum will nourish your hair, reduce hair loss, and leave your hair soft and shiny.\" \/>\n<meta property=\"og:url\" content=\"https:\/\/www.biopapa.lt\/en\/product\/organic-hair-serum-fragrance-free-30-ml-ancient-wisdom\/\" \/>\n<meta property=\"og:site_name\" content=\"Biopapa\" \/>\n<meta property=\"article:publisher\" content=\"https:\/\/www.facebook.com\/biopapa.lt\" \/>\n<meta property=\"article:modified_time\" content=\"2026-03-07T23:06:05+00:00\" \/>\n<meta property=\"og:image\" content=\"https:\/\/www.biopapa.lt\/wp-content\/uploads\/2024\/08\/Ekologiskas-plauku-serumas-bekvapis-1.jpg\" \/>\n\t<meta property=\"og:image:width\" content=\"800\" \/>\n\t<meta property=\"og:image:height\" content=\"640\" \/>\n\t<meta property=\"og:image:type\" content=\"image\/jpeg\" \/>\n<meta name=\"twitter:card\" content=\"summary_large_image\" \/>\n<script type=\"application\/ld+json\" class=\"yoast-schema-graph\">{\"@context\":\"https:\\\/\\\/schema.org\",\"@graph\":[{\"@type\":\"WebPage\",\"@id\":\"https:\\\/\\\/www.biopapa.lt\\\/en\\\/product\\\/organic-hair-serum-fragrance-free-30-ml-ancient-wisdom\\\/\",\"url\":\"https:\\\/\\\/www.biopapa.lt\\\/en\\\/product\\\/organic-hair-serum-fragrance-free-30-ml-ancient-wisdom\\\/\",\"name\":\"Organic hair serum, Fragrance free, 30 ml, Ancient Wisdom - Biopapa\",\"isPartOf\":{\"@id\":\"https:\\\/\\\/www.biopapa.lt\\\/#website\"},\"primaryImageOfPage\":{\"@id\":\"https:\\\/\\\/www.biopapa.lt\\\/en\\\/product\\\/organic-hair-serum-fragrance-free-30-ml-ancient-wisdom\\\/#primaryimage\"},\"image\":{\"@id\":\"https:\\\/\\\/www.biopapa.lt\\\/en\\\/product\\\/organic-hair-serum-fragrance-free-30-ml-ancient-wisdom\\\/#primaryimage\"},\"thumbnailUrl\":\"https:\\\/\\\/www.biopapa.lt\\\/wp-content\\\/uploads\\\/2024\\\/08\\\/Ekologiskas-plauku-serumas-bekvapis-1.jpg\",\"datePublished\":\"2024-08-06T12:05:13+00:00\",\"dateModified\":\"2026-03-07T23:06:05+00:00\",\"description\":\"Enriched with the deeply moisturizing and strengthening effects of Argan and Castor Oils, this organic hair serum will nourish your hair, reduce hair loss, and leave your hair soft and shiny.\",\"breadcrumb\":{\"@id\":\"https:\\\/\\\/www.biopapa.lt\\\/en\\\/product\\\/organic-hair-serum-fragrance-free-30-ml-ancient-wisdom\\\/#breadcrumb\"},\"inLanguage\":\"en-US\",\"potentialAction\":[{\"@type\":\"ReadAction\",\"target\":[\"https:\\\/\\\/www.biopapa.lt\\\/en\\\/product\\\/organic-hair-serum-fragrance-free-30-ml-ancient-wisdom\\\/\"]}]},{\"@type\":\"ImageObject\",\"inLanguage\":\"en-US\",\"@id\":\"https:\\\/\\\/www.biopapa.lt\\\/en\\\/product\\\/organic-hair-serum-fragrance-free-30-ml-ancient-wisdom\\\/#primaryimage\",\"url\":\"https:\\\/\\\/www.biopapa.lt\\\/wp-content\\\/uploads\\\/2024\\\/08\\\/Ekologiskas-plauku-serumas-bekvapis-1.jpg\",\"contentUrl\":\"https:\\\/\\\/www.biopapa.lt\\\/wp-content\\\/uploads\\\/2024\\\/08\\\/Ekologiskas-plauku-serumas-bekvapis-1.jpg\",\"width\":800,\"height\":640},{\"@type\":\"BreadcrumbList\",\"@id\":\"https:\\\/\\\/www.biopapa.lt\\\/en\\\/product\\\/organic-hair-serum-fragrance-free-30-ml-ancient-wisdom\\\/#breadcrumb\",\"itemListElement\":[{\"@type\":\"ListItem\",\"position\":1,\"name\":\"Home\",\"item\":\"https:\\\/\\\/www.biopapa.lt\\\/en\\\/\"},{\"@type\":\"ListItem\",\"position\":2,\"name\":\"Shop\",\"item\":\"https:\\\/\\\/www.biopapa.lt\\\/en\\\/shop\\\/\"},{\"@type\":\"ListItem\",\"position\":3,\"name\":\"Organic hair serum, Fragrance free, 30 ml, Ancient Wisdom\"}]},{\"@type\":\"WebSite\",\"@id\":\"https:\\\/\\\/www.biopapa.lt\\\/#website\",\"url\":\"https:\\\/\\\/www.biopapa.lt\\\/\",\"name\":\"Biopapa\",\"description\":\"\u0160var\u016bs ekologi\u0161ki produktai\",\"publisher\":{\"@id\":\"https:\\\/\\\/www.biopapa.lt\\\/#organization\"},\"potentialAction\":[{\"@type\":\"SearchAction\",\"target\":{\"@type\":\"EntryPoint\",\"urlTemplate\":\"https:\\\/\\\/www.biopapa.lt\\\/?s={search_term_string}\"},\"query-input\":{\"@type\":\"PropertyValueSpecification\",\"valueRequired\":true,\"valueName\":\"search_term_string\"}}],\"inLanguage\":\"en-US\"},{\"@type\":\"Organization\",\"@id\":\"https:\\\/\\\/www.biopapa.lt\\\/#organization\",\"name\":\"Biopapa\",\"url\":\"https:\\\/\\\/www.biopapa.lt\\\/\",\"logo\":{\"@type\":\"ImageObject\",\"inLanguage\":\"en-US\",\"@id\":\"https:\\\/\\\/www.biopapa.lt\\\/#\\\/schema\\\/logo\\\/image\\\/\",\"url\":\"https:\\\/\\\/www.biopapa.lt\\\/wp-content\\\/uploads\\\/2022\\\/04\\\/facebook_biopapa.jpg\",\"contentUrl\":\"https:\\\/\\\/www.biopapa.lt\\\/wp-content\\\/uploads\\\/2022\\\/04\\\/facebook_biopapa.jpg\",\"width\":1733,\"height\":907,\"caption\":\"Biopapa\"},\"image\":{\"@id\":\"https:\\\/\\\/www.biopapa.lt\\\/#\\\/schema\\\/logo\\\/image\\\/\"},\"sameAs\":[\"https:\\\/\\\/www.facebook.com\\\/biopapa.lt\"]}]}<\/script>\n<!-- \/ Yoast SEO plugin. -->","yoast_head_json":{"title":"Organic hair serum, Fragrance free, 30 ml, Ancient Wisdom - Biopapa","description":"Enriched with the deeply moisturizing and strengthening effects of Argan and Castor Oils, this organic hair serum will nourish your hair, reduce hair loss, and leave your hair soft and shiny.","robots":{"index":"index","follow":"follow","max-snippet":"max-snippet:-1","max-image-preview":"max-image-preview:large","max-video-preview":"max-video-preview:-1"},"canonical":"https:\/\/www.biopapa.lt\/en\/product\/organic-hair-serum-fragrance-free-30-ml-ancient-wisdom\/","og_locale":"en_US","og_type":"article","og_title":"Organic hair serum, Fragrance free, 30 ml, Ancient Wisdom - Biopapa","og_description":"Enriched with the deeply moisturizing and strengthening effects of Argan and Castor Oils, this organic hair serum will nourish your hair, reduce hair loss, and leave your hair soft and shiny.","og_url":"https:\/\/www.biopapa.lt\/en\/product\/organic-hair-serum-fragrance-free-30-ml-ancient-wisdom\/","og_site_name":"Biopapa","article_publisher":"https:\/\/www.facebook.com\/biopapa.lt","article_modified_time":"2026-03-07T23:06:05+00:00","og_image":[{"width":800,"height":640,"url":"https:\/\/www.biopapa.lt\/wp-content\/uploads\/2024\/08\/Ekologiskas-plauku-serumas-bekvapis-1.jpg","type":"image\/jpeg"}],"twitter_card":"summary_large_image","schema":{"@context":"https:\/\/schema.org","@graph":[{"@type":"WebPage","@id":"https:\/\/www.biopapa.lt\/en\/product\/organic-hair-serum-fragrance-free-30-ml-ancient-wisdom\/","url":"https:\/\/www.biopapa.lt\/en\/product\/organic-hair-serum-fragrance-free-30-ml-ancient-wisdom\/","name":"Organic hair serum, Fragrance free, 30 ml, Ancient Wisdom - Biopapa","isPartOf":{"@id":"https:\/\/www.biopapa.lt\/#website"},"primaryImageOfPage":{"@id":"https:\/\/www.biopapa.lt\/en\/product\/organic-hair-serum-fragrance-free-30-ml-ancient-wisdom\/#primaryimage"},"image":{"@id":"https:\/\/www.biopapa.lt\/en\/product\/organic-hair-serum-fragrance-free-30-ml-ancient-wisdom\/#primaryimage"},"thumbnailUrl":"https:\/\/www.biopapa.lt\/wp-content\/uploads\/2024\/08\/Ekologiskas-plauku-serumas-bekvapis-1.jpg","datePublished":"2024-08-06T12:05:13+00:00","dateModified":"2026-03-07T23:06:05+00:00","description":"Enriched with the deeply moisturizing and strengthening effects of Argan and Castor Oils, this organic hair serum will nourish your hair, reduce hair loss, and leave your hair soft and shiny.","breadcrumb":{"@id":"https:\/\/www.biopapa.lt\/en\/product\/organic-hair-serum-fragrance-free-30-ml-ancient-wisdom\/#breadcrumb"},"inLanguage":"en-US","potentialAction":[{"@type":"ReadAction","target":["https:\/\/www.biopapa.lt\/en\/product\/organic-hair-serum-fragrance-free-30-ml-ancient-wisdom\/"]}]},{"@type":"ImageObject","inLanguage":"en-US","@id":"https:\/\/www.biopapa.lt\/en\/product\/organic-hair-serum-fragrance-free-30-ml-ancient-wisdom\/#primaryimage","url":"https:\/\/www.biopapa.lt\/wp-content\/uploads\/2024\/08\/Ekologiskas-plauku-serumas-bekvapis-1.jpg","contentUrl":"https:\/\/www.biopapa.lt\/wp-content\/uploads\/2024\/08\/Ekologiskas-plauku-serumas-bekvapis-1.jpg","width":800,"height":640},{"@type":"BreadcrumbList","@id":"https:\/\/www.biopapa.lt\/en\/product\/organic-hair-serum-fragrance-free-30-ml-ancient-wisdom\/#breadcrumb","itemListElement":[{"@type":"ListItem","position":1,"name":"Home","item":"https:\/\/www.biopapa.lt\/en\/"},{"@type":"ListItem","position":2,"name":"Shop","item":"https:\/\/www.biopapa.lt\/en\/shop\/"},{"@type":"ListItem","position":3,"name":"Organic hair serum, Fragrance free, 30 ml, Ancient Wisdom"}]},{"@type":"WebSite","@id":"https:\/\/www.biopapa.lt\/#website","url":"https:\/\/www.biopapa.lt\/","name":"Biopapa","description":"\u0160var\u016bs ekologi\u0161ki produktai","publisher":{"@id":"https:\/\/www.biopapa.lt\/#organization"},"potentialAction":[{"@type":"SearchAction","target":{"@type":"EntryPoint","urlTemplate":"https:\/\/www.biopapa.lt\/?s={search_term_string}"},"query-input":{"@type":"PropertyValueSpecification","valueRequired":true,"valueName":"search_term_string"}}],"inLanguage":"en-US"},{"@type":"Organization","@id":"https:\/\/www.biopapa.lt\/#organization","name":"Biopapa","url":"https:\/\/www.biopapa.lt\/","logo":{"@type":"ImageObject","inLanguage":"en-US","@id":"https:\/\/www.biopapa.lt\/#\/schema\/logo\/image\/","url":"https:\/\/www.biopapa.lt\/wp-content\/uploads\/2022\/04\/facebook_biopapa.jpg","contentUrl":"https:\/\/www.biopapa.lt\/wp-content\/uploads\/2022\/04\/facebook_biopapa.jpg","width":1733,"height":907,"caption":"Biopapa"},"image":{"@id":"https:\/\/www.biopapa.lt\/#\/schema\/logo\/image\/"},"sameAs":["https:\/\/www.facebook.com\/biopapa.lt"]}]}},"_links":{"self":[{"href":"https:\/\/www.biopapa.lt\/en\/wp-json\/wp\/v2\/product\/54571","targetHints":{"allow":["GET"]}}],"collection":[{"href":"https:\/\/www.biopapa.lt\/en\/wp-json\/wp\/v2\/product"}],"about":[{"href":"https:\/\/www.biopapa.lt\/en\/wp-json\/wp\/v2\/types\/product"}],"wp:featuredmedia":[{"embeddable":true,"href":"https:\/\/www.biopapa.lt\/en\/wp-json\/wp\/v2\/media\/54583"}],"wp:attachment":[{"href":"https:\/\/www.biopapa.lt\/en\/wp-json\/wp\/v2\/media?parent=54571"}],"wp:term":[{"taxonomy":"product_brand","embeddable":true,"href":"https:\/\/www.biopapa.lt\/en\/wp-json\/wp\/v2\/product_brand?post=54571"},{"taxonomy":"product_cat","embeddable":true,"href":"https:\/\/www.biopapa.lt\/en\/wp-json\/wp\/v2\/product_cat?post=54571"},{"taxonomy":"product_tag","embeddable":true,"href":"https:\/\/www.biopapa.lt\/en\/wp-json\/wp\/v2\/product_tag?post=54571"}],"curies":[{"name":"wp","href":"https:\/\/api.w.org\/{rel}","templated":true}]}}