{"id":54206,"date":"2024-08-01T13:14:29","date_gmt":"2024-08-01T10:14:29","guid":{"rendered":"https:\/\/www.biopapa.lt\/?post_type=product&#038;p=54206"},"modified":"2024-11-15T14:28:15","modified_gmt":"2024-11-15T12:28:15","slug":"natural-tibetan-incense-medicine-buddha-30-pcs","status":"publish","type":"product","link":"https:\/\/www.biopapa.lt\/en\/produktas\/natural-tibetan-incense-medicine-buddha-30-pcs\/","title":{"rendered":"Medicine Buddha Tibetan Incense, 30 pcs."},"content":{"rendered":"<p><strong>Natural Tibetan Incense Sticks MEDICINE BUDDHA, 30 pcs<\/strong>.<br \/>\nThe highest quality Tibetan incense sticks are a true embodiment of ancient traditions and the essence of nature.<br \/>\nNamed after the Buddha, these incense sticks have a refreshing and renewing scent. It is the ideal choice for those who want to experience a sense of spirituality and well-being. These incense sticks are carefully packed in a paper package containing 30 handmade incense sticks. Dimensions: 12&#215;6,5&#215;3,5 (cm) <\/p>\n","protected":false},"excerpt":{"rendered":"<p>Natural Tibetan Incense Sticks MEDICINE BUDDHA, 30 pcs. The highest quality Tibetan incense sticks are a true embodiment of ancient<\/p>\n","protected":false},"featured_media":54209,"template":"","meta":{"_acf_changed":false},"product_brand":[],"product_cat":[1988,1992,2500],"product_tag":[2064,2088],"class_list":{"0":"post-54206","1":"product","2":"type-product","3":"status-publish","4":"has-post-thumbnail","6":"product_cat-home","7":"product_cat-home-scent","8":"product_cat-natural-tibetan-incense-harmony-30-pcs","9":"product_tag-natural-incense","10":"product_tag-vegan","12":"first","13":"outofstock","14":"shipping-taxable","15":"purchasable","16":"product-type-simple"},"acf":[],"yoast_head":"<!-- This site is optimized with the Yoast SEO plugin v27.5 - https:\/\/yoast.com\/product\/yoast-seo-wordpress\/ -->\n<title>Medicine Buddha Tibetan Incense, 30 pcs. - Biopapa<\/title>\n<meta name=\"description\" content=\"Natural Tibetan incense is the ideal choice for experiencing a sense of spirituality and well-being.\" \/>\n<meta name=\"robots\" content=\"index, follow, max-snippet:-1, max-image-preview:large, max-video-preview:-1\" \/>\n<link rel=\"canonical\" href=\"https:\/\/www.biopapa.lt\/en\/produktas\/natural-tibetan-incense-medicine-buddha-30-pcs\/\" \/>\n<meta property=\"og:locale\" content=\"en_US\" \/>\n<meta property=\"og:type\" content=\"article\" \/>\n<meta property=\"og:title\" content=\"Medicine Buddha Tibetan Incense, 30 pcs. - Biopapa\" \/>\n<meta property=\"og:description\" content=\"Natural Tibetan incense is the ideal choice for experiencing a sense of spirituality and well-being.\" \/>\n<meta property=\"og:url\" content=\"https:\/\/www.biopapa.lt\/en\/produktas\/natural-tibetan-incense-medicine-buddha-30-pcs\/\" \/>\n<meta property=\"og:site_name\" content=\"Biopapa\" \/>\n<meta property=\"article:publisher\" content=\"https:\/\/www.facebook.com\/biopapa.lt\" \/>\n<meta property=\"article:modified_time\" content=\"2024-11-15T12:28:15+00:00\" \/>\n<meta property=\"og:image\" content=\"https:\/\/www.biopapa.lt\/wp-content\/uploads\/2024\/08\/tibetietiski-smilkalai-MEDICINE-BUDDHA.jpg\" \/>\n\t<meta property=\"og:image:width\" content=\"800\" \/>\n\t<meta property=\"og:image:height\" content=\"640\" \/>\n\t<meta property=\"og:image:type\" content=\"image\/jpeg\" \/>\n<meta name=\"twitter:card\" content=\"summary_large_image\" \/>\n<script type=\"application\/ld+json\" class=\"yoast-schema-graph\">{\"@context\":\"https:\\\/\\\/schema.org\",\"@graph\":[{\"@type\":\"WebPage\",\"@id\":\"https:\\\/\\\/www.biopapa.lt\\\/en\\\/produktas\\\/natural-tibetan-incense-medicine-buddha-30-pcs\\\/\",\"url\":\"https:\\\/\\\/www.biopapa.lt\\\/en\\\/produktas\\\/natural-tibetan-incense-medicine-buddha-30-pcs\\\/\",\"name\":\"Medicine Buddha Tibetan Incense, 30 pcs. - Biopapa\",\"isPartOf\":{\"@id\":\"https:\\\/\\\/www.biopapa.lt\\\/#website\"},\"primaryImageOfPage\":{\"@id\":\"https:\\\/\\\/www.biopapa.lt\\\/en\\\/produktas\\\/natural-tibetan-incense-medicine-buddha-30-pcs\\\/#primaryimage\"},\"image\":{\"@id\":\"https:\\\/\\\/www.biopapa.lt\\\/en\\\/produktas\\\/natural-tibetan-incense-medicine-buddha-30-pcs\\\/#primaryimage\"},\"thumbnailUrl\":\"https:\\\/\\\/www.biopapa.lt\\\/wp-content\\\/uploads\\\/2024\\\/08\\\/tibetietiski-smilkalai-MEDICINE-BUDDHA.jpg\",\"datePublished\":\"2024-08-01T10:14:29+00:00\",\"dateModified\":\"2024-11-15T12:28:15+00:00\",\"description\":\"Natural Tibetan incense is the ideal choice for experiencing a sense of spirituality and well-being.\",\"breadcrumb\":{\"@id\":\"https:\\\/\\\/www.biopapa.lt\\\/en\\\/produktas\\\/natural-tibetan-incense-medicine-buddha-30-pcs\\\/#breadcrumb\"},\"inLanguage\":\"en-US\",\"potentialAction\":[{\"@type\":\"ReadAction\",\"target\":[\"https:\\\/\\\/www.biopapa.lt\\\/en\\\/produktas\\\/natural-tibetan-incense-medicine-buddha-30-pcs\\\/\"]}]},{\"@type\":\"ImageObject\",\"inLanguage\":\"en-US\",\"@id\":\"https:\\\/\\\/www.biopapa.lt\\\/en\\\/produktas\\\/natural-tibetan-incense-medicine-buddha-30-pcs\\\/#primaryimage\",\"url\":\"https:\\\/\\\/www.biopapa.lt\\\/wp-content\\\/uploads\\\/2024\\\/08\\\/tibetietiski-smilkalai-MEDICINE-BUDDHA.jpg\",\"contentUrl\":\"https:\\\/\\\/www.biopapa.lt\\\/wp-content\\\/uploads\\\/2024\\\/08\\\/tibetietiski-smilkalai-MEDICINE-BUDDHA.jpg\",\"width\":800,\"height\":640,\"caption\":\"Tibetan incense MEDICINE BUDDHA\"},{\"@type\":\"BreadcrumbList\",\"@id\":\"https:\\\/\\\/www.biopapa.lt\\\/en\\\/produktas\\\/natural-tibetan-incense-medicine-buddha-30-pcs\\\/#breadcrumb\",\"itemListElement\":[{\"@type\":\"ListItem\",\"position\":1,\"name\":\"Home\",\"item\":\"https:\\\/\\\/www.biopapa.lt\\\/en\\\/\"},{\"@type\":\"ListItem\",\"position\":2,\"name\":\"Shop\",\"item\":\"https:\\\/\\\/www.biopapa.lt\\\/en\\\/shop\\\/\"},{\"@type\":\"ListItem\",\"position\":3,\"name\":\"Medicine Buddha Tibetan Incense, 30 pcs.\"}]},{\"@type\":\"WebSite\",\"@id\":\"https:\\\/\\\/www.biopapa.lt\\\/#website\",\"url\":\"https:\\\/\\\/www.biopapa.lt\\\/\",\"name\":\"Biopapa\",\"description\":\"\u0160var\u016bs ekologi\u0161ki produktai\",\"publisher\":{\"@id\":\"https:\\\/\\\/www.biopapa.lt\\\/#organization\"},\"potentialAction\":[{\"@type\":\"SearchAction\",\"target\":{\"@type\":\"EntryPoint\",\"urlTemplate\":\"https:\\\/\\\/www.biopapa.lt\\\/?s={search_term_string}\"},\"query-input\":{\"@type\":\"PropertyValueSpecification\",\"valueRequired\":true,\"valueName\":\"search_term_string\"}}],\"inLanguage\":\"en-US\"},{\"@type\":\"Organization\",\"@id\":\"https:\\\/\\\/www.biopapa.lt\\\/#organization\",\"name\":\"Biopapa\",\"url\":\"https:\\\/\\\/www.biopapa.lt\\\/\",\"logo\":{\"@type\":\"ImageObject\",\"inLanguage\":\"en-US\",\"@id\":\"https:\\\/\\\/www.biopapa.lt\\\/#\\\/schema\\\/logo\\\/image\\\/\",\"url\":\"https:\\\/\\\/www.biopapa.lt\\\/wp-content\\\/uploads\\\/2022\\\/04\\\/facebook_biopapa.jpg\",\"contentUrl\":\"https:\\\/\\\/www.biopapa.lt\\\/wp-content\\\/uploads\\\/2022\\\/04\\\/facebook_biopapa.jpg\",\"width\":1733,\"height\":907,\"caption\":\"Biopapa\"},\"image\":{\"@id\":\"https:\\\/\\\/www.biopapa.lt\\\/#\\\/schema\\\/logo\\\/image\\\/\"},\"sameAs\":[\"https:\\\/\\\/www.facebook.com\\\/biopapa.lt\"]}]}<\/script>\n<!-- \/ Yoast SEO plugin. -->","yoast_head_json":{"title":"Medicine Buddha Tibetan Incense, 30 pcs. - Biopapa","description":"Natural Tibetan incense is the ideal choice for experiencing a sense of spirituality and well-being.","robots":{"index":"index","follow":"follow","max-snippet":"max-snippet:-1","max-image-preview":"max-image-preview:large","max-video-preview":"max-video-preview:-1"},"canonical":"https:\/\/www.biopapa.lt\/en\/produktas\/natural-tibetan-incense-medicine-buddha-30-pcs\/","og_locale":"en_US","og_type":"article","og_title":"Medicine Buddha Tibetan Incense, 30 pcs. - Biopapa","og_description":"Natural Tibetan incense is the ideal choice for experiencing a sense of spirituality and well-being.","og_url":"https:\/\/www.biopapa.lt\/en\/produktas\/natural-tibetan-incense-medicine-buddha-30-pcs\/","og_site_name":"Biopapa","article_publisher":"https:\/\/www.facebook.com\/biopapa.lt","article_modified_time":"2024-11-15T12:28:15+00:00","og_image":[{"width":800,"height":640,"url":"https:\/\/www.biopapa.lt\/wp-content\/uploads\/2024\/08\/tibetietiski-smilkalai-MEDICINE-BUDDHA.jpg","type":"image\/jpeg"}],"twitter_card":"summary_large_image","schema":{"@context":"https:\/\/schema.org","@graph":[{"@type":"WebPage","@id":"https:\/\/www.biopapa.lt\/en\/produktas\/natural-tibetan-incense-medicine-buddha-30-pcs\/","url":"https:\/\/www.biopapa.lt\/en\/produktas\/natural-tibetan-incense-medicine-buddha-30-pcs\/","name":"Medicine Buddha Tibetan Incense, 30 pcs. - Biopapa","isPartOf":{"@id":"https:\/\/www.biopapa.lt\/#website"},"primaryImageOfPage":{"@id":"https:\/\/www.biopapa.lt\/en\/produktas\/natural-tibetan-incense-medicine-buddha-30-pcs\/#primaryimage"},"image":{"@id":"https:\/\/www.biopapa.lt\/en\/produktas\/natural-tibetan-incense-medicine-buddha-30-pcs\/#primaryimage"},"thumbnailUrl":"https:\/\/www.biopapa.lt\/wp-content\/uploads\/2024\/08\/tibetietiski-smilkalai-MEDICINE-BUDDHA.jpg","datePublished":"2024-08-01T10:14:29+00:00","dateModified":"2024-11-15T12:28:15+00:00","description":"Natural Tibetan incense is the ideal choice for experiencing a sense of spirituality and well-being.","breadcrumb":{"@id":"https:\/\/www.biopapa.lt\/en\/produktas\/natural-tibetan-incense-medicine-buddha-30-pcs\/#breadcrumb"},"inLanguage":"en-US","potentialAction":[{"@type":"ReadAction","target":["https:\/\/www.biopapa.lt\/en\/produktas\/natural-tibetan-incense-medicine-buddha-30-pcs\/"]}]},{"@type":"ImageObject","inLanguage":"en-US","@id":"https:\/\/www.biopapa.lt\/en\/produktas\/natural-tibetan-incense-medicine-buddha-30-pcs\/#primaryimage","url":"https:\/\/www.biopapa.lt\/wp-content\/uploads\/2024\/08\/tibetietiski-smilkalai-MEDICINE-BUDDHA.jpg","contentUrl":"https:\/\/www.biopapa.lt\/wp-content\/uploads\/2024\/08\/tibetietiski-smilkalai-MEDICINE-BUDDHA.jpg","width":800,"height":640,"caption":"Tibetan incense MEDICINE BUDDHA"},{"@type":"BreadcrumbList","@id":"https:\/\/www.biopapa.lt\/en\/produktas\/natural-tibetan-incense-medicine-buddha-30-pcs\/#breadcrumb","itemListElement":[{"@type":"ListItem","position":1,"name":"Home","item":"https:\/\/www.biopapa.lt\/en\/"},{"@type":"ListItem","position":2,"name":"Shop","item":"https:\/\/www.biopapa.lt\/en\/shop\/"},{"@type":"ListItem","position":3,"name":"Medicine Buddha Tibetan Incense, 30 pcs."}]},{"@type":"WebSite","@id":"https:\/\/www.biopapa.lt\/#website","url":"https:\/\/www.biopapa.lt\/","name":"Biopapa","description":"\u0160var\u016bs ekologi\u0161ki produktai","publisher":{"@id":"https:\/\/www.biopapa.lt\/#organization"},"potentialAction":[{"@type":"SearchAction","target":{"@type":"EntryPoint","urlTemplate":"https:\/\/www.biopapa.lt\/?s={search_term_string}"},"query-input":{"@type":"PropertyValueSpecification","valueRequired":true,"valueName":"search_term_string"}}],"inLanguage":"en-US"},{"@type":"Organization","@id":"https:\/\/www.biopapa.lt\/#organization","name":"Biopapa","url":"https:\/\/www.biopapa.lt\/","logo":{"@type":"ImageObject","inLanguage":"en-US","@id":"https:\/\/www.biopapa.lt\/#\/schema\/logo\/image\/","url":"https:\/\/www.biopapa.lt\/wp-content\/uploads\/2022\/04\/facebook_biopapa.jpg","contentUrl":"https:\/\/www.biopapa.lt\/wp-content\/uploads\/2022\/04\/facebook_biopapa.jpg","width":1733,"height":907,"caption":"Biopapa"},"image":{"@id":"https:\/\/www.biopapa.lt\/#\/schema\/logo\/image\/"},"sameAs":["https:\/\/www.facebook.com\/biopapa.lt"]}]}},"_links":{"self":[{"href":"https:\/\/www.biopapa.lt\/en\/wp-json\/wp\/v2\/product\/54206","targetHints":{"allow":["GET"]}}],"collection":[{"href":"https:\/\/www.biopapa.lt\/en\/wp-json\/wp\/v2\/product"}],"about":[{"href":"https:\/\/www.biopapa.lt\/en\/wp-json\/wp\/v2\/types\/product"}],"wp:featuredmedia":[{"embeddable":true,"href":"https:\/\/www.biopapa.lt\/en\/wp-json\/wp\/v2\/media\/54209"}],"wp:attachment":[{"href":"https:\/\/www.biopapa.lt\/en\/wp-json\/wp\/v2\/media?parent=54206"}],"wp:term":[{"taxonomy":"product_brand","embeddable":true,"href":"https:\/\/www.biopapa.lt\/en\/wp-json\/wp\/v2\/product_brand?post=54206"},{"taxonomy":"product_cat","embeddable":true,"href":"https:\/\/www.biopapa.lt\/en\/wp-json\/wp\/v2\/product_cat?post=54206"},{"taxonomy":"product_tag","embeddable":true,"href":"https:\/\/www.biopapa.lt\/en\/wp-json\/wp\/v2\/product_tag?post=54206"}],"curies":[{"name":"wp","href":"https:\/\/api.w.org\/{rel}","templated":true}]}}