{"id":53852,"date":"2024-07-24T15:04:38","date_gmt":"2024-07-24T12:04:38","guid":{"rendered":"https:\/\/www.biopapa.lt\/?post_type=product&#038;p=53852"},"modified":"2026-01-13T15:52:39","modified_gmt":"2026-01-13T13:52:39","slug":"organic-oat-leaven-1l-avizo","status":"publish","type":"product","link":"https:\/\/www.biopapa.lt\/en\/produktas\/organic-oat-leaven-1l-avizo\/","title":{"rendered":"Organic oat leaven 1 L, AVIZO"},"content":{"rendered":"<p><strong>Organic oat sourdough starter 1 L, AVIZO<br \/>\n<\/strong>&#8211; High diversity of live bacteria<br \/>\n&#8211; Source of fibre<br \/>\n&#8211; No added sugar, no preservatives<br \/>\n&#8211; Gluten-free, lactose-free<br \/>\n&#8211; Unpasteurised, non-alcoholic<br \/>\n&#8211; Suitable for vegans.<\/p>\n<p>How to use it:<br \/>\nAVIZO is not a medicine or a food supplement, so the consumption guidelines are for guidance only!<br \/>\nWe don&#8217;t eat enough fermented products, so acid is not really enough in our diet. For this reason, AVIZO should be taken daily, preferably with 1-2 tablespoons at each meal. You can take some AVIZO before meals and the rest after you have finished eating. If convenient, add AVIZO directly to food (juices, porridges, salads, mixtures).<\/p>\n<p>Bacterial species and subspecies: Lactic acid bacteria and Bifidobacteria (including Bifidobacterium breve, Bifidobacterium longum, Bifidobacterium, Lactobacillus acidophilus, Lactobacillus casei, Lactobacillus delbrueckii subsp. bulgaricus, Lactobacillus paracasei, Lactobacillus plantarum, Streptococcus thermophilus, Limosilactobacillus fermentum). Content in the product shall be at least <em><sup>108<\/sup><\/em> CFU\/ml.<\/p>\n","protected":false},"excerpt":{"rendered":"<p>Organic oat sourdough starter 1 L, AVIZO &#8211; High diversity of live bacteria &#8211; Source of fibre &#8211; No added<\/p>\n","protected":false},"featured_media":287036,"template":"","meta":{"_acf_changed":false},"product_brand":[],"product_cat":[2378],"product_tag":[2038,2088],"class_list":{"0":"post-53852","1":"product","2":"type-product","3":"status-publish","4":"has-post-thumbnail","6":"product_cat-drinks","7":"product_tag-no-added-sugar","8":"product_tag-vegan","10":"first","11":"instock","12":"shipping-taxable","13":"purchasable","14":"product-type-simple"},"acf":[],"yoast_head":"<!-- This site is optimized with the Yoast SEO plugin v27.5 - https:\/\/yoast.com\/product\/yoast-seo-wordpress\/ -->\n<title>Organic oat leaven 1 L, AVIZO - Biopapa<\/title>\n<meta name=\"description\" content=\"High diversity of live bacteria; Source of fiber; No added sugar; No preservatives; Gluten-free; Lactose-free; Unpasteurized; Non-alcoholic; Vegan-friendly.\" \/>\n<meta name=\"robots\" content=\"index, follow, max-snippet:-1, max-image-preview:large, max-video-preview:-1\" \/>\n<link rel=\"canonical\" href=\"https:\/\/www.biopapa.lt\/en\/produktas\/organic-oat-leaven-1l-avizo\/\" \/>\n<meta property=\"og:locale\" content=\"en_US\" \/>\n<meta property=\"og:type\" content=\"article\" \/>\n<meta property=\"og:title\" content=\"Organic oat leaven 1 L, AVIZO - Biopapa\" \/>\n<meta property=\"og:description\" content=\"High diversity of live bacteria; Source of fiber; No added sugar; No preservatives; Gluten-free; Lactose-free; Unpasteurized; Non-alcoholic; Vegan-friendly.\" \/>\n<meta property=\"og:url\" content=\"https:\/\/www.biopapa.lt\/en\/produktas\/organic-oat-leaven-1l-avizo\/\" \/>\n<meta property=\"og:site_name\" content=\"Biopapa\" \/>\n<meta property=\"article:publisher\" content=\"https:\/\/www.facebook.com\/biopapa.lt\" \/>\n<meta property=\"article:modified_time\" content=\"2026-01-13T13:52:39+00:00\" \/>\n<meta property=\"og:image\" content=\"https:\/\/www.biopapa.lt\/wp-content\/uploads\/2024\/07\/Ekologiskas-avizu-raugas.jpg\" \/>\n\t<meta property=\"og:image:width\" content=\"800\" \/>\n\t<meta property=\"og:image:height\" content=\"640\" \/>\n\t<meta property=\"og:image:type\" content=\"image\/jpeg\" \/>\n<meta name=\"twitter:card\" content=\"summary_large_image\" \/>\n<script type=\"application\/ld+json\" class=\"yoast-schema-graph\">{\"@context\":\"https:\\\/\\\/schema.org\",\"@graph\":[{\"@type\":\"WebPage\",\"@id\":\"https:\\\/\\\/www.biopapa.lt\\\/en\\\/produktas\\\/organic-oat-leaven-1l-avizo\\\/\",\"url\":\"https:\\\/\\\/www.biopapa.lt\\\/en\\\/produktas\\\/organic-oat-leaven-1l-avizo\\\/\",\"name\":\"Organic oat leaven 1 L, AVIZO - Biopapa\",\"isPartOf\":{\"@id\":\"https:\\\/\\\/www.biopapa.lt\\\/#website\"},\"primaryImageOfPage\":{\"@id\":\"https:\\\/\\\/www.biopapa.lt\\\/en\\\/produktas\\\/organic-oat-leaven-1l-avizo\\\/#primaryimage\"},\"image\":{\"@id\":\"https:\\\/\\\/www.biopapa.lt\\\/en\\\/produktas\\\/organic-oat-leaven-1l-avizo\\\/#primaryimage\"},\"thumbnailUrl\":\"https:\\\/\\\/www.biopapa.lt\\\/wp-content\\\/uploads\\\/2024\\\/07\\\/Ekologiskas-avizu-raugas-1-L-AVIZO.png\",\"datePublished\":\"2024-07-24T12:04:38+00:00\",\"dateModified\":\"2026-01-13T13:52:39+00:00\",\"description\":\"High diversity of live bacteria; Source of fiber; No added sugar; No preservatives; Gluten-free; Lactose-free; Unpasteurized; Non-alcoholic; Vegan-friendly.\",\"breadcrumb\":{\"@id\":\"https:\\\/\\\/www.biopapa.lt\\\/en\\\/produktas\\\/organic-oat-leaven-1l-avizo\\\/#breadcrumb\"},\"inLanguage\":\"en-US\",\"potentialAction\":[{\"@type\":\"ReadAction\",\"target\":[\"https:\\\/\\\/www.biopapa.lt\\\/en\\\/produktas\\\/organic-oat-leaven-1l-avizo\\\/\"]}]},{\"@type\":\"ImageObject\",\"inLanguage\":\"en-US\",\"@id\":\"https:\\\/\\\/www.biopapa.lt\\\/en\\\/produktas\\\/organic-oat-leaven-1l-avizo\\\/#primaryimage\",\"url\":\"https:\\\/\\\/www.biopapa.lt\\\/wp-content\\\/uploads\\\/2024\\\/07\\\/Ekologiskas-avizu-raugas-1-L-AVIZO.png\",\"contentUrl\":\"https:\\\/\\\/www.biopapa.lt\\\/wp-content\\\/uploads\\\/2024\\\/07\\\/Ekologiskas-avizu-raugas-1-L-AVIZO.png\",\"width\":800,\"height\":640},{\"@type\":\"BreadcrumbList\",\"@id\":\"https:\\\/\\\/www.biopapa.lt\\\/en\\\/produktas\\\/organic-oat-leaven-1l-avizo\\\/#breadcrumb\",\"itemListElement\":[{\"@type\":\"ListItem\",\"position\":1,\"name\":\"Home\",\"item\":\"https:\\\/\\\/www.biopapa.lt\\\/en\\\/\"},{\"@type\":\"ListItem\",\"position\":2,\"name\":\"Shop\",\"item\":\"https:\\\/\\\/www.biopapa.lt\\\/en\\\/shop\\\/\"},{\"@type\":\"ListItem\",\"position\":3,\"name\":\"Organic oat leaven 1 L, AVIZO\"}]},{\"@type\":\"WebSite\",\"@id\":\"https:\\\/\\\/www.biopapa.lt\\\/#website\",\"url\":\"https:\\\/\\\/www.biopapa.lt\\\/\",\"name\":\"Biopapa\",\"description\":\"\u0160var\u016bs ekologi\u0161ki produktai\",\"publisher\":{\"@id\":\"https:\\\/\\\/www.biopapa.lt\\\/#organization\"},\"potentialAction\":[{\"@type\":\"SearchAction\",\"target\":{\"@type\":\"EntryPoint\",\"urlTemplate\":\"https:\\\/\\\/www.biopapa.lt\\\/?s={search_term_string}\"},\"query-input\":{\"@type\":\"PropertyValueSpecification\",\"valueRequired\":true,\"valueName\":\"search_term_string\"}}],\"inLanguage\":\"en-US\"},{\"@type\":\"Organization\",\"@id\":\"https:\\\/\\\/www.biopapa.lt\\\/#organization\",\"name\":\"Biopapa\",\"url\":\"https:\\\/\\\/www.biopapa.lt\\\/\",\"logo\":{\"@type\":\"ImageObject\",\"inLanguage\":\"en-US\",\"@id\":\"https:\\\/\\\/www.biopapa.lt\\\/#\\\/schema\\\/logo\\\/image\\\/\",\"url\":\"https:\\\/\\\/www.biopapa.lt\\\/wp-content\\\/uploads\\\/2022\\\/04\\\/facebook_biopapa.jpg\",\"contentUrl\":\"https:\\\/\\\/www.biopapa.lt\\\/wp-content\\\/uploads\\\/2022\\\/04\\\/facebook_biopapa.jpg\",\"width\":1733,\"height\":907,\"caption\":\"Biopapa\"},\"image\":{\"@id\":\"https:\\\/\\\/www.biopapa.lt\\\/#\\\/schema\\\/logo\\\/image\\\/\"},\"sameAs\":[\"https:\\\/\\\/www.facebook.com\\\/biopapa.lt\"]}]}<\/script>\n<!-- \/ Yoast SEO plugin. -->","yoast_head_json":{"title":"Organic oat leaven 1 L, AVIZO - Biopapa","description":"High diversity of live bacteria; Source of fiber; No added sugar; No preservatives; Gluten-free; Lactose-free; Unpasteurized; Non-alcoholic; Vegan-friendly.","robots":{"index":"index","follow":"follow","max-snippet":"max-snippet:-1","max-image-preview":"max-image-preview:large","max-video-preview":"max-video-preview:-1"},"canonical":"https:\/\/www.biopapa.lt\/en\/produktas\/organic-oat-leaven-1l-avizo\/","og_locale":"en_US","og_type":"article","og_title":"Organic oat leaven 1 L, AVIZO - Biopapa","og_description":"High diversity of live bacteria; Source of fiber; No added sugar; No preservatives; Gluten-free; Lactose-free; Unpasteurized; Non-alcoholic; Vegan-friendly.","og_url":"https:\/\/www.biopapa.lt\/en\/produktas\/organic-oat-leaven-1l-avizo\/","og_site_name":"Biopapa","article_publisher":"https:\/\/www.facebook.com\/biopapa.lt","article_modified_time":"2026-01-13T13:52:39+00:00","og_image":[{"width":800,"height":640,"url":"https:\/\/www.biopapa.lt\/wp-content\/uploads\/2024\/07\/Ekologiskas-avizu-raugas.jpg","type":"image\/jpeg"}],"twitter_card":"summary_large_image","schema":{"@context":"https:\/\/schema.org","@graph":[{"@type":"WebPage","@id":"https:\/\/www.biopapa.lt\/en\/produktas\/organic-oat-leaven-1l-avizo\/","url":"https:\/\/www.biopapa.lt\/en\/produktas\/organic-oat-leaven-1l-avizo\/","name":"Organic oat leaven 1 L, AVIZO - Biopapa","isPartOf":{"@id":"https:\/\/www.biopapa.lt\/#website"},"primaryImageOfPage":{"@id":"https:\/\/www.biopapa.lt\/en\/produktas\/organic-oat-leaven-1l-avizo\/#primaryimage"},"image":{"@id":"https:\/\/www.biopapa.lt\/en\/produktas\/organic-oat-leaven-1l-avizo\/#primaryimage"},"thumbnailUrl":"https:\/\/www.biopapa.lt\/wp-content\/uploads\/2024\/07\/Ekologiskas-avizu-raugas-1-L-AVIZO.png","datePublished":"2024-07-24T12:04:38+00:00","dateModified":"2026-01-13T13:52:39+00:00","description":"High diversity of live bacteria; Source of fiber; No added sugar; No preservatives; Gluten-free; Lactose-free; Unpasteurized; Non-alcoholic; Vegan-friendly.","breadcrumb":{"@id":"https:\/\/www.biopapa.lt\/en\/produktas\/organic-oat-leaven-1l-avizo\/#breadcrumb"},"inLanguage":"en-US","potentialAction":[{"@type":"ReadAction","target":["https:\/\/www.biopapa.lt\/en\/produktas\/organic-oat-leaven-1l-avizo\/"]}]},{"@type":"ImageObject","inLanguage":"en-US","@id":"https:\/\/www.biopapa.lt\/en\/produktas\/organic-oat-leaven-1l-avizo\/#primaryimage","url":"https:\/\/www.biopapa.lt\/wp-content\/uploads\/2024\/07\/Ekologiskas-avizu-raugas-1-L-AVIZO.png","contentUrl":"https:\/\/www.biopapa.lt\/wp-content\/uploads\/2024\/07\/Ekologiskas-avizu-raugas-1-L-AVIZO.png","width":800,"height":640},{"@type":"BreadcrumbList","@id":"https:\/\/www.biopapa.lt\/en\/produktas\/organic-oat-leaven-1l-avizo\/#breadcrumb","itemListElement":[{"@type":"ListItem","position":1,"name":"Home","item":"https:\/\/www.biopapa.lt\/en\/"},{"@type":"ListItem","position":2,"name":"Shop","item":"https:\/\/www.biopapa.lt\/en\/shop\/"},{"@type":"ListItem","position":3,"name":"Organic oat leaven 1 L, AVIZO"}]},{"@type":"WebSite","@id":"https:\/\/www.biopapa.lt\/#website","url":"https:\/\/www.biopapa.lt\/","name":"Biopapa","description":"\u0160var\u016bs ekologi\u0161ki produktai","publisher":{"@id":"https:\/\/www.biopapa.lt\/#organization"},"potentialAction":[{"@type":"SearchAction","target":{"@type":"EntryPoint","urlTemplate":"https:\/\/www.biopapa.lt\/?s={search_term_string}"},"query-input":{"@type":"PropertyValueSpecification","valueRequired":true,"valueName":"search_term_string"}}],"inLanguage":"en-US"},{"@type":"Organization","@id":"https:\/\/www.biopapa.lt\/#organization","name":"Biopapa","url":"https:\/\/www.biopapa.lt\/","logo":{"@type":"ImageObject","inLanguage":"en-US","@id":"https:\/\/www.biopapa.lt\/#\/schema\/logo\/image\/","url":"https:\/\/www.biopapa.lt\/wp-content\/uploads\/2022\/04\/facebook_biopapa.jpg","contentUrl":"https:\/\/www.biopapa.lt\/wp-content\/uploads\/2022\/04\/facebook_biopapa.jpg","width":1733,"height":907,"caption":"Biopapa"},"image":{"@id":"https:\/\/www.biopapa.lt\/#\/schema\/logo\/image\/"},"sameAs":["https:\/\/www.facebook.com\/biopapa.lt"]}]}},"_links":{"self":[{"href":"https:\/\/www.biopapa.lt\/en\/wp-json\/wp\/v2\/product\/53852","targetHints":{"allow":["GET"]}}],"collection":[{"href":"https:\/\/www.biopapa.lt\/en\/wp-json\/wp\/v2\/product"}],"about":[{"href":"https:\/\/www.biopapa.lt\/en\/wp-json\/wp\/v2\/types\/product"}],"wp:featuredmedia":[{"embeddable":true,"href":"https:\/\/www.biopapa.lt\/en\/wp-json\/wp\/v2\/media\/287036"}],"wp:attachment":[{"href":"https:\/\/www.biopapa.lt\/en\/wp-json\/wp\/v2\/media?parent=53852"}],"wp:term":[{"taxonomy":"product_brand","embeddable":true,"href":"https:\/\/www.biopapa.lt\/en\/wp-json\/wp\/v2\/product_brand?post=53852"},{"taxonomy":"product_cat","embeddable":true,"href":"https:\/\/www.biopapa.lt\/en\/wp-json\/wp\/v2\/product_cat?post=53852"},{"taxonomy":"product_tag","embeddable":true,"href":"https:\/\/www.biopapa.lt\/en\/wp-json\/wp\/v2\/product_tag?post=53852"}],"curies":[{"name":"wp","href":"https:\/\/api.w.org\/{rel}","templated":true}]}}