{"id":53273,"date":"2024-07-09T13:35:42","date_gmt":"2024-07-09T10:35:42","guid":{"rendered":"https:\/\/www.biopapa.lt\/?post_type=product&#038;p=53273"},"modified":"2026-03-08T01:06:56","modified_gmt":"2026-03-07T23:06:56","slug":"organic-ylang-ylang-essential-oil-10-ml-alteya","status":"publish","type":"product","link":"https:\/\/www.biopapa.lt\/en\/produktas\/organic-ylang-ylang-essential-oil-10-ml-alteya\/","title":{"rendered":"Organic ylang ylang essential oil, 10 ml, ALTEYA"},"content":{"rendered":"<p><strong>Organic Ylang Ylang Essential Oil, 10 ml, ALTEYA<br \/>\n<\/strong>Ylang Ylang Essential Oil is extracted by steam distillation from the freshly plucked flowers of the <em>Cananga Odorata<\/em> plant.<br \/>\nWhen used in aromatherapy, Ylang Ylang is believed to provide a sense of calm, relieve stress and tension. It is also known as a powerful aphrodisiac.<br \/>\nDue to its deep, sweet and stimulating aroma, it is often used in perfumery compositions or as a fragrance in cosmetic formulas.<br \/>\nWhen applied externally to the skin, cannagan oil can help to balance and regulate the production of sebum, thus helping to prevent the skin and scalp from becoming excessively oily or dry. It is also thought to be able to soothe inflammations and irritations on the skin.<br \/>\nWhen added to a massage blend, Kananga essential oil can help reduce physical and mental fatigue.  <\/p>\n<p>Kananga essential oil blends well with bergamot, frankincense (boswellia), spearmint, grapefruit, sandalwood and vetiver essential oils.<\/p>\n<p><i>Attention<br \/>\n<\/i>For external use only. Always dilute. May cause skin sensitivity. Keep out of the reach of children. If you are pregnant, breastfeeding or under the care of a doctor, consult your doctor. Avoid contact with eyes, mucous membranes and sensitive areas, inner parts of ears.<\/p>\n","protected":false},"excerpt":{"rendered":"<p>Organic Ylang Ylang Essential Oil, 10 ml, ALTEYA Ylang Ylang Essential Oil is extracted by steam distillation from the freshly<\/p>\n","protected":false},"featured_media":53277,"template":"","meta":{"_acf_changed":false},"product_brand":[],"product_cat":[2503,1962,1850,1988,1992],"product_tag":[2026,2044,2088],"class_list":{"0":"post-53273","1":"product","2":"type-product","3":"status-publish","4":"has-post-thumbnail","6":"product_cat-aromatherapy","7":"product_cat-beauty-and-hygiene","8":"product_cat-essential-oils","9":"product_cat-home","10":"product_cat-home-scent","11":"product_tag-aromatherapy","12":"product_tag-essential-oil","13":"product_tag-vegan","15":"first","16":"instock","17":"shipping-taxable","18":"purchasable","19":"product-type-simple"},"acf":[],"yoast_head":"<!-- This site is optimized with the Yoast SEO plugin v27.5 - https:\/\/yoast.com\/product\/yoast-seo-wordpress\/ -->\n<title>Organic ylang ylang essential oil, 10 ml, ALTEYA - Biopapa<\/title>\n<meta name=\"description\" content=\"When used in aromatherapy, Ylang Ylang oil is believed to provide a sense of calm, relieving stress and tension. It is also known as a powerful aphrodisiac.\" \/>\n<meta name=\"robots\" content=\"index, follow, max-snippet:-1, max-image-preview:large, max-video-preview:-1\" \/>\n<link rel=\"canonical\" href=\"https:\/\/www.biopapa.lt\/en\/produktas\/organic-ylang-ylang-essential-oil-10-ml-alteya\/\" \/>\n<meta property=\"og:locale\" content=\"en_US\" \/>\n<meta property=\"og:type\" content=\"article\" \/>\n<meta property=\"og:title\" content=\"Organic ylang ylang essential oil, 10 ml, ALTEYA - Biopapa\" \/>\n<meta property=\"og:description\" content=\"When used in aromatherapy, Ylang Ylang oil is believed to provide a sense of calm, relieving stress and tension. It is also known as a powerful aphrodisiac.\" \/>\n<meta property=\"og:url\" content=\"https:\/\/www.biopapa.lt\/en\/produktas\/organic-ylang-ylang-essential-oil-10-ml-alteya\/\" \/>\n<meta property=\"og:site_name\" content=\"Biopapa\" \/>\n<meta property=\"article:publisher\" content=\"https:\/\/www.facebook.com\/biopapa.lt\" \/>\n<meta property=\"article:modified_time\" content=\"2026-03-07T23:06:56+00:00\" \/>\n<meta property=\"og:image\" content=\"https:\/\/www.biopapa.lt\/wp-content\/uploads\/2024\/07\/Ekologiskas-ylang-ylang-kanangu-eterinis-aliejus-10-ml.jpg\" \/>\n\t<meta property=\"og:image:width\" content=\"800\" \/>\n\t<meta property=\"og:image:height\" content=\"640\" \/>\n\t<meta property=\"og:image:type\" content=\"image\/jpeg\" \/>\n<meta name=\"twitter:card\" content=\"summary_large_image\" \/>\n<script type=\"application\/ld+json\" class=\"yoast-schema-graph\">{\"@context\":\"https:\\\/\\\/schema.org\",\"@graph\":[{\"@type\":\"WebPage\",\"@id\":\"https:\\\/\\\/www.biopapa.lt\\\/en\\\/produktas\\\/organic-ylang-ylang-essential-oil-10-ml-alteya\\\/\",\"url\":\"https:\\\/\\\/www.biopapa.lt\\\/en\\\/produktas\\\/organic-ylang-ylang-essential-oil-10-ml-alteya\\\/\",\"name\":\"Organic ylang ylang essential oil, 10 ml, ALTEYA - Biopapa\",\"isPartOf\":{\"@id\":\"https:\\\/\\\/www.biopapa.lt\\\/#website\"},\"primaryImageOfPage\":{\"@id\":\"https:\\\/\\\/www.biopapa.lt\\\/en\\\/produktas\\\/organic-ylang-ylang-essential-oil-10-ml-alteya\\\/#primaryimage\"},\"image\":{\"@id\":\"https:\\\/\\\/www.biopapa.lt\\\/en\\\/produktas\\\/organic-ylang-ylang-essential-oil-10-ml-alteya\\\/#primaryimage\"},\"thumbnailUrl\":\"https:\\\/\\\/www.biopapa.lt\\\/wp-content\\\/uploads\\\/2024\\\/07\\\/Ekologiskas-ylang-ylang-kanangu-eterinis-aliejus-10-ml.jpg\",\"datePublished\":\"2024-07-09T10:35:42+00:00\",\"dateModified\":\"2026-03-07T23:06:56+00:00\",\"description\":\"When used in aromatherapy, Ylang Ylang oil is believed to provide a sense of calm, relieving stress and tension. It is also known as a powerful aphrodisiac.\",\"breadcrumb\":{\"@id\":\"https:\\\/\\\/www.biopapa.lt\\\/en\\\/produktas\\\/organic-ylang-ylang-essential-oil-10-ml-alteya\\\/#breadcrumb\"},\"inLanguage\":\"en-US\",\"potentialAction\":[{\"@type\":\"ReadAction\",\"target\":[\"https:\\\/\\\/www.biopapa.lt\\\/en\\\/produktas\\\/organic-ylang-ylang-essential-oil-10-ml-alteya\\\/\"]}]},{\"@type\":\"ImageObject\",\"inLanguage\":\"en-US\",\"@id\":\"https:\\\/\\\/www.biopapa.lt\\\/en\\\/produktas\\\/organic-ylang-ylang-essential-oil-10-ml-alteya\\\/#primaryimage\",\"url\":\"https:\\\/\\\/www.biopapa.lt\\\/wp-content\\\/uploads\\\/2024\\\/07\\\/Ekologiskas-ylang-ylang-kanangu-eterinis-aliejus-10-ml.jpg\",\"contentUrl\":\"https:\\\/\\\/www.biopapa.lt\\\/wp-content\\\/uploads\\\/2024\\\/07\\\/Ekologiskas-ylang-ylang-kanangu-eterinis-aliejus-10-ml.jpg\",\"width\":800,\"height\":640,\"caption\":\"Organic Ylang Ylang Essential Oil, 10 ml\"},{\"@type\":\"BreadcrumbList\",\"@id\":\"https:\\\/\\\/www.biopapa.lt\\\/en\\\/produktas\\\/organic-ylang-ylang-essential-oil-10-ml-alteya\\\/#breadcrumb\",\"itemListElement\":[{\"@type\":\"ListItem\",\"position\":1,\"name\":\"Home\",\"item\":\"https:\\\/\\\/www.biopapa.lt\\\/en\\\/\"},{\"@type\":\"ListItem\",\"position\":2,\"name\":\"Shop\",\"item\":\"https:\\\/\\\/www.biopapa.lt\\\/en\\\/shop\\\/\"},{\"@type\":\"ListItem\",\"position\":3,\"name\":\"Organic ylang ylang essential oil, 10 ml, ALTEYA\"}]},{\"@type\":\"WebSite\",\"@id\":\"https:\\\/\\\/www.biopapa.lt\\\/#website\",\"url\":\"https:\\\/\\\/www.biopapa.lt\\\/\",\"name\":\"Biopapa\",\"description\":\"\u0160var\u016bs ekologi\u0161ki produktai\",\"publisher\":{\"@id\":\"https:\\\/\\\/www.biopapa.lt\\\/#organization\"},\"potentialAction\":[{\"@type\":\"SearchAction\",\"target\":{\"@type\":\"EntryPoint\",\"urlTemplate\":\"https:\\\/\\\/www.biopapa.lt\\\/?s={search_term_string}\"},\"query-input\":{\"@type\":\"PropertyValueSpecification\",\"valueRequired\":true,\"valueName\":\"search_term_string\"}}],\"inLanguage\":\"en-US\"},{\"@type\":\"Organization\",\"@id\":\"https:\\\/\\\/www.biopapa.lt\\\/#organization\",\"name\":\"Biopapa\",\"url\":\"https:\\\/\\\/www.biopapa.lt\\\/\",\"logo\":{\"@type\":\"ImageObject\",\"inLanguage\":\"en-US\",\"@id\":\"https:\\\/\\\/www.biopapa.lt\\\/#\\\/schema\\\/logo\\\/image\\\/\",\"url\":\"https:\\\/\\\/www.biopapa.lt\\\/wp-content\\\/uploads\\\/2022\\\/04\\\/facebook_biopapa.jpg\",\"contentUrl\":\"https:\\\/\\\/www.biopapa.lt\\\/wp-content\\\/uploads\\\/2022\\\/04\\\/facebook_biopapa.jpg\",\"width\":1733,\"height\":907,\"caption\":\"Biopapa\"},\"image\":{\"@id\":\"https:\\\/\\\/www.biopapa.lt\\\/#\\\/schema\\\/logo\\\/image\\\/\"},\"sameAs\":[\"https:\\\/\\\/www.facebook.com\\\/biopapa.lt\"]}]}<\/script>\n<!-- \/ Yoast SEO plugin. -->","yoast_head_json":{"title":"Organic ylang ylang essential oil, 10 ml, ALTEYA - Biopapa","description":"When used in aromatherapy, Ylang Ylang oil is believed to provide a sense of calm, relieving stress and tension. It is also known as a powerful aphrodisiac.","robots":{"index":"index","follow":"follow","max-snippet":"max-snippet:-1","max-image-preview":"max-image-preview:large","max-video-preview":"max-video-preview:-1"},"canonical":"https:\/\/www.biopapa.lt\/en\/produktas\/organic-ylang-ylang-essential-oil-10-ml-alteya\/","og_locale":"en_US","og_type":"article","og_title":"Organic ylang ylang essential oil, 10 ml, ALTEYA - Biopapa","og_description":"When used in aromatherapy, Ylang Ylang oil is believed to provide a sense of calm, relieving stress and tension. It is also known as a powerful aphrodisiac.","og_url":"https:\/\/www.biopapa.lt\/en\/produktas\/organic-ylang-ylang-essential-oil-10-ml-alteya\/","og_site_name":"Biopapa","article_publisher":"https:\/\/www.facebook.com\/biopapa.lt","article_modified_time":"2026-03-07T23:06:56+00:00","og_image":[{"width":800,"height":640,"url":"https:\/\/www.biopapa.lt\/wp-content\/uploads\/2024\/07\/Ekologiskas-ylang-ylang-kanangu-eterinis-aliejus-10-ml.jpg","type":"image\/jpeg"}],"twitter_card":"summary_large_image","schema":{"@context":"https:\/\/schema.org","@graph":[{"@type":"WebPage","@id":"https:\/\/www.biopapa.lt\/en\/produktas\/organic-ylang-ylang-essential-oil-10-ml-alteya\/","url":"https:\/\/www.biopapa.lt\/en\/produktas\/organic-ylang-ylang-essential-oil-10-ml-alteya\/","name":"Organic ylang ylang essential oil, 10 ml, ALTEYA - Biopapa","isPartOf":{"@id":"https:\/\/www.biopapa.lt\/#website"},"primaryImageOfPage":{"@id":"https:\/\/www.biopapa.lt\/en\/produktas\/organic-ylang-ylang-essential-oil-10-ml-alteya\/#primaryimage"},"image":{"@id":"https:\/\/www.biopapa.lt\/en\/produktas\/organic-ylang-ylang-essential-oil-10-ml-alteya\/#primaryimage"},"thumbnailUrl":"https:\/\/www.biopapa.lt\/wp-content\/uploads\/2024\/07\/Ekologiskas-ylang-ylang-kanangu-eterinis-aliejus-10-ml.jpg","datePublished":"2024-07-09T10:35:42+00:00","dateModified":"2026-03-07T23:06:56+00:00","description":"When used in aromatherapy, Ylang Ylang oil is believed to provide a sense of calm, relieving stress and tension. It is also known as a powerful aphrodisiac.","breadcrumb":{"@id":"https:\/\/www.biopapa.lt\/en\/produktas\/organic-ylang-ylang-essential-oil-10-ml-alteya\/#breadcrumb"},"inLanguage":"en-US","potentialAction":[{"@type":"ReadAction","target":["https:\/\/www.biopapa.lt\/en\/produktas\/organic-ylang-ylang-essential-oil-10-ml-alteya\/"]}]},{"@type":"ImageObject","inLanguage":"en-US","@id":"https:\/\/www.biopapa.lt\/en\/produktas\/organic-ylang-ylang-essential-oil-10-ml-alteya\/#primaryimage","url":"https:\/\/www.biopapa.lt\/wp-content\/uploads\/2024\/07\/Ekologiskas-ylang-ylang-kanangu-eterinis-aliejus-10-ml.jpg","contentUrl":"https:\/\/www.biopapa.lt\/wp-content\/uploads\/2024\/07\/Ekologiskas-ylang-ylang-kanangu-eterinis-aliejus-10-ml.jpg","width":800,"height":640,"caption":"Organic Ylang Ylang Essential Oil, 10 ml"},{"@type":"BreadcrumbList","@id":"https:\/\/www.biopapa.lt\/en\/produktas\/organic-ylang-ylang-essential-oil-10-ml-alteya\/#breadcrumb","itemListElement":[{"@type":"ListItem","position":1,"name":"Home","item":"https:\/\/www.biopapa.lt\/en\/"},{"@type":"ListItem","position":2,"name":"Shop","item":"https:\/\/www.biopapa.lt\/en\/shop\/"},{"@type":"ListItem","position":3,"name":"Organic ylang ylang essential oil, 10 ml, ALTEYA"}]},{"@type":"WebSite","@id":"https:\/\/www.biopapa.lt\/#website","url":"https:\/\/www.biopapa.lt\/","name":"Biopapa","description":"\u0160var\u016bs ekologi\u0161ki produktai","publisher":{"@id":"https:\/\/www.biopapa.lt\/#organization"},"potentialAction":[{"@type":"SearchAction","target":{"@type":"EntryPoint","urlTemplate":"https:\/\/www.biopapa.lt\/?s={search_term_string}"},"query-input":{"@type":"PropertyValueSpecification","valueRequired":true,"valueName":"search_term_string"}}],"inLanguage":"en-US"},{"@type":"Organization","@id":"https:\/\/www.biopapa.lt\/#organization","name":"Biopapa","url":"https:\/\/www.biopapa.lt\/","logo":{"@type":"ImageObject","inLanguage":"en-US","@id":"https:\/\/www.biopapa.lt\/#\/schema\/logo\/image\/","url":"https:\/\/www.biopapa.lt\/wp-content\/uploads\/2022\/04\/facebook_biopapa.jpg","contentUrl":"https:\/\/www.biopapa.lt\/wp-content\/uploads\/2022\/04\/facebook_biopapa.jpg","width":1733,"height":907,"caption":"Biopapa"},"image":{"@id":"https:\/\/www.biopapa.lt\/#\/schema\/logo\/image\/"},"sameAs":["https:\/\/www.facebook.com\/biopapa.lt"]}]}},"_links":{"self":[{"href":"https:\/\/www.biopapa.lt\/en\/wp-json\/wp\/v2\/product\/53273","targetHints":{"allow":["GET"]}}],"collection":[{"href":"https:\/\/www.biopapa.lt\/en\/wp-json\/wp\/v2\/product"}],"about":[{"href":"https:\/\/www.biopapa.lt\/en\/wp-json\/wp\/v2\/types\/product"}],"wp:featuredmedia":[{"embeddable":true,"href":"https:\/\/www.biopapa.lt\/en\/wp-json\/wp\/v2\/media\/53277"}],"wp:attachment":[{"href":"https:\/\/www.biopapa.lt\/en\/wp-json\/wp\/v2\/media?parent=53273"}],"wp:term":[{"taxonomy":"product_brand","embeddable":true,"href":"https:\/\/www.biopapa.lt\/en\/wp-json\/wp\/v2\/product_brand?post=53273"},{"taxonomy":"product_cat","embeddable":true,"href":"https:\/\/www.biopapa.lt\/en\/wp-json\/wp\/v2\/product_cat?post=53273"},{"taxonomy":"product_tag","embeddable":true,"href":"https:\/\/www.biopapa.lt\/en\/wp-json\/wp\/v2\/product_tag?post=53273"}],"curies":[{"name":"wp","href":"https:\/\/api.w.org\/{rel}","templated":true}]}}