{"id":53263,"date":"2024-07-09T13:15:47","date_gmt":"2024-07-09T10:15:47","guid":{"rendered":"https:\/\/www.biopapa.lt\/?post_type=product&#038;p=53263"},"modified":"2026-03-08T01:06:31","modified_gmt":"2026-03-07T23:06:31","slug":"organic-patchouli-essential-oil-10-ml-alteya","status":"publish","type":"product","link":"https:\/\/www.biopapa.lt\/en\/produktas\/organic-patchouli-essential-oil-10-ml-alteya\/","title":{"rendered":"Organic patchouli essential oil, 10 ml, ALTEYA"},"content":{"rendered":"<p><strong>Organic patchouli essential oil, 10 ml, ALTEYA<\/strong><br \/>\nPatchouli essential oil is extracted by steam distillation from the <em>Pogostemon cablin<\/em> plant, a member of the <em>Labiatae<\/em> family.<br \/>\nPatchouli essential oil is highly valued in the perfumery industry. It is even believed to improve its properties over time if obtained from quality raw materials and stored properly.<br \/>\nUsed in aromatherapy, patchouli oil is known for its ability to remove odours from rooms and to balance emotions.  The soothing aroma stimulates the release of pleasure hormones such as serotonin and dopamine, thereby improving negative moods and increasing feelings of relaxation. It is believed to act as an aphrodisiac, stimulating sensory energy and increasing libido.<br \/>\nThe astringent properties of patchouli oil help to prevent premature skin sagging and hair loss. Its ability to stimulate new skin growth makes it suitable for use on cuts, scars, stretch marks, etc.<\/p>\n<p><i>Attention<br \/>\n<\/i>For external use only. Always dilute. May cause skin sensitivity. Keep out of the reach of children. If you are pregnant, breastfeeding or under the care of a doctor, consult your doctor. Avoid contact with eyes, mucous membranes and sensitive areas, inner parts of ears.<\/p>\n","protected":false},"excerpt":{"rendered":"<p>Organic patchouli essential oil, 10 ml, ALTEYA Patchouli essential oil is extracted by steam distillation from the Pogostemon cablin plant,<\/p>\n","protected":false},"featured_media":53267,"template":"","meta":{"_acf_changed":false},"product_brand":[],"product_cat":[2503,1962,1850,1988,1992],"product_tag":[2026,2044,2088],"class_list":{"0":"post-53263","1":"product","2":"type-product","3":"status-publish","4":"has-post-thumbnail","6":"product_cat-aromatherapy","7":"product_cat-beauty-and-hygiene","8":"product_cat-essential-oils","9":"product_cat-home","10":"product_cat-home-scent","11":"product_tag-aromatherapy","12":"product_tag-essential-oil","13":"product_tag-vegan","15":"first","16":"instock","17":"shipping-taxable","18":"purchasable","19":"product-type-simple"},"acf":[],"yoast_head":"<!-- This site is optimized with the Yoast SEO plugin v27.5 - https:\/\/yoast.com\/product\/yoast-seo-wordpress\/ -->\n<title>Organic patchouli essential oil, 10 ml, ALTEYA - Biopapa<\/title>\n<meta name=\"description\" content=\"The astringent properties of patchouli essential oil help prevent premature sagging and hair loss.\" \/>\n<meta name=\"robots\" content=\"index, follow, max-snippet:-1, max-image-preview:large, max-video-preview:-1\" \/>\n<link rel=\"canonical\" href=\"https:\/\/www.biopapa.lt\/en\/produktas\/organic-patchouli-essential-oil-10-ml-alteya\/\" \/>\n<meta property=\"og:locale\" content=\"en_US\" \/>\n<meta property=\"og:type\" content=\"article\" \/>\n<meta property=\"og:title\" content=\"Organic patchouli essential oil, 10 ml, ALTEYA - Biopapa\" \/>\n<meta property=\"og:description\" content=\"The astringent properties of patchouli essential oil help prevent premature sagging and hair loss.\" \/>\n<meta property=\"og:url\" content=\"https:\/\/www.biopapa.lt\/en\/produktas\/organic-patchouli-essential-oil-10-ml-alteya\/\" \/>\n<meta property=\"og:site_name\" content=\"Biopapa\" \/>\n<meta property=\"article:publisher\" content=\"https:\/\/www.facebook.com\/biopapa.lt\" \/>\n<meta property=\"article:modified_time\" content=\"2026-03-07T23:06:31+00:00\" \/>\n<meta property=\"og:image\" content=\"https:\/\/www.biopapa.lt\/wp-content\/uploads\/2024\/07\/Ekologiskas-paciuliu-eterinis-aliejus-10-ml.jpg\" \/>\n\t<meta property=\"og:image:width\" content=\"800\" \/>\n\t<meta property=\"og:image:height\" content=\"640\" \/>\n\t<meta property=\"og:image:type\" content=\"image\/jpeg\" \/>\n<meta name=\"twitter:card\" content=\"summary_large_image\" \/>\n<script type=\"application\/ld+json\" class=\"yoast-schema-graph\">{\"@context\":\"https:\\\/\\\/schema.org\",\"@graph\":[{\"@type\":\"WebPage\",\"@id\":\"https:\\\/\\\/www.biopapa.lt\\\/en\\\/produktas\\\/organic-patchouli-essential-oil-10-ml-alteya\\\/\",\"url\":\"https:\\\/\\\/www.biopapa.lt\\\/en\\\/produktas\\\/organic-patchouli-essential-oil-10-ml-alteya\\\/\",\"name\":\"Organic patchouli essential oil, 10 ml, ALTEYA - Biopapa\",\"isPartOf\":{\"@id\":\"https:\\\/\\\/www.biopapa.lt\\\/#website\"},\"primaryImageOfPage\":{\"@id\":\"https:\\\/\\\/www.biopapa.lt\\\/en\\\/produktas\\\/organic-patchouli-essential-oil-10-ml-alteya\\\/#primaryimage\"},\"image\":{\"@id\":\"https:\\\/\\\/www.biopapa.lt\\\/en\\\/produktas\\\/organic-patchouli-essential-oil-10-ml-alteya\\\/#primaryimage\"},\"thumbnailUrl\":\"https:\\\/\\\/www.biopapa.lt\\\/wp-content\\\/uploads\\\/2024\\\/07\\\/Ekologiskas-paciuliu-eterinis-aliejus-10-ml.jpg\",\"datePublished\":\"2024-07-09T10:15:47+00:00\",\"dateModified\":\"2026-03-07T23:06:31+00:00\",\"description\":\"The astringent properties of patchouli essential oil help prevent premature sagging and hair loss.\",\"breadcrumb\":{\"@id\":\"https:\\\/\\\/www.biopapa.lt\\\/en\\\/produktas\\\/organic-patchouli-essential-oil-10-ml-alteya\\\/#breadcrumb\"},\"inLanguage\":\"en-US\",\"potentialAction\":[{\"@type\":\"ReadAction\",\"target\":[\"https:\\\/\\\/www.biopapa.lt\\\/en\\\/produktas\\\/organic-patchouli-essential-oil-10-ml-alteya\\\/\"]}]},{\"@type\":\"ImageObject\",\"inLanguage\":\"en-US\",\"@id\":\"https:\\\/\\\/www.biopapa.lt\\\/en\\\/produktas\\\/organic-patchouli-essential-oil-10-ml-alteya\\\/#primaryimage\",\"url\":\"https:\\\/\\\/www.biopapa.lt\\\/wp-content\\\/uploads\\\/2024\\\/07\\\/Ekologiskas-paciuliu-eterinis-aliejus-10-ml.jpg\",\"contentUrl\":\"https:\\\/\\\/www.biopapa.lt\\\/wp-content\\\/uploads\\\/2024\\\/07\\\/Ekologiskas-paciuliu-eterinis-aliejus-10-ml.jpg\",\"width\":800,\"height\":640,\"caption\":\"Organic patchouli essential oil, 10 ml\"},{\"@type\":\"BreadcrumbList\",\"@id\":\"https:\\\/\\\/www.biopapa.lt\\\/en\\\/produktas\\\/organic-patchouli-essential-oil-10-ml-alteya\\\/#breadcrumb\",\"itemListElement\":[{\"@type\":\"ListItem\",\"position\":1,\"name\":\"Home\",\"item\":\"https:\\\/\\\/www.biopapa.lt\\\/en\\\/\"},{\"@type\":\"ListItem\",\"position\":2,\"name\":\"Shop\",\"item\":\"https:\\\/\\\/www.biopapa.lt\\\/en\\\/shop\\\/\"},{\"@type\":\"ListItem\",\"position\":3,\"name\":\"Organic patchouli essential oil, 10 ml, ALTEYA\"}]},{\"@type\":\"WebSite\",\"@id\":\"https:\\\/\\\/www.biopapa.lt\\\/#website\",\"url\":\"https:\\\/\\\/www.biopapa.lt\\\/\",\"name\":\"Biopapa\",\"description\":\"\u0160var\u016bs ekologi\u0161ki produktai\",\"publisher\":{\"@id\":\"https:\\\/\\\/www.biopapa.lt\\\/#organization\"},\"potentialAction\":[{\"@type\":\"SearchAction\",\"target\":{\"@type\":\"EntryPoint\",\"urlTemplate\":\"https:\\\/\\\/www.biopapa.lt\\\/?s={search_term_string}\"},\"query-input\":{\"@type\":\"PropertyValueSpecification\",\"valueRequired\":true,\"valueName\":\"search_term_string\"}}],\"inLanguage\":\"en-US\"},{\"@type\":\"Organization\",\"@id\":\"https:\\\/\\\/www.biopapa.lt\\\/#organization\",\"name\":\"Biopapa\",\"url\":\"https:\\\/\\\/www.biopapa.lt\\\/\",\"logo\":{\"@type\":\"ImageObject\",\"inLanguage\":\"en-US\",\"@id\":\"https:\\\/\\\/www.biopapa.lt\\\/#\\\/schema\\\/logo\\\/image\\\/\",\"url\":\"https:\\\/\\\/www.biopapa.lt\\\/wp-content\\\/uploads\\\/2022\\\/04\\\/facebook_biopapa.jpg\",\"contentUrl\":\"https:\\\/\\\/www.biopapa.lt\\\/wp-content\\\/uploads\\\/2022\\\/04\\\/facebook_biopapa.jpg\",\"width\":1733,\"height\":907,\"caption\":\"Biopapa\"},\"image\":{\"@id\":\"https:\\\/\\\/www.biopapa.lt\\\/#\\\/schema\\\/logo\\\/image\\\/\"},\"sameAs\":[\"https:\\\/\\\/www.facebook.com\\\/biopapa.lt\"]}]}<\/script>\n<!-- \/ Yoast SEO plugin. -->","yoast_head_json":{"title":"Organic patchouli essential oil, 10 ml, ALTEYA - Biopapa","description":"The astringent properties of patchouli essential oil help prevent premature sagging and hair loss.","robots":{"index":"index","follow":"follow","max-snippet":"max-snippet:-1","max-image-preview":"max-image-preview:large","max-video-preview":"max-video-preview:-1"},"canonical":"https:\/\/www.biopapa.lt\/en\/produktas\/organic-patchouli-essential-oil-10-ml-alteya\/","og_locale":"en_US","og_type":"article","og_title":"Organic patchouli essential oil, 10 ml, ALTEYA - Biopapa","og_description":"The astringent properties of patchouli essential oil help prevent premature sagging and hair loss.","og_url":"https:\/\/www.biopapa.lt\/en\/produktas\/organic-patchouli-essential-oil-10-ml-alteya\/","og_site_name":"Biopapa","article_publisher":"https:\/\/www.facebook.com\/biopapa.lt","article_modified_time":"2026-03-07T23:06:31+00:00","og_image":[{"width":800,"height":640,"url":"https:\/\/www.biopapa.lt\/wp-content\/uploads\/2024\/07\/Ekologiskas-paciuliu-eterinis-aliejus-10-ml.jpg","type":"image\/jpeg"}],"twitter_card":"summary_large_image","schema":{"@context":"https:\/\/schema.org","@graph":[{"@type":"WebPage","@id":"https:\/\/www.biopapa.lt\/en\/produktas\/organic-patchouli-essential-oil-10-ml-alteya\/","url":"https:\/\/www.biopapa.lt\/en\/produktas\/organic-patchouli-essential-oil-10-ml-alteya\/","name":"Organic patchouli essential oil, 10 ml, ALTEYA - Biopapa","isPartOf":{"@id":"https:\/\/www.biopapa.lt\/#website"},"primaryImageOfPage":{"@id":"https:\/\/www.biopapa.lt\/en\/produktas\/organic-patchouli-essential-oil-10-ml-alteya\/#primaryimage"},"image":{"@id":"https:\/\/www.biopapa.lt\/en\/produktas\/organic-patchouli-essential-oil-10-ml-alteya\/#primaryimage"},"thumbnailUrl":"https:\/\/www.biopapa.lt\/wp-content\/uploads\/2024\/07\/Ekologiskas-paciuliu-eterinis-aliejus-10-ml.jpg","datePublished":"2024-07-09T10:15:47+00:00","dateModified":"2026-03-07T23:06:31+00:00","description":"The astringent properties of patchouli essential oil help prevent premature sagging and hair loss.","breadcrumb":{"@id":"https:\/\/www.biopapa.lt\/en\/produktas\/organic-patchouli-essential-oil-10-ml-alteya\/#breadcrumb"},"inLanguage":"en-US","potentialAction":[{"@type":"ReadAction","target":["https:\/\/www.biopapa.lt\/en\/produktas\/organic-patchouli-essential-oil-10-ml-alteya\/"]}]},{"@type":"ImageObject","inLanguage":"en-US","@id":"https:\/\/www.biopapa.lt\/en\/produktas\/organic-patchouli-essential-oil-10-ml-alteya\/#primaryimage","url":"https:\/\/www.biopapa.lt\/wp-content\/uploads\/2024\/07\/Ekologiskas-paciuliu-eterinis-aliejus-10-ml.jpg","contentUrl":"https:\/\/www.biopapa.lt\/wp-content\/uploads\/2024\/07\/Ekologiskas-paciuliu-eterinis-aliejus-10-ml.jpg","width":800,"height":640,"caption":"Organic patchouli essential oil, 10 ml"},{"@type":"BreadcrumbList","@id":"https:\/\/www.biopapa.lt\/en\/produktas\/organic-patchouli-essential-oil-10-ml-alteya\/#breadcrumb","itemListElement":[{"@type":"ListItem","position":1,"name":"Home","item":"https:\/\/www.biopapa.lt\/en\/"},{"@type":"ListItem","position":2,"name":"Shop","item":"https:\/\/www.biopapa.lt\/en\/shop\/"},{"@type":"ListItem","position":3,"name":"Organic patchouli essential oil, 10 ml, ALTEYA"}]},{"@type":"WebSite","@id":"https:\/\/www.biopapa.lt\/#website","url":"https:\/\/www.biopapa.lt\/","name":"Biopapa","description":"\u0160var\u016bs ekologi\u0161ki produktai","publisher":{"@id":"https:\/\/www.biopapa.lt\/#organization"},"potentialAction":[{"@type":"SearchAction","target":{"@type":"EntryPoint","urlTemplate":"https:\/\/www.biopapa.lt\/?s={search_term_string}"},"query-input":{"@type":"PropertyValueSpecification","valueRequired":true,"valueName":"search_term_string"}}],"inLanguage":"en-US"},{"@type":"Organization","@id":"https:\/\/www.biopapa.lt\/#organization","name":"Biopapa","url":"https:\/\/www.biopapa.lt\/","logo":{"@type":"ImageObject","inLanguage":"en-US","@id":"https:\/\/www.biopapa.lt\/#\/schema\/logo\/image\/","url":"https:\/\/www.biopapa.lt\/wp-content\/uploads\/2022\/04\/facebook_biopapa.jpg","contentUrl":"https:\/\/www.biopapa.lt\/wp-content\/uploads\/2022\/04\/facebook_biopapa.jpg","width":1733,"height":907,"caption":"Biopapa"},"image":{"@id":"https:\/\/www.biopapa.lt\/#\/schema\/logo\/image\/"},"sameAs":["https:\/\/www.facebook.com\/biopapa.lt"]}]}},"_links":{"self":[{"href":"https:\/\/www.biopapa.lt\/en\/wp-json\/wp\/v2\/product\/53263","targetHints":{"allow":["GET"]}}],"collection":[{"href":"https:\/\/www.biopapa.lt\/en\/wp-json\/wp\/v2\/product"}],"about":[{"href":"https:\/\/www.biopapa.lt\/en\/wp-json\/wp\/v2\/types\/product"}],"wp:featuredmedia":[{"embeddable":true,"href":"https:\/\/www.biopapa.lt\/en\/wp-json\/wp\/v2\/media\/53267"}],"wp:attachment":[{"href":"https:\/\/www.biopapa.lt\/en\/wp-json\/wp\/v2\/media?parent=53263"}],"wp:term":[{"taxonomy":"product_brand","embeddable":true,"href":"https:\/\/www.biopapa.lt\/en\/wp-json\/wp\/v2\/product_brand?post=53263"},{"taxonomy":"product_cat","embeddable":true,"href":"https:\/\/www.biopapa.lt\/en\/wp-json\/wp\/v2\/product_cat?post=53263"},{"taxonomy":"product_tag","embeddable":true,"href":"https:\/\/www.biopapa.lt\/en\/wp-json\/wp\/v2\/product_tag?post=53263"}],"curies":[{"name":"wp","href":"https:\/\/api.w.org\/{rel}","templated":true}]}}