{"id":53244,"date":"2024-07-09T12:25:00","date_gmt":"2024-07-09T09:25:00","guid":{"rendered":"https:\/\/www.biopapa.lt\/?post_type=product&#038;p=53244"},"modified":"2026-03-08T01:06:05","modified_gmt":"2026-03-07T23:06:05","slug":"organic-lavender-essential-oil-10-ml-alteya","status":"publish","type":"product","link":"https:\/\/www.biopapa.lt\/en\/produktas\/organic-lavender-essential-oil-10-ml-alteya\/","title":{"rendered":"Organic lavender essential oil, 10 ml, ALTEYA"},"content":{"rendered":"<p><strong>Organic Lavender Essential Oil, 10 ml, ALTEYA<\/strong><br \/>\nOur organic Bulgarian Lavender Essential Oil is extracted by steam distillation from the <em>Lavandula Angustifolia<\/em> (also known as Lavandula Officinalis, Spica and Vera) plant, which is part of the <em>Lamiaceae<\/em> family.<br \/>\n This high quality organic lavender oil has excellent therapeutic and aromatic properties due to the specific geographical and climatic conditions in the Rose Valley of Bulgaria.<br \/>\nLavender oil is one of the most loved essential oils due to its many beneficial properties, its versatility and its pleasant aroma.  It is also considered one of the safest essential oils.<br \/>\nLavender essential oil can remove some harmful bacteria, disinfect and soothe the skin (especially from insect bites), and promote faster healing of wounded skin (after burns). Thanks to its strong antioxidant activity, it helps to improve the appearance of the skin by protecting it from harmful free radicals.<br \/>\nWhen used in hair care, lavender oil acts as an antiseptic that cleanses the scalp and helps fight inflammation, irritation and dandruff.<br \/>\nWhen added to a massage oil blend, this soothing oil can help relieve muscle tension, menstrual pain and headaches.<br \/>\nIt is believed that lavender oil may have a positive effect on depression in some people by balancing hormone levels and reducing nervous tension. Due to its soothing and relaxing properties, lavender oil can also contribute positively to the duration and quality of sleep.<\/p>\n<p>In aromatherapy, Bulgarian lavender oil blends well with bergamot, grapefruit, lemongrass, sweet orange, neroli, neroli, ylang-ylang, palmarosa, Roman chamomile, frankincense, frankincense, cedarwood, beaked spearmint, black pepper, and other oils.<\/p>\n<p><i>Attention<br \/>\n<\/i>For external use only. Always dilute. May cause skin sensitivity. Keep out of the reach of children. If you are pregnant, breastfeeding or under the care of a doctor, consult your doctor. Avoid contact with eyes, mucous membranes and sensitive areas, inner parts of ears.<\/p>\n","protected":false},"excerpt":{"rendered":"<p>Organic Lavender Essential Oil, 10 ml, ALTEYA Our organic Bulgarian Lavender Essential Oil is extracted by steam distillation from the<\/p>\n","protected":false},"featured_media":53247,"template":"","meta":{"_acf_changed":false},"product_brand":[],"product_cat":[2503,1962,1850,1988,1992],"product_tag":[2026,2044,2088],"class_list":{"0":"post-53244","1":"product","2":"type-product","3":"status-publish","4":"has-post-thumbnail","6":"product_cat-aromatherapy","7":"product_cat-beauty-and-hygiene","8":"product_cat-essential-oils","9":"product_cat-home","10":"product_cat-home-scent","11":"product_tag-aromatherapy","12":"product_tag-essential-oil","13":"product_tag-vegan","15":"first","16":"instock","17":"shipping-taxable","18":"purchasable","19":"product-type-simple"},"acf":[],"yoast_head":"<!-- This site is optimized with the Yoast SEO plugin v27.5 - https:\/\/yoast.com\/product\/yoast-seo-wordpress\/ -->\n<title>Organic lavender essential oil, 10 ml, ALTEYA - Biopapa<\/title>\n<meta name=\"description\" content=\"High-quality organic lavender oil has excellent therapeutic and aromatic properties due to the specific geographical and climatic conditions in the Bulgarian Rose Valley.\" \/>\n<meta name=\"robots\" content=\"index, follow, max-snippet:-1, max-image-preview:large, max-video-preview:-1\" \/>\n<link rel=\"canonical\" href=\"https:\/\/www.biopapa.lt\/en\/produktas\/organic-lavender-essential-oil-10-ml-alteya\/\" \/>\n<meta property=\"og:locale\" content=\"en_US\" \/>\n<meta property=\"og:type\" content=\"article\" \/>\n<meta property=\"og:title\" content=\"Organic lavender essential oil, 10 ml, ALTEYA - Biopapa\" \/>\n<meta property=\"og:description\" content=\"High-quality organic lavender oil has excellent therapeutic and aromatic properties due to the specific geographical and climatic conditions in the Bulgarian Rose Valley.\" \/>\n<meta property=\"og:url\" content=\"https:\/\/www.biopapa.lt\/en\/produktas\/organic-lavender-essential-oil-10-ml-alteya\/\" \/>\n<meta property=\"og:site_name\" content=\"Biopapa\" \/>\n<meta property=\"article:publisher\" content=\"https:\/\/www.facebook.com\/biopapa.lt\" \/>\n<meta property=\"article:modified_time\" content=\"2026-03-07T23:06:05+00:00\" \/>\n<meta property=\"og:image\" content=\"https:\/\/www.biopapa.lt\/wp-content\/uploads\/2024\/07\/Ekologiskas-tikruju-levandu-eterinis-aliejus-10-ml.jpg\" \/>\n\t<meta property=\"og:image:width\" content=\"800\" \/>\n\t<meta property=\"og:image:height\" content=\"640\" \/>\n\t<meta property=\"og:image:type\" content=\"image\/jpeg\" \/>\n<meta name=\"twitter:card\" content=\"summary_large_image\" \/>\n<script type=\"application\/ld+json\" class=\"yoast-schema-graph\">{\"@context\":\"https:\\\/\\\/schema.org\",\"@graph\":[{\"@type\":\"WebPage\",\"@id\":\"https:\\\/\\\/www.biopapa.lt\\\/en\\\/produktas\\\/organic-lavender-essential-oil-10-ml-alteya\\\/\",\"url\":\"https:\\\/\\\/www.biopapa.lt\\\/en\\\/produktas\\\/organic-lavender-essential-oil-10-ml-alteya\\\/\",\"name\":\"Organic lavender essential oil, 10 ml, ALTEYA - Biopapa\",\"isPartOf\":{\"@id\":\"https:\\\/\\\/www.biopapa.lt\\\/#website\"},\"primaryImageOfPage\":{\"@id\":\"https:\\\/\\\/www.biopapa.lt\\\/en\\\/produktas\\\/organic-lavender-essential-oil-10-ml-alteya\\\/#primaryimage\"},\"image\":{\"@id\":\"https:\\\/\\\/www.biopapa.lt\\\/en\\\/produktas\\\/organic-lavender-essential-oil-10-ml-alteya\\\/#primaryimage\"},\"thumbnailUrl\":\"https:\\\/\\\/www.biopapa.lt\\\/wp-content\\\/uploads\\\/2024\\\/07\\\/Ekologiskas-tikruju-levandu-eterinis-aliejus-10-ml.jpg\",\"datePublished\":\"2024-07-09T09:25:00+00:00\",\"dateModified\":\"2026-03-07T23:06:05+00:00\",\"description\":\"High-quality organic lavender oil has excellent therapeutic and aromatic properties due to the specific geographical and climatic conditions in the Bulgarian Rose Valley.\",\"breadcrumb\":{\"@id\":\"https:\\\/\\\/www.biopapa.lt\\\/en\\\/produktas\\\/organic-lavender-essential-oil-10-ml-alteya\\\/#breadcrumb\"},\"inLanguage\":\"en-US\",\"potentialAction\":[{\"@type\":\"ReadAction\",\"target\":[\"https:\\\/\\\/www.biopapa.lt\\\/en\\\/produktas\\\/organic-lavender-essential-oil-10-ml-alteya\\\/\"]}]},{\"@type\":\"ImageObject\",\"inLanguage\":\"en-US\",\"@id\":\"https:\\\/\\\/www.biopapa.lt\\\/en\\\/produktas\\\/organic-lavender-essential-oil-10-ml-alteya\\\/#primaryimage\",\"url\":\"https:\\\/\\\/www.biopapa.lt\\\/wp-content\\\/uploads\\\/2024\\\/07\\\/Ekologiskas-tikruju-levandu-eterinis-aliejus-10-ml.jpg\",\"contentUrl\":\"https:\\\/\\\/www.biopapa.lt\\\/wp-content\\\/uploads\\\/2024\\\/07\\\/Ekologiskas-tikruju-levandu-eterinis-aliejus-10-ml.jpg\",\"width\":800,\"height\":640},{\"@type\":\"BreadcrumbList\",\"@id\":\"https:\\\/\\\/www.biopapa.lt\\\/en\\\/produktas\\\/organic-lavender-essential-oil-10-ml-alteya\\\/#breadcrumb\",\"itemListElement\":[{\"@type\":\"ListItem\",\"position\":1,\"name\":\"Home\",\"item\":\"https:\\\/\\\/www.biopapa.lt\\\/en\\\/\"},{\"@type\":\"ListItem\",\"position\":2,\"name\":\"Shop\",\"item\":\"https:\\\/\\\/www.biopapa.lt\\\/en\\\/shop\\\/\"},{\"@type\":\"ListItem\",\"position\":3,\"name\":\"Organic lavender essential oil, 10 ml, ALTEYA\"}]},{\"@type\":\"WebSite\",\"@id\":\"https:\\\/\\\/www.biopapa.lt\\\/#website\",\"url\":\"https:\\\/\\\/www.biopapa.lt\\\/\",\"name\":\"Biopapa\",\"description\":\"\u0160var\u016bs ekologi\u0161ki produktai\",\"publisher\":{\"@id\":\"https:\\\/\\\/www.biopapa.lt\\\/#organization\"},\"potentialAction\":[{\"@type\":\"SearchAction\",\"target\":{\"@type\":\"EntryPoint\",\"urlTemplate\":\"https:\\\/\\\/www.biopapa.lt\\\/?s={search_term_string}\"},\"query-input\":{\"@type\":\"PropertyValueSpecification\",\"valueRequired\":true,\"valueName\":\"search_term_string\"}}],\"inLanguage\":\"en-US\"},{\"@type\":\"Organization\",\"@id\":\"https:\\\/\\\/www.biopapa.lt\\\/#organization\",\"name\":\"Biopapa\",\"url\":\"https:\\\/\\\/www.biopapa.lt\\\/\",\"logo\":{\"@type\":\"ImageObject\",\"inLanguage\":\"en-US\",\"@id\":\"https:\\\/\\\/www.biopapa.lt\\\/#\\\/schema\\\/logo\\\/image\\\/\",\"url\":\"https:\\\/\\\/www.biopapa.lt\\\/wp-content\\\/uploads\\\/2022\\\/04\\\/facebook_biopapa.jpg\",\"contentUrl\":\"https:\\\/\\\/www.biopapa.lt\\\/wp-content\\\/uploads\\\/2022\\\/04\\\/facebook_biopapa.jpg\",\"width\":1733,\"height\":907,\"caption\":\"Biopapa\"},\"image\":{\"@id\":\"https:\\\/\\\/www.biopapa.lt\\\/#\\\/schema\\\/logo\\\/image\\\/\"},\"sameAs\":[\"https:\\\/\\\/www.facebook.com\\\/biopapa.lt\"]}]}<\/script>\n<!-- \/ Yoast SEO plugin. -->","yoast_head_json":{"title":"Organic lavender essential oil, 10 ml, ALTEYA - Biopapa","description":"High-quality organic lavender oil has excellent therapeutic and aromatic properties due to the specific geographical and climatic conditions in the Bulgarian Rose Valley.","robots":{"index":"index","follow":"follow","max-snippet":"max-snippet:-1","max-image-preview":"max-image-preview:large","max-video-preview":"max-video-preview:-1"},"canonical":"https:\/\/www.biopapa.lt\/en\/produktas\/organic-lavender-essential-oil-10-ml-alteya\/","og_locale":"en_US","og_type":"article","og_title":"Organic lavender essential oil, 10 ml, ALTEYA - Biopapa","og_description":"High-quality organic lavender oil has excellent therapeutic and aromatic properties due to the specific geographical and climatic conditions in the Bulgarian Rose Valley.","og_url":"https:\/\/www.biopapa.lt\/en\/produktas\/organic-lavender-essential-oil-10-ml-alteya\/","og_site_name":"Biopapa","article_publisher":"https:\/\/www.facebook.com\/biopapa.lt","article_modified_time":"2026-03-07T23:06:05+00:00","og_image":[{"width":800,"height":640,"url":"https:\/\/www.biopapa.lt\/wp-content\/uploads\/2024\/07\/Ekologiskas-tikruju-levandu-eterinis-aliejus-10-ml.jpg","type":"image\/jpeg"}],"twitter_card":"summary_large_image","schema":{"@context":"https:\/\/schema.org","@graph":[{"@type":"WebPage","@id":"https:\/\/www.biopapa.lt\/en\/produktas\/organic-lavender-essential-oil-10-ml-alteya\/","url":"https:\/\/www.biopapa.lt\/en\/produktas\/organic-lavender-essential-oil-10-ml-alteya\/","name":"Organic lavender essential oil, 10 ml, ALTEYA - Biopapa","isPartOf":{"@id":"https:\/\/www.biopapa.lt\/#website"},"primaryImageOfPage":{"@id":"https:\/\/www.biopapa.lt\/en\/produktas\/organic-lavender-essential-oil-10-ml-alteya\/#primaryimage"},"image":{"@id":"https:\/\/www.biopapa.lt\/en\/produktas\/organic-lavender-essential-oil-10-ml-alteya\/#primaryimage"},"thumbnailUrl":"https:\/\/www.biopapa.lt\/wp-content\/uploads\/2024\/07\/Ekologiskas-tikruju-levandu-eterinis-aliejus-10-ml.jpg","datePublished":"2024-07-09T09:25:00+00:00","dateModified":"2026-03-07T23:06:05+00:00","description":"High-quality organic lavender oil has excellent therapeutic and aromatic properties due to the specific geographical and climatic conditions in the Bulgarian Rose Valley.","breadcrumb":{"@id":"https:\/\/www.biopapa.lt\/en\/produktas\/organic-lavender-essential-oil-10-ml-alteya\/#breadcrumb"},"inLanguage":"en-US","potentialAction":[{"@type":"ReadAction","target":["https:\/\/www.biopapa.lt\/en\/produktas\/organic-lavender-essential-oil-10-ml-alteya\/"]}]},{"@type":"ImageObject","inLanguage":"en-US","@id":"https:\/\/www.biopapa.lt\/en\/produktas\/organic-lavender-essential-oil-10-ml-alteya\/#primaryimage","url":"https:\/\/www.biopapa.lt\/wp-content\/uploads\/2024\/07\/Ekologiskas-tikruju-levandu-eterinis-aliejus-10-ml.jpg","contentUrl":"https:\/\/www.biopapa.lt\/wp-content\/uploads\/2024\/07\/Ekologiskas-tikruju-levandu-eterinis-aliejus-10-ml.jpg","width":800,"height":640},{"@type":"BreadcrumbList","@id":"https:\/\/www.biopapa.lt\/en\/produktas\/organic-lavender-essential-oil-10-ml-alteya\/#breadcrumb","itemListElement":[{"@type":"ListItem","position":1,"name":"Home","item":"https:\/\/www.biopapa.lt\/en\/"},{"@type":"ListItem","position":2,"name":"Shop","item":"https:\/\/www.biopapa.lt\/en\/shop\/"},{"@type":"ListItem","position":3,"name":"Organic lavender essential oil, 10 ml, ALTEYA"}]},{"@type":"WebSite","@id":"https:\/\/www.biopapa.lt\/#website","url":"https:\/\/www.biopapa.lt\/","name":"Biopapa","description":"\u0160var\u016bs ekologi\u0161ki produktai","publisher":{"@id":"https:\/\/www.biopapa.lt\/#organization"},"potentialAction":[{"@type":"SearchAction","target":{"@type":"EntryPoint","urlTemplate":"https:\/\/www.biopapa.lt\/?s={search_term_string}"},"query-input":{"@type":"PropertyValueSpecification","valueRequired":true,"valueName":"search_term_string"}}],"inLanguage":"en-US"},{"@type":"Organization","@id":"https:\/\/www.biopapa.lt\/#organization","name":"Biopapa","url":"https:\/\/www.biopapa.lt\/","logo":{"@type":"ImageObject","inLanguage":"en-US","@id":"https:\/\/www.biopapa.lt\/#\/schema\/logo\/image\/","url":"https:\/\/www.biopapa.lt\/wp-content\/uploads\/2022\/04\/facebook_biopapa.jpg","contentUrl":"https:\/\/www.biopapa.lt\/wp-content\/uploads\/2022\/04\/facebook_biopapa.jpg","width":1733,"height":907,"caption":"Biopapa"},"image":{"@id":"https:\/\/www.biopapa.lt\/#\/schema\/logo\/image\/"},"sameAs":["https:\/\/www.facebook.com\/biopapa.lt"]}]}},"_links":{"self":[{"href":"https:\/\/www.biopapa.lt\/en\/wp-json\/wp\/v2\/product\/53244","targetHints":{"allow":["GET"]}}],"collection":[{"href":"https:\/\/www.biopapa.lt\/en\/wp-json\/wp\/v2\/product"}],"about":[{"href":"https:\/\/www.biopapa.lt\/en\/wp-json\/wp\/v2\/types\/product"}],"wp:featuredmedia":[{"embeddable":true,"href":"https:\/\/www.biopapa.lt\/en\/wp-json\/wp\/v2\/media\/53247"}],"wp:attachment":[{"href":"https:\/\/www.biopapa.lt\/en\/wp-json\/wp\/v2\/media?parent=53244"}],"wp:term":[{"taxonomy":"product_brand","embeddable":true,"href":"https:\/\/www.biopapa.lt\/en\/wp-json\/wp\/v2\/product_brand?post=53244"},{"taxonomy":"product_cat","embeddable":true,"href":"https:\/\/www.biopapa.lt\/en\/wp-json\/wp\/v2\/product_cat?post=53244"},{"taxonomy":"product_tag","embeddable":true,"href":"https:\/\/www.biopapa.lt\/en\/wp-json\/wp\/v2\/product_tag?post=53244"}],"curies":[{"name":"wp","href":"https:\/\/api.w.org\/{rel}","templated":true}]}}