{"id":53234,"date":"2024-07-09T11:16:26","date_gmt":"2024-07-09T08:16:26","guid":{"rendered":"https:\/\/www.biopapa.lt\/?post_type=product&#038;p=53234"},"modified":"2026-03-08T01:05:39","modified_gmt":"2026-03-07T23:05:39","slug":"organic-eucalyptus-essential-oil-10-ml-alteya","status":"publish","type":"product","link":"https:\/\/www.biopapa.lt\/en\/produktas\/organic-eucalyptus-essential-oil-10-ml-alteya\/","title":{"rendered":"Organic Eucalyptus essential oil, 10 ml, ALTEYA"},"content":{"rendered":"<p><strong>Organic Eucalyptus essential oil, 10 ml, ALTEYA<\/strong><br \/>\nEucalyptus essential oil is extracted from the bark and leaves of the <em>Eucalyptus Globulus<\/em> tree using steam distillation.<br \/>\n Used in aromatherapy, Eucalyptus essential oil stimulates the mind and energises the body. It is also known to help relieve breathing during colds and flu and to kill harmful bacteria.<br \/>\nEucalyptus essential oil used in cosmetics has properties that stimulate skin regeneration processes.   It is also good for acne-prone skin, cleansing and disinfecting it.<br \/>\nIt can also soothe insect bites and stings and help wounds and cuts heal faster. When used in hair care, this oil moisturises and cleanses dry or itchy scalps.<\/p>\n<p>Eucalyptus oil is effective as a kitchen cleaner because of its antibacterial and antimicrobial properties.<\/p>\n<p>In aromatherapy, eucalyptus essential oil combines well with peppermint, spearmint, thyme, rosemary, pine, cedar, lavender, lemon and bergamot oils.<\/p>\n<p><em>Attention<\/em><br \/>\nFor external use only. Always dilute. May cause skin sensitivity. Keep out of the reach of children. If you are pregnant, breastfeeding or under the care of a doctor, consult your doctor. Avoid contact with eyes, mucous membranes and sensitive areas, inner parts of ears<\/p>\n","protected":false},"excerpt":{"rendered":"<p>Organic Eucalyptus essential oil, 10 ml, ALTEYA Eucalyptus essential oil is extracted from the bark and leaves of the Eucalyptus<\/p>\n","protected":false},"featured_media":53238,"template":"","meta":{"_acf_changed":false},"product_brand":[],"product_cat":[2503,1962,1850,1988,1992],"product_tag":[2026,2044,2088],"class_list":{"0":"post-53234","1":"product","2":"type-product","3":"status-publish","4":"has-post-thumbnail","6":"product_cat-aromatherapy","7":"product_cat-beauty-and-hygiene","8":"product_cat-essential-oils","9":"product_cat-home","10":"product_cat-home-scent","11":"product_tag-aromatherapy","12":"product_tag-essential-oil","13":"product_tag-vegan","15":"first","16":"instock","17":"shipping-taxable","18":"purchasable","19":"product-type-simple"},"acf":[],"yoast_head":"<!-- This site is optimized with the Yoast SEO plugin v27.5 - https:\/\/yoast.com\/product\/yoast-seo-wordpress\/ -->\n<title>Organic Eucalyptus essential oil, 10 ml, ALTEYA - Biopapa<\/title>\n<meta name=\"description\" content=\"Eucalyptus essential oil is extracted from the bark and leaves of the Eucalyptus Globulus tree using steam distillation. It is a clear liquid with a fresh, woody and therapeutic scent.\" \/>\n<meta name=\"robots\" content=\"index, follow, max-snippet:-1, max-image-preview:large, max-video-preview:-1\" \/>\n<link rel=\"canonical\" href=\"https:\/\/www.biopapa.lt\/en\/produktas\/organic-eucalyptus-essential-oil-10-ml-alteya\/\" \/>\n<meta property=\"og:locale\" content=\"en_US\" \/>\n<meta property=\"og:type\" content=\"article\" \/>\n<meta property=\"og:title\" content=\"Organic Eucalyptus essential oil, 10 ml, ALTEYA - Biopapa\" \/>\n<meta property=\"og:description\" content=\"Eucalyptus essential oil is extracted from the bark and leaves of the Eucalyptus Globulus tree using steam distillation. It is a clear liquid with a fresh, woody and therapeutic scent.\" \/>\n<meta property=\"og:url\" content=\"https:\/\/www.biopapa.lt\/en\/produktas\/organic-eucalyptus-essential-oil-10-ml-alteya\/\" \/>\n<meta property=\"og:site_name\" content=\"Biopapa\" \/>\n<meta property=\"article:publisher\" content=\"https:\/\/www.facebook.com\/biopapa.lt\" \/>\n<meta property=\"article:modified_time\" content=\"2026-03-07T23:05:39+00:00\" \/>\n<meta property=\"og:image\" content=\"https:\/\/www.biopapa.lt\/wp-content\/uploads\/2024\/07\/Ekologiskas-eukaliptu-eterinis-aliejus-10-ml.jpg\" \/>\n\t<meta property=\"og:image:width\" content=\"800\" \/>\n\t<meta property=\"og:image:height\" content=\"640\" \/>\n\t<meta property=\"og:image:type\" content=\"image\/jpeg\" \/>\n<meta name=\"twitter:card\" content=\"summary_large_image\" \/>\n<script type=\"application\/ld+json\" class=\"yoast-schema-graph\">{\"@context\":\"https:\\\/\\\/schema.org\",\"@graph\":[{\"@type\":\"WebPage\",\"@id\":\"https:\\\/\\\/www.biopapa.lt\\\/en\\\/produktas\\\/organic-eucalyptus-essential-oil-10-ml-alteya\\\/\",\"url\":\"https:\\\/\\\/www.biopapa.lt\\\/en\\\/produktas\\\/organic-eucalyptus-essential-oil-10-ml-alteya\\\/\",\"name\":\"Organic Eucalyptus essential oil, 10 ml, ALTEYA - Biopapa\",\"isPartOf\":{\"@id\":\"https:\\\/\\\/www.biopapa.lt\\\/#website\"},\"primaryImageOfPage\":{\"@id\":\"https:\\\/\\\/www.biopapa.lt\\\/en\\\/produktas\\\/organic-eucalyptus-essential-oil-10-ml-alteya\\\/#primaryimage\"},\"image\":{\"@id\":\"https:\\\/\\\/www.biopapa.lt\\\/en\\\/produktas\\\/organic-eucalyptus-essential-oil-10-ml-alteya\\\/#primaryimage\"},\"thumbnailUrl\":\"https:\\\/\\\/www.biopapa.lt\\\/wp-content\\\/uploads\\\/2024\\\/07\\\/Ekologiskas-eukaliptu-eterinis-aliejus-10-ml.jpg\",\"datePublished\":\"2024-07-09T08:16:26+00:00\",\"dateModified\":\"2026-03-07T23:05:39+00:00\",\"description\":\"Eucalyptus essential oil is extracted from the bark and leaves of the Eucalyptus Globulus tree using steam distillation. It is a clear liquid with a fresh, woody and therapeutic scent.\",\"breadcrumb\":{\"@id\":\"https:\\\/\\\/www.biopapa.lt\\\/en\\\/produktas\\\/organic-eucalyptus-essential-oil-10-ml-alteya\\\/#breadcrumb\"},\"inLanguage\":\"en-US\",\"potentialAction\":[{\"@type\":\"ReadAction\",\"target\":[\"https:\\\/\\\/www.biopapa.lt\\\/en\\\/produktas\\\/organic-eucalyptus-essential-oil-10-ml-alteya\\\/\"]}]},{\"@type\":\"ImageObject\",\"inLanguage\":\"en-US\",\"@id\":\"https:\\\/\\\/www.biopapa.lt\\\/en\\\/produktas\\\/organic-eucalyptus-essential-oil-10-ml-alteya\\\/#primaryimage\",\"url\":\"https:\\\/\\\/www.biopapa.lt\\\/wp-content\\\/uploads\\\/2024\\\/07\\\/Ekologiskas-eukaliptu-eterinis-aliejus-10-ml.jpg\",\"contentUrl\":\"https:\\\/\\\/www.biopapa.lt\\\/wp-content\\\/uploads\\\/2024\\\/07\\\/Ekologiskas-eukaliptu-eterinis-aliejus-10-ml.jpg\",\"width\":800,\"height\":640,\"caption\":\"Organic Eucalyptus essential oil, 10 ml\"},{\"@type\":\"BreadcrumbList\",\"@id\":\"https:\\\/\\\/www.biopapa.lt\\\/en\\\/produktas\\\/organic-eucalyptus-essential-oil-10-ml-alteya\\\/#breadcrumb\",\"itemListElement\":[{\"@type\":\"ListItem\",\"position\":1,\"name\":\"Home\",\"item\":\"https:\\\/\\\/www.biopapa.lt\\\/en\\\/\"},{\"@type\":\"ListItem\",\"position\":2,\"name\":\"Shop\",\"item\":\"https:\\\/\\\/www.biopapa.lt\\\/en\\\/shop\\\/\"},{\"@type\":\"ListItem\",\"position\":3,\"name\":\"Organic Eucalyptus essential oil, 10 ml, ALTEYA\"}]},{\"@type\":\"WebSite\",\"@id\":\"https:\\\/\\\/www.biopapa.lt\\\/#website\",\"url\":\"https:\\\/\\\/www.biopapa.lt\\\/\",\"name\":\"Biopapa\",\"description\":\"\u0160var\u016bs ekologi\u0161ki produktai\",\"publisher\":{\"@id\":\"https:\\\/\\\/www.biopapa.lt\\\/#organization\"},\"potentialAction\":[{\"@type\":\"SearchAction\",\"target\":{\"@type\":\"EntryPoint\",\"urlTemplate\":\"https:\\\/\\\/www.biopapa.lt\\\/?s={search_term_string}\"},\"query-input\":{\"@type\":\"PropertyValueSpecification\",\"valueRequired\":true,\"valueName\":\"search_term_string\"}}],\"inLanguage\":\"en-US\"},{\"@type\":\"Organization\",\"@id\":\"https:\\\/\\\/www.biopapa.lt\\\/#organization\",\"name\":\"Biopapa\",\"url\":\"https:\\\/\\\/www.biopapa.lt\\\/\",\"logo\":{\"@type\":\"ImageObject\",\"inLanguage\":\"en-US\",\"@id\":\"https:\\\/\\\/www.biopapa.lt\\\/#\\\/schema\\\/logo\\\/image\\\/\",\"url\":\"https:\\\/\\\/www.biopapa.lt\\\/wp-content\\\/uploads\\\/2022\\\/04\\\/facebook_biopapa.jpg\",\"contentUrl\":\"https:\\\/\\\/www.biopapa.lt\\\/wp-content\\\/uploads\\\/2022\\\/04\\\/facebook_biopapa.jpg\",\"width\":1733,\"height\":907,\"caption\":\"Biopapa\"},\"image\":{\"@id\":\"https:\\\/\\\/www.biopapa.lt\\\/#\\\/schema\\\/logo\\\/image\\\/\"},\"sameAs\":[\"https:\\\/\\\/www.facebook.com\\\/biopapa.lt\"]}]}<\/script>\n<!-- \/ Yoast SEO plugin. -->","yoast_head_json":{"title":"Organic Eucalyptus essential oil, 10 ml, ALTEYA - Biopapa","description":"Eucalyptus essential oil is extracted from the bark and leaves of the Eucalyptus Globulus tree using steam distillation. It is a clear liquid with a fresh, woody and therapeutic scent.","robots":{"index":"index","follow":"follow","max-snippet":"max-snippet:-1","max-image-preview":"max-image-preview:large","max-video-preview":"max-video-preview:-1"},"canonical":"https:\/\/www.biopapa.lt\/en\/produktas\/organic-eucalyptus-essential-oil-10-ml-alteya\/","og_locale":"en_US","og_type":"article","og_title":"Organic Eucalyptus essential oil, 10 ml, ALTEYA - Biopapa","og_description":"Eucalyptus essential oil is extracted from the bark and leaves of the Eucalyptus Globulus tree using steam distillation. It is a clear liquid with a fresh, woody and therapeutic scent.","og_url":"https:\/\/www.biopapa.lt\/en\/produktas\/organic-eucalyptus-essential-oil-10-ml-alteya\/","og_site_name":"Biopapa","article_publisher":"https:\/\/www.facebook.com\/biopapa.lt","article_modified_time":"2026-03-07T23:05:39+00:00","og_image":[{"width":800,"height":640,"url":"https:\/\/www.biopapa.lt\/wp-content\/uploads\/2024\/07\/Ekologiskas-eukaliptu-eterinis-aliejus-10-ml.jpg","type":"image\/jpeg"}],"twitter_card":"summary_large_image","schema":{"@context":"https:\/\/schema.org","@graph":[{"@type":"WebPage","@id":"https:\/\/www.biopapa.lt\/en\/produktas\/organic-eucalyptus-essential-oil-10-ml-alteya\/","url":"https:\/\/www.biopapa.lt\/en\/produktas\/organic-eucalyptus-essential-oil-10-ml-alteya\/","name":"Organic Eucalyptus essential oil, 10 ml, ALTEYA - Biopapa","isPartOf":{"@id":"https:\/\/www.biopapa.lt\/#website"},"primaryImageOfPage":{"@id":"https:\/\/www.biopapa.lt\/en\/produktas\/organic-eucalyptus-essential-oil-10-ml-alteya\/#primaryimage"},"image":{"@id":"https:\/\/www.biopapa.lt\/en\/produktas\/organic-eucalyptus-essential-oil-10-ml-alteya\/#primaryimage"},"thumbnailUrl":"https:\/\/www.biopapa.lt\/wp-content\/uploads\/2024\/07\/Ekologiskas-eukaliptu-eterinis-aliejus-10-ml.jpg","datePublished":"2024-07-09T08:16:26+00:00","dateModified":"2026-03-07T23:05:39+00:00","description":"Eucalyptus essential oil is extracted from the bark and leaves of the Eucalyptus Globulus tree using steam distillation. It is a clear liquid with a fresh, woody and therapeutic scent.","breadcrumb":{"@id":"https:\/\/www.biopapa.lt\/en\/produktas\/organic-eucalyptus-essential-oil-10-ml-alteya\/#breadcrumb"},"inLanguage":"en-US","potentialAction":[{"@type":"ReadAction","target":["https:\/\/www.biopapa.lt\/en\/produktas\/organic-eucalyptus-essential-oil-10-ml-alteya\/"]}]},{"@type":"ImageObject","inLanguage":"en-US","@id":"https:\/\/www.biopapa.lt\/en\/produktas\/organic-eucalyptus-essential-oil-10-ml-alteya\/#primaryimage","url":"https:\/\/www.biopapa.lt\/wp-content\/uploads\/2024\/07\/Ekologiskas-eukaliptu-eterinis-aliejus-10-ml.jpg","contentUrl":"https:\/\/www.biopapa.lt\/wp-content\/uploads\/2024\/07\/Ekologiskas-eukaliptu-eterinis-aliejus-10-ml.jpg","width":800,"height":640,"caption":"Organic Eucalyptus essential oil, 10 ml"},{"@type":"BreadcrumbList","@id":"https:\/\/www.biopapa.lt\/en\/produktas\/organic-eucalyptus-essential-oil-10-ml-alteya\/#breadcrumb","itemListElement":[{"@type":"ListItem","position":1,"name":"Home","item":"https:\/\/www.biopapa.lt\/en\/"},{"@type":"ListItem","position":2,"name":"Shop","item":"https:\/\/www.biopapa.lt\/en\/shop\/"},{"@type":"ListItem","position":3,"name":"Organic Eucalyptus essential oil, 10 ml, ALTEYA"}]},{"@type":"WebSite","@id":"https:\/\/www.biopapa.lt\/#website","url":"https:\/\/www.biopapa.lt\/","name":"Biopapa","description":"\u0160var\u016bs ekologi\u0161ki produktai","publisher":{"@id":"https:\/\/www.biopapa.lt\/#organization"},"potentialAction":[{"@type":"SearchAction","target":{"@type":"EntryPoint","urlTemplate":"https:\/\/www.biopapa.lt\/?s={search_term_string}"},"query-input":{"@type":"PropertyValueSpecification","valueRequired":true,"valueName":"search_term_string"}}],"inLanguage":"en-US"},{"@type":"Organization","@id":"https:\/\/www.biopapa.lt\/#organization","name":"Biopapa","url":"https:\/\/www.biopapa.lt\/","logo":{"@type":"ImageObject","inLanguage":"en-US","@id":"https:\/\/www.biopapa.lt\/#\/schema\/logo\/image\/","url":"https:\/\/www.biopapa.lt\/wp-content\/uploads\/2022\/04\/facebook_biopapa.jpg","contentUrl":"https:\/\/www.biopapa.lt\/wp-content\/uploads\/2022\/04\/facebook_biopapa.jpg","width":1733,"height":907,"caption":"Biopapa"},"image":{"@id":"https:\/\/www.biopapa.lt\/#\/schema\/logo\/image\/"},"sameAs":["https:\/\/www.facebook.com\/biopapa.lt"]}]}},"_links":{"self":[{"href":"https:\/\/www.biopapa.lt\/en\/wp-json\/wp\/v2\/product\/53234","targetHints":{"allow":["GET"]}}],"collection":[{"href":"https:\/\/www.biopapa.lt\/en\/wp-json\/wp\/v2\/product"}],"about":[{"href":"https:\/\/www.biopapa.lt\/en\/wp-json\/wp\/v2\/types\/product"}],"wp:featuredmedia":[{"embeddable":true,"href":"https:\/\/www.biopapa.lt\/en\/wp-json\/wp\/v2\/media\/53238"}],"wp:attachment":[{"href":"https:\/\/www.biopapa.lt\/en\/wp-json\/wp\/v2\/media?parent=53234"}],"wp:term":[{"taxonomy":"product_brand","embeddable":true,"href":"https:\/\/www.biopapa.lt\/en\/wp-json\/wp\/v2\/product_brand?post=53234"},{"taxonomy":"product_cat","embeddable":true,"href":"https:\/\/www.biopapa.lt\/en\/wp-json\/wp\/v2\/product_cat?post=53234"},{"taxonomy":"product_tag","embeddable":true,"href":"https:\/\/www.biopapa.lt\/en\/wp-json\/wp\/v2\/product_tag?post=53234"}],"curies":[{"name":"wp","href":"https:\/\/api.w.org\/{rel}","templated":true}]}}