{"id":53138,"date":"2024-07-08T11:26:54","date_gmt":"2024-07-08T08:26:54","guid":{"rendered":"https:\/\/www.biopapa.lt\/?post_type=product&#038;p=53138"},"modified":"2026-03-08T01:06:05","modified_gmt":"2026-03-07T23:06:05","slug":"organic-gentle-rose-hand-cream-90ml-alteya","status":"publish","type":"product","link":"https:\/\/www.biopapa.lt\/en\/produktas\/organic-gentle-rose-hand-cream-90ml-alteya\/","title":{"rendered":"Organic gentle rose hand cream, 90 ml, ALTEYA"},"content":{"rendered":"<p><strong>Organic Gentle Rose Hand Cream, 90 ml, ALTEYA<\/strong><br \/>\nMade with Bulgarian rose water from Alteya&#8217;s organic rose gardens.<br \/>\nThe exclusive certified organic formula has been developed in Alteya&#8217;s cosmetics laboratory.<\/p>\n<p>Alteyos gentle hand cream is light and absorbs quickly, providing hydration and protection to sensitive skin in all seasons. Enriched with soothing rose water and gentle jojoba oil, it softens, hydrates and renews the skin.<br \/>\nHyaluronic acid and organic, gentle emollients help retain moisture, strengthening the skin&#8217;s protective barrier and leaving you with a glowing and radiant complexion.<\/p>\n<p>NATRUE Certified Organic, EcoControl Certified https:\/\/natrue.org\/.<\/p>\n","protected":false},"excerpt":{"rendered":"<p>Organic Gentle Rose Hand Cream, 90 ml, ALTEYA Made with Bulgarian rose water from Alteya&#8217;s organic rose gardens. The exclusive<\/p>\n","protected":false},"featured_media":46802,"template":"","meta":{"_acf_changed":false},"product_brand":[],"product_cat":[2492,1962,1967],"product_tag":[2058],"class_list":{"0":"post-53138","1":"product","2":"type-product","3":"status-publish","4":"has-post-thumbnail","6":"product_cat-alteya-en","7":"product_cat-beauty-and-hygiene","8":"product_cat-body-care","9":"product_tag-body-care","11":"first","12":"outofstock","13":"shipping-taxable","14":"purchasable","15":"product-type-simple"},"acf":[],"yoast_head":"<!-- This site is optimized with the Yoast SEO plugin v27.5 - https:\/\/yoast.com\/product\/yoast-seo-wordpress\/ -->\n<title>Organic gentle rose hand cream, 90 ml, ALTEYA - Biopapa<\/title>\n<meta name=\"description\" content=\"Made with Bulgarian rose water from Alteya&#039;s organic rose gardens.The exclusive certified organic formula was developed in Alteya&#039;s cosmetic laboratory.\" \/>\n<meta name=\"robots\" content=\"index, follow, max-snippet:-1, max-image-preview:large, max-video-preview:-1\" \/>\n<link rel=\"canonical\" href=\"https:\/\/www.biopapa.lt\/en\/produktas\/organic-gentle-rose-hand-cream-90ml-alteya\/\" \/>\n<meta property=\"og:locale\" content=\"en_US\" \/>\n<meta property=\"og:type\" content=\"article\" \/>\n<meta property=\"og:title\" content=\"Organic gentle rose hand cream, 90 ml, ALTEYA - Biopapa\" \/>\n<meta property=\"og:description\" content=\"Made with Bulgarian rose water from Alteya&#039;s organic rose gardens.The exclusive certified organic formula was developed in Alteya&#039;s cosmetic laboratory.\" \/>\n<meta property=\"og:url\" content=\"https:\/\/www.biopapa.lt\/en\/produktas\/organic-gentle-rose-hand-cream-90ml-alteya\/\" \/>\n<meta property=\"og:site_name\" content=\"Biopapa\" \/>\n<meta property=\"article:publisher\" content=\"https:\/\/www.facebook.com\/biopapa.lt\" \/>\n<meta property=\"article:modified_time\" content=\"2026-03-07T23:06:05+00:00\" \/>\n<meta property=\"og:image\" content=\"https:\/\/www.biopapa.lt\/wp-content\/uploads\/2024\/02\/Ekologiskas-svelnus-roziu-ranku-kremas-30-ml-ALTEYA-.png\" \/>\n\t<meta property=\"og:image:width\" content=\"1600\" \/>\n\t<meta property=\"og:image:height\" content=\"1280\" \/>\n\t<meta property=\"og:image:type\" content=\"image\/png\" \/>\n<meta name=\"twitter:card\" content=\"summary_large_image\" \/>\n<script type=\"application\/ld+json\" class=\"yoast-schema-graph\">{\"@context\":\"https:\\\/\\\/schema.org\",\"@graph\":[{\"@type\":\"WebPage\",\"@id\":\"https:\\\/\\\/www.biopapa.lt\\\/en\\\/produktas\\\/organic-gentle-rose-hand-cream-90ml-alteya\\\/\",\"url\":\"https:\\\/\\\/www.biopapa.lt\\\/en\\\/produktas\\\/organic-gentle-rose-hand-cream-90ml-alteya\\\/\",\"name\":\"Organic gentle rose hand cream, 90 ml, ALTEYA - Biopapa\",\"isPartOf\":{\"@id\":\"https:\\\/\\\/www.biopapa.lt\\\/#website\"},\"primaryImageOfPage\":{\"@id\":\"https:\\\/\\\/www.biopapa.lt\\\/en\\\/produktas\\\/organic-gentle-rose-hand-cream-90ml-alteya\\\/#primaryimage\"},\"image\":{\"@id\":\"https:\\\/\\\/www.biopapa.lt\\\/en\\\/produktas\\\/organic-gentle-rose-hand-cream-90ml-alteya\\\/#primaryimage\"},\"thumbnailUrl\":\"https:\\\/\\\/www.biopapa.lt\\\/wp-content\\\/uploads\\\/2024\\\/02\\\/Ekologiskas-svelnus-roziu-ranku-kremas-30-ml-ALTEYA-.png\",\"datePublished\":\"2024-07-08T08:26:54+00:00\",\"dateModified\":\"2026-03-07T23:06:05+00:00\",\"description\":\"Made with Bulgarian rose water from Alteya's organic rose gardens.The exclusive certified organic formula was developed in Alteya's cosmetic laboratory.\",\"breadcrumb\":{\"@id\":\"https:\\\/\\\/www.biopapa.lt\\\/en\\\/produktas\\\/organic-gentle-rose-hand-cream-90ml-alteya\\\/#breadcrumb\"},\"inLanguage\":\"en-US\",\"potentialAction\":[{\"@type\":\"ReadAction\",\"target\":[\"https:\\\/\\\/www.biopapa.lt\\\/en\\\/produktas\\\/organic-gentle-rose-hand-cream-90ml-alteya\\\/\"]}]},{\"@type\":\"ImageObject\",\"inLanguage\":\"en-US\",\"@id\":\"https:\\\/\\\/www.biopapa.lt\\\/en\\\/produktas\\\/organic-gentle-rose-hand-cream-90ml-alteya\\\/#primaryimage\",\"url\":\"https:\\\/\\\/www.biopapa.lt\\\/wp-content\\\/uploads\\\/2024\\\/02\\\/Ekologiskas-svelnus-roziu-ranku-kremas-30-ml-ALTEYA-.png\",\"contentUrl\":\"https:\\\/\\\/www.biopapa.lt\\\/wp-content\\\/uploads\\\/2024\\\/02\\\/Ekologiskas-svelnus-roziu-ranku-kremas-30-ml-ALTEYA-.png\",\"width\":1600,\"height\":1280},{\"@type\":\"BreadcrumbList\",\"@id\":\"https:\\\/\\\/www.biopapa.lt\\\/en\\\/produktas\\\/organic-gentle-rose-hand-cream-90ml-alteya\\\/#breadcrumb\",\"itemListElement\":[{\"@type\":\"ListItem\",\"position\":1,\"name\":\"Home\",\"item\":\"https:\\\/\\\/www.biopapa.lt\\\/en\\\/\"},{\"@type\":\"ListItem\",\"position\":2,\"name\":\"Shop\",\"item\":\"https:\\\/\\\/www.biopapa.lt\\\/en\\\/shop\\\/\"},{\"@type\":\"ListItem\",\"position\":3,\"name\":\"Organic gentle rose hand cream, 90 ml, ALTEYA\"}]},{\"@type\":\"WebSite\",\"@id\":\"https:\\\/\\\/www.biopapa.lt\\\/#website\",\"url\":\"https:\\\/\\\/www.biopapa.lt\\\/\",\"name\":\"Biopapa\",\"description\":\"\u0160var\u016bs ekologi\u0161ki produktai\",\"publisher\":{\"@id\":\"https:\\\/\\\/www.biopapa.lt\\\/#organization\"},\"potentialAction\":[{\"@type\":\"SearchAction\",\"target\":{\"@type\":\"EntryPoint\",\"urlTemplate\":\"https:\\\/\\\/www.biopapa.lt\\\/?s={search_term_string}\"},\"query-input\":{\"@type\":\"PropertyValueSpecification\",\"valueRequired\":true,\"valueName\":\"search_term_string\"}}],\"inLanguage\":\"en-US\"},{\"@type\":\"Organization\",\"@id\":\"https:\\\/\\\/www.biopapa.lt\\\/#organization\",\"name\":\"Biopapa\",\"url\":\"https:\\\/\\\/www.biopapa.lt\\\/\",\"logo\":{\"@type\":\"ImageObject\",\"inLanguage\":\"en-US\",\"@id\":\"https:\\\/\\\/www.biopapa.lt\\\/#\\\/schema\\\/logo\\\/image\\\/\",\"url\":\"https:\\\/\\\/www.biopapa.lt\\\/wp-content\\\/uploads\\\/2022\\\/04\\\/facebook_biopapa.jpg\",\"contentUrl\":\"https:\\\/\\\/www.biopapa.lt\\\/wp-content\\\/uploads\\\/2022\\\/04\\\/facebook_biopapa.jpg\",\"width\":1733,\"height\":907,\"caption\":\"Biopapa\"},\"image\":{\"@id\":\"https:\\\/\\\/www.biopapa.lt\\\/#\\\/schema\\\/logo\\\/image\\\/\"},\"sameAs\":[\"https:\\\/\\\/www.facebook.com\\\/biopapa.lt\"]}]}<\/script>\n<!-- \/ Yoast SEO plugin. -->","yoast_head_json":{"title":"Organic gentle rose hand cream, 90 ml, ALTEYA - Biopapa","description":"Made with Bulgarian rose water from Alteya's organic rose gardens.The exclusive certified organic formula was developed in Alteya's cosmetic laboratory.","robots":{"index":"index","follow":"follow","max-snippet":"max-snippet:-1","max-image-preview":"max-image-preview:large","max-video-preview":"max-video-preview:-1"},"canonical":"https:\/\/www.biopapa.lt\/en\/produktas\/organic-gentle-rose-hand-cream-90ml-alteya\/","og_locale":"en_US","og_type":"article","og_title":"Organic gentle rose hand cream, 90 ml, ALTEYA - Biopapa","og_description":"Made with Bulgarian rose water from Alteya's organic rose gardens.The exclusive certified organic formula was developed in Alteya's cosmetic laboratory.","og_url":"https:\/\/www.biopapa.lt\/en\/produktas\/organic-gentle-rose-hand-cream-90ml-alteya\/","og_site_name":"Biopapa","article_publisher":"https:\/\/www.facebook.com\/biopapa.lt","article_modified_time":"2026-03-07T23:06:05+00:00","og_image":[{"width":1600,"height":1280,"url":"https:\/\/www.biopapa.lt\/wp-content\/uploads\/2024\/02\/Ekologiskas-svelnus-roziu-ranku-kremas-30-ml-ALTEYA-.png","type":"image\/png"}],"twitter_card":"summary_large_image","schema":{"@context":"https:\/\/schema.org","@graph":[{"@type":"WebPage","@id":"https:\/\/www.biopapa.lt\/en\/produktas\/organic-gentle-rose-hand-cream-90ml-alteya\/","url":"https:\/\/www.biopapa.lt\/en\/produktas\/organic-gentle-rose-hand-cream-90ml-alteya\/","name":"Organic gentle rose hand cream, 90 ml, ALTEYA - Biopapa","isPartOf":{"@id":"https:\/\/www.biopapa.lt\/#website"},"primaryImageOfPage":{"@id":"https:\/\/www.biopapa.lt\/en\/produktas\/organic-gentle-rose-hand-cream-90ml-alteya\/#primaryimage"},"image":{"@id":"https:\/\/www.biopapa.lt\/en\/produktas\/organic-gentle-rose-hand-cream-90ml-alteya\/#primaryimage"},"thumbnailUrl":"https:\/\/www.biopapa.lt\/wp-content\/uploads\/2024\/02\/Ekologiskas-svelnus-roziu-ranku-kremas-30-ml-ALTEYA-.png","datePublished":"2024-07-08T08:26:54+00:00","dateModified":"2026-03-07T23:06:05+00:00","description":"Made with Bulgarian rose water from Alteya's organic rose gardens.The exclusive certified organic formula was developed in Alteya's cosmetic laboratory.","breadcrumb":{"@id":"https:\/\/www.biopapa.lt\/en\/produktas\/organic-gentle-rose-hand-cream-90ml-alteya\/#breadcrumb"},"inLanguage":"en-US","potentialAction":[{"@type":"ReadAction","target":["https:\/\/www.biopapa.lt\/en\/produktas\/organic-gentle-rose-hand-cream-90ml-alteya\/"]}]},{"@type":"ImageObject","inLanguage":"en-US","@id":"https:\/\/www.biopapa.lt\/en\/produktas\/organic-gentle-rose-hand-cream-90ml-alteya\/#primaryimage","url":"https:\/\/www.biopapa.lt\/wp-content\/uploads\/2024\/02\/Ekologiskas-svelnus-roziu-ranku-kremas-30-ml-ALTEYA-.png","contentUrl":"https:\/\/www.biopapa.lt\/wp-content\/uploads\/2024\/02\/Ekologiskas-svelnus-roziu-ranku-kremas-30-ml-ALTEYA-.png","width":1600,"height":1280},{"@type":"BreadcrumbList","@id":"https:\/\/www.biopapa.lt\/en\/produktas\/organic-gentle-rose-hand-cream-90ml-alteya\/#breadcrumb","itemListElement":[{"@type":"ListItem","position":1,"name":"Home","item":"https:\/\/www.biopapa.lt\/en\/"},{"@type":"ListItem","position":2,"name":"Shop","item":"https:\/\/www.biopapa.lt\/en\/shop\/"},{"@type":"ListItem","position":3,"name":"Organic gentle rose hand cream, 90 ml, ALTEYA"}]},{"@type":"WebSite","@id":"https:\/\/www.biopapa.lt\/#website","url":"https:\/\/www.biopapa.lt\/","name":"Biopapa","description":"\u0160var\u016bs ekologi\u0161ki produktai","publisher":{"@id":"https:\/\/www.biopapa.lt\/#organization"},"potentialAction":[{"@type":"SearchAction","target":{"@type":"EntryPoint","urlTemplate":"https:\/\/www.biopapa.lt\/?s={search_term_string}"},"query-input":{"@type":"PropertyValueSpecification","valueRequired":true,"valueName":"search_term_string"}}],"inLanguage":"en-US"},{"@type":"Organization","@id":"https:\/\/www.biopapa.lt\/#organization","name":"Biopapa","url":"https:\/\/www.biopapa.lt\/","logo":{"@type":"ImageObject","inLanguage":"en-US","@id":"https:\/\/www.biopapa.lt\/#\/schema\/logo\/image\/","url":"https:\/\/www.biopapa.lt\/wp-content\/uploads\/2022\/04\/facebook_biopapa.jpg","contentUrl":"https:\/\/www.biopapa.lt\/wp-content\/uploads\/2022\/04\/facebook_biopapa.jpg","width":1733,"height":907,"caption":"Biopapa"},"image":{"@id":"https:\/\/www.biopapa.lt\/#\/schema\/logo\/image\/"},"sameAs":["https:\/\/www.facebook.com\/biopapa.lt"]}]}},"_links":{"self":[{"href":"https:\/\/www.biopapa.lt\/en\/wp-json\/wp\/v2\/product\/53138","targetHints":{"allow":["GET"]}}],"collection":[{"href":"https:\/\/www.biopapa.lt\/en\/wp-json\/wp\/v2\/product"}],"about":[{"href":"https:\/\/www.biopapa.lt\/en\/wp-json\/wp\/v2\/types\/product"}],"wp:featuredmedia":[{"embeddable":true,"href":"https:\/\/www.biopapa.lt\/en\/wp-json\/wp\/v2\/media\/46802"}],"wp:attachment":[{"href":"https:\/\/www.biopapa.lt\/en\/wp-json\/wp\/v2\/media?parent=53138"}],"wp:term":[{"taxonomy":"product_brand","embeddable":true,"href":"https:\/\/www.biopapa.lt\/en\/wp-json\/wp\/v2\/product_brand?post=53138"},{"taxonomy":"product_cat","embeddable":true,"href":"https:\/\/www.biopapa.lt\/en\/wp-json\/wp\/v2\/product_cat?post=53138"},{"taxonomy":"product_tag","embeddable":true,"href":"https:\/\/www.biopapa.lt\/en\/wp-json\/wp\/v2\/product_tag?post=53138"}],"curies":[{"name":"wp","href":"https:\/\/api.w.org\/{rel}","templated":true}]}}