{"id":51054,"date":"2024-05-13T15:00:18","date_gmt":"2024-05-13T12:00:18","guid":{"rendered":"https:\/\/www.biopapa.lt\/?post_type=product&#038;p=51054"},"modified":"2026-03-08T01:07:02","modified_gmt":"2026-03-07T23:07:02","slug":"sunscreen-for-face-and-body-with-spf-30-100g-sol-de-ibiza","status":"publish","type":"product","link":"https:\/\/www.biopapa.lt\/en\/produktas\/sunscreen-for-face-and-body-with-spf-30-100g-sol-de-ibiza\/","title":{"rendered":"Sunscreen for face and body with SPF 30, 100 g, Sol de Ibiza"},"content":{"rendered":"<p>Sol de Ibiza is a daily mineral protection for face and body SPF30 in plastic-free packaging.<\/p>\n<p>Our mineral filter &#8211; zinc oxide &#8211; is safe for your skin and clean for the planet. It provides broad-spectrum protection against UVA and UVB rays.<br \/>\nPerfect for the whole family: adults and children.<br \/>\nRecyclable, reusable steel packaging.<br \/>\nSuitable for all skin types.<br \/>\nSuitable for everyday use: not just for beach days!<br \/>\nVegan and harmless!<\/p>\n<p>INGREDIENTS AND BENEFITS:<br \/>\nNon-nano ZINC OXIDE protects your skin from UVA and UVB rays.<\/p>\n<p>Sweet MIGDOLE oil nourishes and moisturises the skin.<\/p>\n<p>ALOE VERA &#8211; the best natural moisturiser.<\/p>\n<p>SUNflower seed oil is an antioxidant, anti-inflammatory and antibacterial.<\/p>\n<p>COCONUT OIL is anti-inflammatory and protective.<\/p>\n<p>CALENDAR OIL is anti-inflammatory and calming. Works well as a sunscreen.<\/p>\n<p>SILIC is a natural mineral. They can be used to coat zinc particles so that they are easily and evenly distributed over the skin.<\/p>\n<p>CANDELI LEAF comes from a small desert plant called Euphorbia cerifera. It softens and soothes the skin while helping to bind the ingredients in cosmetic products.<\/p>\n<p>ORIZANOL RICE SEEDS OIL EXTRACT is a mixture of lipids derived from rice and used for its antioxidant properties.<\/p>\n<p>Tocopherol is a form of vitamin E derived from vegetable oils. It acts both as an antioxidant and as a skin balm. It also has anti-inflammatory properties.<\/p>\n<p>CETILO PALMITE is an ester used both as a thickener and as an emollient (to condition the skin surface). It is 100% plant-based.<\/p>\n<p>Lecithin extracted from sunflower oil Lecithin is a natural component of skin cell membranes. It helps to moisturise the skin and increase its elasticity.<\/p>\n<p>CITRINIUM ROOT is a natural antioxidant used to balance the pH of cosmetics.<\/p>\n<p>CAPRICORN TRIGLYCERIDES are produced by esterifying glycerol (a vegetable sugar) with caprylic fatty acid mixtures from coconut oil. They give the skin a silky ( not greasy) feel, especially in formulas that are water-free.<\/p>\n<p>USE:<br \/>\nThis is a waterless sunscreen. Take a small amount of the product and massage it into the palm of your hand with your fingers and then apply it to your whole body and\/or face. This sunscreen will become creamy and soft when it comes into contact with the heat of your skin.<\/p>\n","protected":false},"excerpt":{"rendered":"<p>Sol de Ibiza is a daily mineral protection for face and body SPF30 in plastic-free packaging. Our mineral filter &#8211;<\/p>\n","protected":false},"featured_media":51057,"template":"","meta":{"_acf_changed":false},"product_brand":[],"product_cat":[1962,1967,1971,2497],"product_tag":[2058,2090],"class_list":{"0":"post-51054","1":"product","2":"type-product","3":"status-publish","4":"has-post-thumbnail","6":"product_cat-beauty-and-hygiene","7":"product_cat-body-care","8":"product_cat-facial-care","9":"product_cat-ibiza5-en","10":"product_tag-body-care","11":"product_tag-facial-care","13":"first","14":"instock","15":"shipping-taxable","16":"purchasable","17":"product-type-simple"},"acf":[],"yoast_head":"<!-- This site is optimized with the Yoast SEO plugin v27.4 - https:\/\/yoast.com\/product\/yoast-seo-wordpress\/ -->\n<title>Sunscreen for face and body with SPF 30, 100 g, Sol de Ibiza - Biopapa<\/title>\n<meta name=\"description\" content=\"Sol de Ibiza is a daily mineral protection for face and body SPF30 in plastic-free packaging.\" \/>\n<meta name=\"robots\" content=\"index, follow, max-snippet:-1, max-image-preview:large, max-video-preview:-1\" \/>\n<link rel=\"canonical\" href=\"https:\/\/www.biopapa.lt\/en\/produktas\/sunscreen-for-face-and-body-with-spf-30-100g-sol-de-ibiza\/\" \/>\n<meta property=\"og:locale\" content=\"en_US\" \/>\n<meta property=\"og:type\" content=\"article\" \/>\n<meta property=\"og:title\" content=\"Sunscreen for face and body with SPF 30, 100 g, Sol de Ibiza - Biopapa\" \/>\n<meta property=\"og:description\" content=\"Sol de Ibiza is a daily mineral protection for face and body SPF30 in plastic-free packaging.\" \/>\n<meta property=\"og:url\" content=\"https:\/\/www.biopapa.lt\/en\/produktas\/sunscreen-for-face-and-body-with-spf-30-100g-sol-de-ibiza\/\" \/>\n<meta property=\"og:site_name\" content=\"Biopapa\" \/>\n<meta property=\"article:publisher\" content=\"https:\/\/www.facebook.com\/biopapa.lt\" \/>\n<meta property=\"article:modified_time\" content=\"2026-03-07T23:07:02+00:00\" \/>\n<meta property=\"og:image\" content=\"https:\/\/www.biopapa.lt\/wp-content\/uploads\/2024\/05\/Apsauginis-kremas-veidui-ir-kunui-nuo-saules-su-SPF-30.png\" \/>\n\t<meta property=\"og:image:width\" content=\"1600\" \/>\n\t<meta property=\"og:image:height\" content=\"1280\" \/>\n\t<meta property=\"og:image:type\" content=\"image\/png\" \/>\n<meta name=\"twitter:card\" content=\"summary_large_image\" \/>\n<script type=\"application\/ld+json\" class=\"yoast-schema-graph\">{\"@context\":\"https:\\\/\\\/schema.org\",\"@graph\":[{\"@type\":\"WebPage\",\"@id\":\"https:\\\/\\\/www.biopapa.lt\\\/en\\\/produktas\\\/sunscreen-for-face-and-body-with-spf-30-100g-sol-de-ibiza\\\/\",\"url\":\"https:\\\/\\\/www.biopapa.lt\\\/en\\\/produktas\\\/sunscreen-for-face-and-body-with-spf-30-100g-sol-de-ibiza\\\/\",\"name\":\"Sunscreen for face and body with SPF 30, 100 g, Sol de Ibiza - Biopapa\",\"isPartOf\":{\"@id\":\"https:\\\/\\\/www.biopapa.lt\\\/#website\"},\"primaryImageOfPage\":{\"@id\":\"https:\\\/\\\/www.biopapa.lt\\\/en\\\/produktas\\\/sunscreen-for-face-and-body-with-spf-30-100g-sol-de-ibiza\\\/#primaryimage\"},\"image\":{\"@id\":\"https:\\\/\\\/www.biopapa.lt\\\/en\\\/produktas\\\/sunscreen-for-face-and-body-with-spf-30-100g-sol-de-ibiza\\\/#primaryimage\"},\"thumbnailUrl\":\"https:\\\/\\\/www.biopapa.lt\\\/wp-content\\\/uploads\\\/2024\\\/05\\\/Apsauginis-kremas-veidui-ir-kunui-nuo-saules-su-SPF-30.png\",\"datePublished\":\"2024-05-13T12:00:18+00:00\",\"dateModified\":\"2026-03-07T23:07:02+00:00\",\"description\":\"Sol de Ibiza is a daily mineral protection for face and body SPF30 in plastic-free packaging.\",\"breadcrumb\":{\"@id\":\"https:\\\/\\\/www.biopapa.lt\\\/en\\\/produktas\\\/sunscreen-for-face-and-body-with-spf-30-100g-sol-de-ibiza\\\/#breadcrumb\"},\"inLanguage\":\"en-US\",\"potentialAction\":[{\"@type\":\"ReadAction\",\"target\":[\"https:\\\/\\\/www.biopapa.lt\\\/en\\\/produktas\\\/sunscreen-for-face-and-body-with-spf-30-100g-sol-de-ibiza\\\/\"]}]},{\"@type\":\"ImageObject\",\"inLanguage\":\"en-US\",\"@id\":\"https:\\\/\\\/www.biopapa.lt\\\/en\\\/produktas\\\/sunscreen-for-face-and-body-with-spf-30-100g-sol-de-ibiza\\\/#primaryimage\",\"url\":\"https:\\\/\\\/www.biopapa.lt\\\/wp-content\\\/uploads\\\/2024\\\/05\\\/Apsauginis-kremas-veidui-ir-kunui-nuo-saules-su-SPF-30.png\",\"contentUrl\":\"https:\\\/\\\/www.biopapa.lt\\\/wp-content\\\/uploads\\\/2024\\\/05\\\/Apsauginis-kremas-veidui-ir-kunui-nuo-saules-su-SPF-30.png\",\"width\":1600,\"height\":1280},{\"@type\":\"BreadcrumbList\",\"@id\":\"https:\\\/\\\/www.biopapa.lt\\\/en\\\/produktas\\\/sunscreen-for-face-and-body-with-spf-30-100g-sol-de-ibiza\\\/#breadcrumb\",\"itemListElement\":[{\"@type\":\"ListItem\",\"position\":1,\"name\":\"Home\",\"item\":\"https:\\\/\\\/www.biopapa.lt\\\/en\\\/\"},{\"@type\":\"ListItem\",\"position\":2,\"name\":\"Shop\",\"item\":\"https:\\\/\\\/www.biopapa.lt\\\/en\\\/shop\\\/\"},{\"@type\":\"ListItem\",\"position\":3,\"name\":\"Sunscreen for face and body with SPF 30, 100 g, Sol de Ibiza\"}]},{\"@type\":\"WebSite\",\"@id\":\"https:\\\/\\\/www.biopapa.lt\\\/#website\",\"url\":\"https:\\\/\\\/www.biopapa.lt\\\/\",\"name\":\"Biopapa\",\"description\":\"\u0160var\u016bs ekologi\u0161ki produktai\",\"publisher\":{\"@id\":\"https:\\\/\\\/www.biopapa.lt\\\/#organization\"},\"potentialAction\":[{\"@type\":\"SearchAction\",\"target\":{\"@type\":\"EntryPoint\",\"urlTemplate\":\"https:\\\/\\\/www.biopapa.lt\\\/?s={search_term_string}\"},\"query-input\":{\"@type\":\"PropertyValueSpecification\",\"valueRequired\":true,\"valueName\":\"search_term_string\"}}],\"inLanguage\":\"en-US\"},{\"@type\":\"Organization\",\"@id\":\"https:\\\/\\\/www.biopapa.lt\\\/#organization\",\"name\":\"Biopapa\",\"url\":\"https:\\\/\\\/www.biopapa.lt\\\/\",\"logo\":{\"@type\":\"ImageObject\",\"inLanguage\":\"en-US\",\"@id\":\"https:\\\/\\\/www.biopapa.lt\\\/#\\\/schema\\\/logo\\\/image\\\/\",\"url\":\"https:\\\/\\\/www.biopapa.lt\\\/wp-content\\\/uploads\\\/2022\\\/04\\\/facebook_biopapa.jpg\",\"contentUrl\":\"https:\\\/\\\/www.biopapa.lt\\\/wp-content\\\/uploads\\\/2022\\\/04\\\/facebook_biopapa.jpg\",\"width\":1733,\"height\":907,\"caption\":\"Biopapa\"},\"image\":{\"@id\":\"https:\\\/\\\/www.biopapa.lt\\\/#\\\/schema\\\/logo\\\/image\\\/\"},\"sameAs\":[\"https:\\\/\\\/www.facebook.com\\\/biopapa.lt\"]}]}<\/script>\n<!-- \/ Yoast SEO plugin. -->","yoast_head_json":{"title":"Sunscreen for face and body with SPF 30, 100 g, Sol de Ibiza - Biopapa","description":"Sol de Ibiza is a daily mineral protection for face and body SPF30 in plastic-free packaging.","robots":{"index":"index","follow":"follow","max-snippet":"max-snippet:-1","max-image-preview":"max-image-preview:large","max-video-preview":"max-video-preview:-1"},"canonical":"https:\/\/www.biopapa.lt\/en\/produktas\/sunscreen-for-face-and-body-with-spf-30-100g-sol-de-ibiza\/","og_locale":"en_US","og_type":"article","og_title":"Sunscreen for face and body with SPF 30, 100 g, Sol de Ibiza - Biopapa","og_description":"Sol de Ibiza is a daily mineral protection for face and body SPF30 in plastic-free packaging.","og_url":"https:\/\/www.biopapa.lt\/en\/produktas\/sunscreen-for-face-and-body-with-spf-30-100g-sol-de-ibiza\/","og_site_name":"Biopapa","article_publisher":"https:\/\/www.facebook.com\/biopapa.lt","article_modified_time":"2026-03-07T23:07:02+00:00","og_image":[{"width":1600,"height":1280,"url":"https:\/\/www.biopapa.lt\/wp-content\/uploads\/2024\/05\/Apsauginis-kremas-veidui-ir-kunui-nuo-saules-su-SPF-30.png","type":"image\/png"}],"twitter_card":"summary_large_image","schema":{"@context":"https:\/\/schema.org","@graph":[{"@type":"WebPage","@id":"https:\/\/www.biopapa.lt\/en\/produktas\/sunscreen-for-face-and-body-with-spf-30-100g-sol-de-ibiza\/","url":"https:\/\/www.biopapa.lt\/en\/produktas\/sunscreen-for-face-and-body-with-spf-30-100g-sol-de-ibiza\/","name":"Sunscreen for face and body with SPF 30, 100 g, Sol de Ibiza - Biopapa","isPartOf":{"@id":"https:\/\/www.biopapa.lt\/#website"},"primaryImageOfPage":{"@id":"https:\/\/www.biopapa.lt\/en\/produktas\/sunscreen-for-face-and-body-with-spf-30-100g-sol-de-ibiza\/#primaryimage"},"image":{"@id":"https:\/\/www.biopapa.lt\/en\/produktas\/sunscreen-for-face-and-body-with-spf-30-100g-sol-de-ibiza\/#primaryimage"},"thumbnailUrl":"https:\/\/www.biopapa.lt\/wp-content\/uploads\/2024\/05\/Apsauginis-kremas-veidui-ir-kunui-nuo-saules-su-SPF-30.png","datePublished":"2024-05-13T12:00:18+00:00","dateModified":"2026-03-07T23:07:02+00:00","description":"Sol de Ibiza is a daily mineral protection for face and body SPF30 in plastic-free packaging.","breadcrumb":{"@id":"https:\/\/www.biopapa.lt\/en\/produktas\/sunscreen-for-face-and-body-with-spf-30-100g-sol-de-ibiza\/#breadcrumb"},"inLanguage":"en-US","potentialAction":[{"@type":"ReadAction","target":["https:\/\/www.biopapa.lt\/en\/produktas\/sunscreen-for-face-and-body-with-spf-30-100g-sol-de-ibiza\/"]}]},{"@type":"ImageObject","inLanguage":"en-US","@id":"https:\/\/www.biopapa.lt\/en\/produktas\/sunscreen-for-face-and-body-with-spf-30-100g-sol-de-ibiza\/#primaryimage","url":"https:\/\/www.biopapa.lt\/wp-content\/uploads\/2024\/05\/Apsauginis-kremas-veidui-ir-kunui-nuo-saules-su-SPF-30.png","contentUrl":"https:\/\/www.biopapa.lt\/wp-content\/uploads\/2024\/05\/Apsauginis-kremas-veidui-ir-kunui-nuo-saules-su-SPF-30.png","width":1600,"height":1280},{"@type":"BreadcrumbList","@id":"https:\/\/www.biopapa.lt\/en\/produktas\/sunscreen-for-face-and-body-with-spf-30-100g-sol-de-ibiza\/#breadcrumb","itemListElement":[{"@type":"ListItem","position":1,"name":"Home","item":"https:\/\/www.biopapa.lt\/en\/"},{"@type":"ListItem","position":2,"name":"Shop","item":"https:\/\/www.biopapa.lt\/en\/shop\/"},{"@type":"ListItem","position":3,"name":"Sunscreen for face and body with SPF 30, 100 g, Sol de Ibiza"}]},{"@type":"WebSite","@id":"https:\/\/www.biopapa.lt\/#website","url":"https:\/\/www.biopapa.lt\/","name":"Biopapa","description":"\u0160var\u016bs ekologi\u0161ki produktai","publisher":{"@id":"https:\/\/www.biopapa.lt\/#organization"},"potentialAction":[{"@type":"SearchAction","target":{"@type":"EntryPoint","urlTemplate":"https:\/\/www.biopapa.lt\/?s={search_term_string}"},"query-input":{"@type":"PropertyValueSpecification","valueRequired":true,"valueName":"search_term_string"}}],"inLanguage":"en-US"},{"@type":"Organization","@id":"https:\/\/www.biopapa.lt\/#organization","name":"Biopapa","url":"https:\/\/www.biopapa.lt\/","logo":{"@type":"ImageObject","inLanguage":"en-US","@id":"https:\/\/www.biopapa.lt\/#\/schema\/logo\/image\/","url":"https:\/\/www.biopapa.lt\/wp-content\/uploads\/2022\/04\/facebook_biopapa.jpg","contentUrl":"https:\/\/www.biopapa.lt\/wp-content\/uploads\/2022\/04\/facebook_biopapa.jpg","width":1733,"height":907,"caption":"Biopapa"},"image":{"@id":"https:\/\/www.biopapa.lt\/#\/schema\/logo\/image\/"},"sameAs":["https:\/\/www.facebook.com\/biopapa.lt"]}]}},"_links":{"self":[{"href":"https:\/\/www.biopapa.lt\/en\/wp-json\/wp\/v2\/product\/51054","targetHints":{"allow":["GET"]}}],"collection":[{"href":"https:\/\/www.biopapa.lt\/en\/wp-json\/wp\/v2\/product"}],"about":[{"href":"https:\/\/www.biopapa.lt\/en\/wp-json\/wp\/v2\/types\/product"}],"wp:featuredmedia":[{"embeddable":true,"href":"https:\/\/www.biopapa.lt\/en\/wp-json\/wp\/v2\/media\/51057"}],"wp:attachment":[{"href":"https:\/\/www.biopapa.lt\/en\/wp-json\/wp\/v2\/media?parent=51054"}],"wp:term":[{"taxonomy":"product_brand","embeddable":true,"href":"https:\/\/www.biopapa.lt\/en\/wp-json\/wp\/v2\/product_brand?post=51054"},{"taxonomy":"product_cat","embeddable":true,"href":"https:\/\/www.biopapa.lt\/en\/wp-json\/wp\/v2\/product_cat?post=51054"},{"taxonomy":"product_tag","embeddable":true,"href":"https:\/\/www.biopapa.lt\/en\/wp-json\/wp\/v2\/product_tag?post=51054"}],"curies":[{"name":"wp","href":"https:\/\/api.w.org\/{rel}","templated":true}]}}