{"id":50806,"date":"2024-05-07T16:56:09","date_gmt":"2024-05-07T13:56:09","guid":{"rendered":"https:\/\/www.biopapa.lt\/?post_type=product&#038;p=50806"},"modified":"2026-03-08T01:06:31","modified_gmt":"2026-03-07T23:06:31","slug":"organic-neem-oil-50-ml-alteya","status":"publish","type":"product","link":"https:\/\/www.biopapa.lt\/en\/produktas\/organic-neem-oil-50-ml-alteya\/","title":{"rendered":"Organic Neem Oil, 50 ml, ALTEYA"},"content":{"rendered":"<p>Neem oil is a versatile oil with a very distinct scent. It is widely used in Ayurvedic and Unani medicine. Neem Oil is an incredibly rich oil, especially beneficial for dry, ageing skin. It is also used in beauty treatments and skin care to treat acne, wounds and scars.<\/p>\n<p>It can be used in skincare products or on its own. It can be used in many skin care products, including facials, soaps, massage oils and other body care and cosmetic products.<\/p>\n<p><em>Usage<br \/>\n<\/em>For the skin &#8211; apply a few drops to the face daily or as needed, on clean skin or after water-based treatments. Use only as directed on intact skin.<br \/>\nFor hair &#8211; apply a few drops to the scalp and hair, massage in. Leave for 30 minutes to an hour. Then shampoo.<br \/>\nNatural repellent &#8211; apply a small amount of neem oil on exposed skin before going outdoors to ward off mosquitoes. This eco-friendly solution will not only protect you from mosquito bites but also nourish your skin.<br \/>\nApplying neem oil to a mosquito bite can help reduce swelling, redness and itching.<\/p>\n<p>The oil of prickly pear contains a lot of wax, which causes it to become cloudy at 16 C and tends to thicken at 12 C.<\/p>\n<p>Extraction method: Cold-pressed<br \/>\nAbsorption: very slow<br \/>\nAroma: strong<\/p>\n<p>For external use only.<br \/>\nKeep out of the reach of children.<br \/>\nAvoid contact with eyes. If irritation occurs, discontinue use.<\/p>\n<p>Certified USDA Organic.<\/p>\n","protected":false},"excerpt":{"rendered":"<p>Neem oil is a versatile oil with a very distinct scent. It is widely used in Ayurvedic and Unani medicine.<\/p>\n","protected":false},"featured_media":50810,"template":"","meta":{"_acf_changed":false},"product_brand":[],"product_cat":[2492,1962,1967,1971,1969,2539],"product_tag":[2058,2090,2070,2088],"class_list":{"0":"post-50806","1":"product","2":"type-product","3":"status-publish","4":"has-post-thumbnail","6":"product_cat-alteya-en","7":"product_cat-beauty-and-hygiene","8":"product_cat-body-care","9":"product_cat-facial-care","10":"product_cat-hair-care","11":"product_cat-oils","12":"product_tag-body-care","13":"product_tag-facial-care","14":"product_tag-hair-care","15":"product_tag-vegan","17":"first","18":"outofstock","19":"shipping-taxable","20":"purchasable","21":"product-type-simple"},"acf":[],"yoast_head":"<!-- This site is optimized with the Yoast SEO plugin v27.5 - https:\/\/yoast.com\/product\/yoast-seo-wordpress\/ -->\n<title>Organic Neem Oil, 50 ml, ALTEYA - Biopapa<\/title>\n<meta name=\"description\" content=\"Neem Oil is an incredibly rich oil, especially beneficial for dry, ageing skin. It is also used in beauty treatments and skin care to treat acne, wounds and scars.\" \/>\n<meta name=\"robots\" content=\"index, follow, max-snippet:-1, max-image-preview:large, max-video-preview:-1\" \/>\n<link rel=\"canonical\" href=\"https:\/\/www.biopapa.lt\/en\/produktas\/organic-neem-oil-50-ml-alteya\/\" \/>\n<meta property=\"og:locale\" content=\"en_US\" \/>\n<meta property=\"og:type\" content=\"article\" \/>\n<meta property=\"og:title\" content=\"Organic Neem Oil, 50 ml, ALTEYA - Biopapa\" \/>\n<meta property=\"og:description\" content=\"Neem Oil is an incredibly rich oil, especially beneficial for dry, ageing skin. It is also used in beauty treatments and skin care to treat acne, wounds and scars.\" \/>\n<meta property=\"og:url\" content=\"https:\/\/www.biopapa.lt\/en\/produktas\/organic-neem-oil-50-ml-alteya\/\" \/>\n<meta property=\"og:site_name\" content=\"Biopapa\" \/>\n<meta property=\"article:publisher\" content=\"https:\/\/www.facebook.com\/biopapa.lt\" \/>\n<meta property=\"article:modified_time\" content=\"2026-03-07T23:06:31+00:00\" \/>\n<meta property=\"og:image\" content=\"https:\/\/www.biopapa.lt\/wp-content\/uploads\/2024\/05\/Ekologiskas-indinio-nimbamedzio-Neem-aliejus-50-ml.jpg\" \/>\n\t<meta property=\"og:image:width\" content=\"1600\" \/>\n\t<meta property=\"og:image:height\" content=\"1280\" \/>\n\t<meta property=\"og:image:type\" content=\"image\/jpeg\" \/>\n<meta name=\"twitter:card\" content=\"summary_large_image\" \/>\n<script type=\"application\/ld+json\" class=\"yoast-schema-graph\">{\"@context\":\"https:\\\/\\\/schema.org\",\"@graph\":[{\"@type\":\"WebPage\",\"@id\":\"https:\\\/\\\/www.biopapa.lt\\\/en\\\/produktas\\\/organic-neem-oil-50-ml-alteya\\\/\",\"url\":\"https:\\\/\\\/www.biopapa.lt\\\/en\\\/produktas\\\/organic-neem-oil-50-ml-alteya\\\/\",\"name\":\"Organic Neem Oil, 50 ml, ALTEYA - Biopapa\",\"isPartOf\":{\"@id\":\"https:\\\/\\\/www.biopapa.lt\\\/#website\"},\"primaryImageOfPage\":{\"@id\":\"https:\\\/\\\/www.biopapa.lt\\\/en\\\/produktas\\\/organic-neem-oil-50-ml-alteya\\\/#primaryimage\"},\"image\":{\"@id\":\"https:\\\/\\\/www.biopapa.lt\\\/en\\\/produktas\\\/organic-neem-oil-50-ml-alteya\\\/#primaryimage\"},\"thumbnailUrl\":\"https:\\\/\\\/www.biopapa.lt\\\/wp-content\\\/uploads\\\/2024\\\/05\\\/Ekologiskas-indinio-nimbamedzio-Neem-aliejus-50-ml.jpg\",\"datePublished\":\"2024-05-07T13:56:09+00:00\",\"dateModified\":\"2026-03-07T23:06:31+00:00\",\"description\":\"Neem Oil is an incredibly rich oil, especially beneficial for dry, ageing skin. It is also used in beauty treatments and skin care to treat acne, wounds and scars.\",\"breadcrumb\":{\"@id\":\"https:\\\/\\\/www.biopapa.lt\\\/en\\\/produktas\\\/organic-neem-oil-50-ml-alteya\\\/#breadcrumb\"},\"inLanguage\":\"en-US\",\"potentialAction\":[{\"@type\":\"ReadAction\",\"target\":[\"https:\\\/\\\/www.biopapa.lt\\\/en\\\/produktas\\\/organic-neem-oil-50-ml-alteya\\\/\"]}]},{\"@type\":\"ImageObject\",\"inLanguage\":\"en-US\",\"@id\":\"https:\\\/\\\/www.biopapa.lt\\\/en\\\/produktas\\\/organic-neem-oil-50-ml-alteya\\\/#primaryimage\",\"url\":\"https:\\\/\\\/www.biopapa.lt\\\/wp-content\\\/uploads\\\/2024\\\/05\\\/Ekologiskas-indinio-nimbamedzio-Neem-aliejus-50-ml.jpg\",\"contentUrl\":\"https:\\\/\\\/www.biopapa.lt\\\/wp-content\\\/uploads\\\/2024\\\/05\\\/Ekologiskas-indinio-nimbamedzio-Neem-aliejus-50-ml.jpg\",\"width\":1600,\"height\":1280},{\"@type\":\"BreadcrumbList\",\"@id\":\"https:\\\/\\\/www.biopapa.lt\\\/en\\\/produktas\\\/organic-neem-oil-50-ml-alteya\\\/#breadcrumb\",\"itemListElement\":[{\"@type\":\"ListItem\",\"position\":1,\"name\":\"Home\",\"item\":\"https:\\\/\\\/www.biopapa.lt\\\/en\\\/\"},{\"@type\":\"ListItem\",\"position\":2,\"name\":\"Shop\",\"item\":\"https:\\\/\\\/www.biopapa.lt\\\/en\\\/shop\\\/\"},{\"@type\":\"ListItem\",\"position\":3,\"name\":\"Organic Neem Oil, 50 ml, ALTEYA\"}]},{\"@type\":\"WebSite\",\"@id\":\"https:\\\/\\\/www.biopapa.lt\\\/#website\",\"url\":\"https:\\\/\\\/www.biopapa.lt\\\/\",\"name\":\"Biopapa\",\"description\":\"\u0160var\u016bs ekologi\u0161ki produktai\",\"publisher\":{\"@id\":\"https:\\\/\\\/www.biopapa.lt\\\/#organization\"},\"potentialAction\":[{\"@type\":\"SearchAction\",\"target\":{\"@type\":\"EntryPoint\",\"urlTemplate\":\"https:\\\/\\\/www.biopapa.lt\\\/?s={search_term_string}\"},\"query-input\":{\"@type\":\"PropertyValueSpecification\",\"valueRequired\":true,\"valueName\":\"search_term_string\"}}],\"inLanguage\":\"en-US\"},{\"@type\":\"Organization\",\"@id\":\"https:\\\/\\\/www.biopapa.lt\\\/#organization\",\"name\":\"Biopapa\",\"url\":\"https:\\\/\\\/www.biopapa.lt\\\/\",\"logo\":{\"@type\":\"ImageObject\",\"inLanguage\":\"en-US\",\"@id\":\"https:\\\/\\\/www.biopapa.lt\\\/#\\\/schema\\\/logo\\\/image\\\/\",\"url\":\"https:\\\/\\\/www.biopapa.lt\\\/wp-content\\\/uploads\\\/2022\\\/04\\\/facebook_biopapa.jpg\",\"contentUrl\":\"https:\\\/\\\/www.biopapa.lt\\\/wp-content\\\/uploads\\\/2022\\\/04\\\/facebook_biopapa.jpg\",\"width\":1733,\"height\":907,\"caption\":\"Biopapa\"},\"image\":{\"@id\":\"https:\\\/\\\/www.biopapa.lt\\\/#\\\/schema\\\/logo\\\/image\\\/\"},\"sameAs\":[\"https:\\\/\\\/www.facebook.com\\\/biopapa.lt\"]}]}<\/script>\n<!-- \/ Yoast SEO plugin. -->","yoast_head_json":{"title":"Organic Neem Oil, 50 ml, ALTEYA - Biopapa","description":"Neem Oil is an incredibly rich oil, especially beneficial for dry, ageing skin. It is also used in beauty treatments and skin care to treat acne, wounds and scars.","robots":{"index":"index","follow":"follow","max-snippet":"max-snippet:-1","max-image-preview":"max-image-preview:large","max-video-preview":"max-video-preview:-1"},"canonical":"https:\/\/www.biopapa.lt\/en\/produktas\/organic-neem-oil-50-ml-alteya\/","og_locale":"en_US","og_type":"article","og_title":"Organic Neem Oil, 50 ml, ALTEYA - Biopapa","og_description":"Neem Oil is an incredibly rich oil, especially beneficial for dry, ageing skin. It is also used in beauty treatments and skin care to treat acne, wounds and scars.","og_url":"https:\/\/www.biopapa.lt\/en\/produktas\/organic-neem-oil-50-ml-alteya\/","og_site_name":"Biopapa","article_publisher":"https:\/\/www.facebook.com\/biopapa.lt","article_modified_time":"2026-03-07T23:06:31+00:00","og_image":[{"width":1600,"height":1280,"url":"https:\/\/www.biopapa.lt\/wp-content\/uploads\/2024\/05\/Ekologiskas-indinio-nimbamedzio-Neem-aliejus-50-ml.jpg","type":"image\/jpeg"}],"twitter_card":"summary_large_image","schema":{"@context":"https:\/\/schema.org","@graph":[{"@type":"WebPage","@id":"https:\/\/www.biopapa.lt\/en\/produktas\/organic-neem-oil-50-ml-alteya\/","url":"https:\/\/www.biopapa.lt\/en\/produktas\/organic-neem-oil-50-ml-alteya\/","name":"Organic Neem Oil, 50 ml, ALTEYA - Biopapa","isPartOf":{"@id":"https:\/\/www.biopapa.lt\/#website"},"primaryImageOfPage":{"@id":"https:\/\/www.biopapa.lt\/en\/produktas\/organic-neem-oil-50-ml-alteya\/#primaryimage"},"image":{"@id":"https:\/\/www.biopapa.lt\/en\/produktas\/organic-neem-oil-50-ml-alteya\/#primaryimage"},"thumbnailUrl":"https:\/\/www.biopapa.lt\/wp-content\/uploads\/2024\/05\/Ekologiskas-indinio-nimbamedzio-Neem-aliejus-50-ml.jpg","datePublished":"2024-05-07T13:56:09+00:00","dateModified":"2026-03-07T23:06:31+00:00","description":"Neem Oil is an incredibly rich oil, especially beneficial for dry, ageing skin. It is also used in beauty treatments and skin care to treat acne, wounds and scars.","breadcrumb":{"@id":"https:\/\/www.biopapa.lt\/en\/produktas\/organic-neem-oil-50-ml-alteya\/#breadcrumb"},"inLanguage":"en-US","potentialAction":[{"@type":"ReadAction","target":["https:\/\/www.biopapa.lt\/en\/produktas\/organic-neem-oil-50-ml-alteya\/"]}]},{"@type":"ImageObject","inLanguage":"en-US","@id":"https:\/\/www.biopapa.lt\/en\/produktas\/organic-neem-oil-50-ml-alteya\/#primaryimage","url":"https:\/\/www.biopapa.lt\/wp-content\/uploads\/2024\/05\/Ekologiskas-indinio-nimbamedzio-Neem-aliejus-50-ml.jpg","contentUrl":"https:\/\/www.biopapa.lt\/wp-content\/uploads\/2024\/05\/Ekologiskas-indinio-nimbamedzio-Neem-aliejus-50-ml.jpg","width":1600,"height":1280},{"@type":"BreadcrumbList","@id":"https:\/\/www.biopapa.lt\/en\/produktas\/organic-neem-oil-50-ml-alteya\/#breadcrumb","itemListElement":[{"@type":"ListItem","position":1,"name":"Home","item":"https:\/\/www.biopapa.lt\/en\/"},{"@type":"ListItem","position":2,"name":"Shop","item":"https:\/\/www.biopapa.lt\/en\/shop\/"},{"@type":"ListItem","position":3,"name":"Organic Neem Oil, 50 ml, ALTEYA"}]},{"@type":"WebSite","@id":"https:\/\/www.biopapa.lt\/#website","url":"https:\/\/www.biopapa.lt\/","name":"Biopapa","description":"\u0160var\u016bs ekologi\u0161ki produktai","publisher":{"@id":"https:\/\/www.biopapa.lt\/#organization"},"potentialAction":[{"@type":"SearchAction","target":{"@type":"EntryPoint","urlTemplate":"https:\/\/www.biopapa.lt\/?s={search_term_string}"},"query-input":{"@type":"PropertyValueSpecification","valueRequired":true,"valueName":"search_term_string"}}],"inLanguage":"en-US"},{"@type":"Organization","@id":"https:\/\/www.biopapa.lt\/#organization","name":"Biopapa","url":"https:\/\/www.biopapa.lt\/","logo":{"@type":"ImageObject","inLanguage":"en-US","@id":"https:\/\/www.biopapa.lt\/#\/schema\/logo\/image\/","url":"https:\/\/www.biopapa.lt\/wp-content\/uploads\/2022\/04\/facebook_biopapa.jpg","contentUrl":"https:\/\/www.biopapa.lt\/wp-content\/uploads\/2022\/04\/facebook_biopapa.jpg","width":1733,"height":907,"caption":"Biopapa"},"image":{"@id":"https:\/\/www.biopapa.lt\/#\/schema\/logo\/image\/"},"sameAs":["https:\/\/www.facebook.com\/biopapa.lt"]}]}},"_links":{"self":[{"href":"https:\/\/www.biopapa.lt\/en\/wp-json\/wp\/v2\/product\/50806","targetHints":{"allow":["GET"]}}],"collection":[{"href":"https:\/\/www.biopapa.lt\/en\/wp-json\/wp\/v2\/product"}],"about":[{"href":"https:\/\/www.biopapa.lt\/en\/wp-json\/wp\/v2\/types\/product"}],"wp:featuredmedia":[{"embeddable":true,"href":"https:\/\/www.biopapa.lt\/en\/wp-json\/wp\/v2\/media\/50810"}],"wp:attachment":[{"href":"https:\/\/www.biopapa.lt\/en\/wp-json\/wp\/v2\/media?parent=50806"}],"wp:term":[{"taxonomy":"product_brand","embeddable":true,"href":"https:\/\/www.biopapa.lt\/en\/wp-json\/wp\/v2\/product_brand?post=50806"},{"taxonomy":"product_cat","embeddable":true,"href":"https:\/\/www.biopapa.lt\/en\/wp-json\/wp\/v2\/product_cat?post=50806"},{"taxonomy":"product_tag","embeddable":true,"href":"https:\/\/www.biopapa.lt\/en\/wp-json\/wp\/v2\/product_tag?post=50806"}],"curies":[{"name":"wp","href":"https:\/\/api.w.org\/{rel}","templated":true}]}}