{"id":50539,"date":"2024-04-30T10:25:56","date_gmt":"2024-04-30T07:25:56","guid":{"rendered":"https:\/\/www.biopapa.lt\/?post_type=product&#038;p=50539"},"modified":"2025-07-07T15:04:35","modified_gmt":"2025-07-07T12:04:35","slug":"organic-date-syrup-450-g-300-ml","status":"publish","type":"product","link":"https:\/\/www.biopapa.lt\/en\/produktas\/organic-date-syrup-450-g-300-ml\/","title":{"rendered":"Organic date syrup, 450 g (300 ml)"},"content":{"rendered":"<p><strong>Organic date syrup, 450 g (300 ml)<\/strong><br \/>\nDate syrup, also known as date honey or date molasses, has deep roots in Middle Eastern and North African cultures dating back thousands of years.<br \/>\nDate syrup is an integral part of Middle Eastern and North African cuisine. It is used to sweeten dishes, desserts and drinks. It is also used as a natural alternative to refined sugar.<\/p>\n<p><em>High sugar content, calories:<\/em><br \/>\nAlthough date syrup is a natural sugar, overconsumption can lead to problems such as weight gain and high blood sugar levels. Date syrup has a lower glycaemic index than refined sugars, but diabetics should still monitor their consumption.<\/p>\n<p><em>How to use<br \/>\n<\/em>Date bars &#8211; mix chopped dates, sunflower seeds, oatmeal, cinnamon and date syrup. Press the mixture into a mould, flatten and cut into bars. Refrigerate until firm and ready to eat.<br \/>\nDate sweetener &#8211; add date syrup to a cup of warm drink to taste. Stir and enjoy the natural and delicious sweetness.<br \/>\nDate dessert &#8211; Bake apples in the oven with cinnamon and a little date syrup until soft and juicy. Serve with vanilla ice cream.<br \/>\nDate cake &#8211; add date syrup instead of refined sugar to baked goods or cakes to give a natural sweetness and subtle flavour of dates.<br \/>\nDate marinade &#8211; make a date syrup marinade by mixing date syrup with a blend of oil, vinegar, garlic, and a mixture of herbs.   Marinate vegetables before roasting or grilling to give them a delicate sweetness and flavour.<br \/>\nDate and nut snack &#8211; mix date syrup with cashew or almond butter and spread thinly on crackers or a slice of bread. Garnish with chopped nuts and seeds.<br \/>\nChildren will love flavoured porridge or pancakes with a little date syrup.<\/p>\n<p>It is important to remember that this syrup is quite sweet, so you can start with smaller quantities.<\/p>\n<p><em>NOTE. The information contained herein should not be construed as a recommendation for treatment or other health issues.<\/em><br \/>\n<em>We encourage you to make personal decisions about your personal health, taking into account a wide range of sources of information.<\/em><\/p>\n","protected":false},"excerpt":{"rendered":"<p>Organic date syrup, 450 g (300 ml) Date syrup, also known as date honey or date molasses, has deep roots<\/p>\n","protected":false},"featured_media":50542,"template":"","meta":{"_acf_changed":false},"product_brand":[],"product_cat":[1975,2340,2696,2007],"product_tag":[2038,2088],"class_list":{"0":"post-50539","1":"product","2":"type-product","3":"status-publish","4":"has-post-thumbnail","6":"product_cat-canned-food","7":"product_cat-for-food-preparation","8":"product_cat-jams-and-marmalades","9":"product_cat-sweeteners-and-salt","10":"product_tag-no-added-sugar","11":"product_tag-vegan","13":"first","14":"instock","15":"shipping-taxable","16":"purchasable","17":"product-type-simple"},"acf":[],"yoast_head":"<!-- This site is optimized with the Yoast SEO plugin v27.6 - https:\/\/yoast.com\/product\/yoast-seo-wordpress\/ -->\n<title>Organic date syrup, 450 g (300 ml) - Biopapa<\/title>\n<meta name=\"description\" content=\"Date syrup is an integral part of Middle Eastern and North African cuisine. It is used to sweeten dishes, desserts and drinks. It is also used as a natural alternative to refined sugar.\" \/>\n<meta name=\"robots\" content=\"index, follow, max-snippet:-1, max-image-preview:large, max-video-preview:-1\" \/>\n<link rel=\"canonical\" href=\"https:\/\/www.biopapa.lt\/en\/produktas\/organic-date-syrup-450-g-300-ml\/\" \/>\n<meta property=\"og:locale\" content=\"en_US\" \/>\n<meta property=\"og:type\" content=\"article\" \/>\n<meta property=\"og:title\" content=\"Organic date syrup, 450 g (300 ml) - Biopapa\" \/>\n<meta property=\"og:description\" content=\"Date syrup is an integral part of Middle Eastern and North African cuisine. It is used to sweeten dishes, desserts and drinks. It is also used as a natural alternative to refined sugar.\" \/>\n<meta property=\"og:url\" content=\"https:\/\/www.biopapa.lt\/en\/produktas\/organic-date-syrup-450-g-300-ml\/\" \/>\n<meta property=\"og:site_name\" content=\"Biopapa\" \/>\n<meta property=\"article:publisher\" content=\"https:\/\/www.facebook.com\/biopapa.lt\" \/>\n<meta property=\"article:modified_time\" content=\"2025-07-07T12:04:35+00:00\" \/>\n<meta property=\"og:image\" content=\"https:\/\/www.biopapa.lt\/wp-content\/uploads\/2024\/04\/Ekologiskas-datuliu-sirupas.png\" \/>\n\t<meta property=\"og:image:width\" content=\"800\" \/>\n\t<meta property=\"og:image:height\" content=\"640\" \/>\n\t<meta property=\"og:image:type\" content=\"image\/png\" \/>\n<meta name=\"twitter:card\" content=\"summary_large_image\" \/>\n<script type=\"application\/ld+json\" class=\"yoast-schema-graph\">{\"@context\":\"https:\\\/\\\/schema.org\",\"@graph\":[{\"@type\":\"WebPage\",\"@id\":\"https:\\\/\\\/www.biopapa.lt\\\/en\\\/produktas\\\/organic-date-syrup-450-g-300-ml\\\/\",\"url\":\"https:\\\/\\\/www.biopapa.lt\\\/en\\\/produktas\\\/organic-date-syrup-450-g-300-ml\\\/\",\"name\":\"Organic date syrup, 450 g (300 ml) - Biopapa\",\"isPartOf\":{\"@id\":\"https:\\\/\\\/www.biopapa.lt\\\/#website\"},\"primaryImageOfPage\":{\"@id\":\"https:\\\/\\\/www.biopapa.lt\\\/en\\\/produktas\\\/organic-date-syrup-450-g-300-ml\\\/#primaryimage\"},\"image\":{\"@id\":\"https:\\\/\\\/www.biopapa.lt\\\/en\\\/produktas\\\/organic-date-syrup-450-g-300-ml\\\/#primaryimage\"},\"thumbnailUrl\":\"https:\\\/\\\/www.biopapa.lt\\\/wp-content\\\/uploads\\\/2024\\\/04\\\/Ekologiskas-datuliu-sirupas.png\",\"datePublished\":\"2024-04-30T07:25:56+00:00\",\"dateModified\":\"2025-07-07T12:04:35+00:00\",\"description\":\"Date syrup is an integral part of Middle Eastern and North African cuisine. It is used to sweeten dishes, desserts and drinks. It is also used as a natural alternative to refined sugar.\",\"breadcrumb\":{\"@id\":\"https:\\\/\\\/www.biopapa.lt\\\/en\\\/produktas\\\/organic-date-syrup-450-g-300-ml\\\/#breadcrumb\"},\"inLanguage\":\"en-US\",\"potentialAction\":[{\"@type\":\"ReadAction\",\"target\":[\"https:\\\/\\\/www.biopapa.lt\\\/en\\\/produktas\\\/organic-date-syrup-450-g-300-ml\\\/\"]}]},{\"@type\":\"ImageObject\",\"inLanguage\":\"en-US\",\"@id\":\"https:\\\/\\\/www.biopapa.lt\\\/en\\\/produktas\\\/organic-date-syrup-450-g-300-ml\\\/#primaryimage\",\"url\":\"https:\\\/\\\/www.biopapa.lt\\\/wp-content\\\/uploads\\\/2024\\\/04\\\/Ekologiskas-datuliu-sirupas.png\",\"contentUrl\":\"https:\\\/\\\/www.biopapa.lt\\\/wp-content\\\/uploads\\\/2024\\\/04\\\/Ekologiskas-datuliu-sirupas.png\",\"width\":800,\"height\":640},{\"@type\":\"BreadcrumbList\",\"@id\":\"https:\\\/\\\/www.biopapa.lt\\\/en\\\/produktas\\\/organic-date-syrup-450-g-300-ml\\\/#breadcrumb\",\"itemListElement\":[{\"@type\":\"ListItem\",\"position\":1,\"name\":\"Home\",\"item\":\"https:\\\/\\\/www.biopapa.lt\\\/en\\\/\"},{\"@type\":\"ListItem\",\"position\":2,\"name\":\"Shop\",\"item\":\"https:\\\/\\\/www.biopapa.lt\\\/en\\\/shop\\\/\"},{\"@type\":\"ListItem\",\"position\":3,\"name\":\"Organic date syrup, 450 g (300 ml)\"}]},{\"@type\":\"WebSite\",\"@id\":\"https:\\\/\\\/www.biopapa.lt\\\/#website\",\"url\":\"https:\\\/\\\/www.biopapa.lt\\\/\",\"name\":\"Biopapa\",\"description\":\"\u0160var\u016bs ekologi\u0161ki produktai\",\"publisher\":{\"@id\":\"https:\\\/\\\/www.biopapa.lt\\\/#organization\"},\"potentialAction\":[{\"@type\":\"SearchAction\",\"target\":{\"@type\":\"EntryPoint\",\"urlTemplate\":\"https:\\\/\\\/www.biopapa.lt\\\/?s={search_term_string}\"},\"query-input\":{\"@type\":\"PropertyValueSpecification\",\"valueRequired\":true,\"valueName\":\"search_term_string\"}}],\"inLanguage\":\"en-US\"},{\"@type\":\"Organization\",\"@id\":\"https:\\\/\\\/www.biopapa.lt\\\/#organization\",\"name\":\"Biopapa\",\"url\":\"https:\\\/\\\/www.biopapa.lt\\\/\",\"logo\":{\"@type\":\"ImageObject\",\"inLanguage\":\"en-US\",\"@id\":\"https:\\\/\\\/www.biopapa.lt\\\/#\\\/schema\\\/logo\\\/image\\\/\",\"url\":\"https:\\\/\\\/www.biopapa.lt\\\/wp-content\\\/uploads\\\/2022\\\/04\\\/facebook_biopapa.jpg\",\"contentUrl\":\"https:\\\/\\\/www.biopapa.lt\\\/wp-content\\\/uploads\\\/2022\\\/04\\\/facebook_biopapa.jpg\",\"width\":1733,\"height\":907,\"caption\":\"Biopapa\"},\"image\":{\"@id\":\"https:\\\/\\\/www.biopapa.lt\\\/#\\\/schema\\\/logo\\\/image\\\/\"},\"sameAs\":[\"https:\\\/\\\/www.facebook.com\\\/biopapa.lt\"]}]}<\/script>\n<!-- \/ Yoast SEO plugin. -->","yoast_head_json":{"title":"Organic date syrup, 450 g (300 ml) - Biopapa","description":"Date syrup is an integral part of Middle Eastern and North African cuisine. It is used to sweeten dishes, desserts and drinks. It is also used as a natural alternative to refined sugar.","robots":{"index":"index","follow":"follow","max-snippet":"max-snippet:-1","max-image-preview":"max-image-preview:large","max-video-preview":"max-video-preview:-1"},"canonical":"https:\/\/www.biopapa.lt\/en\/produktas\/organic-date-syrup-450-g-300-ml\/","og_locale":"en_US","og_type":"article","og_title":"Organic date syrup, 450 g (300 ml) - Biopapa","og_description":"Date syrup is an integral part of Middle Eastern and North African cuisine. It is used to sweeten dishes, desserts and drinks. It is also used as a natural alternative to refined sugar.","og_url":"https:\/\/www.biopapa.lt\/en\/produktas\/organic-date-syrup-450-g-300-ml\/","og_site_name":"Biopapa","article_publisher":"https:\/\/www.facebook.com\/biopapa.lt","article_modified_time":"2025-07-07T12:04:35+00:00","og_image":[{"width":800,"height":640,"url":"https:\/\/www.biopapa.lt\/wp-content\/uploads\/2024\/04\/Ekologiskas-datuliu-sirupas.png","type":"image\/png"}],"twitter_card":"summary_large_image","schema":{"@context":"https:\/\/schema.org","@graph":[{"@type":"WebPage","@id":"https:\/\/www.biopapa.lt\/en\/produktas\/organic-date-syrup-450-g-300-ml\/","url":"https:\/\/www.biopapa.lt\/en\/produktas\/organic-date-syrup-450-g-300-ml\/","name":"Organic date syrup, 450 g (300 ml) - Biopapa","isPartOf":{"@id":"https:\/\/www.biopapa.lt\/#website"},"primaryImageOfPage":{"@id":"https:\/\/www.biopapa.lt\/en\/produktas\/organic-date-syrup-450-g-300-ml\/#primaryimage"},"image":{"@id":"https:\/\/www.biopapa.lt\/en\/produktas\/organic-date-syrup-450-g-300-ml\/#primaryimage"},"thumbnailUrl":"https:\/\/www.biopapa.lt\/wp-content\/uploads\/2024\/04\/Ekologiskas-datuliu-sirupas.png","datePublished":"2024-04-30T07:25:56+00:00","dateModified":"2025-07-07T12:04:35+00:00","description":"Date syrup is an integral part of Middle Eastern and North African cuisine. It is used to sweeten dishes, desserts and drinks. It is also used as a natural alternative to refined sugar.","breadcrumb":{"@id":"https:\/\/www.biopapa.lt\/en\/produktas\/organic-date-syrup-450-g-300-ml\/#breadcrumb"},"inLanguage":"en-US","potentialAction":[{"@type":"ReadAction","target":["https:\/\/www.biopapa.lt\/en\/produktas\/organic-date-syrup-450-g-300-ml\/"]}]},{"@type":"ImageObject","inLanguage":"en-US","@id":"https:\/\/www.biopapa.lt\/en\/produktas\/organic-date-syrup-450-g-300-ml\/#primaryimage","url":"https:\/\/www.biopapa.lt\/wp-content\/uploads\/2024\/04\/Ekologiskas-datuliu-sirupas.png","contentUrl":"https:\/\/www.biopapa.lt\/wp-content\/uploads\/2024\/04\/Ekologiskas-datuliu-sirupas.png","width":800,"height":640},{"@type":"BreadcrumbList","@id":"https:\/\/www.biopapa.lt\/en\/produktas\/organic-date-syrup-450-g-300-ml\/#breadcrumb","itemListElement":[{"@type":"ListItem","position":1,"name":"Home","item":"https:\/\/www.biopapa.lt\/en\/"},{"@type":"ListItem","position":2,"name":"Shop","item":"https:\/\/www.biopapa.lt\/en\/shop\/"},{"@type":"ListItem","position":3,"name":"Organic date syrup, 450 g (300 ml)"}]},{"@type":"WebSite","@id":"https:\/\/www.biopapa.lt\/#website","url":"https:\/\/www.biopapa.lt\/","name":"Biopapa","description":"\u0160var\u016bs ekologi\u0161ki produktai","publisher":{"@id":"https:\/\/www.biopapa.lt\/#organization"},"potentialAction":[{"@type":"SearchAction","target":{"@type":"EntryPoint","urlTemplate":"https:\/\/www.biopapa.lt\/?s={search_term_string}"},"query-input":{"@type":"PropertyValueSpecification","valueRequired":true,"valueName":"search_term_string"}}],"inLanguage":"en-US"},{"@type":"Organization","@id":"https:\/\/www.biopapa.lt\/#organization","name":"Biopapa","url":"https:\/\/www.biopapa.lt\/","logo":{"@type":"ImageObject","inLanguage":"en-US","@id":"https:\/\/www.biopapa.lt\/#\/schema\/logo\/image\/","url":"https:\/\/www.biopapa.lt\/wp-content\/uploads\/2022\/04\/facebook_biopapa.jpg","contentUrl":"https:\/\/www.biopapa.lt\/wp-content\/uploads\/2022\/04\/facebook_biopapa.jpg","width":1733,"height":907,"caption":"Biopapa"},"image":{"@id":"https:\/\/www.biopapa.lt\/#\/schema\/logo\/image\/"},"sameAs":["https:\/\/www.facebook.com\/biopapa.lt"]}]}},"_links":{"self":[{"href":"https:\/\/www.biopapa.lt\/en\/wp-json\/wp\/v2\/product\/50539","targetHints":{"allow":["GET"]}}],"collection":[{"href":"https:\/\/www.biopapa.lt\/en\/wp-json\/wp\/v2\/product"}],"about":[{"href":"https:\/\/www.biopapa.lt\/en\/wp-json\/wp\/v2\/types\/product"}],"wp:featuredmedia":[{"embeddable":true,"href":"https:\/\/www.biopapa.lt\/en\/wp-json\/wp\/v2\/media\/50542"}],"wp:attachment":[{"href":"https:\/\/www.biopapa.lt\/en\/wp-json\/wp\/v2\/media?parent=50539"}],"wp:term":[{"taxonomy":"product_brand","embeddable":true,"href":"https:\/\/www.biopapa.lt\/en\/wp-json\/wp\/v2\/product_brand?post=50539"},{"taxonomy":"product_cat","embeddable":true,"href":"https:\/\/www.biopapa.lt\/en\/wp-json\/wp\/v2\/product_cat?post=50539"},{"taxonomy":"product_tag","embeddable":true,"href":"https:\/\/www.biopapa.lt\/en\/wp-json\/wp\/v2\/product_tag?post=50539"}],"curies":[{"name":"wp","href":"https:\/\/api.w.org\/{rel}","templated":true}]}}