{"id":48458,"date":"2024-03-15T09:17:58","date_gmt":"2024-03-15T07:17:58","guid":{"rendered":"https:\/\/www.biopapa.lt\/?post_type=product&#038;p=48458"},"modified":"2026-02-12T10:54:33","modified_gmt":"2026-02-12T08:54:33","slug":"organic-oyster-mushroom-powder-pleurotus-ostreatus","status":"publish","type":"product","link":"https:\/\/www.biopapa.lt\/en\/produktas\/organic-oyster-mushroom-powder-pleurotus-ostreatus\/","title":{"rendered":"Organic Oyster mushroom powder (Pleurotus ostreatus)"},"content":{"rendered":"<p><strong>Organic Oyster mushroom powder (Pleurotus ostreatus)<\/strong><\/p>\n<p>Oyster mushroom (Pleurotus ostreatus), is an interesting mushroom species with a rich history, diverse traditions and a variety of health benefits.<br \/>\nThis mushroom has a long history dating back centuries. Originating from warm regions of the world, including Europe, Asia and North America, it has been revered for its culinary and medicinal effects. Historically, it has been particularly important in Asian cultures, where it has been cultivated and consumed for centuries.<br \/>\nIn addition to its culinary uses, this mushroom has also been used for its medicinal qualities in traditional medical systems. They are believed to have a wide range of health benefits.<br \/>\nThey are low in calories, yet rich in protein and fibre.<br \/>\nThe mushroom&#8217;s fruiting bodies grow in dense clusters, with a shell-shaped cap on a pale stalk, usually brown or grey in colour.<br \/>\nAs Pleurotus ostreatus is very popular and known worldwide as an edible mushroom, it is also increasingly in demand as a food supplement.<br \/>\nTraditionally, the curly mushroom has been valued for its culinary versatility and its rich flavour.  Oyster mushrooms are not only tasty but also very nutritious. They are often used in cuisines around the world, including Chinese, Japanese, Korean and European. In Asian cuisine, it is often included in stir-fries, soups and pasta dishes, while in Western cuisine it is often used in sauces, rice dishes and as a meat substitute.<\/p>\n<p><em>Caution<\/em><br \/>\nAlthough curly leaf mushrooms are generally safe to consume and well tolerated by most people, some people may experience adverse reactions.<br \/>\nIt is important to be careful, especially if you know that you are allergic to mushrooms.<br \/>\nTaking large quantities may cause stomach problems such as nausea, bloating or diarrhoea.<\/p>\n<p><em>Uses<\/em><br \/>\nThe flavour is intense, earthy, with a little umami, and extremely versatile; a wide variety of dishes will be enriched by the addition of these mushroom powders.<br \/>\nYou can add the Curly Mushroom Powder to soups, a wide variety of stews, sauces, rice and lentil dishes, pancakes or simply use it as a condiment on pizza or burgers.<\/p>\n<p><em>Sources:<\/em><br \/>\nwww.sciencedirect.com<br \/>\nwww.healingmaps.com<br \/>\nwww.ultimate-mushroom.com<\/p>\n<p><em>NOTE. The information contained herein should not be construed as a recommendation for treatment or other health issues.<\/em><br \/>\n<em>We encourage you to make personal decisions about your personal health, taking into account a wide range of sources of information.<\/em><\/p>\n","protected":false},"excerpt":{"rendered":"<p>Organic Oyster mushroom powder (Pleurotus ostreatus) Oyster mushroom (Pleurotus ostreatus), is an interesting mushroom species with a rich history, diverse<\/p>\n","protected":false},"featured_media":48515,"template":"","meta":{"_acf_changed":false},"product_brand":[],"product_cat":[1849,2693,1848,2353],"product_tag":[2384,2088],"class_list":{"0":"post-48458","1":"product","2":"type-product","3":"status-publish","4":"has-post-thumbnail","6":"product_cat-dried-fruit-berries-and-vegetables","7":"product_cat-dried-mushrooms-and-powders","8":"product_cat-plant-based-superfood","9":"product_cat-powder","10":"product_tag-organic","11":"product_tag-vegan","12":"pa_svoris-1-kg-en-2","13":"pa_svoris-100-g-en-2","14":"pa_svoris-200-g-en","15":"pa_svoris-300-g-en","16":"pa_svoris-400-g-en","17":"pa_svoris-5-kg-en-2","18":"pa_svoris-500-g-en-2","20":"first","21":"instock","22":"shipping-taxable","23":"purchasable","24":"product-type-variable"},"acf":[],"yoast_head":"<!-- This site is optimized with the Yoast SEO plugin v27.5 - https:\/\/yoast.com\/product\/yoast-seo-wordpress\/ -->\n<title>Organic Oyster mushroom powder (Pleurotus ostreatus) - Biopapa<\/title>\n<meta name=\"description\" content=\"Oyster mushrooms are not only tasty but also very nutritious. They are low in calories while being rich in protein, fibre, vitamins and minerals.\" \/>\n<meta name=\"robots\" content=\"index, follow, max-snippet:-1, max-image-preview:large, max-video-preview:-1\" \/>\n<link rel=\"canonical\" href=\"https:\/\/www.biopapa.lt\/en\/produktas\/organic-oyster-mushroom-powder-pleurotus-ostreatus\/\" \/>\n<meta property=\"og:locale\" content=\"en_US\" \/>\n<meta property=\"og:type\" content=\"article\" \/>\n<meta property=\"og:title\" content=\"Organic Oyster mushroom powder (Pleurotus ostreatus) - Biopapa\" \/>\n<meta property=\"og:description\" content=\"Oyster mushrooms are not only tasty but also very nutritious. They are low in calories while being rich in protein, fibre, vitamins and minerals.\" \/>\n<meta property=\"og:url\" content=\"https:\/\/www.biopapa.lt\/en\/produktas\/organic-oyster-mushroom-powder-pleurotus-ostreatus\/\" \/>\n<meta property=\"og:site_name\" content=\"Biopapa\" \/>\n<meta property=\"article:publisher\" content=\"https:\/\/www.facebook.com\/biopapa.lt\" \/>\n<meta property=\"article:modified_time\" content=\"2026-02-12T08:54:33+00:00\" \/>\n<meta property=\"og:image\" content=\"https:\/\/www.biopapa.lt\/wp-content\/uploads\/2024\/03\/Ekologiski-gluosnines-kreivabudes-milteliai-Oyster.png\" \/>\n\t<meta property=\"og:image:width\" content=\"800\" \/>\n\t<meta property=\"og:image:height\" content=\"640\" \/>\n\t<meta property=\"og:image:type\" content=\"image\/png\" \/>\n<meta name=\"twitter:card\" content=\"summary_large_image\" \/>\n<script type=\"application\/ld+json\" class=\"yoast-schema-graph\">{\"@context\":\"https:\\\/\\\/schema.org\",\"@graph\":[{\"@type\":\"WebPage\",\"@id\":\"https:\\\/\\\/www.biopapa.lt\\\/en\\\/produktas\\\/organic-oyster-mushroom-powder-pleurotus-ostreatus\\\/\",\"url\":\"https:\\\/\\\/www.biopapa.lt\\\/en\\\/produktas\\\/organic-oyster-mushroom-powder-pleurotus-ostreatus\\\/\",\"name\":\"Organic Oyster mushroom powder (Pleurotus ostreatus) - Biopapa\",\"isPartOf\":{\"@id\":\"https:\\\/\\\/www.biopapa.lt\\\/#website\"},\"primaryImageOfPage\":{\"@id\":\"https:\\\/\\\/www.biopapa.lt\\\/en\\\/produktas\\\/organic-oyster-mushroom-powder-pleurotus-ostreatus\\\/#primaryimage\"},\"image\":{\"@id\":\"https:\\\/\\\/www.biopapa.lt\\\/en\\\/produktas\\\/organic-oyster-mushroom-powder-pleurotus-ostreatus\\\/#primaryimage\"},\"thumbnailUrl\":\"https:\\\/\\\/www.biopapa.lt\\\/wp-content\\\/uploads\\\/2024\\\/03\\\/Ekologiski-gluosnines-kreivabudes-milteliai-Oyster.png\",\"datePublished\":\"2024-03-15T07:17:58+00:00\",\"dateModified\":\"2026-02-12T08:54:33+00:00\",\"description\":\"Oyster mushrooms are not only tasty but also very nutritious. They are low in calories while being rich in protein, fibre, vitamins and minerals.\",\"breadcrumb\":{\"@id\":\"https:\\\/\\\/www.biopapa.lt\\\/en\\\/produktas\\\/organic-oyster-mushroom-powder-pleurotus-ostreatus\\\/#breadcrumb\"},\"inLanguage\":\"en-US\",\"potentialAction\":[{\"@type\":\"ReadAction\",\"target\":[\"https:\\\/\\\/www.biopapa.lt\\\/en\\\/produktas\\\/organic-oyster-mushroom-powder-pleurotus-ostreatus\\\/\"]}]},{\"@type\":\"ImageObject\",\"inLanguage\":\"en-US\",\"@id\":\"https:\\\/\\\/www.biopapa.lt\\\/en\\\/produktas\\\/organic-oyster-mushroom-powder-pleurotus-ostreatus\\\/#primaryimage\",\"url\":\"https:\\\/\\\/www.biopapa.lt\\\/wp-content\\\/uploads\\\/2024\\\/03\\\/Ekologiski-gluosnines-kreivabudes-milteliai-Oyster.png\",\"contentUrl\":\"https:\\\/\\\/www.biopapa.lt\\\/wp-content\\\/uploads\\\/2024\\\/03\\\/Ekologiski-gluosnines-kreivabudes-milteliai-Oyster.png\",\"width\":800,\"height\":640},{\"@type\":\"BreadcrumbList\",\"@id\":\"https:\\\/\\\/www.biopapa.lt\\\/en\\\/produktas\\\/organic-oyster-mushroom-powder-pleurotus-ostreatus\\\/#breadcrumb\",\"itemListElement\":[{\"@type\":\"ListItem\",\"position\":1,\"name\":\"Home\",\"item\":\"https:\\\/\\\/www.biopapa.lt\\\/en\\\/\"},{\"@type\":\"ListItem\",\"position\":2,\"name\":\"Shop\",\"item\":\"https:\\\/\\\/www.biopapa.lt\\\/en\\\/shop\\\/\"},{\"@type\":\"ListItem\",\"position\":3,\"name\":\"Organic Oyster mushroom powder (Pleurotus ostreatus)\"}]},{\"@type\":\"WebSite\",\"@id\":\"https:\\\/\\\/www.biopapa.lt\\\/#website\",\"url\":\"https:\\\/\\\/www.biopapa.lt\\\/\",\"name\":\"Biopapa\",\"description\":\"\u0160var\u016bs ekologi\u0161ki produktai\",\"publisher\":{\"@id\":\"https:\\\/\\\/www.biopapa.lt\\\/#organization\"},\"potentialAction\":[{\"@type\":\"SearchAction\",\"target\":{\"@type\":\"EntryPoint\",\"urlTemplate\":\"https:\\\/\\\/www.biopapa.lt\\\/?s={search_term_string}\"},\"query-input\":{\"@type\":\"PropertyValueSpecification\",\"valueRequired\":true,\"valueName\":\"search_term_string\"}}],\"inLanguage\":\"en-US\"},{\"@type\":\"Organization\",\"@id\":\"https:\\\/\\\/www.biopapa.lt\\\/#organization\",\"name\":\"Biopapa\",\"url\":\"https:\\\/\\\/www.biopapa.lt\\\/\",\"logo\":{\"@type\":\"ImageObject\",\"inLanguage\":\"en-US\",\"@id\":\"https:\\\/\\\/www.biopapa.lt\\\/#\\\/schema\\\/logo\\\/image\\\/\",\"url\":\"https:\\\/\\\/www.biopapa.lt\\\/wp-content\\\/uploads\\\/2022\\\/04\\\/facebook_biopapa.jpg\",\"contentUrl\":\"https:\\\/\\\/www.biopapa.lt\\\/wp-content\\\/uploads\\\/2022\\\/04\\\/facebook_biopapa.jpg\",\"width\":1733,\"height\":907,\"caption\":\"Biopapa\"},\"image\":{\"@id\":\"https:\\\/\\\/www.biopapa.lt\\\/#\\\/schema\\\/logo\\\/image\\\/\"},\"sameAs\":[\"https:\\\/\\\/www.facebook.com\\\/biopapa.lt\"]}]}<\/script>\n<!-- \/ Yoast SEO plugin. -->","yoast_head_json":{"title":"Organic Oyster mushroom powder (Pleurotus ostreatus) - Biopapa","description":"Oyster mushrooms are not only tasty but also very nutritious. They are low in calories while being rich in protein, fibre, vitamins and minerals.","robots":{"index":"index","follow":"follow","max-snippet":"max-snippet:-1","max-image-preview":"max-image-preview:large","max-video-preview":"max-video-preview:-1"},"canonical":"https:\/\/www.biopapa.lt\/en\/produktas\/organic-oyster-mushroom-powder-pleurotus-ostreatus\/","og_locale":"en_US","og_type":"article","og_title":"Organic Oyster mushroom powder (Pleurotus ostreatus) - Biopapa","og_description":"Oyster mushrooms are not only tasty but also very nutritious. They are low in calories while being rich in protein, fibre, vitamins and minerals.","og_url":"https:\/\/www.biopapa.lt\/en\/produktas\/organic-oyster-mushroom-powder-pleurotus-ostreatus\/","og_site_name":"Biopapa","article_publisher":"https:\/\/www.facebook.com\/biopapa.lt","article_modified_time":"2026-02-12T08:54:33+00:00","og_image":[{"width":800,"height":640,"url":"https:\/\/www.biopapa.lt\/wp-content\/uploads\/2024\/03\/Ekologiski-gluosnines-kreivabudes-milteliai-Oyster.png","type":"image\/png"}],"twitter_card":"summary_large_image","schema":{"@context":"https:\/\/schema.org","@graph":[{"@type":"WebPage","@id":"https:\/\/www.biopapa.lt\/en\/produktas\/organic-oyster-mushroom-powder-pleurotus-ostreatus\/","url":"https:\/\/www.biopapa.lt\/en\/produktas\/organic-oyster-mushroom-powder-pleurotus-ostreatus\/","name":"Organic Oyster mushroom powder (Pleurotus ostreatus) - Biopapa","isPartOf":{"@id":"https:\/\/www.biopapa.lt\/#website"},"primaryImageOfPage":{"@id":"https:\/\/www.biopapa.lt\/en\/produktas\/organic-oyster-mushroom-powder-pleurotus-ostreatus\/#primaryimage"},"image":{"@id":"https:\/\/www.biopapa.lt\/en\/produktas\/organic-oyster-mushroom-powder-pleurotus-ostreatus\/#primaryimage"},"thumbnailUrl":"https:\/\/www.biopapa.lt\/wp-content\/uploads\/2024\/03\/Ekologiski-gluosnines-kreivabudes-milteliai-Oyster.png","datePublished":"2024-03-15T07:17:58+00:00","dateModified":"2026-02-12T08:54:33+00:00","description":"Oyster mushrooms are not only tasty but also very nutritious. They are low in calories while being rich in protein, fibre, vitamins and minerals.","breadcrumb":{"@id":"https:\/\/www.biopapa.lt\/en\/produktas\/organic-oyster-mushroom-powder-pleurotus-ostreatus\/#breadcrumb"},"inLanguage":"en-US","potentialAction":[{"@type":"ReadAction","target":["https:\/\/www.biopapa.lt\/en\/produktas\/organic-oyster-mushroom-powder-pleurotus-ostreatus\/"]}]},{"@type":"ImageObject","inLanguage":"en-US","@id":"https:\/\/www.biopapa.lt\/en\/produktas\/organic-oyster-mushroom-powder-pleurotus-ostreatus\/#primaryimage","url":"https:\/\/www.biopapa.lt\/wp-content\/uploads\/2024\/03\/Ekologiski-gluosnines-kreivabudes-milteliai-Oyster.png","contentUrl":"https:\/\/www.biopapa.lt\/wp-content\/uploads\/2024\/03\/Ekologiski-gluosnines-kreivabudes-milteliai-Oyster.png","width":800,"height":640},{"@type":"BreadcrumbList","@id":"https:\/\/www.biopapa.lt\/en\/produktas\/organic-oyster-mushroom-powder-pleurotus-ostreatus\/#breadcrumb","itemListElement":[{"@type":"ListItem","position":1,"name":"Home","item":"https:\/\/www.biopapa.lt\/en\/"},{"@type":"ListItem","position":2,"name":"Shop","item":"https:\/\/www.biopapa.lt\/en\/shop\/"},{"@type":"ListItem","position":3,"name":"Organic Oyster mushroom powder (Pleurotus ostreatus)"}]},{"@type":"WebSite","@id":"https:\/\/www.biopapa.lt\/#website","url":"https:\/\/www.biopapa.lt\/","name":"Biopapa","description":"\u0160var\u016bs ekologi\u0161ki produktai","publisher":{"@id":"https:\/\/www.biopapa.lt\/#organization"},"potentialAction":[{"@type":"SearchAction","target":{"@type":"EntryPoint","urlTemplate":"https:\/\/www.biopapa.lt\/?s={search_term_string}"},"query-input":{"@type":"PropertyValueSpecification","valueRequired":true,"valueName":"search_term_string"}}],"inLanguage":"en-US"},{"@type":"Organization","@id":"https:\/\/www.biopapa.lt\/#organization","name":"Biopapa","url":"https:\/\/www.biopapa.lt\/","logo":{"@type":"ImageObject","inLanguage":"en-US","@id":"https:\/\/www.biopapa.lt\/#\/schema\/logo\/image\/","url":"https:\/\/www.biopapa.lt\/wp-content\/uploads\/2022\/04\/facebook_biopapa.jpg","contentUrl":"https:\/\/www.biopapa.lt\/wp-content\/uploads\/2022\/04\/facebook_biopapa.jpg","width":1733,"height":907,"caption":"Biopapa"},"image":{"@id":"https:\/\/www.biopapa.lt\/#\/schema\/logo\/image\/"},"sameAs":["https:\/\/www.facebook.com\/biopapa.lt"]}]}},"_links":{"self":[{"href":"https:\/\/www.biopapa.lt\/en\/wp-json\/wp\/v2\/product\/48458","targetHints":{"allow":["GET"]}}],"collection":[{"href":"https:\/\/www.biopapa.lt\/en\/wp-json\/wp\/v2\/product"}],"about":[{"href":"https:\/\/www.biopapa.lt\/en\/wp-json\/wp\/v2\/types\/product"}],"wp:featuredmedia":[{"embeddable":true,"href":"https:\/\/www.biopapa.lt\/en\/wp-json\/wp\/v2\/media\/48515"}],"wp:attachment":[{"href":"https:\/\/www.biopapa.lt\/en\/wp-json\/wp\/v2\/media?parent=48458"}],"wp:term":[{"taxonomy":"product_brand","embeddable":true,"href":"https:\/\/www.biopapa.lt\/en\/wp-json\/wp\/v2\/product_brand?post=48458"},{"taxonomy":"product_cat","embeddable":true,"href":"https:\/\/www.biopapa.lt\/en\/wp-json\/wp\/v2\/product_cat?post=48458"},{"taxonomy":"product_tag","embeddable":true,"href":"https:\/\/www.biopapa.lt\/en\/wp-json\/wp\/v2\/product_tag?post=48458"}],"curies":[{"name":"wp","href":"https:\/\/api.w.org\/{rel}","templated":true}]}}