{"id":46772,"date":"2024-02-11T13:00:56","date_gmt":"2024-02-11T11:00:56","guid":{"rendered":"https:\/\/www.biopapa.lt\/?post_type=product&#038;p=46772"},"modified":"2026-03-08T01:05:39","modified_gmt":"2026-03-07T23:05:39","slug":"organic-bulgarian-chamomile-water-120ml-alteya","status":"publish","type":"product","link":"https:\/\/www.biopapa.lt\/en\/produktas\/organic-bulgarian-chamomile-water-120ml-alteya\/","title":{"rendered":"Organic Bulgarian chamomile water, 120 ml, ALTEYA"},"content":{"rendered":"<p><strong>Organic Bulgarian chamomile water, 120 ml, ALTEYA <\/strong><\/p>\n<p>Alteya 100% Chamomile Flower Water is obtained by steam distillation from fresh, organic flowers. This very gentle floral water helps to awaken and tone sagging skin. It is also beneficial for problematic skin and helps with skin irritations and inflammations. Its pleasant, fresh scent lifts the mood and refreshes the mind.<\/p>\n<p><em>Useful properties<\/em><br \/>\n&#8211; Therapeutic grade<br \/>\n&#8211; Refreshing and tonic<br \/>\n&#8211; Energising<br \/>\n&#8211; Flavour enhancement in food and drink.<\/p>\n<p><em>Use<br \/>\n<\/em>&#8211; After cleansing\/shower<br \/>\n&#8211; After sun exposure<br \/>\n&#8211; After exercise<br \/>\n&#8211; For travel<\/p>\n<p>Certified USDA Organic.<\/p>\n","protected":false},"excerpt":{"rendered":"<p>Organic Bulgarian chamomile water, 120 ml, ALTEYA Alteya 100% Chamomile Flower Water is obtained by steam distillation from fresh, organic<\/p>\n","protected":false},"featured_media":46783,"template":"","meta":{"_acf_changed":false},"product_brand":[],"product_cat":[2492,1962,1967,1971,2340,1969,2359],"product_tag":[2058,2090],"class_list":{"0":"post-46772","1":"product","2":"type-product","3":"status-publish","4":"has-post-thumbnail","6":"product_cat-alteya-en","7":"product_cat-beauty-and-hygiene","8":"product_cat-body-care","9":"product_cat-facial-care","10":"product_cat-for-food-preparation","11":"product_cat-hair-care","12":"product_cat-other","13":"product_tag-body-care","14":"product_tag-facial-care","16":"first","17":"outofstock","18":"shipping-taxable","19":"purchasable","20":"product-type-simple"},"acf":[],"yoast_head":"<!-- This site is optimized with the Yoast SEO plugin v27.5 - https:\/\/yoast.com\/product\/yoast-seo-wordpress\/ -->\n<title>Organic Bulgarian chamomile water, 120 ml, ALTEYA - Biopapa<\/title>\n<meta name=\"description\" content=\"Alteya 100% Chamomile Flower Water is obtained by steam distillation from fresh, organic flowers. This very gentle floral water helps to awaken and tone sagging skin.\" \/>\n<meta name=\"robots\" content=\"index, follow, max-snippet:-1, max-image-preview:large, max-video-preview:-1\" \/>\n<link rel=\"canonical\" href=\"https:\/\/www.biopapa.lt\/en\/produktas\/organic-bulgarian-chamomile-water-120ml-alteya\/\" \/>\n<meta property=\"og:locale\" content=\"en_US\" \/>\n<meta property=\"og:type\" content=\"article\" \/>\n<meta property=\"og:title\" content=\"Organic Bulgarian chamomile water, 120 ml, ALTEYA - Biopapa\" \/>\n<meta property=\"og:description\" content=\"Alteya 100% Chamomile Flower Water is obtained by steam distillation from fresh, organic flowers. This very gentle floral water helps to awaken and tone sagging skin.\" \/>\n<meta property=\"og:url\" content=\"https:\/\/www.biopapa.lt\/en\/produktas\/organic-bulgarian-chamomile-water-120ml-alteya\/\" \/>\n<meta property=\"og:site_name\" content=\"Biopapa\" \/>\n<meta property=\"article:publisher\" content=\"https:\/\/www.facebook.com\/biopapa.lt\" \/>\n<meta property=\"article:modified_time\" content=\"2026-03-07T23:05:39+00:00\" \/>\n<meta property=\"og:image\" content=\"https:\/\/www.biopapa.lt\/wp-content\/uploads\/2024\/02\/Ekologiskas-bulgarijos-ramuneliu-vanduo-120-ml-ALTEYA-.png\" \/>\n\t<meta property=\"og:image:width\" content=\"1600\" \/>\n\t<meta property=\"og:image:height\" content=\"1280\" \/>\n\t<meta property=\"og:image:type\" content=\"image\/png\" \/>\n<meta name=\"twitter:card\" content=\"summary_large_image\" \/>\n<script type=\"application\/ld+json\" class=\"yoast-schema-graph\">{\"@context\":\"https:\\\/\\\/schema.org\",\"@graph\":[{\"@type\":\"WebPage\",\"@id\":\"https:\\\/\\\/www.biopapa.lt\\\/en\\\/produktas\\\/organic-bulgarian-chamomile-water-120ml-alteya\\\/\",\"url\":\"https:\\\/\\\/www.biopapa.lt\\\/en\\\/produktas\\\/organic-bulgarian-chamomile-water-120ml-alteya\\\/\",\"name\":\"Organic Bulgarian chamomile water, 120 ml, ALTEYA - Biopapa\",\"isPartOf\":{\"@id\":\"https:\\\/\\\/www.biopapa.lt\\\/#website\"},\"primaryImageOfPage\":{\"@id\":\"https:\\\/\\\/www.biopapa.lt\\\/en\\\/produktas\\\/organic-bulgarian-chamomile-water-120ml-alteya\\\/#primaryimage\"},\"image\":{\"@id\":\"https:\\\/\\\/www.biopapa.lt\\\/en\\\/produktas\\\/organic-bulgarian-chamomile-water-120ml-alteya\\\/#primaryimage\"},\"thumbnailUrl\":\"https:\\\/\\\/www.biopapa.lt\\\/wp-content\\\/uploads\\\/2024\\\/02\\\/Ekologiskas-bulgarijos-ramuneliu-vanduo-120-ml-ALTEYA-.png\",\"datePublished\":\"2024-02-11T11:00:56+00:00\",\"dateModified\":\"2026-03-07T23:05:39+00:00\",\"description\":\"Alteya 100% Chamomile Flower Water is obtained by steam distillation from fresh, organic flowers. This very gentle floral water helps to awaken and tone sagging skin.\",\"breadcrumb\":{\"@id\":\"https:\\\/\\\/www.biopapa.lt\\\/en\\\/produktas\\\/organic-bulgarian-chamomile-water-120ml-alteya\\\/#breadcrumb\"},\"inLanguage\":\"en-US\",\"potentialAction\":[{\"@type\":\"ReadAction\",\"target\":[\"https:\\\/\\\/www.biopapa.lt\\\/en\\\/produktas\\\/organic-bulgarian-chamomile-water-120ml-alteya\\\/\"]}]},{\"@type\":\"ImageObject\",\"inLanguage\":\"en-US\",\"@id\":\"https:\\\/\\\/www.biopapa.lt\\\/en\\\/produktas\\\/organic-bulgarian-chamomile-water-120ml-alteya\\\/#primaryimage\",\"url\":\"https:\\\/\\\/www.biopapa.lt\\\/wp-content\\\/uploads\\\/2024\\\/02\\\/Ekologiskas-bulgarijos-ramuneliu-vanduo-120-ml-ALTEYA-.png\",\"contentUrl\":\"https:\\\/\\\/www.biopapa.lt\\\/wp-content\\\/uploads\\\/2024\\\/02\\\/Ekologiskas-bulgarijos-ramuneliu-vanduo-120-ml-ALTEYA-.png\",\"width\":1600,\"height\":1280},{\"@type\":\"BreadcrumbList\",\"@id\":\"https:\\\/\\\/www.biopapa.lt\\\/en\\\/produktas\\\/organic-bulgarian-chamomile-water-120ml-alteya\\\/#breadcrumb\",\"itemListElement\":[{\"@type\":\"ListItem\",\"position\":1,\"name\":\"Home\",\"item\":\"https:\\\/\\\/www.biopapa.lt\\\/en\\\/\"},{\"@type\":\"ListItem\",\"position\":2,\"name\":\"Shop\",\"item\":\"https:\\\/\\\/www.biopapa.lt\\\/en\\\/shop\\\/\"},{\"@type\":\"ListItem\",\"position\":3,\"name\":\"Organic Bulgarian chamomile water, 120 ml, ALTEYA\"}]},{\"@type\":\"WebSite\",\"@id\":\"https:\\\/\\\/www.biopapa.lt\\\/#website\",\"url\":\"https:\\\/\\\/www.biopapa.lt\\\/\",\"name\":\"Biopapa\",\"description\":\"\u0160var\u016bs ekologi\u0161ki produktai\",\"publisher\":{\"@id\":\"https:\\\/\\\/www.biopapa.lt\\\/#organization\"},\"potentialAction\":[{\"@type\":\"SearchAction\",\"target\":{\"@type\":\"EntryPoint\",\"urlTemplate\":\"https:\\\/\\\/www.biopapa.lt\\\/?s={search_term_string}\"},\"query-input\":{\"@type\":\"PropertyValueSpecification\",\"valueRequired\":true,\"valueName\":\"search_term_string\"}}],\"inLanguage\":\"en-US\"},{\"@type\":\"Organization\",\"@id\":\"https:\\\/\\\/www.biopapa.lt\\\/#organization\",\"name\":\"Biopapa\",\"url\":\"https:\\\/\\\/www.biopapa.lt\\\/\",\"logo\":{\"@type\":\"ImageObject\",\"inLanguage\":\"en-US\",\"@id\":\"https:\\\/\\\/www.biopapa.lt\\\/#\\\/schema\\\/logo\\\/image\\\/\",\"url\":\"https:\\\/\\\/www.biopapa.lt\\\/wp-content\\\/uploads\\\/2022\\\/04\\\/facebook_biopapa.jpg\",\"contentUrl\":\"https:\\\/\\\/www.biopapa.lt\\\/wp-content\\\/uploads\\\/2022\\\/04\\\/facebook_biopapa.jpg\",\"width\":1733,\"height\":907,\"caption\":\"Biopapa\"},\"image\":{\"@id\":\"https:\\\/\\\/www.biopapa.lt\\\/#\\\/schema\\\/logo\\\/image\\\/\"},\"sameAs\":[\"https:\\\/\\\/www.facebook.com\\\/biopapa.lt\"]}]}<\/script>\n<!-- \/ Yoast SEO plugin. -->","yoast_head_json":{"title":"Organic Bulgarian chamomile water, 120 ml, ALTEYA - Biopapa","description":"Alteya 100% Chamomile Flower Water is obtained by steam distillation from fresh, organic flowers. This very gentle floral water helps to awaken and tone sagging skin.","robots":{"index":"index","follow":"follow","max-snippet":"max-snippet:-1","max-image-preview":"max-image-preview:large","max-video-preview":"max-video-preview:-1"},"canonical":"https:\/\/www.biopapa.lt\/en\/produktas\/organic-bulgarian-chamomile-water-120ml-alteya\/","og_locale":"en_US","og_type":"article","og_title":"Organic Bulgarian chamomile water, 120 ml, ALTEYA - Biopapa","og_description":"Alteya 100% Chamomile Flower Water is obtained by steam distillation from fresh, organic flowers. This very gentle floral water helps to awaken and tone sagging skin.","og_url":"https:\/\/www.biopapa.lt\/en\/produktas\/organic-bulgarian-chamomile-water-120ml-alteya\/","og_site_name":"Biopapa","article_publisher":"https:\/\/www.facebook.com\/biopapa.lt","article_modified_time":"2026-03-07T23:05:39+00:00","og_image":[{"width":1600,"height":1280,"url":"https:\/\/www.biopapa.lt\/wp-content\/uploads\/2024\/02\/Ekologiskas-bulgarijos-ramuneliu-vanduo-120-ml-ALTEYA-.png","type":"image\/png"}],"twitter_card":"summary_large_image","schema":{"@context":"https:\/\/schema.org","@graph":[{"@type":"WebPage","@id":"https:\/\/www.biopapa.lt\/en\/produktas\/organic-bulgarian-chamomile-water-120ml-alteya\/","url":"https:\/\/www.biopapa.lt\/en\/produktas\/organic-bulgarian-chamomile-water-120ml-alteya\/","name":"Organic Bulgarian chamomile water, 120 ml, ALTEYA - Biopapa","isPartOf":{"@id":"https:\/\/www.biopapa.lt\/#website"},"primaryImageOfPage":{"@id":"https:\/\/www.biopapa.lt\/en\/produktas\/organic-bulgarian-chamomile-water-120ml-alteya\/#primaryimage"},"image":{"@id":"https:\/\/www.biopapa.lt\/en\/produktas\/organic-bulgarian-chamomile-water-120ml-alteya\/#primaryimage"},"thumbnailUrl":"https:\/\/www.biopapa.lt\/wp-content\/uploads\/2024\/02\/Ekologiskas-bulgarijos-ramuneliu-vanduo-120-ml-ALTEYA-.png","datePublished":"2024-02-11T11:00:56+00:00","dateModified":"2026-03-07T23:05:39+00:00","description":"Alteya 100% Chamomile Flower Water is obtained by steam distillation from fresh, organic flowers. This very gentle floral water helps to awaken and tone sagging skin.","breadcrumb":{"@id":"https:\/\/www.biopapa.lt\/en\/produktas\/organic-bulgarian-chamomile-water-120ml-alteya\/#breadcrumb"},"inLanguage":"en-US","potentialAction":[{"@type":"ReadAction","target":["https:\/\/www.biopapa.lt\/en\/produktas\/organic-bulgarian-chamomile-water-120ml-alteya\/"]}]},{"@type":"ImageObject","inLanguage":"en-US","@id":"https:\/\/www.biopapa.lt\/en\/produktas\/organic-bulgarian-chamomile-water-120ml-alteya\/#primaryimage","url":"https:\/\/www.biopapa.lt\/wp-content\/uploads\/2024\/02\/Ekologiskas-bulgarijos-ramuneliu-vanduo-120-ml-ALTEYA-.png","contentUrl":"https:\/\/www.biopapa.lt\/wp-content\/uploads\/2024\/02\/Ekologiskas-bulgarijos-ramuneliu-vanduo-120-ml-ALTEYA-.png","width":1600,"height":1280},{"@type":"BreadcrumbList","@id":"https:\/\/www.biopapa.lt\/en\/produktas\/organic-bulgarian-chamomile-water-120ml-alteya\/#breadcrumb","itemListElement":[{"@type":"ListItem","position":1,"name":"Home","item":"https:\/\/www.biopapa.lt\/en\/"},{"@type":"ListItem","position":2,"name":"Shop","item":"https:\/\/www.biopapa.lt\/en\/shop\/"},{"@type":"ListItem","position":3,"name":"Organic Bulgarian chamomile water, 120 ml, ALTEYA"}]},{"@type":"WebSite","@id":"https:\/\/www.biopapa.lt\/#website","url":"https:\/\/www.biopapa.lt\/","name":"Biopapa","description":"\u0160var\u016bs ekologi\u0161ki produktai","publisher":{"@id":"https:\/\/www.biopapa.lt\/#organization"},"potentialAction":[{"@type":"SearchAction","target":{"@type":"EntryPoint","urlTemplate":"https:\/\/www.biopapa.lt\/?s={search_term_string}"},"query-input":{"@type":"PropertyValueSpecification","valueRequired":true,"valueName":"search_term_string"}}],"inLanguage":"en-US"},{"@type":"Organization","@id":"https:\/\/www.biopapa.lt\/#organization","name":"Biopapa","url":"https:\/\/www.biopapa.lt\/","logo":{"@type":"ImageObject","inLanguage":"en-US","@id":"https:\/\/www.biopapa.lt\/#\/schema\/logo\/image\/","url":"https:\/\/www.biopapa.lt\/wp-content\/uploads\/2022\/04\/facebook_biopapa.jpg","contentUrl":"https:\/\/www.biopapa.lt\/wp-content\/uploads\/2022\/04\/facebook_biopapa.jpg","width":1733,"height":907,"caption":"Biopapa"},"image":{"@id":"https:\/\/www.biopapa.lt\/#\/schema\/logo\/image\/"},"sameAs":["https:\/\/www.facebook.com\/biopapa.lt"]}]}},"_links":{"self":[{"href":"https:\/\/www.biopapa.lt\/en\/wp-json\/wp\/v2\/product\/46772","targetHints":{"allow":["GET"]}}],"collection":[{"href":"https:\/\/www.biopapa.lt\/en\/wp-json\/wp\/v2\/product"}],"about":[{"href":"https:\/\/www.biopapa.lt\/en\/wp-json\/wp\/v2\/types\/product"}],"wp:featuredmedia":[{"embeddable":true,"href":"https:\/\/www.biopapa.lt\/en\/wp-json\/wp\/v2\/media\/46783"}],"wp:attachment":[{"href":"https:\/\/www.biopapa.lt\/en\/wp-json\/wp\/v2\/media?parent=46772"}],"wp:term":[{"taxonomy":"product_brand","embeddable":true,"href":"https:\/\/www.biopapa.lt\/en\/wp-json\/wp\/v2\/product_brand?post=46772"},{"taxonomy":"product_cat","embeddable":true,"href":"https:\/\/www.biopapa.lt\/en\/wp-json\/wp\/v2\/product_cat?post=46772"},{"taxonomy":"product_tag","embeddable":true,"href":"https:\/\/www.biopapa.lt\/en\/wp-json\/wp\/v2\/product_tag?post=46772"}],"curies":[{"name":"wp","href":"https:\/\/api.w.org\/{rel}","templated":true}]}}