{"id":46138,"date":"2024-01-30T09:51:04","date_gmt":"2024-01-30T07:51:04","guid":{"rendered":"https:\/\/www.biopapa.lt\/?post_type=product&#038;p=46138"},"modified":"2026-01-13T16:32:53","modified_gmt":"2026-01-13T14:32:53","slug":"organic-sauerkraut-juice-biotta-500ml","status":"publish","type":"product","link":"https:\/\/www.biopapa.lt\/en\/produktas\/organic-sauerkraut-juice-biotta-500ml\/","title":{"rendered":"Organic sauerkraut juice BIOTTA, 500 ml"},"content":{"rendered":"<p><strong>Organic Sauerkraut Juice BIOTTA, 500 ml<\/strong><br \/>\nSauerkraut juice has a sour and salty taste and is made from fermented white cabbage, an excellent source of Vitamin C and a good source of Potassium.<\/p>\n<p>In the past, white cabbage was considered an essential food, especially in winter. Sauerkraut that could be stored for longer periods was produced using natural fermentation processes. At the time, cabbage was considered a miracle food to help you survive the winter.<br \/>\nToday, it has been scientifically proven that sauerkraut is naturally rich in vitamin C, which helps maintain a healthy metabolism. Without any artificial additives, organic white cabbage is transformed into freshly squeezed organic juice and the natural lactic acid ensures longer shelf life. So we can enjoy natural sauerkraut juice even when the cabbage itself is out of season.<br \/>\nLacto-fermented cabbage has long been known for its health benefits and benefits.<\/p>\n<p>Stimulates digestion<br \/>\nNatural lactic acid inhibits the growth of unwanted intestinal bacteria and promotes the development of good bacteria.<br \/>\nExcellent source of Vitamin C (20% DV)<br \/>\nVitamin C is an antioxidant and helps to support the body&#8217;s immune system.<br \/>\nGood source of Potassium (10% DV)<br \/>\nPotassium is essential for the normal functioning of cells.<\/p>\n<p>The fermentation process allows food to remain safe to eat for longer. Lactobacillus bacteria are present on the surface of all plants and have the ability to convert sugars into lactic acid. These bacteria quickly and easily convert lactose or other sugars into lactic acid, a natural preservative that inhibits the growth of harmful bacteria.<br \/>\nIn addition to its preservation benefits, lacto-fermentation also increases or maintains the level of vitamins and enzymes in the fermented food and improves its digestibility.<\/p>\n<p>Biotta&#8217;s gentle pasteurisation method heats the juice quickly at a lower temperature and then cools it immediately, allowing more nutrients to be preserved while killing harmful pathogens such as E. coli. The longer the pasteurisation process and the higher the temperature, the greater the damage to the juice and its vitamins. Biotta juice is pasteurised at an average temperature of 92\u00b0C, while many other juices are sterilised at more than 121\u00b0C.<br \/>\nUnpasteurised juices have a shorter shelf life and are more susceptible to contamination by harmful micro-organisms.<\/p>\n<p>Serving:<br \/>\nShake well.<br \/>\nRefrigerate once opened.<br \/>\nFor best quality and freshness, use within 7 days of opening.<\/p>\n","protected":false},"excerpt":{"rendered":"<p>Organic Sauerkraut Juice BIOTTA, 500 ml Sauerkraut juice has a sour and salty taste and is made from fermented white<\/p>\n","protected":false},"featured_media":68183,"template":"","meta":{"_acf_changed":false},"product_brand":[],"product_cat":[2378],"product_tag":[2088],"class_list":{"0":"post-46138","1":"product","2":"type-product","3":"status-publish","4":"has-post-thumbnail","6":"product_cat-drinks","7":"product_tag-vegan","9":"first","10":"instock","11":"shipping-taxable","12":"purchasable","13":"product-type-simple"},"acf":[],"yoast_head":"<!-- This site is optimized with the Yoast SEO plugin v27.5 - https:\/\/yoast.com\/product\/yoast-seo-wordpress\/ -->\n<title>Organic sauerkraut juice BIOTTA, 500 ml - Biopapa<\/title>\n<meta name=\"description\" content=\"The sour and salty taste of sauerkraut juice, made from fermented white cabbage, is an excellent source of Vitamin C and a good source of Potassium.\" \/>\n<meta name=\"robots\" content=\"index, follow, max-snippet:-1, max-image-preview:large, max-video-preview:-1\" \/>\n<link rel=\"canonical\" href=\"https:\/\/www.biopapa.lt\/en\/produktas\/organic-sauerkraut-juice-biotta-500ml\/\" \/>\n<meta property=\"og:locale\" content=\"en_US\" \/>\n<meta property=\"og:type\" content=\"article\" \/>\n<meta property=\"og:title\" content=\"Organic sauerkraut juice BIOTTA, 500 ml - Biopapa\" \/>\n<meta property=\"og:description\" content=\"The sour and salty taste of sauerkraut juice, made from fermented white cabbage, is an excellent source of Vitamin C and a good source of Potassium.\" \/>\n<meta property=\"og:url\" content=\"https:\/\/www.biopapa.lt\/en\/produktas\/organic-sauerkraut-juice-biotta-500ml\/\" \/>\n<meta property=\"og:site_name\" content=\"Biopapa\" \/>\n<meta property=\"article:publisher\" content=\"https:\/\/www.facebook.com\/biopapa.lt\" \/>\n<meta property=\"article:modified_time\" content=\"2026-01-13T14:32:53+00:00\" \/>\n<meta property=\"og:image\" content=\"https:\/\/www.biopapa.lt\/wp-content\/uploads\/2024\/01\/Ekologiskos-raugintu-kopustu-sultys-BIOTTA-1.png\" \/>\n\t<meta property=\"og:image:width\" content=\"800\" \/>\n\t<meta property=\"og:image:height\" content=\"640\" \/>\n\t<meta property=\"og:image:type\" content=\"image\/png\" \/>\n<meta name=\"twitter:card\" content=\"summary_large_image\" \/>\n<script type=\"application\/ld+json\" class=\"yoast-schema-graph\">{\"@context\":\"https:\\\/\\\/schema.org\",\"@graph\":[{\"@type\":\"WebPage\",\"@id\":\"https:\\\/\\\/www.biopapa.lt\\\/en\\\/produktas\\\/organic-sauerkraut-juice-biotta-500ml\\\/\",\"url\":\"https:\\\/\\\/www.biopapa.lt\\\/en\\\/produktas\\\/organic-sauerkraut-juice-biotta-500ml\\\/\",\"name\":\"Organic sauerkraut juice BIOTTA, 500 ml - Biopapa\",\"isPartOf\":{\"@id\":\"https:\\\/\\\/www.biopapa.lt\\\/#website\"},\"primaryImageOfPage\":{\"@id\":\"https:\\\/\\\/www.biopapa.lt\\\/en\\\/produktas\\\/organic-sauerkraut-juice-biotta-500ml\\\/#primaryimage\"},\"image\":{\"@id\":\"https:\\\/\\\/www.biopapa.lt\\\/en\\\/produktas\\\/organic-sauerkraut-juice-biotta-500ml\\\/#primaryimage\"},\"thumbnailUrl\":\"https:\\\/\\\/www.biopapa.lt\\\/wp-content\\\/uploads\\\/2024\\\/01\\\/Ekologiskos-raugintu-kopustu-sultys-BIOTTA-1.png\",\"datePublished\":\"2024-01-30T07:51:04+00:00\",\"dateModified\":\"2026-01-13T14:32:53+00:00\",\"description\":\"The sour and salty taste of sauerkraut juice, made from fermented white cabbage, is an excellent source of Vitamin C and a good source of Potassium.\",\"breadcrumb\":{\"@id\":\"https:\\\/\\\/www.biopapa.lt\\\/en\\\/produktas\\\/organic-sauerkraut-juice-biotta-500ml\\\/#breadcrumb\"},\"inLanguage\":\"en-US\",\"potentialAction\":[{\"@type\":\"ReadAction\",\"target\":[\"https:\\\/\\\/www.biopapa.lt\\\/en\\\/produktas\\\/organic-sauerkraut-juice-biotta-500ml\\\/\"]}]},{\"@type\":\"ImageObject\",\"inLanguage\":\"en-US\",\"@id\":\"https:\\\/\\\/www.biopapa.lt\\\/en\\\/produktas\\\/organic-sauerkraut-juice-biotta-500ml\\\/#primaryimage\",\"url\":\"https:\\\/\\\/www.biopapa.lt\\\/wp-content\\\/uploads\\\/2024\\\/01\\\/Ekologiskos-raugintu-kopustu-sultys-BIOTTA-1.png\",\"contentUrl\":\"https:\\\/\\\/www.biopapa.lt\\\/wp-content\\\/uploads\\\/2024\\\/01\\\/Ekologiskos-raugintu-kopustu-sultys-BIOTTA-1.png\",\"width\":800,\"height\":640},{\"@type\":\"BreadcrumbList\",\"@id\":\"https:\\\/\\\/www.biopapa.lt\\\/en\\\/produktas\\\/organic-sauerkraut-juice-biotta-500ml\\\/#breadcrumb\",\"itemListElement\":[{\"@type\":\"ListItem\",\"position\":1,\"name\":\"Home\",\"item\":\"https:\\\/\\\/www.biopapa.lt\\\/en\\\/\"},{\"@type\":\"ListItem\",\"position\":2,\"name\":\"Shop\",\"item\":\"https:\\\/\\\/www.biopapa.lt\\\/en\\\/shop\\\/\"},{\"@type\":\"ListItem\",\"position\":3,\"name\":\"Organic sauerkraut juice BIOTTA, 500 ml\"}]},{\"@type\":\"WebSite\",\"@id\":\"https:\\\/\\\/www.biopapa.lt\\\/#website\",\"url\":\"https:\\\/\\\/www.biopapa.lt\\\/\",\"name\":\"Biopapa\",\"description\":\"\u0160var\u016bs ekologi\u0161ki produktai\",\"publisher\":{\"@id\":\"https:\\\/\\\/www.biopapa.lt\\\/#organization\"},\"potentialAction\":[{\"@type\":\"SearchAction\",\"target\":{\"@type\":\"EntryPoint\",\"urlTemplate\":\"https:\\\/\\\/www.biopapa.lt\\\/?s={search_term_string}\"},\"query-input\":{\"@type\":\"PropertyValueSpecification\",\"valueRequired\":true,\"valueName\":\"search_term_string\"}}],\"inLanguage\":\"en-US\"},{\"@type\":\"Organization\",\"@id\":\"https:\\\/\\\/www.biopapa.lt\\\/#organization\",\"name\":\"Biopapa\",\"url\":\"https:\\\/\\\/www.biopapa.lt\\\/\",\"logo\":{\"@type\":\"ImageObject\",\"inLanguage\":\"en-US\",\"@id\":\"https:\\\/\\\/www.biopapa.lt\\\/#\\\/schema\\\/logo\\\/image\\\/\",\"url\":\"https:\\\/\\\/www.biopapa.lt\\\/wp-content\\\/uploads\\\/2022\\\/04\\\/facebook_biopapa.jpg\",\"contentUrl\":\"https:\\\/\\\/www.biopapa.lt\\\/wp-content\\\/uploads\\\/2022\\\/04\\\/facebook_biopapa.jpg\",\"width\":1733,\"height\":907,\"caption\":\"Biopapa\"},\"image\":{\"@id\":\"https:\\\/\\\/www.biopapa.lt\\\/#\\\/schema\\\/logo\\\/image\\\/\"},\"sameAs\":[\"https:\\\/\\\/www.facebook.com\\\/biopapa.lt\"]}]}<\/script>\n<!-- \/ Yoast SEO plugin. -->","yoast_head_json":{"title":"Organic sauerkraut juice BIOTTA, 500 ml - Biopapa","description":"The sour and salty taste of sauerkraut juice, made from fermented white cabbage, is an excellent source of Vitamin C and a good source of Potassium.","robots":{"index":"index","follow":"follow","max-snippet":"max-snippet:-1","max-image-preview":"max-image-preview:large","max-video-preview":"max-video-preview:-1"},"canonical":"https:\/\/www.biopapa.lt\/en\/produktas\/organic-sauerkraut-juice-biotta-500ml\/","og_locale":"en_US","og_type":"article","og_title":"Organic sauerkraut juice BIOTTA, 500 ml - Biopapa","og_description":"The sour and salty taste of sauerkraut juice, made from fermented white cabbage, is an excellent source of Vitamin C and a good source of Potassium.","og_url":"https:\/\/www.biopapa.lt\/en\/produktas\/organic-sauerkraut-juice-biotta-500ml\/","og_site_name":"Biopapa","article_publisher":"https:\/\/www.facebook.com\/biopapa.lt","article_modified_time":"2026-01-13T14:32:53+00:00","og_image":[{"width":800,"height":640,"url":"https:\/\/www.biopapa.lt\/wp-content\/uploads\/2024\/01\/Ekologiskos-raugintu-kopustu-sultys-BIOTTA-1.png","type":"image\/png"}],"twitter_card":"summary_large_image","schema":{"@context":"https:\/\/schema.org","@graph":[{"@type":"WebPage","@id":"https:\/\/www.biopapa.lt\/en\/produktas\/organic-sauerkraut-juice-biotta-500ml\/","url":"https:\/\/www.biopapa.lt\/en\/produktas\/organic-sauerkraut-juice-biotta-500ml\/","name":"Organic sauerkraut juice BIOTTA, 500 ml - Biopapa","isPartOf":{"@id":"https:\/\/www.biopapa.lt\/#website"},"primaryImageOfPage":{"@id":"https:\/\/www.biopapa.lt\/en\/produktas\/organic-sauerkraut-juice-biotta-500ml\/#primaryimage"},"image":{"@id":"https:\/\/www.biopapa.lt\/en\/produktas\/organic-sauerkraut-juice-biotta-500ml\/#primaryimage"},"thumbnailUrl":"https:\/\/www.biopapa.lt\/wp-content\/uploads\/2024\/01\/Ekologiskos-raugintu-kopustu-sultys-BIOTTA-1.png","datePublished":"2024-01-30T07:51:04+00:00","dateModified":"2026-01-13T14:32:53+00:00","description":"The sour and salty taste of sauerkraut juice, made from fermented white cabbage, is an excellent source of Vitamin C and a good source of Potassium.","breadcrumb":{"@id":"https:\/\/www.biopapa.lt\/en\/produktas\/organic-sauerkraut-juice-biotta-500ml\/#breadcrumb"},"inLanguage":"en-US","potentialAction":[{"@type":"ReadAction","target":["https:\/\/www.biopapa.lt\/en\/produktas\/organic-sauerkraut-juice-biotta-500ml\/"]}]},{"@type":"ImageObject","inLanguage":"en-US","@id":"https:\/\/www.biopapa.lt\/en\/produktas\/organic-sauerkraut-juice-biotta-500ml\/#primaryimage","url":"https:\/\/www.biopapa.lt\/wp-content\/uploads\/2024\/01\/Ekologiskos-raugintu-kopustu-sultys-BIOTTA-1.png","contentUrl":"https:\/\/www.biopapa.lt\/wp-content\/uploads\/2024\/01\/Ekologiskos-raugintu-kopustu-sultys-BIOTTA-1.png","width":800,"height":640},{"@type":"BreadcrumbList","@id":"https:\/\/www.biopapa.lt\/en\/produktas\/organic-sauerkraut-juice-biotta-500ml\/#breadcrumb","itemListElement":[{"@type":"ListItem","position":1,"name":"Home","item":"https:\/\/www.biopapa.lt\/en\/"},{"@type":"ListItem","position":2,"name":"Shop","item":"https:\/\/www.biopapa.lt\/en\/shop\/"},{"@type":"ListItem","position":3,"name":"Organic sauerkraut juice BIOTTA, 500 ml"}]},{"@type":"WebSite","@id":"https:\/\/www.biopapa.lt\/#website","url":"https:\/\/www.biopapa.lt\/","name":"Biopapa","description":"\u0160var\u016bs ekologi\u0161ki produktai","publisher":{"@id":"https:\/\/www.biopapa.lt\/#organization"},"potentialAction":[{"@type":"SearchAction","target":{"@type":"EntryPoint","urlTemplate":"https:\/\/www.biopapa.lt\/?s={search_term_string}"},"query-input":{"@type":"PropertyValueSpecification","valueRequired":true,"valueName":"search_term_string"}}],"inLanguage":"en-US"},{"@type":"Organization","@id":"https:\/\/www.biopapa.lt\/#organization","name":"Biopapa","url":"https:\/\/www.biopapa.lt\/","logo":{"@type":"ImageObject","inLanguage":"en-US","@id":"https:\/\/www.biopapa.lt\/#\/schema\/logo\/image\/","url":"https:\/\/www.biopapa.lt\/wp-content\/uploads\/2022\/04\/facebook_biopapa.jpg","contentUrl":"https:\/\/www.biopapa.lt\/wp-content\/uploads\/2022\/04\/facebook_biopapa.jpg","width":1733,"height":907,"caption":"Biopapa"},"image":{"@id":"https:\/\/www.biopapa.lt\/#\/schema\/logo\/image\/"},"sameAs":["https:\/\/www.facebook.com\/biopapa.lt"]}]}},"_links":{"self":[{"href":"https:\/\/www.biopapa.lt\/en\/wp-json\/wp\/v2\/product\/46138","targetHints":{"allow":["GET"]}}],"collection":[{"href":"https:\/\/www.biopapa.lt\/en\/wp-json\/wp\/v2\/product"}],"about":[{"href":"https:\/\/www.biopapa.lt\/en\/wp-json\/wp\/v2\/types\/product"}],"wp:featuredmedia":[{"embeddable":true,"href":"https:\/\/www.biopapa.lt\/en\/wp-json\/wp\/v2\/media\/68183"}],"wp:attachment":[{"href":"https:\/\/www.biopapa.lt\/en\/wp-json\/wp\/v2\/media?parent=46138"}],"wp:term":[{"taxonomy":"product_brand","embeddable":true,"href":"https:\/\/www.biopapa.lt\/en\/wp-json\/wp\/v2\/product_brand?post=46138"},{"taxonomy":"product_cat","embeddable":true,"href":"https:\/\/www.biopapa.lt\/en\/wp-json\/wp\/v2\/product_cat?post=46138"},{"taxonomy":"product_tag","embeddable":true,"href":"https:\/\/www.biopapa.lt\/en\/wp-json\/wp\/v2\/product_tag?post=46138"}],"curies":[{"name":"wp","href":"https:\/\/api.w.org\/{rel}","templated":true}]}}