{"id":44036,"date":"2023-12-18T15:12:08","date_gmt":"2023-12-18T13:12:08","guid":{"rendered":"https:\/\/www.biopapa.lt\/?post_type=product&#038;p=44036"},"modified":"2025-12-09T19:00:35","modified_gmt":"2025-12-09T17:00:35","slug":"organic-maitake-capsules-500-mg","status":"publish","type":"product","link":"https:\/\/www.biopapa.lt\/en\/produktas\/organic-maitake-capsules-500-mg\/","title":{"rendered":"Organic Maitake capsules 500 mg"},"content":{"rendered":"<p>Organic Maitake mushrooms<br \/>\nMaitake mushrooms (Grifola frondosa) are a species of edible mushroom highly valued for their beneficial properties in a variety of traditional and modern medicine.<br \/>\nMaitake mushrooms have a long tradition in various cultures, especially in East Asia and North America.<br \/>\nNative American tribes have also recognised Maitake mushrooms for their health-promoting properties, using them in a variety of herbal combinations. These traditional, intergenerational practices show that maitake is valued as a natural remedy to improve overall health and well-being.<\/p>\n<p>According to Traditional Chinese Medicine (TCM), maitake mushrooms have a balancing effect on the body&#8217;s <em>Qi<\/em> (vital energy), possibly boosting the immune system. Maitake is often used in soups and teas.<br \/>\nIn Ayurveda, maitake mushrooms are valued for their rejuvenating properties.  They are considered to be a powerful <em>rasayana<\/em> (tonic) that can balance the tridoshas (Vata, Pitta and Kapha). Ayurvedic doctors often recommend maitake mushrooms.<br \/>\nModern research also reports on the health benefits of maitake mushrooms.<\/p>\n<p><em>Caution<\/em><br \/>\nAlthough maitake mushrooms are generally considered safe, they may cause allergic reactions in some people.<br \/>\nExcessive consumption may cause digestive problems.<br \/>\nPeople taking diabetes or blood thinners should consult a healthcare professional before using maitake products because of possible interactions.<br \/>\nUse caution before using any medicinal mushrooms, especially for people with medical conditions or who are taking medications.<\/p>\n<p><em>Consumption<\/em><br \/>\nThe total daily intake of maitake mushrooms may vary depending on the form of consumption and the purpose of consumption. However, a general recommendation can be made:<\/p>\n<p>&#8211; In a dried powdered diet, the usual dose may vary from 2 to 4 capsules, not to exceed 3 g per day.<\/p>\n<p>It is important to note that these doses are general recommendations. The appropriate dose can vary considerably depending on the age of the person, their health condition and their specific needs.<\/p>\n<p><em>Sources:<\/em><br \/>\nhttps:\/\/www.dl.begellhouse.com<br \/>\nhttps:\/\/www.anaturalhealingcenter.com<\/p>\n<p><em>NOTE. The information contained herein should not be construed as a recommendation for treatment or other health issues.<\/em><br \/>\n<em>We encourage you to make personal decisions about your personal health, taking into account a wide range of sources of information.<\/em><\/p>\n","protected":false},"excerpt":{"rendered":"<p>Organic Maitake mushrooms Maitake mushrooms (Grifola frondosa) are a species of edible mushroom highly valued for their beneficial properties in<\/p>\n","protected":false},"featured_media":30081,"template":"","meta":{"_acf_changed":false},"product_brand":[],"product_cat":[2351,1848,2624],"product_tag":[2363,2384,2088],"class_list":{"0":"post-44036","1":"product","2":"type-product","3":"status-publish","4":"has-post-thumbnail","6":"product_cat-capsules","7":"product_cat-plant-based-superfood","8":"product_cat-top-products","9":"product_tag-ecological","10":"product_tag-organic","11":"product_tag-vegan","13":"first","14":"instock","15":"shipping-taxable","16":"purchasable","17":"product-type-variable"},"acf":[],"yoast_head":"<!-- This site is optimized with the Yoast SEO plugin v27.5 - https:\/\/yoast.com\/product\/yoast-seo-wordpress\/ -->\n<title>Organic Maitake capsules 500 mg - Biopapa<\/title>\n<meta name=\"description\" content=\"Maitake mushrooms (Grifola frondosa) are a species of edible mushroom highly valued for its beneficial properties in various fields of traditional and modern medicine.\" \/>\n<meta name=\"robots\" content=\"index, follow, max-snippet:-1, max-image-preview:large, max-video-preview:-1\" \/>\n<link rel=\"canonical\" href=\"https:\/\/www.biopapa.lt\/en\/produktas\/organic-maitake-capsules-500-mg\/\" \/>\n<meta property=\"og:locale\" content=\"en_US\" \/>\n<meta property=\"og:type\" content=\"article\" \/>\n<meta property=\"og:title\" content=\"Organic Maitake capsules 500 mg - Biopapa\" \/>\n<meta property=\"og:description\" content=\"Maitake mushrooms (Grifola frondosa) are a species of edible mushroom highly valued for its beneficial properties in various fields of traditional and modern medicine.\" \/>\n<meta property=\"og:url\" content=\"https:\/\/www.biopapa.lt\/en\/produktas\/organic-maitake-capsules-500-mg\/\" \/>\n<meta property=\"og:site_name\" content=\"Biopapa\" \/>\n<meta property=\"article:publisher\" content=\"https:\/\/www.facebook.com\/biopapa.lt\" \/>\n<meta property=\"article:modified_time\" content=\"2025-12-09T17:00:35+00:00\" \/>\n<meta property=\"og:image\" content=\"https:\/\/www.biopapa.lt\/wp-content\/uploads\/2022\/10\/My-project-1-5.png\" \/>\n\t<meta property=\"og:image:width\" content=\"800\" \/>\n\t<meta property=\"og:image:height\" content=\"640\" \/>\n\t<meta property=\"og:image:type\" content=\"image\/png\" \/>\n<meta name=\"twitter:card\" content=\"summary_large_image\" \/>\n<script type=\"application\/ld+json\" class=\"yoast-schema-graph\">{\"@context\":\"https:\\\/\\\/schema.org\",\"@graph\":[{\"@type\":\"WebPage\",\"@id\":\"https:\\\/\\\/www.biopapa.lt\\\/en\\\/produktas\\\/organic-maitake-capsules-500-mg\\\/\",\"url\":\"https:\\\/\\\/www.biopapa.lt\\\/en\\\/produktas\\\/organic-maitake-capsules-500-mg\\\/\",\"name\":\"Organic Maitake capsules 500 mg - Biopapa\",\"isPartOf\":{\"@id\":\"https:\\\/\\\/www.biopapa.lt\\\/#website\"},\"primaryImageOfPage\":{\"@id\":\"https:\\\/\\\/www.biopapa.lt\\\/en\\\/produktas\\\/organic-maitake-capsules-500-mg\\\/#primaryimage\"},\"image\":{\"@id\":\"https:\\\/\\\/www.biopapa.lt\\\/en\\\/produktas\\\/organic-maitake-capsules-500-mg\\\/#primaryimage\"},\"thumbnailUrl\":\"https:\\\/\\\/www.biopapa.lt\\\/wp-content\\\/uploads\\\/2022\\\/10\\\/My-project-1-5.png\",\"datePublished\":\"2023-12-18T13:12:08+00:00\",\"dateModified\":\"2025-12-09T17:00:35+00:00\",\"description\":\"Maitake mushrooms (Grifola frondosa) are a species of edible mushroom highly valued for its beneficial properties in various fields of traditional and modern medicine.\",\"breadcrumb\":{\"@id\":\"https:\\\/\\\/www.biopapa.lt\\\/en\\\/produktas\\\/organic-maitake-capsules-500-mg\\\/#breadcrumb\"},\"inLanguage\":\"en-US\",\"potentialAction\":[{\"@type\":\"ReadAction\",\"target\":[\"https:\\\/\\\/www.biopapa.lt\\\/en\\\/produktas\\\/organic-maitake-capsules-500-mg\\\/\"]}]},{\"@type\":\"ImageObject\",\"inLanguage\":\"en-US\",\"@id\":\"https:\\\/\\\/www.biopapa.lt\\\/en\\\/produktas\\\/organic-maitake-capsules-500-mg\\\/#primaryimage\",\"url\":\"https:\\\/\\\/www.biopapa.lt\\\/wp-content\\\/uploads\\\/2022\\\/10\\\/My-project-1-5.png\",\"contentUrl\":\"https:\\\/\\\/www.biopapa.lt\\\/wp-content\\\/uploads\\\/2022\\\/10\\\/My-project-1-5.png\",\"width\":800,\"height\":640,\"caption\":\"500 mg capsules\"},{\"@type\":\"BreadcrumbList\",\"@id\":\"https:\\\/\\\/www.biopapa.lt\\\/en\\\/produktas\\\/organic-maitake-capsules-500-mg\\\/#breadcrumb\",\"itemListElement\":[{\"@type\":\"ListItem\",\"position\":1,\"name\":\"Home\",\"item\":\"https:\\\/\\\/www.biopapa.lt\\\/en\\\/\"},{\"@type\":\"ListItem\",\"position\":2,\"name\":\"Shop\",\"item\":\"https:\\\/\\\/www.biopapa.lt\\\/en\\\/shop\\\/\"},{\"@type\":\"ListItem\",\"position\":3,\"name\":\"Organic Maitake capsules 500 mg\"}]},{\"@type\":\"WebSite\",\"@id\":\"https:\\\/\\\/www.biopapa.lt\\\/#website\",\"url\":\"https:\\\/\\\/www.biopapa.lt\\\/\",\"name\":\"Biopapa\",\"description\":\"\u0160var\u016bs ekologi\u0161ki produktai\",\"publisher\":{\"@id\":\"https:\\\/\\\/www.biopapa.lt\\\/#organization\"},\"potentialAction\":[{\"@type\":\"SearchAction\",\"target\":{\"@type\":\"EntryPoint\",\"urlTemplate\":\"https:\\\/\\\/www.biopapa.lt\\\/?s={search_term_string}\"},\"query-input\":{\"@type\":\"PropertyValueSpecification\",\"valueRequired\":true,\"valueName\":\"search_term_string\"}}],\"inLanguage\":\"en-US\"},{\"@type\":\"Organization\",\"@id\":\"https:\\\/\\\/www.biopapa.lt\\\/#organization\",\"name\":\"Biopapa\",\"url\":\"https:\\\/\\\/www.biopapa.lt\\\/\",\"logo\":{\"@type\":\"ImageObject\",\"inLanguage\":\"en-US\",\"@id\":\"https:\\\/\\\/www.biopapa.lt\\\/#\\\/schema\\\/logo\\\/image\\\/\",\"url\":\"https:\\\/\\\/www.biopapa.lt\\\/wp-content\\\/uploads\\\/2022\\\/04\\\/facebook_biopapa.jpg\",\"contentUrl\":\"https:\\\/\\\/www.biopapa.lt\\\/wp-content\\\/uploads\\\/2022\\\/04\\\/facebook_biopapa.jpg\",\"width\":1733,\"height\":907,\"caption\":\"Biopapa\"},\"image\":{\"@id\":\"https:\\\/\\\/www.biopapa.lt\\\/#\\\/schema\\\/logo\\\/image\\\/\"},\"sameAs\":[\"https:\\\/\\\/www.facebook.com\\\/biopapa.lt\"]}]}<\/script>\n<!-- \/ Yoast SEO plugin. -->","yoast_head_json":{"title":"Organic Maitake capsules 500 mg - Biopapa","description":"Maitake mushrooms (Grifola frondosa) are a species of edible mushroom highly valued for its beneficial properties in various fields of traditional and modern medicine.","robots":{"index":"index","follow":"follow","max-snippet":"max-snippet:-1","max-image-preview":"max-image-preview:large","max-video-preview":"max-video-preview:-1"},"canonical":"https:\/\/www.biopapa.lt\/en\/produktas\/organic-maitake-capsules-500-mg\/","og_locale":"en_US","og_type":"article","og_title":"Organic Maitake capsules 500 mg - Biopapa","og_description":"Maitake mushrooms (Grifola frondosa) are a species of edible mushroom highly valued for its beneficial properties in various fields of traditional and modern medicine.","og_url":"https:\/\/www.biopapa.lt\/en\/produktas\/organic-maitake-capsules-500-mg\/","og_site_name":"Biopapa","article_publisher":"https:\/\/www.facebook.com\/biopapa.lt","article_modified_time":"2025-12-09T17:00:35+00:00","og_image":[{"width":800,"height":640,"url":"https:\/\/www.biopapa.lt\/wp-content\/uploads\/2022\/10\/My-project-1-5.png","type":"image\/png"}],"twitter_card":"summary_large_image","schema":{"@context":"https:\/\/schema.org","@graph":[{"@type":"WebPage","@id":"https:\/\/www.biopapa.lt\/en\/produktas\/organic-maitake-capsules-500-mg\/","url":"https:\/\/www.biopapa.lt\/en\/produktas\/organic-maitake-capsules-500-mg\/","name":"Organic Maitake capsules 500 mg - Biopapa","isPartOf":{"@id":"https:\/\/www.biopapa.lt\/#website"},"primaryImageOfPage":{"@id":"https:\/\/www.biopapa.lt\/en\/produktas\/organic-maitake-capsules-500-mg\/#primaryimage"},"image":{"@id":"https:\/\/www.biopapa.lt\/en\/produktas\/organic-maitake-capsules-500-mg\/#primaryimage"},"thumbnailUrl":"https:\/\/www.biopapa.lt\/wp-content\/uploads\/2022\/10\/My-project-1-5.png","datePublished":"2023-12-18T13:12:08+00:00","dateModified":"2025-12-09T17:00:35+00:00","description":"Maitake mushrooms (Grifola frondosa) are a species of edible mushroom highly valued for its beneficial properties in various fields of traditional and modern medicine.","breadcrumb":{"@id":"https:\/\/www.biopapa.lt\/en\/produktas\/organic-maitake-capsules-500-mg\/#breadcrumb"},"inLanguage":"en-US","potentialAction":[{"@type":"ReadAction","target":["https:\/\/www.biopapa.lt\/en\/produktas\/organic-maitake-capsules-500-mg\/"]}]},{"@type":"ImageObject","inLanguage":"en-US","@id":"https:\/\/www.biopapa.lt\/en\/produktas\/organic-maitake-capsules-500-mg\/#primaryimage","url":"https:\/\/www.biopapa.lt\/wp-content\/uploads\/2022\/10\/My-project-1-5.png","contentUrl":"https:\/\/www.biopapa.lt\/wp-content\/uploads\/2022\/10\/My-project-1-5.png","width":800,"height":640,"caption":"500 mg capsules"},{"@type":"BreadcrumbList","@id":"https:\/\/www.biopapa.lt\/en\/produktas\/organic-maitake-capsules-500-mg\/#breadcrumb","itemListElement":[{"@type":"ListItem","position":1,"name":"Home","item":"https:\/\/www.biopapa.lt\/en\/"},{"@type":"ListItem","position":2,"name":"Shop","item":"https:\/\/www.biopapa.lt\/en\/shop\/"},{"@type":"ListItem","position":3,"name":"Organic Maitake capsules 500 mg"}]},{"@type":"WebSite","@id":"https:\/\/www.biopapa.lt\/#website","url":"https:\/\/www.biopapa.lt\/","name":"Biopapa","description":"\u0160var\u016bs ekologi\u0161ki produktai","publisher":{"@id":"https:\/\/www.biopapa.lt\/#organization"},"potentialAction":[{"@type":"SearchAction","target":{"@type":"EntryPoint","urlTemplate":"https:\/\/www.biopapa.lt\/?s={search_term_string}"},"query-input":{"@type":"PropertyValueSpecification","valueRequired":true,"valueName":"search_term_string"}}],"inLanguage":"en-US"},{"@type":"Organization","@id":"https:\/\/www.biopapa.lt\/#organization","name":"Biopapa","url":"https:\/\/www.biopapa.lt\/","logo":{"@type":"ImageObject","inLanguage":"en-US","@id":"https:\/\/www.biopapa.lt\/#\/schema\/logo\/image\/","url":"https:\/\/www.biopapa.lt\/wp-content\/uploads\/2022\/04\/facebook_biopapa.jpg","contentUrl":"https:\/\/www.biopapa.lt\/wp-content\/uploads\/2022\/04\/facebook_biopapa.jpg","width":1733,"height":907,"caption":"Biopapa"},"image":{"@id":"https:\/\/www.biopapa.lt\/#\/schema\/logo\/image\/"},"sameAs":["https:\/\/www.facebook.com\/biopapa.lt"]}]}},"_links":{"self":[{"href":"https:\/\/www.biopapa.lt\/en\/wp-json\/wp\/v2\/product\/44036","targetHints":{"allow":["GET"]}}],"collection":[{"href":"https:\/\/www.biopapa.lt\/en\/wp-json\/wp\/v2\/product"}],"about":[{"href":"https:\/\/www.biopapa.lt\/en\/wp-json\/wp\/v2\/types\/product"}],"wp:featuredmedia":[{"embeddable":true,"href":"https:\/\/www.biopapa.lt\/en\/wp-json\/wp\/v2\/media\/30081"}],"wp:attachment":[{"href":"https:\/\/www.biopapa.lt\/en\/wp-json\/wp\/v2\/media?parent=44036"}],"wp:term":[{"taxonomy":"product_brand","embeddable":true,"href":"https:\/\/www.biopapa.lt\/en\/wp-json\/wp\/v2\/product_brand?post=44036"},{"taxonomy":"product_cat","embeddable":true,"href":"https:\/\/www.biopapa.lt\/en\/wp-json\/wp\/v2\/product_cat?post=44036"},{"taxonomy":"product_tag","embeddable":true,"href":"https:\/\/www.biopapa.lt\/en\/wp-json\/wp\/v2\/product_tag?post=44036"}],"curies":[{"name":"wp","href":"https:\/\/api.w.org\/{rel}","templated":true}]}}