{"id":43423,"date":"2022-08-26T07:18:19","date_gmt":"2022-08-26T04:18:19","guid":{"rendered":"https:\/\/www.biopapa.lt\/produktas\/deodorant-cream-vanilla-orchid-45g-vanilla-scent-benanna\/"},"modified":"2026-03-09T15:08:12","modified_gmt":"2026-03-09T13:08:12","slug":"deodorant-cream-vanilla-orchid-45g-ben-and-anna","status":"publish","type":"product","link":"https:\/\/www.biopapa.lt\/en\/produktas\/deodorant-cream-vanilla-orchid-45g-ben-and-anna\/","title":{"rendered":"Deodorant-cream VANILLA ORCHID, 45g (Vanilla scent) BEN&amp;ANNA"},"content":{"rendered":"<p><strong>Deodorant-cream VANILLA ORCHID, 45g (Vanilla scent) BEN&amp;ANNA<\/strong><br \/>\nThe floral, relaxing sweetness of vanilla blossom is revealed in Vanilla Orchid as a pleasantly mild yet sensual experience! Our deodorant cream uses baking soda for natural odour protection. The light texture with shea butter and vegetable oils absorbs quickly and leaves no residue.  <\/p>\n<p>&#8220;Ben&amp;Anna&#8221; focuses on reliable protection and natural care. Deodorant creams provide reliable all-day protection against the unpleasant smell of sweat &#8211; all without aluminium. With an all-natural formula that&#8217;s gentle on the skin and effective at the same time, we aim for quality you can feel.<br \/>\nThese deodorant creams are not only effective, they are also 100% vegan, never tested on animals and are a conscious choice for your daily body care. When you choose Ben &amp; Anna, you&#8217;re choosing a sustainable alternative that lives up to its promises &#8211; naturally fresh, naturally safe. <\/p>\n<p>Reliably protects against moisture and odour<br \/>\nVegan and not tested on animals<br \/>\nNon-greasy and non-sticky<br \/>\nMicroplastic-free<br \/>\n100% natural ingredients<\/p>\n<p><strong>To use<\/strong>: warm a small amount in your hands and apply to the underarms. Do not use on broken skin. For use on armpits only.<\/p>\n<p>Certified according to the COSMOS NATURAL standard.<br \/>\nThe COSMOS Natural standard is the international certification standard for natural cosmetics.<\/p>\n","protected":false},"excerpt":{"rendered":"<p>Deodorant-cream VANILLA ORCHID, 45g (Vanilla scent) BEN&amp;ANNA The floral, relaxing sweetness of vanilla blossom is revealed in Vanilla Orchid as<\/p>\n","protected":false},"featured_media":265485,"template":"","meta":{"_acf_changed":false},"product_brand":[],"product_cat":[1962,1967,2540],"product_tag":[],"class_list":{"0":"post-43423","1":"product","2":"type-product","3":"status-publish","4":"has-post-thumbnail","6":"product_cat-beauty-and-hygiene","7":"product_cat-body-care","8":"product_cat-deodorants","10":"first","11":"instock","12":"shipping-taxable","13":"purchasable","14":"product-type-simple"},"acf":[],"yoast_head":"<!-- This site is optimized with the Yoast SEO plugin v27.5 - https:\/\/yoast.com\/product\/yoast-seo-wordpress\/ -->\n<title>Deodorant-cream VANILLA ORCHID, 45g (Vanilla scent) BEN&amp;ANNA - Biopapa<\/title>\n<meta name=\"description\" content=\"The creamy texture of the deodorant gives a pleasant grapefruit scent and a fresh skin feeling. It does not cause a sticky or greasy feeling.\" \/>\n<meta name=\"robots\" content=\"index, follow, max-snippet:-1, max-image-preview:large, max-video-preview:-1\" \/>\n<link rel=\"canonical\" href=\"https:\/\/www.biopapa.lt\/en\/produktas\/deodorant-cream-vanilla-orchid-45g-ben-and-anna\/\" \/>\n<meta property=\"og:locale\" content=\"en_US\" \/>\n<meta property=\"og:type\" content=\"article\" \/>\n<meta property=\"og:title\" content=\"Deodorant-cream VANILLA ORCHID, 45g (Vanilla scent) BEN&amp;ANNA - Biopapa\" \/>\n<meta property=\"og:description\" content=\"The creamy texture of the deodorant gives a pleasant grapefruit scent and a fresh skin feeling. It does not cause a sticky or greasy feeling.\" \/>\n<meta property=\"og:url\" content=\"https:\/\/www.biopapa.lt\/en\/produktas\/deodorant-cream-vanilla-orchid-45g-ben-and-anna\/\" \/>\n<meta property=\"og:site_name\" content=\"Biopapa\" \/>\n<meta property=\"article:publisher\" content=\"https:\/\/www.facebook.com\/biopapa.lt\" \/>\n<meta property=\"article:modified_time\" content=\"2026-03-09T13:08:12+00:00\" \/>\n<meta property=\"og:image\" content=\"https:\/\/www.biopapa.lt\/wp-content\/uploads\/2022\/08\/Dezodorantas-kremas-VANILLA-ORCHID-45g.png\" \/>\n\t<meta property=\"og:image:width\" content=\"800\" \/>\n\t<meta property=\"og:image:height\" content=\"640\" \/>\n\t<meta property=\"og:image:type\" content=\"image\/png\" \/>\n<meta name=\"twitter:card\" content=\"summary_large_image\" \/>\n<script type=\"application\/ld+json\" class=\"yoast-schema-graph\">{\"@context\":\"https:\\\/\\\/schema.org\",\"@graph\":[{\"@type\":\"WebPage\",\"@id\":\"https:\\\/\\\/www.biopapa.lt\\\/en\\\/produktas\\\/deodorant-cream-vanilla-orchid-45g-ben-and-anna\\\/\",\"url\":\"https:\\\/\\\/www.biopapa.lt\\\/en\\\/produktas\\\/deodorant-cream-vanilla-orchid-45g-ben-and-anna\\\/\",\"name\":\"Deodorant-cream VANILLA ORCHID, 45g (Vanilla scent) BEN&amp;ANNA - Biopapa\",\"isPartOf\":{\"@id\":\"https:\\\/\\\/www.biopapa.lt\\\/#website\"},\"primaryImageOfPage\":{\"@id\":\"https:\\\/\\\/www.biopapa.lt\\\/en\\\/produktas\\\/deodorant-cream-vanilla-orchid-45g-ben-and-anna\\\/#primaryimage\"},\"image\":{\"@id\":\"https:\\\/\\\/www.biopapa.lt\\\/en\\\/produktas\\\/deodorant-cream-vanilla-orchid-45g-ben-and-anna\\\/#primaryimage\"},\"thumbnailUrl\":\"https:\\\/\\\/www.biopapa.lt\\\/wp-content\\\/uploads\\\/2022\\\/08\\\/Dezodorantas-kremas-VANILLA-ORCHID-45g.png\",\"datePublished\":\"2022-08-26T04:18:19+00:00\",\"dateModified\":\"2026-03-09T13:08:12+00:00\",\"description\":\"The creamy texture of the deodorant gives a pleasant grapefruit scent and a fresh skin feeling. It does not cause a sticky or greasy feeling.\",\"breadcrumb\":{\"@id\":\"https:\\\/\\\/www.biopapa.lt\\\/en\\\/produktas\\\/deodorant-cream-vanilla-orchid-45g-ben-and-anna\\\/#breadcrumb\"},\"inLanguage\":\"en-US\",\"potentialAction\":[{\"@type\":\"ReadAction\",\"target\":[\"https:\\\/\\\/www.biopapa.lt\\\/en\\\/produktas\\\/deodorant-cream-vanilla-orchid-45g-ben-and-anna\\\/\"]}]},{\"@type\":\"ImageObject\",\"inLanguage\":\"en-US\",\"@id\":\"https:\\\/\\\/www.biopapa.lt\\\/en\\\/produktas\\\/deodorant-cream-vanilla-orchid-45g-ben-and-anna\\\/#primaryimage\",\"url\":\"https:\\\/\\\/www.biopapa.lt\\\/wp-content\\\/uploads\\\/2022\\\/08\\\/Dezodorantas-kremas-VANILLA-ORCHID-45g.png\",\"contentUrl\":\"https:\\\/\\\/www.biopapa.lt\\\/wp-content\\\/uploads\\\/2022\\\/08\\\/Dezodorantas-kremas-VANILLA-ORCHID-45g.png\",\"width\":800,\"height\":640},{\"@type\":\"BreadcrumbList\",\"@id\":\"https:\\\/\\\/www.biopapa.lt\\\/en\\\/produktas\\\/deodorant-cream-vanilla-orchid-45g-ben-and-anna\\\/#breadcrumb\",\"itemListElement\":[{\"@type\":\"ListItem\",\"position\":1,\"name\":\"Home\",\"item\":\"https:\\\/\\\/www.biopapa.lt\\\/en\\\/\"},{\"@type\":\"ListItem\",\"position\":2,\"name\":\"Shop\",\"item\":\"https:\\\/\\\/www.biopapa.lt\\\/en\\\/shop\\\/\"},{\"@type\":\"ListItem\",\"position\":3,\"name\":\"Deodorant-cream VANILLA ORCHID, 45g (Vanilla scent) BEN&amp;ANNA\"}]},{\"@type\":\"WebSite\",\"@id\":\"https:\\\/\\\/www.biopapa.lt\\\/#website\",\"url\":\"https:\\\/\\\/www.biopapa.lt\\\/\",\"name\":\"Biopapa\",\"description\":\"\u0160var\u016bs ekologi\u0161ki produktai\",\"publisher\":{\"@id\":\"https:\\\/\\\/www.biopapa.lt\\\/#organization\"},\"potentialAction\":[{\"@type\":\"SearchAction\",\"target\":{\"@type\":\"EntryPoint\",\"urlTemplate\":\"https:\\\/\\\/www.biopapa.lt\\\/?s={search_term_string}\"},\"query-input\":{\"@type\":\"PropertyValueSpecification\",\"valueRequired\":true,\"valueName\":\"search_term_string\"}}],\"inLanguage\":\"en-US\"},{\"@type\":\"Organization\",\"@id\":\"https:\\\/\\\/www.biopapa.lt\\\/#organization\",\"name\":\"Biopapa\",\"url\":\"https:\\\/\\\/www.biopapa.lt\\\/\",\"logo\":{\"@type\":\"ImageObject\",\"inLanguage\":\"en-US\",\"@id\":\"https:\\\/\\\/www.biopapa.lt\\\/#\\\/schema\\\/logo\\\/image\\\/\",\"url\":\"https:\\\/\\\/www.biopapa.lt\\\/wp-content\\\/uploads\\\/2022\\\/04\\\/facebook_biopapa.jpg\",\"contentUrl\":\"https:\\\/\\\/www.biopapa.lt\\\/wp-content\\\/uploads\\\/2022\\\/04\\\/facebook_biopapa.jpg\",\"width\":1733,\"height\":907,\"caption\":\"Biopapa\"},\"image\":{\"@id\":\"https:\\\/\\\/www.biopapa.lt\\\/#\\\/schema\\\/logo\\\/image\\\/\"},\"sameAs\":[\"https:\\\/\\\/www.facebook.com\\\/biopapa.lt\"]}]}<\/script>\n<!-- \/ Yoast SEO plugin. -->","yoast_head_json":{"title":"Deodorant-cream VANILLA ORCHID, 45g (Vanilla scent) BEN&amp;ANNA - Biopapa","description":"The creamy texture of the deodorant gives a pleasant grapefruit scent and a fresh skin feeling. It does not cause a sticky or greasy feeling.","robots":{"index":"index","follow":"follow","max-snippet":"max-snippet:-1","max-image-preview":"max-image-preview:large","max-video-preview":"max-video-preview:-1"},"canonical":"https:\/\/www.biopapa.lt\/en\/produktas\/deodorant-cream-vanilla-orchid-45g-ben-and-anna\/","og_locale":"en_US","og_type":"article","og_title":"Deodorant-cream VANILLA ORCHID, 45g (Vanilla scent) BEN&amp;ANNA - Biopapa","og_description":"The creamy texture of the deodorant gives a pleasant grapefruit scent and a fresh skin feeling. It does not cause a sticky or greasy feeling.","og_url":"https:\/\/www.biopapa.lt\/en\/produktas\/deodorant-cream-vanilla-orchid-45g-ben-and-anna\/","og_site_name":"Biopapa","article_publisher":"https:\/\/www.facebook.com\/biopapa.lt","article_modified_time":"2026-03-09T13:08:12+00:00","og_image":[{"width":800,"height":640,"url":"https:\/\/www.biopapa.lt\/wp-content\/uploads\/2022\/08\/Dezodorantas-kremas-VANILLA-ORCHID-45g.png","type":"image\/png"}],"twitter_card":"summary_large_image","schema":{"@context":"https:\/\/schema.org","@graph":[{"@type":"WebPage","@id":"https:\/\/www.biopapa.lt\/en\/produktas\/deodorant-cream-vanilla-orchid-45g-ben-and-anna\/","url":"https:\/\/www.biopapa.lt\/en\/produktas\/deodorant-cream-vanilla-orchid-45g-ben-and-anna\/","name":"Deodorant-cream VANILLA ORCHID, 45g (Vanilla scent) BEN&amp;ANNA - Biopapa","isPartOf":{"@id":"https:\/\/www.biopapa.lt\/#website"},"primaryImageOfPage":{"@id":"https:\/\/www.biopapa.lt\/en\/produktas\/deodorant-cream-vanilla-orchid-45g-ben-and-anna\/#primaryimage"},"image":{"@id":"https:\/\/www.biopapa.lt\/en\/produktas\/deodorant-cream-vanilla-orchid-45g-ben-and-anna\/#primaryimage"},"thumbnailUrl":"https:\/\/www.biopapa.lt\/wp-content\/uploads\/2022\/08\/Dezodorantas-kremas-VANILLA-ORCHID-45g.png","datePublished":"2022-08-26T04:18:19+00:00","dateModified":"2026-03-09T13:08:12+00:00","description":"The creamy texture of the deodorant gives a pleasant grapefruit scent and a fresh skin feeling. It does not cause a sticky or greasy feeling.","breadcrumb":{"@id":"https:\/\/www.biopapa.lt\/en\/produktas\/deodorant-cream-vanilla-orchid-45g-ben-and-anna\/#breadcrumb"},"inLanguage":"en-US","potentialAction":[{"@type":"ReadAction","target":["https:\/\/www.biopapa.lt\/en\/produktas\/deodorant-cream-vanilla-orchid-45g-ben-and-anna\/"]}]},{"@type":"ImageObject","inLanguage":"en-US","@id":"https:\/\/www.biopapa.lt\/en\/produktas\/deodorant-cream-vanilla-orchid-45g-ben-and-anna\/#primaryimage","url":"https:\/\/www.biopapa.lt\/wp-content\/uploads\/2022\/08\/Dezodorantas-kremas-VANILLA-ORCHID-45g.png","contentUrl":"https:\/\/www.biopapa.lt\/wp-content\/uploads\/2022\/08\/Dezodorantas-kremas-VANILLA-ORCHID-45g.png","width":800,"height":640},{"@type":"BreadcrumbList","@id":"https:\/\/www.biopapa.lt\/en\/produktas\/deodorant-cream-vanilla-orchid-45g-ben-and-anna\/#breadcrumb","itemListElement":[{"@type":"ListItem","position":1,"name":"Home","item":"https:\/\/www.biopapa.lt\/en\/"},{"@type":"ListItem","position":2,"name":"Shop","item":"https:\/\/www.biopapa.lt\/en\/shop\/"},{"@type":"ListItem","position":3,"name":"Deodorant-cream VANILLA ORCHID, 45g (Vanilla scent) BEN&amp;ANNA"}]},{"@type":"WebSite","@id":"https:\/\/www.biopapa.lt\/#website","url":"https:\/\/www.biopapa.lt\/","name":"Biopapa","description":"\u0160var\u016bs ekologi\u0161ki produktai","publisher":{"@id":"https:\/\/www.biopapa.lt\/#organization"},"potentialAction":[{"@type":"SearchAction","target":{"@type":"EntryPoint","urlTemplate":"https:\/\/www.biopapa.lt\/?s={search_term_string}"},"query-input":{"@type":"PropertyValueSpecification","valueRequired":true,"valueName":"search_term_string"}}],"inLanguage":"en-US"},{"@type":"Organization","@id":"https:\/\/www.biopapa.lt\/#organization","name":"Biopapa","url":"https:\/\/www.biopapa.lt\/","logo":{"@type":"ImageObject","inLanguage":"en-US","@id":"https:\/\/www.biopapa.lt\/#\/schema\/logo\/image\/","url":"https:\/\/www.biopapa.lt\/wp-content\/uploads\/2022\/04\/facebook_biopapa.jpg","contentUrl":"https:\/\/www.biopapa.lt\/wp-content\/uploads\/2022\/04\/facebook_biopapa.jpg","width":1733,"height":907,"caption":"Biopapa"},"image":{"@id":"https:\/\/www.biopapa.lt\/#\/schema\/logo\/image\/"},"sameAs":["https:\/\/www.facebook.com\/biopapa.lt"]}]}},"_links":{"self":[{"href":"https:\/\/www.biopapa.lt\/en\/wp-json\/wp\/v2\/product\/43423","targetHints":{"allow":["GET"]}}],"collection":[{"href":"https:\/\/www.biopapa.lt\/en\/wp-json\/wp\/v2\/product"}],"about":[{"href":"https:\/\/www.biopapa.lt\/en\/wp-json\/wp\/v2\/types\/product"}],"wp:featuredmedia":[{"embeddable":true,"href":"https:\/\/www.biopapa.lt\/en\/wp-json\/wp\/v2\/media\/265485"}],"wp:attachment":[{"href":"https:\/\/www.biopapa.lt\/en\/wp-json\/wp\/v2\/media?parent=43423"}],"wp:term":[{"taxonomy":"product_brand","embeddable":true,"href":"https:\/\/www.biopapa.lt\/en\/wp-json\/wp\/v2\/product_brand?post=43423"},{"taxonomy":"product_cat","embeddable":true,"href":"https:\/\/www.biopapa.lt\/en\/wp-json\/wp\/v2\/product_cat?post=43423"},{"taxonomy":"product_tag","embeddable":true,"href":"https:\/\/www.biopapa.lt\/en\/wp-json\/wp\/v2\/product_tag?post=43423"}],"curies":[{"name":"wp","href":"https:\/\/api.w.org\/{rel}","templated":true}]}}