{"id":42783,"date":"2023-11-27T10:09:02","date_gmt":"2023-11-27T08:09:02","guid":{"rendered":"https:\/\/www.biopapa.lt\/?post_type=product&#038;p=42783"},"modified":"2025-11-17T02:17:15","modified_gmt":"2025-11-17T00:17:15","slug":"organic-green-japanese-premium-sencha-konomi-carb","status":"publish","type":"product","link":"https:\/\/www.biopapa.lt\/en\/produktas\/organic-green-japanese-premium-sencha-konomi-carb\/","title":{"rendered":"Organic Japanese Premium Sencha Konomi Green Tea"},"content":{"rendered":"<p><strong>Organic Japanese Premium Sencha Konomi Green Tea<\/strong><\/p>\n<p>No.1 in Japan.<br \/>\nThere are many different types of tea in Japan. Simply put, the rule is that dark green, small leaves and an intense aroma indicate high quality. Like our Sencha Konomi tea.<br \/>\nIt has a golden colour, a fresh smell and effervescence. Flavour-wise, Japanese Premium Sencha Konomi Tea combines light bitter tones with a subtle floral character. Sencha tea is rich in vitamin C, making it particularly popular among women in its homeland. This Sencha green tea is from Kyushu Kagoshima. It is Japan&#8217;s southernmost prefecture, located on the main island of Kyushu, about 1 000 km from Tokyo, and has a temperate warm and humid climate zone.<\/p>\n<p>The popular Japanese green tea Sencha is appreciated for its delicate flavour and health benefits.<br \/>\nIt is rich in antioxidants such as catechins and EGCG, which can help reduce inflammation, protect against cell damage and reduce the risk of chronic diseases.<br \/>\nCaffeine and the amino acid L-theanine in Sencha increase mental alertness and promote relaxation respectively.<br \/>\nRegular consumption of Sencha tea has also been linked to dental health benefits due to its antibacterial properties, possible weight management due to improved metabolism, and immune system support.<\/p>\n<p><em>Preparation:<\/em><br \/>\n12-15 g tea &#8211; 1 L water (75-80\u00b0C), steep for 2-3 min.<br \/>\n3 g of tea &#8211; 200 ml of hot water (75-80\u00b0C), steep for 2-3 minutes.<\/p>\n<p><em>NOTE. The information contained herein should not be construed as a recommendation for treatment or other health issues.<\/em><br \/>\n<em>We encourage you to make personal decisions about your personal health, taking into account a wide range of sources of information.<\/em><\/p>\n","protected":false},"excerpt":{"rendered":"<p>Organic Japanese Premium Sencha Konomi Green Tea No.1 in Japan. There are many different types of tea in Japan. Simply<\/p>\n","protected":false},"featured_media":42825,"template":"","meta":{"_acf_changed":false},"product_brand":[],"product_cat":[1945,1847],"product_tag":[2024,2088],"class_list":{"0":"post-42783","1":"product","2":"type-product","3":"status-publish","4":"has-post-thumbnail","6":"product_cat-tea","7":"product_cat-tea-coffee-cocoa-en","8":"product_tag-tea","9":"product_tag-vegan","10":"pa_svoris-1-kg-en-2","11":"pa_svoris-100-g-en-2","12":"pa_svoris-15-kg-en","13":"pa_svoris-200-g-en","14":"pa_svoris-25-g-en","15":"pa_svoris-300-g-en","16":"pa_svoris-400-g-en","17":"pa_svoris-50-g-en","18":"pa_svoris-500-g-en-2","20":"first","21":"instock","22":"shipping-taxable","23":"purchasable","24":"product-type-variable"},"acf":[],"yoast_head":"<!-- This site is optimized with the Yoast SEO plugin v27.5 - https:\/\/yoast.com\/product\/yoast-seo-wordpress\/ -->\n<title>Organic Japanese Premium Sencha Konomi Green Tea - Biopapa<\/title>\n<meta name=\"description\" content=\"Japanese Premium Sencha Konomi Tea combines light bitter tones with a subtle floral character. Sencha tea is rich in vitamin C, making it particularly popular among women in its homeland.\" \/>\n<meta name=\"robots\" content=\"index, follow, max-snippet:-1, max-image-preview:large, max-video-preview:-1\" \/>\n<link rel=\"canonical\" href=\"https:\/\/www.biopapa.lt\/en\/product\/organic-green-japanese-premium-sencha-konomi-carb\/\" \/>\n<meta property=\"og:locale\" content=\"en_US\" \/>\n<meta property=\"og:type\" content=\"article\" \/>\n<meta property=\"og:title\" content=\"Organic Japanese Premium Sencha Konomi Green Tea - Biopapa\" \/>\n<meta property=\"og:description\" content=\"Japanese Premium Sencha Konomi Tea combines light bitter tones with a subtle floral character. Sencha tea is rich in vitamin C, making it particularly popular among women in its homeland.\" \/>\n<meta property=\"og:url\" content=\"https:\/\/www.biopapa.lt\/en\/product\/organic-green-japanese-premium-sencha-konomi-carb\/\" \/>\n<meta property=\"og:site_name\" content=\"Biopapa\" \/>\n<meta property=\"article:publisher\" content=\"https:\/\/www.facebook.com\/biopapa.lt\" \/>\n<meta property=\"article:modified_time\" content=\"2025-11-17T00:17:15+00:00\" \/>\n<meta property=\"og:image\" content=\"https:\/\/www.biopapa.lt\/wp-content\/uploads\/2023\/11\/Ekologiska-zalioji-Japoniska-sencha-arbata-1-1024x819.jpg\" \/>\n\t<meta property=\"og:image:width\" content=\"1024\" \/>\n\t<meta property=\"og:image:height\" content=\"819\" \/>\n\t<meta property=\"og:image:type\" content=\"image\/jpeg\" \/>\n<meta name=\"twitter:card\" content=\"summary_large_image\" \/>\n<script type=\"application\/ld+json\" class=\"yoast-schema-graph\">{\"@context\":\"https:\\\/\\\/schema.org\",\"@graph\":[{\"@type\":\"WebPage\",\"@id\":\"https:\\\/\\\/www.biopapa.lt\\\/en\\\/product\\\/organic-green-japanese-premium-sencha-konomi-carb\\\/\",\"url\":\"https:\\\/\\\/www.biopapa.lt\\\/en\\\/product\\\/organic-green-japanese-premium-sencha-konomi-carb\\\/\",\"name\":\"Organic Japanese Premium Sencha Konomi Green Tea - Biopapa\",\"isPartOf\":{\"@id\":\"https:\\\/\\\/www.biopapa.lt\\\/#website\"},\"primaryImageOfPage\":{\"@id\":\"https:\\\/\\\/www.biopapa.lt\\\/en\\\/product\\\/organic-green-japanese-premium-sencha-konomi-carb\\\/#primaryimage\"},\"image\":{\"@id\":\"https:\\\/\\\/www.biopapa.lt\\\/en\\\/product\\\/organic-green-japanese-premium-sencha-konomi-carb\\\/#primaryimage\"},\"thumbnailUrl\":\"https:\\\/\\\/www.biopapa.lt\\\/wp-content\\\/uploads\\\/2023\\\/11\\\/Ekologiska-zalioji-Japoniska-sencha-arbata-1.jpg\",\"datePublished\":\"2023-11-27T08:09:02+00:00\",\"dateModified\":\"2025-11-17T00:17:15+00:00\",\"description\":\"Japanese Premium Sencha Konomi Tea combines light bitter tones with a subtle floral character. Sencha tea is rich in vitamin C, making it particularly popular among women in its homeland.\",\"breadcrumb\":{\"@id\":\"https:\\\/\\\/www.biopapa.lt\\\/en\\\/product\\\/organic-green-japanese-premium-sencha-konomi-carb\\\/#breadcrumb\"},\"inLanguage\":\"en-US\",\"potentialAction\":[{\"@type\":\"ReadAction\",\"target\":[\"https:\\\/\\\/www.biopapa.lt\\\/en\\\/product\\\/organic-green-japanese-premium-sencha-konomi-carb\\\/\"]}]},{\"@type\":\"ImageObject\",\"inLanguage\":\"en-US\",\"@id\":\"https:\\\/\\\/www.biopapa.lt\\\/en\\\/product\\\/organic-green-japanese-premium-sencha-konomi-carb\\\/#primaryimage\",\"url\":\"https:\\\/\\\/www.biopapa.lt\\\/wp-content\\\/uploads\\\/2023\\\/11\\\/Ekologiska-zalioji-Japoniska-sencha-arbata-1.jpg\",\"contentUrl\":\"https:\\\/\\\/www.biopapa.lt\\\/wp-content\\\/uploads\\\/2023\\\/11\\\/Ekologiska-zalioji-Japoniska-sencha-arbata-1.jpg\",\"width\":1600,\"height\":1280},{\"@type\":\"BreadcrumbList\",\"@id\":\"https:\\\/\\\/www.biopapa.lt\\\/en\\\/product\\\/organic-green-japanese-premium-sencha-konomi-carb\\\/#breadcrumb\",\"itemListElement\":[{\"@type\":\"ListItem\",\"position\":1,\"name\":\"Home\",\"item\":\"https:\\\/\\\/www.biopapa.lt\\\/en\\\/\"},{\"@type\":\"ListItem\",\"position\":2,\"name\":\"Shop\",\"item\":\"https:\\\/\\\/www.biopapa.lt\\\/en\\\/shop\\\/\"},{\"@type\":\"ListItem\",\"position\":3,\"name\":\"Organic Japanese Premium Sencha Konomi Green Tea\"}]},{\"@type\":\"WebSite\",\"@id\":\"https:\\\/\\\/www.biopapa.lt\\\/#website\",\"url\":\"https:\\\/\\\/www.biopapa.lt\\\/\",\"name\":\"Biopapa\",\"description\":\"\u0160var\u016bs ekologi\u0161ki produktai\",\"publisher\":{\"@id\":\"https:\\\/\\\/www.biopapa.lt\\\/#organization\"},\"potentialAction\":[{\"@type\":\"SearchAction\",\"target\":{\"@type\":\"EntryPoint\",\"urlTemplate\":\"https:\\\/\\\/www.biopapa.lt\\\/?s={search_term_string}\"},\"query-input\":{\"@type\":\"PropertyValueSpecification\",\"valueRequired\":true,\"valueName\":\"search_term_string\"}}],\"inLanguage\":\"en-US\"},{\"@type\":\"Organization\",\"@id\":\"https:\\\/\\\/www.biopapa.lt\\\/#organization\",\"name\":\"Biopapa\",\"url\":\"https:\\\/\\\/www.biopapa.lt\\\/\",\"logo\":{\"@type\":\"ImageObject\",\"inLanguage\":\"en-US\",\"@id\":\"https:\\\/\\\/www.biopapa.lt\\\/#\\\/schema\\\/logo\\\/image\\\/\",\"url\":\"https:\\\/\\\/www.biopapa.lt\\\/wp-content\\\/uploads\\\/2022\\\/04\\\/facebook_biopapa.jpg\",\"contentUrl\":\"https:\\\/\\\/www.biopapa.lt\\\/wp-content\\\/uploads\\\/2022\\\/04\\\/facebook_biopapa.jpg\",\"width\":1733,\"height\":907,\"caption\":\"Biopapa\"},\"image\":{\"@id\":\"https:\\\/\\\/www.biopapa.lt\\\/#\\\/schema\\\/logo\\\/image\\\/\"},\"sameAs\":[\"https:\\\/\\\/www.facebook.com\\\/biopapa.lt\"]}]}<\/script>\n<!-- \/ Yoast SEO plugin. -->","yoast_head_json":{"title":"Organic Japanese Premium Sencha Konomi Green Tea - Biopapa","description":"Japanese Premium Sencha Konomi Tea combines light bitter tones with a subtle floral character. Sencha tea is rich in vitamin C, making it particularly popular among women in its homeland.","robots":{"index":"index","follow":"follow","max-snippet":"max-snippet:-1","max-image-preview":"max-image-preview:large","max-video-preview":"max-video-preview:-1"},"canonical":"https:\/\/www.biopapa.lt\/en\/product\/organic-green-japanese-premium-sencha-konomi-carb\/","og_locale":"en_US","og_type":"article","og_title":"Organic Japanese Premium Sencha Konomi Green Tea - Biopapa","og_description":"Japanese Premium Sencha Konomi Tea combines light bitter tones with a subtle floral character. Sencha tea is rich in vitamin C, making it particularly popular among women in its homeland.","og_url":"https:\/\/www.biopapa.lt\/en\/product\/organic-green-japanese-premium-sencha-konomi-carb\/","og_site_name":"Biopapa","article_publisher":"https:\/\/www.facebook.com\/biopapa.lt","article_modified_time":"2025-11-17T00:17:15+00:00","og_image":[{"width":1024,"height":819,"url":"https:\/\/www.biopapa.lt\/wp-content\/uploads\/2023\/11\/Ekologiska-zalioji-Japoniska-sencha-arbata-1-1024x819.jpg","type":"image\/jpeg"}],"twitter_card":"summary_large_image","schema":{"@context":"https:\/\/schema.org","@graph":[{"@type":"WebPage","@id":"https:\/\/www.biopapa.lt\/en\/product\/organic-green-japanese-premium-sencha-konomi-carb\/","url":"https:\/\/www.biopapa.lt\/en\/product\/organic-green-japanese-premium-sencha-konomi-carb\/","name":"Organic Japanese Premium Sencha Konomi Green Tea - Biopapa","isPartOf":{"@id":"https:\/\/www.biopapa.lt\/#website"},"primaryImageOfPage":{"@id":"https:\/\/www.biopapa.lt\/en\/product\/organic-green-japanese-premium-sencha-konomi-carb\/#primaryimage"},"image":{"@id":"https:\/\/www.biopapa.lt\/en\/product\/organic-green-japanese-premium-sencha-konomi-carb\/#primaryimage"},"thumbnailUrl":"https:\/\/www.biopapa.lt\/wp-content\/uploads\/2023\/11\/Ekologiska-zalioji-Japoniska-sencha-arbata-1.jpg","datePublished":"2023-11-27T08:09:02+00:00","dateModified":"2025-11-17T00:17:15+00:00","description":"Japanese Premium Sencha Konomi Tea combines light bitter tones with a subtle floral character. Sencha tea is rich in vitamin C, making it particularly popular among women in its homeland.","breadcrumb":{"@id":"https:\/\/www.biopapa.lt\/en\/product\/organic-green-japanese-premium-sencha-konomi-carb\/#breadcrumb"},"inLanguage":"en-US","potentialAction":[{"@type":"ReadAction","target":["https:\/\/www.biopapa.lt\/en\/product\/organic-green-japanese-premium-sencha-konomi-carb\/"]}]},{"@type":"ImageObject","inLanguage":"en-US","@id":"https:\/\/www.biopapa.lt\/en\/product\/organic-green-japanese-premium-sencha-konomi-carb\/#primaryimage","url":"https:\/\/www.biopapa.lt\/wp-content\/uploads\/2023\/11\/Ekologiska-zalioji-Japoniska-sencha-arbata-1.jpg","contentUrl":"https:\/\/www.biopapa.lt\/wp-content\/uploads\/2023\/11\/Ekologiska-zalioji-Japoniska-sencha-arbata-1.jpg","width":1600,"height":1280},{"@type":"BreadcrumbList","@id":"https:\/\/www.biopapa.lt\/en\/product\/organic-green-japanese-premium-sencha-konomi-carb\/#breadcrumb","itemListElement":[{"@type":"ListItem","position":1,"name":"Home","item":"https:\/\/www.biopapa.lt\/en\/"},{"@type":"ListItem","position":2,"name":"Shop","item":"https:\/\/www.biopapa.lt\/en\/shop\/"},{"@type":"ListItem","position":3,"name":"Organic Japanese Premium Sencha Konomi Green Tea"}]},{"@type":"WebSite","@id":"https:\/\/www.biopapa.lt\/#website","url":"https:\/\/www.biopapa.lt\/","name":"Biopapa","description":"\u0160var\u016bs ekologi\u0161ki produktai","publisher":{"@id":"https:\/\/www.biopapa.lt\/#organization"},"potentialAction":[{"@type":"SearchAction","target":{"@type":"EntryPoint","urlTemplate":"https:\/\/www.biopapa.lt\/?s={search_term_string}"},"query-input":{"@type":"PropertyValueSpecification","valueRequired":true,"valueName":"search_term_string"}}],"inLanguage":"en-US"},{"@type":"Organization","@id":"https:\/\/www.biopapa.lt\/#organization","name":"Biopapa","url":"https:\/\/www.biopapa.lt\/","logo":{"@type":"ImageObject","inLanguage":"en-US","@id":"https:\/\/www.biopapa.lt\/#\/schema\/logo\/image\/","url":"https:\/\/www.biopapa.lt\/wp-content\/uploads\/2022\/04\/facebook_biopapa.jpg","contentUrl":"https:\/\/www.biopapa.lt\/wp-content\/uploads\/2022\/04\/facebook_biopapa.jpg","width":1733,"height":907,"caption":"Biopapa"},"image":{"@id":"https:\/\/www.biopapa.lt\/#\/schema\/logo\/image\/"},"sameAs":["https:\/\/www.facebook.com\/biopapa.lt"]}]}},"_links":{"self":[{"href":"https:\/\/www.biopapa.lt\/en\/wp-json\/wp\/v2\/product\/42783","targetHints":{"allow":["GET"]}}],"collection":[{"href":"https:\/\/www.biopapa.lt\/en\/wp-json\/wp\/v2\/product"}],"about":[{"href":"https:\/\/www.biopapa.lt\/en\/wp-json\/wp\/v2\/types\/product"}],"wp:featuredmedia":[{"embeddable":true,"href":"https:\/\/www.biopapa.lt\/en\/wp-json\/wp\/v2\/media\/42825"}],"wp:attachment":[{"href":"https:\/\/www.biopapa.lt\/en\/wp-json\/wp\/v2\/media?parent=42783"}],"wp:term":[{"taxonomy":"product_brand","embeddable":true,"href":"https:\/\/www.biopapa.lt\/en\/wp-json\/wp\/v2\/product_brand?post=42783"},{"taxonomy":"product_cat","embeddable":true,"href":"https:\/\/www.biopapa.lt\/en\/wp-json\/wp\/v2\/product_cat?post=42783"},{"taxonomy":"product_tag","embeddable":true,"href":"https:\/\/www.biopapa.lt\/en\/wp-json\/wp\/v2\/product_tag?post=42783"}],"curies":[{"name":"wp","href":"https:\/\/api.w.org\/{rel}","templated":true}]}}