{"id":42025,"date":"2023-11-10T10:51:53","date_gmt":"2023-11-10T08:51:53","guid":{"rendered":"https:\/\/www.biopapa.lt\/?post_type=product&#038;p=42025"},"modified":"2026-03-08T01:06:05","modified_gmt":"2026-03-07T23:06:05","slug":"organic-jojoba-oil-for-face-20ml-alteya","status":"publish","type":"product","link":"https:\/\/www.biopapa.lt\/en\/produktas\/organic-jojoba-oil-for-face-20ml-alteya\/","title":{"rendered":"Organic jojoba oil for face, 20 ml, ALTEYA"},"content":{"rendered":"<p><strong>Organic Jojoba Facial Oil, 20 ml, ALTEYA<br \/>\n<\/strong>Pure and organic golden jojoba (Simmondsia Chinensis) oil, rich in antioxidants and essential nutrients, restores moisture, maintains the skin&#8217;s balance, and reduces the visible signs of ageing. The light, non-greasy oil absorbs quickly and reveals a fresh and radiant complexion.<br \/>\nPremium jojoba oil, rich in nourishing fatty acids, is suitable for sensitive or dry skin and hair, promoting elasticity and a healthy appearance.<\/p>\n<p>A luxurious purple glass bottle with pipette is used to optimally preserve the properties of the precious jojoba oil. Quantity &#8211; 20 ml.<\/p>\n<p>Best for: dryness, irritation, redness, make-up removal.<br \/>\nFor what skin type: dry, sensitive, normal, combination, oily skin.<\/p>\n<p>Certified USDA Organic.<\/p>\n","protected":false},"excerpt":{"rendered":"<p>Organic Jojoba Facial Oil, 20 ml, ALTEYA Pure and organic golden jojoba (Simmondsia Chinensis) oil, rich in antioxidants and essential<\/p>\n","protected":false},"featured_media":42028,"template":"","meta":{"_acf_changed":false},"product_brand":[],"product_cat":[2492,1962,1967,1971],"product_tag":[2058,2090],"class_list":{"0":"post-42025","1":"product","2":"type-product","3":"status-publish","4":"has-post-thumbnail","6":"product_cat-alteya-en","7":"product_cat-beauty-and-hygiene","8":"product_cat-body-care","9":"product_cat-facial-care","10":"product_tag-body-care","11":"product_tag-facial-care","13":"first","14":"instock","15":"shipping-taxable","16":"purchasable","17":"product-type-simple"},"acf":[],"yoast_head":"<!-- This site is optimized with the Yoast SEO plugin v27.5 - https:\/\/yoast.com\/product\/yoast-seo-wordpress\/ -->\n<title>Organic jojoba oil for face, 20 ml, ALTEYA - Biopapa<\/title>\n<meta name=\"description\" content=\"Organic Jojoba Facial Oil, 20 ml, ALTEYA, rich in antioxidants and essential nutrients, restores moisture, maintains the skin&#039;s balance and reduces the visible signs of ageing.\" \/>\n<meta name=\"robots\" content=\"index, follow, max-snippet:-1, max-image-preview:large, max-video-preview:-1\" \/>\n<link rel=\"canonical\" href=\"https:\/\/www.biopapa.lt\/en\/produktas\/organic-jojoba-oil-for-face-20ml-alteya\/\" \/>\n<meta property=\"og:locale\" content=\"en_US\" \/>\n<meta property=\"og:type\" content=\"article\" \/>\n<meta property=\"og:title\" content=\"Organic jojoba oil for face, 20 ml, ALTEYA - Biopapa\" \/>\n<meta property=\"og:description\" content=\"Organic Jojoba Facial Oil, 20 ml, ALTEYA, rich in antioxidants and essential nutrients, restores moisture, maintains the skin&#039;s balance and reduces the visible signs of ageing.\" \/>\n<meta property=\"og:url\" content=\"https:\/\/www.biopapa.lt\/en\/produktas\/organic-jojoba-oil-for-face-20ml-alteya\/\" \/>\n<meta property=\"og:site_name\" content=\"Biopapa\" \/>\n<meta property=\"article:publisher\" content=\"https:\/\/www.facebook.com\/biopapa.lt\" \/>\n<meta property=\"article:modified_time\" content=\"2026-03-07T23:06:05+00:00\" \/>\n<meta property=\"og:image\" content=\"https:\/\/www.biopapa.lt\/wp-content\/uploads\/2023\/11\/Ekologiskas-simondsiju-aliejus-veidui-20-ml-ALTEYA-.png\" \/>\n\t<meta property=\"og:image:width\" content=\"1600\" \/>\n\t<meta property=\"og:image:height\" content=\"1280\" \/>\n\t<meta property=\"og:image:type\" content=\"image\/png\" \/>\n<meta name=\"twitter:card\" content=\"summary_large_image\" \/>\n<script type=\"application\/ld+json\" class=\"yoast-schema-graph\">{\"@context\":\"https:\\\/\\\/schema.org\",\"@graph\":[{\"@type\":\"WebPage\",\"@id\":\"https:\\\/\\\/www.biopapa.lt\\\/en\\\/produktas\\\/organic-jojoba-oil-for-face-20ml-alteya\\\/\",\"url\":\"https:\\\/\\\/www.biopapa.lt\\\/en\\\/produktas\\\/organic-jojoba-oil-for-face-20ml-alteya\\\/\",\"name\":\"Organic jojoba oil for face, 20 ml, ALTEYA - Biopapa\",\"isPartOf\":{\"@id\":\"https:\\\/\\\/www.biopapa.lt\\\/#website\"},\"primaryImageOfPage\":{\"@id\":\"https:\\\/\\\/www.biopapa.lt\\\/en\\\/produktas\\\/organic-jojoba-oil-for-face-20ml-alteya\\\/#primaryimage\"},\"image\":{\"@id\":\"https:\\\/\\\/www.biopapa.lt\\\/en\\\/produktas\\\/organic-jojoba-oil-for-face-20ml-alteya\\\/#primaryimage\"},\"thumbnailUrl\":\"https:\\\/\\\/www.biopapa.lt\\\/wp-content\\\/uploads\\\/2023\\\/11\\\/Ekologiskas-simondsiju-aliejus-veidui-20-ml-ALTEYA-.png\",\"datePublished\":\"2023-11-10T08:51:53+00:00\",\"dateModified\":\"2026-03-07T23:06:05+00:00\",\"description\":\"Organic Jojoba Facial Oil, 20 ml, ALTEYA, rich in antioxidants and essential nutrients, restores moisture, maintains the skin's balance and reduces the visible signs of ageing.\",\"breadcrumb\":{\"@id\":\"https:\\\/\\\/www.biopapa.lt\\\/en\\\/produktas\\\/organic-jojoba-oil-for-face-20ml-alteya\\\/#breadcrumb\"},\"inLanguage\":\"en-US\",\"potentialAction\":[{\"@type\":\"ReadAction\",\"target\":[\"https:\\\/\\\/www.biopapa.lt\\\/en\\\/produktas\\\/organic-jojoba-oil-for-face-20ml-alteya\\\/\"]}]},{\"@type\":\"ImageObject\",\"inLanguage\":\"en-US\",\"@id\":\"https:\\\/\\\/www.biopapa.lt\\\/en\\\/produktas\\\/organic-jojoba-oil-for-face-20ml-alteya\\\/#primaryimage\",\"url\":\"https:\\\/\\\/www.biopapa.lt\\\/wp-content\\\/uploads\\\/2023\\\/11\\\/Ekologiskas-simondsiju-aliejus-veidui-20-ml-ALTEYA-.png\",\"contentUrl\":\"https:\\\/\\\/www.biopapa.lt\\\/wp-content\\\/uploads\\\/2023\\\/11\\\/Ekologiskas-simondsiju-aliejus-veidui-20-ml-ALTEYA-.png\",\"width\":1600,\"height\":1280},{\"@type\":\"BreadcrumbList\",\"@id\":\"https:\\\/\\\/www.biopapa.lt\\\/en\\\/produktas\\\/organic-jojoba-oil-for-face-20ml-alteya\\\/#breadcrumb\",\"itemListElement\":[{\"@type\":\"ListItem\",\"position\":1,\"name\":\"Home\",\"item\":\"https:\\\/\\\/www.biopapa.lt\\\/en\\\/\"},{\"@type\":\"ListItem\",\"position\":2,\"name\":\"Shop\",\"item\":\"https:\\\/\\\/www.biopapa.lt\\\/en\\\/shop\\\/\"},{\"@type\":\"ListItem\",\"position\":3,\"name\":\"Organic jojoba oil for face, 20 ml, ALTEYA\"}]},{\"@type\":\"WebSite\",\"@id\":\"https:\\\/\\\/www.biopapa.lt\\\/#website\",\"url\":\"https:\\\/\\\/www.biopapa.lt\\\/\",\"name\":\"Biopapa\",\"description\":\"\u0160var\u016bs ekologi\u0161ki produktai\",\"publisher\":{\"@id\":\"https:\\\/\\\/www.biopapa.lt\\\/#organization\"},\"potentialAction\":[{\"@type\":\"SearchAction\",\"target\":{\"@type\":\"EntryPoint\",\"urlTemplate\":\"https:\\\/\\\/www.biopapa.lt\\\/?s={search_term_string}\"},\"query-input\":{\"@type\":\"PropertyValueSpecification\",\"valueRequired\":true,\"valueName\":\"search_term_string\"}}],\"inLanguage\":\"en-US\"},{\"@type\":\"Organization\",\"@id\":\"https:\\\/\\\/www.biopapa.lt\\\/#organization\",\"name\":\"Biopapa\",\"url\":\"https:\\\/\\\/www.biopapa.lt\\\/\",\"logo\":{\"@type\":\"ImageObject\",\"inLanguage\":\"en-US\",\"@id\":\"https:\\\/\\\/www.biopapa.lt\\\/#\\\/schema\\\/logo\\\/image\\\/\",\"url\":\"https:\\\/\\\/www.biopapa.lt\\\/wp-content\\\/uploads\\\/2022\\\/04\\\/facebook_biopapa.jpg\",\"contentUrl\":\"https:\\\/\\\/www.biopapa.lt\\\/wp-content\\\/uploads\\\/2022\\\/04\\\/facebook_biopapa.jpg\",\"width\":1733,\"height\":907,\"caption\":\"Biopapa\"},\"image\":{\"@id\":\"https:\\\/\\\/www.biopapa.lt\\\/#\\\/schema\\\/logo\\\/image\\\/\"},\"sameAs\":[\"https:\\\/\\\/www.facebook.com\\\/biopapa.lt\"]}]}<\/script>\n<!-- \/ Yoast SEO plugin. -->","yoast_head_json":{"title":"Organic jojoba oil for face, 20 ml, ALTEYA - Biopapa","description":"Organic Jojoba Facial Oil, 20 ml, ALTEYA, rich in antioxidants and essential nutrients, restores moisture, maintains the skin's balance and reduces the visible signs of ageing.","robots":{"index":"index","follow":"follow","max-snippet":"max-snippet:-1","max-image-preview":"max-image-preview:large","max-video-preview":"max-video-preview:-1"},"canonical":"https:\/\/www.biopapa.lt\/en\/produktas\/organic-jojoba-oil-for-face-20ml-alteya\/","og_locale":"en_US","og_type":"article","og_title":"Organic jojoba oil for face, 20 ml, ALTEYA - Biopapa","og_description":"Organic Jojoba Facial Oil, 20 ml, ALTEYA, rich in antioxidants and essential nutrients, restores moisture, maintains the skin's balance and reduces the visible signs of ageing.","og_url":"https:\/\/www.biopapa.lt\/en\/produktas\/organic-jojoba-oil-for-face-20ml-alteya\/","og_site_name":"Biopapa","article_publisher":"https:\/\/www.facebook.com\/biopapa.lt","article_modified_time":"2026-03-07T23:06:05+00:00","og_image":[{"width":1600,"height":1280,"url":"https:\/\/www.biopapa.lt\/wp-content\/uploads\/2023\/11\/Ekologiskas-simondsiju-aliejus-veidui-20-ml-ALTEYA-.png","type":"image\/png"}],"twitter_card":"summary_large_image","schema":{"@context":"https:\/\/schema.org","@graph":[{"@type":"WebPage","@id":"https:\/\/www.biopapa.lt\/en\/produktas\/organic-jojoba-oil-for-face-20ml-alteya\/","url":"https:\/\/www.biopapa.lt\/en\/produktas\/organic-jojoba-oil-for-face-20ml-alteya\/","name":"Organic jojoba oil for face, 20 ml, ALTEYA - Biopapa","isPartOf":{"@id":"https:\/\/www.biopapa.lt\/#website"},"primaryImageOfPage":{"@id":"https:\/\/www.biopapa.lt\/en\/produktas\/organic-jojoba-oil-for-face-20ml-alteya\/#primaryimage"},"image":{"@id":"https:\/\/www.biopapa.lt\/en\/produktas\/organic-jojoba-oil-for-face-20ml-alteya\/#primaryimage"},"thumbnailUrl":"https:\/\/www.biopapa.lt\/wp-content\/uploads\/2023\/11\/Ekologiskas-simondsiju-aliejus-veidui-20-ml-ALTEYA-.png","datePublished":"2023-11-10T08:51:53+00:00","dateModified":"2026-03-07T23:06:05+00:00","description":"Organic Jojoba Facial Oil, 20 ml, ALTEYA, rich in antioxidants and essential nutrients, restores moisture, maintains the skin's balance and reduces the visible signs of ageing.","breadcrumb":{"@id":"https:\/\/www.biopapa.lt\/en\/produktas\/organic-jojoba-oil-for-face-20ml-alteya\/#breadcrumb"},"inLanguage":"en-US","potentialAction":[{"@type":"ReadAction","target":["https:\/\/www.biopapa.lt\/en\/produktas\/organic-jojoba-oil-for-face-20ml-alteya\/"]}]},{"@type":"ImageObject","inLanguage":"en-US","@id":"https:\/\/www.biopapa.lt\/en\/produktas\/organic-jojoba-oil-for-face-20ml-alteya\/#primaryimage","url":"https:\/\/www.biopapa.lt\/wp-content\/uploads\/2023\/11\/Ekologiskas-simondsiju-aliejus-veidui-20-ml-ALTEYA-.png","contentUrl":"https:\/\/www.biopapa.lt\/wp-content\/uploads\/2023\/11\/Ekologiskas-simondsiju-aliejus-veidui-20-ml-ALTEYA-.png","width":1600,"height":1280},{"@type":"BreadcrumbList","@id":"https:\/\/www.biopapa.lt\/en\/produktas\/organic-jojoba-oil-for-face-20ml-alteya\/#breadcrumb","itemListElement":[{"@type":"ListItem","position":1,"name":"Home","item":"https:\/\/www.biopapa.lt\/en\/"},{"@type":"ListItem","position":2,"name":"Shop","item":"https:\/\/www.biopapa.lt\/en\/shop\/"},{"@type":"ListItem","position":3,"name":"Organic jojoba oil for face, 20 ml, ALTEYA"}]},{"@type":"WebSite","@id":"https:\/\/www.biopapa.lt\/#website","url":"https:\/\/www.biopapa.lt\/","name":"Biopapa","description":"\u0160var\u016bs ekologi\u0161ki produktai","publisher":{"@id":"https:\/\/www.biopapa.lt\/#organization"},"potentialAction":[{"@type":"SearchAction","target":{"@type":"EntryPoint","urlTemplate":"https:\/\/www.biopapa.lt\/?s={search_term_string}"},"query-input":{"@type":"PropertyValueSpecification","valueRequired":true,"valueName":"search_term_string"}}],"inLanguage":"en-US"},{"@type":"Organization","@id":"https:\/\/www.biopapa.lt\/#organization","name":"Biopapa","url":"https:\/\/www.biopapa.lt\/","logo":{"@type":"ImageObject","inLanguage":"en-US","@id":"https:\/\/www.biopapa.lt\/#\/schema\/logo\/image\/","url":"https:\/\/www.biopapa.lt\/wp-content\/uploads\/2022\/04\/facebook_biopapa.jpg","contentUrl":"https:\/\/www.biopapa.lt\/wp-content\/uploads\/2022\/04\/facebook_biopapa.jpg","width":1733,"height":907,"caption":"Biopapa"},"image":{"@id":"https:\/\/www.biopapa.lt\/#\/schema\/logo\/image\/"},"sameAs":["https:\/\/www.facebook.com\/biopapa.lt"]}]}},"_links":{"self":[{"href":"https:\/\/www.biopapa.lt\/en\/wp-json\/wp\/v2\/product\/42025","targetHints":{"allow":["GET"]}}],"collection":[{"href":"https:\/\/www.biopapa.lt\/en\/wp-json\/wp\/v2\/product"}],"about":[{"href":"https:\/\/www.biopapa.lt\/en\/wp-json\/wp\/v2\/types\/product"}],"wp:featuredmedia":[{"embeddable":true,"href":"https:\/\/www.biopapa.lt\/en\/wp-json\/wp\/v2\/media\/42028"}],"wp:attachment":[{"href":"https:\/\/www.biopapa.lt\/en\/wp-json\/wp\/v2\/media?parent=42025"}],"wp:term":[{"taxonomy":"product_brand","embeddable":true,"href":"https:\/\/www.biopapa.lt\/en\/wp-json\/wp\/v2\/product_brand?post=42025"},{"taxonomy":"product_cat","embeddable":true,"href":"https:\/\/www.biopapa.lt\/en\/wp-json\/wp\/v2\/product_cat?post=42025"},{"taxonomy":"product_tag","embeddable":true,"href":"https:\/\/www.biopapa.lt\/en\/wp-json\/wp\/v2\/product_tag?post=42025"}],"curies":[{"name":"wp","href":"https:\/\/api.w.org\/{rel}","templated":true}]}}