{"id":42010,"date":"2023-11-10T10:43:43","date_gmt":"2023-11-10T08:43:43","guid":{"rendered":"https:\/\/www.biopapa.lt\/?post_type=product&#038;p=42010"},"modified":"2026-03-08T01:06:31","modified_gmt":"2026-03-07T23:06:31","slug":"organic-rose-day-cream-bio-damascene-price-50-ml-alteya","status":"publish","type":"product","link":"https:\/\/www.biopapa.lt\/en\/produktas\/organic-rose-day-cream-bio-damascene-price-50-ml-alteya\/","title":{"rendered":"Organic rose day cream BIO DAMASCENA, 50 ml, ALTEYA"},"content":{"rendered":"<p><strong>Organic rose day cream BIO DAMASCENA, 50 ml, ALTEYA<\/strong><\/p>\n<p>This nourishing day cream brightens and revitalises dull, plump skin, reducing the visible signs of ageing.<\/p>\n<p>A deeply moisturising but lightweight moisturiser that helps to balance and beautify the skin while making it resistant to environmental aggressions. This nourishing day cream brightens and revitalises dull, plump skin, reducing the most visible signs of ageing. Formulated with Alteya Urban Rose Anti-Pollution Complex, skin appears detoxified and protected from the damaging effects of pollution and blue light, responsible for premature ageing and dull skin tone. It helps to create a protective skin barrier and maintain a healthy microbiome.<\/p>\n<p>Essential oil blend:<br \/>\nRose oil and absolutes (Rosa damascena), bergamot, pink geranium, ylang-ylang, lavender, copaiba, cedarwood, clove.<\/p>\n<p>Free of parabens, phthalates, propylene glycol, mineral oil, PABA, petrolatum, paraffin, DEA, animal ingredients.<\/p>\n<p><em>Usage<br \/>\n<\/em>Use daily on face, neck and d\u00e9collet\u00e9.<\/p>\n<p>Certified Natrue Certified Organic, NSF<em><br \/>\n<\/em><\/p>\n","protected":false},"excerpt":{"rendered":"<p>Organic rose day cream BIO DAMASCENA, 50 ml, ALTEYA This nourishing day cream brightens and revitalises dull, plump skin, reducing<\/p>\n","protected":false},"featured_media":42013,"template":"","meta":{"_acf_changed":false},"product_brand":[],"product_cat":[2492,1962,1971],"product_tag":[2090,2088],"class_list":{"0":"post-42010","1":"product","2":"type-product","3":"status-publish","4":"has-post-thumbnail","6":"product_cat-alteya-en","7":"product_cat-beauty-and-hygiene","8":"product_cat-facial-care","9":"product_tag-facial-care","10":"product_tag-vegan","12":"first","13":"instock","14":"shipping-taxable","15":"purchasable","16":"product-type-simple"},"acf":[],"yoast_head":"<!-- This site is optimized with the Yoast SEO plugin v27.5 - https:\/\/yoast.com\/product\/yoast-seo-wordpress\/ -->\n<title>Organic rose day cream BIO DAMASCENA, 50 ml, ALTEYA - Biopapa<\/title>\n<meta name=\"description\" content=\"Organic Rose Day Cream BIO DAMASCENA, 50 ml, ALTEYA brightens and revitalises dull, puffy complexions, reducing the visible signs of ageing.\" \/>\n<meta name=\"robots\" content=\"index, follow, max-snippet:-1, max-image-preview:large, max-video-preview:-1\" \/>\n<link rel=\"canonical\" href=\"https:\/\/www.biopapa.lt\/en\/?post_type=product&p=42010\" \/>\n<meta property=\"og:locale\" content=\"en_US\" \/>\n<meta property=\"og:type\" content=\"article\" \/>\n<meta property=\"og:title\" content=\"Organic rose day cream BIO DAMASCENA, 50 ml, ALTEYA - Biopapa\" \/>\n<meta property=\"og:description\" content=\"Organic Rose Day Cream BIO DAMASCENA, 50 ml, ALTEYA brightens and revitalises dull, puffy complexions, reducing the visible signs of ageing.\" \/>\n<meta property=\"og:url\" content=\"https:\/\/www.biopapa.lt\/en\/?post_type=product&amp;p=42010\" \/>\n<meta property=\"og:site_name\" content=\"Biopapa\" \/>\n<meta property=\"article:publisher\" content=\"https:\/\/www.facebook.com\/biopapa.lt\" \/>\n<meta property=\"article:modified_time\" content=\"2026-03-07T23:06:31+00:00\" \/>\n<meta property=\"og:image\" content=\"https:\/\/www.biopapa.lt\/wp-content\/uploads\/2023\/11\/Ekologiskas-roziu-veido-kremas-dienai-BIO-DAMASCENA-50-ml-ALTEYA.png\" \/>\n\t<meta property=\"og:image:width\" content=\"1600\" \/>\n\t<meta property=\"og:image:height\" content=\"1280\" \/>\n\t<meta property=\"og:image:type\" content=\"image\/png\" \/>\n<meta name=\"twitter:card\" content=\"summary_large_image\" \/>\n<script type=\"application\/ld+json\" class=\"yoast-schema-graph\">{\"@context\":\"https:\\\/\\\/schema.org\",\"@graph\":[{\"@type\":\"WebPage\",\"@id\":\"https:\\\/\\\/www.biopapa.lt\\\/en\\\/?post_type=product&p=42010\",\"url\":\"https:\\\/\\\/www.biopapa.lt\\\/en\\\/?post_type=product&p=42010\",\"name\":\"Organic rose day cream BIO DAMASCENA, 50 ml, ALTEYA - Biopapa\",\"isPartOf\":{\"@id\":\"https:\\\/\\\/www.biopapa.lt\\\/#website\"},\"primaryImageOfPage\":{\"@id\":\"https:\\\/\\\/www.biopapa.lt\\\/en\\\/?post_type=product&p=42010#primaryimage\"},\"image\":{\"@id\":\"https:\\\/\\\/www.biopapa.lt\\\/en\\\/?post_type=product&p=42010#primaryimage\"},\"thumbnailUrl\":\"https:\\\/\\\/www.biopapa.lt\\\/wp-content\\\/uploads\\\/2023\\\/11\\\/Ekologiskas-roziu-veido-kremas-dienai-BIO-DAMASCENA-50-ml-ALTEYA.png\",\"datePublished\":\"2023-11-10T08:43:43+00:00\",\"dateModified\":\"2026-03-07T23:06:31+00:00\",\"description\":\"Organic Rose Day Cream BIO DAMASCENA, 50 ml, ALTEYA brightens and revitalises dull, puffy complexions, reducing the visible signs of ageing.\",\"breadcrumb\":{\"@id\":\"https:\\\/\\\/www.biopapa.lt\\\/en\\\/?post_type=product&p=42010#breadcrumb\"},\"inLanguage\":\"en-US\",\"potentialAction\":[{\"@type\":\"ReadAction\",\"target\":[\"https:\\\/\\\/www.biopapa.lt\\\/en\\\/?post_type=product&p=42010\"]}]},{\"@type\":\"ImageObject\",\"inLanguage\":\"en-US\",\"@id\":\"https:\\\/\\\/www.biopapa.lt\\\/en\\\/?post_type=product&p=42010#primaryimage\",\"url\":\"https:\\\/\\\/www.biopapa.lt\\\/wp-content\\\/uploads\\\/2023\\\/11\\\/Ekologiskas-roziu-veido-kremas-dienai-BIO-DAMASCENA-50-ml-ALTEYA.png\",\"contentUrl\":\"https:\\\/\\\/www.biopapa.lt\\\/wp-content\\\/uploads\\\/2023\\\/11\\\/Ekologiskas-roziu-veido-kremas-dienai-BIO-DAMASCENA-50-ml-ALTEYA.png\",\"width\":1600,\"height\":1280},{\"@type\":\"BreadcrumbList\",\"@id\":\"https:\\\/\\\/www.biopapa.lt\\\/en\\\/?post_type=product&p=42010#breadcrumb\",\"itemListElement\":[{\"@type\":\"ListItem\",\"position\":1,\"name\":\"Home\",\"item\":\"https:\\\/\\\/www.biopapa.lt\\\/en\\\/\"},{\"@type\":\"ListItem\",\"position\":2,\"name\":\"Shop\",\"item\":\"https:\\\/\\\/www.biopapa.lt\\\/en\\\/shop\\\/\"},{\"@type\":\"ListItem\",\"position\":3,\"name\":\"Organic rose day cream BIO DAMASCENA, 50 ml, ALTEYA\"}]},{\"@type\":\"WebSite\",\"@id\":\"https:\\\/\\\/www.biopapa.lt\\\/#website\",\"url\":\"https:\\\/\\\/www.biopapa.lt\\\/\",\"name\":\"Biopapa\",\"description\":\"\u0160var\u016bs ekologi\u0161ki produktai\",\"publisher\":{\"@id\":\"https:\\\/\\\/www.biopapa.lt\\\/#organization\"},\"potentialAction\":[{\"@type\":\"SearchAction\",\"target\":{\"@type\":\"EntryPoint\",\"urlTemplate\":\"https:\\\/\\\/www.biopapa.lt\\\/?s={search_term_string}\"},\"query-input\":{\"@type\":\"PropertyValueSpecification\",\"valueRequired\":true,\"valueName\":\"search_term_string\"}}],\"inLanguage\":\"en-US\"},{\"@type\":\"Organization\",\"@id\":\"https:\\\/\\\/www.biopapa.lt\\\/#organization\",\"name\":\"Biopapa\",\"url\":\"https:\\\/\\\/www.biopapa.lt\\\/\",\"logo\":{\"@type\":\"ImageObject\",\"inLanguage\":\"en-US\",\"@id\":\"https:\\\/\\\/www.biopapa.lt\\\/#\\\/schema\\\/logo\\\/image\\\/\",\"url\":\"https:\\\/\\\/www.biopapa.lt\\\/wp-content\\\/uploads\\\/2022\\\/04\\\/facebook_biopapa.jpg\",\"contentUrl\":\"https:\\\/\\\/www.biopapa.lt\\\/wp-content\\\/uploads\\\/2022\\\/04\\\/facebook_biopapa.jpg\",\"width\":1733,\"height\":907,\"caption\":\"Biopapa\"},\"image\":{\"@id\":\"https:\\\/\\\/www.biopapa.lt\\\/#\\\/schema\\\/logo\\\/image\\\/\"},\"sameAs\":[\"https:\\\/\\\/www.facebook.com\\\/biopapa.lt\"]}]}<\/script>\n<!-- \/ Yoast SEO plugin. -->","yoast_head_json":{"title":"Organic rose day cream BIO DAMASCENA, 50 ml, ALTEYA - Biopapa","description":"Organic Rose Day Cream BIO DAMASCENA, 50 ml, ALTEYA brightens and revitalises dull, puffy complexions, reducing the visible signs of ageing.","robots":{"index":"index","follow":"follow","max-snippet":"max-snippet:-1","max-image-preview":"max-image-preview:large","max-video-preview":"max-video-preview:-1"},"canonical":"https:\/\/www.biopapa.lt\/en\/?post_type=product&p=42010","og_locale":"en_US","og_type":"article","og_title":"Organic rose day cream BIO DAMASCENA, 50 ml, ALTEYA - Biopapa","og_description":"Organic Rose Day Cream BIO DAMASCENA, 50 ml, ALTEYA brightens and revitalises dull, puffy complexions, reducing the visible signs of ageing.","og_url":"https:\/\/www.biopapa.lt\/en\/?post_type=product&p=42010","og_site_name":"Biopapa","article_publisher":"https:\/\/www.facebook.com\/biopapa.lt","article_modified_time":"2026-03-07T23:06:31+00:00","og_image":[{"width":1600,"height":1280,"url":"https:\/\/www.biopapa.lt\/wp-content\/uploads\/2023\/11\/Ekologiskas-roziu-veido-kremas-dienai-BIO-DAMASCENA-50-ml-ALTEYA.png","type":"image\/png"}],"twitter_card":"summary_large_image","schema":{"@context":"https:\/\/schema.org","@graph":[{"@type":"WebPage","@id":"https:\/\/www.biopapa.lt\/en\/?post_type=product&p=42010","url":"https:\/\/www.biopapa.lt\/en\/?post_type=product&p=42010","name":"Organic rose day cream BIO DAMASCENA, 50 ml, ALTEYA - Biopapa","isPartOf":{"@id":"https:\/\/www.biopapa.lt\/#website"},"primaryImageOfPage":{"@id":"https:\/\/www.biopapa.lt\/en\/?post_type=product&p=42010#primaryimage"},"image":{"@id":"https:\/\/www.biopapa.lt\/en\/?post_type=product&p=42010#primaryimage"},"thumbnailUrl":"https:\/\/www.biopapa.lt\/wp-content\/uploads\/2023\/11\/Ekologiskas-roziu-veido-kremas-dienai-BIO-DAMASCENA-50-ml-ALTEYA.png","datePublished":"2023-11-10T08:43:43+00:00","dateModified":"2026-03-07T23:06:31+00:00","description":"Organic Rose Day Cream BIO DAMASCENA, 50 ml, ALTEYA brightens and revitalises dull, puffy complexions, reducing the visible signs of ageing.","breadcrumb":{"@id":"https:\/\/www.biopapa.lt\/en\/?post_type=product&p=42010#breadcrumb"},"inLanguage":"en-US","potentialAction":[{"@type":"ReadAction","target":["https:\/\/www.biopapa.lt\/en\/?post_type=product&p=42010"]}]},{"@type":"ImageObject","inLanguage":"en-US","@id":"https:\/\/www.biopapa.lt\/en\/?post_type=product&p=42010#primaryimage","url":"https:\/\/www.biopapa.lt\/wp-content\/uploads\/2023\/11\/Ekologiskas-roziu-veido-kremas-dienai-BIO-DAMASCENA-50-ml-ALTEYA.png","contentUrl":"https:\/\/www.biopapa.lt\/wp-content\/uploads\/2023\/11\/Ekologiskas-roziu-veido-kremas-dienai-BIO-DAMASCENA-50-ml-ALTEYA.png","width":1600,"height":1280},{"@type":"BreadcrumbList","@id":"https:\/\/www.biopapa.lt\/en\/?post_type=product&p=42010#breadcrumb","itemListElement":[{"@type":"ListItem","position":1,"name":"Home","item":"https:\/\/www.biopapa.lt\/en\/"},{"@type":"ListItem","position":2,"name":"Shop","item":"https:\/\/www.biopapa.lt\/en\/shop\/"},{"@type":"ListItem","position":3,"name":"Organic rose day cream BIO DAMASCENA, 50 ml, ALTEYA"}]},{"@type":"WebSite","@id":"https:\/\/www.biopapa.lt\/#website","url":"https:\/\/www.biopapa.lt\/","name":"Biopapa","description":"\u0160var\u016bs ekologi\u0161ki produktai","publisher":{"@id":"https:\/\/www.biopapa.lt\/#organization"},"potentialAction":[{"@type":"SearchAction","target":{"@type":"EntryPoint","urlTemplate":"https:\/\/www.biopapa.lt\/?s={search_term_string}"},"query-input":{"@type":"PropertyValueSpecification","valueRequired":true,"valueName":"search_term_string"}}],"inLanguage":"en-US"},{"@type":"Organization","@id":"https:\/\/www.biopapa.lt\/#organization","name":"Biopapa","url":"https:\/\/www.biopapa.lt\/","logo":{"@type":"ImageObject","inLanguage":"en-US","@id":"https:\/\/www.biopapa.lt\/#\/schema\/logo\/image\/","url":"https:\/\/www.biopapa.lt\/wp-content\/uploads\/2022\/04\/facebook_biopapa.jpg","contentUrl":"https:\/\/www.biopapa.lt\/wp-content\/uploads\/2022\/04\/facebook_biopapa.jpg","width":1733,"height":907,"caption":"Biopapa"},"image":{"@id":"https:\/\/www.biopapa.lt\/#\/schema\/logo\/image\/"},"sameAs":["https:\/\/www.facebook.com\/biopapa.lt"]}]}},"_links":{"self":[{"href":"https:\/\/www.biopapa.lt\/en\/wp-json\/wp\/v2\/product\/42010","targetHints":{"allow":["GET"]}}],"collection":[{"href":"https:\/\/www.biopapa.lt\/en\/wp-json\/wp\/v2\/product"}],"about":[{"href":"https:\/\/www.biopapa.lt\/en\/wp-json\/wp\/v2\/types\/product"}],"wp:featuredmedia":[{"embeddable":true,"href":"https:\/\/www.biopapa.lt\/en\/wp-json\/wp\/v2\/media\/42013"}],"wp:attachment":[{"href":"https:\/\/www.biopapa.lt\/en\/wp-json\/wp\/v2\/media?parent=42010"}],"wp:term":[{"taxonomy":"product_brand","embeddable":true,"href":"https:\/\/www.biopapa.lt\/en\/wp-json\/wp\/v2\/product_brand?post=42010"},{"taxonomy":"product_cat","embeddable":true,"href":"https:\/\/www.biopapa.lt\/en\/wp-json\/wp\/v2\/product_cat?post=42010"},{"taxonomy":"product_tag","embeddable":true,"href":"https:\/\/www.biopapa.lt\/en\/wp-json\/wp\/v2\/product_tag?post=42010"}],"curies":[{"name":"wp","href":"https:\/\/api.w.org\/{rel}","templated":true}]}}